{"id":8047,"date":"2015-08-17T17:00:13","date_gmt":"2015-08-17T15:00:13","guid":{"rendered":"http:\/\/codexvirtualis.fr\/codex\/?page_id=8047"},"modified":"2017-09-30T10:58:55","modified_gmt":"2017-09-30T08:58:55","slug":"faune-sable-echinodermes","status":"publish","type":"page","link":"https:\/\/codexvirtualis.fr\/codex\/cabinet-de-curiosites-virtuel\/des-animaux-et-des-milieux\/faune-sable-echinodermes","title":{"rendered":"Sous le sable de la plage&#8230;"},"content":{"rendered":"<p> &nbsp; <\/p>\n<h2>Des Oursins, des \u00c9toiles, des Concombres et des Ophiures !<\/h2>\n<p> &nbsp; <\/p>\n<figure style=\"width: 300px\" class=\"wp-caption alignnone\"><a rel=\"lightbox\" href=\"\/documents\/images\/echinodermes_endoges\/morgat_IMGP7689-WEB.JPG\" target=\"_blank\"><img decoding=\"async\" src=\"\/documents\/images\/echinodermes_endoges\/morgat_IMGP7689-WEB.JPG\" width=\"300\" alt=\"Plage de Morgat\" class \/><\/a><figcaption class=\"wp-caption-text\">Plage de Morgat (Crozon, f\u00e9vrier 2010)<\/figcaption><\/figure>\n<p> &nbsp; <\/p>\n<p>Les bords de mer se pr\u00e9sentent sous diff\u00e9rents aspects, en particulier du point de vue de la qualit\u00e9 du substrat, sch\u00e9matiquement meuble ou solide.<\/p>\n<p>Les plages de sable fin, relevant de la premi\u00e8re cat\u00e9gorie et famili\u00e8res aux vacanciers, s&rsquo;\u00e9tendent parfois \u00e0 perte de vue, sans qu&rsquo;un animal soit visible.<br \/>\nElles se distinguent en ceci du littoral rocheux, o\u00f9 animaux et algues sont nombreux \u00e0 vivre fix\u00e9s sur le support dur constitu\u00e9 par les rochers ou dans les cuvettes retenant l&rsquo;eau \u00e0 mar\u00e9e basse.<\/p>\n<p> &nbsp; <\/p>\n<p>Les plages de sable fin sont-elles d\u00e9pourvues de toute vie, \u00e0 l&rsquo;exclusion des vacanciers ?<\/p>\n<p>Une observation attentive de leur surface r\u00e9v\u00e8le l&rsquo;existence de d\u00e9pressions ou inversement de monticules dans la partie basse de la zone intertidale, alternativement couverte et d\u00e9couverte par la mar\u00e9e.<\/p>\n<p>Ces irr\u00e9gularit\u00e9s sont autant d&rsquo;indices de la pr\u00e9sence et de l&rsquo;activit\u00e9 d&rsquo;animaux vivant enfouis dans le s\u00e9diment.<br \/>\nIls constituent une faune endog\u00e9e, qui compte en particulier de multiples \u00c9chinodermes.<\/p>\n<p> &nbsp; <\/p>\n<h3>L&rsquo;Oursin de sable : un b\u00e2tisseur de terrier<\/h3>\n<p>L&rsquo;Oursin de sable (<em>Echinocardium cordatum<\/em>) est l&rsquo;un d&rsquo;entre eux. Il appartient au groupe des \u00c9chinides.<\/p>\n<p> &nbsp; <\/p>\n<figure style=\"width: 300px\" class=\"wp-caption alignnone\"><a rel=\"lightbox\" href=\"\/documents\/images\/echinodermes_endoges\/Echinocardium_cordatum06_11-WEB.jpg\" target=\"_blank\"><img decoding=\"async\" src=\"\/documents\/images\/echinodermes_endoges\/Echinocardium_cordatum06_11-WEB.jpg\" width=\"300\" alt=\"Oursin de sable\" class \/><\/a><figcaption class=\"wp-caption-text\">Oursin de sable (Crozon, janvier 2011)<\/figcaption><\/figure>\n<p> &nbsp; <\/p>\n<p>Il vit dans un terrier relativement superficiel consolid\u00e9 par une substance muqueuse et muni d&rsquo;une chemin\u00e9e oblique assurant une communication avec la surface du s\u00e9diment. Elle est mat\u00e9rialis\u00e9e en surface par une d\u00e9pression dans le sable.<\/p>\n<p>De forme bomb\u00e9e avec une face inf\u00e9rieure plate, le corps de l&rsquo;Oursin de sable porte des piquants de couleur claire, de tailles et de formes diverses.<br \/>\nAinsi, de longs piquants localis\u00e9s sur la face sup\u00e9rieure (dite aborale) soutiennent la chemin\u00e9e.<\/p>\n<p> &nbsp; <\/p>\n<figure style=\"width: 300px\" class=\"wp-caption alignnone\"><a rel=\"lightbox\" href=\"\/documents\/images\/echinodermes_endoges\/Echinocardium_cordatum21_11-WEB.jpg\" target=\"_blank\"><img decoding=\"async\" src=\"\/documents\/images\/echinodermes_endoges\/Echinocardium_cordatum21_11-WEB.jpg\" width=\"300\" alt=\"Oursin de sable\" class \/><\/a><figcaption class=\"wp-caption-text\">Oursin de sable (Crozon, janvier 2011)<\/figcaption><\/figure>\n<p> &nbsp; <\/p>\n<p>Extrait de son terrier et d\u00e9pos\u00e9 sur le substrat, l&rsquo;Oursin de sable s&rsquo;enfouit rapidement.<\/p>\n<p>Un bourrelet de sable se forme autour du corps, du fait du d\u00e9placement des particules de s\u00e9diment repouss\u00e9es par les piquants.<\/p>\n<p> &nbsp; <\/p>\n<figure style=\"width: 300px\" class=\"wp-caption alignnone\"><a rel=\"lightbox\" href=\"\/documents\/images\/echinodermes_endoges\/Echinocardium_cordatum28_11-WEB.jpg\" target=\"_blank\"><img decoding=\"async\" src=\"\/documents\/images\/echinodermes_endoges\/Echinocardium_cordatum28_11-WEB.jpg\" width=\"300\" alt=\"Oursin de sable\" class \/><\/a><figcaption class=\"wp-caption-text\">Oursin de sable (Crozon, janvier 2011)<\/figcaption><\/figure>\n<p> &nbsp; <\/p>\n<p>Progressivement, l&rsquo;animal s&rsquo;enfonce dans le sable.<\/p>\n<p> &nbsp; <\/p>\n<figure style=\"width: 300px\" class=\"wp-caption alignnone\"><a rel=\"lightbox\" href=\"\/documents\/images\/echinodermes_endoges\/Echinocardium_cordatum32_11-WEB.jpg\" target=\"_blank\"><img decoding=\"async\" src=\"\/documents\/images\/echinodermes_endoges\/Echinocardium_cordatum32_11-WEB.jpg\" width=\"300\" alt=\"Oursin de sable\" class \/><\/a><figcaption class=\"wp-caption-text\">Oursin de sable (Crozon, janvier 2011)<\/figcaption><\/figure>\n<p> &nbsp; <\/p>\n<p>Il finit par \u00eatre recouvert, seul l&rsquo;orifice de la chemin\u00e9e demeurant visible.<\/p>\n<p> &nbsp; <\/p>\n<figure style=\"width: 300px\" class=\"wp-caption alignnone\"><a rel=\"lightbox\" href=\"\/documents\/images\/echinodermes_endoges\/Echinocardium_cordatum03-09-WEB.jpg\" target=\"_blank\"><img decoding=\"async\" src=\"\/documents\/images\/echinodermes_endoges\/Echinocardium_cordatum03-09-WEB.jpg\" width=\"300\" alt=\"Oursin de sable\" class \/><\/a><figcaption class=\"wp-caption-text\">Face aborale de l&rsquo;Oursin de sable (Crozon, f\u00e9vrier 2009)<\/figcaption><\/figure>\n<p> &nbsp; <\/p>\n<p>La face aborale du corps est caract\u00e9ris\u00e9e par une zone centrale en forme de goutte, portant les longs piquants de soutien de la chemin\u00e9e ainsi que des piquants courts et aplatis, et d&rsquo;autres arrondis.<\/p>\n<p>Ils sont associ\u00e9s \u00e0 des pieds ambulacraires, expansions mobiles.<\/p>\n<p> &nbsp; <\/p>\n<figure style=\"width: 300px\" class=\"wp-caption alignnone\"><a rel=\"lightbox\" href=\"\/documents\/images\/echinodermes_endoges\/Echinocardium_cordatum01-09-WEB.jpg\" target=\"_blank\"><img decoding=\"async\" src=\"\/documents\/images\/echinodermes_endoges\/Echinocardium_cordatum01-09-WEB.jpg\" width=\"300\" alt=\"Oursin de sable\" class \/><\/a><figcaption class=\"wp-caption-text\">Face orale de l&rsquo;Oursin de sable (Crozon, f\u00e9vrier 2009)<\/figcaption><\/figure>\n<p> &nbsp; <\/p>\n<p>La face inf\u00e9rieure, qualifi\u00e9e d&rsquo;orale, porte une bouche arqu\u00e9e, situ\u00e9e du c\u00f4t\u00e9 \u00e9largi du corps.<\/p>\n<p>\u00c0 l&rsquo;oppos\u00e9, une zone en forme d&rsquo;ellipse est munie de piquants spatul\u00e9s responsables de l&rsquo;excavation du terrier et du d\u00e9placement des grains de sable.<\/p>\n<p> &nbsp; <\/p>\n<p>La plupart des particules repouss\u00e9es par les piquants spatul\u00e9s sont ing\u00e9r\u00e9es par la bouche voisine.<br \/>\nEn cons\u00e9quence, l&rsquo;Oursin de sable peut \u00eatre qualifi\u00e9 de <a href=\"\/codex\/glossaire\/glossaire-de-p-a-s#psammivorie\" target=\"_blank\">psammivore<\/a>.<\/p>\n<p>L&rsquo;animal se nourrit par ailleurs de particules alimentaires d\u00e9pos\u00e9es \u00e0 la surface du s\u00e9diment : les pieds ambulacraires de la face aborale glanent ces particules qui sont ensuite englu\u00e9es dans des s\u00e9cr\u00e9tions muqueuses. L&rsquo;ensemble est alors achemin\u00e9 vers la bouche.<br \/>\nL&rsquo;Oursin de sable pratique ainsi \u00e9galement la <a href=\"\/codex\/glossaire\/glossaire-de-d-a-h#depositivorie\" target=\"_blank\">d\u00e9positivorie<\/a>.<\/p>\n<p> &nbsp; <\/p>\n<h3>L&rsquo;\u00c9toile-peigne : une migratrice quotidienne<\/h3>\n<p>L&rsquo;\u00c9toile-peigne commune (<em>Astropecten irregularis<\/em>) est un deuxi\u00e8me exemple. Elle appartient au groupe des Ast\u00e9rides.<\/p>\n<p> &nbsp; <\/p>\n<figure style=\"width: 300px\" class=\"wp-caption alignnone\"><a rel=\"lightbox\" href=\"\/documents\/images\/echinodermes_endoges\/Astropecten_irregularis05_11-WEB.jpg\" target=\"_blank\"><img decoding=\"async\" src=\"\/documents\/images\/echinodermes_endoges\/Astropecten_irregularis05_11-WEB.jpg\" width=\"300\" alt=\"\u00c9toile-peigne\" class \/><\/a><figcaption class=\"wp-caption-text\">\u00c9toile-peigne (Crozon, janvier 2011)<\/figcaption><\/figure>\n<p> &nbsp; <\/p>\n<p>Pos\u00e9e \u00e0 la surface de la plage, elle s&rsquo;enfonce rapidement dans le sable.<\/p>\n<p> &nbsp; <\/p>\n<figure style=\"width: 300px\" class=\"wp-caption alignnone\"><a rel=\"lightbox\" href=\"\/documents\/images\/echinodermes_endoges\/Astropecten_irregularis07_11-WEB.jpg\" target=\"_blank\"><img decoding=\"async\" src=\"\/documents\/images\/echinodermes_endoges\/Astropecten_irregularis07_11-WEB.jpg\" width=\"300\" alt=\"\u00c9toile-peigne\" class \/><\/a><figcaption class=\"wp-caption-text\">\u00c9toile-peigne (Crozon, janvier 2011)<\/figcaption><\/figure>\n<p> &nbsp; <\/p>\n<p>Recouverte de sable, elle n&rsquo;est plus visible bien que demeurant dans la strate superficielle de la plage.<\/p>\n<p>Les cinq bras de l&rsquo;\u00c9toile-peigne portent sur leur face inf\u00e9rieure (dite orale) des pieds ambulacraires dont l&rsquo;extr\u00e9mit\u00e9 est pointue. L&rsquo;enfouissement est d\u00fb \u00e0 leurs mouvements coordonn\u00e9s. Tr\u00e8s mobiles, ils agissent comme les dents d&rsquo;un r\u00e2teau et \u00e9cartent les grains de sable sous la face orale de l&rsquo;animal.<br \/>\nEn cons\u00e9quence, il s&rsquo;enfonce verticalement dans le s\u00e9diment.<\/p>\n<p> &nbsp; <\/p>\n<p>L&rsquo;esp\u00e8ce a une activit\u00e9 principalement nocturne : elle s&rsquo;alimente de nuit, se nourrissant de Mollusques, bivalves et gast\u00e9ropodes, ainsi que d&rsquo;autres \u00c9chinodermes.<br \/>\nElle peut ainsi \u00eatre qualifi\u00e9e de pr\u00e9datrice.<\/p>\n<p>Le jour, elle reste enfouie dans le sable, avant de gagner la surface \u00e0 la faveur de la nuit.<\/p>\n<p> &nbsp; <\/p>\n<h3>Le Leptosynapte : un foreur de galerie<\/h3>\n<p>Le Leptosynapte (<em>Leptosynapta sp.<\/em>) est un cas suppl\u00e9mentaire. Il repr\u00e9sente le groupe des Holothurides, commun\u00e9ment d\u00e9sign\u00e9s par l&rsquo;expression Concombres de mer.<\/p>\n<p> &nbsp; <\/p>\n<figure style=\"width: 300px\" class=\"wp-caption alignnone\"><a rel=\"lightbox\" href=\"\/documents\/images\/echinodermes_endoges\/Leptosynapta_sp01_11-WEB.jpg\" target=\"_blank\"><img decoding=\"async\" src=\"\/documents\/images\/echinodermes_endoges\/Leptosynapta_sp01_11-WEB.jpg\" width=\"300\" alt=\"Leptosynapte\" class \/><\/a><figcaption class=\"wp-caption-text\">Leptosynapte (Carantec, janvier 2011)<\/figcaption><\/figure>\n<p> &nbsp; <\/p>\n<p>Le Leptosynapte vit en milieu sableux l\u00e9g\u00e8rement envas\u00e9.<br \/>\nIl poss\u00e8de un corps cylindrique, mou et d\u00e9pourvu de piquants, de couleur ros\u00e2tre. Le t\u00e9gument est peu \u00e9pais et translucide, laissant appara\u00eetre cinq bandes musculaires longitudinales et des muscles circulaires ainsi que le tube digestif rempli de sable.<\/p>\n<p>Le Leptosynapte ne pr\u00e9sente pas de pieds ambulacraires \u00e0 l&rsquo;exception des tentacules entourant la bouche, qui en d\u00e9rivent.<br \/>\nAu nombre de douze, ils sont courts et portent des ramifications en doigts de gant.<\/p>\n<p> &nbsp; <\/p>\n<figure style=\"width: 300px\" class=\"wp-caption alignnone\"><a rel=\"lightbox\" href=\"\/documents\/images\/echinodermes_endoges\/Leptosynapta_sp03_11-WEB.jpg\" target=\"_blank\"><img decoding=\"async\" src=\"\/documents\/images\/echinodermes_endoges\/Leptosynapta_sp03_11-WEB.jpg\" width=\"300\" alt=\"Leptosynapte\" class \/><\/a><figcaption class=\"wp-caption-text\">Leptosynapte (Carantec, janvier 2011)<\/figcaption><\/figure>\n<p> &nbsp; <\/p>\n<p>Le Leptosynapte creuse une galerie \u00e0 l&rsquo;aide de ses tentacules p\u00e9ribuccaux : par leurs mouvements, ils \u00e9cartent sur les c\u00f4t\u00e9s les grains de sable, la r\u00e9gion orale s&rsquo;engageant dans l&rsquo;espace d\u00e9gag\u00e9.<br \/>\nLa progression dans le s\u00e9diment implique des contractions coordonn\u00e9es des musculatures longitudinale et circulaire, d\u00e9terminant des mouvements p\u00e9ristaltiques, et une prise d&rsquo;appui sur le sable environnant.<\/p>\n<p>La surface corporelle est \u00e9maill\u00e9e de petites protub\u00e9rances produisant un abondant mucus, prot\u00e9geant l&rsquo;animal de l&rsquo;abrasion due aux grains de sable.<\/p>\n<p> &nbsp; <\/p>\n<p>La couronne de tentacules a \u00e9galement une fonction pr\u00e9hensile : elle permet d&rsquo;amener \u00e0 la bouche le sable, contenant des particules alimentaires, que l&rsquo;animal ing\u00e8re. \u00c0 ce niveau le t\u00e9gument produit une substance adh\u00e9sive favorisant la prise alimentaire.<br \/>\nSe nourrissant de sable, le Leptosynapte est qualifi\u00e9 de <a href=\"\/codex\/glossaire\/glossaire-de-p-a-s#psammivorie\" target=\"_blank\">psammivore<\/a>.<\/p>\n<p> &nbsp; <\/p>\n<h3>L&rsquo;Ophiure fouisseuse : une esp\u00e8ces partiellement enfouie<\/h3>\n<p>Un dernier exemple est celui de l&rsquo;Ophiure fouisseuse (<em>Acrocnida brachiata<\/em>), appartenant au groupe des Ophiurides.<\/p>\n<p> &nbsp; <\/p>\n<figure style=\"width: 300px\" class=\"wp-caption alignnone\"><a rel=\"lightbox\" href=\"\/documents\/images\/echinodermes_endoges\/Acrocnida_brachiata08_11-WEB.jpg\" target=\"_blank\"><img decoding=\"async\" src=\"\/documents\/images\/echinodermes_endoges\/Acrocnida_brachiata08_11-WEB.jpg\" width=\"300\" alt=\"Ophiure fouisseuse\" class \/><\/a><figcaption class=\"wp-caption-text\">Ophiure fouisseuse (Crozon, janvier 2011)<\/figcaption><\/figure>\n<p> &nbsp; <\/p>\n<p>L&rsquo;Ophiure fouisseuse arbore une couleur gris brun, semblable \u00e0 celle du sable.<br \/>\nSon corps est form\u00e9 d&rsquo;un disque central dont le diam\u00e8tre est de l&rsquo;ordre de 10 mm, autour duquel rayonnent cinq longs bras fins, effil\u00e9s et flexibles. Leur longueur atteint 150 mm.<\/p>\n<p> &nbsp; <\/p>\n<figure style=\"width: 300px\" class=\"wp-caption alignnone\"><a rel=\"lightbox\" href=\"\/documents\/images\/echinodermes_endoges\/Acrocnida_brachiata11_11-WEB.jpg\" target=\"_blank\"><img decoding=\"async\" src=\"\/documents\/images\/echinodermes_endoges\/Acrocnida_brachiata11_11-WEB.jpg\" width=\"300\" alt=\"Ophiure fouisseuse\" class \/><\/a><figcaption class=\"wp-caption-text\">Ophiure fouisseuse (Crozon, janvier 2011)<\/figcaption><\/figure>\n<p> &nbsp; <\/p>\n<p>Pos\u00e9e sur le sable, l&rsquo;Ophiure fouisseuse s&rsquo;enfouit progressivement gr\u00e2ce \u00e0 l&rsquo;action de ses bras.<br \/>\nLes pieds ambulacraires qu&rsquo;ils portent y contribuent \u00e9galement, repoussant les grains de sable par leurs mouvements effectu\u00e9s entre les piquants. <\/p>\n<p> &nbsp; <\/p>\n<figure style=\"width: 300px\" class=\"wp-caption alignnone\"><a rel=\"lightbox\" href=\"\/documents\/images\/echinodermes_endoges\/Acrocnida_brachiata12_11-WEB.jpg\" target=\"_blank\"><img decoding=\"async\" src=\"\/documents\/images\/echinodermes_endoges\/Acrocnida_brachiata12_11-WEB.jpg\" width=\"300\" alt=\"Ophiure fouisseuse\" class \/><\/a><figcaption class=\"wp-caption-text\">Ophiure fouisseuse (Crozon, janvier 2011)<\/figcaption><\/figure>\n<p> &nbsp; <\/p>\n<p>Petit \u00e0 petit, l&rsquo;animal s&rsquo;enfonce dans le s\u00e9diment.<\/p>\n<p> &nbsp; <\/p>\n<figure style=\"width: 300px\" class=\"wp-caption alignnone\"><a rel=\"lightbox\" href=\"\/documents\/images\/echinodermes_endoges\/Acrocnida_brachiata15_11-WEB.jpg\" target=\"_blank\"><img decoding=\"async\" src=\"\/documents\/images\/echinodermes_endoges\/Acrocnida_brachiata15_11-WEB.jpg\" width=\"300\" alt=\"Ophiure fouisseuse\" class \/><\/a><figcaption class=\"wp-caption-text\">Ophiure fouisseuse (Crozon, janvier 2011)<\/figcaption><\/figure>\n<p> &nbsp; <\/p>\n<p>Au terme du processus, le disque central est localis\u00e9 \u00e0 une dizaine de centim\u00e8tres de la surface au sein d&rsquo;un terrier semipermanent consolid\u00e9 par une substance muqueuse.<br \/>\nLes extr\u00e9mit\u00e9s libres des bras sont dress\u00e9es hors du sable, flottant dans l&rsquo;eau.<\/p>\n<p> &nbsp; <\/p>\n<p>L&rsquo;Ophiure fouisseuse se nourrit principalement de particules en suspension dans l&rsquo;eau, qu&rsquo;elle pr\u00e9l\u00e8ve \u00e0 l&rsquo;aide des extr\u00e9mit\u00e9s libres de ses bras. Les pieds ambulacraires captent ces particules qui sont ensuite achemin\u00e9es \u00e0 la bouche par la ciliature t\u00e9gumentaire.<br \/>\nElle pratique la <a href=\"\/codex\/glossaire\/glossaire-de-p-a-s#suspensivorie\" target=\"_blank\">suspensivorie<\/a>.<\/p>\n<p>Des particules pr\u00e9sentes dans le substrat ou \u00e0 sa surface pourraient \u00e9galement \u00eatre r\u00e9cup\u00e9r\u00e9es. <\/p>\n<p> &nbsp; <\/p>\n<h3>Vivre dans le sable<\/h3>\n<p>Les plages de sable constituent des environnements dont la diversit\u00e9 est principalement li\u00e9e \u00e0 :<\/p>\n<p><span style=\"color: #999999;\">&bull; <\/span> la taille des particules du substrat d\u00e9terminant sa capacit\u00e9 de r\u00e9tention de l&rsquo;eau \u00e0 mar\u00e9e basse et sa coh\u00e9sivit\u00e9 ;<\/p>\n<p><span style=\"color: #999999;\">&bull; <\/span> l&rsquo;hydrodynamisme responsable notamment d&rsquo;un constant remaniement de la surface dont les grains sont alternativement mis en suspension et d\u00e9pos\u00e9s ;<\/p>\n<p><span style=\"color: #999999;\">&bull; <\/span> la pente peu accentu\u00e9e le plus souvent.<\/p>\n<p>L&rsquo;abondance et la vari\u00e9t\u00e9 de la faune des plages d\u00e9pend de ces param\u00e8tres mais de mani\u00e8re g\u00e9n\u00e9rale, l&rsquo;instabilit\u00e9 du substrat est peu propice \u00e0 l&rsquo;installation d&rsquo;organismes fix\u00e9s. <\/p>\n<p>En revanche, en profondeur le milieu sableux offre des conditions de vie stables en termes de temp\u00e9rature, de salinit\u00e9 et d&rsquo;hydratation, en relation avec les propri\u00e9t\u00e9s isolantes du substrat et son impr\u00e9gnation par l&rsquo;eau.<br \/>\nCet environnement est \u00e9galement satur\u00e9 en dioxyg\u00e8ne, du fait de l&rsquo;agitation par les vagues de l&rsquo;eau qui le baigne.<br \/>\nIl est par ailleurs prot\u00e9g\u00e9 du rayonnement solaire, le s\u00e9diment \u00e9tant opaque \u00e0 la lumi\u00e8re, la r\u00e9fl\u00e9chissant ou l&rsquo;absorbant.<\/p>\n<p>La faune appara\u00eet essentiellement install\u00e9e dans le s\u00e9diment, ayant d\u00e9velopp\u00e9 la capacit\u00e9 de s&rsquo;enfouir. Elle est qualifi\u00e9e de faune endog\u00e9e et prend le nom d&rsquo;endofaune.<\/p>\n<p>L&rsquo;instabilit\u00e9 des couches superficielles du s\u00e9diment est contourn\u00e9e par un enfouissement profond, dans des strates non perturb\u00e9es par le courant, ou un enfouissement rapide au moment de la submersion. Ces comportements permettent parall\u00e8lement aux organismes d&rsquo;\u00e9chapper aux pr\u00e9dateurs.<\/p>\n<p>Les surfaces corporelles des animaux fouisseurs pr\u00e9sentent peu d&rsquo;asp\u00e9rit\u00e9s, r\u00e9duisant la r\u00e9sistance \u00e0 l&rsquo;enfouissement.<br \/>\nIls poss\u00e8dent \u00e9galement des dispositifs permettant de saisir et d\u00e9placer les grains de sable, facilitant la p\u00e9n\u00e9tration dans le substrat.<br \/>\nLa production par le t\u00e9gument de substances visqueuses facilite de m\u00eame l&rsquo;insertion dans le s\u00e9diment tout en limitant l&rsquo;abrasion par les grains de sable.<\/p>\n<p>En absence de macroflore, l&rsquo;endofaune se nourrit essentiellement par <a href=\"\/codex\/glossaire\/glossaire-de-i-a-o#microphagie\" target=\"_blank\">microphagie<\/a>. Les aliments sont repr\u00e9sent\u00e9s par des particules de petite taille flottant dans l&rsquo;eau au-dessus du s\u00e9diment, d\u00e9pos\u00e9es \u00e0 sa surface ou situ\u00e9es entre les grains de sable. Les particules peuvent \u00eatre des organismes planctoniques ou vivant \u00e0 la surface des grains de sable, mais aussi des d\u00e9bris.<br \/>\nLes animaux pratiquent respectivement la <a href=\"\/codex\/glossaire\/glossaire-de-p-a-#suspensivorie\" target=\"_blank\">suspensivorie<\/a>, la <a href=\"\/codex\/glossaire\/glossaire-de-d-a-h#depositivorie\" target=\"_blank\">d\u00e9positivorie<\/a> et la <a href=\"\/codex\/glossaire\/glossaire-de-p-a-s#psammivorie\" target=\"_blank\">psammivorie<\/a>, ces diff\u00e9rents types de prises alimentaires n&rsquo;\u00e9tant pas exclusifs.<br \/>\nDes pr\u00e9dateurs sont \u00e9galement pr\u00e9sents.<\/p>\n<p>Les \u00c9chinodermes examin\u00e9s dans cette page illustrent les particularit\u00e9s de l&rsquo;endofaune des plages en termes d&rsquo;adaptations \u00e0 l&rsquo;enfouissement et de modalit\u00e9s de prise de nourriture.<\/p>\n<p>Bien d&rsquo;autres groupes sont repr\u00e9sent\u00e9s dans ces milieux, comme les Mollusques bivalves et gast\u00e9ropodes, les Ann\u00e9lides, les Arthropodes, pour ne citer que les plus courants.<\/p>\n<p> &nbsp; <\/p>\n<p>Pour en savoir plus, consulter les articles de Codex virtualis consacr\u00e9s \u00e0 :<\/p>\n<p><span style=\"color: #999999;\">&bull; <\/span>l&rsquo;<a href=\"\/codex\/semaine-06-2015\">Oursin de sable<\/a> (adresse : http:\/\/codexvirtualis.fr\/codex\/semaine-06-2015)<\/p>\n<p><span style=\"color: #999999;\">&bull; <\/span>l&rsquo;<a href=\"\/codex\/semaine-08-2015\">\u00c9toile-peigne commune<\/a> (adresse : http:\/\/codexvirtualis.fr\/codex\/semaine-08-2015)<\/p>\n<p> &nbsp; <\/p>\n<p>R\u00e9f\u00e9rences :<\/p>\n<p><span style=\"color: #999999;\">&bull; <\/span>Nybakken J.W., 2001 \u2013 Marine biology. A ecological approach. Benjamin Cummings, 516p. San Francisco (USA)<\/p>\n<p><span style=\"color: #999999;\">&bull; <\/span>Turquier Y., 1989 \u2013 L\u00a0\u00bborganisme dans son milieu. 1. Les fonctions de nutrition. Doin, 315p. Paris<\/p>\n<p><span style=\"color: #999999;\">&bull; <\/span>Turquier Y., Loir M., 1981 \u2013 Conna\u00eetre et reconna\u00eetre la faune du littoral. Ouest France, 332p. Rennes<\/p>\n","protected":false},"excerpt":{"rendered":"<p>&nbsp; Des Oursins, des \u00c9toiles, des Concombres et des Ophiures ! &nbsp; &nbsp; Les bords de mer se pr\u00e9sentent sous diff\u00e9rents aspects, en particulier du point de vue de la qualit\u00e9 du substrat, sch\u00e9matiquement meuble ou solide. Les plages de sable fin, relevant de la premi\u00e8re cat\u00e9gorie et famili\u00e8res aux vacanciers, s&rsquo;\u00e9tendent parfois \u00e0 perte [&hellip;]<\/p>\n","protected":false},"author":2,"featured_media":0,"parent":1757,"menu_order":5,"comment_status":"closed","ping_status":"closed","template":"","meta":{"site-sidebar-layout":"default","site-content-layout":"","ast-site-content-layout":"default","site-content-style":"default","site-sidebar-style":"default","ast-global-header-display":"","ast-banner-title-visibility":"","ast-main-header-display":"","ast-hfb-above-header-display":"","ast-hfb-below-header-display":"","ast-hfb-mobile-header-display":"","site-post-title":"","ast-breadcrumbs-content":"","ast-featured-img":"","footer-sml-layout":"","ast-disable-related-posts":"","theme-transparent-header-meta":"","adv-header-id-meta":"","stick-header-meta":"","header-above-stick-meta":"","header-main-stick-meta":"","header-below-stick-meta":"","astra-migrate-meta-layouts":"default","ast-page-background-enabled":"default","ast-page-background-meta":{"desktop":{"background-color":"var(--ast-global-color-4)","background-image":"","background-repeat":"repeat","background-position":"center center","background-size":"auto","background-attachment":"scroll","background-type":"","background-media":"","overlay-type":"","overlay-color":"","overlay-opacity":"","overlay-gradient":""},"tablet":{"background-color":"","background-image":"","background-repeat":"repeat","background-position":"center center","background-size":"auto","background-attachment":"scroll","background-type":"","background-media":"","overlay-type":"","overlay-color":"","overlay-opacity":"","overlay-gradient":""},"mobile":{"background-color":"","background-image":"","background-repeat":"repeat","background-position":"center center","background-size":"auto","background-attachment":"scroll","background-type":"","background-media":"","overlay-type":"","overlay-color":"","overlay-opacity":"","overlay-gradient":""}},"ast-content-background-meta":{"desktop":{"background-color":"var(--ast-global-color-5)","background-image":"","background-repeat":"repeat","background-position":"center center","background-size":"auto","background-attachment":"scroll","background-type":"","background-media":"","overlay-type":"","overlay-color":"","overlay-opacity":"","overlay-gradient":""},"tablet":{"background-color":"var(--ast-global-color-5)","background-image":"","background-repeat":"repeat","background-position":"center center","background-size":"auto","background-attachment":"scroll","background-type":"","background-media":"","overlay-type":"","overlay-color":"","overlay-opacity":"","overlay-gradient":""},"mobile":{"background-color":"var(--ast-global-color-5)","background-image":"","background-repeat":"repeat","background-position":"center center","background-size":"auto","background-attachment":"scroll","background-type":"","background-media":"","overlay-type":"","overlay-color":"","overlay-opacity":"","overlay-gradient":""}},"footnotes":""},"class_list":["post-8047","page","type-page","status-publish","hentry"],"aioseo_notices":[],"jetpack_sharing_enabled":true,"_links":{"self":[{"href":"https:\/\/codexvirtualis.fr\/codex\/wp-json\/wp\/v2\/pages\/8047","targetHints":{"allow":["GET"]}}],"collection":[{"href":"https:\/\/codexvirtualis.fr\/codex\/wp-json\/wp\/v2\/pages"}],"about":[{"href":"https:\/\/codexvirtualis.fr\/codex\/wp-json\/wp\/v2\/types\/page"}],"author":[{"embeddable":true,"href":"https:\/\/codexvirtualis.fr\/codex\/wp-json\/wp\/v2\/users\/2"}],"replies":[{"embeddable":true,"href":"https:\/\/codexvirtualis.fr\/codex\/wp-json\/wp\/v2\/comments?post=8047"}],"version-history":[{"count":10,"href":"https:\/\/codexvirtualis.fr\/codex\/wp-json\/wp\/v2\/pages\/8047\/revisions"}],"predecessor-version":[{"id":8057,"href":"https:\/\/codexvirtualis.fr\/codex\/wp-json\/wp\/v2\/pages\/8047\/revisions\/8057"}],"up":[{"embeddable":true,"href":"https:\/\/codexvirtualis.fr\/codex\/wp-json\/wp\/v2\/pages\/1757"}],"wp:attachment":[{"href":"https:\/\/codexvirtualis.fr\/codex\/wp-json\/wp\/v2\/media?parent=8047"}],"curies":[{"name":"wp","href":"https:\/\/api.w.org\/{rel}","templated":true}]}}