{"id":7988,"date":"2015-09-07T20:00:46","date_gmt":"2015-09-07T18:00:46","guid":{"rendered":"http:\/\/codexvirtualis.fr\/codex\/?page_id=7988"},"modified":"2020-07-28T10:45:01","modified_gmt":"2020-07-28T08:45:01","slug":"manteau-protection-moule","status":"publish","type":"page","link":"https:\/\/codexvirtualis.fr\/codex\/de-lorganisation-interne\/manteau-protection-moule","title":{"rendered":"Le manteau et la protection"},"content":{"rendered":"<p> &nbsp; <\/p>\n<p>La Moule (<em>Mytilus edulis<\/em>) est un animal dont le corps est prot\u00e9g\u00e9 par une coquille form\u00e9e de deux valves, droite et gauche, articul\u00e9es par une charni\u00e8re au niveau de laquelle elles sont reli\u00e9es par un ligament.<\/p>\n<p> &nbsp; <\/p>\n<h2>Sous la coquille, le manteau<\/h2>\n<p> &nbsp; <\/p>\n<figure style=\"width: 300px\" class=\"wp-caption alignnone\"><a href=\"\/documents\/images\/Mytilus_manteau\/manteau_externe_DSCF8092-WEB.jpg\" target=\"_blank\" rel=\"lightbox noopener noreferrer\"><img decoding=\"async\" class=\"\" src=\"\/documents\/images\/Mytilus_manteau\/manteau_externe_DSCF8092-WEB.jpg\" alt=\"Manteau de la Moule\" width=\"300\" \/><\/a><figcaption class=\"wp-caption-text\">Manteau de la Moule (vue lat\u00e9rale)<\/figcaption><\/figure>\n<p style=\"text-align: right;\"><a href=\"\/documents\/images\/Mytilus_manteau\/manteau_externe_DSCF8092_legende-WEB.jpg\" target=\"_blank\" rel=\"lightbox noopener noreferrer\">Voir l&rsquo;image l\u00e9gend\u00e9e<\/a><\/p>\n<p> &nbsp; <\/p>\n<figure style=\"width: 225px\" class=\"wp-caption alignnone\"><a href=\"\/documents\/images\/Mytilus_manteau\/vue_generale_08__ct145-WEB.jpg\" target=\"_blank\" rel=\"lightbox noopener noreferrer\"><img decoding=\"async\" class=\"\" src=\"\/documents\/images\/Mytilus_manteau\/vue_generale_08__ct145-WEB.jpg\" alt=\"Manteau de la Moule\" width=\"225\" \/><\/a><figcaption class=\"wp-caption-text\">Manteau de la Moule (coupe transversale de Moule)<\/figcaption><\/figure>\n<p style=\"text-align: right;\"><a href=\"\/documents\/images\/Mytilus_manteau\/vue_generale_08__ct145_legende-WEB.jpg\" target=\"_blank\" rel=\"lightbox noopener noreferrer\">Voir l&rsquo;image l\u00e9gend\u00e9e<\/a><\/p>\n<p> &nbsp; <\/p>\n<p>Sous la coquille, le corps est envelopp\u00e9 par un manteau ou pallium form\u00e9 de deux lobes, droit et gauche.<br \/>\nIl r\u00e9sulte de l&rsquo;expansion et du repli du <a href=\"\/codex\/glossaire\/glossaire-de-t-a-z#tegument\" target=\"_blank\" rel=\"noopener noreferrer\">t\u00e9gument<\/a> de l&rsquo;animal.<\/p>\n<p>Entre les lobes droit et gauche est m\u00e9nag\u00e9e une cavit\u00e9 o\u00f9 circule de l&rsquo;eau de mer, appel\u00e9e cavit\u00e9 pall\u00e9ale, dans laquelle pendent les branchies et d\u00e9bouchent les orifices excr\u00e9teurs, g\u00e9nitaux ainsi que l&rsquo;anus.<\/p>\n<p>Dorsalement sous le ligament, les lobes droit et gauche du manteau sont en continuit\u00e9 et constituent un sommet, l&rsquo;isthme pall\u00e9al, qui borde la masse visc\u00e9rale.<\/p>\n<p>Ventralement, les bords sont libres et \u00e9paissis. De nombreuses fibres musculaires les traversent, responsables de leur r\u00e9traction. Leur insertion sur la face interne de la coquille est marqu\u00e9e par une empreinte ou ligne pall\u00e9ale.<br \/>\nPost\u00e9rieurement toutefois, les bords du manteau fusionnent en un point, d\u00e9terminant la formation d&rsquo;une boutonni\u00e8re.<\/p>\n<p>L&rsquo;eau de mer p\u00e9n\u00e8tre dans la cavit\u00e9 pall\u00e9ale par la face ventrale, entre les bords libres du manteau, et en sort par la boutonni\u00e8re post\u00e9rieure, qui correspond \u00e0 un orifice exhalant.<\/p>\n<p> &nbsp; <\/p>\n<figure style=\"width: 300px\" class=\"wp-caption alignnone\"><a href=\"\/documents\/images\/Mytilus_manteau\/manteau_182_ct145-WEB.jpg\" target=\"_blank\" rel=\"lightbox noopener noreferrer\"><img decoding=\"async\" class=\"\" src=\"\/documents\/images\/Mytilus_manteau\/manteau_182_ct145-WEB.jpg\" alt=\"Manteau de la Moule\" width=\"300\" \/><\/a><figcaption class=\"wp-caption-text\">Manteau de la Moule (coupe transversale)<\/figcaption><\/figure>\n<p style=\"text-align: right;\"><a href=\"\/documents\/images\/Mytilus_manteau\/manteau_182_ct145_legende-WEB.jpg\" target=\"_blank\" rel=\"lightbox noopener noreferrer\">Voir l&rsquo;image l\u00e9gend\u00e9e<\/a><\/p>\n<p> &nbsp; <\/p>\n<p>Le t\u00e9gument est constitu\u00e9 d&rsquo;un <a href=\"\/codex\/glossaire\/glossaire-de-d-a-h#epithelium\" target=\"_blank\" rel=\"noopener noreferrer\">\u00e9pith\u00e9lium<\/a> simple, l&rsquo;<a href=\"\/codex\/glossaire\/glossaire-de-d-a-h#epiderme\" target=\"_blank\" rel=\"noopener noreferrer\">\u00e9piderme<\/a>, soutenu par une membrane basale et surmontant du <a href=\"\/codex\/glossaire\/glossaire-de-t-a-z#tissu-conjonctif\" target=\"_blank\" rel=\"noopener noreferrer\">tissu conjonctif<\/a>. Des fibres musculaires radiales ou parall\u00e8les \u00e0 la surface sont pr\u00e9sentes sous la membrane basale ainsi qu&rsquo;en profondeur o\u00f9 elles n&rsquo;ont pas d&rsquo;orientation privil\u00e9gi\u00e9e.<br \/>\nLe tissu conjonctif est form\u00e9 de cellules \u00e9toil\u00e9es ou fusiformes. Il abrite \u00e9galement des <a href=\"\/codex\/glossaire\/glossaire-de-d-a-h#hemocyte\" target=\"_blank\" rel=\"noopener noreferrer\">h\u00e9mocytes<\/a> mobiles, des cellules stockant du glycog\u00e8ne et des cellules glandulaires.<\/p>\n<p>Le manteau est ainsi compos\u00e9 d&rsquo;un feuillet \u00e9pith\u00e9lial du c\u00f4t\u00e9 de la coquille, de tissu conjonctif et d&rsquo;un second feuillet \u00e9pith\u00e9lial du c\u00f4t\u00e9 de la cavit\u00e9 pall\u00e9ale.<\/p>\n<p> &nbsp; <\/p>\n<h2>Le bord du manteau : accroissement de la coquille<\/h2>\n<p> &nbsp; <\/p>\n<figure style=\"width: 300px\" class=\"wp-caption alignnone\"><a href=\"\/documents\/images\/Mytilus_manteau\/manteau_126_cttp97-WEB.jpg\" target=\"_blank\" rel=\"lightbox noopener noreferrer\"><img decoding=\"async\" class=\"\" src=\"\/documents\/images\/Mytilus_manteau\/manteau_126_cttp97-WEB.jpg\" alt=\"Manteau de la Moule\" width=\"300\" \/><\/a><figcaption class=\"wp-caption-text\">Bord du manteau de la Moule (coupe transversale)<\/figcaption><\/figure>\n<p style=\"text-align: right;\"><a href=\"\/documents\/images\/Mytilus_manteau\/manteau_126_cttp97_legende-WEB.jpg\" target=\"_blank\" rel=\"lightbox noopener noreferrer\">Voir l&rsquo;image l\u00e9gend\u00e9e<\/a><\/p>\n<p> &nbsp; <\/p>\n<p>Le bord ventral du manteau forme trois lobes ou bourrelets qualifi\u00e9s d&rsquo;externe, de m\u00e9dian et d&rsquo;interne, s\u00e9par\u00e9s les uns des autres par des sillons. Il s&rsquo;agit de replis de l&rsquo;\u00e9pith\u00e9lium.<\/p>\n<p>Le lobe externe est au contact de la coquille.<\/p>\n<p>Chaque valve de la coquille est constitu\u00e9e de l&rsquo;ext\u00e9rieur vers l&rsquo;int\u00e9rieur :<br \/>\n<span style=\"color: #999999;\">\u2022 <\/span>d&rsquo;une couche externe appel\u00e9e p\u00e9riostracum, fin rev\u00eatement organique ;<br \/>\n<span style=\"color: #999999;\">\u2022 <\/span>d&rsquo;une couche interm\u00e9diaire dite ostracum ou couche prismatique, form\u00e9e de cristaux de carbonate de calcium orient\u00e9s obliquement par rapport \u00e0 la surface de la valve ;<br \/>\n<span style=\"color: #999999;\">\u2022 <\/span>d&rsquo;une couche interne, l&rsquo;hypoostracum ou couche de nacre, dans laquelle les cristaux sont organis\u00e9s en lamelles superpos\u00e9es.<\/p>\n<p>Les trois couches contiennent un ensemble de prot\u00e9ines d\u00e9sign\u00e9es par le terme de conchyoline.<br \/>\nLe p\u00e9riostracum est principalement compos\u00e9 de scl\u00e9roprot\u00e9ine, conchyoline ayant subi un <a href=\"\/codex\/glossaire\/glossaire-de-t-a-z#tannage-quinonique\" target=\"_blank\" rel=\"noopener noreferrer\">tannage quinonique<\/a>. En cons\u00e9quence, il est stable et relativement dur, propri\u00e9t\u00e9s essentielles \u00e0 sa fonction protectrice. L&rsquo;ostracum et l&rsquo;hypoostracum sont en revanche constitu\u00e9s de conchyoline soluble, peu tann\u00e9e, jouant le r\u00f4le de matrice organique permettant le d\u00e9p\u00f4t des cristaux de carbonate de calcium.<\/p>\n<p> &nbsp; <\/p>\n<figure style=\"width: 300px\" class=\"wp-caption alignnone\"><a href=\"\/documents\/images\/Mytilus_manteau\/manteau_153bord_ct145-WEB.jpg\" target=\"_blank\" rel=\"lightbox noopener noreferrer\"><img decoding=\"async\" class=\"\" src=\"\/documents\/images\/Mytilus_manteau\/manteau_153bord_ct145-WEB.jpg\" alt=\"Manteau de la Moule\" width=\"300\" \/><\/a><figcaption class=\"wp-caption-text\">\u00c9pith\u00e9lium s\u00e9cr\u00e9teur du p\u00e9riostracum de la Moule (coupe transversale du bord du manteau)<\/figcaption><\/figure>\n<p style=\"text-align: right;\"><a href=\"\/documents\/images\/Mytilus_manteau\/manteau_153bord_ct145_legende-WEB.jpg\" target=\"_blank\" rel=\"lightbox noopener noreferrer\">Voir l&rsquo;image l\u00e9gend\u00e9e<\/a><\/p>\n<p> &nbsp; <\/p>\n<figure style=\"width: 300px\" class=\"wp-caption alignnone\"><a href=\"\/documents\/images\/Mytilus_manteau\/manteau_156bord_ct145-WEB.jpg\" target=\"_blank\" rel=\"lightbox noopener noreferrer\"><img decoding=\"async\" class=\"\" src=\"\/documents\/images\/Mytilus_manteau\/manteau_156bord_ct145-WEB.jpg\" alt=\"Manteau de la Moule\" width=\"300\" \/><\/a><figcaption class=\"wp-caption-text\">\u00c9pith\u00e9lium s\u00e9cr\u00e9teur de l&rsquo;ostracum de la Moule (coupe transversale du bord du manteau)<\/figcaption><\/figure>\n<p style=\"text-align: right;\"><a href=\"\/documents\/images\/Mytilus_manteau\/manteau_156bord_ct145_legende-WEB.jpg\" target=\"_blank\" rel=\"lightbox noopener noreferrer\">Voir l&rsquo;image l\u00e9gend\u00e9e<\/a><\/p>\n<p> &nbsp; <\/p>\n<p>Le p\u00e9riostracum \u00e9merge du sillon externe du bord du manteau, \u00e9galement appel\u00e9 sillon p\u00e9riostracal. Ses composants sont synth\u00e9tis\u00e9s et lib\u00e9r\u00e9s par les cellules \u00e9pith\u00e9liales du fond du sillon alors que les premiers constituants de l&rsquo;ostracum sont \u00e9labor\u00e9s par les cellules du lobe externe bordant le sillon.<\/p>\n<p>L&rsquo;accroissement en longueur et en largeur de la coquille r\u00e9sulte de ces s\u00e9cr\u00e9tions.<\/p>\n<p> &nbsp; <\/p>\n<figure style=\"width: 300px\" class=\"wp-caption alignnone\"><a href=\"\/documents\/images\/Mytilus_manteau\/manteau_132_cttp97-WEB.jpg\" target=\"_blank\" rel=\"lightbox noopener noreferrer\"><img decoding=\"async\" class=\"\" src=\"\/documents\/images\/Mytilus_manteau\/manteau_132_cttp97-WEB.jpg\" alt=\"Manteau de la Moule\" width=\"300\" \/><\/a><figcaption class=\"wp-caption-text\">Lobe m\u00e9dian du manteau de la Moule (coupe transversale du bord du manteau)<\/figcaption><\/figure>\n<p style=\"text-align: right;\"><a href=\"\/documents\/images\/Mytilus_manteau\/manteau_132_cttp97_legende-WEB.jpg\" target=\"_blank\" rel=\"lightbox noopener noreferrer\">Voir l&rsquo;image l\u00e9gend\u00e9e<\/a><\/p>\n<p> &nbsp; <\/p>\n<p>Le lobe m\u00e9dian est directement au contact de l&rsquo;eau du milieu ext\u00e9rieur. Il a une fonction sensorielle, portant organes <a href=\"\/codex\/glossaire\/glossaire-de-p-a-s#photorecepteur\" target=\"_blank\" rel=\"noopener noreferrer\">photor\u00e9cepteurs<\/a> (yeux), <a href=\"\/codex\/glossaire\/glossaire-de-i-a-o#mecanorecepteur\" target=\"_blank\" rel=\"noopener noreferrer\">m\u00e9canor\u00e9cepteurs<\/a> et <a href=\"\/codex\/glossaire\/glossaire-de-a-a-c#chemorecepteur\" target=\"_blank\" rel=\"noopener noreferrer\">ch\u00e9mor\u00e9cepteurs<\/a> (papilles et tentacules) selon les esp\u00e8ces de Bivalves consid\u00e9r\u00e9es.<\/p>\n<p> &nbsp; <\/p>\n<figure style=\"width: 300px\" class=\"wp-caption alignnone\"><a href=\"\/documents\/images\/Mytilus_manteau\/manteau_134_cttp97-WEB.jpg\" target=\"_blank\" rel=\"lightbox noopener noreferrer\"><img decoding=\"async\" class=\"\" src=\"\/documents\/images\/Mytilus_manteau\/manteau_134_cttp97-WEB.jpg\" alt=\"Manteau de la Moule\" width=\"300\" \/><\/a><figcaption class=\"wp-caption-text\">Lobe interne du manteau de la Moule (coupe transversale du bord du manteau)<\/figcaption><\/figure>\n<p style=\"text-align: right;\"><a href=\"\/documents\/images\/Mytilus_manteau\/manteau_134_cttp97_legende-WEB.jpg\" target=\"_blank\" rel=\"lightbox noopener noreferrer\">Voir l&rsquo;image l\u00e9gend\u00e9e<\/a><\/p>\n<p> &nbsp; <\/p>\n<p>Le lobe interne est particuli\u00e8rement riche en fibres musculaires. Il est responsable de la motricit\u00e9 du bord du manteau.<\/p>\n<p> &nbsp; <\/p>\n<figure style=\"width: 300px\" class=\"wp-caption alignnone\"><a href=\"\/documents\/images\/Mytilus_manteau\/manteau_180systeme_nerveux_ct145-WEB.jpg\" target=\"_blank\" rel=\"lightbox noopener noreferrer\"><img decoding=\"async\" class=\"\" src=\"\/documents\/images\/Mytilus_manteau\/manteau_180systeme_nerveux_ct145-WEB.jpg\" alt=\"Manteau de la Moule\" width=\"300\" \/><\/a><figcaption class=\"wp-caption-text\">Bord du manteau de la Moule (coupe transversale)<\/figcaption><\/figure>\n<p style=\"text-align: right;\"><a href=\"\/documents\/images\/Mytilus_manteau\/manteau_180systeme_nerveux_ct145_legende-WEB.jpg\" target=\"_blank\" rel=\"lightbox noopener noreferrer\">Voir l&rsquo;image l\u00e9gend\u00e9e<\/a><\/p>\n<p> &nbsp; <\/p>\n<p>En relation avec ses fonctions motrice et sensorielle, le bord du manteau est parcouru de multiples nerfs.<\/p>\n<p> &nbsp; <\/p>\n<h2>Le sommet du manteau : production de la coquille<\/h2>\n<p> &nbsp; <\/p>\n<figure style=\"width: 300px\" class=\"wp-caption alignnone\"><a href=\"\/documents\/images\/Mytilus_manteau\/manteau_34sommet_cttp97-WEB.jpg\" target=\"_blank\" rel=\"lightbox noopener noreferrer\"><img decoding=\"async\" class=\"\" src=\"\/documents\/images\/Mytilus_manteau\/manteau_34sommet_cttp97-WEB.jpg\" alt=\"Manteau de la Moule\" width=\"300\" \/><\/a><figcaption class=\"wp-caption-text\">Isthme du manteau de la Moule (coupe transversale du sommet du manteau)<\/figcaption><\/figure>\n<p style=\"text-align: right;\"><a href=\"\/documents\/images\/Mytilus_manteau\/manteau_34sommet_cttp97_legende-WEB.jpg\" target=\"_blank\" rel=\"lightbox noopener noreferrer\">Voir l&rsquo;image l\u00e9gend\u00e9e<\/a><\/p>\n<p> &nbsp; <\/p>\n<p>Dorsalement, l&rsquo;organisation de l&rsquo;isthme pall\u00e9al pr\u00e9sente des similitudes avec celle des bords du manteau : \u00e0 droite et \u00e0 gauche, l&rsquo;\u00e9pith\u00e9lium pall\u00e9al forme deux lobes s\u00e9par\u00e9s par un sillon. Un sillon m\u00e9dian isole les parties droite et gauche.<\/p>\n<p> &nbsp; <\/p>\n<figure style=\"width: 300px\" class=\"wp-caption alignnone\"><a href=\"\/documents\/images\/Mytilus_manteau\/manteau_138sommet_cttp97-WEB.jpg\" target=\"_blank\" rel=\"lightbox noopener noreferrer\"><img decoding=\"async\" class=\"\" src=\"\/documents\/images\/Mytilus_manteau\/manteau_138sommet_cttp97-WEB.jpg\" alt=\"Manteau de la Moule\" width=\"300\" \/><\/a><figcaption class=\"wp-caption-text\">\u00c9pith\u00e9liums s\u00e9cr\u00e9teurs du p\u00e9riostracum et de l&rsquo;ostracum de la Moule (coupe transversale du sommet du manteau)<\/figcaption><\/figure>\n<p style=\"text-align: right;\"><a href=\"\/documents\/images\/Mytilus_manteau\/manteau_138sommet_cttp97_legende-WEB.jpg\" target=\"_blank\" rel=\"lightbox noopener noreferrer\">Voir l&rsquo;image l\u00e9gend\u00e9e<\/a><\/p>\n<p> &nbsp; <\/p>\n<p>La s\u00e9cr\u00e9tion de la coquille y est r\u00e9alis\u00e9e de fa\u00e7on similaire : le sillon localis\u00e9 entre le lobe externe et le lobe m\u00e9dian \u00e9labore le p\u00e9riostracum et l&rsquo;ostracum.<\/p>\n<p> &nbsp; <\/p>\n<figure style=\"width: 300px\" class=\"wp-caption alignnone\"><a href=\"\/documents\/images\/Mytilus_manteau\/manteau_81sommet_cttp97-WEB.jpg\" target=\"_blank\" rel=\"lightbox noopener noreferrer\"><img decoding=\"async\" class=\"\" src=\"\/documents\/images\/Mytilus_manteau\/manteau_81sommet_cttp97-WEB.jpg\" alt=\"Manteau de la Moule\" width=\"300\" \/><\/a><figcaption class=\"wp-caption-text\">Lobe externe du sommet du manteau de la Moule (coupe transversale)<\/figcaption><\/figure>\n<p style=\"text-align: right;\"><a href=\"\/documents\/images\/Mytilus_manteau\/manteau_81sommet_cttp97_legende-WEB.jpg\" target=\"_blank\" rel=\"lightbox noopener noreferrer\">Voir l&rsquo;image l\u00e9gend\u00e9e<\/a><\/p>\n<p> &nbsp; <\/p>\n<figure style=\"width: 300px\" class=\"wp-caption alignnone\"><a href=\"\/documents\/images\/Mytilus_manteau\/manteau_141sommet_cttp97-WEB.jpg\" target=\"_blank\" rel=\"lightbox noopener noreferrer\"><img decoding=\"async\" class=\"\" src=\"\/documents\/images\/Mytilus_manteau\/manteau_141sommet_cttp97-WEB.jpg\" alt=\"Manteau de la Moule\" width=\"300\" \/><\/a><figcaption class=\"wp-caption-text\">Lobe interne du sommet du manteau de la Moule (coupe transversale)<\/figcaption><\/figure>\n<p style=\"text-align: right;\"><a href=\"\/documents\/images\/Mytilus_manteau\/manteau_141sommet_cttp97_legende-WEB.jpg\" target=\"_blank\" rel=\"lightbox noopener noreferrer\">Voir l&rsquo;image l\u00e9gend\u00e9e<\/a><\/p>\n<p> &nbsp; <\/p>\n<p>C&rsquo;est dans la r\u00e9gion dorsale que d\u00e9bute la production de la coquille, alors que la croissance en longueur et en largeur est assur\u00e9e par les s\u00e9cr\u00e9tions du bord du manteau.<\/p>\n<p>Par ailleurs \u00e0 l&rsquo;avant de l&rsquo;animal, l&rsquo;isthme produit le ligament form\u00e9 de deux couches. La couche externe est principalement constitu\u00e9e de conchyoline tann\u00e9e, \u00e0 l&rsquo;instar du p\u00e9riostracum. Elle est produite par le lobe externe de l&rsquo;isthme pall\u00e9al. La couche interne a pour sa part une composition plus proche de celle de l&rsquo;ostracum et de l&rsquo;hypoostracum en terme prot\u00e9ique. Elle est \u00e9labor\u00e9e par la r\u00e9gion centrale de l&rsquo;isthme.<\/p>\n<p> &nbsp; <\/p>\n<h2>La face externe du manteau : \u00e9paississement de la coquille<\/h2>\n<p> &nbsp; <\/p>\n<figure style=\"width: 300px\" class=\"wp-caption alignnone\"><a href=\"\/documents\/images\/Mytilus_manteau\/manteau_137_cttp97-WEB.jpg\" target=\"_blank\" rel=\"lightbox noopener noreferrer\"><img decoding=\"async\" class=\"\" src=\"\/documents\/images\/Mytilus_manteau\/manteau_137_cttp97-WEB.jpg\" alt=\"Manteau de la Moule\" width=\"300\" \/><\/a><figcaption class=\"wp-caption-text\">Feuillet externe du manteau de la Moule (coupe transversale)<\/figcaption><\/figure>\n<p style=\"text-align: right;\"><a href=\"\/documents\/images\/Mytilus_manteau\/manteau_137_cttp97_legende-WEB.jpg\" target=\"_blank\" rel=\"lightbox noopener noreferrer\">Voir l&rsquo;image l\u00e9gend\u00e9e<\/a><\/p>\n<p> &nbsp; <\/p>\n<p>L&rsquo;accroissement en \u00e9paisseur de la coquille est d\u00fb \u00e0 l&rsquo;activit\u00e9 de toute la surface du manteau.<\/p>\n<p>\u00c0 ce niveau, l&rsquo;\u00e9pith\u00e9lium est compos\u00e9 de cellules cubiques non cili\u00e9es, alternant avec de nombreux <a href=\"\/codex\/glossaire\/glossaire-de-i-a-o#mucocyte\" target=\"_blank\" rel=\"noopener noreferrer\">mucocytes<\/a>. Une fine <a href=\"\/codex\/glossaire\/glossaire-de-a-a-c#cuticule\" target=\"_blank\" rel=\"noopener noreferrer\">cuticule<\/a> le recouvre.<\/p>\n<p>Entre la surface du manteau et les couches d\u00e9pos\u00e9es par le sillon p\u00e9riostracal de son bord, un faible espace est m\u00e9nag\u00e9, contenant un liquide extrapall\u00e9al.<\/p>\n<p>Les cellules \u00e9pith\u00e9liales du feuillet externe du manteau y lib\u00e8rent de la conchyoline, des enzymes et des ions calcium, g\u00e9n\u00e9rant des conditions favorables \u00e0 la pr\u00e9cipitation du carbonate de calcium. Les cristaux constituant l&rsquo;ostracum et l&rsquo;hypoostracum peuvent ainsi se former sous le p\u00e9riostracum.<\/p>\n<p> &nbsp; <\/p>\n<h2>La face interne du manteau : d\u00e9limitation de la cavit\u00e9 pall\u00e9ale<\/h2>\n<p> &nbsp; <\/p>\n<figure style=\"width: 300px\" class=\"wp-caption alignnone\"><a href=\"\/documents\/images\/Mytilus_manteau\/manteau_164_ct145-WEB.jpg\" target=\"_blank\" rel=\"lightbox noopener noreferrer\"><img decoding=\"async\" class=\"\" src=\"\/documents\/images\/Mytilus_manteau\/manteau_164_ct145-WEB.jpg\" alt=\"Manteau de la Moule\" width=\"300\" \/><\/a><figcaption class=\"wp-caption-text\">Feuillet interne du manteau de la Moule (coupe transversale)<\/figcaption><\/figure>\n<p style=\"text-align: right;\"><a href=\"\/documents\/images\/Mytilus_manteau\/manteau_164_ct145_legende-WEB.jpg\" target=\"_blank\" rel=\"lightbox noopener noreferrer\">Voir l&rsquo;image l\u00e9gend\u00e9e<\/a><\/p>\n<p> &nbsp; <\/p>\n<p>Le feuillet \u00e9pith\u00e9lial du manteau au contact de la cavit\u00e9 pall\u00e9ale est compos\u00e9 de cellules prismatiques cili\u00e9es ainsi que de cellules <a href=\"\/codex\/glossaire\/glossaire-de-a-a-c#caliciforme\" target=\"_blank\" rel=\"noopener noreferrer\">caliciformes<\/a>.<br \/>\nLes premi\u00e8res jouent un r\u00f4le dans la circulation de l&rsquo;eau dans la cavit\u00e9 pall\u00e9ale et l&rsquo;\u00e9limination des particules rejet\u00e9es par les branchies.<br \/>\nLes secondes, \u00e9galement appel\u00e9es mucocytes, produisent du mucus et stockent parfois des glucides sous forme de glycog\u00e8ne.<br \/>\nDes cellules mobiles sont par ailleurs pr\u00e9sentes.<\/p>\n<p> &nbsp; <\/p>\n<h2>R\u00e9f\u00e9rences :<\/h2>\n<p><span style=\"color: #999999;\">\u2022 <\/span>Beedham G.E., 1958 &#8211; Observations on the Mantle of the Lamellibranchia. Quarterly Journal of Microscopical Science, 181-97<\/p>\n<p><span style=\"color: #999999;\">\u2022 <\/span>Beedham G.E., 1958 &#8211; Observations on the Non-calcareous Component of the Shell of the Lamellibranchia. Quarterly Journal of Microscopical Science, 341-58<\/p>\n<p><span style=\"color: #999999;\">\u2022 <\/span>Brusca R.C., Brusca G.J., 2002 \u2013 Invertebrates. Sinauer associates, 936p., Sunderland (USA)<\/p>\n<p><span style=\"color: #999999;\">\u2022 <\/span>Franc A., 1996 &#8211; Mollusques. Encyclop\u00e6dia universalis<\/p>\n<p><span style=\"color: #999999;\">\u2022 <\/span>Grass\u00e9 P.P. (sous la direction de), 1960 \u2013 Trait\u00e9 de zoologie. Tome V. Bryozoaires, Brachiopodes, Ch\u00e9tognathes, Pogonophores, Mollusques (deuxi\u00e8me fascicule). Masson, 1054-2219p. Paris<\/p>\n<p><span style=\"color: #999999;\">\u2022 <\/span>Termier G., Termier H., 1996 &#8211; Bivalves. Encyclop\u00e6dia Universalis<\/p>\n<p> &nbsp; <\/p>\n<p>Pour trouver la signification des termes du vocabulaire histologique en images, consulter les pages de la rubrique <a href=\"http:\/codex\/de-lorganisation-interne\/premiers-pas-histologiques\">Premiers pas histologiques<\/a> de Codex virtualis<\/p>\n<p> &nbsp; <\/p>\n","protected":false},"excerpt":{"rendered":"<p>&nbsp; La Moule (Mytilus edulis) est un animal dont le corps est prot\u00e9g\u00e9 par une coquille form\u00e9e de deux valves, droite et gauche, articul\u00e9es par une charni\u00e8re au niveau de laquelle elles sont reli\u00e9es par un ligament. &nbsp; Sous la coquille, le manteau &nbsp; Voir l&rsquo;image l\u00e9gend\u00e9e &nbsp; Voir l&rsquo;image l\u00e9gend\u00e9e &nbsp; Sous la coquille, [&hellip;]<\/p>\n","protected":false},"author":2,"featured_media":0,"parent":22,"menu_order":3,"comment_status":"closed","ping_status":"closed","template":"","meta":{"site-sidebar-layout":"default","site-content-layout":"","ast-site-content-layout":"default","site-content-style":"default","site-sidebar-style":"default","ast-global-header-display":"","ast-banner-title-visibility":"","ast-main-header-display":"","ast-hfb-above-header-display":"","ast-hfb-below-header-display":"","ast-hfb-mobile-header-display":"","site-post-title":"","ast-breadcrumbs-content":"","ast-featured-img":"","footer-sml-layout":"","ast-disable-related-posts":"","theme-transparent-header-meta":"","adv-header-id-meta":"","stick-header-meta":"","header-above-stick-meta":"","header-main-stick-meta":"","header-below-stick-meta":"","astra-migrate-meta-layouts":"default","ast-page-background-enabled":"default","ast-page-background-meta":{"desktop":{"background-color":"var(--ast-global-color-4)","background-image":"","background-repeat":"repeat","background-position":"center center","background-size":"auto","background-attachment":"scroll","background-type":"","background-media":"","overlay-type":"","overlay-color":"","overlay-opacity":"","overlay-gradient":""},"tablet":{"background-color":"","background-image":"","background-repeat":"repeat","background-position":"center center","background-size":"auto","background-attachment":"scroll","background-type":"","background-media":"","overlay-type":"","overlay-color":"","overlay-opacity":"","overlay-gradient":""},"mobile":{"background-color":"","background-image":"","background-repeat":"repeat","background-position":"center center","background-size":"auto","background-attachment":"scroll","background-type":"","background-media":"","overlay-type":"","overlay-color":"","overlay-opacity":"","overlay-gradient":""}},"ast-content-background-meta":{"desktop":{"background-color":"var(--ast-global-color-5)","background-image":"","background-repeat":"repeat","background-position":"center center","background-size":"auto","background-attachment":"scroll","background-type":"","background-media":"","overlay-type":"","overlay-color":"","overlay-opacity":"","overlay-gradient":""},"tablet":{"background-color":"var(--ast-global-color-5)","background-image":"","background-repeat":"repeat","background-position":"center center","background-size":"auto","background-attachment":"scroll","background-type":"","background-media":"","overlay-type":"","overlay-color":"","overlay-opacity":"","overlay-gradient":""},"mobile":{"background-color":"var(--ast-global-color-5)","background-image":"","background-repeat":"repeat","background-position":"center center","background-size":"auto","background-attachment":"scroll","background-type":"","background-media":"","overlay-type":"","overlay-color":"","overlay-opacity":"","overlay-gradient":""}},"footnotes":""},"class_list":["post-7988","page","type-page","status-publish","hentry"],"aioseo_notices":[],"jetpack_sharing_enabled":true,"_links":{"self":[{"href":"https:\/\/codexvirtualis.fr\/codex\/wp-json\/wp\/v2\/pages\/7988","targetHints":{"allow":["GET"]}}],"collection":[{"href":"https:\/\/codexvirtualis.fr\/codex\/wp-json\/wp\/v2\/pages"}],"about":[{"href":"https:\/\/codexvirtualis.fr\/codex\/wp-json\/wp\/v2\/types\/page"}],"author":[{"embeddable":true,"href":"https:\/\/codexvirtualis.fr\/codex\/wp-json\/wp\/v2\/users\/2"}],"replies":[{"embeddable":true,"href":"https:\/\/codexvirtualis.fr\/codex\/wp-json\/wp\/v2\/comments?post=7988"}],"version-history":[{"count":6,"href":"https:\/\/codexvirtualis.fr\/codex\/wp-json\/wp\/v2\/pages\/7988\/revisions"}],"predecessor-version":[{"id":12698,"href":"https:\/\/codexvirtualis.fr\/codex\/wp-json\/wp\/v2\/pages\/7988\/revisions\/12698"}],"up":[{"embeddable":true,"href":"https:\/\/codexvirtualis.fr\/codex\/wp-json\/wp\/v2\/pages\/22"}],"wp:attachment":[{"href":"https:\/\/codexvirtualis.fr\/codex\/wp-json\/wp\/v2\/media?parent=7988"}],"curies":[{"name":"wp","href":"https:\/\/api.w.org\/{rel}","templated":true}]}}