{"id":7877,"date":"2015-07-20T21:36:32","date_gmt":"2015-07-20T19:36:32","guid":{"rendered":"http:\/\/codexvirtualis.fr\/codex\/?page_id=7877"},"modified":"2015-07-20T21:36:32","modified_gmt":"2015-07-20T19:36:32","slug":"un-trou-dans-une-coquille","status":"publish","type":"page","link":"https:\/\/codexvirtualis.fr\/codex\/cabinet-de-curiosites-virtuel\/images-insolites-instructives\/un-trou-dans-une-coquille","title":{"rendered":"Un trou dans une coquille"},"content":{"rendered":"<p> &nbsp; <\/p>\n<figure style=\"width: 300px\" class=\"wp-caption alignnone\"><a rel=\"lightbox\" href=\"\/documents\/images\/Mytilus_Nucella\/mytilus_predation_DSCN3774-WEB.JPG\" target=\"_blank\"><img decoding=\"async\" src=\"\/documents\/images\/Mytilus_Nucella\/mytilus_predation_DSCN3774-WEB.JPG\" width=\"300\" alt=\"Trou dans une coquille de Moule\" class \/><\/a><figcaption class=\"wp-caption-text\">Trou dans une coquille de Moule (Crozon, f\u00e9vrier 2005)<\/figcaption><\/figure>\n<p> &nbsp; <\/p>\n<p>La <a href=\"\/codex\/semaine-16-2015\">Moule commune<\/a> (<em>Mytilus edulis<\/em>) est un animal vivant sur les c\u00f4tes rocheuses, fix\u00e9 aux rochers par un <a href=\"\/codex\/cabinet-de-curiosites-virtuel\/images-insolites-instructives\/la-moule-et-son-rocher\">byssus<\/a> fibreux.<br \/>\nGr\u00e9gaire, elle peut former des groupes nombreux \u00e0 l&rsquo;origine de v\u00e9ritables <a href=\"\/codex\/glossaire\/glossaire-de-d-a-h#ecosysteme\" target=\"_blank\">\u00e9cosyst\u00e8mes<\/a> appel\u00e9s mouli\u00e8res. <\/p>\n<p>Il n&rsquo;est pas rare de trouver dans les mouli\u00e8res des valves de coquilles de Moule perc\u00e9es d&rsquo;un orifice circulaire r\u00e9gulier.<\/p>\n<p>Quelle est l&rsquo;origine de ce trou dans la coquille ? <\/p>\n<p> &nbsp; <\/p>\n<figure style=\"width: 300px\" class=\"wp-caption alignnone\"><a rel=\"lightbox\" href=\"\/documents\/images\/Mytilus_Nucella\/nucella_mouliere_IMGP5869-WEB.JPG\" target=\"_blank\"><img decoding=\"async\" src=\"\/documents\/images\/Mytilus_Nucella\/nucella_mouliere_IMGP5869-WEB.JPG\" width=\"300\" alt=\"Pourpre dans la mouli\u00e8re\" class \/><\/a><figcaption class=\"wp-caption-text\">Pourpre dans la mouli\u00e8re (Crozon, f\u00e9vrier 2009)<\/figcaption><\/figure>\n<p> &nbsp; <\/p>\n<p>La mouli\u00e8re abrite une communaut\u00e9 d&rsquo;esp\u00e8ces comportant divers Ann\u00e9lides, Arthropodes, Mollusques gast\u00e9ropodes pour ne citer que quelques groupes.<\/p>\n<p>Parmi les derniers figure le <a href=\"\/codex\/semaine-07-2014\">Pourpre<\/a> (<em>Nucella lapillus<\/em>).<br \/>\n\u00c0 mar\u00e9e basse, il se d\u00e9place sur les Moules, rampant \u00e0 l&rsquo;aide de son pied et s&rsquo;orientant gr\u00e2ce aux organes sensoriels port\u00e9s par sa t\u00eate, yeux et tentacules notamment.<\/p>\n<p> &nbsp; <\/p>\n<figure style=\"width: 300px\" class=\"wp-caption alignnone\"><a rel=\"lightbox\" href=\"\/documents\/images\/Mytilus_Nucella\/nucella_mytilus2-WEB.JPG\" target=\"_blank\"><img decoding=\"async\" src=\"\/documents\/images\/Mytilus_Nucella\/nucella_mytilus2-WEB.JPG\" width=\"300\" alt=\"Pourpre dans la mouli\u00e8re\" class \/><\/a><figcaption class=\"wp-caption-text\">Pourpre dans la mouli\u00e8re (Crozon, f\u00e9vrier 2009)<\/figcaption><\/figure>\n<p> &nbsp; <\/p>\n<p>Le Pourpre est parfois immobile, comme fix\u00e9 sur une Moule.<\/p>\n<p> &nbsp; <\/p>\n<figure style=\"width: 300px\" class=\"wp-caption alignnone\"><a rel=\"lightbox\" href=\"\/documents\/images\/Mytilus_Nucella\/mytilus_nucella_DSCN3772-WEB.JPG\" target=\"_blank\"><img decoding=\"async\" src=\"\/documents\/images\/Mytilus_Nucella\/mytilus_nucella_DSCN3772-WEB.JPG\" width=\"300\" alt=\"Repas du Pourpre\" class \/><\/a><figcaption class=\"wp-caption-text\">Repas du pourpre (Crozon, f\u00e9vrier 2005)<\/figcaption><\/figure>\n<p> &nbsp; <\/p>\n<p>Lorsque l&rsquo;on \u00e9carte les deux protagonistes, il appara\u00eet que la coquille de la Moule pr\u00e9sente un orifice, par lequel le Pourpre introduit sa trompe !<\/p>\n<p>Le Pourpre se r\u00e9gale de Bivalves comme la Moule, mais leur coquille constitue un obstacle \u00e0 ses repas.<br \/>\nComment le franchit-il ?<\/p>\n<p>Il poss\u00e8de un organe de perforation, localis\u00e9 dans la r\u00e9gion ant\u00e9rieure du pied, \u00e0 proximit\u00e9 du complexe buccal. Il est constitu\u00e9 d&rsquo;un renflement s\u00e9cr\u00e9teur associ\u00e9 \u00e0 un tissu lacuneux richement vascularis\u00e9, innerv\u00e9 et associ\u00e9 \u00e0 des fibres musculaires.<\/p>\n<p>En pr\u00e9sence d&rsquo;une proie, le Pourpre applique son pied sur une valve. Un afflux d&rsquo;h\u00e9molymphe dans le tissu lacuneux provoque la saillie de la r\u00e9gion s\u00e9cr\u00e9trice  qui entre en contact avec la coquille. Elle lib\u00e8re un m\u00e9lange de mucopolysaccharides et de glycoprot\u00e9ines dont le pH est acide, riche en enzymes notamment en anhydrase carbonique.<br \/>\nDans un premier temps, certaines enzymes dig\u00e8rent la matrice prot\u00e9ique de la coquille, d\u00e9sorganisant les r\u00e9seaux de cristaux de carbonate de calcium. L&rsquo;anhydrase carbonique agit alors, conjointement avec de l&rsquo;acide chlorhydrique et des substances fixant le calcium appel\u00e9es ch\u00e9lateurs, solubilisant les sels min\u00e9raux de la coquille. Le calcium est capt\u00e9 par les cellules s\u00e9cr\u00e9trices et transf\u00e9r\u00e9 \u00e0 l&rsquo;h\u00e9molymphe.<\/p>\n<p>Ce processus chimique est entrecoup\u00e9 de phases m\u00e9caniques.<br \/>\nLe complexe buccal du Pourpre comporte une partie d\u00e9vaginable, la trompe ou proboscis. Elle comprend la bouche, ouverte \u00e0 son extr\u00e9mit\u00e9, la cavit\u00e9 buccale situ\u00e9e en arri\u00e8re et associ\u00e9e \u00e0 une radula, ainsi que l&rsquo;\u0153sophage.<br \/>\nLa radula est une sorte de ruban h\u00e9riss\u00e9 de dents, anim\u00e9 de mouvements de va-et-vient. Un afflux d&rsquo;h\u00e9molymphe au niveau de la t\u00eate et le rel\u00e2chement de muscles r\u00e9tracteurs provoque la d\u00e9vagination du proboscis. Elle am\u00e8ne la radula au contact de la coquille. Agissant comme une r\u00e2pe, elle abrase et \u00e9limine la portion de coquille partiellement d\u00e9grad\u00e9e.<\/p>\n<p>L&rsquo;alternance des phases chimique et m\u00e9canique aboutit \u00e0 la formation d&rsquo;un orifice circulaire dans la coquille. Le processus demande 8 heures pour une coquille \u00e9paisse de 2 mm. En laboratoire, il progresse \u00e0 la vitesse de 0,3 \u00e0 0,5 mm par jour.<\/p>\n<p>Le trou perc\u00e9, le Pourpre introduit son proboscis \u00e0 travers la coquille.<br \/>\nLa radula, par ses mouvement, r\u00e2pe les tissus de la proie et en d\u00e9tache de petits fragments. Ils sont aspir\u00e9s par le complexe buccal et entra\u00een\u00e9s dans le tube digestif par le battement des cils \u0153sophagiens.<br \/>\nLe proboscis permet ainsi \u00e0 l&rsquo;animal de puiser sa nourriture \u00e0 l&rsquo;int\u00e9rieur de la coquille.<\/p>\n<p> &nbsp; <\/p>\n<figure style=\"width: 300px\" class=\"wp-caption alignnone\"><a rel=\"lightbox\" href=\"\/documents\/images\/Mytilus_Nucella\/nucella_nucella_IMGP5875-WEB.JPG\" target=\"_blank\"><img decoding=\"async\" src=\"\/documents\/images\/Mytilus_Nucella\/nucella_nucella_IMGP5875-WEB.JPG\" width=\"300\" alt=\"Le Pourpre aussi !\" class \/><\/a><figcaption class=\"wp-caption-text\">Le Pourpre aussi ! (Crozon, f\u00e9vrier 2009)<\/figcaption><\/figure>\n<p> &nbsp; <\/p>\n<p>Il arrive que des coquilles de Pourpre soient elles-m\u00eames perc\u00e9es d&rsquo;un trou, ce qui sugg\u00e8re que l&rsquo;esp\u00e8ce pourrait \u00eatre cannibale au stade adulte.<\/p>\n<p>S&rsquo;alimentant de Mollusques, le Pourpre pratique la <a href=\"\/codex\/glossaire\/glossaire-de-i-a-o#malacophagie\" target=\"_blank\">malacophagie <\/a>ou <a href=\"\/codex\/glossaire\/glossaire-de-i-a-o#molluscivorie\" target=\"_blank\">molluscivorie<\/a>.<\/p>\n<p> &nbsp; <\/p>\n<p>La pr\u00e9dation exerc\u00e9e par le Pourpre sur la Moule commune a un impact \u00e9cologique non n\u00e9gligeable.<\/p>\n<p>Sur les c\u00f4tes rocheuses battues par les vagues, dans la r\u00e9gion inf\u00e9rieure de la zone intertidale, alternativement couverte et d\u00e9couverte par la mar\u00e9e, l&rsquo;esp\u00e8ce dominante est la Moule. En comp\u00e9tition avec les Balanes et certaines algues, elle parvient \u00e0 provoquer leur \u00e9limination.<\/p>\n<p>Lorsque des pr\u00e9dateurs comme le Pourpre sont pr\u00e9sents, les Balanes et les algues coexistent avec les Moules. Ils pr\u00e9viennent l&rsquo;\u00e9radication de ces esp\u00e8ces par la Moule, en r\u00e9duisant sa population.<\/p>\n<p>Le Pourpre appara\u00eet dans ces conditions comme un r\u00e9gulateur de la population de Moules, dont l&rsquo;action impacte l&rsquo;ensemble de la communaut\u00e9 de la mouli\u00e8re par l&rsquo;interm\u00e9diaire d&rsquo;une modification des relations de comp\u00e9tition entre ses membres.<br \/>\nL&rsquo;esp\u00e8ce est dite cl\u00e9 de vo\u00fbte.<\/p>\n<p> &nbsp; <\/p>\n<p>R\u00e9f\u00e9rences :<\/p>\n<p><span style=\"color: #999999;\">&bull; <\/span>Nibakken J.W., 2001 &#8211; Marine biology : an ecological approach. Benjamin Cummings, 516p. San Francisco (USA)<\/p>\n<p><span style=\"color: #999999;\">&bull; <\/span>Turquier Y., 1989 &#8211; L&rsquo;organisme dans son milieu : les fonctions de nutrition. Doin, 315p. Paris<\/p>\n","protected":false},"excerpt":{"rendered":"<p>&nbsp; &nbsp; La Moule commune (Mytilus edulis) est un animal vivant sur les c\u00f4tes rocheuses, fix\u00e9 aux rochers par un byssus fibreux. Gr\u00e9gaire, elle peut former des groupes nombreux \u00e0 l&rsquo;origine de v\u00e9ritables \u00e9cosyst\u00e8mes appel\u00e9s mouli\u00e8res. Il n&rsquo;est pas rare de trouver dans les mouli\u00e8res des valves de coquilles de Moule perc\u00e9es d&rsquo;un orifice circulaire [&hellip;]<\/p>\n","protected":false},"author":2,"featured_media":0,"parent":1788,"menu_order":7,"comment_status":"closed","ping_status":"closed","template":"","meta":{"site-sidebar-layout":"default","site-content-layout":"","ast-site-content-layout":"default","site-content-style":"default","site-sidebar-style":"default","ast-global-header-display":"","ast-banner-title-visibility":"","ast-main-header-display":"","ast-hfb-above-header-display":"","ast-hfb-below-header-display":"","ast-hfb-mobile-header-display":"","site-post-title":"","ast-breadcrumbs-content":"","ast-featured-img":"","footer-sml-layout":"","ast-disable-related-posts":"","theme-transparent-header-meta":"","adv-header-id-meta":"","stick-header-meta":"","header-above-stick-meta":"","header-main-stick-meta":"","header-below-stick-meta":"","astra-migrate-meta-layouts":"default","ast-page-background-enabled":"default","ast-page-background-meta":{"desktop":{"background-color":"var(--ast-global-color-4)","background-image":"","background-repeat":"repeat","background-position":"center center","background-size":"auto","background-attachment":"scroll","background-type":"","background-media":"","overlay-type":"","overlay-color":"","overlay-opacity":"","overlay-gradient":""},"tablet":{"background-color":"","background-image":"","background-repeat":"repeat","background-position":"center center","background-size":"auto","background-attachment":"scroll","background-type":"","background-media":"","overlay-type":"","overlay-color":"","overlay-opacity":"","overlay-gradient":""},"mobile":{"background-color":"","background-image":"","background-repeat":"repeat","background-position":"center center","background-size":"auto","background-attachment":"scroll","background-type":"","background-media":"","overlay-type":"","overlay-color":"","overlay-opacity":"","overlay-gradient":""}},"ast-content-background-meta":{"desktop":{"background-color":"var(--ast-global-color-5)","background-image":"","background-repeat":"repeat","background-position":"center center","background-size":"auto","background-attachment":"scroll","background-type":"","background-media":"","overlay-type":"","overlay-color":"","overlay-opacity":"","overlay-gradient":""},"tablet":{"background-color":"var(--ast-global-color-5)","background-image":"","background-repeat":"repeat","background-position":"center center","background-size":"auto","background-attachment":"scroll","background-type":"","background-media":"","overlay-type":"","overlay-color":"","overlay-opacity":"","overlay-gradient":""},"mobile":{"background-color":"var(--ast-global-color-5)","background-image":"","background-repeat":"repeat","background-position":"center center","background-size":"auto","background-attachment":"scroll","background-type":"","background-media":"","overlay-type":"","overlay-color":"","overlay-opacity":"","overlay-gradient":""}},"footnotes":""},"class_list":["post-7877","page","type-page","status-publish","hentry"],"aioseo_notices":[],"jetpack_sharing_enabled":true,"_links":{"self":[{"href":"https:\/\/codexvirtualis.fr\/codex\/wp-json\/wp\/v2\/pages\/7877","targetHints":{"allow":["GET"]}}],"collection":[{"href":"https:\/\/codexvirtualis.fr\/codex\/wp-json\/wp\/v2\/pages"}],"about":[{"href":"https:\/\/codexvirtualis.fr\/codex\/wp-json\/wp\/v2\/types\/page"}],"author":[{"embeddable":true,"href":"https:\/\/codexvirtualis.fr\/codex\/wp-json\/wp\/v2\/users\/2"}],"replies":[{"embeddable":true,"href":"https:\/\/codexvirtualis.fr\/codex\/wp-json\/wp\/v2\/comments?post=7877"}],"version-history":[{"count":31,"href":"https:\/\/codexvirtualis.fr\/codex\/wp-json\/wp\/v2\/pages\/7877\/revisions"}],"predecessor-version":[{"id":7911,"href":"https:\/\/codexvirtualis.fr\/codex\/wp-json\/wp\/v2\/pages\/7877\/revisions\/7911"}],"up":[{"embeddable":true,"href":"https:\/\/codexvirtualis.fr\/codex\/wp-json\/wp\/v2\/pages\/1788"}],"wp:attachment":[{"href":"https:\/\/codexvirtualis.fr\/codex\/wp-json\/wp\/v2\/media?parent=7877"}],"curies":[{"name":"wp","href":"https:\/\/api.w.org\/{rel}","templated":true}]}}