{"id":7563,"date":"2015-07-14T10:54:07","date_gmt":"2015-07-14T08:54:07","guid":{"rendered":"http:\/\/codexvirtualis.fr\/codex\/?page_id=7563"},"modified":"2015-07-14T21:17:00","modified_gmt":"2015-07-14T19:17:00","slug":"alimentation-sabelle","status":"publish","type":"page","link":"https:\/\/codexvirtualis.fr\/codex\/cabinet-de-curiosites-virtuel\/des-animaux-et-des-milieux\/alimentation-sabelle","title":{"rendered":"Au menu de la Sabelle&#8230;"},"content":{"rendered":"<p> &nbsp; <\/p>\n<h2>Des particules alimentaires flottant dans l&rsquo;eau de mer capt\u00e9es par une couronne de tentacules<\/h2>\n<p> &nbsp; <\/p>\n<p>La zone intertidale, alternativement couverte et d\u00e9couverte par la mar\u00e9e, rev\u00eat de multiples formes notamment du point de vue de la compacit\u00e9 du substrat, qui distingue les milieux rocheux, dur, et sableux, meuble. <\/p>\n<p>Les c\u00f4tes sableuses pr\u00e9sentent une relative diversit\u00e9 en termes de caract\u00e9ristiques physiques et chimiques mais aussi de peuplements.<br \/>\nLes r\u00e9gions moyenne et inf\u00e9rieure de la zone intertidale sont ainsi parfois occup\u00e9es par des herbiers.<br \/>\nCes peuplements ont la particularit\u00e9 de comporter des plantes \u00e0 fleurs, semblables \u00e0 celles du milieu terrestre, poss\u00e9dant feuilles, tiges et racines. Le terme herbier est une r\u00e9f\u00e9rence \u00e0 leur pr\u00e9sence.<br \/>\nEn Manche et en Atlantique, ces plantes sont des Zost\u00e8res (<em>Zostera sp.<\/em>). Elles modifient profond\u00e9ment leur environnement, en particulier :<\/p>\n<p><span style=\"color: #999999;\">&bull; <\/span>leur ancrage dans le sable conduit au pi\u00e9geage des s\u00e9diments et \u00e0 la stabilisation du substrat ;<\/p>\n<p><span style=\"color: #999999;\">&bull; <\/span>leurs feuilles flottant dans le courant captent les particules en suspension qui tombent au fond ;<\/p>\n<p><span style=\"color: #999999;\">&bull; <\/span>la fanaison et la chute des feuilles enrichissent le substrat en mati\u00e8re organique.<\/p>\n<p>En cons\u00e9quence des banquettes sur\u00e9lev\u00e9es, o\u00f9 sont implant\u00e9es les Zost\u00e8res, se forment, entre lesquelles de chenaux sont creus\u00e9s.<\/p>\n<p>Offrant des conditions favorables, les herbiers abritent une faune tr\u00e8s diversifi\u00e9e.<\/p>\n<p> &nbsp; <\/p>\n<h3>Dans le sable, un tube&#8230;<\/h3>\n<p> &nbsp; <\/p>\n<figure style=\"width: 300px\" class=\"wp-caption alignnone\"><a rel=\"lightbox\" href=\"\/documents\/images\/Sabella_pavonina\/sabelle_05_DSCN3556-WEB.jpg\" target=\"_blank\"><img decoding=\"async\" src=\"\/documents\/images\/Sabella_pavonina\/sabelle_05_DSCN3556-WEB.jpg\" width=\"300\" alt=\"Tubes de Sabelle \u00e0 mar\u00e9e basse\" class \/><\/a><figcaption class=\"wp-caption-text\">Tubes de Sabelle \u00e0 mar\u00e9e basse (Carantec, f\u00e9vrier 2005)<\/figcaption><\/figure>\n<p> &nbsp; <\/p>\n<figure style=\"width: 300px\" class=\"wp-caption alignnone\"><a rel=\"lightbox\" href=\"\/documents\/images\/Sabella_pavonina\/sabelle_05_DSCN3551-WEB.jpg\" target=\"_blank\"><img decoding=\"async\" src=\"\/documents\/images\/Sabella_pavonina\/sabelle_05_DSCN3551-WEB.jpg\" width=\"300\" alt=\"Tube de Sabelle \u00e0 mar\u00e9e basse\" class \/><\/a><figcaption class=\"wp-caption-text\">Tube de Sabelle \u00e0 mar\u00e9e basse (Carantec, f\u00e9vrier 2005)<\/figcaption><\/figure>\n<p> &nbsp; <\/p>\n<p>\u00c0 mar\u00e9e basse parmi les feuilles des herbiers, il est fr\u00e9quent d&rsquo;observer l&rsquo;extr\u00e9mit\u00e9 d&rsquo;un tube pointant hors du substrat.<br \/>\nDe consistance \u00e9lastique, il est compos\u00e9 d&rsquo;une matrice organique de nature muqueuse engluant de fines particules de sable.<br \/>\nIl se prolonge en profondeur sur une longueur pouvant atteindre 250 mm.<\/p>\n<p> &nbsp; <\/p>\n<h3>Dans le tube, un ver&#8230;<\/h3>\n<p> &nbsp; <\/p>\n<figure style=\"width: 300px\" class=\"wp-caption alignnone\"><a rel=\"lightbox\" href=\"\/documents\/images\/Sabella_pavonina\/sabella05-07-WEB.jpg\" target=\"_blank\"><img decoding=\"async\" src=\"\/documents\/images\/Sabella_pavonina\/sabella05-07-WEB.jpg\" width=\"300\" alt=\"Panache de Sabelle \u00e0 mar\u00e9e haute\" class \/><\/a><figcaption class=\"wp-caption-text\">Panache de Sabelle \u00e0 mar\u00e9e haute (Carantec, f\u00e9vrier 2007)<\/figcaption><\/figure>\n<p> &nbsp; <\/p>\n<figure style=\"width: 300px\" class=\"wp-caption alignnone\"><a rel=\"lightbox\" href=\"\/documents\/images\/Sabella_pavonina\/sabella04-07-WEB.jpg\" target=\"_blank\"><img decoding=\"async\" src=\"\/documents\/images\/Sabella_pavonina\/sabella04-07-WEB.jpg\" width=\"300\" alt=\"Panache de Sabelle \u00e0 mar\u00e9e haute\" class \/><\/a><figcaption class=\"wp-caption-text\">Panache de Sabelle \u00e0 mar\u00e9e haute (Carantec, f\u00e9vrier 2007)<\/figcaption><\/figure>\n<p> &nbsp; <\/p>\n<p>\u00c0 mar\u00e9e haute, un panache de longs tentacules \u00e9merge de l&rsquo;extr\u00e9mit\u00e9 libre du tube et se d\u00e9ploie dans le courant.<br \/>\nCette couronne de fines expansions correspond \u00e0 l&rsquo;extr\u00e9mit\u00e9 ant\u00e9rieure d&rsquo;une Sabelle (<em>Sabella pavonina<\/em>) vivant dans le tube, qu&rsquo;elle \u00e9labore en s\u00e9cr\u00e9tant des substances muqueuses et en agglom\u00e9rant des particules de sable. Elle a fait l&rsquo;objet de l&rsquo;article de la <a href=\"\/codex\/semaine-37-2014\">semaine 37-2014<\/a> de Codex virtualis.<\/p>\n<p>Appartenant au groupe des Ann\u00e9lides polych\u00e8tes, la Sabelle poss\u00e8de un corps form\u00e9 de segments semblables les uns aux autres, portant lat\u00e9ralement des expansions aplaties appel\u00e9es parapodes o\u00f9 sont ins\u00e9r\u00e9es des soies.<br \/>\nLa bouche est localis\u00e9e \u00e0 l&rsquo;extr\u00e9mit\u00e9 ant\u00e9rieure de l&rsquo;animal du c\u00f4t\u00e9 de l&rsquo;ouverture du tube, et l&rsquo;anneau qui est situ\u00e9 en avant, le prostomium, est modifi\u00e9 en tentacules.<br \/>\nIl est aussi \u00e0 l&rsquo;origine de deux structures dorsales allong\u00e9es et coniques, appel\u00e9es l\u00e8vres dorsales, prolong\u00e9es chacune par un tentacule dorsal plus sombre que les autres.<\/p>\n<p> &nbsp; <\/p>\n<h3>&#8230; suspensivore<\/h3>\n<p> &nbsp; <\/p>\n<figure style=\"width: 300px\" class=\"wp-caption alignnone\"><a rel=\"lightbox\" href=\"\/documents\/images\/Sabella_pavonina\/sabelle_05_DSCN3174-WEB.jpg\" target=\"_blank\"><img decoding=\"async\" src=\"\/documents\/images\/Sabella_pavonina\/sabelle_05_DSCN3174-WEB.jpg\" width=\"300\" alt=\"Panache de Sabelle d\u00e9ploy\u00e9\" class \/><\/a><figcaption class=\"wp-caption-text\">Panache de Sabelle d\u00e9ploy\u00e9 (f\u00e9vrier 2005)<\/figcaption><\/figure>\n<p> &nbsp; <\/p>\n<figure style=\"width: 300px\" class=\"wp-caption alignnone\"><a rel=\"lightbox\" href=\"\/documents\/images\/Sabella_pavonina\/sabelle_05_DSCN3182-WEB.jpg\" target=\"_blank\"><img decoding=\"async\" src=\"\/documents\/images\/Sabella_pavonina\/sabelle_05_DSCN3182-WEB.jpg\" width=\"300\" alt=\"Tentacules de Sabelle d\u00e9ploy\u00e9s\" class \/><\/a><figcaption class=\"wp-caption-text\">Tentacules de Sabelle d\u00e9ploy\u00e9s (f\u00e9vrier 2005)<\/figcaption><\/figure>\n<p> &nbsp; <\/p>\n<figure style=\"width: 300px\" class=\"wp-caption alignnone\"><a rel=\"lightbox\" href=\"\/documents\/images\/Sabella_pavonina\/sabelle_05_DSCN3185-WEB.jpg\" target=\"_blank\"><img decoding=\"async\" src=\"\/documents\/images\/Sabella_pavonina\/sabelle_05_DSCN3185-WEB.jpg\" width=\"300\" alt=\"Tentacules de Sabelle d\u00e9ploy\u00e9s\" class \/><\/a><figcaption class=\"wp-caption-text\">Tentacules de Sabelle d\u00e9ploy\u00e9s (f\u00e9vrier 2005)<\/figcaption><\/figure>\n<p> &nbsp; <\/p>\n<figure style=\"width: 300px\" class=\"wp-caption alignnone\"><a rel=\"lightbox\" href=\"\/documents\/images\/Sabella_pavonina\/sabelle_05_DSCN3186-WEB.jpg\" target=\"_blank\"><img decoding=\"async\" src=\"\/documents\/images\/Sabella_pavonina\/sabelle_05_DSCN3186-WEB.jpg\" width=\"300\" alt=\"Tentacules de Sabelle d\u00e9ploy\u00e9s\" class \/><\/a><figcaption class=\"wp-caption-text\">Tentacules de Sabelle d\u00e9ploy\u00e9s (f\u00e9vrier 2005)<\/figcaption><\/figure>\n<p> &nbsp; <\/p>\n<p>En pleine extension, un tentacule appara\u00eet form\u00e9 d&rsquo;un axe portant lat\u00e9ralement deux rang\u00e9es de ramifications, d\u00e9sign\u00e9es par le terme pinnules.<br \/>\nLe d\u00e9ploiement des tentacules est li\u00e9 \u00e0 une augmentation de la pression exerc\u00e9e sur le compartiment liquidien qu&rsquo;ils contiennent.<\/p>\n<p>La Sabelle r\u00e9alise sa prise de nourriture \u00e0 l&rsquo;aide du panache de tentacules d\u00e9ploy\u00e9, formant un entonnoir au fond duquel est localis\u00e9e la bouche.<br \/>\nUn courant d&rsquo;eau, g\u00e9n\u00e9r\u00e9 par les battements des cils port\u00e9s par les pinnules, traverse le panache de l&rsquo;ext\u00e9rieur vers l&rsquo;int\u00e9rieur et de bas en haut.<br \/>\nLes particules flottant dans l&rsquo;eau, apport\u00e9es par ce courant, sont d\u00e9vi\u00e9es par les cils des pinnules. Elles sont alors achemin\u00e9es vers l&rsquo;axe du tentacule par les microcourants dus aux mouvements des cils.<br \/>\nL&rsquo;axe du tentacule est creus\u00e9 d&rsquo;un sillon sur sa face interne. Les particules y cheminent en direction de la bouche, tout en subissant un tri en fonction de leurs dimensions.<br \/>\nLes particules les plus fines sont amen\u00e9es \u00e0 la bouche et ing\u00e9r\u00e9es, les corpuscules moyens sont incorpor\u00e9s au tube alors que les plus volumineux sont \u00e9vacu\u00e9s hors du panache. <\/p>\n<p>En relation avec les modalit\u00e9s de la prise alimentaire, la Sabelle est qualifi\u00e9e de <a href=\"\/codex\/glossaire\/glossaire-de-p-a-s#suspensivorie\" target=\"_blank\">suspensivore<\/a> ou filtreuse. Elle pratique la <a href=\"\/codex\/glossaire\/glossaire-de-i-a-o#microphagie\" target=\"_blank\">microphagie<\/a> par <a href=\"\/codex\/glossaire\/glossaire-de-d-a-h#filtration\" target=\"_blank\">filtration<\/a>.<\/p>\n<p> &nbsp; <\/p>\n<p>Pour en savoir plus, consulter :<\/p>\n<p><span style=\"color: #999999;\">&bull; <\/span>la page <a href=\"\/codex\/de-lorganisation-interne\/panache-filtration-sabelle\">Le panache et la filtration<\/a> de la rubrique <a href=\"\/codex\/de-lorganisation-interne\">De l&rsquo;organisation interne<\/a> de Codex virtualis, consacr\u00e9e \u00e0 la structure histologique du panache de tentacules<\/p>\n<p><span style=\"color: #999999;\">&bull; <\/span>la fiche esp\u00e8ce consacr\u00e9e \u00e0 <em>Sabella pavonina<\/em> du site DORIS-FFESSM (Donn\u00e9es d&rsquo;observations pour la reconnaissance et l&rsquo;identification de la faune et de la flore subaquatiques &#8211; consult\u00e9 le 14 juillet 2015)<br \/>\n<a href=\"http:\/\/doris.ffessm.fr\/fiche2.asp?fiche_numero=605\" target=\"_blank\">FEUGAS Marie-Pierre, SCAPS Patrick, LAMARE V\u00e9ronique,  in : DORIS, 15\/8\/2014 : Sabella pavonina Savigny, 1822<\/a> (adresse : http:\/\/doris.ffessm.fr\/fiche2.asp?fiche_numero=605)<\/p>\n<p><span style=\"color: #999999;\">&bull; <\/span>Turquier Y., 1989 \u2013 L&rsquo;organisme dans son milieu. 1. Les fonctions de nutrition. Doin, 315p. Paris<\/p>\n<p><span style=\"color: #999999;\">&bull; <\/span>Turquier Y., Loir M., 1981 \u2013 Conna\u00eetre et reconna\u00eetre la faune du littoral. Ouest France, 332p. Rennes<\/p>\n<p> &nbsp; <\/p>\n","protected":false},"excerpt":{"rendered":"<p>&nbsp; Des particules alimentaires flottant dans l&rsquo;eau de mer capt\u00e9es par une couronne de tentacules &nbsp; La zone intertidale, alternativement couverte et d\u00e9couverte par la mar\u00e9e, rev\u00eat de multiples formes notamment du point de vue de la compacit\u00e9 du substrat, qui distingue les milieux rocheux, dur, et sableux, meuble. Les c\u00f4tes sableuses pr\u00e9sentent une relative [&hellip;]<\/p>\n","protected":false},"author":2,"featured_media":0,"parent":1757,"menu_order":2,"comment_status":"closed","ping_status":"closed","template":"","meta":{"site-sidebar-layout":"default","site-content-layout":"","ast-site-content-layout":"default","site-content-style":"default","site-sidebar-style":"default","ast-global-header-display":"","ast-banner-title-visibility":"","ast-main-header-display":"","ast-hfb-above-header-display":"","ast-hfb-below-header-display":"","ast-hfb-mobile-header-display":"","site-post-title":"","ast-breadcrumbs-content":"","ast-featured-img":"","footer-sml-layout":"","ast-disable-related-posts":"","theme-transparent-header-meta":"","adv-header-id-meta":"","stick-header-meta":"","header-above-stick-meta":"","header-main-stick-meta":"","header-below-stick-meta":"","astra-migrate-meta-layouts":"default","ast-page-background-enabled":"default","ast-page-background-meta":{"desktop":{"background-color":"var(--ast-global-color-4)","background-image":"","background-repeat":"repeat","background-position":"center center","background-size":"auto","background-attachment":"scroll","background-type":"","background-media":"","overlay-type":"","overlay-color":"","overlay-opacity":"","overlay-gradient":""},"tablet":{"background-color":"","background-image":"","background-repeat":"repeat","background-position":"center center","background-size":"auto","background-attachment":"scroll","background-type":"","background-media":"","overlay-type":"","overlay-color":"","overlay-opacity":"","overlay-gradient":""},"mobile":{"background-color":"","background-image":"","background-repeat":"repeat","background-position":"center center","background-size":"auto","background-attachment":"scroll","background-type":"","background-media":"","overlay-type":"","overlay-color":"","overlay-opacity":"","overlay-gradient":""}},"ast-content-background-meta":{"desktop":{"background-color":"var(--ast-global-color-5)","background-image":"","background-repeat":"repeat","background-position":"center center","background-size":"auto","background-attachment":"scroll","background-type":"","background-media":"","overlay-type":"","overlay-color":"","overlay-opacity":"","overlay-gradient":""},"tablet":{"background-color":"var(--ast-global-color-5)","background-image":"","background-repeat":"repeat","background-position":"center center","background-size":"auto","background-attachment":"scroll","background-type":"","background-media":"","overlay-type":"","overlay-color":"","overlay-opacity":"","overlay-gradient":""},"mobile":{"background-color":"var(--ast-global-color-5)","background-image":"","background-repeat":"repeat","background-position":"center center","background-size":"auto","background-attachment":"scroll","background-type":"","background-media":"","overlay-type":"","overlay-color":"","overlay-opacity":"","overlay-gradient":""}},"footnotes":""},"class_list":["post-7563","page","type-page","status-publish","hentry"],"aioseo_notices":[],"jetpack_sharing_enabled":true,"_links":{"self":[{"href":"https:\/\/codexvirtualis.fr\/codex\/wp-json\/wp\/v2\/pages\/7563","targetHints":{"allow":["GET"]}}],"collection":[{"href":"https:\/\/codexvirtualis.fr\/codex\/wp-json\/wp\/v2\/pages"}],"about":[{"href":"https:\/\/codexvirtualis.fr\/codex\/wp-json\/wp\/v2\/types\/page"}],"author":[{"embeddable":true,"href":"https:\/\/codexvirtualis.fr\/codex\/wp-json\/wp\/v2\/users\/2"}],"replies":[{"embeddable":true,"href":"https:\/\/codexvirtualis.fr\/codex\/wp-json\/wp\/v2\/comments?post=7563"}],"version-history":[{"count":38,"href":"https:\/\/codexvirtualis.fr\/codex\/wp-json\/wp\/v2\/pages\/7563\/revisions"}],"predecessor-version":[{"id":7746,"href":"https:\/\/codexvirtualis.fr\/codex\/wp-json\/wp\/v2\/pages\/7563\/revisions\/7746"}],"up":[{"embeddable":true,"href":"https:\/\/codexvirtualis.fr\/codex\/wp-json\/wp\/v2\/pages\/1757"}],"wp:attachment":[{"href":"https:\/\/codexvirtualis.fr\/codex\/wp-json\/wp\/v2\/media?parent=7563"}],"curies":[{"name":"wp","href":"https:\/\/api.w.org\/{rel}","templated":true}]}}