{"id":7554,"date":"2015-07-14T15:43:19","date_gmt":"2015-07-14T13:43:19","guid":{"rendered":"http:\/\/codexvirtualis.fr\/codex\/?page_id=7554"},"modified":"2020-07-28T10:44:11","modified_gmt":"2020-07-28T08:44:11","slug":"panache-filtration-sabelle","status":"publish","type":"page","link":"https:\/\/codexvirtualis.fr\/codex\/de-lorganisation-interne\/panache-filtration-sabelle","title":{"rendered":"Le panache et la filtration"},"content":{"rendered":"<p> &nbsp; <\/p>\n<p>La Sabelle (<em>Sabella pavonina<\/em>) est un animal \u00e9voluant dans les herbiers c\u00f4tiers, \u00e0 l&rsquo;int\u00e9rieur du s\u00e9diment. Elle appartient \u00e0 la faune endog\u00e9e ou endofaune.<br \/>\nS\u00e9dentaire, elle vit \u00e0 l&rsquo;int\u00e9rieur d&rsquo;un tube qu&rsquo;elle produit. Elle est qualifi\u00e9e de tubicole.<\/p>\n<p>Esp\u00e8ce <a href=\"\/codex\/glossaire\/glossaire-de-p-a-s#suspensivorie\" target=\"_blank\" rel=\"noopener noreferrer\">suspensivore<\/a>, la Sabelle se nourrit en filtrant l&rsquo;eau de mer gr\u00e2ce \u00e0 un panache de tentacules. Elle capture ainsi les particules flottant dans l&rsquo;eau, qui composent son alimentation.<\/p>\n<p>La page <a href=\"http:\/codex\/cabinet-de-curiosites-virtuel\/des-animaux-et-des-milieux\/alimentation-sabelle\">Au menu de la Sabelle<\/a> du <a href=\"http:\/codex\/cabinet-de-curiosites-virtuel\">Cabinet de curiosit\u00e9s virtuel<\/a> et l&rsquo;article de la <a href=\"\/codex\/semaine-37-2014\">semaine 37-2014<\/a> de Codex virtualis sont consacr\u00e9s \u00e0 cette esp\u00e8ce.<\/p>\n<p> &nbsp; <\/p>\n<h2>Le sommet du panache : des tentacules libres<\/h2>\n<p> &nbsp; <\/p>\n<figure style=\"width: 300px\" class=\"wp-caption alignnone\"><a rel=\"lightbox noopener noreferrer\" href=\"\/documents\/images\/Sabella_pavonina\/vue_generale_g_57_1_150-WEB.jpg\" target=\"_blank\"><img decoding=\"async\" title=\"Coupe transversale du panache de Sabelle\" src=\"\/documents\/images\/Sabella_pavonina\/vue_generale_g_57_1_150-WEB.jpg\" alt=\"Panache de Sabelle\" width=\"300\" \/><\/a><figcaption class=\"wp-caption-text\">Coupe transversale du panache de la Sabelle<\/figcaption><\/figure>\n<p style=\"text-align: right;\"><a rel=\"lightbox noopener noreferrer\" href=\"\/documents\/images\/Sabella_pavonina\/vue_generale_g_57_1_150_legende.jpg\" target=\"_blank\">Voir l&rsquo;image l\u00e9gend\u00e9e<\/a><\/p>\n<p> &nbsp; <\/p>\n<p>Le panache de la Sabelle est compos\u00e9 de multiples tentacules qui, d\u00e9ploy\u00e9s, constituent une couronne en forme d&rsquo;entonnoir. Elle est compos\u00e9e de deux lobes, au sein desquels les tentacules sont ins\u00e9r\u00e9s selon une spirale l\u00e2che.<\/p>\n<p>Au sommet du panache, les tentacules sont libres.<br \/>\nChacun appara\u00eet form\u00e9 d&rsquo;un axe creus\u00e9 d&rsquo;un sillon sur sa face interne, et porte de part et d&rsquo;autre une succession de fines expansions appel\u00e9es pinnules, orient\u00e9es vers le c\u0153ur de la couronne.<\/p>\n<p> &nbsp; <\/p>\n<figure style=\"width: 300px\" class=\"wp-caption alignnone\"><a rel=\"lightbox noopener noreferrer\" href=\"\/documents\/images\/Sabella_pavonina\/base_m_19_ct_tentacule_pinnule_1_150-WEB.jpg\" target=\"_blank\"><img decoding=\"async\" title=\"Coupe transversale de tentacule de Sabelle\" src=\"\/documents\/images\/Sabella_pavonina\/base_m_19_ct_tentacule_pinnule_1_150-WEB.jpg\" alt=\"Panache de Sabelle\" width=\"300\" \/><\/a><figcaption class=\"wp-caption-text\">Coupe transversale d'un tentacule de la Sabelle<\/figcaption><\/figure>\n<p style=\"text-align: right;\"><a rel=\"lightbox noopener noreferrer\" href=\"\/documents\/images\/Sabella_pavonina\/base_m_19_ct_tentacule_pinnule_1_150_legende.jpg\" target=\"_blank\">Voir l&rsquo;image l\u00e9gend\u00e9e<\/a><\/p>\n<p> &nbsp; <\/p>\n<p>L&rsquo;axe des tentacules est d\u00e9limit\u00e9 par un \u00e9pith\u00e9lium de rev\u00eatement simple, prismatique \u00e0 cubique, recouvert d&rsquo;une fine cuticule. Au niveau du sillon, les cellules \u00e9pith\u00e9liales sont cili\u00e9es et quelques cellules glandulaires muqueuses sont intercal\u00e9es.<\/p>\n<p>Le c\u0153ur de l&rsquo;axe des tentacules est occup\u00e9 par un tissu de soutien de nature cartilagineuse. Il est constitu\u00e9 d&rsquo;une abondante matrice extracellulaire dans laquelle des cellules dispers\u00e9es, les chondrocytes, sont localement pr\u00e9sentes.<br \/>\nCe tissu entoure de volumineuses cellules vacuolis\u00e9es, organis\u00e9es en files longitudinales et correspondant \u00e9galement \u00e0 des chondrocytes.<\/p>\n<p>En position interne par rapport au tissu de soutien court un vaisseau sanguin longitudinal surmontant une cavit\u00e9 c\u0153lomique, remplie de liquide et dont la paroi comporte quelques cellules contractiles.<br \/>\nDeux nerfs longitudinaux sont en outre pr\u00e9sents de part et d&rsquo;autre de la cavit\u00e9 c\u0153lomique.<br \/>\nLe d\u00e9ploiement du panache de tentacules est en particulier d\u00fb \u00e0 une augmentation de la pression exerc\u00e9e sur le liquide contenu dans les cavit\u00e9s c\u0153lomiques.<\/p>\n<p>Cette organisation incluant tissu de soutien cartilagineux, vaisseau sanguin et nerfs longitudinaux, d\u00e9finit les radioles, le terme tentacule n&rsquo;ayant qu&rsquo;une signification morphologique.<\/p>\n<p>Le sillon creus\u00e9 sur la face interne de l&rsquo;axe des tentacules est \u00e9troit au fond et plus large en surface. Cet agencement permet le tri, en fonction de la taille, des particules capt\u00e9es par le panache : les petites particules atteignent le fond du sillon, les particules de taille moyenne restent dans sa partie sup\u00e9rieure, et les plus volumineuses n&rsquo;y p\u00e9n\u00e8trent pas.<br \/>\nLe devenir des particules est d\u00e9termin\u00e9 par ce tri : les plus petites sont ing\u00e9r\u00e9es alors que les particules moyennes sont incorpor\u00e9es au tube et les plus grosses \u00e9limin\u00e9es.<br \/>\nLes battements des cils du sillon assurent le d\u00e9placement des particules vers la base des tentacules, le mucus produit par les cellules glandulaires contribuant \u00e0 leur agglom\u00e9ration.<br \/>\nEn cons\u00e9quence, le sillon prend le nom de sillon trophique longitudinal.<\/p>\n<p> &nbsp; <\/p>\n<figure style=\"width: 300px\" class=\"wp-caption alignnone\"><a rel=\"lightbox noopener noreferrer\" href=\"\/documents\/images\/Sabella_pavonina\/base_m_44_ct_pinnule_1_150-WEB.jpg\" target=\"_blank\"><img decoding=\"async\" title=\"Coupe transversale d'une pinnule de tentacule de Sabelle\" src=\"\/documents\/images\/Sabella_pavonina\/base_m_44_ct_pinnule_1_150-WEB.jpg\" alt=\"Pinnule de Sabelle\" width=\"300\" \/><\/a><figcaption class=\"wp-caption-text\">Coupe transversale d'une pinnule de tentacule de la Sabelle<\/figcaption><\/figure>\n<p style=\"text-align: right;\"><a rel=\"lightbox noopener noreferrer\" href=\"\/documents\/images\/Sabella_pavonina\/base_m_44_ct_pinnule_1_150_legende.jpg\" target=\"_blank\">Voir l&rsquo;image l\u00e9gend\u00e9e<\/a><\/p>\n<p> &nbsp; <\/p>\n<p>Les pinnules sont bord\u00e9es par un \u00e9pith\u00e9lium simple, cubique \u00e0 prismatique, cili\u00e9.<br \/>\nC\u00f4t\u00e9 externe, les pinnules sont convexes et portent une courte ciliature, qualifi\u00e9e d&rsquo;abfrontale. C\u00f4t\u00e9 interne, elles sont creus\u00e9es d&rsquo;une l\u00e9g\u00e8re d\u00e9pression orn\u00e9e d&rsquo;une ciliature courte dite frontale, et ourl\u00e9e de longs cils lat\u00e9rofrontaux.<\/p>\n<p>Les battements ciliaires sont responsables de la mise en mouvement de l&rsquo;eau entourant le panache : ils sont \u00e0 l&rsquo;origine d&rsquo;un courant traversant la couronne de tentacules de l&rsquo;ext\u00e9rieur vers l&rsquo;int\u00e9rieur et de bas en haut, entra\u00eenant les particules en suspension.<br \/>\nLorsqu&rsquo;une particule entre en contact avec les cils lat\u00e9ro-frontaux, elle est d\u00e9vi\u00e9e par leurs mouvements vers la d\u00e9pression interne de la pinnule, o\u00f9 elle est prise en charge par les cils frontaux.<br \/>\nLeurs battements acheminent la particule vers le point d&rsquo;insertion de la pinnule sur l&rsquo;axe du tentacule o\u00f9 elle rejoint le sillon trophique longitudinal.<br \/>\nDes microcourants dus aux battements des cils frontaux, lat\u00e9rofrontaux et  abfrontaux parcourent ainsi les pinnules, entra\u00eenant les particules apport\u00e9es par le courant g\u00e9n\u00e9ral qui traverse le panache.<\/p>\n<p> &nbsp; <\/p>\n<h2>La base du panache : des tentacules joints et des l\u00e8vres dorsales<\/h2>\n<p> &nbsp; <\/p>\n<figure style=\"width: 300px\" class=\"wp-caption alignnone\"><a rel=\"lightbox noopener noreferrer\" href=\"\/documents\/images\/Sabella_pavonina\/vue_generale_d_68_1_150-WEB.jpg\" target=\"_blank\"><img decoding=\"async\" title=\"Coupe transversale du panache de Sabelle (base)\" src=\"\/documents\/images\/Sabella_pavonina\/vue_generale_d_68_1_150-WEB.jpg\" alt=\"Panache de Sabelle\" width=\"300\" \/><\/a><figcaption class=\"wp-caption-text\">Coupe transversale du panache de la Sabelle (base)<\/figcaption><\/figure>\n<p style=\"text-align: right;\"><a rel=\"lightbox noopener noreferrer\" href=\"\/documents\/images\/Sabella_pavonina\/vue_generale_d_68_1_150_legende.jpg\" target=\"_blank\">Voir l&rsquo;image l\u00e9gend\u00e9e<\/a><\/p>\n<p> &nbsp; <\/p>\n<figure style=\"width: 300px\" class=\"wp-caption alignnone\"><a rel=\"lightbox noopener noreferrer\" href=\"\/documents\/images\/Sabella_pavonina\/vue_generale_bis_m_112_2_151-WEB.jpg\" target=\"_blank\"><img decoding=\"async\" title=\"Coupe transversale du panache de Sabelle (base)\" src=\"\/documents\/images\/Sabella_pavonina\/vue_generale_bis_m_112_2_151-WEB.jpg\" alt=\"Panache de Sabelle\" width=\"300\" \/><\/a><figcaption class=\"wp-caption-text\">Coupe transversale du panache de la Sabelle (base)<\/figcaption><\/figure>\n<p style=\"text-align: right;\"><a rel=\"lightbox noopener noreferrer\" href=\"\/documents\/images\/Sabella_pavonina\/vue_generale_bis_m_112_2_151_legende.jpg\" target=\"_blank\">Voir l&rsquo;image l\u00e9gend\u00e9e<\/a><\/p>\n<p> &nbsp; <\/p>\n<figure style=\"width: 300px\" class=\"wp-caption alignnone\"><a rel=\"lightbox noopener noreferrer\" href=\"\/documents\/images\/Sabella_pavonina\/vue_generale_bis_d_107_2_151-WEB.jpg\" target=\"_blank\"><img decoding=\"async\" title=\"Coupe transversale du panache de Sabelle (base)\" src=\"\/documents\/images\/Sabella_pavonina\/vue_generale_bis_d_107_2_151-WEB.jpg\" alt=\"Panache de Sabelle\" width=\"300\" \/><\/a><figcaption class=\"wp-caption-text\">Coupe transversale du panache de la Sabelle (base)<\/figcaption><\/figure>\n<p style=\"text-align: right;\"><a rel=\"lightbox noopener noreferrer\" href=\"\/documents\/images\/Sabella_pavonina\/vue_generale_bis_d_107_2_151_legende.jpg\" target=\"_blank\">Voir l&rsquo;image l\u00e9gend\u00e9e<\/a><\/p>\n<p> &nbsp; <\/p>\n<p>\u00c0 la base du panache, les tentacules de chaque lobe sont reli\u00e9s entre eux.<\/p>\n<p>Les marges dorsales des lobes d\u00e9veloppent des expansions orient\u00e9es vers le c\u0153ur du panache, et en continuit\u00e9 avec les radioles dorsales. En forme de lamelles, localis\u00e9es entre la base des lobes et le bord dorsal de la bouche, elles correspondent aux l\u00e8vres dorsales.<\/p>\n<p>Encadrant partiellement la bouche en position dorsolat\u00e9rale, les l\u00e8vres dorsales portent une ciliature et sont impliqu\u00e9es dans l&rsquo;orientation des particules capt\u00e9es par le panache.<br \/>\nL&rsquo;\u00e9pith\u00e9lium les d\u00e9limitant pr\u00e9sente des caract\u00e9ristiques diff\u00e9rentes sur les face externe et interne : c\u00f4t\u00e9 externe, les cellules qui le composent sont prismatiques, hautes, munies de cils longs et nombreux, contiennent des granules de pigments, sont recouvertes d&rsquo;une cuticule bien visible, alors que c\u00f4t\u00e9 interne elles sont plus basses, leur ciliature est moins d\u00e9velopp\u00e9e en longueur et en densit\u00e9 et la cuticule est tr\u00e8s fine. <\/p>\n<p> &nbsp; <\/p>\n<h3>Pour en savoir plus :<\/h3>\n<p><span style=\"color: #999999;\">&bull; <\/span>Capa M., de Mastos Nogueira J. M. and Cappellani Silva Rossi M., 2011 &#8211; <a href=\"http:\/\/onlinelibrary.wiley.com\/doi\/10.1002\/jmor.10914\/abstract\" target=\"_blank\" rel=\"noopener noreferrer\">Comparative internal structure of dorsal lips and radiolar appendages in Sabellidae (Polychaeta) and phylogenetic implications.<\/a> Journal of morphology, 272 : 302-319 (adresse : http:\/\/onlinelibrary.wiley.com\/doi\/10.1002\/jmor.10914\/abstract)<br \/>\n<a href=\"http:\/\/dx.doi.org\/10.1002\/jmor.10914\" target=\"_blank\" rel=\"noopener noreferrer\">DOI : 10.1002\/jmor.10914<\/a><\/p>\n<p><span style=\"color: #999999;\">&bull; <\/span>la page <a href=\"http:\/codex\/cabinet-de-curiosites-virtuel\/des-animaux-et-des-milieux\/alimentation-sabelle\">Au menu de la Sabelle<\/a> de la rubrique <a href=\"http:\/codex\/cabinet-de-curiosites-virtuel\">Cabinet de curiosit\u00e9s virtuel<\/a> de Codex virtualis, consacr\u00e9e \u00e0 la morphologie du panache de tentacules<\/p>\n<p><span style=\"color: #999999;\">&bull; <\/span>la fiche esp\u00e8ce consacr\u00e9e \u00e0 <em>Sabella pavonina<\/em> du site DORIS-FFESSM (Donn\u00e9es d&rsquo;observations pour la reconnaissance et l&rsquo;identification de la faune et de la flore subaquatiques &#8211; consult\u00e9 le 14 juillet 2015)<br \/>\n<a href=\"http:\/\/doris.ffessm.fr\/fiche2.asp?fiche_numero=605\" target=\"_blank\" rel=\"noopener noreferrer\">FEUGAS Marie-Pierre, SCAPS Patrick, LAMARE V\u00e9ronique,  in : DORIS, 15\/8\/2014 : Sabella pavonina Savigny, 1822<\/a> (adresse : http:\/\/doris.ffessm.fr\/fiche2.asp?fiche_numero=605)<\/p>\n<p><span style=\"color: #999999;\">&bull; <\/span>Turquier Y., 1989 \u2013 L&rsquo;organisme dans son milieu. 1. Les fonctions de nutrition. Doin, 315p. Paris<\/p>\n<p><span style=\"color: #999999;\">&bull; <\/span>Turquier Y., Loir M., 1981 \u2013 Conna\u00eetre et reconna\u00eetre la faune du littoral. Ouest France, 332p. Rennes<\/p>\n<p> &nbsp; <\/p>\n<h3>Pour d&rsquo;autres images de la structure histologique du panache de la Sabelle<\/h3>\n<p><span style=\"color: #999999;\">&bull; <\/span><a href=\"\/images\/index.php?album=delices-histologiques\/sabelle-adulte\" target=\"_blank\" rel=\"noopener noreferrer\">album d&rsquo;images de la Sabelle<\/a> dans la rubriques <a href=\"\/images\/index.php?album=delices-histologiques\" target=\"_blank\" rel=\"noopener noreferrer\">D\u00e9lices histologiques<\/a> de Codex virtualis<\/p>\n<p> &nbsp; <\/p>\n","protected":false},"excerpt":{"rendered":"<p>&nbsp; La Sabelle (Sabella pavonina) est un animal \u00e9voluant dans les herbiers c\u00f4tiers, \u00e0 l&rsquo;int\u00e9rieur du s\u00e9diment. Elle appartient \u00e0 la faune endog\u00e9e ou endofaune. S\u00e9dentaire, elle vit \u00e0 l&rsquo;int\u00e9rieur d&rsquo;un tube qu&rsquo;elle produit. Elle est qualifi\u00e9e de tubicole. Esp\u00e8ce suspensivore, la Sabelle se nourrit en filtrant l&rsquo;eau de mer gr\u00e2ce \u00e0 un panache de [&hellip;]<\/p>\n","protected":false},"author":1,"featured_media":0,"parent":22,"menu_order":4,"comment_status":"closed","ping_status":"closed","template":"","meta":{"site-sidebar-layout":"default","site-content-layout":"","ast-site-content-layout":"default","site-content-style":"default","site-sidebar-style":"default","ast-global-header-display":"","ast-banner-title-visibility":"","ast-main-header-display":"","ast-hfb-above-header-display":"","ast-hfb-below-header-display":"","ast-hfb-mobile-header-display":"","site-post-title":"","ast-breadcrumbs-content":"","ast-featured-img":"","footer-sml-layout":"","ast-disable-related-posts":"","theme-transparent-header-meta":"","adv-header-id-meta":"","stick-header-meta":"","header-above-stick-meta":"","header-main-stick-meta":"","header-below-stick-meta":"","astra-migrate-meta-layouts":"default","ast-page-background-enabled":"default","ast-page-background-meta":{"desktop":{"background-color":"var(--ast-global-color-4)","background-image":"","background-repeat":"repeat","background-position":"center center","background-size":"auto","background-attachment":"scroll","background-type":"","background-media":"","overlay-type":"","overlay-color":"","overlay-opacity":"","overlay-gradient":""},"tablet":{"background-color":"","background-image":"","background-repeat":"repeat","background-position":"center center","background-size":"auto","background-attachment":"scroll","background-type":"","background-media":"","overlay-type":"","overlay-color":"","overlay-opacity":"","overlay-gradient":""},"mobile":{"background-color":"","background-image":"","background-repeat":"repeat","background-position":"center center","background-size":"auto","background-attachment":"scroll","background-type":"","background-media":"","overlay-type":"","overlay-color":"","overlay-opacity":"","overlay-gradient":""}},"ast-content-background-meta":{"desktop":{"background-color":"var(--ast-global-color-5)","background-image":"","background-repeat":"repeat","background-position":"center center","background-size":"auto","background-attachment":"scroll","background-type":"","background-media":"","overlay-type":"","overlay-color":"","overlay-opacity":"","overlay-gradient":""},"tablet":{"background-color":"var(--ast-global-color-5)","background-image":"","background-repeat":"repeat","background-position":"center center","background-size":"auto","background-attachment":"scroll","background-type":"","background-media":"","overlay-type":"","overlay-color":"","overlay-opacity":"","overlay-gradient":""},"mobile":{"background-color":"var(--ast-global-color-5)","background-image":"","background-repeat":"repeat","background-position":"center center","background-size":"auto","background-attachment":"scroll","background-type":"","background-media":"","overlay-type":"","overlay-color":"","overlay-opacity":"","overlay-gradient":""}},"footnotes":""},"class_list":["post-7554","page","type-page","status-publish","hentry"],"aioseo_notices":[],"jetpack_sharing_enabled":true,"_links":{"self":[{"href":"https:\/\/codexvirtualis.fr\/codex\/wp-json\/wp\/v2\/pages\/7554","targetHints":{"allow":["GET"]}}],"collection":[{"href":"https:\/\/codexvirtualis.fr\/codex\/wp-json\/wp\/v2\/pages"}],"about":[{"href":"https:\/\/codexvirtualis.fr\/codex\/wp-json\/wp\/v2\/types\/page"}],"author":[{"embeddable":true,"href":"https:\/\/codexvirtualis.fr\/codex\/wp-json\/wp\/v2\/users\/1"}],"replies":[{"embeddable":true,"href":"https:\/\/codexvirtualis.fr\/codex\/wp-json\/wp\/v2\/comments?post=7554"}],"version-history":[{"count":41,"href":"https:\/\/codexvirtualis.fr\/codex\/wp-json\/wp\/v2\/pages\/7554\/revisions"}],"predecessor-version":[{"id":12697,"href":"https:\/\/codexvirtualis.fr\/codex\/wp-json\/wp\/v2\/pages\/7554\/revisions\/12697"}],"up":[{"embeddable":true,"href":"https:\/\/codexvirtualis.fr\/codex\/wp-json\/wp\/v2\/pages\/22"}],"wp:attachment":[{"href":"https:\/\/codexvirtualis.fr\/codex\/wp-json\/wp\/v2\/media?parent=7554"}],"curies":[{"name":"wp","href":"https:\/\/api.w.org\/{rel}","templated":true}]}}