{"id":6967,"date":"2014-12-13T20:43:19","date_gmt":"2014-12-13T19:43:19","guid":{"rendered":"http:\/\/codexvirtualis.fr\/codex\/?page_id=6967"},"modified":"2014-12-13T20:43:19","modified_gmt":"2014-12-13T19:43:19","slug":"laraignee-2","status":"publish","type":"page","link":"https:\/\/codexvirtualis.fr\/codex\/portraits\/laraignee-2","title":{"rendered":"L&rsquo;Araign\u00e9e (2)"},"content":{"rendered":"<p> &nbsp; <\/p>\n<figure style=\"width: 300px\" class=\"wp-caption alignnone\"><a rel=\"lightbox\" href=\"\/documents\/images\/portraits\/saltique-web_595.jpg\" target=\"_blank\"><img decoding=\"async\" src=\"\/documents\/images\/portraits\/saltique-web_595.jpg\" width=\"300\" alt=\"L'Araign\u00e9e\" class \/><\/a><figcaption class=\"wp-caption-text\">L&rsquo;Araign\u00e9e (N. Prunet)<\/figcaption><\/figure>\n<p> &nbsp; <\/p>\n<p>Spleen<\/p>\n<p>Quand le ciel bas et lourd p\u00e8se comme un couvercle<br \/>\nSur l&rsquo;esprit g\u00e9missant en proie aux longs ennuis,<br \/>\nEt que de l&rsquo;horizon embrassant tout le cercle<br \/>\nIl nous verse un jour noir plus triste que les nuits ;<\/p>\n<p>Quand la terre est chang\u00e9e en un cachot humide,<br \/>\nO\u00f9 l&rsquo;Esp\u00e9rance, comme une chauve-souris,<br \/>\nS&rsquo;en va battant les murs de son aile timide<br \/>\nEt se cognant la t\u00eate \u00e0 des plafonds pourris ;<\/p>\n<p>Quand la pluie \u00e9talant ses immenses tra\u00een\u00e9es<br \/>\nD&rsquo;une vaste prison imite les barreaux,<br \/>\nEt qu&rsquo;un peuple muet d&rsquo;inf\u00e2mes araign\u00e9es<br \/>\nVient tendre ses filets au fond de nos cerveaux,<\/p>\n<p>Des cloches tout \u00e0 coup sautent avec furie<br \/>\nEt lancent vers le ciel un affreux hurlement,<br \/>\nAinsi que des esprits errants et sans patrie<br \/>\nQui se mettent \u00e0 geindre opini\u00e2trement.<\/p>\n<p>&#8211; Et de longs corbillards, sans tambours ni musique,<br \/>\nD\u00e9filent lentement dans mon \u00e2me ; l&rsquo;Espoir,<br \/>\nVaincu, pleure, et l&rsquo;Angoisse atroce, despotique,<br \/>\nSur mon cr\u00e2ne inclin\u00e9 plante son drapeau noir.<\/p>\n<p>Charles Baudelaire<\/p>\n<p> &nbsp; <\/p>\n<hr \/>\n","protected":false},"excerpt":{"rendered":"<p>&nbsp; &nbsp; Spleen Quand le ciel bas et lourd p\u00e8se comme un couvercle Sur l&rsquo;esprit g\u00e9missant en proie aux longs ennuis, Et que de l&rsquo;horizon embrassant tout le cercle Il nous verse un jour noir plus triste que les nuits ; Quand la terre est chang\u00e9e en un cachot humide, O\u00f9 l&rsquo;Esp\u00e9rance, comme une chauve-souris, [&hellip;]<\/p>\n","protected":false},"author":2,"featured_media":0,"parent":2333,"menu_order":3,"comment_status":"closed","ping_status":"closed","template":"","meta":{"site-sidebar-layout":"default","site-content-layout":"","ast-site-content-layout":"default","site-content-style":"default","site-sidebar-style":"default","ast-global-header-display":"","ast-banner-title-visibility":"","ast-main-header-display":"","ast-hfb-above-header-display":"","ast-hfb-below-header-display":"","ast-hfb-mobile-header-display":"","site-post-title":"","ast-breadcrumbs-content":"","ast-featured-img":"","footer-sml-layout":"","ast-disable-related-posts":"","theme-transparent-header-meta":"","adv-header-id-meta":"","stick-header-meta":"","header-above-stick-meta":"","header-main-stick-meta":"","header-below-stick-meta":"","astra-migrate-meta-layouts":"default","ast-page-background-enabled":"default","ast-page-background-meta":{"desktop":{"background-color":"var(--ast-global-color-4)","background-image":"","background-repeat":"repeat","background-position":"center center","background-size":"auto","background-attachment":"scroll","background-type":"","background-media":"","overlay-type":"","overlay-color":"","overlay-opacity":"","overlay-gradient":""},"tablet":{"background-color":"","background-image":"","background-repeat":"repeat","background-position":"center center","background-size":"auto","background-attachment":"scroll","background-type":"","background-media":"","overlay-type":"","overlay-color":"","overlay-opacity":"","overlay-gradient":""},"mobile":{"background-color":"","background-image":"","background-repeat":"repeat","background-position":"center center","background-size":"auto","background-attachment":"scroll","background-type":"","background-media":"","overlay-type":"","overlay-color":"","overlay-opacity":"","overlay-gradient":""}},"ast-content-background-meta":{"desktop":{"background-color":"var(--ast-global-color-5)","background-image":"","background-repeat":"repeat","background-position":"center center","background-size":"auto","background-attachment":"scroll","background-type":"","background-media":"","overlay-type":"","overlay-color":"","overlay-opacity":"","overlay-gradient":""},"tablet":{"background-color":"var(--ast-global-color-5)","background-image":"","background-repeat":"repeat","background-position":"center center","background-size":"auto","background-attachment":"scroll","background-type":"","background-media":"","overlay-type":"","overlay-color":"","overlay-opacity":"","overlay-gradient":""},"mobile":{"background-color":"var(--ast-global-color-5)","background-image":"","background-repeat":"repeat","background-position":"center center","background-size":"auto","background-attachment":"scroll","background-type":"","background-media":"","overlay-type":"","overlay-color":"","overlay-opacity":"","overlay-gradient":""}},"footnotes":""},"class_list":["post-6967","page","type-page","status-publish","hentry"],"aioseo_notices":[],"jetpack_sharing_enabled":true,"_links":{"self":[{"href":"https:\/\/codexvirtualis.fr\/codex\/wp-json\/wp\/v2\/pages\/6967","targetHints":{"allow":["GET"]}}],"collection":[{"href":"https:\/\/codexvirtualis.fr\/codex\/wp-json\/wp\/v2\/pages"}],"about":[{"href":"https:\/\/codexvirtualis.fr\/codex\/wp-json\/wp\/v2\/types\/page"}],"author":[{"embeddable":true,"href":"https:\/\/codexvirtualis.fr\/codex\/wp-json\/wp\/v2\/users\/2"}],"replies":[{"embeddable":true,"href":"https:\/\/codexvirtualis.fr\/codex\/wp-json\/wp\/v2\/comments?post=6967"}],"version-history":[{"count":3,"href":"https:\/\/codexvirtualis.fr\/codex\/wp-json\/wp\/v2\/pages\/6967\/revisions"}],"predecessor-version":[{"id":6971,"href":"https:\/\/codexvirtualis.fr\/codex\/wp-json\/wp\/v2\/pages\/6967\/revisions\/6971"}],"up":[{"embeddable":true,"href":"https:\/\/codexvirtualis.fr\/codex\/wp-json\/wp\/v2\/pages\/2333"}],"wp:attachment":[{"href":"https:\/\/codexvirtualis.fr\/codex\/wp-json\/wp\/v2\/media?parent=6967"}],"curies":[{"name":"wp","href":"https:\/\/api.w.org\/{rel}","templated":true}]}}