{"id":665,"date":"2011-03-01T16:29:55","date_gmt":"2011-03-01T15:29:55","guid":{"rendered":"http:\/\/codexvirtualis.fr\/codex"},"modified":"2021-07-13T23:20:58","modified_gmt":"2021-07-13T21:20:58","slug":"un-insecte-remarquable","status":"publish","type":"page","link":"https:\/\/codexvirtualis.fr\/codex\/cabinet-de-curiosites-virtuel\/des-animaux-meconnus\/un-insecte-remarquable","title":{"rendered":"Le Capricorne musqu\u00e9"},"content":{"rendered":"<p> &nbsp; <\/p>\n<h2>Un Insecte remarquable<\/h2>\n<p> &nbsp; <\/p>\n<figure style=\"width: 300px\" class=\"wp-caption alignnone\"><a rel=\"lightbox\" href=\"\/documents\/images\/Aromia_moschata\/Aromia_moschata01_10-WEBbis.jpg\"><img loading=\"lazy\" decoding=\"async\" class=\"  \" title=\"Capricorne musqu\u00e9\" src=\"\/documents\/images\/Aromia_moschata\/Aromia_moschata01_10-WEBbis.jpg\" alt=\"Capricorne musqu\u00e9\" width=\"300\" height=\"200\" \/><\/a><figcaption class=\"wp-caption-text\">Capricorne musqu\u00e9 (Berges du Rh\u00f4ne, Lyon 2010)<\/figcaption><\/figure>\n<p> &nbsp; <\/p>\n<p><em>Aromia moschata<\/em>, le Capricorne musqu\u00e9, est une tr\u00e8s belle esp\u00e8ce de longicorne (famille des Cerambycidae). <\/p>\n<p> &nbsp; <\/p>\n<figure style=\"width: 300px\" class=\"wp-caption alignnone\"><a rel=\"lightbox\" href=\"\/documents\/images\/Aromia_moschata\/Aromia_moschata02_10-WEBbis.jpg\"><img loading=\"lazy\" decoding=\"async\" class=\"  \" title=\"Capricorne musqu\u00e9\" src=\"\/documents\/images\/Aromia_moschata\/Aromia_moschata02_10-WEBbis.jpg\" alt=\"Capricorne musqu\u00e9\" width=\"300\" height=\"200\" \/><\/a><figcaption class=\"wp-caption-text\">Capricorne musqu\u00e9 (Berges du Rh\u00f4ne, Lyon 2010)<\/figcaption><\/figure>\n<p> &nbsp; <\/p>\n<p>Les <a href=\"glossaire-de-d-a-h#elytre\" target=\"_blank\" rel=\"noopener\">\u00e9lytres<\/a> ont des reflets m\u00e9talliques vert-bleut\u00e9, cuivr\u00e9s ou violac\u00e9s et l&rsquo;animal, pourvu de longues antennes, est de taille respectable (jusqu&rsquo;\u00e0 35 mm).<br \/>\nAvec <em>Rosalia alpina<\/em>, la Rosalie des Alpes, c&rsquo;est l&rsquo;un de nos plus beaux joyaux parmi les longicornes.<br \/>\nD\u00e9rang\u00e9, il d\u00e9gage une odeur musqu\u00e9e \u00e0 l&rsquo;origine de son nom de genre (\u00ab\u00a0Aromia\u00a0\u00bb = parfum) et d&rsquo;esp\u00e8ce (\u00ab\u00a0moschata\u00a0\u00bb = musqu\u00e9e) ; cette odeur, rappelant l&rsquo;essence de rose, est plut\u00f4t agr\u00e9able.<\/p>\n<p> &nbsp; <\/p>\n<figure style=\"width: 300px\" class=\"wp-caption alignnone\"><a rel=\"lightbox\" href=\"\/documents\/images\/Aromia_moschata\/Aromia_moschata05_10-WEBbis.jpg\"><img loading=\"lazy\" decoding=\"async\" class=\"  \" title=\"Capricorne musqu\u00e9\" src=\"\/documents\/images\/Aromia_moschata\/Aromia_moschata05_10-WEBbis.jpg\" alt=\"Capricorne musqu\u00e9\" width=\"300\" height=\"200\" \/><\/a><figcaption class=\"wp-caption-text\">Capricorne musqu\u00e9 (Berges du Rh\u00f4ne, Lyon 2010)<\/figcaption><\/figure>\n<p> &nbsp; <\/p>\n<p>Les adultes sont floricoles, se tenant de pr\u00e9f\u00e9rence sur les grandes ombelles des <a href=\"glossaire-de-a-a-c#apiacee\" target=\"_blank\" rel=\"noopener\">Apiac\u00e9es<\/a>, mais restant aussi volontiers dans les feuillages \u00e0 l&rsquo;abri des regards, sa couleur \u00e0 dominante verte l&rsquo;aidant \u00e0 se camoufler ; la larve, quant \u00e0 elle, vit dans le bois mort des saules (larves <a href=\"glossaire-de-p-a-s#saproxylophage\" target=\"_blank\" rel=\"noopener\">saproxylophages<\/a>), comme beaucoup de repr\u00e9sentants de cette famille.<\/p>\n<p> &nbsp; <\/p>\n<p>L&rsquo;esp\u00e8ce est largement r\u00e9pandue en France et en Rh\u00f4ne-Alpes, quoique peu souvent observ\u00e9e : discr\u00e9tion et faibles nombres sont \u00e0 l&rsquo;origine de cette apparente raret\u00e9 pour une esp\u00e8ce bien pr\u00e9sente y compris \u00e0 Lyon et dans ses environs.<\/p>\n<p> &nbsp; <\/p>\n<p><a href=\"\/codex\/glossaire\/glossaire-e#espece_remarquable\" target=\"_blank\" rel=\"noopener\">Qu&rsquo;est ce qu&rsquo;une esp\u00e8ce remarquable ?<\/a><\/p>\n<p> &nbsp; <\/p>\n<p style=\"text-align: right;\">C. Audibert<\/p>\n<p> &nbsp; <\/p>\n<p>Pour acc\u00e9der \u00e0 <a href=\"http:\/\/www.cernuelle.com\/\" target=\"_blank\" rel=\"noopener\">Cernuelle<\/a>, site internet de C. Audibert (adresse http:\/\/www.cernuelle.com)<\/p>\n<p> &nbsp; <\/p>\n<p>Pour acc\u00e9der au site du <a href=\"http:\/\/www.museedesconfluences.fr\" target=\"_blank\" rel=\"noopener\">Mus\u00e9e des confluences<\/a> (adresse http:\/\/www.museedesconfluences.fr)<\/p>\n<p> &nbsp; <\/p>\n<p style=\"text-align: right;\">[print_link]<\/p>\n","protected":false},"excerpt":{"rendered":"<p>&nbsp; Un Insecte remarquable &nbsp; &nbsp; Aromia moschata, le Capricorne musqu\u00e9, est une tr\u00e8s belle esp\u00e8ce de longicorne (famille des Cerambycidae). &nbsp; &nbsp; Les \u00e9lytres ont des reflets m\u00e9talliques vert-bleut\u00e9, cuivr\u00e9s ou violac\u00e9s et l&rsquo;animal, pourvu de longues antennes, est de taille respectable (jusqu&rsquo;\u00e0 35 mm). Avec Rosalia alpina, la Rosalie des Alpes, c&rsquo;est l&rsquo;un [&hellip;]<\/p>\n","protected":false},"author":2,"featured_media":0,"parent":1740,"menu_order":1,"comment_status":"closed","ping_status":"closed","template":"","meta":{"site-sidebar-layout":"default","site-content-layout":"","ast-site-content-layout":"default","site-content-style":"default","site-sidebar-style":"default","ast-global-header-display":"","ast-banner-title-visibility":"","ast-main-header-display":"","ast-hfb-above-header-display":"","ast-hfb-below-header-display":"","ast-hfb-mobile-header-display":"","site-post-title":"","ast-breadcrumbs-content":"","ast-featured-img":"","footer-sml-layout":"","ast-disable-related-posts":"","theme-transparent-header-meta":"","adv-header-id-meta":"","stick-header-meta":"","header-above-stick-meta":"","header-main-stick-meta":"","header-below-stick-meta":"","astra-migrate-meta-layouts":"default","ast-page-background-enabled":"default","ast-page-background-meta":{"desktop":{"background-color":"var(--ast-global-color-4)","background-image":"","background-repeat":"repeat","background-position":"center center","background-size":"auto","background-attachment":"scroll","background-type":"","background-media":"","overlay-type":"","overlay-color":"","overlay-opacity":"","overlay-gradient":""},"tablet":{"background-color":"","background-image":"","background-repeat":"repeat","background-position":"center center","background-size":"auto","background-attachment":"scroll","background-type":"","background-media":"","overlay-type":"","overlay-color":"","overlay-opacity":"","overlay-gradient":""},"mobile":{"background-color":"","background-image":"","background-repeat":"repeat","background-position":"center center","background-size":"auto","background-attachment":"scroll","background-type":"","background-media":"","overlay-type":"","overlay-color":"","overlay-opacity":"","overlay-gradient":""}},"ast-content-background-meta":{"desktop":{"background-color":"var(--ast-global-color-5)","background-image":"","background-repeat":"repeat","background-position":"center center","background-size":"auto","background-attachment":"scroll","background-type":"","background-media":"","overlay-type":"","overlay-color":"","overlay-opacity":"","overlay-gradient":""},"tablet":{"background-color":"var(--ast-global-color-5)","background-image":"","background-repeat":"repeat","background-position":"center center","background-size":"auto","background-attachment":"scroll","background-type":"","background-media":"","overlay-type":"","overlay-color":"","overlay-opacity":"","overlay-gradient":""},"mobile":{"background-color":"var(--ast-global-color-5)","background-image":"","background-repeat":"repeat","background-position":"center center","background-size":"auto","background-attachment":"scroll","background-type":"","background-media":"","overlay-type":"","overlay-color":"","overlay-opacity":"","overlay-gradient":""}},"footnotes":""},"class_list":["post-665","page","type-page","status-publish","hentry"],"aioseo_notices":[],"jetpack_sharing_enabled":true,"_links":{"self":[{"href":"https:\/\/codexvirtualis.fr\/codex\/wp-json\/wp\/v2\/pages\/665","targetHints":{"allow":["GET"]}}],"collection":[{"href":"https:\/\/codexvirtualis.fr\/codex\/wp-json\/wp\/v2\/pages"}],"about":[{"href":"https:\/\/codexvirtualis.fr\/codex\/wp-json\/wp\/v2\/types\/page"}],"author":[{"embeddable":true,"href":"https:\/\/codexvirtualis.fr\/codex\/wp-json\/wp\/v2\/users\/2"}],"replies":[{"embeddable":true,"href":"https:\/\/codexvirtualis.fr\/codex\/wp-json\/wp\/v2\/comments?post=665"}],"version-history":[{"count":34,"href":"https:\/\/codexvirtualis.fr\/codex\/wp-json\/wp\/v2\/pages\/665\/revisions"}],"predecessor-version":[{"id":13782,"href":"https:\/\/codexvirtualis.fr\/codex\/wp-json\/wp\/v2\/pages\/665\/revisions\/13782"}],"up":[{"embeddable":true,"href":"https:\/\/codexvirtualis.fr\/codex\/wp-json\/wp\/v2\/pages\/1740"}],"wp:attachment":[{"href":"https:\/\/codexvirtualis.fr\/codex\/wp-json\/wp\/v2\/media?parent=665"}],"curies":[{"name":"wp","href":"https:\/\/api.w.org\/{rel}","templated":true}]}}