{"id":627,"date":"2011-03-11T12:29:16","date_gmt":"2011-03-11T11:29:16","guid":{"rendered":"http:\/\/codexvirtualis.fr\/codex"},"modified":"2022-03-17T10:28:52","modified_gmt":"2022-03-17T09:28:52","slug":"references","status":"publish","type":"page","link":"https:\/\/codexvirtualis.fr\/codex\/references","title":{"rendered":"R\u00e9f\u00e9rences"},"content":{"rendered":"<h2>Bibliographie<\/h2>\n<p><span style=\"color: #999999;\">\u2022<\/span> Beaumont A., Cassier P., 1983 &#8211; Biologie animale, des Protozoaires aux M\u00e9tazoaires \u00e9pith\u00e9lioneuriens. Tome 2. Dunod, 979p. Paris<\/p>\n<p><span style=\"color: #999999;\">\u2022<\/span> Brusca R.C., Brusca G.J., 2002 &#8211; Invertebrates. Sinauer associates, 936p., Sunderland (USA)<\/p>\n<p><span style=\"color: #999999;\">\u2022<\/span> Chinery M., 2005 &#8211; Insectes de France et d&rsquo;Europe occidentale. Flammarion, 320p. Paris<\/p>\n<p><span style=\"color: #999999;\">\u2022<\/span> Chinery M., 1981 &#8211; Insectes d&rsquo;Europe en couleurs. Multiguide nature, Bordas, 383p., Paris<\/p>\n<p><span style=\"color: #999999;\">\u2022<\/span> Cottez H., 1980 &#8211; Dictionnaire des structures du vocabulaire savant. Le Robert, 515p. Paris<\/p>\n<p><span style=\"color: #999999;\">\u2022<\/span> Duch\u00eane M., 2008 &#8211; Papillons du jardin. Rustica \u00e9ditions, 224p. Paris<\/p>\n<p><span style=\"color: #999999;\">\u2022<\/span> Dijkstra K.D.B., 2007 &#8211; Guide des libellules de France et d&rsquo;Europe. Les guides du naturaliste, Delachaux et Niestl\u00e9, 320p. Paris<\/p>\n<p><span style=\"color: #999999;\">\u2022<\/span> Grass\u00e9 P.P. (sous la direction de), 1949 &#8211; Trait\u00e9 de zoologie. Tome VI. Onychophores, Tardigrades, Arthropodes, Trilobitomorphes, Ch\u00e9lic\u00e9rates. Masson, 979p. Paris<\/p>\n<p><span style=\"color: #999999;\">\u2022<\/span> Heusser S., Dupuy H.G., 2008 &#8211; Atlas biologie animale. 1. Les grands plans d&rsquo;organisation. Dunod, 138p. Paris<\/p>\n<p><span style=\"color: #999999;\">\u2022<\/span> Heusser S., Dupuy H.G., 2008 &#8211; Atlas biologie animale. 2. Les grandes fonctions. Dunod, 216p. Paris<\/p>\n<p><span style=\"color: #999999;\">\u2022<\/span> Kerney M.P., Cameron R.A.D., 1999 &#8211; Guide des escargots et limaces d&rsquo;Europe. Les guides du naturaliste, Delachaux et Niestl\u00e9, 370p. Paris<\/p>\n<p><span style=\"color: #999999;\">\u2022<\/span> Lecointre G., Le Guyader H., 2013 &#8211; Classification phylog\u00e9n\u00e9tique du vivant, tome 2. Belin, 607p. Paris<\/p>\n<p><span style=\"color: #999999;\">\u2022<\/span> Morris P., 1984 &#8211; Toute la nature. Multiguide d&rsquo;initiation, Bordas, 320p, Paris<\/p>\n<p><span style=\"color: #999999;\">\u2022<\/span> Mullarney K., Svensson L., Zetterstr\u00f6m D., Grant P.J., 2000 &#8211; Le guide ornitho. Les guides du naturaliste, Delachaux et Niestl\u00e9, 400p. Paris<\/p>\n<p><span style=\"color: #999999;\">\u2022<\/span> Ridley M., 1997 &#8211; \u00c9volution biologique. De Boeck Universit\u00e9, 719p. Paris<\/p>\n<p><span style=\"color: #999999;\">\u2022<\/span> Roberts M.J., 2009 &#8211; Guide des araign\u00e9es de France et d&rsquo;Europe. Les guides du naturaliste, Delachaux et Niestl\u00e9, 383p. Paris<\/p>\n<p><span style=\"color: #999999;\">\u2022<\/span> Robineau R. et al., 2007 &#8211; Guide des papillons nocturnes de France. Les guides du naturaliste, Delachaux et Niestl\u00e9, 288p. Paris<\/p>\n<p><span style=\"color: #999999;\">\u2022<\/span> Tolman T., Lewington R., 1999 &#8211; Guide des papillons d&rsquo;Europe et d&rsquo;Afrique du nord. Les guides du naturaliste, Delachaux et Niestl\u00e9, 320p. Paris<\/p>\n<p> &nbsp; <\/p>\n<h2>Sitographie<\/h2>\n<p><span style=\"color: #999999;\">\u2022<\/span> Site du projet Vigie-nature<br \/>\n<a href=\"http:\/\/www2.mnhn.fr\/vigie-nature\" target=\"_blank\" rel=\"noopener noreferrer\">http:\/\/www2.mnhn.fr\/vigie-nature<\/a><\/p>\n<p><span style=\"color: #999999;\">\u2022<\/span> Site du projet Spipoll<br \/>\n<a href=\"http:\/\/www.spipoll.org\" target=\"_blank\" rel=\"noopener noreferrer\">http:\/\/www.spipoll.org<\/a><\/p>\n<p><span style=\"color: #999999;\">\u2022<\/span> Site du projet Urbanbees<br \/>\n<a href=\"http:\/\/www.urbanbees.eu\" target=\"_blank\" rel=\"noopener noreferrer\">http:\/\/www.urbanbees.eu<\/a><\/p>\n<p> &nbsp; <\/p>\n<h3>Sites d\u00e9di\u00e9s \u00e0 des groupes zoologiques et des soci\u00e9t\u00e9s savantes ou naturalistes<\/h3>\n<p><span style=\"color: #999999;\">\u2022<\/span> Site de l&rsquo;Office pour les Insectes et leur environnement<br \/>\n<a href=\"http:\/\/www.insectes.org\" target=\"_blank\" rel=\"noopener noreferrer\">http:\/\/www.insectes.org<\/a><\/p>\n<p><span style=\"color: #999999;\">\u2022<\/span> Site de l&rsquo;Entomofaune du Qu\u00e9bec<br \/>\n<a href=\"http:\/\/entomofaune.qc.ca\" target=\"_blank\" rel=\"noopener noreferrer\">http:\/\/entomofaune.qc.ca<\/a><\/p>\n<p><span style=\"color: #999999;\">\u2022<\/span> Site de l&rsquo;association Arthropologia<br \/>\n<a href=\"http:\/\/www.arthropologia.org\" target=\"_blank\" rel=\"noopener noreferrer\">http:\/\/www.arthropologia.org<\/a><\/p>\n<p><span style=\"color: #999999;\">\u2022<\/span> Site de la SFO (Soci\u00e9t\u00e9 fran\u00e7aise d&rsquo;odonatologie)<br \/>\n<a href=\"http:\/\/www.libellules.org\" target=\"_blank\" rel=\"noopener noreferrer\">http:\/\/www.libellules.org<\/a><\/p>\n<p><span style=\"color: #999999;\">\u2022<\/span> Site sur la malacologie (C. Audibert)<br \/>\n<a href=\"http:\/\/www.cernuelle.com\" target=\"_blank\" rel=\"noopener noreferrer\">http:\/\/www.cernuelle.com<\/a><\/p>\n<p><span style=\"color: #999999;\">\u2022<\/span> Site Oiseaux.net<br \/>\n<a href=\"http:\/\/www.oiseaux.net\" target=\"_blank\" rel=\"noopener noreferrer\">http:\/\/www.oiseaux.net<\/a><\/p>\n<p><span style=\"color: #999999;\">\u2022<\/span> Site de la SFE (Soci\u00e9t\u00e9 fran\u00e7aise d&rsquo;\u00e9cologie)<br \/>\n<a href=\"http:\/\/www.sfecologie.org\" target=\"_blank\" rel=\"noopener noreferrer\">http:\/\/www.sfecologie.org<\/a><\/p>\n<p> &nbsp; <\/p>\n<h3>Sites de nomenclature et bases de donn\u00e9es<\/h3>\n<p><span style=\"color: #999999;\">\u2022<\/span> Site de la base de donn\u00e9es Fauna europea<br \/>\n<a href=\"http:\/\/www.faunaeur.org\" target=\"_blank\" rel=\"noopener noreferrer\">http:\/\/www.faunaeur.org<\/a><\/p>\n<p><span style=\"color: #999999;\">\u2022<\/span> Site de la base de donn\u00e9es PycnoBase (Pycnogonides)<br \/>\n<a href=\"http:\/\/www.marinespecies.org\/pycnobase\" target=\"_blank\" rel=\"noopener noreferrer\">http:\/\/www.marinespecies.org\/pycnobase<\/a><\/p>\n<p><span style=\"color: #999999;\">\u2022<\/span> Site de nomenclature et taxonomie : ICZN (International commission on zoological nomenclature)<br \/>\n<a href=\"http:\/\/iczn.org\" target=\"_blank\" rel=\"noopener noreferrer\">http:\/\/iczn.org<\/a><\/p>\n<p><span style=\"color: #999999;\">\u2022<\/span> Site de nomenclature et taxonomie : ICBN (International code of botanical nomenclature)<br \/>\n<a href=\"http:\/\/www.botanik.univie.ac.at\/iapt\" target=\"_blank\" rel=\"noopener noreferrer\">http:\/\/www.botanik.univie.ac.at\/iapt<\/a>, rubrique Nomenclature, ICBN<\/p>\n<p><span style=\"color: #999999;\">\u2022<\/span> Site de nomenclature et taxonomie : ITIS (Integrated taxonomic information system)<br \/>\n<a href=\"http:\/\/www.itis.gov\" target=\"_blank\" rel=\"noopener noreferrer\">http:\/\/www.itis.gov<\/a><\/p>\n<p><span style=\"color: #999999;\">\u2022<\/span> Site de nomenclature et taxonomie : UBio (Universal biological indexer and organizer)<br \/>\n<a href=\"http:\/\/www.ubio.org\" target=\"_blank\" rel=\"noopener noreferrer\">http:\/\/www.ubio.org<\/a><\/p>\n<p> &nbsp; <\/p>\n<h3>Sites institutionnels<\/h3>\n<p><span style=\"color: #999999;\">\u2022<\/span> Site du CNRS (Centre national de la recherche scientifique)<br \/>\n<a href=\"http:\/\/www.cnrs.fr\" target=\"_blank\" rel=\"noopener noreferrer\">http:\/\/www.cnrs.fr<\/a><\/p>\n<p><span style=\"color: #999999;\">\u2022<\/span> Site des dossiers multim\u00e9dia du CNRS (Centre national de la recherche scientifique)<br \/>\n<a href=\"http:\/\/www2.cnrs.fr\/multimedia\/\" target=\"_blank\" rel=\"noopener noreferrer\">http:\/\/www2.cnrs.fr\/multimedia\/<\/a><\/p>\n<p><span style=\"color: #999999;\">\u2022<\/span> Site de l&rsquo;INRA (Institut national de la recherche agronomique)<br \/>\n<a href=\"http:\/\/www.inra.fr\" target=\"_blank\" rel=\"noopener noreferrer\">http:\/\/www.inra.fr<\/a><\/p>\n<p><span style=\"color: #999999;\">\u2022<\/span> Site du MNHN (Mus\u00e9um national d&rsquo;histoire naturelle)<br \/>\n<a href=\"http:\/\/www.mnhn.fr\" target=\"_blank\" rel=\"noopener noreferrer\">http:\/\/www.mnhn.fr<\/a><\/p>\n<p><span style=\"color: #999999;\">\u2022<\/span> Site de l&rsquo;IISE (Interntational institute for species exploration &#8211; Institut international pour l&rsquo;exploration des esp\u00e8ces &#8211; Universit\u00e9 de l&rsquo;Arizona)<br \/>\n<a href=\"http:\/\/www.species.asu.edu\/\" target=\"_blank\" rel=\"noopener noreferrer\">http:\/\/www.species.asu.edu<\/a><\/p>\n<p><span style=\"color: #999999;\">\u2022<\/span> Site du CESE (Conseil \u00e9conomique, social et environnemental)<br \/>\n<a href=\"http:\/\/www.lecese.fr\" target=\"_blank\" rel=\"noopener noreferrer\">http:\/\/www.lecese.fr<\/a><\/p>\n<p><span style=\"color: #999999;\">\u2022<\/span> Site de l&rsquo;UICN (Comit\u00e9 fran\u00e7ais de l&rsquo;Union internationale pour la conservation de la nature)<br \/>\n<a href=\"http:\/\/www.uicn.fr\" target=\"_blank\" rel=\"noopener noreferrer\">http:\/\/www.uicn.fr<\/a><\/p>\n<p><span style=\"color: #999999;\">\u2022<\/span> Site de la Convention de Berne relative \u00e0 la conservation de la vie sauvage et du milieu naturel de l&rsquo;Europe<br \/>\n<a href=\"http:\/\/www.coe.int\/BernConvention\/fr\" target=\"_blank\" rel=\"noopener noreferrer\">http:\/\/www.coe.int\/BernConvention\/fr<\/a><\/p>\n<p><span style=\"color: #999999;\">\u2022<\/span> Site de la CMS (Convention de Bonn sur la conservation des esp\u00e8ces migratrices)<br \/>\n<a href=\"https:\/\/www.cms.int\/fr\" target=\"_blank\" rel=\"noopener noreferrer\">https:\/\/www.cms.int\/fr<\/a><\/p>\n<p><span style=\"color: #999999;\">\u2022<\/span> Site de la CITES (Convention de Washington sur le commerce international des esp\u00e8ces de faune et de flore sauvages menac\u00e9es d\u2019extinction)<br \/>\n<a href=\"https:\/\/cites.org\/fra\" target=\"_blank\" rel=\"noopener noreferrer\">https:\/\/cites.org\/fra<\/a><\/p>\n<p><span style=\"color: #999999;\">\u2022<\/span> Site Europa (Portail de l&rsquo;Union europ\u00e9enne)<br \/>\n<a href=\"http:\/\/europa.eu\/index_fr.htm\" target=\"_blank\" rel=\"noopener noreferrer\">http:\/\/europa.eu\/index_fr.htm<\/a><\/p>\n<p><span style=\"color: #999999;\">\u2022<\/span> Site de l&rsquo;IPBES (Intergovernmental science-policy platform on biodiversity and ecosystem services)<br \/>\n<a href=\"http:\/\/ipbes.net\" target=\"_blank\" rel=\"noopener noreferrer\">http:\/\/ipbes.net<\/a><\/p>\n<p><span style=\"color: #999999;\">\u2022<\/span> Site du PNUE (Programme des Nations unies pour l&rsquo;environnement)<br \/>\n<a href=\"http:\/\/www.unep.org\/french\" target=\"_blank\" rel=\"noopener noreferrer\">http:\/\/www.unep.org\/french<\/a><\/p>\n<p> &nbsp; <\/p>\n<h3>Sites des \u00e9diteurs d&rsquo;ouvrages et de revues scientifiques<\/h3>\n<p><span style=\"color: #999999;\">\u2022<\/span> Site des \u00e9ditions Bordas<br \/>\n<a href=\"http:\/\/www.editions-bordas.fr\" target=\"_blank\" rel=\"noopener noreferrer\">http:\/\/www.editions-bordas.fr<\/a><\/p>\n<p><span style=\"color: #999999;\">\u2022<\/span> Site des \u00e9ditions Delachaux et Niestl\u00e9<br \/>\n<a href=\"http:\/\/www.delachauxetniestle.com\" target=\"_blank\" rel=\"noopener noreferrer\">http:\/\/www.delachauxetniestle.com<\/a><\/p>\n<p><span style=\"color: #999999;\">\u2022<\/span> Site des \u00e9ditions Dunod<br \/>\n<a href=\"http:\/\/www.dunod.com\" target=\"_blank\" rel=\"noopener noreferrer\">http:\/\/www.dunod.com<\/a><\/p>\n<p><span style=\"color: #999999;\">\u2022<\/span> Site des \u00e9ditions Flammarion<br \/>\n<a href=\"http:\/\/editions.flammarion.com\" target=\"_blank\" rel=\"noopener noreferrer\">http:\/\/editions.flammarion.com<\/a><\/p>\n<p><span style=\"color: #999999;\">\u2022<\/span> Site du magazine La Recherche<br \/>\n<a href=\"http:\/\/www.larecherche.fr\" target=\"_blank\" rel=\"noopener noreferrer\">http:\/\/www.larecherche.fr<\/a><\/p>\n<p><span style=\"color: #999999;\">\u2022<\/span> Site du magazine Pour la science<br \/>\n<a href=\"http:\/\/www.pourlascience.fr\" target=\"_blank\" rel=\"noopener noreferrer\">http:\/\/www.pourlascience.fr<\/a><\/p>\n<p><span style=\"color: #999999;\">\u2022<\/span> Site des \u00e9ditions Sinauer associates<br \/>\n<a href=\"http:\/\/www.sinauer.com\" target=\"_blank\" rel=\"noopener noreferrer\">http:\/\/www.sinauer.com<\/a><\/p>\n<p> &nbsp; <\/p>\n","protected":false},"excerpt":{"rendered":"<p>Bibliographie \u2022 Beaumont A., Cassier P., 1983 &#8211; Biologie animale, des Protozoaires aux M\u00e9tazoaires \u00e9pith\u00e9lioneuriens. Tome 2. Dunod, 979p. Paris \u2022 Brusca R.C., Brusca G.J., 2002 &#8211; Invertebrates. Sinauer associates, 936p., Sunderland (USA) \u2022 Chinery M., 2005 &#8211; Insectes de France et d&rsquo;Europe occidentale. Flammarion, 320p. Paris \u2022 Chinery M., 1981 &#8211; Insectes d&rsquo;Europe en [&hellip;]<\/p>\n","protected":false},"author":2,"featured_media":0,"parent":0,"menu_order":7,"comment_status":"closed","ping_status":"closed","template":"","meta":{"site-sidebar-layout":"default","site-content-layout":"","ast-site-content-layout":"default","site-content-style":"default","site-sidebar-style":"default","ast-global-header-display":"","ast-banner-title-visibility":"","ast-main-header-display":"","ast-hfb-above-header-display":"","ast-hfb-below-header-display":"","ast-hfb-mobile-header-display":"","site-post-title":"","ast-breadcrumbs-content":"","ast-featured-img":"","footer-sml-layout":"","ast-disable-related-posts":"","theme-transparent-header-meta":"","adv-header-id-meta":"","stick-header-meta":"","header-above-stick-meta":"","header-main-stick-meta":"","header-below-stick-meta":"","astra-migrate-meta-layouts":"default","ast-page-background-enabled":"default","ast-page-background-meta":{"desktop":{"background-color":"var(--ast-global-color-4)","background-image":"","background-repeat":"repeat","background-position":"center center","background-size":"auto","background-attachment":"scroll","background-type":"","background-media":"","overlay-type":"","overlay-color":"","overlay-opacity":"","overlay-gradient":""},"tablet":{"background-color":"","background-image":"","background-repeat":"repeat","background-position":"center center","background-size":"auto","background-attachment":"scroll","background-type":"","background-media":"","overlay-type":"","overlay-color":"","overlay-opacity":"","overlay-gradient":""},"mobile":{"background-color":"","background-image":"","background-repeat":"repeat","background-position":"center center","background-size":"auto","background-attachment":"scroll","background-type":"","background-media":"","overlay-type":"","overlay-color":"","overlay-opacity":"","overlay-gradient":""}},"ast-content-background-meta":{"desktop":{"background-color":"var(--ast-global-color-5)","background-image":"","background-repeat":"repeat","background-position":"center center","background-size":"auto","background-attachment":"scroll","background-type":"","background-media":"","overlay-type":"","overlay-color":"","overlay-opacity":"","overlay-gradient":""},"tablet":{"background-color":"var(--ast-global-color-5)","background-image":"","background-repeat":"repeat","background-position":"center center","background-size":"auto","background-attachment":"scroll","background-type":"","background-media":"","overlay-type":"","overlay-color":"","overlay-opacity":"","overlay-gradient":""},"mobile":{"background-color":"var(--ast-global-color-5)","background-image":"","background-repeat":"repeat","background-position":"center center","background-size":"auto","background-attachment":"scroll","background-type":"","background-media":"","overlay-type":"","overlay-color":"","overlay-opacity":"","overlay-gradient":""}},"footnotes":""},"class_list":["post-627","page","type-page","status-publish","hentry"],"aioseo_notices":[],"jetpack_sharing_enabled":true,"_links":{"self":[{"href":"https:\/\/codexvirtualis.fr\/codex\/wp-json\/wp\/v2\/pages\/627","targetHints":{"allow":["GET"]}}],"collection":[{"href":"https:\/\/codexvirtualis.fr\/codex\/wp-json\/wp\/v2\/pages"}],"about":[{"href":"https:\/\/codexvirtualis.fr\/codex\/wp-json\/wp\/v2\/types\/page"}],"author":[{"embeddable":true,"href":"https:\/\/codexvirtualis.fr\/codex\/wp-json\/wp\/v2\/users\/2"}],"replies":[{"embeddable":true,"href":"https:\/\/codexvirtualis.fr\/codex\/wp-json\/wp\/v2\/comments?post=627"}],"version-history":[{"count":51,"href":"https:\/\/codexvirtualis.fr\/codex\/wp-json\/wp\/v2\/pages\/627\/revisions"}],"predecessor-version":[{"id":14340,"href":"https:\/\/codexvirtualis.fr\/codex\/wp-json\/wp\/v2\/pages\/627\/revisions\/14340"}],"wp:attachment":[{"href":"https:\/\/codexvirtualis.fr\/codex\/wp-json\/wp\/v2\/media?parent=627"}],"curies":[{"name":"wp","href":"https:\/\/api.w.org\/{rel}","templated":true}]}}