{"id":58,"date":"2011-01-30T15:57:09","date_gmt":"2011-01-30T15:57:09","guid":{"rendered":"http:\/\/codexvirtualis.fr\/codex"},"modified":"2011-06-18T14:43:32","modified_gmt":"2011-06-18T12:43:32","slug":"biodiversite-et-urbanisme","status":"publish","type":"page","link":"https:\/\/codexvirtualis.fr\/codex\/de-la-biodiversite\/la-biodiversite-urbaine\/biodiversite-et-urbanisme","title":{"rendered":"Biodiversit\u00e9 et urbanisme"},"content":{"rendered":"<p> &nbsp; <\/p>\n<p> Acc\u00e9der au site du <a title=\"Site du Conseil \u00e9conomique, social et environnemental\" href=\"http:\/\/www.lecese.fr\/\" target=\"_blank\">Conseil \u00e9conomique, social et environnemental<\/a> (adresse : http:\/\/www.lecese.fr\/)<\/p>\n<p> &nbsp; <\/p>\n<p>Les relations entre biodiversit\u00e9 et urbanisme sont trait\u00e9es dans le rapport de M. Bernard Reygrobellet du Conseil \u00e9conomique  et social publi\u00e9 en 2008.<br \/>\n<a href=\"\/documents\/telechargement\/biodiversite-urbaine\/la-nature-dans-la-ville-biodiversite-et-urbanisme.pdf\" target=\"_blank\"><img loading=\"lazy\" decoding=\"async\" class=\"alignnone size-full wp-image-62\" title=\"vignette-rapport-du-conseil-economique-et-social\" src=\"\/documents\/images\/vignette-rapport-du-conseil-economique-et-social.jpg\" alt=\"Rapport du conseil \u00e9conomique et social\" width=\"150\" height=\"200\" \/><\/a><br \/>\n<a href=\"\/documents\/telechargement\/biodiversite-urbaine\/la-nature-dans-la-ville-biodiversite-et-urbanisme.pdf\">La nature dans la ville &#8211; Biodiversit\u00e9 et urbanisme<\/a><\/p>\n<p> &nbsp; <\/p>\n<h2>Sommaire<\/h2>\n<h3>Une probl\u00e9matique complexe et en pleine \u00e9volution<\/h3>\n<p>I &#8211; Nature et biodiversit\u00e9, historique et contexte actuel<\/p>\n<p style=\"padding-left: 30px;\">A &#8211; Opposition entre nature ma\u00eetris\u00e9e et nature sauvage<\/p>\n<p style=\"padding-left: 30px;\">B &#8211; L\u2019\u00e9cologie prend en charge la complexit\u00e9 de la nature<\/p>\n<p style=\"padding-left: 30px;\">C &#8211; L\u2019\u00e9cologie se d\u00e9veloppe en tant que discipline des sciences de l&rsquo;environnement<\/p>\n<p style=\"padding-left: 30px;\">D &#8211; La biodiversit\u00e9 devient une composante du d\u00e9veloppement durable<\/p>\n<p style=\"padding-left: 30px;\">E &#8211; L\u2019\u00e9cologie dresse le bilan de la plan\u00e8te dans le contexte du d\u00e9veloppement durable<\/p>\n<p>II &#8211; Le cadre normatif relatif \u00e0 la biodiversit\u00e9 et \u00e0 l\u00a0\u00bburbanisme<\/p>\n<p style=\"padding-left: 30px;\">A &#8211; Biodiversit\u00e9 et espaces prot\u00e9g\u00e9s<\/p>\n<p style=\"padding-left: 30px;\">B &#8211; Les outils existants de l\u00a0\u00bbaction fonci\u00e8re permettent d&rsquo;agir en faveur des espaces naturels<\/p>\n<p style=\"padding-left: 30px;\">C &#8211; Le cadre territorial et les espaces naturels<\/p>\n<p>III &#8211; Les politiques r\u00e9gionales et locales en faveur du d\u00e9veloppement durable<\/p>\n<p style=\"padding-left: 30px;\">A &#8211; Des villes durables o\u00f9 la nature est pr\u00e9sente<\/p>\n<p style=\"padding-left: 30px;\">B &#8211; Exemples de politiques de la nature en ville<\/p>\n<h3>La biodiversit\u00e9 et l&rsquo;urbanisme face aux attentes des acteurs<\/h3>\n<p>I &#8211; La nature dans l&rsquo;urbanisme du XXe si\u00e8cle : br\u00e8ve histoire de la ville industrielle \u00e0 la ville durable<\/p>\n<p style=\"padding-left: 30px;\">A &#8211; La naissance de l&rsquo;urbanisme fonctionnaliste<\/p>\n<p style=\"padding-left: 30px;\">B &#8211; Une r\u00e9action au fonctionnalisme : les cit\u00e9s-jardins<\/p>\n<p style=\"padding-left: 30px;\">C &#8211; Les ann\u00e9es cinquante\/soixante-dix<\/p>\n<p style=\"padding-left: 30px;\">D &#8211; La mar\u00e9e pavillonnaire<\/p>\n<p>II &#8211; Architecture et urbanisme \u00e0 l&rsquo;heure du d\u00e9veloppement durable<\/p>\n<p style=\"padding-left: 30px;\">A &#8211; La nouvelle charte d&rsquo;Ath\u00e8nes de 2003<\/p>\n<p style=\"padding-left: 30px;\">B &#8211; \u00c9co-villes, \u00e9co-quartiers<\/p>\n<p style=\"padding-left: 30px;\">C &#8211; La place du paysagiste dans les projets<\/p>\n<p style=\"padding-left: 30px;\">D &#8211; Les espaces verts et les nouveaux jardins<\/p>\n<p>III &#8211; La vision des naturalistes<\/p>\n<p style=\"padding-left: 30px;\">A &#8211; Structuration de l&rsquo;espace et biodiversit\u00e9<\/p>\n<p style=\"padding-left: 30px;\">B &#8211; Du concept de r\u00e9seau \u00e9cologique national<\/p>\n<p style=\"padding-left: 30px;\">C &#8211; Un des enjeux majeurs de l&rsquo;am\u00e9nagement du territoire : la ma\u00eetrise des zones p\u00e9ri-urbaines<\/p>\n<p style=\"padding-left: 30px;\">D &#8211; Le point de vue des associations naturalistes<\/p>\n<p>IV &#8211; Repr\u00e9sentations et attentes des citadins<\/p>\n<p style=\"padding-left: 30px;\">A &#8211; Le besoin de nature<\/p>\n<p style=\"padding-left: 30px;\">B &#8211; La cohabitation \u00eatres humains-animaux en ville<\/p>\n<p style=\"padding-left: 30px;\">D &#8211; Des \u00e9volutions sociologiques<\/p>\n<p>V &#8211; Ma\u00eetriser les nuisances biologiques et le risque sanitaire<\/p>\n<p style=\"padding-left: 30px;\">A &#8211; Les esp\u00e8ces ind\u00e9sirables en ville<\/p>\n<p style=\"padding-left: 30px;\">B &#8211; La gestion des esp\u00e8ces ind\u00e9sirables pour les citadins<\/p>\n<p style=\"padding-left: 30px;\">C &#8211; Esp\u00e8ces responsables de nuisances pour les \u00e9cosyst\u00e8mes<\/p>\n<p style=\"padding-left: 30px;\">D &#8211; Vie sauvage et sant\u00e9 humaine<\/p>\n<h3>La nature dans une dynamique au service d&rsquo;un urbanisme plus humain<\/h3>\n<p>I &#8211; Densit\u00e9 et biodiversit\u00e9 : un mariage de raison<\/p>\n<p style=\"padding-left: 30px;\">A &#8211; Relations ville-p\u00e9riph\u00e9rie et \u00e9talement urbain<\/p>\n<p style=\"padding-left: 30px;\">B &#8211; De nouveaux rapports \u00e0 la nature<\/p>\n<p style=\"padding-left: 30px;\">C &#8211; L\u2019acc\u00e8s \u00e0 la nature peut \u00eatre source d&rsquo;in\u00e9galit\u00e9s<\/p>\n<p>II &#8211; Les services \u00e9cologiques et la pr\u00e9vention des risques naturels<\/p>\n<p style=\"padding-left: 30px;\">A &#8211; La nature au service des citadins<\/p>\n<p style=\"padding-left: 30px;\">B &#8211; Pr\u00e9vention des risques naturels<\/p>\n<p>III &#8211; Des outils d&rsquo;\u00e9valuation et des leviers financiers encore \u00e0 inventer<\/p>\n<p style=\"padding-left: 30px;\">A &#8211; La n\u00e9cessit\u00e9 de disposer d&rsquo;indicateurs en biodiversit\u00e9<\/p>\n<p style=\"padding-left: 30px;\">B &#8211; Mesures fiscales en faveur de la biodiversit\u00e9<\/p>\n<p style=\"padding-left: 30px;\">C &#8211; Les entreprises et la biodiversit\u00e9<\/p>\n<p style=\"padding-left: 30px;\">D &#8211; Vers un march\u00e9 financier de la biodiversit\u00e9 ?<\/p>\n<p>IV &#8211; Sensibilisation information et formation<\/p>\n<p style=\"padding-left: 30px;\">A &#8211; L\u2019\u00e9veil des plus jeunes<\/p>\n<p style=\"padding-left: 30px;\">B &#8211; La formation des agents publics et des professionnels<\/p>\n<p style=\"padding-left: 30px;\">C &#8211; La sensibilisation et l&rsquo;information du grand public<\/p>\n","protected":false},"excerpt":{"rendered":"<p>&nbsp; Acc\u00e9der au site du Conseil \u00e9conomique, social et environnemental (adresse : http:\/\/www.lecese.fr\/) &nbsp; Les relations entre biodiversit\u00e9 et urbanisme sont trait\u00e9es dans le rapport de M. Bernard Reygrobellet du Conseil \u00e9conomique et social publi\u00e9 en 2008. La nature dans la ville &#8211; Biodiversit\u00e9 et urbanisme &nbsp; Sommaire Une probl\u00e9matique complexe et en pleine \u00e9volution [&hellip;]<\/p>\n","protected":false},"author":2,"featured_media":0,"parent":18,"menu_order":2,"comment_status":"closed","ping_status":"closed","template":"","meta":{"site-sidebar-layout":"default","site-content-layout":"","ast-site-content-layout":"default","site-content-style":"default","site-sidebar-style":"default","ast-global-header-display":"","ast-banner-title-visibility":"","ast-main-header-display":"","ast-hfb-above-header-display":"","ast-hfb-below-header-display":"","ast-hfb-mobile-header-display":"","site-post-title":"","ast-breadcrumbs-content":"","ast-featured-img":"","footer-sml-layout":"","ast-disable-related-posts":"","theme-transparent-header-meta":"","adv-header-id-meta":"","stick-header-meta":"","header-above-stick-meta":"","header-main-stick-meta":"","header-below-stick-meta":"","astra-migrate-meta-layouts":"default","ast-page-background-enabled":"default","ast-page-background-meta":{"desktop":{"background-color":"var(--ast-global-color-4)","background-image":"","background-repeat":"repeat","background-position":"center center","background-size":"auto","background-attachment":"scroll","background-type":"","background-media":"","overlay-type":"","overlay-color":"","overlay-opacity":"","overlay-gradient":""},"tablet":{"background-color":"","background-image":"","background-repeat":"repeat","background-position":"center center","background-size":"auto","background-attachment":"scroll","background-type":"","background-media":"","overlay-type":"","overlay-color":"","overlay-opacity":"","overlay-gradient":""},"mobile":{"background-color":"","background-image":"","background-repeat":"repeat","background-position":"center center","background-size":"auto","background-attachment":"scroll","background-type":"","background-media":"","overlay-type":"","overlay-color":"","overlay-opacity":"","overlay-gradient":""}},"ast-content-background-meta":{"desktop":{"background-color":"var(--ast-global-color-5)","background-image":"","background-repeat":"repeat","background-position":"center center","background-size":"auto","background-attachment":"scroll","background-type":"","background-media":"","overlay-type":"","overlay-color":"","overlay-opacity":"","overlay-gradient":""},"tablet":{"background-color":"var(--ast-global-color-5)","background-image":"","background-repeat":"repeat","background-position":"center center","background-size":"auto","background-attachment":"scroll","background-type":"","background-media":"","overlay-type":"","overlay-color":"","overlay-opacity":"","overlay-gradient":""},"mobile":{"background-color":"var(--ast-global-color-5)","background-image":"","background-repeat":"repeat","background-position":"center center","background-size":"auto","background-attachment":"scroll","background-type":"","background-media":"","overlay-type":"","overlay-color":"","overlay-opacity":"","overlay-gradient":""}},"footnotes":""},"class_list":["post-58","page","type-page","status-publish","hentry"],"aioseo_notices":[],"jetpack_sharing_enabled":true,"_links":{"self":[{"href":"https:\/\/codexvirtualis.fr\/codex\/wp-json\/wp\/v2\/pages\/58","targetHints":{"allow":["GET"]}}],"collection":[{"href":"https:\/\/codexvirtualis.fr\/codex\/wp-json\/wp\/v2\/pages"}],"about":[{"href":"https:\/\/codexvirtualis.fr\/codex\/wp-json\/wp\/v2\/types\/page"}],"author":[{"embeddable":true,"href":"https:\/\/codexvirtualis.fr\/codex\/wp-json\/wp\/v2\/users\/2"}],"replies":[{"embeddable":true,"href":"https:\/\/codexvirtualis.fr\/codex\/wp-json\/wp\/v2\/comments?post=58"}],"version-history":[{"count":21,"href":"https:\/\/codexvirtualis.fr\/codex\/wp-json\/wp\/v2\/pages\/58\/revisions"}],"predecessor-version":[{"id":2492,"href":"https:\/\/codexvirtualis.fr\/codex\/wp-json\/wp\/v2\/pages\/58\/revisions\/2492"}],"up":[{"embeddable":true,"href":"https:\/\/codexvirtualis.fr\/codex\/wp-json\/wp\/v2\/pages\/18"}],"wp:attachment":[{"href":"https:\/\/codexvirtualis.fr\/codex\/wp-json\/wp\/v2\/media?parent=58"}],"curies":[{"name":"wp","href":"https:\/\/api.w.org\/{rel}","templated":true}]}}