{"id":5511,"date":"2013-08-25T17:39:23","date_gmt":"2013-08-25T15:39:23","guid":{"rendered":"http:\/\/codexvirtualis.fr\/codex\/?page_id=5511"},"modified":"2023-04-20T09:55:06","modified_gmt":"2023-04-20T07:55:06","slug":"collections-escargots-haies","status":"publish","type":"page","link":"https:\/\/codexvirtualis.fr\/codex\/cabinet-de-curiosites-virtuel\/images-insolites-instructives\/collections-escargots-haies","title":{"rendered":"Des collections d&rsquo;Escargots des haies"},"content":{"rendered":"<p>L&rsquo;Escargot des haies (<em>Cepaea nemoralis<\/em>) dont le polymorphisme a fait l&rsquo;objet de la page \u00ab\u00a0<a href=\"\/codex\/cabinet-de-curiosites-virtuel\/des-animaux-et-des-milieux\/tous-differents-une-espece\" target=\"_blank\" rel=\"noopener\">Tous diff\u00e9rents&#8230; mais une seule esp\u00e8ce<\/a>\u00a0\u00bb du Cabinet de curiosit\u00e9s virtuel, est une esp\u00e8ce fr\u00e9quente dans la nature ordinaire.<br \/>\nAvec leur coquille de couleur jaune ou rose, orn\u00e9e d&rsquo;un nombre variable de bandes brunes de largeurs diverses, ses repr\u00e9sentants pr\u00e9sentent une variabilit\u00e9 remarquable.<\/p>\n<p>Comme beaucoup d&rsquo;autres, l&rsquo;esp\u00e8ce est pr\u00e9sente dans les collections d&rsquo;histoire naturelle, notamment sous forme de coquilles.<br \/>\nC&rsquo;est en particulier le cas dans les collections de malacologie du Mus\u00e9e des Confluences de Lyon, conserv\u00e9es au Centre de conservation et d&rsquo;\u00e9tude des collections (CCEC) qui lui est associ\u00e9.<\/p>\n<h2>Les collections malacologiques du Mus\u00e9e des Confluences<\/h2>\n<figure style=\"width: 300px\" class=\"wp-caption alignnone\"><a href=\"\/documents\/images\/Cepaea_nemoralis\/compactus-WEB.jpg\" target=\"_blank&quot;\" rel=\"lightbox noopener\"><img decoding=\"async\" class=\"\" src=\"\/documents\/images\/Cepaea_nemoralis\/compactus-WEB.jpg\" alt=\"Collections Mollusques\" width=\"300\" \/><\/a><figcaption class=\"wp-caption-text\">Collections de Mollusques du Centre de conservation et d&rsquo;\u00e9tudes des collections du Mus\u00e9e des Confluences (Lyon)<\/figcaption><\/figure>\n<p>Aujourd&rsquo;hui entrepos\u00e9es dans des rayonnages mobiles et dans des conditions favorables \u00e0 leur pr\u00e9servation, les collections malacologiques du Mus\u00e9e des Confluences ont \u00e9t\u00e9 constitu\u00e9es \u00e0 partir du XVIIe si\u00e8cle. Elles ont \u00e9t\u00e9 consid\u00e9rablement enrichies au XIXe si\u00e8cle et au d\u00e9but du XXe si\u00e8cle.<\/p>\n<p>Les sp\u00e9cimens proviennent g\u00e9n\u00e9ralement de dons, d&rsquo;achats ou d&rsquo;\u00e9changes. Ils sont parfois regroup\u00e9s en collections nominales et d&rsquo;autres fois dispers\u00e9s au sein de collections g\u00e9n\u00e9rales.<\/p>\n<p>De nombreux facteurs affectent la vie des collections. Extrins\u00e8ques ou intrins\u00e8ques, parmi eux figurent :<\/p>\n<p><span style=\"color: #999999;\">\u2022 <\/span>les \u00e9v\u00e8nements historiques comme la R\u00e9volution fran\u00e7aise, qui apportent leur lot de d\u00e9m\u00e9nagements, de dispersions voire de destructions ;<\/p>\n<p><span style=\"color: #999999;\">\u2022 <\/span>les contraintes mat\u00e9rielles de place, d&rsquo;exposition, de conservation, qui conduisent \u00e0 des \u00e9liminations, des remaniements et des d\u00e9gradations ;<\/p>\n<p><span style=\"color: #999999;\">\u2022 <\/span>l&rsquo;int\u00e9r\u00eat port\u00e9 par les scientifiques aux collections, favorisant leur essor ou provoquant leur abandon.<\/p>\n<p>Ces al\u00e9as expliquent qu&rsquo;il est souvent d\u00e9licat de retrouver la trace des sp\u00e9cimens les plus anciens, ou d&rsquo;identifier avec pr\u00e9cision l&rsquo;origine de certains \u00e9chantillons, d&rsquo;autant plus que les documents accompagnant les objets n&rsquo;existent pas toujours.<\/p>\n<h2>L&rsquo;Escargot des haies dans les collections malacologiques du Mus\u00e9e des Confluences<\/h2>\n<p>Des coquilles d&rsquo;Escargots des haies sont incluses dans diverses collections nominales identifi\u00e9es du Mus\u00e9e des Confluences, comme le montrent les exemples ci-dessous.<\/p>\n<h3>La collection Gabillot<\/h3>\n<p>Datant de la seconde moiti\u00e9 du XIXe si\u00e8cle, la collection Gabillot, du nom du scientifique lyonnais qui l&rsquo;a constitu\u00e9e, Joseph Gabillot, a \u00e9t\u00e9 c\u00e9d\u00e9e \u00e0 la Soci\u00e9t\u00e9 linn\u00e9enne de Lyon \u00e0 la m\u00eame \u00e9poque.<\/p>\n<p>Entr\u00e9e au Mus\u00e9um de Lyon, aujourd&rsquo;hui Mus\u00e9e des Confluences, dans les ann\u00e9es 1980, elle a \u00e9t\u00e9 soigneusement r\u00e9habilit\u00e9e.<\/p>\n<p>La collection Gabillot est compos\u00e9e de coquilles coll\u00e9es sur des cartons portant indication du nom scientifique de l&rsquo;esp\u00e8ce et de la localit\u00e9 de collecte.<\/p>\n<figure style=\"width: 300px\" class=\"wp-caption alignnone\"><a href=\"\/documents\/images\/Cepaea_nemoralis\/Gabillot_02-WEB.jpg\" target=\"_blank&quot;\" rel=\"lightbox noopener\"><img decoding=\"async\" class=\"alignnone\" src=\"\/documents\/images\/Cepaea_nemoralis\/Gabillot_02-WEB.jpg\" alt=\"Collection Gabillot\" width=\"300\" \/><\/a><figcaption class=\"wp-caption-text\">Escargots des haies de la collection Gabillot (Centre de conservation et d&rsquo;\u00e9tudes des collections du Mus\u00e9e des Confluences &#8211; Lyon)<\/figcaption><\/figure>\n<figure style=\"width: 300px\" class=\"wp-caption alignnone\"><a href=\"\/documents\/images\/Cepaea_nemoralis\/gabillot_pele_mele.jpg\" target=\"_blank&quot;\" rel=\"lightbox noopener\"><img decoding=\"async\" class=\"alignnone\" src=\"\/documents\/images\/Cepaea_nemoralis\/gabillot_pele_mele.jpg\" alt=\"Collection Gabillot\" width=\"300\" \/><\/a><figcaption class=\"wp-caption-text\">Escargots des haies de la collection Gabillot (Centre de conservation et d&rsquo;\u00e9tudes des collections du Mus\u00e9e des Confluences &#8211; Lyon)<\/figcaption><\/figure>\n<h3>La collection Perroud<\/h3>\n<p>Constitu\u00e9e \u00e0 la fin du XIXe et au d\u00e9but du XXe si\u00e8cles par Charles Perroud, cette collection a \u00e9t\u00e9 donn\u00e9e au Mus\u00e9um de Lyon \u00e0 la mort de ce dernier.<\/p>\n<p>Comme la pr\u00e9c\u00e9dente, elle est form\u00e9e de coquilles coll\u00e9es sur des cartons portant la d\u00e9nomination de l&rsquo;esp\u00e8ce et la localit\u00e9 de pr\u00e9l\u00e8vement.<\/p>\n<figure style=\"width: 300px\" class=\"wp-caption alignnone\"><a href=\"\/documents\/images\/Cepaea_nemoralis\/Perroud_01-WEB.jpg\" target=\"_blank&quot;\" rel=\"lightbox noopener\"><img decoding=\"async\" class=\"alignnone\" src=\"\/documents\/images\/Cepaea_nemoralis\/Perroud_01-WEB.jpg\" alt=\"Collection Perroud\" width=\"300\" \/><\/a><figcaption class=\"wp-caption-text\">Escargots des haies de la collection Perroud (Centre de conservation et d&rsquo;\u00e9tudes des collections du Mus\u00e9e des Confluences &#8211; Lyon)<\/figcaption><\/figure>\n<figure style=\"width: 300px\" class=\"wp-caption alignnone\"><a href=\"\/documents\/images\/Cepaea_nemoralis\/perroud_pele_mele.jpg\" target=\"_blank&quot;\" rel=\"lightbox noopener\"><img decoding=\"async\" class=\"alignnone\" src=\"\/documents\/images\/Cepaea_nemoralis\/perroud_pele_mele.jpg\" alt=\"Collection Perroud\" width=\"300\" \/><\/a><figcaption class=\"wp-caption-text\">Escargots des haies de la collection Perroud (Centre de conservation et d&rsquo;\u00e9tudes des collections du Mus\u00e9e des Confluences &#8211; Lyon)<\/figcaption><\/figure>\n<h3>La collection Terver<\/h3>\n<p>\u00c9labor\u00e9e pendant la seconde moiti\u00e9 du XIXe si\u00e8cle, la collection Terver (Ange-Paulin Terver) est l&rsquo;une des plus importantes collections malacologiques du Mus\u00e9um de Lyon, auquel elle a \u00e9t\u00e9 donn\u00e9e en 1875.<\/p>\n<p>Elle comporte en particulier des \u00e9chantillons coll\u00e9s sur carton, le nom de l&rsquo;esp\u00e8ce et le lieu de collecte y figurant.<\/p>\n<p>Si certains sp\u00e9cimens composent une collection nominale, d&rsquo;autres sont inclus dans une collection g\u00e9n\u00e9rale sans forc\u00e9ment \u00eatre rep\u00e9r\u00e9s.<\/p>\n<figure style=\"width: 300px\" class=\"wp-caption alignnone\"><a href=\"\/documents\/images\/Cepaea_nemoralis\/Terver_01b-WEB.jpg\" target=\"_blank&quot;\" rel=\"lightbox noopener\"><img decoding=\"async\" class=\"alignnone\" src=\"\/documents\/images\/Cepaea_nemoralis\/Terver_01b-WEB.jpg\" alt=\"Collection Terver\" width=\"300\" \/><\/a><figcaption class=\"wp-caption-text\">Escargots des haies de la collection Terver (Centre de conservation et d&rsquo;\u00e9tudes des collections du Mus\u00e9e des Confluences &#8211; Lyon)<\/figcaption><\/figure>\n<figure style=\"width: 300px\" class=\"wp-caption alignnone\"><a href=\"\/documents\/images\/Cepaea_nemoralis\/terver_pele_mele.jpg\" target=\"_blank&quot;\" rel=\"lightbox noopener\"><img decoding=\"async\" class=\"alignnone\" src=\"\/documents\/images\/Cepaea_nemoralis\/terver_pele_mele.jpg\" alt=\"Collections Rivet et Terver\" width=\"300\" \/><\/a><figcaption class=\"wp-caption-text\">Escargots des haies de la collection Terver (Centre de conservation et d&rsquo;\u00e9tudes des collections du Mus\u00e9e des Confluences &#8211; Lyon)<\/figcaption><\/figure>\n<h3>La collection Rivet<\/h3>\n<p>Entr\u00e9e au Mus\u00e9um de Lyon dans les ann\u00e9es 1930, la collection Rivet est originale de par son conditionnement : les sp\u00e9cimens sont plac\u00e9s dans des barquettes form\u00e9es de lettres pli\u00e9es \u00e0 la mani\u00e8re de l&rsquo;origami.<\/p>\n<figure style=\"width: 300px\" class=\"wp-caption alignnone\"><a href=\"\/documents\/images\/Cepaea_nemoralis\/Rivet_09-WEB.jpg\" target=\"_blank&quot;\" rel=\"lightbox noopener\"><img decoding=\"async\" class=\"alignnone\" src=\"\/documents\/images\/Cepaea_nemoralis\/Rivet_09-WEB.jpg\" alt=\"Collection Terver\" width=\"300\" \/><\/a><figcaption class=\"wp-caption-text\">Escargots des haies de la collection Rivet (Centre de conservation et d&rsquo;\u00e9tudes des collections du Mus\u00e9e des Confluences &#8211; Lyon)<\/figcaption><\/figure>\n<h2>De l&rsquo;importance des collections d&rsquo;histoire naturelle<\/h2>\n<p>\u00c0 travers des quelques exemples, il appara\u00eet que le polymorphisme de la coquille de l&rsquo;Escargot des haies est illustr\u00e9 dans les collections d&rsquo;histoire naturelle.<\/p>\n<p>En raison de l&rsquo;absence d&rsquo;informations pr\u00e9cises sur les collectes (dates, sites, etc.), l&rsquo;analyse scientifique de celui-ci est toutefois d\u00e9licate.<\/p>\n<p>En revanche, l&rsquo;int\u00e9r\u00eat patrimonial de ce mat\u00e9riel est ind\u00e9niable, les collections refl\u00e9tant l&rsquo;histoire des sciences et retra\u00e7ant l&rsquo;activit\u00e9 des naturalistes.<\/p>\n<p>L&rsquo;origine des premi\u00e8res collections d&rsquo;histoire naturelle est \u00e0 rechercher dans la curiosit\u00e9 ou le go\u00fbt pour les objets esth\u00e9tiques.<\/p>\n<p>Elles ont ensuite regroup\u00e9 des sujets d&rsquo;\u00e9tudes scientifiques, servant en particulier \u00e0 l&rsquo;\u00e9tablissement d&rsquo;un inventaire des esp\u00e8ces vivantes.<\/p>\n<p>Apr\u00e8s avoir connu une p\u00e9riode de d\u00e9clin, elles connaissent aujourd&rsquo;hui un regain d&rsquo;int\u00e9r\u00eat, sources d&rsquo;informations sur la biodiversit\u00e9, la phylog\u00e9nie ou encore la biog\u00e9ographie.<\/p>\n<hr \/>\n<p>Pour en savoir plus sur les collections malacologiques du Mus\u00e9um de Lyon, consulter le site internet du <a href=\"http:\/\/www.museedesconfluences.fr\" target=\"_blank\" rel=\"noopener\">Mus\u00e9e des confluences<\/a>, rubrique Le mus\u00e9e &#8211; Les collections<\/p>\n<p><a href=\"\/documents\/telechargement\/cahiers_musee_confluences\/cahiers_scientifiques_musee_confluences_13_2007.pdf\" target=\"_blank\" rel=\"noopener\">T\u00e9l\u00e9charger l&rsquo;article de C. Audibert et J. Clary<\/a><\/p>\n<p>R\u00e9f\u00e9rences :<\/p>\n<p><span style=\"color: #999999;\">\u2022 <\/span>Audibert C. et Clary J., 2007 &#8211; Les collections malacologiques du Mus\u00e9um de Lyon. Cahiers scientifiques &#8211; D\u00e9partement du Rh\u00f4ne &#8211; Mus\u00e9e des Confluences, Lyon &#8211; n\u00b013, p. 73-104<\/p>\n<p><span style=\"color: #999999;\">\u2022 <\/span>Thivent V., 2004 &#8211; De l&rsquo;utilit\u00e9 des collections d&rsquo;histoire naturelle. La recherche, Paris &#8211; n\u00b0381, p.44-47<\/p>\n<p style=\"text-align: right;\">Cette page a \u00e9t\u00e9 r\u00e9alis\u00e9e gr\u00e2ce \u00e0 C\u00e9dric Audibert et Jo\u00ebl Clary du Centre de conservation et d&rsquo;\u00e9tude des collections du Mus\u00e9e des Confluences de Lyon.<br \/>\nQu&rsquo;ils soient remerci\u00e9s pour la qualit\u00e9 de leur accueil et le partage de leur passion.<\/p>\n","protected":false},"excerpt":{"rendered":"<p>L&rsquo;Escargot des haies (Cepaea nemoralis) dont le polymorphisme a fait l&rsquo;objet de la page \u00ab\u00a0Tous diff\u00e9rents&#8230; mais une seule esp\u00e8ce\u00a0\u00bb du Cabinet de curiosit\u00e9s virtuel, est une esp\u00e8ce fr\u00e9quente dans la nature ordinaire. Avec leur coquille de couleur jaune ou rose, orn\u00e9e d&rsquo;un nombre variable de bandes brunes de largeurs diverses, ses repr\u00e9sentants pr\u00e9sentent une [&hellip;]<\/p>\n","protected":false},"author":2,"featured_media":0,"parent":1788,"menu_order":6,"comment_status":"closed","ping_status":"closed","template":"","meta":{"site-sidebar-layout":"default","site-content-layout":"","ast-site-content-layout":"default","site-content-style":"default","site-sidebar-style":"default","ast-global-header-display":"","ast-banner-title-visibility":"","ast-main-header-display":"","ast-hfb-above-header-display":"","ast-hfb-below-header-display":"","ast-hfb-mobile-header-display":"","site-post-title":"","ast-breadcrumbs-content":"","ast-featured-img":"","footer-sml-layout":"","ast-disable-related-posts":"","theme-transparent-header-meta":"","adv-header-id-meta":"","stick-header-meta":"","header-above-stick-meta":"","header-main-stick-meta":"","header-below-stick-meta":"","astra-migrate-meta-layouts":"default","ast-page-background-enabled":"default","ast-page-background-meta":{"desktop":{"background-color":"var(--ast-global-color-4)","background-image":"","background-repeat":"repeat","background-position":"center center","background-size":"auto","background-attachment":"scroll","background-type":"","background-media":"","overlay-type":"","overlay-color":"","overlay-opacity":"","overlay-gradient":""},"tablet":{"background-color":"","background-image":"","background-repeat":"repeat","background-position":"center center","background-size":"auto","background-attachment":"scroll","background-type":"","background-media":"","overlay-type":"","overlay-color":"","overlay-opacity":"","overlay-gradient":""},"mobile":{"background-color":"","background-image":"","background-repeat":"repeat","background-position":"center center","background-size":"auto","background-attachment":"scroll","background-type":"","background-media":"","overlay-type":"","overlay-color":"","overlay-opacity":"","overlay-gradient":""}},"ast-content-background-meta":{"desktop":{"background-color":"var(--ast-global-color-5)","background-image":"","background-repeat":"repeat","background-position":"center center","background-size":"auto","background-attachment":"scroll","background-type":"","background-media":"","overlay-type":"","overlay-color":"","overlay-opacity":"","overlay-gradient":""},"tablet":{"background-color":"var(--ast-global-color-5)","background-image":"","background-repeat":"repeat","background-position":"center center","background-size":"auto","background-attachment":"scroll","background-type":"","background-media":"","overlay-type":"","overlay-color":"","overlay-opacity":"","overlay-gradient":""},"mobile":{"background-color":"var(--ast-global-color-5)","background-image":"","background-repeat":"repeat","background-position":"center center","background-size":"auto","background-attachment":"scroll","background-type":"","background-media":"","overlay-type":"","overlay-color":"","overlay-opacity":"","overlay-gradient":""}},"footnotes":""},"class_list":["post-5511","page","type-page","status-publish","hentry"],"aioseo_notices":[],"jetpack_sharing_enabled":true,"_links":{"self":[{"href":"https:\/\/codexvirtualis.fr\/codex\/wp-json\/wp\/v2\/pages\/5511","targetHints":{"allow":["GET"]}}],"collection":[{"href":"https:\/\/codexvirtualis.fr\/codex\/wp-json\/wp\/v2\/pages"}],"about":[{"href":"https:\/\/codexvirtualis.fr\/codex\/wp-json\/wp\/v2\/types\/page"}],"author":[{"embeddable":true,"href":"https:\/\/codexvirtualis.fr\/codex\/wp-json\/wp\/v2\/users\/2"}],"replies":[{"embeddable":true,"href":"https:\/\/codexvirtualis.fr\/codex\/wp-json\/wp\/v2\/comments?post=5511"}],"version-history":[{"count":50,"href":"https:\/\/codexvirtualis.fr\/codex\/wp-json\/wp\/v2\/pages\/5511\/revisions"}],"predecessor-version":[{"id":14764,"href":"https:\/\/codexvirtualis.fr\/codex\/wp-json\/wp\/v2\/pages\/5511\/revisions\/14764"}],"up":[{"embeddable":true,"href":"https:\/\/codexvirtualis.fr\/codex\/wp-json\/wp\/v2\/pages\/1788"}],"wp:attachment":[{"href":"https:\/\/codexvirtualis.fr\/codex\/wp-json\/wp\/v2\/media?parent=5511"}],"curies":[{"name":"wp","href":"https:\/\/api.w.org\/{rel}","templated":true}]}}