{"id":5386,"date":"2013-08-17T18:15:52","date_gmt":"2013-08-17T16:15:52","guid":{"rendered":"http:\/\/codexvirtualis.fr\/codex\/?page_id=5386"},"modified":"2013-08-18T18:01:24","modified_gmt":"2013-08-18T16:01:24","slug":"quel-insecte","status":"publish","type":"page","link":"https:\/\/codexvirtualis.fr\/codex\/cabinet-de-curiosites-virtuel\/de-lidentification-des-animaux\/quel-insecte","title":{"rendered":"Un Insecte, mais lequel ?"},"content":{"rendered":"<p> &nbsp; <\/p>\n<p>Les yeux de l&rsquo;observateur de la nature ordinaire se posent fr\u00e9quemment sur des Insectes, abondants en termes d&rsquo;esp\u00e8ces comme d&rsquo;individus.<\/p>\n<p>S&rsquo;ils sont relativement ais\u00e9s \u00e0 reconna\u00eetre, recouverts d&rsquo;une cuticule articul\u00e9e (ce sont des Arthropodes), poss\u00e9dant six pattes ventrales (ce sont des Hexapodes) et g\u00e9n\u00e9ralement des ailes dorsales, il est plus d\u00e9licat de les identifier avec pr\u00e9cision.<\/p>\n<p>La premi\u00e8re \u00e9tape consiste \u00e0 d\u00e9terminer le sous-groupe (ou l&rsquo;ordre) auquel appartiennent les sp\u00e9cimens rep\u00e9r\u00e9s.<br \/>\nIl est ensuite possible d&rsquo;affiner l&rsquo;identification en recherchant la famille, le genre voire l&rsquo;esp\u00e8ce qu&rsquo;ils repr\u00e9sentent.<\/p>\n<p> &nbsp; <\/p>\n<h2>Morphologie des Insectes<\/h2>\n<p>Les ordres d&rsquo;Insectes sont d\u00e9finis notamment sur la base de crit\u00e8res morphologiques.<br \/>\nIl s&rsquo;agit de caract\u00e8res concernant la forme et les structures externes de l&rsquo;animal.<\/p>\n<p>La figure ci-dessous repr\u00e9sente les principaux traits de la morphologie des Insectes.<\/p>\n<p> &nbsp; <\/p>\n<figure style=\"width: 300px\" class=\"wp-caption alignnone\"><a rel=\"lightbox\" href=\"\/documents\/images\/ordres_insectes\/diapo_01_morpho_legende03-WEB.jpg\" target=\"_blank\"><img decoding=\"async\" src=\"\/documents\/images\/ordres_insectes\/diapo_01_morpho_legende03-WEB.jpg\" width=\"300\" alt=\"Morphologie g\u00e9n\u00e9rale d'un Insecte\" class \/><\/a><figcaption class=\"wp-caption-text\">Morphologie g\u00e9n\u00e9rale d&rsquo;un Insecte (les diff\u00e9rentes r\u00e9gions du corps sont artificiellement isol\u00e9es pour une meilleure lisibilit\u00e9)<\/figcaption><\/figure>\n<p> &nbsp; <\/p>\n<p>Le vocabulaire employ\u00e9 pour d\u00e9crire les caract\u00e8res morphologiques des Insectes est expos\u00e9 dans le <a href=\"\/codex\/glossaire\" target=\"_blank\">glossaire de Codex virtualis<\/a>.<\/p>\n<p> &nbsp; <\/p>\n<h2>\u00c9l\u00e9ments de classification des Insectes<\/h2>\n<p>Les principaux ordres d&rsquo;Insectes sont regroup\u00e9s dans le tableau ci-dessous, non exhaustif.<br \/>\nIl donne acc\u00e8s aux fiches descriptives correspondantes.<\/p>\n<p> &nbsp; <\/p>\n<table>\n<tbody>\n<tr>\n<td><img loading=\"lazy\" decoding=\"async\" src=\"\/documents\/images\/ordres_insectes\/thysanoure_01v.jpg\" width=\"100\" height=\"75\" class=\"alignnone\" \/><\/td>\n<td><img loading=\"lazy\" decoding=\"async\" src=\"\/documents\/images\/ordres_insectes\/vthysanoure.jpg\" width=\"100\" height=\"53\" class=\"alignnone\" \/><\/td>\n<td><a href=\"\/codex\/cabinet-de-curiosites-virtuel\/de-lidentification-des-animaux\/quel-insecte\/thysanoures\" target=\"_blank\">Thysanoures<\/a><\/td>\n<\/tr>\n<tr>\n<td><img loading=\"lazy\" decoding=\"async\" src=\"\/documents\/images\/ordres_insectes\/Ephemera_danica01_10bisv.jpg\" width=\"100\" height=\"67\" class=\"alignnone\" \/><\/td>\n<td><img loading=\"lazy\" decoding=\"async\" src=\"\/documents\/images\/ordres_insectes\/vephemeroptere2\" width=\"100\" height=\"66\" class=\"alignnone\" \/><\/td>\n<td><a href=\"\/codex\/cabinet-de-curiosites-virtuel\/de-lidentification-des-animaux\/quel-insecte\/ephemeropteres\" target=\"_blank\">\u00c9ph\u00e9m\u00e9ropt\u00e8res<\/a><\/td>\n<\/tr>\n<tr>\n<td><img loading=\"lazy\" decoding=\"async\" src=\"\/documents\/images\/ordres_insectes\/anaxempereur01-09bisv.jpg\" width=\"100\" height=\"70\" class=\"alignnone\" \/><\/td>\n<td><img loading=\"lazy\" decoding=\"async\" src=\"\/documents\/images\/ordres_insectes\/vodonate.jpg\" width=\"100\" height=\"137\" class=\"alignnone\" \/><\/td>\n<td><a href=\"\/codex\/cabinet-de-curiosites-virtuel\/de-lidentification-des-animaux\/quel-insecte\/odonates\" target=\"_blank\">Odonates<\/a><\/td>\n<\/tr>\n<tr>\n<td><img loading=\"lazy\" decoding=\"async\" src=\"\/documents\/images\/ordres_insectes\/blatte_102_12_juvenile_bisv.jpg\" width=\"100\" height=\"75\" class=\"alignnone\" \/><\/td>\n<td><img loading=\"lazy\" decoding=\"async\" src=\"\/documents\/images\/ordres_insectes\/vdictyoptere.jpg\" width=\"100\" height=\"75\" class=\"alignnone\" \/><\/td>\n<td><a href=\"\/codex\/cabinet-de-curiosites-virtuel\/de-lidentification-des-animaux\/quel-insecte\/dictyopteres\" target=\"_blank\">Dictyopt\u00e8res<\/a><\/td>\n<\/tr>\n<tr>\n<td><img loading=\"lazy\" decoding=\"async\" src=\"\/documents\/images\/ordres_insectes\/criquet604_10bisv.jpg\" width=\"100\" height=\"67\" class=\"alignnone\" \/><\/td>\n<td><img loading=\"lazy\" decoding=\"async\" src=\"\/documents\/images\/ordres_insectes\/vorthoptere2.jpg\" width=\"100\" height=\"42\" class=\"alignnone\" \/><\/td>\n<td><a href=\"\/codex\/cabinet-de-curiosites-virtuel\/de-lidentification-des-animaux\/quel-insecte\/orthopteres\" target=\"_blank\">Orthopt\u00e8res<\/a><\/td>\n<\/tr>\n<tr>\n<td><img loading=\"lazy\" decoding=\"async\" src=\"\/documents\/images\/ordres_insectes\/IMGP6234_forficule_bisv.jpg\" width=\"100\" height=\"67\" class=\"alignnone\" \/><\/td>\n<td><img loading=\"lazy\" decoding=\"async\" src=\"\/documents\/images\/ordres_insectes\/vdermaptere2.jpg\" width=\"100\" height=\"51\" class=\"alignnone\" \/><\/td>\n<td><a href=\"\/codex\/cabinet-de-curiosites-virtuel\/de-lidentification-des-animaux\/quel-insecte\/dermapteres\" target=\"_blank\">Dermapt\u00e8res<\/a><\/td>\n<\/tr>\n<tr>\n<td><img loading=\"lazy\" decoding=\"async\" src=\"\/documents\/images\/ordres_insectes\/Dolycoris_baccarum_13_12_bisv.jpg\" width=\"100\" height=\"75\" class=\"alignnone\" \/><\/td>\n<td><img loading=\"lazy\" decoding=\"async\" src=\"\/documents\/images\/ordres_insectes\/vhemiptere2\" width=\"100\" height=\"75\" class=\"alignnone\" \/><\/td>\n<td><a href=\"\/codex\/cabinet-de-curiosites-virtuel\/de-lidentification-des-animaux\/quel-insecte\/hemipteres\" target=\"_blank\">H\u00e9mipt\u00e8res<\/a><\/td>\n<\/tr>\n<tr>\n<td><img loading=\"lazy\" decoding=\"async\" src=\"\/documents\/images\/ordres_insectes\/guepe101_10bisv.jpg\" width=\"100\" height=\"67\" class=\"alignnone\" \/><\/td>\n<td><img loading=\"lazy\" decoding=\"async\" src=\"\/documents\/images\/ordres_insectes\/vhymenoptere.jpg\" width=\"100\" height=\"161\" class=\"alignnone\" \/><\/td>\n<td><a href=\"\/codex\/cabinet-de-curiosites-virtuel\/de-lidentification-des-animaux\/quel-insecte\/hymenopteres\" target=\"_blank\">Hym\u00e9nopt\u00e8res<\/a><\/td>\n<\/tr>\n<tr>\n<td><img loading=\"lazy\" decoding=\"async\" src=\"\/documents\/images\/ordres_insectes\/poliste01-09_bisv.jpg\" width=\"100\" height=\"67\" class=\"alignnone\" \/><\/td>\n<td><img loading=\"lazy\" decoding=\"async\" src=\"\/documents\/images\/ordres_insectes\/vstrepsiptere.JPG\" width=\"100\" height=\"156\" class=\"alignnone\" \/><\/td>\n<td><a href=\"\/codex\/cabinet-de-curiosites-virtuel\/de-lidentification-des-animaux\/quel-insecte\/strepsipteres\" target=\"_blank\">Strepsipt\u00e8res<\/a><\/td>\n<\/tr>\n<tr>\n<td><img loading=\"lazy\" decoding=\"async\" src=\"\/documents\/images\/ordres_insectes\/IMGP1495_cetoine_bisv.jpg\" width=\"100\" height=\"67\" class=\"alignnone\" \/><\/td>\n<td><img loading=\"lazy\" decoding=\"async\" src=\"\/documents\/images\/ordres_insectes\/vcoleoptere.JPG\" width=\"100\" height=\"89\" class=\"alignnone\" \/><\/td>\n<td><a href=\"\/codex\/cabinet-de-curiosites-virtuel\/de-lidentification-des-animaux\/quel-insecte\/coleopteres\" target=\"_blank\">Col\u00e9opt\u00e8res<\/a><\/td>\n<\/tr>\n<tr>\n<td><img loading=\"lazy\" decoding=\"async\" src=\"\/documents\/images\/ordres_insectes\/chrysope02_11bisv.jpg\" width=\"100\" height=\"67\" class=\"alignnone\" \/><\/td>\n<td><img loading=\"lazy\" decoding=\"async\" src=\"\/documents\/images\/ordres_insectes\/vnevroptere.jpg\" width=\"100\" height=\"102\" class=\"alignnone\" \/><\/td>\n<td><a href=\"\/codex\/cabinet-de-curiosites-virtuel\/de-lidentification-des-animaux\/quel-insecte\/nevropteres\" target=\"_blank\">N\u00e9vropt\u00e8res<\/a><\/td>\n<\/tr>\n<tr>\n<td><img loading=\"lazy\" decoding=\"async\" src=\"\/documents\/images\/ordres_insectes\/Sialis_sp01_11bisv.jpg\" width=\"100\" height=\"67\" class=\"alignnone\" \/><\/td>\n<td><img decoding=\"async\" src=\"\/documents\/images\/ordres_insectes\/vmegaloptere.jpg\" width=\"100\"  class=\"alignnone\" \/><\/td>\n<td><a href=\"\/codex\/cabinet-de-curiosites-virtuel\/de-lidentification-des-animaux\/quel-insecte\/megalopteres\" target=\"_blank\">M\u00e9galopt\u00e8res<\/a><\/td>\n<\/tr>\n<tr>\n<td><img loading=\"lazy\" decoding=\"async\" src=\"\/documents\/images\/ordres_insectes\/phrygane101_10bisv.jpg\" width=\"100\" height=\"67\" class=\"alignnone\" \/><\/td>\n<td><img loading=\"lazy\" decoding=\"async\" src=\"\/documents\/images\/ordres_insectes\/vtrichoptere.jpg\" width=\"100\" height=\"112\" class=\"alignnone\" \/><\/td>\n<td><a href=\"\/codex\/cabinet-de-curiosites-virtuel\/de-lidentification-des-animaux\/quel-insecte\/trichopteres\" target=\"_blank\">Trichopt\u00e8res<\/a><\/td>\n<\/tr>\n<tr>\n<td><img loading=\"lazy\" decoding=\"async\" src=\"\/documents\/images\/ordres_insectes\/IMGP6567_pieris_bisv.jpg\" width=\"100\" height=\"67\" class=\"alignnone\" \/><\/td>\n<td><img loading=\"lazy\" decoding=\"async\" src=\"\/documents\/images\/ordres_insectes\/vlepidoptere.jpg\" width=\"100\" height=\"90\" class=\"alignnone\" \/><\/td>\n<td><a href=\"\/codex\/cabinet-de-curiosites-virtuel\/de-lidentification-des-animaux\/quel-insecte\/lepidopteres\" target=\"_blank\">L\u00e9pidopt\u00e8res<\/a><\/td>\n<\/tr>\n<tr>\n<td><img loading=\"lazy\" decoding=\"async\" src=\"\/documents\/images\/ordres_insectes\/tipule16_10_bisv.jpg\" width=\"100\" height=\"67\" class=\"alignnone\" \/><\/td>\n<td><img loading=\"lazy\" decoding=\"async\" src=\"\/documents\/images\/ordres_insectes\/vdiptere.JPG\" width=\"100\" height=\"155\" class=\"alignnone\" \/><\/td>\n<td><a href=\"\/codex\/cabinet-de-curiosites-virtuel\/de-lidentification-des-animaux\/quel-insecte\/dipteres\" target=\"_blank\">Dipt\u00e8res<\/a><\/td>\n<\/tr>\n<tr>\n<td><img loading=\"lazy\" decoding=\"async\" src=\"\/documents\/images\/ordres_insectes\/Panorpa_vulagris_03_12_femelle_bisv.jpg\" width=\"100\" height=\"75\" class=\"alignnone\" \/><\/td>\n<td><img loading=\"lazy\" decoding=\"async\" src=\"\/documents\/images\/ordres_insectes\/vmecoptere.jpg\" width=\"100\" height=\"52\" class=\"alignnone\" \/><\/td>\n<td><a href=\"\/codex\/cabinet-de-curiosites-virtuel\/de-lidentification-des-animaux\/quel-insecte\/mecopteres\" target=\"_blank\">M\u00e9copt\u00e8res<\/a><\/td>\n<\/tr>\n<\/tbody>\n<\/table>\n<p style=\"text-align: right;\">Cliquer sur le nom du sous-groupe pour acc\u00e9der \u00e0 sa fiche descriptive<\/p>\n<p> &nbsp; <\/p>\n<p>Les croquis du tableau sont reproduits de :<\/p>\n<p><span style=\"color: #999999;\">&bull; <\/span>Chinery M., 2005 \u2013 Insectes de France et d\u2019Europe occidentale. Flammarion, 320p. Paris ;<\/p>\n<p><span style=\"color: #999999;\">&bull; <\/span>Lecointre G., Le Guyader H., 2013 &#8211; Classification phylog\u00e9n\u00e9tique du vivant, tome 2. Belin, 607p. Paris<\/p>\n<p> &nbsp; <\/p>\n<p>Les relations de parent\u00e9 entre les sous-groupes d&rsquo;Hexapodes sont repr\u00e9sent\u00e9es dans l&rsquo;arbre phylog\u00e9n\u00e9tique ci-dessous.<\/p>\n<p><a href=\"\/documents\/images\/ordres_insectes\/Hexapodes_figure_2013_final.jpg\" target=\"_blank\" rel=\"lightbox[5386]\">Arbre phylog\u00e9n\u00e9tique des Hexapodes<\/a><\/p>\n<p>d&rsquo;apr\u00e8s Lecointre G., Le Guyader H., 2013 &#8211; Classification phylog\u00e9n\u00e9tique du vivant, tome 2. Belin, 607p. Paris<\/p>\n<p> &nbsp; <\/p>\n","protected":false},"excerpt":{"rendered":"<p>&nbsp; Les yeux de l&rsquo;observateur de la nature ordinaire se posent fr\u00e9quemment sur des Insectes, abondants en termes d&rsquo;esp\u00e8ces comme d&rsquo;individus. S&rsquo;ils sont relativement ais\u00e9s \u00e0 reconna\u00eetre, recouverts d&rsquo;une cuticule articul\u00e9e (ce sont des Arthropodes), poss\u00e9dant six pattes ventrales (ce sont des Hexapodes) et g\u00e9n\u00e9ralement des ailes dorsales, il est plus d\u00e9licat de les identifier [&hellip;]<\/p>\n","protected":false},"author":2,"featured_media":0,"parent":5391,"menu_order":1,"comment_status":"closed","ping_status":"closed","template":"","meta":{"site-sidebar-layout":"default","site-content-layout":"","ast-site-content-layout":"default","site-content-style":"default","site-sidebar-style":"default","ast-global-header-display":"","ast-banner-title-visibility":"","ast-main-header-display":"","ast-hfb-above-header-display":"","ast-hfb-below-header-display":"","ast-hfb-mobile-header-display":"","site-post-title":"","ast-breadcrumbs-content":"","ast-featured-img":"","footer-sml-layout":"","ast-disable-related-posts":"","theme-transparent-header-meta":"","adv-header-id-meta":"","stick-header-meta":"","header-above-stick-meta":"","header-main-stick-meta":"","header-below-stick-meta":"","astra-migrate-meta-layouts":"default","ast-page-background-enabled":"default","ast-page-background-meta":{"desktop":{"background-color":"var(--ast-global-color-4)","background-image":"","background-repeat":"repeat","background-position":"center center","background-size":"auto","background-attachment":"scroll","background-type":"","background-media":"","overlay-type":"","overlay-color":"","overlay-opacity":"","overlay-gradient":""},"tablet":{"background-color":"","background-image":"","background-repeat":"repeat","background-position":"center center","background-size":"auto","background-attachment":"scroll","background-type":"","background-media":"","overlay-type":"","overlay-color":"","overlay-opacity":"","overlay-gradient":""},"mobile":{"background-color":"","background-image":"","background-repeat":"repeat","background-position":"center center","background-size":"auto","background-attachment":"scroll","background-type":"","background-media":"","overlay-type":"","overlay-color":"","overlay-opacity":"","overlay-gradient":""}},"ast-content-background-meta":{"desktop":{"background-color":"var(--ast-global-color-5)","background-image":"","background-repeat":"repeat","background-position":"center center","background-size":"auto","background-attachment":"scroll","background-type":"","background-media":"","overlay-type":"","overlay-color":"","overlay-opacity":"","overlay-gradient":""},"tablet":{"background-color":"var(--ast-global-color-5)","background-image":"","background-repeat":"repeat","background-position":"center center","background-size":"auto","background-attachment":"scroll","background-type":"","background-media":"","overlay-type":"","overlay-color":"","overlay-opacity":"","overlay-gradient":""},"mobile":{"background-color":"var(--ast-global-color-5)","background-image":"","background-repeat":"repeat","background-position":"center center","background-size":"auto","background-attachment":"scroll","background-type":"","background-media":"","overlay-type":"","overlay-color":"","overlay-opacity":"","overlay-gradient":""}},"footnotes":""},"class_list":["post-5386","page","type-page","status-publish","hentry"],"aioseo_notices":[],"jetpack_sharing_enabled":true,"_links":{"self":[{"href":"https:\/\/codexvirtualis.fr\/codex\/wp-json\/wp\/v2\/pages\/5386","targetHints":{"allow":["GET"]}}],"collection":[{"href":"https:\/\/codexvirtualis.fr\/codex\/wp-json\/wp\/v2\/pages"}],"about":[{"href":"https:\/\/codexvirtualis.fr\/codex\/wp-json\/wp\/v2\/types\/page"}],"author":[{"embeddable":true,"href":"https:\/\/codexvirtualis.fr\/codex\/wp-json\/wp\/v2\/users\/2"}],"replies":[{"embeddable":true,"href":"https:\/\/codexvirtualis.fr\/codex\/wp-json\/wp\/v2\/comments?post=5386"}],"version-history":[{"count":27,"href":"https:\/\/codexvirtualis.fr\/codex\/wp-json\/wp\/v2\/pages\/5386\/revisions"}],"predecessor-version":[{"id":5422,"href":"https:\/\/codexvirtualis.fr\/codex\/wp-json\/wp\/v2\/pages\/5386\/revisions\/5422"}],"up":[{"embeddable":true,"href":"https:\/\/codexvirtualis.fr\/codex\/wp-json\/wp\/v2\/pages\/5391"}],"wp:attachment":[{"href":"https:\/\/codexvirtualis.fr\/codex\/wp-json\/wp\/v2\/media?parent=5386"}],"curies":[{"name":"wp","href":"https:\/\/api.w.org\/{rel}","templated":true}]}}