{"id":5349,"date":"2013-08-13T14:39:13","date_gmt":"2013-08-13T12:39:13","guid":{"rendered":"http:\/\/codexvirtualis.fr\/codex\/?page_id=5349"},"modified":"2013-08-13T15:27:30","modified_gmt":"2013-08-13T13:27:30","slug":"tissu-nerveux-peripherique","status":"publish","type":"page","link":"https:\/\/codexvirtualis.fr\/codex\/de-lorganisation-interne\/premiers-pas-histologiques\/le-tissu-nerveux\/tissu-nerveux-peripherique","title":{"rendered":"La diversit\u00e9 du tissu nerveux p\u00e9riph\u00e9rique"},"content":{"rendered":"<p> &nbsp; <\/p>\n<h2>Nerf<\/h2>\n<p><a name=\"nerf_lezard_165\"><\/a><figure style=\"width: 300px\" class=\"wp-caption alignnone\"><a rel=\"lightbox\" href=\"\/documents\/images\/histologie\/nerf_165_lezard-WEB.jpg\" target=\"_blank\"><img decoding=\"async\" src=\"\/documents\/images\/histologie\/nerf_165_lezard-WEB.jpg\" width=\"300\" alt=\"Nerfs de L\u00e9zard\" class \/><\/a><figcaption class=\"wp-caption-text\">Nerfs de L\u00e9zard en coupes transversale et longitudinale<\/figcaption><\/figure><\/p>\n<p style=\"text-align: right;\"><a rel=\"lightbox\" href=\"\/documents\/images\/histologie\/nerf_165_lezard_legende-WEB.jpg\" target=\"_blank\">Voir l&rsquo;image l\u00e9gend\u00e9e<\/a><\/p>\n<p> &nbsp; <\/p>\n<p><a name=\"nerf_lezard_198\"><\/a><figure style=\"width: 300px\" class=\"wp-caption alignnone\"><a rel=\"lightbox\" href=\"\/documents\/images\/histologie\/nerf_198_lezard-WEB.jpg\" target=\"_blank\"><img decoding=\"async\" src=\"\/documents\/images\/histologie\/nerf_198_lezard-WEB.jpg\" width=\"300\" alt=\"Nerfs de L\u00e9zard\" class \/><\/a><figcaption class=\"wp-caption-text\">Nerfs de L\u00e9zard en coupes transversale et longitudinale<\/figcaption><\/figure><\/p>\n<p style=\"text-align: right;\"><a rel=\"lightbox\" href=\"\/documents\/images\/histologie\/nerf_198_lezard_legende-WEB.jpg\" target=\"_blank\">Voir l&rsquo;image l\u00e9gend\u00e9e<\/a><\/p>\n<p> &nbsp; <\/p>\n<h2>Ganglion nerveux<\/h2>\n<p><a name=\"ganglion_triton_15\"><\/a><figure style=\"width: 300px\" class=\"wp-caption alignnone\"><a rel=\"lightbox\" href=\"\/documents\/images\/histologie\/ganglion_15_larve_triton-WEB.jpg\" target=\"_blank\"><img decoding=\"async\" src=\"\/documents\/images\/histologie\/ganglion_15_larve_triton-WEB.jpg\" width=\"300\" alt=\"Ganglion nerveux de Triton\" class \/><\/a><figcaption class=\"wp-caption-text\">Ganglion nerveux de larve de Triton<\/figcaption><\/figure><\/p>\n<p style=\"text-align: right;\"><a rel=\"lightbox\" href=\"\/documents\/images\/histologie\/ganglion_15_larve_triton_legende-WEB.jpg\" target=\"_blank\">Voir l&rsquo;image l\u00e9gend\u00e9e<\/a><\/p>\n<p> &nbsp; <\/p>\n<p><a name=\"ganglion_triton_16\"><\/a><figure style=\"width: 300px\" class=\"wp-caption alignnone\"><a rel=\"lightbox\" href=\"\/documents\/images\/histologie\/ganglion_16_larve_triton-WEB.jpg\" target=\"_blank\"><img decoding=\"async\" src=\"\/documents\/images\/histologie\/ganglion_16_larve_triton-WEB.jpg\" width=\"300\" alt=\"Ganglion nerveux de Triton\" class \/><\/a><figcaption class=\"wp-caption-text\">Ganglion nerveux de larve de Triton<\/figcaption><\/figure><\/p>\n<p style=\"text-align: right;\"><a rel=\"lightbox\" href=\"\/documents\/images\/histologie\/ganglion_16_larve_triton_legende-WEB.jpg\" target=\"_blank\">Voir l&rsquo;image l\u00e9gend\u00e9e<\/a><\/p>\n<p> &nbsp; <\/p>\n<p><a name=\"ganglion_lezard_107\"><\/a><figure style=\"width: 300px\" class=\"wp-caption alignnone\"><a rel=\"lightbox\" href=\"\/documents\/images\/histologie\/ganglion_rachidien_107_lezard-WEB.jpg\" target=\"_blank\"><img decoding=\"async\" src=\"\/documents\/images\/histologie\/ganglion_rachidien_107_lezard-WEB.jpg\" width=\"300\" alt=\"Ganglion nerveux de L\u00e9zard\" class \/><\/a><figcaption class=\"wp-caption-text\">Ganglion rachidien de L\u00e9zard<\/figcaption><\/figure><\/p>\n<p style=\"text-align: right;\"><a rel=\"lightbox\" href=\"\/documents\/images\/histologie\/ganglion_rachidien_107_lezard_legende-WEB.jpg\" target=\"_blank\">Voir l&rsquo;image l\u00e9gend\u00e9e<\/a><\/p>\n<p> &nbsp; <\/p>\n<p><a name=\"ganglion_lezard_111\"><\/a><figure style=\"width: 300px\" class=\"wp-caption alignnone\"><a rel=\"lightbox\" href=\"\/documents\/images\/histologie\/ganglion_rachidien_111_lezard-WEB.jpg\" target=\"_blank\"><img decoding=\"async\" src=\"\/documents\/images\/histologie\/ganglion_rachidien_111_lezard-WEB.jpg\" width=\"300\" alt=\"Ganglion nerveux de L\u00e9zard\" class \/><\/a><figcaption class=\"wp-caption-text\">Ganglion rachidien de L\u00e9zard<\/figcaption><\/figure><\/p>\n<p style=\"text-align: right;\"><a rel=\"lightbox\" href=\"\/documents\/images\/histologie\/ganglion_rachidien_111_lezard_legende-WEB.jpg\" target=\"_blank\">Voir l&rsquo;image l\u00e9gend\u00e9e<\/a><\/p>\n<p> &nbsp; <\/p>\n<p><a name=\"plexus_auerbach_rat\"><\/a><figure style=\"width: 300px\" class=\"wp-caption alignnone\"><a rel=\"lightbox\" href=\"\/documents\/images\/histologie\/intestin_rat_ganglion_auerbach-WEB.jpg\" target=\"_blank\"><img decoding=\"async\" src=\"\/documents\/images\/histologie\/intestin_rat_ganglion_auerbach-WEB.jpg\" width=\"300\" alt=\"Plexus d'Auerbach d'intestin de Rat\" class \/><\/a><figcaption class=\"wp-caption-text\">Intestin de Rat en coupe transversale avec ganglion nerveux (plexus d&rsquo;Auerbach &#8211; H.-G. Dupuy)<\/figcaption><\/figure><\/p>\n<p style=\"text-align: right;\"><a rel=\"lightbox\" href=\"\/documents\/images\/histologie\/intestin_rat_ganglion_auerbach_legende-WEB.jpg\" target=\"_blank\">Voir l&rsquo;image l\u00e9gend\u00e9e<\/a><\/p>\n<p> &nbsp; <\/p>\n<h2>R\u00e9cepteur sensoriel<\/h2>\n<p><a name=\"bourgeon_gout_triton_10\"><\/a><figure style=\"width: 300px\" class=\"wp-caption alignnone\"><a rel=\"lightbox\" href=\"\/documents\/images\/histologie\/branchie_gout_10_larve_triton-WEB.jpg\" target=\"_blank\"><img decoding=\"async\" src=\"\/documents\/images\/histologie\/branchie_gout_10_larve_triton-WEB.jpg\" width=\"300\" alt=\"Bourgeon du go\u00fbt de Triton\" class \/><\/a><figcaption class=\"wp-caption-text\">Bourgeon du go\u00fbt de larve de Triton en coupe longitudinale<\/figcaption><\/figure><\/p>\n<p style=\"text-align: right;\"><a rel=\"lightbox\" href=\"\/documents\/images\/histologie\/branchie_gout_10_larve_triton_legende-WEB.jpg\" target=\"_blank\">Voir l&rsquo;image l\u00e9gend\u00e9e<\/a><\/p>\n<p> &nbsp; <\/p>\n","protected":false},"excerpt":{"rendered":"<p>&nbsp; Nerf Voir l&rsquo;image l\u00e9gend\u00e9e &nbsp; Voir l&rsquo;image l\u00e9gend\u00e9e &nbsp; Ganglion nerveux Voir l&rsquo;image l\u00e9gend\u00e9e &nbsp; Voir l&rsquo;image l\u00e9gend\u00e9e &nbsp; Voir l&rsquo;image l\u00e9gend\u00e9e &nbsp; Voir l&rsquo;image l\u00e9gend\u00e9e &nbsp; Voir l&rsquo;image l\u00e9gend\u00e9e &nbsp; R\u00e9cepteur sensoriel Voir l&rsquo;image l\u00e9gend\u00e9e &nbsp;<\/p>\n","protected":false},"author":2,"featured_media":0,"parent":5335,"menu_order":2,"comment_status":"closed","ping_status":"closed","template":"","meta":{"site-sidebar-layout":"default","site-content-layout":"","ast-site-content-layout":"default","site-content-style":"default","site-sidebar-style":"default","ast-global-header-display":"","ast-banner-title-visibility":"","ast-main-header-display":"","ast-hfb-above-header-display":"","ast-hfb-below-header-display":"","ast-hfb-mobile-header-display":"","site-post-title":"","ast-breadcrumbs-content":"","ast-featured-img":"","footer-sml-layout":"","ast-disable-related-posts":"","theme-transparent-header-meta":"","adv-header-id-meta":"","stick-header-meta":"","header-above-stick-meta":"","header-main-stick-meta":"","header-below-stick-meta":"","astra-migrate-meta-layouts":"default","ast-page-background-enabled":"default","ast-page-background-meta":{"desktop":{"background-color":"var(--ast-global-color-4)","background-image":"","background-repeat":"repeat","background-position":"center center","background-size":"auto","background-attachment":"scroll","background-type":"","background-media":"","overlay-type":"","overlay-color":"","overlay-opacity":"","overlay-gradient":""},"tablet":{"background-color":"","background-image":"","background-repeat":"repeat","background-position":"center center","background-size":"auto","background-attachment":"scroll","background-type":"","background-media":"","overlay-type":"","overlay-color":"","overlay-opacity":"","overlay-gradient":""},"mobile":{"background-color":"","background-image":"","background-repeat":"repeat","background-position":"center center","background-size":"auto","background-attachment":"scroll","background-type":"","background-media":"","overlay-type":"","overlay-color":"","overlay-opacity":"","overlay-gradient":""}},"ast-content-background-meta":{"desktop":{"background-color":"var(--ast-global-color-5)","background-image":"","background-repeat":"repeat","background-position":"center center","background-size":"auto","background-attachment":"scroll","background-type":"","background-media":"","overlay-type":"","overlay-color":"","overlay-opacity":"","overlay-gradient":""},"tablet":{"background-color":"var(--ast-global-color-5)","background-image":"","background-repeat":"repeat","background-position":"center center","background-size":"auto","background-attachment":"scroll","background-type":"","background-media":"","overlay-type":"","overlay-color":"","overlay-opacity":"","overlay-gradient":""},"mobile":{"background-color":"var(--ast-global-color-5)","background-image":"","background-repeat":"repeat","background-position":"center center","background-size":"auto","background-attachment":"scroll","background-type":"","background-media":"","overlay-type":"","overlay-color":"","overlay-opacity":"","overlay-gradient":""}},"footnotes":""},"class_list":["post-5349","page","type-page","status-publish","hentry"],"aioseo_notices":[],"jetpack_sharing_enabled":true,"_links":{"self":[{"href":"https:\/\/codexvirtualis.fr\/codex\/wp-json\/wp\/v2\/pages\/5349","targetHints":{"allow":["GET"]}}],"collection":[{"href":"https:\/\/codexvirtualis.fr\/codex\/wp-json\/wp\/v2\/pages"}],"about":[{"href":"https:\/\/codexvirtualis.fr\/codex\/wp-json\/wp\/v2\/types\/page"}],"author":[{"embeddable":true,"href":"https:\/\/codexvirtualis.fr\/codex\/wp-json\/wp\/v2\/users\/2"}],"replies":[{"embeddable":true,"href":"https:\/\/codexvirtualis.fr\/codex\/wp-json\/wp\/v2\/comments?post=5349"}],"version-history":[{"count":11,"href":"https:\/\/codexvirtualis.fr\/codex\/wp-json\/wp\/v2\/pages\/5349\/revisions"}],"predecessor-version":[{"id":5371,"href":"https:\/\/codexvirtualis.fr\/codex\/wp-json\/wp\/v2\/pages\/5349\/revisions\/5371"}],"up":[{"embeddable":true,"href":"https:\/\/codexvirtualis.fr\/codex\/wp-json\/wp\/v2\/pages\/5335"}],"wp:attachment":[{"href":"https:\/\/codexvirtualis.fr\/codex\/wp-json\/wp\/v2\/media?parent=5349"}],"curies":[{"name":"wp","href":"https:\/\/api.w.org\/{rel}","templated":true}]}}