{"id":5335,"date":"2013-08-13T14:41:41","date_gmt":"2013-08-13T12:41:41","guid":{"rendered":"http:\/\/codexvirtualis.fr\/codex\/?page_id=5335"},"modified":"2016-08-25T17:45:28","modified_gmt":"2016-08-25T15:45:28","slug":"le-tissu-nerveux","status":"publish","type":"page","link":"https:\/\/codexvirtualis.fr\/codex\/de-lorganisation-interne\/premiers-pas-histologiques\/le-tissu-nerveux","title":{"rendered":"Le tissu nerveux"},"content":{"rendered":"<p> &nbsp; <\/p>\n<p>Le tissu nerveux a pour fonctions essentielles\u00a0:<\/p>\n<p><span style=\"color: #999999;\">&bull; <\/span>la perception d&rsquo;informations provenant du milieu ext\u00e9rieur comme du milieu int\u00e9rieur ;<\/p>\n<p><span style=\"color: #999999;\">&bull; <\/span>l&rsquo;acheminement des informations ;<\/p>\n<p><span style=\"color: #999999;\">&bull; <\/span>l\u2019analyse et l\u2019int\u00e9gration des informations ;<\/p>\n<p><span style=\"color: #999999;\">&bull; <\/span>l\u2019\u00e9laboration de r\u00e9ponses adapt\u00e9es et coordonn\u00e9es qui sont mises en \u0153uvre par des organes effecteurs.<\/p>\n<p>Il est principalement compos\u00e9 de neurones organis\u00e9s en r\u00e9seau. Ils forment la plupart des r\u00e9cepteurs sensoriels, les voies de conduction de l\u2019information ainsi que les sites d\u2019analyse et d\u2019int\u00e9gration. Leur propri\u00e9t\u00e9 fondamentale est l\u2019excitabilit\u00e9.<\/p>\n<p> &nbsp; <\/p>\n<h2>Organisation<\/h2>\n<p>L\u2019organisation histologique du syst\u00e8me nerveux est relativement constante. <\/p>\n<p>Il est compos\u00e9 de\u00a0:<\/p>\n<p><span style=\"color: #999999;\">&bull; <\/span>cellules nerveuses ou neurones ;<\/p>\n<p><span style=\"color: #999999;\">&bull; <\/span>cellules d&rsquo;accompagnement appel\u00e9es cellules gliales.<\/p>\n<p> &nbsp; <\/p>\n<p>Les neurones poss\u00e8dent de mani\u00e8re caract\u00e9ristique :<\/p>\n<p><span style=\"color: #999999;\">&bull; <\/span>un corps cellulaire ;<\/p>\n<p><span style=\"color: #999999;\">&bull; <\/span>deux types de prolongements, les dendrites (acheminant l&rsquo;information de leur extr\u00e9mit\u00e9 vers le corps cellulaire) et un axone (acheminant l&rsquo;information du corps cellulaire vers son extr\u00e9mit\u00e9) ;<\/p>\n<p><span style=\"color: #999999;\">&bull; <\/span>une arborisation terminale, ramification de l&rsquo;extr\u00e9mit\u00e9 de l&rsquo;axone au niveau de laquelle l&rsquo;information est transmise \u00e0 d&rsquo;autres cellules (neurones ou cellules effectrices comme les cellules musculaires ou glandulaires).<\/p>\n<p> &nbsp; <\/p>\n<p>Les cellules gliales accompagnent les neurones dans le tissu nerveux. Diverses, elles composent la glie. <\/p>\n<p>Chez les Vert\u00e9br\u00e9s, elles sont en particulier repr\u00e9sent\u00e9es par :<\/p>\n<p><span style=\"color: #999999;\">&bull; <\/span> les oligodendrocytes, cellules poss\u00e9dant un petit nombre de prolongements courts et ramifi\u00e9s, responsables de la formation de la gaine de my\u00e9line dans le syst\u00e8me nerveux central ;<\/p>\n<p><span style=\"color: #999999;\">&bull; <\/span>les cellules de Schwann, formant la gaine de my\u00e9line qui entoure les axones dans le syst\u00e8me nerveux p\u00e9riph\u00e9rique ;<\/p>\n<p><span style=\"color: #999999;\">&bull; <\/span>les astrocytes, cellules tr\u00e8s ramifi\u00e9es, sp\u00e9cifiques du syst\u00e8me nerveux central et tr\u00e8s abondantes\u00a0;<\/p>\n<p><span style=\"color: #999999;\">&bull; <\/span>la microglie, form\u00e9e de petites cellules peu nombreuses qui constituent le syst\u00e8me immunitaire c\u00e9r\u00e9bral.<\/p>\n<p> &nbsp; <\/p>\n<h2>Diversit\u00e9<\/h2>\n<p>Le tissu nerveux est le constituant principal du syst\u00e8me nerveux. <\/p>\n<p> &nbsp; <\/p>\n<p>Du point de vue anatomique, le syst\u00e8me nerveux est divis\u00e9 en\u00a0:<\/p>\n<p><span style=\"color: #999999;\">&bull; <\/span>syst\u00e8me nerveux central repr\u00e9sent\u00e9 par l&rsquo;enc\u00e9phale et la moelle \u00e9pini\u00e8re chez les Vert\u00e9br\u00e9s, le cerveau et les ganglions nerveux centraux chez les autres animaux ;<\/p>\n<p><span style=\"color: #999999;\">&bull; <\/span>syst\u00e8me nerveux p\u00e9riph\u00e9rique comprenant la majorit\u00e9 des r\u00e9cepteurs sensoriels, les nerfs et les ganglions.<\/p>\n<p> &nbsp; <\/p>\n<p>Du point de vue fonctionnel, le syst\u00e8me nerveux est organis\u00e9 en\u00a0:<\/p>\n<p><span style=\"color: #999999;\">&bull; <\/span>syst\u00e8me nerveux somatique contr\u00f4lant les activit\u00e9s volontaires ;<\/p>\n<p><span style=\"color: #999999;\">&bull; <\/span>syst\u00e8me nerveux autonome contr\u00f4lant les fonctions involontaires.<\/p>\n<p> &nbsp; <\/p>\n<h3>Tissu nerveux central<\/h3>\n<table>\n<tr>\n<td><a href=\"\/documents\/images\/histologie\/moelle_epiniere_14_triton-WEB.jpg\" rel=\"lightbox[5335]\"><img loading=\"lazy\" decoding=\"async\" src=\"\/documents\/images\/histologie\/moelle_epiniere_14_tritonv.jpg\" width=\"75\" height=\"56\" class=\"alignnone\" \/><\/a><\/td>\n<td><a href=\"\/codex\/de-lorganisation-interne\/premiers-pas-histologiques\/le-tissu-nerveux\/tissu-nerveux-central#moelle_epiniere_triton_14\" target=\"_blank\">Moelle \u00e9pini\u00e8re de Triton en coupe transversale<\/a><\/td>\n<td>Tissu nerveux<\/td>\n<td>central<\/td>\n<td>substance grise et neuropile<\/td>\n<\/tr>\n<tr>\n<td><a href=\"\/documents\/images\/histologie\/moelle_epiniere_120_grenouille-WEB.jpg\" rel=\"lightbox[5335]\"><img loading=\"lazy\" decoding=\"async\" src=\"\/documents\/images\/histologie\/moelle_epiniere_120_grenouillev.jpg\" width=\"75\" height=\"56\" class=\"alignnone\" \/><\/a><\/td>\n<td><a href=\"\/codex\/de-lorganisation-interne\/premiers-pas-histologiques\/le-tissu-nerveux\/tissu-nerveux-central#moelle_epiniere_grenouille_120\" target=\"_blank\">Moelle \u00e9pini\u00e8re de Grenouille en coupe longitudinale<\/a><\/td>\n<td>Tissu nerveux<\/td>\n<td>central<\/td>\n<td>substance grise<\/td>\n<\/tr>\n<tr>\n<td><a href=\"\/documents\/images\/histologie\/moelle_epiniere_119_grenouille-WEB.jpg\" rel=\"lightbox[5335]\"><img loading=\"lazy\" decoding=\"async\" src=\"\/documents\/images\/histologie\/moelle_epiniere_119_grenouillev.jpg\" width=\"75\" height=\"56\" class=\"alignnone\" \/><\/a><\/td>\n<td><a href=\"\/codex\/de-lorganisation-interne\/premiers-pas-histologiques\/le-tissu-nerveux\/tissu-nerveux-central#moelle_epiniere_grenouille_119\" target=\"_blank\">Moelle \u00e9pini\u00e8re de Grenouille en coupe longitudinale<\/a><\/td>\n<td>Tissu nerveux<\/td>\n<td>central<\/td>\n<td>neuropile<\/td>\n<\/tr>\n<\/table>\n<p style=\"text-align: right;\">Cliquer sur l&rsquo;image pour l&rsquo;agrandir et sur le titre pour acc\u00e9der \u00e0 l&rsquo;image l\u00e9gend\u00e9e<\/p>\n<p> &nbsp; <\/p>\n<p>Chez les Vert\u00e9br\u00e9s, au niveau de l\u2019enc\u00e9phale et de la moelle \u00e9pini\u00e8re, le tissu nerveux est organis\u00e9 en\u00a0:<\/p>\n<p><span style=\"color: #999999;\">&bull; <\/span>substance grise contenant presque tous les corps cellulaires des neurones et les prolongements cellulaires associ\u00e9s ;<\/p>\n<p><span style=\"color: #999999;\">&bull; <\/span>substance blanche compos\u00e9e de faisceaux d&rsquo;axones, \u00e9galement d\u00e9sign\u00e9s par l&rsquo;expression fibres nerveuses (axones), souvent my\u00e9linis\u00e9s.<\/p>\n<p>Les r\u00e9gions du tissu nerveux constitu\u00e9es presque exclusivement de prolongements de neurones et si\u00e8ges des synapses prennent le nom de neuropile.<\/p>\n<p> &nbsp; <\/p>\n<p>Des cellules gliales sont aussi pr\u00e9sentes. Certaines sont agenc\u00e9es en une couche bordant les cavit\u00e9s du syst\u00e8me nerveux central (ventricules enc\u00e9phaliques et canal de l&rsquo;\u00e9pendyme de la moelle \u00e9pini\u00e8re). Munies de cils et de microvillosit\u00e9s apicales, elles sont d\u00e9sign\u00e9es par le nom de cellules \u00e9pendymaires.<br \/>\nElles jouent les r\u00f4les de barri\u00e8re et de filtre actif entre syst\u00e8me nerveux central et liquide c\u00e9phalo-rachidien.<\/p>\n<p> &nbsp; <\/p>\n<p>Seuls les vaisseaux sanguins p\u00e9n\u00e9trant dans le tissu nerveux central sont associ\u00e9s \u00e0 du tissu conjonctif fibreux.<\/p>\n<p> &nbsp; <\/p>\n<h3>Tissu nerveux p\u00e9riph\u00e9rique<\/h3>\n<p>Le tissu nerveux p\u00e9riph\u00e9rique est pr\u00e9sent dans \u00a0:<\/p>\n<p><span style=\"color: #999999;\">&bull; <\/span>les nerfs ;<\/p>\n<p><span style=\"color: #999999;\">&bull; <\/span>les ganglions p\u00e9riph\u00e9riques ;<\/p>\n<p><span style=\"color: #999999;\">&bull; <\/span>les r\u00e9cepteurs sensoriels.<\/p>\n<p> &nbsp; <\/p>\n<h4>Nerfs<\/h4>\n<table>\n<tr>\n<td><a href=\"\/documents\/images\/histologie\/nerf_165_lezard-WEB.jpg\" rel=\"lightbox[5335]\"><img loading=\"lazy\" decoding=\"async\" src=\"\/documents\/images\/histologie\/nerf_165_lezardv.jpg\" width=\"75\" height=\"56\" class=\"alignnone\" \/><\/a><\/td>\n<td><a href=\"\/codex\/de-lorganisation-interne\/premiers-pas-histologiques\/le-tissu-nerveux\/tissu-nerveux-peripherique#nerf_lezard_165\" target=\"_blank\">Nerfs de L\u00e9zard en coupes transversale et longitudinale<\/a><\/td>\n<td>Tissu nerveux<\/td>\n<td>p\u00e9riph\u00e9rique<\/td>\n<td>nerf<\/td>\n<\/tr>\n<tr>\n<td><a href=\"\/documents\/images\/histologie\/nerf_198_lezard-WEB.jpg\" rel=\"lightbox[5335]\"><img loading=\"lazy\" decoding=\"async\" src=\"\/documents\/images\/histologie\/nerf_198_lezardv.jpg\" width=\"75\" height=\"56\" class=\"alignnone\" \/><\/a><\/td>\n<td><a href=\"\/codex\/de-lorganisation-interne\/premiers-pas-histologiques\/le-tissu-nerveux\/tissu-nerveux-peripherique#nerf_lezard_198\" target=\"_blank\">Nerfs de L\u00e9zard en coupes transversale et longitudinale<\/a><\/td>\n<td>Tissu nerveux<\/td>\n<td>p\u00e9riph\u00e9rique<\/td>\n<td>nerf<\/td>\n<\/tr>\n<\/table>\n<p style=\"text-align: right;\">Cliquer sur l&rsquo;image pour l&rsquo;agrandir et sur le titre pour acc\u00e9der \u00e0 l&rsquo;image l\u00e9gend\u00e9e<\/p>\n<p> &nbsp; <\/p>\n<p>Les nerfs sont compos\u00e9s d\u2019axones qui acheminent l&rsquo;information du syst\u00e8me nerveux p\u00e9riph\u00e9rique vers le syst\u00e8me nerveux central (ils sont alors qualifi\u00e9s d&rsquo;aff\u00e9rents) ou du syst\u00e8me nerveux central vers la p\u00e9riph\u00e9rie (ils sont alors dits eff\u00e9rents), et rel\u00e8vent des syst\u00e8mes nerveux somatique ou autonome.<\/p>\n<p>Les fibres nerveuses my\u00e9linis\u00e9es sont ais\u00e9ment rep\u00e9r\u00e9es au microscopie photonique alors que les fibres non my\u00e9linis\u00e9es sont plus d\u00e9licates \u00e0 observer.<br \/>\nElles sont associ\u00e9es \u00e0 des cellules gliales, en particulier \u00e0 des cellules de Schwann dont le noyau est allong\u00e9.<\/p>\n<p> &nbsp; <\/p>\n<p>Chaque fibre nerveuse est entour\u00e9e d\u2019un fin tissu conjonctif fibreux, appel\u00e9 endon\u00e8vre.<br \/>\nLes fibres sont associ\u00e9es en faisceaux \u00e9galement envelopp\u00e9s de tissu conjonctif fibreux, nomm\u00e9 p\u00e9rin\u00e8vre.<br \/>\nLes nerfs les plus importants associent plusieurs faisceaux, solidaris\u00e9s par une couche de tissu conjonctif fibreux formant une gaine cylindrique d\u00e9sign\u00e9e par le terme \u00e9pin\u00e8vre.<\/p>\n<p> &nbsp; <\/p>\n<p>Les nerfs sont richement vascularis\u00e9s\u00a0: les vaisseaux sanguins p\u00e9n\u00e8trent dans l\u2019\u00e9pin\u00e8vre et le p\u00e9rin\u00e8vre avant de se capillariser dans l\u2019endon\u00e8vre.<\/p>\n<p> &nbsp; <\/p>\n<h4>Ganglions p\u00e9riph\u00e9riques<\/h4>\n<table>\n<tr>\n<td><a href=\"\/documents\/images\/histologie\/ganglion_15_larve_triton-WEB.jpg\" rel=\"lightbox[5335]\"><img loading=\"lazy\" decoding=\"async\" src=\"\/documents\/images\/histologie\/ganglion_15_larve_tritonv.jpg\" width=\"75\" height=\"56\" class=\"alignnone\" \/><\/a><\/td>\n<td><a href=\"\/codex\/de-lorganisation-interne\/premiers-pas-histologiques\/le-tissu-nerveux\/tissu-nerveux-peripherique#ganglion_triton_15\" target=\"_blank\">Ganglion nerveux de larve de Triton en coupe longitudinale<\/a><\/td>\n<td>Tissu nerveux<\/td>\n<td>p\u00e9riph\u00e9rique<\/td>\n<td>ganglion nerveux<\/td>\n<\/tr>\n<td><a href=\"\/documents\/images\/histologie\/ganglion_16_larve_triton-WEB.jpg\" rel=\"lightbox[5335]\"><img loading=\"lazy\" decoding=\"async\" src=\"\/documents\/images\/histologie\/ganglion_16_larve_tritonv.jpg\" width=\"75\" height=\"56\" class=\"alignnone\" \/><\/a><\/td>\n<td><a href=\"\/codex\/de-lorganisation-interne\/premiers-pas-histologiques\/le-tissu-nerveux\/tissu-nerveux-peripherique#ganglion_triton_16\" target=\"_blank\">Ganglion nerveux de larve de Triton en coupe longitudinale<\/a><\/td>\n<td>Tissu nerveux<\/td>\n<td>p\u00e9riph\u00e9rique<\/td>\n<td>ganglion nerveux<\/td>\n<tr>\n<\/tr>\n<tr>\n<td><a href=\"\/documents\/images\/histologie\/ganglion_rachidien_107_lezard-WEB.jpg\" rel=\"lightbox[5335]\"><img loading=\"lazy\" decoding=\"async\" src=\"\/documents\/images\/histologie\/ganglion_rachidien_107_lezardv.jpg\" width=\"75\" height=\"56\" class=\"alignnone\" \/><\/a><\/td>\n<td><a href=\"\/codex\/de-lorganisation-interne\/premiers-pas-histologiques\/le-tissu-nerveux\/tissu-nerveux-peripherique#ganglion_lezard_107\" target=\"_blank\">Ganglion rachidien de L\u00e9zard en coupe longitudinale<\/a><\/td>\n<td>Tissu nerveux<\/td>\n<td>p\u00e9riph\u00e9rique<\/td>\n<td>ganglion nerveux<\/td>\n<\/tr>\n<tr>\n<td><a href=\"\/documents\/images\/histologie\/ganglion_rachidien_111_lezard-WEB.jpg\" rel=\"lightbox[5335]\"><img loading=\"lazy\" decoding=\"async\" src=\"\/documents\/images\/histologie\/ganglion_rachidien_111_lezardv.jpg\" width=\"75\" height=\"56\" class=\"alignnone\" \/><\/a><\/td>\n<td><a href=\"\/codex\/de-lorganisation-interne\/premiers-pas-histologiques\/le-tissu-nerveux\/tissu-nerveux-peripherique#ganglion_lezard_111\" target=\"_blank\">Ganglion rachidien de L\u00e9zard en coupe longitudinale<\/a><\/td>\n<td>Tissu nerveux<\/td>\n<td>p\u00e9riph\u00e9rique<\/td>\n<td>ganglion nerveux<\/td>\n<\/tr>\n<tr>\n<td><a href=\"\/documents\/images\/histologie\/intestin_rat_ganglion_auerbach-WEB.jpg\" rel=\"lightbox[5335]\"><img loading=\"lazy\" decoding=\"async\" src=\"\/documents\/images\/histologie\/intestin_rat_ganglion_auerbachv.jpg\" width=\"75\" height=\"56\" class=\"alignnone\" \/><\/a><\/td>\n<td><a href=\"\/codex\/de-lorganisation-interne\/premiers-pas-histologiques\/le-tissu-nerveux\/tissu-nerveux-peripherique#plexus_auerbach_rat\" target=\"_blank\">Plexus d&rsquo;Auerbach de l&rsquo;intestin de Rat en coupe longitudinale<\/a><\/td>\n<td>Tissu nerveux<\/td>\n<td>p\u00e9riph\u00e9rique<\/td>\n<td>ganglion nerveux<\/td>\n<\/tr>\n<\/table>\n<p style=\"text-align: right;\">Cliquer sur l&rsquo;image pour l&rsquo;agrandir et sur le titre pour acc\u00e9der \u00e0 l&rsquo;image l\u00e9gend\u00e9e<\/p>\n<p> &nbsp; <\/p>\n<p>Les ganglions p\u00e9riph\u00e9riques sont compos\u00e9s de corps cellulaires de neurones, de leurs prolongements, ainsi que de cellules gliales.<br \/>\nL&rsquo;ensemble est envelopp\u00e9 d&rsquo;une capsule de tissu conjonctif fibreux.<\/p>\n<p> &nbsp; <\/p>\n<p>Chez les Vert\u00e9br\u00e9s, plusieurs cat\u00e9gories de ganglions p\u00e9riph\u00e9riques sont distingu\u00e9es, selon leur localisation anatomique\u00a0:<\/p>\n<p><span style=\"color: #999999;\">&bull; <\/span>les ganglions individualis\u00e9s, formant des renflements sur le trajet des nerfs comme les ganglions rachidiens ou spinaux situ\u00e9s sur les nerfs reli\u00e9s \u00e0 la moelle \u00e9pini\u00e8re (ou racines de la moelle \u00e9pini\u00e8re), les ganglions sympathiques formant une cha\u00eene courant le long de la colonne vert\u00e9brale (cha\u00eene paravert\u00e9brale), certains ganglions parasympathiques ;<\/p>\n<p><span style=\"color: #999999;\">&bull; <\/span>les ganglions inclus dans les organes, appel\u00e9s plexus, appartenant au syst\u00e8me parasympathique.  <\/p>\n<p> &nbsp; <\/p>\n<h4>R\u00e9cepteurs sensoriels<\/h4>\n<table>\n<tr>\n<td><a href=\"\/documents\/images\/histologie\/branchie_gout_10_larve_triton-WEB.jpg\" rel=\"lightbox[5335]\"><img loading=\"lazy\" decoding=\"async\" src=\"\/documents\/images\/histologie\/branchie_gout_10_larve_tritonv.jpg\" width=\"75\" height=\"56\" class=\"alignnone\" \/><\/a><\/td>\n<td><a href=\"\/codex\/de-lorganisation-interne\/premiers-pas-histologiques\/le-tissu-nerveux\/tissu-nerveux-peripherique#bourgeon_gout_triton_10\" target=\"_blank\">Bourgeon du go\u00fbt de larve de Triton en coupe longitudinale<\/a><\/td>\n<td>Tissu nerveux<\/td>\n<td>p\u00e9riph\u00e9rique<\/td>\n<td>r\u00e9cepteur sensoriel<\/td>\n<\/tr>\n<\/table>\n<p style=\"text-align: right;\">Cliquer sur l&rsquo;image pour l&rsquo;agrandir et sur le titre pour acc\u00e9der \u00e0 l&rsquo;image l\u00e9gend\u00e9e<\/p>\n<p> &nbsp; <\/p>\n<p>Les r\u00e9cepteurs sensoriels sont form\u00e9s de terminaisons nerveuses ou de cellules sp\u00e9cialis\u00e9es capables de convertir un param\u00e8tre physique ou chimique en une information nerveuse.<\/p>\n<p> &nbsp; <\/p>\n<p>Du point de vue fonctionnel, les r\u00e9cepteurs sensoriels sont class\u00e9s en\u00a0:<\/p>\n<p><span style=\"color: #999999;\">&bull; <\/span>ext\u00e9rocepteurs r\u00e9pondant \u00e0 des stimulations externes (pression, temp\u00e9rature, lumi\u00e8re, vibration, substance chimique, douleur) ;<\/p>\n<p><span style=\"color: #999999;\">&bull; <\/span>propriocepteurs situ\u00e9s au niveau du squelette, des muscles, des articulations et de l\u2019oreille, procurant des informations relatives \u00e0 l\u2019orientation, la position, la tension, le mouvement ;<\/p>\n<p><span style=\"color: #999999;\">&bull; <\/span>int\u00e9rocepteurs sensibles \u00e0 des stimulation d\u2019origine visc\u00e9rale (pression, tension, susbtance chimique).<\/p>\n<p> &nbsp; <\/p>\n<p>Du point de vue histologique, il existe deux grands types de r\u00e9cepteurs sensoriels\u00a0:<\/p>\n<p><span style=\"color: #999999;\">&bull; <\/span>les r\u00e9cepteurs simples, constitu\u00e9s de terminaisons nerveuses libres, ramifi\u00e9es ou non, pr\u00e9sents au niveau de la peau notamment (r\u00e9cepteurs thermiques, r\u00e9cepteurs de la douleur), difficiles \u00e0 observer en raison de leur petite taille ;<\/p>\n<p><span style=\"color: #999999;\">&bull; <\/span>les r\u00e9cepteurs compos\u00e9s, constitu\u00e9s de tissu nerveux et de tissu non nerveux, repr\u00e9sent\u00e9s par les r\u00e9cepteurs encapsul\u00e9s (comme les corpuscules tactiles de la peau) et les organes des sens complexes (comme l&rsquo;oreille).<\/p>\n<p> &nbsp; <\/p>\n","protected":false},"excerpt":{"rendered":"<p>&nbsp; Le tissu nerveux a pour fonctions essentielles\u00a0: &bull; la perception d&rsquo;informations provenant du milieu ext\u00e9rieur comme du milieu int\u00e9rieur ; &bull; l&rsquo;acheminement des informations ; &bull; l\u2019analyse et l\u2019int\u00e9gration des informations ; &bull; l\u2019\u00e9laboration de r\u00e9ponses adapt\u00e9es et coordonn\u00e9es qui sont mises en \u0153uvre par des organes effecteurs. Il est principalement compos\u00e9 de neurones [&hellip;]<\/p>\n","protected":false},"author":2,"featured_media":0,"parent":3894,"menu_order":4,"comment_status":"closed","ping_status":"closed","template":"","meta":{"site-sidebar-layout":"default","site-content-layout":"","ast-site-content-layout":"default","site-content-style":"default","site-sidebar-style":"default","ast-global-header-display":"","ast-banner-title-visibility":"","ast-main-header-display":"","ast-hfb-above-header-display":"","ast-hfb-below-header-display":"","ast-hfb-mobile-header-display":"","site-post-title":"","ast-breadcrumbs-content":"","ast-featured-img":"","footer-sml-layout":"","ast-disable-related-posts":"","theme-transparent-header-meta":"","adv-header-id-meta":"","stick-header-meta":"","header-above-stick-meta":"","header-main-stick-meta":"","header-below-stick-meta":"","astra-migrate-meta-layouts":"default","ast-page-background-enabled":"default","ast-page-background-meta":{"desktop":{"background-color":"var(--ast-global-color-4)","background-image":"","background-repeat":"repeat","background-position":"center center","background-size":"auto","background-attachment":"scroll","background-type":"","background-media":"","overlay-type":"","overlay-color":"","overlay-opacity":"","overlay-gradient":""},"tablet":{"background-color":"","background-image":"","background-repeat":"repeat","background-position":"center center","background-size":"auto","background-attachment":"scroll","background-type":"","background-media":"","overlay-type":"","overlay-color":"","overlay-opacity":"","overlay-gradient":""},"mobile":{"background-color":"","background-image":"","background-repeat":"repeat","background-position":"center center","background-size":"auto","background-attachment":"scroll","background-type":"","background-media":"","overlay-type":"","overlay-color":"","overlay-opacity":"","overlay-gradient":""}},"ast-content-background-meta":{"desktop":{"background-color":"var(--ast-global-color-5)","background-image":"","background-repeat":"repeat","background-position":"center center","background-size":"auto","background-attachment":"scroll","background-type":"","background-media":"","overlay-type":"","overlay-color":"","overlay-opacity":"","overlay-gradient":""},"tablet":{"background-color":"var(--ast-global-color-5)","background-image":"","background-repeat":"repeat","background-position":"center center","background-size":"auto","background-attachment":"scroll","background-type":"","background-media":"","overlay-type":"","overlay-color":"","overlay-opacity":"","overlay-gradient":""},"mobile":{"background-color":"var(--ast-global-color-5)","background-image":"","background-repeat":"repeat","background-position":"center center","background-size":"auto","background-attachment":"scroll","background-type":"","background-media":"","overlay-type":"","overlay-color":"","overlay-opacity":"","overlay-gradient":""}},"footnotes":""},"class_list":["post-5335","page","type-page","status-publish","hentry"],"aioseo_notices":[],"jetpack_sharing_enabled":true,"_links":{"self":[{"href":"https:\/\/codexvirtualis.fr\/codex\/wp-json\/wp\/v2\/pages\/5335","targetHints":{"allow":["GET"]}}],"collection":[{"href":"https:\/\/codexvirtualis.fr\/codex\/wp-json\/wp\/v2\/pages"}],"about":[{"href":"https:\/\/codexvirtualis.fr\/codex\/wp-json\/wp\/v2\/types\/page"}],"author":[{"embeddable":true,"href":"https:\/\/codexvirtualis.fr\/codex\/wp-json\/wp\/v2\/users\/2"}],"replies":[{"embeddable":true,"href":"https:\/\/codexvirtualis.fr\/codex\/wp-json\/wp\/v2\/comments?post=5335"}],"version-history":[{"count":13,"href":"https:\/\/codexvirtualis.fr\/codex\/wp-json\/wp\/v2\/pages\/5335\/revisions"}],"predecessor-version":[{"id":9004,"href":"https:\/\/codexvirtualis.fr\/codex\/wp-json\/wp\/v2\/pages\/5335\/revisions\/9004"}],"up":[{"embeddable":true,"href":"https:\/\/codexvirtualis.fr\/codex\/wp-json\/wp\/v2\/pages\/3894"}],"wp:attachment":[{"href":"https:\/\/codexvirtualis.fr\/codex\/wp-json\/wp\/v2\/media?parent=5335"}],"curies":[{"name":"wp","href":"https:\/\/api.w.org\/{rel}","templated":true}]}}