{"id":5305,"date":"2013-08-09T17:56:16","date_gmt":"2013-08-09T15:56:16","guid":{"rendered":"http:\/\/codexvirtualis.fr\/codex\/?page_id=5305"},"modified":"2013-08-09T18:36:56","modified_gmt":"2013-08-09T16:36:56","slug":"tissu-musculaire-strie","status":"publish","type":"page","link":"https:\/\/codexvirtualis.fr\/codex\/de-lorganisation-interne\/premiers-pas-histologiques\/le-tissu-musculaire\/tissu-musculaire-strie","title":{"rendered":"La diversit\u00e9 des tissus musculaires stri\u00e9s"},"content":{"rendered":"<p> &nbsp; <\/p>\n<h2>Tissu musculaire stri\u00e9 squelettique<\/h2>\n<p><a name=\"muscle_squelettique_lezard_58\"><\/a><figure style=\"width: 300px\" class=\"wp-caption alignnone\"><a rel=\"lightbox\" href=\"\/documents\/images\/histologie\/muscle_strie_lezard_58-WEB.jpg\" target=\"_blank\"><img decoding=\"async\" src=\"\/documents\/images\/histologie\/muscle_strie_lezard_58-WEB.jpg\" width=\"300\" alt=\"Muscle stri\u00e9 squelettique de L\u00e9zard\" class \/><\/a><figcaption class=\"wp-caption-text\">Muscle stri\u00e9 squelettique de L\u00e9zard<\/figcaption><\/figure><\/p>\n<p style=\"text-align: right;\"><a rel=\"lightbox\" href=\"\/documents\/images\/histologie\/muscle_strie_lezard_58_legende-WEB.jpg\" target=\"_blank\">Voir l&rsquo;image l\u00e9gend\u00e9e<\/a><\/p>\n<p> &nbsp; <\/p>\n<p><a name=\"muscle_squelettique_lezard_200\"><\/a><figure style=\"width: 300px\" class=\"wp-caption alignnone\"><a rel=\"lightbox\" href=\"\/documents\/images\/histologie\/muscle_lezard_200-WEB.jpg\" target=\"_blank\"><img decoding=\"async\" src=\"\/documents\/images\/histologie\/muscle_lezard_200-WEB.jpg\" width=\"300\" alt=\"Muscle stri\u00e9 squelettique de L\u00e9zard\" class \/><\/a><figcaption class=\"wp-caption-text\">Muscle stri\u00e9 squelettique de L\u00e9zard en coupe longitudinale<\/figcaption><\/figure><\/p>\n<p style=\"text-align: right;\"><a rel=\"lightbox\" href=\"\/documents\/images\/histologie\/muscle_lezard_200_legende-WEB.jpg\" target=\"_blank\">Voir l&rsquo;image l\u00e9gend\u00e9e<\/a><\/p>\n<p> &nbsp; <\/p>\n<p><a name=\"muscle_squelettique_lezard_45\"><\/a><figure style=\"width: 300px\" class=\"wp-caption alignnone\"><a rel=\"lightbox\" href=\"\/documents\/images\/histologie\/muscle_lezard_45-WEB.jpg\" target=\"_blank\"><img decoding=\"async\" src=\"\/documents\/images\/histologie\/muscle_lezard_45-WEB.jpg\" width=\"300\" alt=\"Muscle stri\u00e9 squelettique de L\u00e9zard\" class \/><\/a><figcaption class=\"wp-caption-text\">Muscle stri\u00e9 squelettique de L\u00e9zard en coupe transversale<\/figcaption><\/figure><\/p>\n<p style=\"text-align: right;\"><a rel=\"lightbox\" href=\"\/documents\/images\/histologie\/muscle_lezard_45_legende-WEB.jpg\" target=\"_blank\">Voir l&rsquo;image l\u00e9gend\u00e9e<\/a><\/p>\n<p> &nbsp; <\/p>\n<p> &nbsp; <\/p>\n<h2>Tissu musculaire stri\u00e9 cardiaque<\/h2>\n<p><a name=\"muscle_cardiaque_lezard_157\"><\/a><figure style=\"width: 300px\" class=\"wp-caption alignnone\"><a rel=\"lightbox\" href=\"\/documents\/images\/histologie\/coeur_lezard_157-WEB.jpg\" target=\"_blank\"><img decoding=\"async\" src=\"\/documents\/images\/histologie\/coeur_lezard_157-WEB.jpg\" width=\"300\" alt=\"C\u0153ur de L\u00e9zard\" class \/><\/a><figcaption class=\"wp-caption-text\">C\u0153ur de L\u00e9zard en coupe transversale<\/figcaption><\/figure><\/p>\n<p style=\"text-align: right;\"><a rel=\"lightbox\" href=\"\/documents\/images\/histologie\/coeur_lezard_157_legende-WEB.jpg\" target=\"_blank\">Voir l&rsquo;image l\u00e9gend\u00e9e<\/a><\/p>\n<p> &nbsp; <\/p>\n<p><a name=\"muscle_cardiaque_lezard_194\"><\/a><figure style=\"width: 300px\" class=\"wp-caption alignnone\"><a rel=\"lightbox\" href=\"\/documents\/images\/histologie\/coeur_lezard_194-WEB.jpg\" target=\"_blank\"><img decoding=\"async\" src=\"\/documents\/images\/histologie\/coeur_lezard_194-WEB.jpg\" width=\"300\" alt=\"C\u0153ur de L\u00e9zard\" class \/><\/a><figcaption class=\"wp-caption-text\">Muscle stri\u00e9 cardiaque de L\u00e9zard en coupe longitudinale<\/figcaption><\/figure><\/p>\n<p style=\"text-align: right;\"><a rel=\"lightbox\" href=\"\/documents\/images\/histologie\/coeur_lezard_194_legende-WEB.jpg\" target=\"_blank\">Voir l&rsquo;image l\u00e9gend\u00e9e<\/a><\/p>\n<p> &nbsp; <\/p>\n<p><a name=\"muscle_cardiaque_lezard_196\"><\/a><figure style=\"width: 300px\" class=\"wp-caption alignnone\"><a rel=\"lightbox\" href=\"\/documents\/images\/histologie\/coeur_lezard_196-WEB.jpg\" target=\"_blank\"><img decoding=\"async\" src=\"\/documents\/images\/histologie\/coeur_lezard_196-WEB.jpg\" width=\"300\" alt=\"C\u0153ur de L\u00e9zard\" class \/><\/a><figcaption class=\"wp-caption-text\">Muscle stri\u00e9 cardiaque de L\u00e9zard en coupe transversale<\/figcaption><\/figure><\/p>\n<p style=\"text-align: right;\"><a rel=\"lightbox\" href=\"\/documents\/images\/histologie\/coeur_lezard_196_legende-WEB.jpg\" target=\"_blank\">Voir l&rsquo;image l\u00e9gend\u00e9e<\/a><\/p>\n<p> &nbsp; <\/p>\n","protected":false},"excerpt":{"rendered":"<p>&nbsp; Tissu musculaire stri\u00e9 squelettique Voir l&rsquo;image l\u00e9gend\u00e9e &nbsp; Voir l&rsquo;image l\u00e9gend\u00e9e &nbsp; Voir l&rsquo;image l\u00e9gend\u00e9e &nbsp; &nbsp; Tissu musculaire stri\u00e9 cardiaque Voir l&rsquo;image l\u00e9gend\u00e9e &nbsp; Voir l&rsquo;image l\u00e9gend\u00e9e &nbsp; Voir l&rsquo;image l\u00e9gend\u00e9e &nbsp;<\/p>\n","protected":false},"author":1,"featured_media":0,"parent":5275,"menu_order":1,"comment_status":"closed","ping_status":"closed","template":"","meta":{"site-sidebar-layout":"default","site-content-layout":"","ast-site-content-layout":"default","site-content-style":"default","site-sidebar-style":"default","ast-global-header-display":"","ast-banner-title-visibility":"","ast-main-header-display":"","ast-hfb-above-header-display":"","ast-hfb-below-header-display":"","ast-hfb-mobile-header-display":"","site-post-title":"","ast-breadcrumbs-content":"","ast-featured-img":"","footer-sml-layout":"","ast-disable-related-posts":"","theme-transparent-header-meta":"","adv-header-id-meta":"","stick-header-meta":"","header-above-stick-meta":"","header-main-stick-meta":"","header-below-stick-meta":"","astra-migrate-meta-layouts":"default","ast-page-background-enabled":"default","ast-page-background-meta":{"desktop":{"background-color":"var(--ast-global-color-4)","background-image":"","background-repeat":"repeat","background-position":"center center","background-size":"auto","background-attachment":"scroll","background-type":"","background-media":"","overlay-type":"","overlay-color":"","overlay-opacity":"","overlay-gradient":""},"tablet":{"background-color":"","background-image":"","background-repeat":"repeat","background-position":"center center","background-size":"auto","background-attachment":"scroll","background-type":"","background-media":"","overlay-type":"","overlay-color":"","overlay-opacity":"","overlay-gradient":""},"mobile":{"background-color":"","background-image":"","background-repeat":"repeat","background-position":"center center","background-size":"auto","background-attachment":"scroll","background-type":"","background-media":"","overlay-type":"","overlay-color":"","overlay-opacity":"","overlay-gradient":""}},"ast-content-background-meta":{"desktop":{"background-color":"var(--ast-global-color-5)","background-image":"","background-repeat":"repeat","background-position":"center center","background-size":"auto","background-attachment":"scroll","background-type":"","background-media":"","overlay-type":"","overlay-color":"","overlay-opacity":"","overlay-gradient":""},"tablet":{"background-color":"var(--ast-global-color-5)","background-image":"","background-repeat":"repeat","background-position":"center center","background-size":"auto","background-attachment":"scroll","background-type":"","background-media":"","overlay-type":"","overlay-color":"","overlay-opacity":"","overlay-gradient":""},"mobile":{"background-color":"var(--ast-global-color-5)","background-image":"","background-repeat":"repeat","background-position":"center center","background-size":"auto","background-attachment":"scroll","background-type":"","background-media":"","overlay-type":"","overlay-color":"","overlay-opacity":"","overlay-gradient":""}},"footnotes":""},"class_list":["post-5305","page","type-page","status-publish","hentry"],"aioseo_notices":[],"jetpack_sharing_enabled":true,"_links":{"self":[{"href":"https:\/\/codexvirtualis.fr\/codex\/wp-json\/wp\/v2\/pages\/5305","targetHints":{"allow":["GET"]}}],"collection":[{"href":"https:\/\/codexvirtualis.fr\/codex\/wp-json\/wp\/v2\/pages"}],"about":[{"href":"https:\/\/codexvirtualis.fr\/codex\/wp-json\/wp\/v2\/types\/page"}],"author":[{"embeddable":true,"href":"https:\/\/codexvirtualis.fr\/codex\/wp-json\/wp\/v2\/users\/1"}],"replies":[{"embeddable":true,"href":"https:\/\/codexvirtualis.fr\/codex\/wp-json\/wp\/v2\/comments?post=5305"}],"version-history":[{"count":12,"href":"https:\/\/codexvirtualis.fr\/codex\/wp-json\/wp\/v2\/pages\/5305\/revisions"}],"predecessor-version":[{"id":5331,"href":"https:\/\/codexvirtualis.fr\/codex\/wp-json\/wp\/v2\/pages\/5305\/revisions\/5331"}],"up":[{"embeddable":true,"href":"https:\/\/codexvirtualis.fr\/codex\/wp-json\/wp\/v2\/pages\/5275"}],"wp:attachment":[{"href":"https:\/\/codexvirtualis.fr\/codex\/wp-json\/wp\/v2\/media?parent=5305"}],"curies":[{"name":"wp","href":"https:\/\/api.w.org\/{rel}","templated":true}]}}