{"id":5275,"date":"2013-08-09T17:19:18","date_gmt":"2013-08-09T15:19:18","guid":{"rendered":"http:\/\/codexvirtualis.fr\/codex\/?page_id=5275"},"modified":"2013-08-13T15:33:45","modified_gmt":"2013-08-13T13:33:45","slug":"le-tissu-musculaire","status":"publish","type":"page","link":"https:\/\/codexvirtualis.fr\/codex\/de-lorganisation-interne\/premiers-pas-histologiques\/le-tissu-musculaire","title":{"rendered":"Le tissu musculaire"},"content":{"rendered":"<p> &nbsp; <\/p>\n<p>Le tissu musculaire est responsable du mouvement de l\u2019organisme dans son milieu ou des structures au sein de l\u2019organisme. Il est ainsi associ\u00e9 au squelette, aux visc\u00e8res et aux composants de l&rsquo;appareil circulatoire contenant le liquide circulant (sang, h\u00e9molymphe), dont il assure la mise en mouvement.<\/p>\n<p>Si de nombreuses cellules des organismes pluricellulaires ont la propri\u00e9t\u00e9 de se contracter, certaines sont sp\u00e9cialis\u00e9es dans la r\u00e9alisation de cette fonction. Elles sont appel\u00e9es cellules musculaires ou myocytes, et \u00e9galement d\u00e9sign\u00e9es par l&rsquo;expression fibres musculaires.<br \/>\nLeurs capacit\u00e9s contractiles sont li\u00e9es \u00e0 la pr\u00e9sence, dans leur cytoplasme, de prot\u00e9ines fibreuses reli\u00e9es par des ponts intermol\u00e9culaires, et capables de glisser les unes par rapport aux autres.<\/p>\n<h2>Organisation<\/h2>\n<p>Le tissu musculaire est form\u00e9 de\u00a0:<\/p>\n<p><span style=\"color: #999999;\">&bull; <\/span>cellules musculaires, riches en cytosquelette et ayant la propri\u00e9t\u00e9 de se contracter, en r\u00e9ponse \u00e0 une stimulation ou spontan\u00e9ment ;<\/p>\n<p><span style=\"color: #999999;\">&bull; <\/span>mat\u00e9riel extra-cellulaire peu abondant, repr\u00e9sent\u00e9 notamment par les membranes basales entourant les cellules musculaires.<\/p>\n<p>Il est \u00e9troitement associ\u00e9 \u00e0 du tissu conjonctif fibreux par l\u2019interm\u00e9diaire duquel il est innerv\u00e9 et irrigu\u00e9.<\/p>\n<p> &nbsp; <\/p>\n<h2>Diversit\u00e9<\/h2>\n<p>Divers types de tissus musculaires sont distingu\u00e9s chez les Vert\u00e9br\u00e9s selon :<\/p>\n<p><span style=\"color: #999999;\">&bull; <\/span>l&rsquo;aspect pr\u00e9sent\u00e9 par le cytoplasme des cellules musculaires qui le composent sur des pr\u00e9parations histologiques, stri\u00e9 ou lisse ;<\/p>\n<p><span style=\"color: #999999;\">&bull; <\/span>les structures anatomiques auxquelles ils sont associ\u00e9s, squelette, c\u0153ur ou visc\u00e8res ;<\/p>\n<p><span style=\"color: #999999;\">&bull; <\/span>la nature du contr\u00f4le de leur activit\u00e9, volontaire ou involontaire.<\/p>\n<p>La distinction entre tissus musculaires stri\u00e9 et lisse est \u00e9tendue \u00e0 l&rsquo;ensemble du monde animal. <\/p>\n<p> &nbsp; <\/p>\n<h3>Tissu musculaire stri\u00e9<\/h3>\n<p>Le tissu musculaire stri\u00e9 est qualifi\u00e9 ainsi du fait de la disposition r\u00e9guli\u00e8re dans les myocytes des prot\u00e9ines impliqu\u00e9es dans la contraction, qui lui conf\u00e8re un aspect stri\u00e9 en coupe longitudinale observ\u00e9e au microscope photonique.<br \/>\nCes prot\u00e9ines sont par ailleurs regroup\u00e9es en unit\u00e9s cytoplasmiques longitudinales appel\u00e9es myofibrilles.<\/p>\n<p> &nbsp; <\/p>\n<p>Deux cat\u00e9gories de tissus musculaires stri\u00e9s sont pr\u00e9sentes chez les Vert\u00e9br\u00e9s :<\/p>\n<p><span style=\"color: #999999;\">&bull; <\/span>le tissu musculaire stri\u00e9 squelettique, volontaire ;<\/p>\n<p><span style=\"color: #999999;\">&bull; <\/span>le tissu musculaire stri\u00e9 cardiaque, involontaire.<\/p>\n<p> &nbsp; <\/p>\n<h4>Tissu musculaire stri\u00e9 squelettique<\/h4>\n<table>\n<tr>\n<td><a href=\"\/documents\/images\/histologie\/muscle_strie_lezard_58-WEB.jpg\" rel=\"lightbox[5275]\"><img loading=\"lazy\" decoding=\"async\" src=\"\/documents\/images\/histologie\/muscle_strie_lezard_58v.jpg\" width=\"75\" height=\"56\" alt=\"Muscle stri\u00e9 squelettique\" class=\"alignnone\" \/><\/a><\/td>\n<td><a href=\"\/codex\/de-lorganisation-interne\/premiers-pas-histologiques\/le-tissu-musculaire\/tissu-musculaire-strie#muscle_squelettique_lezard_58\" target=\"_blank\">Coupe de muscle squelettique de L\u00e9zard<\/a><\/td>\n<td>Tissu musculaire stri\u00e9<\/td>\n<td>squelettique<\/td>\n<td>volontaire<\/td>\n<\/tr>\n<tr>\n<td><a href=\"\/documents\/images\/histologie\/muscle_lezard_200-WEB.jpg\" rel=\"lightbox[5275]\"><img loading=\"lazy\" decoding=\"async\" src=\"\/documents\/images\/histologie\/muscle_lezard_200v.jpg\" width=\"75\" height=\"56\" alt=\"Muscle stri\u00e9 squelettique\" class=\"alignnone\" \/><\/a><\/td>\n<td><a href=\"\/codex\/de-lorganisation-interne\/premiers-pas-histologiques\/le-tissu-musculaire\/tissu-musculaire-strie#muscle_squelettique_lezard_200\" target=\"_blank\">Coupe longitudinale de muscle squelettique de L\u00e9zard<\/a><\/td>\n<td>Tissu musculaire stri\u00e9<\/td>\n<td>squelettique<\/td>\n<td>volontaire<\/td>\n<\/tr>\n<tr>\n<td><a href=\"\/documents\/images\/histologie\/muscle_lezard_45-WEB.jpg\" rel=\"lightbox[5275]\"><img loading=\"lazy\" decoding=\"async\" src=\"\/documents\/images\/histologie\/muscle_lezard_45v.jpg\" width=\"75\" height=\"56\" alt=\"Muscle stri\u00e9 squelettique\" class=\"alignnone\" \/><\/a><\/td>\n<td><a href=\"\/codex\/de-lorganisation-interne\/premiers-pas-histologiques\/le-tissu-musculaire\/tissu-musculaire-strie#muscle_squelettique_lezard_45\" target=\"_blank\">Coupe transversale de muscle squelettique de L\u00e9zard<\/a><\/td>\n<td>Tissu musculaire stri\u00e9<\/td>\n<td>squelettique<\/td>\n<td>volontaire<\/td>\n<\/tr>\n<\/table>\n<p style=\"text-align: right;\">Cliquer sur l&rsquo;image pour l&rsquo;agrandir et sur le titre pour acc\u00e9der \u00e0 l&rsquo;images l\u00e9gend\u00e9e<\/p>\n<p> &nbsp; <\/p>\n<p>Ce tissu musculaire stri\u00e9 est qualifi\u00e9 de squelettique car il est responsable des mouvements du squelette, mais \u00e9galement de certains organes (langue, \u0153il). Il r\u00e9alise des contractions assez importantes, de courte dur\u00e9e.<br \/>\nDu fait de son mode de contr\u00f4le, il est \u00e9galement qualifi\u00e9 de volontaire.<\/p>\n<p> &nbsp; <\/p>\n<p>Chez les Vert\u00e9br\u00e9s, le tissu musculaire stri\u00e9 squelettique est compos\u00e9 de cellules plurinucl\u00e9\u00e9es de grande taille dont le diam\u00e8tre est compris entre 10 et 100\u00a0\u00b5m, pour une longueur pouvant atteindre 35\u00a0cm.<\/p>\n<p> &nbsp; <\/p>\n<p><span style=\"color: #999999;\">&bull; <\/span>En coupe longitudinale, les myocytes apparaissent\u00a0:<\/p>\n<p style=\"padding-left: 30px;\"><span style=\"color: #999999;\">&bull; <\/span>de forme cylindrique, allong\u00e9e ;<\/p>\n<p style=\"padding-left: 30px;\"><span style=\"color: #999999;\">&bull; <\/span>munis de noyaux aplatis, dispos\u00e9s en p\u00e9riph\u00e9rie \u00e0 intervalles r\u00e9guliers ;<\/p>\n<p style=\"padding-left: 30px;\"><span style=\"color: #999999;\">&bull; <\/span>form\u00e9s de sous-unit\u00e9s longitudinales, les myofibrilles ;<\/p>\n<p style=\"padding-left: 30px;\"><span style=\"color: #999999;\">&bull; <\/span>pourvus de striations transversales qui traduisent la distribution des prot\u00e9ines impliqu\u00e9es dans la contraction.<\/p>\n<p> &nbsp; <\/p>\n<p><span style=\"color: #999999;\">&bull; <\/span>En coupe transversale, les myocytes apparaissent\u00a0:<\/p>\n<p style=\"padding-left: 30px;\"><span style=\"color: #999999;\">&bull; <\/span>ovales ou poly\u00e9driques selon la technique de pr\u00e9paration employ\u00e9e ;<\/p>\n<p style=\"padding-left: 30px;\"><span style=\"color: #999999;\">&bull; <\/span>munis de plusieurs noyaux en position p\u00e9riph\u00e9rique ;<\/p>\n<p style=\"padding-left: 30px;\"><span style=\"color: #999999;\">&bull; <\/span>ponctu\u00e9s de points sombres correspondant aux myofibrilles, groupes de prot\u00e9ines impliqu\u00e9es dans la contraction.<\/p>\n<p> &nbsp; <\/p>\n<p>Chaque cellule musculaire est par ailleurs entour\u00e9e de tissu conjonctif appel\u00e9 endomysium.<\/p>\n<p>Les faisceaux musculaires, compos\u00e9s de groupes de cellules musculaires parall\u00e8les, sont quant \u00e0 eux emball\u00e9s par un tissu conjonctif l\u00e2che d\u00e9sign\u00e9 par le terme p\u00e9rimysium, en continuit\u00e9 avec l\u2019endomysium.<\/p>\n<p>Enfin, la plupart des muscles sont compos\u00e9s de multiples faisceaux musculaires et l\u2019ensemble est envelopp\u00e9 d\u2019une gaine conjonctive appel\u00e9e \u00e9pimysium.<\/p>\n<p>Dans le tissu conjonctif associ\u00e9 au tissu musculaire stri\u00e9 squelettique courent des vaisseaux sanguins et les fibres nerveuses commandant la contraction musculaire.<\/p>\n<p> &nbsp; <\/p>\n<h4>Tissu musculaire stri\u00e9 cardiaque<\/h4>\n<table>\n<tr>\n<td><a href=\"\/documents\/images\/histologie\/coeur_lezard_157-WEB.jpg\" rel=\"lightbox[5275]\"><img loading=\"lazy\" decoding=\"async\" src=\"\/documents\/images\/histologie\/coeur_lezard_157v.jpg\" width=\"75\" height=\"56\" alt=\"Muscle stri\u00e9 cardiaque\" class=\"alignnone\" \/><\/a><\/td>\n<td><a href=\"\/codex\/de-lorganisation-interne\/premiers-pas-histologiques\/le-tissu-musculaire\/tissu-musculaire-strie#muscle_cardiaque_lezard_157\" target=\"_blank\">Coupe transversale de c\u0153ur de L\u00e9zard<\/a><\/td>\n<td>Tissu musculaire stri\u00e9<\/td>\n<td>cardiaque<\/td>\n<td>involontaire<\/td>\n<\/tr>\n<tr>\n<td><a href=\"\/documents\/images\/histologie\/coeur_lezard_194-WEB.jpg\" rel=\"lightbox[5275]\"><img loading=\"lazy\" decoding=\"async\" src=\"\/documents\/images\/histologie\/coeur_lezard_194v.jpg\" width=\"75\" height=\"56\" alt=\"Muscle stri\u00e9 cardiaque\" class=\"alignnone\" \/><\/a><\/td>\n<td><a href=\"\/codex\/de-lorganisation-interne\/premiers-pas-histologiques\/le-tissu-musculaire\/tissu-musculaire-strie#muscle_cardiaque_lezard_194\" target=\"_blank\">Coupe longitudinale de muscle cardiaque de L\u00e9zard<\/a><\/td>\n<td>Tissu musculaire stri\u00e9<\/td>\n<td>cardiaque<\/td>\n<td>involontaire<\/td>\n<\/tr>\n<tr>\n<td><a href=\"\/documents\/images\/histologie\/coeur_lezard_196-WEB.jpg\" rel=\"lightbox[5275]\"><img loading=\"lazy\" decoding=\"async\" src=\"\/documents\/images\/histologie\/coeur_lezard_196v.jpg\" width=\"75\" height=\"56\" alt=\"Muscle stri\u00e9 cardiaque\" class=\"alignnone\" \/><\/a><\/td>\n<td><a href=\"\/codex\/de-lorganisation-interne\/premiers-pas-histologiques\/le-tissu-musculaire\/tissu-musculaire-strie#muscle_cardiaque_lezard_196\" target=\"_blank\">Coupe transversale de muscle cardiaque de L\u00e9zard<\/a><\/td>\n<td>Tissu musculaire stri\u00e9<\/td>\n<td>cardiaque<\/td>\n<td>involontaire<\/td>\n<\/tr>\n<\/table>\n<p style=\"text-align: right;\">Cliquer sur l&rsquo;image pour l&rsquo;agrandir et sur le titre pour acc\u00e9der \u00e0 l&rsquo;images l\u00e9gend\u00e9e<\/p>\n<p> &nbsp; <\/p>\n<p>Pr\u00e9sent au niveau du c\u0153ur, le tissu musculaire stri\u00e9 cardiaque assure la contraction de cet organe, permettant la mise en mouvement du sang dans l\u2019appareil circulatoire.<br \/>\nIl d\u00e9veloppe des contractions puissantes et spontan\u00e9es. Son activit\u00e9 est cependant contr\u00f4l\u00e9e par le syst\u00e8me nerveux autonome, il est dit involontaire.<\/p>\n<p> &nbsp; <\/p>\n<p>Chez les Vert\u00e9br\u00e9s, les cellules musculaires cardiaques sont allong\u00e9es et de forme cylindrique.<\/p>\n<p>Leurs extr\u00e9mit\u00e9s sont ramifi\u00e9es et entrent en contact avec celles de fibres voisines. De ce fait, elles forment un r\u00e9seau tridimensionnel continu. \u00c0 ce niveau, des jonctions intercellulaires sont observ\u00e9es, visibles au microscope photonique. Elles forment des stries scalariformes.<br \/>\nPoints d&rsquo;ancrage des prot\u00e9ines impliqu\u00e9es dans la contraction, ces stries sont \u00e9galement le si\u00e8ge de la propagation des messages provoquant la contraction.<\/p>\n<p>Les cellules musculaires cardiaques poss\u00e8dent un ou deux noyaux, en position centrale.<\/p>\n<p> &nbsp; <\/p>\n<p><span style=\"color: #999999;\">&bull; <\/span>En coupe longitudinale, les myocytes cardiaques apparaissent\u00a0:<\/p>\n<p style=\"padding-left: 30px;\"><span style=\"color: #999999;\">&bull; <\/span>organis\u00e9s en r\u00e9seau irr\u00e9gulier ;<\/p>\n<p style=\"padding-left: 30px;\"><span style=\"color: #999999;\">&bull; <\/span>munis d\u2019un noyau m\u00e9dian ;<\/p>\n<p style=\"padding-left: 30px;\"><span style=\"color: #999999;\">&bull; <\/span>avec une striation irr\u00e9guli\u00e8re, du fait de leur ramification ;<\/p>\n<p style=\"padding-left: 30px;\"><span style=\"color: #999999;\">&bull; <\/span>joints par des structures fines et sombres, les stries scalariformes.<\/p>\n<p> &nbsp; <\/p>\n<p><span style=\"color: #999999;\">&bull; <\/span>En coupe transversale, les myocytes cardiaques apparaissent\u00a0:<\/p>\n<p style=\"padding-left: 30px;\"><span style=\"color: #999999;\">&bull; <\/span>de section irr\u00e9guli\u00e8re ;<\/p>\n<p style=\"padding-left: 30px;\"><span style=\"color: #999999;\">&bull; <\/span>munis d\u2019un noyau arrondi et central ;<\/p>\n<p style=\"padding-left: 30px;\"><span style=\"color: #999999;\">&bull; <\/span>ponctu\u00e9s de petits points sombres correspondant \u00e0 des myofibrilles, groupes de prot\u00e9ines impliqu\u00e9es dans la contraction.<\/p>\n<p> &nbsp; <\/p>\n<p>Les fibres musculaires cardiaques sont entour\u00e9es de tissu conjonctif fibreux parcouru de vaisseaux sanguins et de fibres nerveuses.<\/p>\n<p> &nbsp; <\/p>\n<h3>Tissu musculaire lisse visc\u00e9ral<\/h3>\n<table>\n<tr>\n<td><a href=\"\/documents\/images\/histologie\/intestin_20_triton-WEB.jpg\" rel=\"lightbox[5275]\"><img loading=\"lazy\" decoding=\"async\" src=\"\/documents\/images\/histologie\/intestin_20_tritonv.jpg\" width=\"75\" height=\"56\" alt=\"Intestin de Triton\" class=\"alignnone\" \/><\/a><\/td>\n<td><a href=\"\/codex\/de-lorganisation-interne\/premiers-pas-histologiques\/le-tissu-musculaire\/tissu-musculaire-lisse#muscle_intestin_triton_20\" target=\"_blank\">Coupe transversale d&rsquo;intestin de Triton<\/a><\/td>\n<td>Tissu musculaire lisse<\/td>\n<td>visc\u00e9ral<\/td>\n<td>involontaire<\/td>\n<\/tr>\n<tr>\n<td><a href=\"\/documents\/images\/histologie\/intestin_95_triton-WEB.jpg\" rel=\"lightbox[5275]\"><img loading=\"lazy\" decoding=\"async\" src=\"\/documents\/images\/histologie\/intestin_95_tritonv.jpg\" width=\"75\" height=\"56\" alt=\"Tuniques musculaires de l'intestin de Triton\" class=\"alignnone\" \/><\/a><\/td>\n<td><a href=\"\/codex\/de-lorganisation-interne\/premiers-pas-histologiques\/le-tissu-musculaire\/tissu-musculaire-lisse#muscle_intestin_triton_95\" target=\"_blank\">Coupe des tuniques musculaires d&rsquo;intestin de Triton<\/a><\/td>\n<td>Tissu musculaire lisse<\/td>\n<td>visc\u00e9ral<\/td>\n<td>involontaire<\/td>\n<\/tr>\n<\/table>\n<p style=\"text-align: right;\">Cliquer sur l&rsquo;image pour l&rsquo;agrandir et sur le titre pour acc\u00e9der \u00e0 l&rsquo;images l\u00e9gend\u00e9e<\/p>\n<p> &nbsp; <\/p>\n<p>Le tissu musculaire lisse est ainsi nomm\u00e9 car, observ\u00e9es au microscope photonique, les cellules qui le composent ne pr\u00e9sentent aucune striation cytoplasmique. Elles contiennent des prot\u00e9ines impliqu\u00e9es dans la contraction, mais celles-ci n\u2019ont pas une disposition r\u00e9guli\u00e8re comme dans le tissu musculaire stri\u00e9.<\/p>\n<p>Le tissu musculaire lisse est responsable des mouvements des visc\u00e8res. Il est aussi qualifi\u00e9 de visc\u00e9ral.<br \/>\nIl d\u00e9veloppe des contractions continues, de basse puissance. Il est dou\u00e9 de contractilit\u00e9 spontan\u00e9e, rythmique ou par ondes.<\/p>\n<p>Le tissu musculaire lisse est contr\u00f4l\u00e9 par le syst\u00e8me nerveux autonome (mais aussi le syst\u00e8me endocrinien et les m\u00e9tabolites locaux). De ce fait, il est qualifi\u00e9 d\u2019involontaire.<\/p>\n<p> &nbsp; <\/p>\n<p>Les cellules musculaires lisses sont des cellules de petite taille, allong\u00e9es, fusiformes, parfois bifides, et leurs extr\u00e9mit\u00e9s sont effil\u00e9es.<\/p>\n<p>Elles poss\u00e8dent un seul noyau, allong\u00e9, situ\u00e9 au centre du cytoplasme, dans la zone la plus large de la cellule.<\/p>\n<p>Elles sont reli\u00e9es par des jonctions intercellulaires.<\/p>\n<p> &nbsp; <\/p>\n<p><span style=\"color: #999999;\">&bull; <\/span>En coupe longitudinale, les myocytes lisses apparaissent\u00a0:<\/p>\n<p style=\"padding-left: 30px;\"><span style=\"color: #999999;\">&bull; <\/span>fusiformes ;<\/p>\n<p style=\"padding-left: 30px;\"><span style=\"color: #999999;\">&bull; <\/span>munis d\u2019un noyau m\u00e9dian et allong\u00e9.<\/p>\n<p> &nbsp; <\/p>\n<p><span style=\"color: #999999;\">&bull; <\/span>En coupe transversale, les myocytes lisses apparaissent\u00a0:<\/p>\n<p style=\"padding-left: 30px;\"><span style=\"color: #999999;\">&bull; <\/span>de section arrondie ;<\/p>\n<p style=\"padding-left: 30px;\"><span style=\"color: #999999;\">&bull; <\/span>munis parfois d\u2019un noyau central et arrondi (selon le plan de coupe).<\/p>\n<p> &nbsp; <\/p>\n<p>Les cellules musculaires lisses sont associ\u00e9es \u00e0 une charpente de tissu conjonctif fibreux dans laquelle courent vaisseaux sanguins et fibres nerveuses.<\/p>\n<p>Dans certains organes comme l&rsquo;intestin, elles sont dispos\u00e9es tr\u00e8s r\u00e9guli\u00e8rement et il devient difficile de les distinguer les unes de autres. Elles constituent des tuniques circulaires ou longitudinales ; l\u2019association de ces tuniques d&rsquo;orientations diff\u00e9rentes permet le d\u00e9veloppement de mouvements p\u00e9ristaltiques.<\/p>\n<p> &nbsp; <\/p>\n","protected":false},"excerpt":{"rendered":"<p>&nbsp; Le tissu musculaire est responsable du mouvement de l\u2019organisme dans son milieu ou des structures au sein de l\u2019organisme. Il est ainsi associ\u00e9 au squelette, aux visc\u00e8res et aux composants de l&rsquo;appareil circulatoire contenant le liquide circulant (sang, h\u00e9molymphe), dont il assure la mise en mouvement. Si de nombreuses cellules des organismes pluricellulaires ont [&hellip;]<\/p>\n","protected":false},"author":2,"featured_media":0,"parent":3894,"menu_order":3,"comment_status":"closed","ping_status":"closed","template":"","meta":{"site-sidebar-layout":"default","site-content-layout":"","ast-site-content-layout":"default","site-content-style":"default","site-sidebar-style":"default","ast-global-header-display":"","ast-banner-title-visibility":"","ast-main-header-display":"","ast-hfb-above-header-display":"","ast-hfb-below-header-display":"","ast-hfb-mobile-header-display":"","site-post-title":"","ast-breadcrumbs-content":"","ast-featured-img":"","footer-sml-layout":"","ast-disable-related-posts":"","theme-transparent-header-meta":"","adv-header-id-meta":"","stick-header-meta":"","header-above-stick-meta":"","header-main-stick-meta":"","header-below-stick-meta":"","astra-migrate-meta-layouts":"default","ast-page-background-enabled":"default","ast-page-background-meta":{"desktop":{"background-color":"var(--ast-global-color-4)","background-image":"","background-repeat":"repeat","background-position":"center center","background-size":"auto","background-attachment":"scroll","background-type":"","background-media":"","overlay-type":"","overlay-color":"","overlay-opacity":"","overlay-gradient":""},"tablet":{"background-color":"","background-image":"","background-repeat":"repeat","background-position":"center center","background-size":"auto","background-attachment":"scroll","background-type":"","background-media":"","overlay-type":"","overlay-color":"","overlay-opacity":"","overlay-gradient":""},"mobile":{"background-color":"","background-image":"","background-repeat":"repeat","background-position":"center center","background-size":"auto","background-attachment":"scroll","background-type":"","background-media":"","overlay-type":"","overlay-color":"","overlay-opacity":"","overlay-gradient":""}},"ast-content-background-meta":{"desktop":{"background-color":"var(--ast-global-color-5)","background-image":"","background-repeat":"repeat","background-position":"center center","background-size":"auto","background-attachment":"scroll","background-type":"","background-media":"","overlay-type":"","overlay-color":"","overlay-opacity":"","overlay-gradient":""},"tablet":{"background-color":"var(--ast-global-color-5)","background-image":"","background-repeat":"repeat","background-position":"center center","background-size":"auto","background-attachment":"scroll","background-type":"","background-media":"","overlay-type":"","overlay-color":"","overlay-opacity":"","overlay-gradient":""},"mobile":{"background-color":"var(--ast-global-color-5)","background-image":"","background-repeat":"repeat","background-position":"center center","background-size":"auto","background-attachment":"scroll","background-type":"","background-media":"","overlay-type":"","overlay-color":"","overlay-opacity":"","overlay-gradient":""}},"footnotes":""},"class_list":["post-5275","page","type-page","status-publish","hentry"],"aioseo_notices":[],"jetpack_sharing_enabled":true,"_links":{"self":[{"href":"https:\/\/codexvirtualis.fr\/codex\/wp-json\/wp\/v2\/pages\/5275","targetHints":{"allow":["GET"]}}],"collection":[{"href":"https:\/\/codexvirtualis.fr\/codex\/wp-json\/wp\/v2\/pages"}],"about":[{"href":"https:\/\/codexvirtualis.fr\/codex\/wp-json\/wp\/v2\/types\/page"}],"author":[{"embeddable":true,"href":"https:\/\/codexvirtualis.fr\/codex\/wp-json\/wp\/v2\/users\/2"}],"replies":[{"embeddable":true,"href":"https:\/\/codexvirtualis.fr\/codex\/wp-json\/wp\/v2\/comments?post=5275"}],"version-history":[{"count":31,"href":"https:\/\/codexvirtualis.fr\/codex\/wp-json\/wp\/v2\/pages\/5275\/revisions"}],"predecessor-version":[{"id":5374,"href":"https:\/\/codexvirtualis.fr\/codex\/wp-json\/wp\/v2\/pages\/5275\/revisions\/5374"}],"up":[{"embeddable":true,"href":"https:\/\/codexvirtualis.fr\/codex\/wp-json\/wp\/v2\/pages\/3894"}],"wp:attachment":[{"href":"https:\/\/codexvirtualis.fr\/codex\/wp-json\/wp\/v2\/media?parent=5275"}],"curies":[{"name":"wp","href":"https:\/\/api.w.org\/{rel}","templated":true}]}}