{"id":5211,"date":"2013-08-17T18:25:30","date_gmt":"2013-08-17T16:25:30","guid":{"rendered":"http:\/\/codexvirtualis.fr\/codex\/?page_id=5211"},"modified":"2013-08-18T17:40:38","modified_gmt":"2013-08-18T15:40:38","slug":"strepsipteres","status":"publish","type":"page","link":"https:\/\/codexvirtualis.fr\/codex\/cabinet-de-curiosites-virtuel\/de-lidentification-des-animaux\/quel-insecte\/strepsipteres","title":{"rendered":"Les Strepsipt\u00e8res"},"content":{"rendered":"<p> &nbsp; <\/p>\n<p><em>\u00c9tymologiquement, le terme Strepsipt\u00e8re d\u00e9rive de \u00ab\u00a0strepsis\u00a0\u00bb signifiant \u00ab\u00a0torsion\u00a0\u00bb et de \u00ab\u00a0pteron\u00a0\u00bb signifiant \u00ab\u00a0aile\u00a0\u00bb. Il est une r\u00e9f\u00e9rence aux ailes ant\u00e9rieures tordues et en massue que poss\u00e8dent les repr\u00e9sentants de ce groupe.<\/em><\/p>\n<p> &nbsp; <\/p>\n<p>Le taxon des Strepsipt\u00e8res comporte environ 600 esp\u00e8ces.<\/p>\n<p>Au stade adulte, les femelles sont le plus souvent parasites d&rsquo;Insectes alors que les m\u00e2les sont libres. Leur r\u00e9gion ant\u00e9rieure fait saillie \u00e0 travers les membranes articulaires reliant les segments corporels.<br \/>\nG\u00e9n\u00e9ralement, la pr\u00e9sence de ces parasites perturbe la reproduction de l\u2019h\u00f4te et provoque une inversion des sexes.<\/p>\n<p> &nbsp; <\/p>\n<h2>Caract\u00e9ristiques morphologiques<\/h2>\n<p>Parmi les Strepsipt\u00e8res courants figurent les Xylops. Leurs faibles dimensions (longueur de l&rsquo;ordre de 2 \u00e0 4\u00a0mm pour la forme libre) leur permet de passer inaper\u00e7us, sauf si une attention particuli\u00e8re leur est port\u00e9e.<\/p>\n<p> &nbsp; <\/p>\n<figure style=\"width: 300px\" class=\"wp-caption alignnone\"><a rel=\"lightbox\" href=\"\/documents\/images\/ordres_insectes\/poliste01-09_bis-WEB.jpg\" target=\"_blank\"><img decoding=\"async\" class=\" \" title=\"Xylops parasitant un Hym\u00e9nopt\u00e8re (femelle \u2013 Strepsipt\u00e8re)\" src=\"\/documents\/images\/ordres_insectes\/poliste01-09_bis-WEB.jpg\" alt=\"Xylops\" width=\"300\"\/><\/a><figcaption class=\"wp-caption-text\">Xylops parasitant un Hym\u00e9nopt\u00e8re (femelle \u2013 Strepsipt\u00e8re)<\/figcaption><\/figure>\n<p> &nbsp; <\/p>\n<p style=\"text-align: right;\"><a rel=\"lightbox\" href=\"\/documents\/images\/ordres_insectes\/poliste01-09_bis_legende-WEB.jpg\" target=\"_blank\">voir l&rsquo;image l\u00e9gend\u00e9e<\/a><\/p>\n<p> &nbsp; <\/p>\n<p>Il existe un important dimorphisme sexuel entre la femelle parasite et le m\u00e2le libre.<\/p>\n<p>Alors que le corps du m\u00e2le poss\u00e8de l&rsquo;organisation classique d\u2019un Insecte, de couleur brune, le corps de la femelle est vermiforme, d\u00e9pourvu d\u2019yeux compos\u00e9s, d\u2019antennes, de pattes et demeure entour\u00e9 de la derni\u00e8re exuvie larvaire.<\/p>\n<p>La t\u00eate du m\u00e2le porte une paire d&rsquo;antennes volumineuses et des yeux compos\u00e9s saillants. Les pi\u00e8ces buccales sont de type broyeur mais r\u00e9duites.<\/p>\n<p>Son thorax est constitu\u00e9 d\u2019un prothorax et d\u2019un m\u00e9sothorax r\u00e9duits, le m\u00e9tathorax \u00e9tant bien d\u00e9velopp\u00e9 et pouvant repr\u00e9senter la moiti\u00e9 de la longueur du corps.<br \/>\nIl est muni de deux paires d&rsquo;ailes, la premi\u00e8re \u00e9tant modifi\u00e9e en halt\u00e8res et la seconde large et membraneuse mais \u00e0 nervation r\u00e9duite.<\/p>\n<p>L&rsquo;abdomen ne pr\u00e9sente pas de caract\u00e8re notable.<\/p>\n<p> &nbsp; <\/p>\n<h2>Cycle de vie<\/h2>\n<p>Les m\u00e2les adultes \u00e9mergent alors que leur h\u00f4te est en vol. Ils recherchent d\u00e8s lors  une femelle notamment gr\u00e2ce \u00e0 leurs antennes.<\/p>\n<p>Apr\u00e8s l&rsquo;accouplement, les \u0153ufs r\u00e9alisent leur d\u00e9veloppement dans le corps de la femelle.<br \/>\nLeur \u00e9closion lib\u00e8re des larves de premier stade se d\u00e9pla\u00e7ant vers le t\u00e9gument de l\u2019h\u00f4te. Elles passent dans un autre h\u00f4te, probablement via les fleurs, puis dans une larve h\u00f4te.<br \/>\nL\u00e0, elles subissent une mue les transformant en forme apode. Elles s&rsquo;alimentent \u00e0 partir de l\u2019h\u00e9molymphe de leur h\u00f4te.<br \/>\nElles r\u00e9alisent leur mue imaginale peu apr\u00e8s la transformation de la larve h\u00f4te en imago.<\/p>\n<p>Le d\u00e9veloppement post-embryonnaire fait intervenir jusqu&rsquo;\u00e0 quatre stades larvaires, et dans le cas du m\u00e2le, un puparium est form\u00e9 sugg\u00e9rant l&rsquo;existence d&rsquo;une forme nymphale.<\/p>\n<p>Bien que tr\u00e8s modifi\u00e9 en relation avec le mode de vie parasitaire, le cycle de vie des Strepsipt\u00e8res pr\u00e9sente des caract\u00e9ristiques qui permettent de les qualifier d&rsquo;Insectes holom\u00e9taboles (larve et m\u00e9tamorphose) et endopt\u00e9rygotes (\u00e9bauches d&rsquo;ailes internes).<\/p>\n<p> &nbsp; <\/p>\n<hr \/>\n","protected":false},"excerpt":{"rendered":"<p>&nbsp; \u00c9tymologiquement, le terme Strepsipt\u00e8re d\u00e9rive de \u00ab\u00a0strepsis\u00a0\u00bb signifiant \u00ab\u00a0torsion\u00a0\u00bb et de \u00ab\u00a0pteron\u00a0\u00bb signifiant \u00ab\u00a0aile\u00a0\u00bb. Il est une r\u00e9f\u00e9rence aux ailes ant\u00e9rieures tordues et en massue que poss\u00e8dent les repr\u00e9sentants de ce groupe. &nbsp; Le taxon des Strepsipt\u00e8res comporte environ 600 esp\u00e8ces. Au stade adulte, les femelles sont le plus souvent parasites d&rsquo;Insectes alors que [&hellip;]<\/p>\n","protected":false},"author":2,"featured_media":0,"parent":5386,"menu_order":9,"comment_status":"closed","ping_status":"closed","template":"","meta":{"site-sidebar-layout":"default","site-content-layout":"","ast-site-content-layout":"default","site-content-style":"default","site-sidebar-style":"default","ast-global-header-display":"","ast-banner-title-visibility":"","ast-main-header-display":"","ast-hfb-above-header-display":"","ast-hfb-below-header-display":"","ast-hfb-mobile-header-display":"","site-post-title":"","ast-breadcrumbs-content":"","ast-featured-img":"","footer-sml-layout":"","ast-disable-related-posts":"","theme-transparent-header-meta":"","adv-header-id-meta":"","stick-header-meta":"","header-above-stick-meta":"","header-main-stick-meta":"","header-below-stick-meta":"","astra-migrate-meta-layouts":"default","ast-page-background-enabled":"default","ast-page-background-meta":{"desktop":{"background-color":"var(--ast-global-color-4)","background-image":"","background-repeat":"repeat","background-position":"center center","background-size":"auto","background-attachment":"scroll","background-type":"","background-media":"","overlay-type":"","overlay-color":"","overlay-opacity":"","overlay-gradient":""},"tablet":{"background-color":"","background-image":"","background-repeat":"repeat","background-position":"center center","background-size":"auto","background-attachment":"scroll","background-type":"","background-media":"","overlay-type":"","overlay-color":"","overlay-opacity":"","overlay-gradient":""},"mobile":{"background-color":"","background-image":"","background-repeat":"repeat","background-position":"center center","background-size":"auto","background-attachment":"scroll","background-type":"","background-media":"","overlay-type":"","overlay-color":"","overlay-opacity":"","overlay-gradient":""}},"ast-content-background-meta":{"desktop":{"background-color":"var(--ast-global-color-5)","background-image":"","background-repeat":"repeat","background-position":"center center","background-size":"auto","background-attachment":"scroll","background-type":"","background-media":"","overlay-type":"","overlay-color":"","overlay-opacity":"","overlay-gradient":""},"tablet":{"background-color":"var(--ast-global-color-5)","background-image":"","background-repeat":"repeat","background-position":"center center","background-size":"auto","background-attachment":"scroll","background-type":"","background-media":"","overlay-type":"","overlay-color":"","overlay-opacity":"","overlay-gradient":""},"mobile":{"background-color":"var(--ast-global-color-5)","background-image":"","background-repeat":"repeat","background-position":"center center","background-size":"auto","background-attachment":"scroll","background-type":"","background-media":"","overlay-type":"","overlay-color":"","overlay-opacity":"","overlay-gradient":""}},"footnotes":""},"class_list":["post-5211","page","type-page","status-publish","hentry"],"aioseo_notices":[],"jetpack_sharing_enabled":true,"_links":{"self":[{"href":"https:\/\/codexvirtualis.fr\/codex\/wp-json\/wp\/v2\/pages\/5211","targetHints":{"allow":["GET"]}}],"collection":[{"href":"https:\/\/codexvirtualis.fr\/codex\/wp-json\/wp\/v2\/pages"}],"about":[{"href":"https:\/\/codexvirtualis.fr\/codex\/wp-json\/wp\/v2\/types\/page"}],"author":[{"embeddable":true,"href":"https:\/\/codexvirtualis.fr\/codex\/wp-json\/wp\/v2\/users\/2"}],"replies":[{"embeddable":true,"href":"https:\/\/codexvirtualis.fr\/codex\/wp-json\/wp\/v2\/comments?post=5211"}],"version-history":[{"count":4,"href":"https:\/\/codexvirtualis.fr\/codex\/wp-json\/wp\/v2\/pages\/5211\/revisions"}],"predecessor-version":[{"id":5215,"href":"https:\/\/codexvirtualis.fr\/codex\/wp-json\/wp\/v2\/pages\/5211\/revisions\/5215"}],"up":[{"embeddable":true,"href":"https:\/\/codexvirtualis.fr\/codex\/wp-json\/wp\/v2\/pages\/5386"}],"wp:attachment":[{"href":"https:\/\/codexvirtualis.fr\/codex\/wp-json\/wp\/v2\/media?parent=5211"}],"curies":[{"name":"wp","href":"https:\/\/api.w.org\/{rel}","templated":true}]}}