{"id":5205,"date":"2013-08-17T18:21:26","date_gmt":"2013-08-17T16:21:26","guid":{"rendered":"http:\/\/codexvirtualis.fr\/codex\/?page_id=5205"},"modified":"2019-04-21T14:38:49","modified_gmt":"2019-04-21T12:38:49","slug":"orthopteres","status":"publish","type":"page","link":"https:\/\/codexvirtualis.fr\/codex\/cabinet-de-curiosites-virtuel\/de-lidentification-des-animaux\/quel-insecte\/orthopteres","title":{"rendered":"Les Orthopt\u00e8res"},"content":{"rendered":"<p> &nbsp; <\/p>\n<p><em>\u00c9tymologiquement, le terme Orthopt\u00e8re d\u00e9rive de \u00ab ortho \u00bb signifiant \u00ab droite, rigide \u00bb et \u00ab pteron \u00bb signifiant \u00ab aile \u00bb. Il est une r\u00e9f\u00e9rence aux ailes ant\u00e9rieures transform\u00e9es en \u00e9lytres dans le groupe.<\/em><\/p>\n<p> &nbsp; <\/p>\n<p>Le taxon des Orthopt\u00e8res comporte environ 20 000 esp\u00e8ces.<\/p>\n<p>Il s&rsquo;agit d&rsquo;Insectes se d\u00e9pla\u00e7ant le plus souvent par sauts.<br \/>\nChanteurs, ils \u00e9mettent des sons par stridulation, c&rsquo;est \u00e0 dire par frottement d&rsquo;un archet dent\u00e9 sur une ar\u00eate des ailes.<\/p>\n<p> &nbsp; <\/p>\n<h2>Caract\u00e9ristiques morphologiques<\/h2>\n<p>Parmi les Orthopt\u00e8res commun\u00e9ment observ\u00e9s figurent les Criquets, les Grillons et les Sauterelles.<\/p>\n<p> &nbsp; <\/p>\n<figure style=\"width: 300px\" class=\"wp-caption alignnone\"><a rel=\"lightbox noopener noreferrer\" href=\"\/documents\/images\/ordres_insectes\/criquet604_10bis-WEB.jpg\" target=\"_blank\"><img decoding=\"async\" class=\"\" title=\"Criquet (femelle, Caelif\u00e8re - Orthopt\u00e8re)\" src=\"\/documents\/images\/ordres_insectes\/criquet604_10bis-WEB.jpg\" alt=\"Criquet\" width=\"300\"\/><\/a><figcaption class=\"wp-caption-text\">Criquet (femelle,<br \/>\nCaelif\u00e8re - Orthopt\u00e8re)<\/figcaption><\/figure>\n<p> &nbsp; <\/p>\n<p style=\"text-align: right;\"><a rel=\"lightbox noopener noreferrer\" href=\"\/documents\/images\/ordres_insectes\/criquet604_10bis_legende-WEB.jpg\" target=\"_blank\">Voir l&rsquo;image l\u00e9gend\u00e9e<\/a><\/p>\n<p> &nbsp; <\/p>\n<p>De mani\u00e8re g\u00e9n\u00e9rale, leur corps est robuste et sa longueur est tr\u00e8s variable avec les esp\u00e8ces, dans une fourchette s&rsquo;\u00e9tendant de 5 mm \u00e0 15 cm.<\/p>\n<p>Leur t\u00eate est volumineuse et arrondie, mais pr\u00e9sente une face verticale.<br \/>\nElle porte une paires d&rsquo;antennes, deux grands yeux compos\u00e9s globuleux lat\u00e9raux et deux ou trois yeux simples appel\u00e9s ocelles.<br \/>\nLes pi\u00e8ces buccales sont de type broyeur et comportent notamment de puissantes mandibules.<\/p>\n<p>Plus post\u00e9rieur, le thorax est recouvert dorsalement d&rsquo;un bouclier appel\u00e9 pronotum.<br \/>\nIl porte deux paires d&rsquo;ailes, parfois r\u00e9duites ; les ailes ant\u00e9rieures sont g\u00e9n\u00e9ralement \u00e9paisses et rigides et prennent le nom d&rsquo;\u00e9lytres alors que les ailes post\u00e9rieures, de grande surface, sont membraneuses et fines, repli\u00e9es sous les premi\u00e8res au repos.<br \/>\nVentralement, il poss\u00e8de trois paires de pattes bien d\u00e9velopp\u00e9es et munies de griffes. Les pattes post\u00e9rieures sont dilat\u00e9es et adapt\u00e9es au saut.<\/p>\n<p>L&rsquo;abdomen terminal est cylindrique.<br \/>\nDes cerques plus ou moins longs sont pr\u00e9sents \u00e0 son extr\u00e9mit\u00e9 ainsi que des pi\u00e8ces g\u00e9nitales ou g\u00e9nitalia. Partiellement masqu\u00e9es chez le m\u00e2le, elles prennent chez la femelle la forme d&rsquo;un ovipositeur, organe de ponte bien visible.<\/p>\n<p> &nbsp; <\/p>\n<h2>Diversit\u00e9<\/h2>\n<table>\n<tbody>\n<tr>\n<td><strong>Ensif\u00e8res<\/strong><\/td>\n<td><strong>Caelif\u00e8res<\/strong><\/td>\n<\/tr>\n<tr>\n<td>Grillons, Sauterelles<\/td>\n<td>Criquets<\/td>\n<\/tr>\n<tr>\n<td><em>\u00e9tymologie : ovipositeur en forme de sabre<\/em><\/td>\n<td><\/td>\n<\/tr>\n<tr>\n<td>antennes longues<\/td>\n<td>antennes courtes<\/td>\n<\/tr>\n<tr>\n<td>chant sp\u00e9cifique du m\u00e2le<\/td>\n<td>chant souvent pratiqu\u00e9 par les deux sexes<\/td>\n<\/tr>\n<tr>\n<td>archet de stridulation localis\u00e9 sur les ailes<\/td>\n<td>archet de stridulation localis\u00e9 sur les pattes<\/td>\n<\/tr>\n<tr>\n<td>membrane auditive abdominale<\/td>\n<td>membrane auditive sur les pattes<\/td>\n<\/tr>\n<tr>\n<td>ovipositeur form\u00e9 de 6 pi\u00e8ces<\/td>\n<td>ovipositeur form\u00e9 de 4 pi\u00e8ces<\/td>\n<\/tr>\n<tr>\n<td>r\u00e9gime alimentaire v\u00e9g\u00e9tal et animal<\/td>\n<td>r\u00e9gime alimentaire v\u00e9g\u00e9tal<\/td>\n<\/tr>\n<\/tbody>\n<\/table>\n<p> &nbsp; <\/p>\n<h2>Cycle de vie<\/h2>\n<p>La dur\u00e9e de vie des Orthopt\u00e8res varie de un \u00e0 deux ans selon les esp\u00e8ces.<\/p>\n<p>Apr\u00e8s l&rsquo;accouplement, la femelle d\u00e9pose ses \u0153ufs dans le sol ou dans un v\u00e9g\u00e9tal gr\u00e2ce \u00e0 son ovipositeur.<\/p>\n<p>Au terme du d\u00e9veloppement embryonnaire, l&rsquo;\u00e9closion lib\u00e8re des individus juv\u00e9niles peu diff\u00e9rents des adultes, mais immatures sexuellement.<br \/>\nLe d\u00e9veloppement post-embryonnaire consiste en une succession de stades s\u00e9par\u00e9s par des mues dont le nombre peut s&rsquo;\u00e9lever \u00e0 dix.<br \/>\nCes derni\u00e8res permettent l&rsquo;apparition et la croissance progressive des ailes, sous forme d&rsquo;\u00e9bauches externes appel\u00e9es fourreaux alaires.<br \/>\nLes Orthopt\u00e8res sont en cons\u00e9quence dits exopt\u00e9rygotes.<\/p>\n<p>L&rsquo;imago \u00e9merge \u00e0 la faveur de la derni\u00e8re mue, imaginale.<\/p>\n<p>Dans le cas des cycles de vie d&rsquo;un an, l&rsquo;imago meurt \u00e0 l&rsquo;automne et les \u0153\u009cufs survivent \u00e0 l&rsquo;hiver alors que dans le cas des cycles de vie de deux ans, ce sont les juv\u00e9niles qui passent l&rsquo;hiver.<\/p>\n<p>Le cycle de vie des Orthopt\u00e8res ne comporte pas de larve ni de m\u00e9tamorphose. Ces Insectes sont dits h\u00e9t\u00e9rom\u00e9taboles paurom\u00e9taboles.<\/p>\n<p> &nbsp; <\/p>\n<hr \/>\n","protected":false},"excerpt":{"rendered":"<p>&nbsp; \u00c9tymologiquement, le terme Orthopt\u00e8re d\u00e9rive de \u00ab ortho \u00bb signifiant \u00ab droite, rigide \u00bb et \u00ab pteron \u00bb signifiant \u00ab aile \u00bb. Il est une r\u00e9f\u00e9rence aux ailes ant\u00e9rieures transform\u00e9es en \u00e9lytres dans le groupe. &nbsp; Le taxon des Orthopt\u00e8res comporte environ 20 000 esp\u00e8ces. Il s&rsquo;agit d&rsquo;Insectes se d\u00e9pla\u00e7ant le plus souvent par [&hellip;]<\/p>\n","protected":false},"author":2,"featured_media":0,"parent":5386,"menu_order":5,"comment_status":"closed","ping_status":"closed","template":"","meta":{"site-sidebar-layout":"default","site-content-layout":"","ast-site-content-layout":"default","site-content-style":"default","site-sidebar-style":"default","ast-global-header-display":"","ast-banner-title-visibility":"","ast-main-header-display":"","ast-hfb-above-header-display":"","ast-hfb-below-header-display":"","ast-hfb-mobile-header-display":"","site-post-title":"","ast-breadcrumbs-content":"","ast-featured-img":"","footer-sml-layout":"","ast-disable-related-posts":"","theme-transparent-header-meta":"","adv-header-id-meta":"","stick-header-meta":"","header-above-stick-meta":"","header-main-stick-meta":"","header-below-stick-meta":"","astra-migrate-meta-layouts":"default","ast-page-background-enabled":"default","ast-page-background-meta":{"desktop":{"background-color":"var(--ast-global-color-4)","background-image":"","background-repeat":"repeat","background-position":"center center","background-size":"auto","background-attachment":"scroll","background-type":"","background-media":"","overlay-type":"","overlay-color":"","overlay-opacity":"","overlay-gradient":""},"tablet":{"background-color":"","background-image":"","background-repeat":"repeat","background-position":"center center","background-size":"auto","background-attachment":"scroll","background-type":"","background-media":"","overlay-type":"","overlay-color":"","overlay-opacity":"","overlay-gradient":""},"mobile":{"background-color":"","background-image":"","background-repeat":"repeat","background-position":"center center","background-size":"auto","background-attachment":"scroll","background-type":"","background-media":"","overlay-type":"","overlay-color":"","overlay-opacity":"","overlay-gradient":""}},"ast-content-background-meta":{"desktop":{"background-color":"var(--ast-global-color-5)","background-image":"","background-repeat":"repeat","background-position":"center center","background-size":"auto","background-attachment":"scroll","background-type":"","background-media":"","overlay-type":"","overlay-color":"","overlay-opacity":"","overlay-gradient":""},"tablet":{"background-color":"var(--ast-global-color-5)","background-image":"","background-repeat":"repeat","background-position":"center center","background-size":"auto","background-attachment":"scroll","background-type":"","background-media":"","overlay-type":"","overlay-color":"","overlay-opacity":"","overlay-gradient":""},"mobile":{"background-color":"var(--ast-global-color-5)","background-image":"","background-repeat":"repeat","background-position":"center center","background-size":"auto","background-attachment":"scroll","background-type":"","background-media":"","overlay-type":"","overlay-color":"","overlay-opacity":"","overlay-gradient":""}},"footnotes":""},"class_list":["post-5205","page","type-page","status-publish","hentry"],"aioseo_notices":[],"jetpack_sharing_enabled":true,"_links":{"self":[{"href":"https:\/\/codexvirtualis.fr\/codex\/wp-json\/wp\/v2\/pages\/5205","targetHints":{"allow":["GET"]}}],"collection":[{"href":"https:\/\/codexvirtualis.fr\/codex\/wp-json\/wp\/v2\/pages"}],"about":[{"href":"https:\/\/codexvirtualis.fr\/codex\/wp-json\/wp\/v2\/types\/page"}],"author":[{"embeddable":true,"href":"https:\/\/codexvirtualis.fr\/codex\/wp-json\/wp\/v2\/users\/2"}],"replies":[{"embeddable":true,"href":"https:\/\/codexvirtualis.fr\/codex\/wp-json\/wp\/v2\/comments?post=5205"}],"version-history":[{"count":6,"href":"https:\/\/codexvirtualis.fr\/codex\/wp-json\/wp\/v2\/pages\/5205\/revisions"}],"predecessor-version":[{"id":11954,"href":"https:\/\/codexvirtualis.fr\/codex\/wp-json\/wp\/v2\/pages\/5205\/revisions\/11954"}],"up":[{"embeddable":true,"href":"https:\/\/codexvirtualis.fr\/codex\/wp-json\/wp\/v2\/pages\/5386"}],"wp:attachment":[{"href":"https:\/\/codexvirtualis.fr\/codex\/wp-json\/wp\/v2\/media?parent=5205"}],"curies":[{"name":"wp","href":"https:\/\/api.w.org\/{rel}","templated":true}]}}