{"id":5191,"date":"2013-08-17T18:27:35","date_gmt":"2013-08-17T16:27:35","guid":{"rendered":"http:\/\/codexvirtualis.fr\/codex\/?page_id=5191"},"modified":"2013-08-18T17:42:22","modified_gmt":"2013-08-18T15:42:22","slug":"nevropteres","status":"publish","type":"page","link":"https:\/\/codexvirtualis.fr\/codex\/cabinet-de-curiosites-virtuel\/de-lidentification-des-animaux\/quel-insecte\/nevropteres","title":{"rendered":"Les N\u00e9vropt\u00e8res"},"content":{"rendered":"<p> &nbsp; <\/p>\n<p><em>\u00c9tymologiquement, le terme N\u00e9vropt\u00e8re provient de \u00ab\u00a0neuron\u00a0\u00bb signifiant \u00ab\u00a0nervure,\u00a0\u00bb et de \u00ab\u00a0pteron\u00a0\u00bb signifiant \u00ab\u00a0aile\u00a0\u00bb. Il est une r\u00e9f\u00e9rence au r\u00e9seau de nervures des ailes des repr\u00e9sentants du groupe.<\/em><\/p>\n<p> &nbsp; <\/p>\n<p>Le taxon des N\u00e9vropt\u00e8res compte environ 6\u00a0000 esp\u00e8ces.<\/p>\n<p>Ces Insectes dont le vol est g\u00e9n\u00e9ralement assez maladroit sont des pr\u00e9dateurs se nourrissant en particulier de Pucerons.<\/p>\n<p> &nbsp; <\/p>\n<h2>Caract\u00e9ristiques morphologiques<\/h2>\n<p>Les Chrysopes et les Ascalaphes sont des N\u00e9vropt\u00e8res assez courants.<\/p>\n<p> &nbsp; <\/p>\n<figure style=\"width: 300px\" class=\"wp-caption alignnone\"><a rel=\"lightbox\" href=\"\/documents\/images\/ordres_insectes\/chrysope02_11bis-WEB.jpg\" target=\"_blank\"><img decoding=\"async\" class=\" \" title=\"Chrysope (N\u00e9vropt\u00e8re)\" src=\"\/documents\/images\/ordres_insectes\/chrysope02_11bis-WEB.jpg\" alt=\"Chrysope\" width=\"300\" \/><\/a><figcaption class=\"wp-caption-text\">Chrysope (N\u00e9vropt\u00e8re)<\/figcaption><\/figure>\n<p> &nbsp; <\/p>\n<p style=\"text-align: right;\"><a rel=\"lightbox\" href=\"\/documents\/images\/ordres_insectes\/chrysope02_11bis_legende-WEB.jpg\" target=\"_blank\">voir l&rsquo;image l\u00e9gend\u00e9e<\/a><\/p>\n<p> &nbsp; <\/p>\n<p>D&rsquo;une envergure variant de 3\u00a0mm \u00e0 plus de 10\u00a0cm selon les esp\u00e8ces, ces Insectes sont caract\u00e9ris\u00e9s par un corps mou, de coloration g\u00e9n\u00e9ralement verte ou brune.<\/p>\n<p>\u00c0 l&rsquo;avant, la t\u00eate poss\u00e8de de longues et fines antennes ainsi que deux yeux compos\u00e9s de grande taille et parfois des ocelles.<br \/>\nLes pi\u00e8ces buccales sont de type broyeur.<\/p>\n<p>Le thorax est constitu\u00e9 d\u2019un prothorax effil\u00e9 \u00e0 l\u2019avant, formant une sorte de cou en arri\u00e8re  de la t\u00eate, puis d\u2019un m\u00e9sothorax et d\u2019un m\u00e9tathorax bien d\u00e9velopp\u00e9s portant chacun une paire d\u2019ailes membraneuses. Des nervures ramifi\u00e9es les parcourent, dessinant un fin r\u00e9seau.<br \/>\nAiles ant\u00e9rieures et post\u00e9rieures sont semblables et coupl\u00e9es l&rsquo;une \u00e0 l&rsquo;autre d&rsquo;un m\u00eame c\u00f4t\u00e9. Au repos, les ailes sont plac\u00e9es en toit au-dessus du corps.<\/p>\n<p>L&rsquo;abdomen, post\u00e9rieur, ne pr\u00e9sente pas de caract\u00e8re notable.<\/p>\n<p> &nbsp; <\/p>\n<h2>Diversit\u00e9<\/h2>\n<table>\n<tr>\n<td>Familles<\/td>\n<td>Exemples<\/td>\n<td>Caract\u00e8res<\/td>\n<\/tr>\n<tr>\n<td>Chrysopid\u00e9s<\/td>\n<td>Chrysope<\/td>\n<td>vertes ou brunes<br \/>\nyeux \u00e0 reflets m\u00e9talliques<\/td>\n<\/tr>\n<tr>\n<td>Myrm\u00e9l\u00e9ontid\u00e9s<\/td>\n<td>Fourmilion<\/td>\n<td>antennes en massue<br \/>\nlarve \u00e9laborant un pi\u00e8ge dans le sable et capturant de petits Insectes<\/td>\n<\/tr>\n<tr>\n<td>Ascalaphid\u00e9s<\/td>\n<td>Ascalaphe<\/td>\n<td>antennes en massue<br \/>\nvol rapide<\/td>\n<\/tr>\n<tr>\n<td>Mantispid\u00e9s<\/td>\n<td>Mantispide<\/td>\n<td>pattes ant\u00e9rieures ravisseuses<\/td>\n<\/tr>\n<tr>\n<td>H\u00e9m\u00e9robiid\u00e9s<\/td>\n<td>H\u00e9m\u00e9robe<\/td>\n<td>petite taille<br \/>\nbruns ou gris\u00e2tres<\/td>\n<\/tr>\n<\/table>\n<p> &nbsp; <\/p>\n<h2>Cycle de vie<\/h2>\n<p>Dans nos r\u00e9gions, les N\u00e9vropt\u00e8res peuvent donner deux g\u00e9n\u00e9rations annuelles, estivale et automnale.<\/p>\n<p>Apr\u00e8s l&rsquo;accouplement, la femelle d\u00e9pose des \u0153ufs qui lib\u00e8rent \u00e0 l&rsquo;\u00e9closion des larves fusiformes, poss\u00e9dant trois paires de pattes bien d\u00e9velopp\u00e9es et un abdomen portant des soies.<br \/>\nLeurs pi\u00e8ces buccales sont de type suceur et elles se nourrissent de liquides d&rsquo;origine animale.<\/p>\n<p>Le d\u00e9veloppement post-embryonnaire comporte quatre stades larvaires successifs s\u00e9par\u00e9s par des mues larvaires, le dernier \u00e9tant qualifi\u00e9 de pr\u00e9-nymphal en raison de son inactivit\u00e9.<br \/>\nC&rsquo;est ce dernier stade qui passe l&rsquo;hiver pour la g\u00e9n\u00e9ration automnale.<\/p>\n<p>Un stade nymphal terrestre lui fait suite, issu d\u2019une mue larvo-nymphale. La nymphe est enclose dans un cocon de soie, \u00e9labor\u00e9e par des glandes abdominales.<\/p>\n<p>L&rsquo;imago \u00e9merge \u00e0 la faveur de la mue nympho-imaginale.<\/p>\n<p>Le cycle des N\u00e9vropt\u00e8res est caract\u00e9ris\u00e9 par une phase larvaire et une m\u00e9tamorphose intervenant pendant la p\u00e9riode nymphale. Ces Insectes sont dits holom\u00e9taboles.<br \/>\nLes ailes sont form\u00e9es pendant la phase larvaire et leurs \u00e9bauches sont internes. Il s&rsquo;agit d&rsquo;Insectes endopt\u00e9rygotes.<\/p>\n<p> &nbsp; <\/p>\n<hr \/>\n","protected":false},"excerpt":{"rendered":"<p>&nbsp; \u00c9tymologiquement, le terme N\u00e9vropt\u00e8re provient de \u00ab\u00a0neuron\u00a0\u00bb signifiant \u00ab\u00a0nervure,\u00a0\u00bb et de \u00ab\u00a0pteron\u00a0\u00bb signifiant \u00ab\u00a0aile\u00a0\u00bb. Il est une r\u00e9f\u00e9rence au r\u00e9seau de nervures des ailes des repr\u00e9sentants du groupe. &nbsp; Le taxon des N\u00e9vropt\u00e8res compte environ 6\u00a0000 esp\u00e8ces. Ces Insectes dont le vol est g\u00e9n\u00e9ralement assez maladroit sont des pr\u00e9dateurs se nourrissant en particulier de [&hellip;]<\/p>\n","protected":false},"author":2,"featured_media":0,"parent":5386,"menu_order":11,"comment_status":"closed","ping_status":"closed","template":"","meta":{"site-sidebar-layout":"default","site-content-layout":"","ast-site-content-layout":"default","site-content-style":"default","site-sidebar-style":"default","ast-global-header-display":"","ast-banner-title-visibility":"","ast-main-header-display":"","ast-hfb-above-header-display":"","ast-hfb-below-header-display":"","ast-hfb-mobile-header-display":"","site-post-title":"","ast-breadcrumbs-content":"","ast-featured-img":"","footer-sml-layout":"","ast-disable-related-posts":"","theme-transparent-header-meta":"","adv-header-id-meta":"","stick-header-meta":"","header-above-stick-meta":"","header-main-stick-meta":"","header-below-stick-meta":"","astra-migrate-meta-layouts":"default","ast-page-background-enabled":"default","ast-page-background-meta":{"desktop":{"background-color":"var(--ast-global-color-4)","background-image":"","background-repeat":"repeat","background-position":"center center","background-size":"auto","background-attachment":"scroll","background-type":"","background-media":"","overlay-type":"","overlay-color":"","overlay-opacity":"","overlay-gradient":""},"tablet":{"background-color":"","background-image":"","background-repeat":"repeat","background-position":"center center","background-size":"auto","background-attachment":"scroll","background-type":"","background-media":"","overlay-type":"","overlay-color":"","overlay-opacity":"","overlay-gradient":""},"mobile":{"background-color":"","background-image":"","background-repeat":"repeat","background-position":"center center","background-size":"auto","background-attachment":"scroll","background-type":"","background-media":"","overlay-type":"","overlay-color":"","overlay-opacity":"","overlay-gradient":""}},"ast-content-background-meta":{"desktop":{"background-color":"var(--ast-global-color-5)","background-image":"","background-repeat":"repeat","background-position":"center center","background-size":"auto","background-attachment":"scroll","background-type":"","background-media":"","overlay-type":"","overlay-color":"","overlay-opacity":"","overlay-gradient":""},"tablet":{"background-color":"var(--ast-global-color-5)","background-image":"","background-repeat":"repeat","background-position":"center center","background-size":"auto","background-attachment":"scroll","background-type":"","background-media":"","overlay-type":"","overlay-color":"","overlay-opacity":"","overlay-gradient":""},"mobile":{"background-color":"var(--ast-global-color-5)","background-image":"","background-repeat":"repeat","background-position":"center center","background-size":"auto","background-attachment":"scroll","background-type":"","background-media":"","overlay-type":"","overlay-color":"","overlay-opacity":"","overlay-gradient":""}},"footnotes":""},"class_list":["post-5191","page","type-page","status-publish","hentry"],"aioseo_notices":[],"jetpack_sharing_enabled":true,"_links":{"self":[{"href":"https:\/\/codexvirtualis.fr\/codex\/wp-json\/wp\/v2\/pages\/5191","targetHints":{"allow":["GET"]}}],"collection":[{"href":"https:\/\/codexvirtualis.fr\/codex\/wp-json\/wp\/v2\/pages"}],"about":[{"href":"https:\/\/codexvirtualis.fr\/codex\/wp-json\/wp\/v2\/types\/page"}],"author":[{"embeddable":true,"href":"https:\/\/codexvirtualis.fr\/codex\/wp-json\/wp\/v2\/users\/2"}],"replies":[{"embeddable":true,"href":"https:\/\/codexvirtualis.fr\/codex\/wp-json\/wp\/v2\/comments?post=5191"}],"version-history":[{"count":4,"href":"https:\/\/codexvirtualis.fr\/codex\/wp-json\/wp\/v2\/pages\/5191\/revisions"}],"predecessor-version":[{"id":5196,"href":"https:\/\/codexvirtualis.fr\/codex\/wp-json\/wp\/v2\/pages\/5191\/revisions\/5196"}],"up":[{"embeddable":true,"href":"https:\/\/codexvirtualis.fr\/codex\/wp-json\/wp\/v2\/pages\/5386"}],"wp:attachment":[{"href":"https:\/\/codexvirtualis.fr\/codex\/wp-json\/wp\/v2\/media?parent=5191"}],"curies":[{"name":"wp","href":"https:\/\/api.w.org\/{rel}","templated":true}]}}