{"id":5174,"date":"2013-08-18T17:38:25","date_gmt":"2013-08-18T15:38:25","guid":{"rendered":"http:\/\/codexvirtualis.fr\/codex\/?page_id=5174"},"modified":"2013-08-18T17:38:59","modified_gmt":"2013-08-18T15:38:59","slug":"hemipteres","status":"publish","type":"page","link":"https:\/\/codexvirtualis.fr\/codex\/cabinet-de-curiosites-virtuel\/de-lidentification-des-animaux\/quel-insecte\/hemipteres","title":{"rendered":"Les H\u00e9mipt\u00e8res"},"content":{"rendered":"<p> &nbsp; <\/p>\n<p><em>\u00c9tymologiquement, le terme H\u00e9mipt\u00e8re d\u00e9rive de \u00ab hemisys \u00bb signifiant \u00ab moiti\u00e9 \u00bb et de \u00ab pteron \u00bb signifiant \u00ab aile \u00bb. Il est une r\u00e9f\u00e9rence \u00e0 la diff\u00e9rence entre les moiti\u00e9s ant\u00e9rieure et post\u00e9rieure de la premi\u00e8re paire d&rsquo;ailes qui au repos donne l&rsquo;impression que l&rsquo;Insecte poss\u00e8de des demi-ailes.<\/em><\/p>\n<p> &nbsp; <\/p>\n<p>Le taxon des H\u00e9mipt\u00e8res comporte 75 000 esp\u00e8ces environ.<\/p>\n<p>Elles pr\u00e9sentent une grande diversit\u00e9 de modes de vie (certaines sont par exemple libres alors que d&rsquo;autres sont parasites) et de milieux de vie (certaines sont ainsi terrestres alors que d&rsquo;autres sont aquatiques).<br \/>\nDe mani\u00e8re g\u00e9n\u00e9rale, les H\u00e9mipt\u00e8res se nourrissent d&rsquo;aliments liquides d&rsquo;origine v\u00e9g\u00e9tale ou animale, qu&rsquo;ils aspirent \u00e0 l&rsquo;aide d&rsquo;un rostre.<\/p>\n<p> &nbsp; <\/p>\n<h2>Caract\u00e9ristiques morphologiques<\/h2>\n<p>Parmi les H\u00e9mipt\u00e8res les plus courants figurent les Punaises et les Pucerons, mais Cigales et Cicadelles sont \u00e9galement des membres de ce groupe.<\/p>\n<p> &nbsp; <\/p>\n<figure style=\"width: 300px\" class=\"wp-caption alignnone\"><a rel=\"lightbox\" href=\"\/documents\/images\/ordres_insectes\/Dolycoris_baccarum_13_12_bis-WEB.jpg\" target=\"_blank\"><img decoding=\"async\" class=\"\" title=\"Punaise des baies (H\u00e9t\u00e9ropt\u00e8re - H\u00e9mipt\u00e8re)\" src=\"\/documents\/images\/ordres_insectes\/Dolycoris_baccarum_13_12_bis-WEB.jpg\" alt=\"Punaise des baies\" width=\"300\"\/><\/a><figcaption class=\"wp-caption-text\">Punaise des baies<br \/>\n(H\u00e9t\u00e9ropt\u00e8re - H\u00e9mipt\u00e8re)<\/figcaption><\/figure>\n<p> &nbsp; <\/p>\n<p style=\"text-align: right;\"><a rel=\"lightbox\" href=\"\/documents\/images\/ordres_insectes\/Dolycoris_baccarum_13_12_bis_legende-WEB.jpg\" target=\"_blank\">voir l&rsquo;image l\u00e9gend\u00e9e<\/a><\/p>\n<p> &nbsp; <\/p>\n<p>Il s&rsquo;agit d&rsquo;Insectes dont la longueur varie de 1 mm \u00e0 plusieurs cm, selon les esp\u00e8ces.<\/p>\n<p>\u00c0 l&rsquo;avant du corps, la t\u00eate porte de longues antennes form\u00e9es d&rsquo;un nombre d&rsquo;articles peu important et lat\u00e9ralement deux yeux compos\u00e9s. Des ocelles en nombre variable sont \u00e9galement pr\u00e9sents.<br \/>\nLes pi\u00e8ces buccales forment un appareil piqueur suceur appel\u00e9 rostre ; au repos il est maintenu sous le corps en position horizontale.<\/p>\n<p>En arri\u00e8re, le thorax est muni de deux paires d&rsquo;ailes pos\u00e9es en toit ou \u00e0 plat sur le corps au repos et \u00e0 nervation r\u00e9duite. Les ailes ant\u00e9rieures sont transform\u00e9es en \u00e9lytres \u00e0 des degr\u00e9s divers.<br \/>\nLe d\u00e9veloppement des ailes est cependant tr\u00e8s variable, il existe des formes macropt\u00e8res \u00e0 ailes bien d\u00e9velopp\u00e9es, des formes brachypt\u00e8res \u00e0 ailes courtes, des formes micropt\u00e8res \u00e0 ailes r\u00e9duites voire des formes apt\u00e8res d\u00e9pourvues d&rsquo;ailes.<\/p>\n<p>\u00c0 l&rsquo;arri\u00e8re du corps, l&rsquo;abdomen ne pr\u00e9sente pas de caract\u00e8re notable.<\/p>\n<p> &nbsp; <\/p>\n<h2>Diversit\u00e9<\/h2>\n<table>\n<tbody>\n<tr>\n<td><strong>Homopt\u00e8res<\/strong><br \/>\n(Sternorhynques et Auchenorhynques)<\/td>\n<td><strong>H\u00e9t\u00e9ropt\u00e8res<\/strong><\/td>\n<\/tr>\n<tr>\n<td>Pucerons, Cochenilles et Cigales, Cercopes<\/td>\n<td>Punaises<\/td>\n<\/tr>\n<tr>\n<td><em>\u00e9tymologie : ailes homog\u00e8ne<\/em>s<\/td>\n<td><em>\u00e9tymologie : ailes h\u00e9t\u00e9rog\u00e8nes<\/em><\/td>\n<\/tr>\n<tr>\n<td>corps cylindrique<\/td>\n<td>corps aplati avec prothorax, pronotum et scutellum bien d\u00e9velopp\u00e9s<\/td>\n<\/tr>\n<tr>\n<td>t\u00eate \u00e0 face verticale avec rostre ins\u00e9r\u00e9 dans la r\u00e9gion inf\u00e9rieure<\/td>\n<td>t\u00eate horizontale<\/td>\n<\/tr>\n<tr>\n<td>ailes ant\u00e9rieures homog\u00e8nes membraneuses ou rigides<\/td>\n<td>ailes ant\u00e9rieures \u00e0 moiti\u00e9 durcies (h\u00e9m\u00e9lytres)<\/td>\n<\/tr>\n<tr>\n<td>ailes dispos\u00e9es en toit au-dessus du corps au repos<\/td>\n<td>ailes dispos\u00e9es \u00e0 plat sur le corps au repos<\/td>\n<\/tr>\n<tr>\n<td>r\u00e9gime alimentaire v\u00e9g\u00e9tal<\/td>\n<td>r\u00e9gime alimentaire v\u00e9g\u00e9tal ou animal<\/td>\n<\/tr>\n<\/tbody>\n<\/table>\n<p> &nbsp; <\/p>\n<h2>Cycle de vie<\/h2>\n<p>Apr\u00e8s l&rsquo;accouplement, la femelle d\u00e9pose ses \u0153ufs souvent par petits groupes.<\/p>\n<p>\u00c0 la fin du d\u00e9veloppement embryonnaire, l&rsquo;\u00e9closion lib\u00e8re des individus juv\u00e9niles, semblables aux adultes en termes d&rsquo;organisation, de mode et de milieu de vie.<\/p>\n<p>Le d\u00e9veloppement post-embryonnaire comporte g\u00e9n\u00e9ralement entre trois et sept stades juv\u00e9niles s\u00e9par\u00e9s par des mues, au cours desquelles la taille des individus cro\u00eet et les \u00e9bauches d&rsquo;ailes, externes, se forment et s&rsquo;allongent.<\/p>\n<p>La derni\u00e8re mue, imaginale, permet l&rsquo;\u00e9mergence de l&rsquo;imago.<\/p>\n<p>Pour la plupart des esp\u00e8ces, le cycle de vie ne comporte pas de larve ni de m\u00e9tamorphose, elles peuvent en cons\u00e9quence \u00eatre qualifi\u00e9es d&rsquo;h\u00e9t\u00e9rom\u00e9taboles paurom\u00e9taboles.<br \/>\nToutefois, dans quelques cas comme celui des Cigales, les individus issus du d\u00e9veloppement embryonnaire ont un milieu de vie diff\u00e9rent de celui de l&rsquo;adulte et sont interpr\u00e9t\u00e9s comme des larves. Les esp\u00e8ces sont alors dites h\u00e9t\u00e9rom\u00e9taboles h\u00e9mim\u00e9taboles.<\/p>\n<p>Enfin, un mode de reproduction original n&rsquo;impliquant que des femelles est fr\u00e9quent chez les Pucerons. Il s&rsquo;agit de la parth\u00e9nogen\u00e8se, qui donne lieu \u00e0 des cycles de vie complexes.<\/p>\n<p> &nbsp; <\/p>\n<hr \/>\n","protected":false},"excerpt":{"rendered":"<p>&nbsp; \u00c9tymologiquement, le terme H\u00e9mipt\u00e8re d\u00e9rive de \u00ab hemisys \u00bb signifiant \u00ab moiti\u00e9 \u00bb et de \u00ab pteron \u00bb signifiant \u00ab aile \u00bb. Il est une r\u00e9f\u00e9rence \u00e0 la diff\u00e9rence entre les moiti\u00e9s ant\u00e9rieure et post\u00e9rieure de la premi\u00e8re paire d&rsquo;ailes qui au repos donne l&rsquo;impression que l&rsquo;Insecte poss\u00e8de des demi-ailes. &nbsp; Le taxon des [&hellip;]<\/p>\n","protected":false},"author":2,"featured_media":0,"parent":5386,"menu_order":7,"comment_status":"closed","ping_status":"closed","template":"","meta":{"site-sidebar-layout":"default","site-content-layout":"","ast-site-content-layout":"default","site-content-style":"default","site-sidebar-style":"default","ast-global-header-display":"","ast-banner-title-visibility":"","ast-main-header-display":"","ast-hfb-above-header-display":"","ast-hfb-below-header-display":"","ast-hfb-mobile-header-display":"","site-post-title":"","ast-breadcrumbs-content":"","ast-featured-img":"","footer-sml-layout":"","ast-disable-related-posts":"","theme-transparent-header-meta":"","adv-header-id-meta":"","stick-header-meta":"","header-above-stick-meta":"","header-main-stick-meta":"","header-below-stick-meta":"","astra-migrate-meta-layouts":"default","ast-page-background-enabled":"default","ast-page-background-meta":{"desktop":{"background-color":"var(--ast-global-color-4)","background-image":"","background-repeat":"repeat","background-position":"center center","background-size":"auto","background-attachment":"scroll","background-type":"","background-media":"","overlay-type":"","overlay-color":"","overlay-opacity":"","overlay-gradient":""},"tablet":{"background-color":"","background-image":"","background-repeat":"repeat","background-position":"center center","background-size":"auto","background-attachment":"scroll","background-type":"","background-media":"","overlay-type":"","overlay-color":"","overlay-opacity":"","overlay-gradient":""},"mobile":{"background-color":"","background-image":"","background-repeat":"repeat","background-position":"center center","background-size":"auto","background-attachment":"scroll","background-type":"","background-media":"","overlay-type":"","overlay-color":"","overlay-opacity":"","overlay-gradient":""}},"ast-content-background-meta":{"desktop":{"background-color":"var(--ast-global-color-5)","background-image":"","background-repeat":"repeat","background-position":"center center","background-size":"auto","background-attachment":"scroll","background-type":"","background-media":"","overlay-type":"","overlay-color":"","overlay-opacity":"","overlay-gradient":""},"tablet":{"background-color":"var(--ast-global-color-5)","background-image":"","background-repeat":"repeat","background-position":"center center","background-size":"auto","background-attachment":"scroll","background-type":"","background-media":"","overlay-type":"","overlay-color":"","overlay-opacity":"","overlay-gradient":""},"mobile":{"background-color":"var(--ast-global-color-5)","background-image":"","background-repeat":"repeat","background-position":"center center","background-size":"auto","background-attachment":"scroll","background-type":"","background-media":"","overlay-type":"","overlay-color":"","overlay-opacity":"","overlay-gradient":""}},"footnotes":""},"class_list":["post-5174","page","type-page","status-publish","hentry"],"aioseo_notices":[],"jetpack_sharing_enabled":true,"_links":{"self":[{"href":"https:\/\/codexvirtualis.fr\/codex\/wp-json\/wp\/v2\/pages\/5174","targetHints":{"allow":["GET"]}}],"collection":[{"href":"https:\/\/codexvirtualis.fr\/codex\/wp-json\/wp\/v2\/pages"}],"about":[{"href":"https:\/\/codexvirtualis.fr\/codex\/wp-json\/wp\/v2\/types\/page"}],"author":[{"embeddable":true,"href":"https:\/\/codexvirtualis.fr\/codex\/wp-json\/wp\/v2\/users\/2"}],"replies":[{"embeddable":true,"href":"https:\/\/codexvirtualis.fr\/codex\/wp-json\/wp\/v2\/comments?post=5174"}],"version-history":[{"count":2,"href":"https:\/\/codexvirtualis.fr\/codex\/wp-json\/wp\/v2\/pages\/5174\/revisions"}],"predecessor-version":[{"id":5177,"href":"https:\/\/codexvirtualis.fr\/codex\/wp-json\/wp\/v2\/pages\/5174\/revisions\/5177"}],"up":[{"embeddable":true,"href":"https:\/\/codexvirtualis.fr\/codex\/wp-json\/wp\/v2\/pages\/5386"}],"wp:attachment":[{"href":"https:\/\/codexvirtualis.fr\/codex\/wp-json\/wp\/v2\/media?parent=5174"}],"curies":[{"name":"wp","href":"https:\/\/api.w.org\/{rel}","templated":true}]}}