{"id":5160,"date":"2013-08-17T18:30:42","date_gmt":"2013-08-17T16:30:42","guid":{"rendered":"http:\/\/codexvirtualis.fr\/codex\/?page_id=5160"},"modified":"2013-08-18T17:46:19","modified_gmt":"2013-08-18T15:46:19","slug":"dipteres","status":"publish","type":"page","link":"https:\/\/codexvirtualis.fr\/codex\/cabinet-de-curiosites-virtuel\/de-lidentification-des-animaux\/quel-insecte\/dipteres","title":{"rendered":"Les Dipt\u00e8res"},"content":{"rendered":"<p> &nbsp; <\/p>\n<p><em>\u00c9tymologiquement, le terme Dipt\u00e8re provient de \u00ab\u00a0di\u00a0\u00bb signifiant \u00ab\u00a0deux\u00a0\u00bb et de \u00ab\u00a0pteron\u00a0\u00bb signifiant \u00ab\u00a0aile\u00a0\u00bb. Il fait r\u00e9f\u00e9rence \u00e0 la possession de deux ailes seulement par les membre de ce groupe.<\/em><\/p>\n<p> &nbsp; <\/p>\n<p>Le taxon des Dipt\u00e8res comporte environ 150\u00a0000 esp\u00e8ces.<\/p>\n<p>Bien que le r\u00e9gime alimentaire des adultes varie d\u2019une esp\u00e8ce \u00e0 l\u2019autre, il consiste en g\u00e9n\u00e9ral en des substances liquides (mati\u00e8res en d\u00e9composition, nectar, sang etc.).<\/p>\n<p> &nbsp; <\/p>\n<h2>Caract\u00e9ristiques morphologiques<\/h2>\n<p>Les Mouches, Taons, Moustiques et Tipules sont des repr\u00e9sentants des Dipt\u00e8res tr\u00e8s  fr\u00e9quemment rencontr\u00e9s.<\/p>\n<figure style=\"width: 300px\" class=\"wp-caption alignnone\"><a rel=\"lightbox\" href=\"\/documents\/images\/ordres_insectes\/tipule16_10_bis-WEB.jpg\" target=\"_blank\"><img decoding=\"async\" class=\" \" title=\"Tipule (N\u00e9matoc\u00e8re \u2013 Dipt\u00e8re)\" src=\"\/documents\/images\/ordres_insectes\/tipule16_10_bis-WEB.jpg\" alt=\"Tipule\" width=\"300\"\/><\/a><figcaption class=\"wp-caption-text\">Tipule (N\u00e9matoc\u00e8re \u2013 Dipt\u00e8re)<\/figcaption><\/figure>\n<p> &nbsp; <\/p>\n<p style=\"text-align: right;\"><a rel=\"lightbox\" href=\"\/documents\/images\/ordres_insectes\/tipule16_10_bis_legende-WEB.jpg\" target=\"_blank\">voir l&rsquo;image l\u00e9gend\u00e9e<\/a><\/p>\n<p> &nbsp; <\/p>\n<p>La longueur du corps varie de 2 \u00e0 30\u00a0mm selon les esp\u00e8ces.<\/p>\n<p>La t\u00eate est g\u00e9n\u00e9ralement de grande taille et orn\u00e9e de soies dont la localisation est sp\u00e9cifique.<br \/>\nElle porte des antennes variables selon le groupe (longues et filiformes, courtes et munies d\u2019un \u00e9peron ou d\u2019une soie).<br \/>\nDeux yeux compos\u00e9s tr\u00e8s d\u00e9velopp\u00e9s sont pr\u00e9sents lat\u00e9ralement ainsi que trois ocelles \u00e0 son sommet.<br \/>\nEn association avec le bouche, les pi\u00e8ces buccales sont de type suceur, et fr\u00e9quemment de type piqueur \u00e9galement.<\/p>\n<p>Le thorax est form\u00e9 de deux premiers segments r\u00e9duits \u00e0 des anneaux et d\u2019un troisi\u00e8me de grande taille, orn\u00e9 de soies dont la localisation est sp\u00e9cifique.<br \/>\nIl porte deux paires d\u2019ailes\u00a0: les ailes ant\u00e9rieures sont membraneuses alors que les ailes post\u00e9rieures sont r\u00e9duites et modifi\u00e9es en balanciers ou halt\u00e8res jouant le r\u00f4le de stabilisateurs. La nervation est le plus souvent r\u00e9duite.<\/p>\n<p>L&rsquo;abdomen est pour sa part de taille et de forme variables avec les groupes.<\/p>\n<p> &nbsp; <\/p>\n<h2>Diversit\u00e9<\/h2>\n<table>\n<tr>\n<td><strong>N\u00e9matoc\u00e8res<\/strong><\/td>\n<td><strong>Brachyc\u00e8res<\/strong><\/td>\n<\/tr>\n<tr>\n<td>Tipule, Culex, Chironome, Bibio<\/td>\n<td>Mouche domestique, Drosophile, Volucelle, Taon, Mouche \u00e0 toison<\/td>\n<\/tr>\n<tr>\n<td><em>\u00e9tymologie\u00a0: antennes longues et filiformes<\/em><\/td>\n<td><em>\u00e9tymologie\u00a0: antennes courtes<\/em><\/td>\n<\/tr>\n<tr>\n<td>Insectes d\u00e9licats<\/td>\n<td>Insectes robustes<\/td>\n<\/tr>\n<tr>\n<td>antennes fines et multi-articul\u00e9es, plus longues que la t\u00eate et le thorax<\/td>\n<td>antennes plus courtes que le thorax, \u00e9paisses et munies d\u2019une arista<\/td>\n<\/tr>\n<\/table>\n<p> &nbsp; <\/p>\n<h3>Caract\u00e8res distinctifs des sous-groupes de Brachyc\u00e8res<\/h3>\n<table>\n<tr>\n<td><strong>Cyclorraphes<\/strong><\/td>\n<td><strong>Orthorrhaphes<\/strong><\/td>\n<\/tr>\n<tr>\n<td>Mouche domestique, Drosophile, Volucelle<\/td>\n<td>Taon, Mouche \u00e0 toison<\/td>\n<\/tr>\n<tr>\n<td><em>\u00e9tymologie\u00a0: ligne ecdysiale circulaire<\/em><\/td>\n<td><em>\u00e9tymologie\u00a0: ligne ecdysiale droite<\/em><\/td>\n<\/tr>\n<tr>\n<td>ouverture de la cuticule tout autour du corps au moment de la mue<\/td>\n<td>ouverture de la cuticule dorsale, rectiligne ou en forme de T au moment de la mue<\/td>\n<\/tr>\n<\/table>\n<p> &nbsp; <\/p>\n<h2>Cycle de vie<\/h2>\n<p>La dur\u00e9e du cycle de vie est comprise entre une semaine et un an, selon les esp\u00e8ces (et notamment le nombre de g\u00e9n\u00e9rations annuelles) et les conditions externes.<\/p>\n<p>Apr\u00e8s l&rsquo;accouplement, les femelles pondent des \u0153ufs de petite taille le plus souvent.<\/p>\n<p>Le d\u00e9veloppement embryonnaire est court et l&rsquo;\u00e9closion lib\u00e8re une larve vermiforme, de couleur p\u00e2le, apode mais poss\u00e9dant parfois des bourrelets locomoteurs et des soies permettant une reptation.<br \/>\nLa t\u00eate est pr\u00e9sente et munie de pi\u00e8ces buccales broyeuses, ou est r\u00e9duite \u00e0 divers degr\u00e9s et poss\u00e8de des crochets.<\/p>\n<p>Les modes de vie et les r\u00e9gimes alimentaires des larves sont tr\u00e8s divers (libre, terrestre et phytophage ou se nourrissant de mati\u00e8res en d\u00e9composition\u00a0; libre et aquatique\u00a0; parasite etc.).<\/p>\n<p>Le d\u00e9veloppement post-embryonnaire est compos\u00e9 d\u2019une succession de trois \u00e0 huit  stades larvaires s\u00e9par\u00e9s par des mues larvaires, puis d&rsquo;un stade nymphal issu d\u2019une mue larvo-nymphale.<br \/>\nSelon les groupes, la nymphe est emmaillot\u00e9e mais mobile ou enferm\u00e9e dans la derni\u00e8re exuvie larvaire et compl\u00e8tement immobile (pupe).<\/p>\n<p>L&rsquo;imago \u00e9merge \u00e0 la faveur d\u2019une mue nympho-imaginale.<\/p>\n<p>En relation avec la pr\u00e9sence d&rsquo;une larve et d&rsquo;une m\u00e9tamorphose au cours du cycle de vie, les Dipt\u00e8res sont dits Insectes holom\u00e9taboles.<br \/>\nLe d\u00e9veloppement interne de leurs ailes lors de la vie larvaire permet de les qualifier d&rsquo;endopt\u00e9rygotes.<\/p>\n<p> &nbsp; <\/p>\n<hr \/>\n","protected":false},"excerpt":{"rendered":"<p>&nbsp; \u00c9tymologiquement, le terme Dipt\u00e8re provient de \u00ab\u00a0di\u00a0\u00bb signifiant \u00ab\u00a0deux\u00a0\u00bb et de \u00ab\u00a0pteron\u00a0\u00bb signifiant \u00ab\u00a0aile\u00a0\u00bb. Il fait r\u00e9f\u00e9rence \u00e0 la possession de deux ailes seulement par les membre de ce groupe. &nbsp; Le taxon des Dipt\u00e8res comporte environ 150\u00a0000 esp\u00e8ces. Bien que le r\u00e9gime alimentaire des adultes varie d\u2019une esp\u00e8ce \u00e0 l\u2019autre, il consiste en [&hellip;]<\/p>\n","protected":false},"author":2,"featured_media":0,"parent":5386,"menu_order":15,"comment_status":"closed","ping_status":"closed","template":"","meta":{"site-sidebar-layout":"default","site-content-layout":"","ast-site-content-layout":"default","site-content-style":"default","site-sidebar-style":"default","ast-global-header-display":"","ast-banner-title-visibility":"","ast-main-header-display":"","ast-hfb-above-header-display":"","ast-hfb-below-header-display":"","ast-hfb-mobile-header-display":"","site-post-title":"","ast-breadcrumbs-content":"","ast-featured-img":"","footer-sml-layout":"","ast-disable-related-posts":"","theme-transparent-header-meta":"","adv-header-id-meta":"","stick-header-meta":"","header-above-stick-meta":"","header-main-stick-meta":"","header-below-stick-meta":"","astra-migrate-meta-layouts":"default","ast-page-background-enabled":"default","ast-page-background-meta":{"desktop":{"background-color":"var(--ast-global-color-4)","background-image":"","background-repeat":"repeat","background-position":"center center","background-size":"auto","background-attachment":"scroll","background-type":"","background-media":"","overlay-type":"","overlay-color":"","overlay-opacity":"","overlay-gradient":""},"tablet":{"background-color":"","background-image":"","background-repeat":"repeat","background-position":"center center","background-size":"auto","background-attachment":"scroll","background-type":"","background-media":"","overlay-type":"","overlay-color":"","overlay-opacity":"","overlay-gradient":""},"mobile":{"background-color":"","background-image":"","background-repeat":"repeat","background-position":"center center","background-size":"auto","background-attachment":"scroll","background-type":"","background-media":"","overlay-type":"","overlay-color":"","overlay-opacity":"","overlay-gradient":""}},"ast-content-background-meta":{"desktop":{"background-color":"var(--ast-global-color-5)","background-image":"","background-repeat":"repeat","background-position":"center center","background-size":"auto","background-attachment":"scroll","background-type":"","background-media":"","overlay-type":"","overlay-color":"","overlay-opacity":"","overlay-gradient":""},"tablet":{"background-color":"var(--ast-global-color-5)","background-image":"","background-repeat":"repeat","background-position":"center center","background-size":"auto","background-attachment":"scroll","background-type":"","background-media":"","overlay-type":"","overlay-color":"","overlay-opacity":"","overlay-gradient":""},"mobile":{"background-color":"var(--ast-global-color-5)","background-image":"","background-repeat":"repeat","background-position":"center center","background-size":"auto","background-attachment":"scroll","background-type":"","background-media":"","overlay-type":"","overlay-color":"","overlay-opacity":"","overlay-gradient":""}},"footnotes":""},"class_list":["post-5160","page","type-page","status-publish","hentry"],"aioseo_notices":[],"jetpack_sharing_enabled":true,"_links":{"self":[{"href":"https:\/\/codexvirtualis.fr\/codex\/wp-json\/wp\/v2\/pages\/5160","targetHints":{"allow":["GET"]}}],"collection":[{"href":"https:\/\/codexvirtualis.fr\/codex\/wp-json\/wp\/v2\/pages"}],"about":[{"href":"https:\/\/codexvirtualis.fr\/codex\/wp-json\/wp\/v2\/types\/page"}],"author":[{"embeddable":true,"href":"https:\/\/codexvirtualis.fr\/codex\/wp-json\/wp\/v2\/users\/2"}],"replies":[{"embeddable":true,"href":"https:\/\/codexvirtualis.fr\/codex\/wp-json\/wp\/v2\/comments?post=5160"}],"version-history":[{"count":7,"href":"https:\/\/codexvirtualis.fr\/codex\/wp-json\/wp\/v2\/pages\/5160\/revisions"}],"predecessor-version":[{"id":5168,"href":"https:\/\/codexvirtualis.fr\/codex\/wp-json\/wp\/v2\/pages\/5160\/revisions\/5168"}],"up":[{"embeddable":true,"href":"https:\/\/codexvirtualis.fr\/codex\/wp-json\/wp\/v2\/pages\/5386"}],"wp:attachment":[{"href":"https:\/\/codexvirtualis.fr\/codex\/wp-json\/wp\/v2\/media?parent=5160"}],"curies":[{"name":"wp","href":"https:\/\/api.w.org\/{rel}","templated":true}]}}