{"id":5120,"date":"2013-08-17T18:26:19","date_gmt":"2013-08-17T16:26:19","guid":{"rendered":"http:\/\/codexvirtualis.fr\/codex\/?page_id=5120"},"modified":"2013-08-18T17:41:29","modified_gmt":"2013-08-18T15:41:29","slug":"coleopteres","status":"publish","type":"page","link":"https:\/\/codexvirtualis.fr\/codex\/cabinet-de-curiosites-virtuel\/de-lidentification-des-animaux\/quel-insecte\/coleopteres","title":{"rendered":"Les Col\u00e9opt\u00e8res"},"content":{"rendered":"<p> &nbsp; <\/p>\n<p><em>\u00c9tymologiquement, le terme Col\u00e9opt\u00e8re d\u00e9rive de \u00ab\u00a0koleos\u00a0\u00bb signifiant \u00ab\u00a0\u00e9tui\u00a0\u00bb et \u00ab\u00a0pteron\u00a0\u00bb signifiant \u00ab\u00a0aile\u00a0\u00bb. D\u00e9signant des ailes en \u00e9tui, il est une r\u00e9f\u00e9rence aux \u00e9lytres caract\u00e9ristiques du groupe.<\/em><\/p>\n<p> &nbsp; <\/p>\n<p>Le taxon des Col\u00e9opt\u00e8res comporte 350\u00a0000 esp\u00e8ces environ.<\/p>\n<p>Il s&rsquo;agit d&rsquo;un groupe ubiquiste, pr\u00e9sent en milieu terrestre mais \u00e9galement dans les milieux aquatique et biologique, aux r\u00e9gimes alimentaires divers (feuilles, bois, animaux, excr\u00e9ments).<br \/>\nBien que capables de voler, ses repr\u00e9sentants \u00e9voluent souvent au sol ou sur des plantes basses.<br \/>\nDe nombreuses esp\u00e8ces de Col\u00e9opt\u00e8res sont discr\u00e8tes et poss\u00e8dent des m\u0153urs nocturnes.<\/p>\n<p> &nbsp; <\/p>\n<h2>Caract\u00e9ristiques morphologiques<\/h2>\n<p>Parmi les Col\u00e9opt\u00e8res couramment rencontr\u00e9s figurent les C\u00e9toines mais aussi les Coccinelles et Scarab\u00e9es par exemple.<\/p>\n<p> &nbsp; <\/p>\n<figure style=\"width: 300px\" class=\"wp-caption alignnone\"><a rel=\"lightbox\" href=\"\/documents\/images\/ordres_insectes\/IMGP1495_cetoine_bis-WEB.jpg\" target=\"_blank\"><img decoding=\"async\" class=\" \" title=\"C\u00e9toine dor\u00e9e (Col\u00e9opt\u00e8re)\" src=\"\/documents\/images\/ordres_insectes\/IMGP1495_cetoine_bis-WEB.jpg\" alt=\"C\u00e9toine dor\u00e9e\" width=\"300\"\/><\/a><figcaption class=\"wp-caption-text\">C\u00e9toine dor\u00e9e (Col\u00e9opt\u00e8re)<\/figcaption><\/figure>\n<p> &nbsp; <\/p>\n<p style=\"text-align: right;\"><a rel=\"lightbox\" href=\"\/documents\/images\/ordres_insectes\/IMGP1495_cetoine_bis_legende-WEB.jpg\" target=\"_blank\">voir l&rsquo;image l\u00e9gend\u00e9e<\/a><\/p>\n<p> &nbsp; <\/p>\n<p>Le corps, d&rsquo;une longueur variant de 0,3\u00a0mm \u00e0 plus de 15\u00a0cm selon les esp\u00e8ces, est typiquement recouvert d&rsquo;une cuticule dure et rigide.<\/p>\n<p>La t\u00eate ant\u00e9rieure est prot\u00e9g\u00e9e par une capsule solide.<br \/>\nElle porte une paire d&rsquo;antennes dont la longueur et la forme varient avec l&rsquo;esp\u00e8ce ainsi que deux yeux compos\u00e9s lat\u00e9raux  g\u00e9n\u00e9ralement de petite taille.<br \/>\nEn association avec la bouche, les pi\u00e8ces buccales sont de type broyeur et les mandibules saillantes.<\/p>\n<p>En arri\u00e8re, le thorax est form\u00e9 d&rsquo;un prothorax mobile et d\u00e9velopp\u00e9, recouvert d&rsquo;un pronotum bien visible. Les deuxi\u00e8me et troisi\u00e8me segments thoraciques fusionnent en un pt\u00e9rothorax.<\/p>\n<p>Deux paires d\u2019ailes sont pr\u00e9sentes. Les ailes ant\u00e9rieures sont dures et coriaces (\u00e9lytres) et se rejoignent au milieu du corps alors que les ailes post\u00e9rieures sont  membraneuses et \u00e0 nervation r\u00e9duite. Au repos, les \u00e9lytres recouvrent le pt\u00e9rothorax et les ailes post\u00e9rieures repli\u00e9es. Elles poss\u00e8dent des ornementations diverses (soies, \u00e9cailles, reflets m\u00e9talliques ).<br \/>\nLes pattes situ\u00e9es ventralement varient avec le mode de vie, pr\u00e9sentant des adaptations au fouissage, \u00e0 la nage, \u00e0 la marche etc.<\/p>\n<p>L&rsquo;abdomen post\u00e9rieur est pour sa part totalement ou partiellement masqu\u00e9 par les \u00e9lytres au repos. Il porte des pi\u00e8ces g\u00e9nitales internes.<\/p>\n<p> &nbsp; <\/p>\n<h3>Diversit\u00e9<\/h3>\n<p>Les sous-groupes de Col\u00e9opt\u00e8res sont distingu\u00e9s sur la base de divers crit\u00e8res dont la forme des antennes, l\u2019organisation des pattes, le nombre de sternites abdominaux et la structure du premier sternite abdominal etc.<\/p>\n<p>Quatre sous-groupes sont d\u00e9finis :<\/p>\n<p><span style=\"color: #999999;\">&bull; <\/span>les Polyphages, regroupant 85% des esp\u00e8ces connues, fr\u00e9quemment phytophages, repr\u00e9sent\u00e9s par les Hydrophiles, Staphylins, N\u00e9crophores, Scarab\u00e9es, Lucanes, G\u00e9otrupes, C\u00e9toines, Taupins, Cantharides, Lampyres (Vers luisants), Dermestes, Vrillettes, T\u00e9n\u00e9brions, Coccinelles, Chrysom\u00e8les, C\u00e9rambyx, Charan\u00e7ons, Scolytes<\/p>\n<p><em>\u00e9tymologiquement, le terme polyphage d\u00e9rive de \u00ab\u00a0poly\u00a0\u00bb\u00a0signifiant \u00ab\u00a0multiple\u00a0\u00bb et \u00ab\u00a0phagein\u00a0\u00bb\u00a0signifiant \u00ab\u00a0manger\u00a0\u00bb. Il est une r\u00e9f\u00e9rence au r\u00e9gime alimentaire diversifi\u00e9 de ce sous-groupe.<\/em><\/p>\n<p><span style=\"color: #999999;\">&bull; <\/span>les Ad\u00e9phages, le plus souvent pr\u00e9dateurs, repr\u00e9sent\u00e9s par les Cicind\u00e8les, Carabes, Gyrins, Dytiques<\/p>\n<p><em>\u00e9tymologiquement, le terme ad\u00e9phage d\u00e9rive de \u00ab\u00a0ad\u00a0\u00bb\u00a0signifiant \u00ab\u00a0vers\u00a0\u00bb et \u00ab\u00a0phagein\u00a0\u00bb\u00a0signifiant \u00ab\u00a0manger\u00a0\u00bb. Il est une r\u00e9f\u00e9rence au comportement de recherche de nourriture de ce sous-groupe.<\/em><\/p>\n<p><span style=\"color: #999999;\">&bull; <\/span>Les Myxophages comprenant moins de 100 esp\u00e8ces, de petite taille, vivant dans les interstices du sable, sur du mat\u00e9riel flottant ou dans des habitats humides<\/p>\n<p><em>\u00e9tymologiquement, le terme myxophage d\u00e9rive de \u00ab\u00a0myxo\u00a0\u00bb\u00a0signifiant \u00ab\u00a0muqueux\u00a0\u00bb, \u00ab\u00a0g\u00e9latineux\u00a0\u00bb et \u00ab\u00a0phagein\u00a0\u00bb\u00a0signifiant \u00ab\u00a0manger\u00a0\u00bb. Il est une r\u00e9f\u00e9rence au r\u00e9gime alimentaire de ce sous-groupe bas\u00e9 sur des algues.<\/em><\/p>\n<p><span style=\"color: #999999;\">&bull; <\/span>les Archostemates comprenant quelques familles vivant en g\u00e9n\u00e9ral dans le bois.<\/p>\n<p> &nbsp; <\/p>\n<h2>Cycle de vie<\/h2>\n<p>Apr\u00e8s l&rsquo;accouplement, la femelle d\u00e9pose des \u0153ufs simples, par groupes.<\/p>\n<p>Le d\u00e9veloppement embryonnaire conduit \u00e0 la formation d&rsquo;une larve, diff\u00e9rant de l&rsquo;adulte par son organisation, son mode et son milieu de vie.<\/p>\n<p>Le d\u00e9veloppement post-embryonnaire qui lui fait suite est compos\u00e9 d\u2019une succession de stades larvaires s\u00e9par\u00e9s par des mues larvaires, puis d&rsquo;un stade nymphal issu d\u2019une mue larvo-nymphale.<\/p>\n<p>L&rsquo;imago \u00e9merge \u00e0 la faveur d\u2019une mue nympho-imaginale.<\/p>\n<p>Dans nos r\u00e9gions, les Col\u00e9opt\u00e8res pr\u00e9sentent g\u00e9n\u00e9ralement une g\u00e9n\u00e9ration par an, le  passage de l\u2019hiver \u00e9tant r\u00e9alis\u00e9 sous forme de larve, de nymphe ou d\u2019imago.<\/p>\n<p>Le cycle de vie des Col\u00e9opt\u00e8res comporte ainsi une phase larvaire et une m\u00e9tamorphose se d\u00e9roulant pendant la p\u00e9riode nymphale. De ce fait, ils sont qualifi\u00e9s d&rsquo;Insectes holom\u00e9taboles. Par ailleurs, le d\u00e9veloppement des ailes intervenant pendant la vie larvaire  implique des \u00e9bauches internes, ils sont dits endopt\u00e9rygotes.<\/p>\n<p> &nbsp; <\/p>\n<hr \/>\n","protected":false},"excerpt":{"rendered":"<p>&nbsp; \u00c9tymologiquement, le terme Col\u00e9opt\u00e8re d\u00e9rive de \u00ab\u00a0koleos\u00a0\u00bb signifiant \u00ab\u00a0\u00e9tui\u00a0\u00bb et \u00ab\u00a0pteron\u00a0\u00bb signifiant \u00ab\u00a0aile\u00a0\u00bb. D\u00e9signant des ailes en \u00e9tui, il est une r\u00e9f\u00e9rence aux \u00e9lytres caract\u00e9ristiques du groupe. &nbsp; Le taxon des Col\u00e9opt\u00e8res comporte 350\u00a0000 esp\u00e8ces environ. Il s&rsquo;agit d&rsquo;un groupe ubiquiste, pr\u00e9sent en milieu terrestre mais \u00e9galement dans les milieux aquatique et biologique, aux [&hellip;]<\/p>\n","protected":false},"author":2,"featured_media":0,"parent":5386,"menu_order":10,"comment_status":"closed","ping_status":"closed","template":"","meta":{"site-sidebar-layout":"default","site-content-layout":"","ast-site-content-layout":"default","site-content-style":"default","site-sidebar-style":"default","ast-global-header-display":"","ast-banner-title-visibility":"","ast-main-header-display":"","ast-hfb-above-header-display":"","ast-hfb-below-header-display":"","ast-hfb-mobile-header-display":"","site-post-title":"","ast-breadcrumbs-content":"","ast-featured-img":"","footer-sml-layout":"","ast-disable-related-posts":"","theme-transparent-header-meta":"","adv-header-id-meta":"","stick-header-meta":"","header-above-stick-meta":"","header-main-stick-meta":"","header-below-stick-meta":"","astra-migrate-meta-layouts":"default","ast-page-background-enabled":"default","ast-page-background-meta":{"desktop":{"background-color":"var(--ast-global-color-4)","background-image":"","background-repeat":"repeat","background-position":"center center","background-size":"auto","background-attachment":"scroll","background-type":"","background-media":"","overlay-type":"","overlay-color":"","overlay-opacity":"","overlay-gradient":""},"tablet":{"background-color":"","background-image":"","background-repeat":"repeat","background-position":"center center","background-size":"auto","background-attachment":"scroll","background-type":"","background-media":"","overlay-type":"","overlay-color":"","overlay-opacity":"","overlay-gradient":""},"mobile":{"background-color":"","background-image":"","background-repeat":"repeat","background-position":"center center","background-size":"auto","background-attachment":"scroll","background-type":"","background-media":"","overlay-type":"","overlay-color":"","overlay-opacity":"","overlay-gradient":""}},"ast-content-background-meta":{"desktop":{"background-color":"var(--ast-global-color-5)","background-image":"","background-repeat":"repeat","background-position":"center center","background-size":"auto","background-attachment":"scroll","background-type":"","background-media":"","overlay-type":"","overlay-color":"","overlay-opacity":"","overlay-gradient":""},"tablet":{"background-color":"var(--ast-global-color-5)","background-image":"","background-repeat":"repeat","background-position":"center center","background-size":"auto","background-attachment":"scroll","background-type":"","background-media":"","overlay-type":"","overlay-color":"","overlay-opacity":"","overlay-gradient":""},"mobile":{"background-color":"var(--ast-global-color-5)","background-image":"","background-repeat":"repeat","background-position":"center center","background-size":"auto","background-attachment":"scroll","background-type":"","background-media":"","overlay-type":"","overlay-color":"","overlay-opacity":"","overlay-gradient":""}},"footnotes":""},"class_list":["post-5120","page","type-page","status-publish","hentry"],"aioseo_notices":[],"jetpack_sharing_enabled":true,"_links":{"self":[{"href":"https:\/\/codexvirtualis.fr\/codex\/wp-json\/wp\/v2\/pages\/5120","targetHints":{"allow":["GET"]}}],"collection":[{"href":"https:\/\/codexvirtualis.fr\/codex\/wp-json\/wp\/v2\/pages"}],"about":[{"href":"https:\/\/codexvirtualis.fr\/codex\/wp-json\/wp\/v2\/types\/page"}],"author":[{"embeddable":true,"href":"https:\/\/codexvirtualis.fr\/codex\/wp-json\/wp\/v2\/users\/2"}],"replies":[{"embeddable":true,"href":"https:\/\/codexvirtualis.fr\/codex\/wp-json\/wp\/v2\/comments?post=5120"}],"version-history":[{"count":12,"href":"https:\/\/codexvirtualis.fr\/codex\/wp-json\/wp\/v2\/pages\/5120\/revisions"}],"predecessor-version":[{"id":5140,"href":"https:\/\/codexvirtualis.fr\/codex\/wp-json\/wp\/v2\/pages\/5120\/revisions\/5140"}],"up":[{"embeddable":true,"href":"https:\/\/codexvirtualis.fr\/codex\/wp-json\/wp\/v2\/pages\/5386"}],"wp:attachment":[{"href":"https:\/\/codexvirtualis.fr\/codex\/wp-json\/wp\/v2\/media?parent=5120"}],"curies":[{"name":"wp","href":"https:\/\/api.w.org\/{rel}","templated":true}]}}