{"id":46,"date":"2011-01-30T15:22:35","date_gmt":"2011-01-30T15:22:35","guid":{"rendered":"http:\/\/codexvirtualis.fr\/codex"},"modified":"2022-06-07T22:01:35","modified_gmt":"2022-06-07T20:01:35","slug":"a-propos","status":"publish","type":"page","link":"https:\/\/codexvirtualis.fr\/codex\/a-propos","title":{"rendered":"\u00c0 propos"},"content":{"rendered":"<p>Sauf mention contraire, le contenu de ce site est sous licence<br \/>\n<a href=\"http:\/\/creativecommons.org\/licenses\/by-nc-sa\/3.0\/deed.fr\" target=\"_blank\" rel=\"license noopener\"><img data-recalc-dims=\"1\" decoding=\"async\" style=\"border-width: 0;\" src=\"https:\/\/i0.wp.com\/i.creativecommons.org\/l\/by-nc-sa\/3.0\/88x31.png\" alt=\"Licence Creative Commons\" \/><\/a><br \/>\n<a href=\"https:\/\/creativecommons.org\/licenses\/by-nc-nd\/4.0\/\" target=\"_blank\" rel=\"license noopener\">https:\/\/creativecommons.org\/licenses\/by-nc-nd\/4.0\/<\/a><\/p>\n<p>Sauf indication contraire, les images et figures sont produites par S. Heusser.<\/p>\n<p>Les coupes histologiques ont \u00e9t\u00e9 confectionn\u00e9es par H.-G. Dupuy et la prise de vue de ces pr\u00e9parations r\u00e9alis\u00e9e \u00e0 l&rsquo;aide du mat\u00e9riel de la pr\u00e9paration \u00e0 l&rsquo;agr\u00e9gation de Sciences de la vie &#8211; Sciences de la Terre et de l&rsquo;univers de l&rsquo;<a href=\"http:\/\/biologie.ens-lyon.fr\/\" target=\"_blank\" rel=\"noopener\">\u00c9cole normale sup\u00e9rieure de Lyon<\/a>, du d\u00e9partement de biologie de l&rsquo;<a href=\"https:\/\/fac-sciences.univ-st-etienne.fr\/fr\/departements\/biologie-biochimie.html\">Universit\u00e9 Jean Monnet de Saint-\u00c9tienne<\/a> ou personnel.<\/p>\n<p>Ce site est d\u00e9velopp\u00e9 avec <a href=\"http:\/\/fr.wordpress.org\/\" target=\"_blank\" rel=\"noopener\">WordPress<\/a>.<\/p>\n<p>Les albums photos sont compos\u00e9s \u00e0 l&rsquo;aide de <a href=\"http:\/\/www.zenphoto.org\/\" target=\"_blank\" rel=\"noopener\">Zenphoto<\/a>.<\/p>\n<p>Le th\u00e8me utilis\u00e9 est <a href=\"https:\/\/fr.wordpress.org\/themes\/astra\/\">Astra<\/a> (Brainstorm force).<\/p>\n<p>Liste des extensions actives :<\/p>\n<p><span style=\"color: #999999;\">\u2022 <\/span>Akismet<br \/>\n<span style=\"color: #999999;\">\u2022 <\/span>All in One SEO Pack<br \/>\n<span style=\"color: #999999;\">\u2022 <\/span>Cookie Notice<br \/>\n<span style=\"color: #999999;\">\u2022 <\/span>Dropdown Menu Widget<br \/>\n<span style=\"color: #999999;\">\u2022 <\/span>Enhanced WP-ContactForm<br \/>\n<span style=\"color: #999999;\">\u2022 <\/span>Jetpack<br \/>\n<span style=\"color: #999999;\">\u2022 <\/span>Lightbox 2<br \/>\n<span style=\"color: #999999;\">\u2022 <\/span>Page Blocks<br \/>\n<span style=\"color: #999999;\">\u2022 <\/span>Page Tagger<br \/>\n<span style=\"color: #999999;\">\u2022 <\/span>RSS Includes Pages<br \/>\n<span style=\"color: #999999;\">\u2022 <\/span>Video.js &#8211; HTML5 Video Player for WordPress<br \/>\n<span style=\"color: #999999;\">\u2022 <\/span>WebsiteDefender WordPress Security<br \/>\n<span style=\"color: #999999;\">\u2022 <\/span>Widget Entries<br \/>\n<span style=\"color: #999999;\">\u2022 <\/span>XCloner<br \/>\n<span style=\"color: #999999;\">\u2022 <\/span>YD Recent Posts with thumbnails<br \/>\n<span style=\"color: #999999;\">\u2022 <\/span>Zenphoto Gallery<br \/>\n<span style=\"color: #999999;\">\u2022 <\/span>ZenphotoPress<\/p>\n<p>Les extensions sont disponibles sur le site <a href=\"http:\/\/wordpress.org\/\" target=\"_blank\" rel=\"noopener\">WordPress<\/a> dans le menu Extensions (plugins).<\/p>\n<p>L&rsquo;ensemble est h\u00e9berg\u00e9 par <a href=\"http:\/\/www.ovh.com\/\" target=\"_blank\" rel=\"noopener\">OVH<\/a>.<\/p>\n","protected":false},"excerpt":{"rendered":"<p>Sauf mention contraire, le contenu de ce site est sous licence https:\/\/creativecommons.org\/licenses\/by-nc-nd\/4.0\/ Sauf indication contraire, les images et figures sont produites par S. Heusser. Les coupes histologiques ont \u00e9t\u00e9 confectionn\u00e9es par H.-G. Dupuy et la prise de vue de ces pr\u00e9parations r\u00e9alis\u00e9e \u00e0 l&rsquo;aide du mat\u00e9riel de la pr\u00e9paration \u00e0 l&rsquo;agr\u00e9gation de Sciences de la [&hellip;]<\/p>\n","protected":false},"author":2,"featured_media":0,"parent":0,"menu_order":8,"comment_status":"closed","ping_status":"closed","template":"","meta":{"site-sidebar-layout":"default","site-content-layout":"","ast-site-content-layout":"default","site-content-style":"default","site-sidebar-style":"default","ast-global-header-display":"","ast-banner-title-visibility":"","ast-main-header-display":"","ast-hfb-above-header-display":"","ast-hfb-below-header-display":"","ast-hfb-mobile-header-display":"","site-post-title":"","ast-breadcrumbs-content":"","ast-featured-img":"","footer-sml-layout":"","ast-disable-related-posts":"","theme-transparent-header-meta":"","adv-header-id-meta":"","stick-header-meta":"","header-above-stick-meta":"","header-main-stick-meta":"","header-below-stick-meta":"","astra-migrate-meta-layouts":"default","ast-page-background-enabled":"default","ast-page-background-meta":{"desktop":{"background-color":"var(--ast-global-color-4)","background-image":"","background-repeat":"repeat","background-position":"center center","background-size":"auto","background-attachment":"scroll","background-type":"","background-media":"","overlay-type":"","overlay-color":"","overlay-opacity":"","overlay-gradient":""},"tablet":{"background-color":"","background-image":"","background-repeat":"repeat","background-position":"center center","background-size":"auto","background-attachment":"scroll","background-type":"","background-media":"","overlay-type":"","overlay-color":"","overlay-opacity":"","overlay-gradient":""},"mobile":{"background-color":"","background-image":"","background-repeat":"repeat","background-position":"center center","background-size":"auto","background-attachment":"scroll","background-type":"","background-media":"","overlay-type":"","overlay-color":"","overlay-opacity":"","overlay-gradient":""}},"ast-content-background-meta":{"desktop":{"background-color":"var(--ast-global-color-5)","background-image":"","background-repeat":"repeat","background-position":"center center","background-size":"auto","background-attachment":"scroll","background-type":"","background-media":"","overlay-type":"","overlay-color":"","overlay-opacity":"","overlay-gradient":""},"tablet":{"background-color":"var(--ast-global-color-5)","background-image":"","background-repeat":"repeat","background-position":"center center","background-size":"auto","background-attachment":"scroll","background-type":"","background-media":"","overlay-type":"","overlay-color":"","overlay-opacity":"","overlay-gradient":""},"mobile":{"background-color":"var(--ast-global-color-5)","background-image":"","background-repeat":"repeat","background-position":"center center","background-size":"auto","background-attachment":"scroll","background-type":"","background-media":"","overlay-type":"","overlay-color":"","overlay-opacity":"","overlay-gradient":""}},"footnotes":""},"class_list":["post-46","page","type-page","status-publish","hentry"],"aioseo_notices":[],"jetpack_sharing_enabled":true,"_links":{"self":[{"href":"https:\/\/codexvirtualis.fr\/codex\/wp-json\/wp\/v2\/pages\/46","targetHints":{"allow":["GET"]}}],"collection":[{"href":"https:\/\/codexvirtualis.fr\/codex\/wp-json\/wp\/v2\/pages"}],"about":[{"href":"https:\/\/codexvirtualis.fr\/codex\/wp-json\/wp\/v2\/types\/page"}],"author":[{"embeddable":true,"href":"https:\/\/codexvirtualis.fr\/codex\/wp-json\/wp\/v2\/users\/2"}],"replies":[{"embeddable":true,"href":"https:\/\/codexvirtualis.fr\/codex\/wp-json\/wp\/v2\/comments?post=46"}],"version-history":[{"count":28,"href":"https:\/\/codexvirtualis.fr\/codex\/wp-json\/wp\/v2\/pages\/46\/revisions"}],"predecessor-version":[{"id":14593,"href":"https:\/\/codexvirtualis.fr\/codex\/wp-json\/wp\/v2\/pages\/46\/revisions\/14593"}],"wp:attachment":[{"href":"https:\/\/codexvirtualis.fr\/codex\/wp-json\/wp\/v2\/media?parent=46"}],"curies":[{"name":"wp","href":"https:\/\/api.w.org\/{rel}","templated":true}]}}