{"id":4197,"date":"2012-08-10T15:31:50","date_gmt":"2012-08-10T13:31:50","guid":{"rendered":"http:\/\/codexvirtualis.fr\/codex\/?page_id=4197"},"modified":"2012-08-10T15:31:50","modified_gmt":"2012-08-10T13:31:50","slug":"tissus-squelettiques","status":"publish","type":"page","link":"https:\/\/codexvirtualis.fr\/codex\/de-lorganisation-interne\/premiers-pas-histologiques\/le-tissu-conjonctif\/tissus-squelettiques","title":{"rendered":"La diversit\u00e9 des tissus conjonctifs squelettiques"},"content":{"rendered":"<p> &nbsp; <\/p>\n<p><a name=\"tissu-cartilagineux\"><\/a><\/p>\n<h2>Tissu cartilagineux<\/h2>\n<figure style=\"width: 300px\" class=\"wp-caption alignnone\"><a rel=\"lightbox\" href=\"\/documents\/images\/histologie\/ceinture_pectorale_51-WEB.jpg\" target=\"_blank\"><img decoding=\"async\" alt=\"Cartilage de Triton\" src=\"\/documents\/images\/histologie\/ceinture_pectorale_51-WEB.jpg\" title=\"Cartilage de Triton\" width=\"300\" \/><\/a><figcaption class=\"wp-caption-text\">Cartilage de Triton en coupe longitudinale<\/figcaption><\/figure>\n<p style=\"text-align: right;\"><a rel=\"lightbox\" href=\"\/documents\/images\/histologie\/ceinture_pectorale_51_legende-WEB.jpg\" target=\"_blank\">Voir l&rsquo;image l\u00e9gend\u00e9e<\/a><\/p>\n<p> &nbsp; <\/p>\n<figure style=\"width: 300px\" class=\"wp-caption alignnone\"><a rel=\"lightbox\" href=\"\/documents\/images\/histologie\/ceinture_pectorale_54-WEB.jpg\" target=\"_blank\"><img decoding=\"async\" alt=\"Cartilage de Triton\" src=\"\/documents\/images\/histologie\/ceinture_pectorale_54-WEB.jpg\" title=\"Cartilage de Triton\" width=\"300\" \/><\/a><figcaption class=\"wp-caption-text\">Cartilage de Triton en coupe longitudinale<\/figcaption><\/figure>\n<p style=\"text-align: right;\"><a rel=\"lightbox\" href=\"\/documents\/images\/histologie\/ceinture_pectorale_54_legende-WEB.jpg\" target=\"_blank\">Voir l&rsquo;image l\u00e9gend\u00e9e<\/a><\/p>\n<p> &nbsp; <\/p>\n<figure style=\"width: 300px\" class=\"wp-caption alignnone\"><a rel=\"lightbox\" href=\"\/documents\/images\/histologie\/cartilage_99-WEB.jpg\" target=\"_blank\"><img decoding=\"async\" alt=\"Cartilage de Triton\" src=\"\/documents\/images\/histologie\/cartilage_99-WEB.jpg\" title=\"Cartilage de Triton\" width=\"300\" \/><\/a><figcaption class=\"wp-caption-text\">Cartilage de Triton en coupe longitudinale<\/figcaption><\/figure>\n<p style=\"text-align: right;\"><a rel=\"lightbox\" href=\"\/documents\/images\/histologie\/cartilage_99_legende-WEB.jpg\" target=\"_blank\">Voir l&rsquo;image l\u00e9gend\u00e9e<\/a><\/p>\n<p> &nbsp; <\/p>\n<p><a name=\"tissu-osseux\"><\/a><\/p>\n<h2>Tissu osseux<\/h2>\n<figure style=\"width: 300px\" class=\"wp-caption alignnone\"><a rel=\"lightbox\" href=\"\/documents\/images\/histologie\/ceinture_pectorale_53-WEB.jpg\" target=\"_blank\"><img decoding=\"async\" alt=\"Os de Triton\" src=\"\/documents\/images\/histologie\/ceinture_pectorale_53-WEB.jpg\" title=\"Os de Triton\" width=\"300\" \/><\/a><figcaption class=\"wp-caption-text\">Os de Triton en coupe longitudinale<\/figcaption><\/figure>\n<p style=\"text-align: right;\"><a rel=\"lightbox\" href=\"\/documents\/images\/histologie\/ceinture_pectorale_53_legende-WEB.jpg\" target=\"_blank\">Voir l&rsquo;image l\u00e9gend\u00e9e<\/a><\/p>\n<p> &nbsp; <\/p>\n<figure style=\"width: 300px\" class=\"wp-caption alignnone\"><a rel=\"lightbox\" href=\"\/documents\/images\/histologie\/vue_generale_01-WEB.jpg\" target=\"_blank\"><img decoding=\"async\" alt=\"Os de Mammif\u00e8re\" src=\"\/documents\/images\/histologie\/vue_generale_01-WEB.jpg\" title=\"Os de Mammif\u00e8re\" width=\"300\" \/><\/a><figcaption class=\"wp-caption-text\">Os de Mammif\u00e8re en coupe transversale, \u00e0 sec<\/figcaption><\/figure>\n<p style=\"text-align: right;\"><a rel=\"lightbox\" href=\"\/documents\/images\/histologie\/vue_generale_01_legende-WEB.jpg\" target=\"_blank\">Voir l&rsquo;image l\u00e9gend\u00e9e<\/a><\/p>\n<p> &nbsp; <\/p>\n<figure style=\"width: 300px\" class=\"wp-caption alignnone\"><a rel=\"lightbox\" href=\"\/documents\/images\/histologie\/osteon_06-WEB.jpg\" target=\"_blank\"><img decoding=\"async\" alt=\"Os de Mammif\u00e8re\" src=\"\/documents\/images\/histologie\/osteon_06-WEB.jpg\" title=\"Os de Mammif\u00e8re\" width=\"300\" \/><\/a><figcaption class=\"wp-caption-text\">Os de Mammif\u00e8re en coupe transversale, \u00e0 sec<\/figcaption><\/figure>\n<p style=\"text-align: right;\"><a rel=\"lightbox\" href=\"\/documents\/images\/histologie\/osteon_06_legende-WEB.jpg\" target=\"_blank\">Voir l&rsquo;image l\u00e9gend\u00e9e<\/a><\/p>\n<p> &nbsp; <\/p>\n<figure style=\"width: 300px\" class=\"wp-caption alignnone\"><a rel=\"lightbox\" href=\"\/documents\/images\/histologie\/osteon_10-WEB.jpg\" target=\"_blank\"><img decoding=\"async\" alt=\"Os de Mammif\u00e8re\" src=\"\/documents\/images\/histologie\/osteon_10-WEB.jpg\" title=\"Os de Mammif\u00e8re\" width=\"300\" \/><\/a><figcaption class=\"wp-caption-text\">Os de Mammif\u00e8re en coupe transversale, \u00e0 sec<\/figcaption><\/figure>\n<p style=\"text-align: right;\"><a rel=\"lightbox\" href=\"\/documents\/images\/histologie\/osteon_10_legende-WEB.jpg\" target=\"_blank\">Voir l&rsquo;image l\u00e9gend\u00e9e<\/a><\/p>\n<p> &nbsp; <\/p>\n","protected":false},"excerpt":{"rendered":"<p>&nbsp; Tissu cartilagineux Voir l&rsquo;image l\u00e9gend\u00e9e &nbsp; Voir l&rsquo;image l\u00e9gend\u00e9e &nbsp; Voir l&rsquo;image l\u00e9gend\u00e9e &nbsp; Tissu osseux Voir l&rsquo;image l\u00e9gend\u00e9e &nbsp; Voir l&rsquo;image l\u00e9gend\u00e9e &nbsp; Voir l&rsquo;image l\u00e9gend\u00e9e &nbsp; Voir l&rsquo;image l\u00e9gend\u00e9e &nbsp;<\/p>\n","protected":false},"author":2,"featured_media":0,"parent":4165,"menu_order":3,"comment_status":"closed","ping_status":"closed","template":"","meta":{"site-sidebar-layout":"default","site-content-layout":"","ast-site-content-layout":"default","site-content-style":"default","site-sidebar-style":"default","ast-global-header-display":"","ast-banner-title-visibility":"","ast-main-header-display":"","ast-hfb-above-header-display":"","ast-hfb-below-header-display":"","ast-hfb-mobile-header-display":"","site-post-title":"","ast-breadcrumbs-content":"","ast-featured-img":"","footer-sml-layout":"","ast-disable-related-posts":"","theme-transparent-header-meta":"","adv-header-id-meta":"","stick-header-meta":"","header-above-stick-meta":"","header-main-stick-meta":"","header-below-stick-meta":"","astra-migrate-meta-layouts":"default","ast-page-background-enabled":"default","ast-page-background-meta":{"desktop":{"background-color":"var(--ast-global-color-4)","background-image":"","background-repeat":"repeat","background-position":"center center","background-size":"auto","background-attachment":"scroll","background-type":"","background-media":"","overlay-type":"","overlay-color":"","overlay-opacity":"","overlay-gradient":""},"tablet":{"background-color":"","background-image":"","background-repeat":"repeat","background-position":"center center","background-size":"auto","background-attachment":"scroll","background-type":"","background-media":"","overlay-type":"","overlay-color":"","overlay-opacity":"","overlay-gradient":""},"mobile":{"background-color":"","background-image":"","background-repeat":"repeat","background-position":"center center","background-size":"auto","background-attachment":"scroll","background-type":"","background-media":"","overlay-type":"","overlay-color":"","overlay-opacity":"","overlay-gradient":""}},"ast-content-background-meta":{"desktop":{"background-color":"var(--ast-global-color-5)","background-image":"","background-repeat":"repeat","background-position":"center center","background-size":"auto","background-attachment":"scroll","background-type":"","background-media":"","overlay-type":"","overlay-color":"","overlay-opacity":"","overlay-gradient":""},"tablet":{"background-color":"var(--ast-global-color-5)","background-image":"","background-repeat":"repeat","background-position":"center center","background-size":"auto","background-attachment":"scroll","background-type":"","background-media":"","overlay-type":"","overlay-color":"","overlay-opacity":"","overlay-gradient":""},"mobile":{"background-color":"var(--ast-global-color-5)","background-image":"","background-repeat":"repeat","background-position":"center center","background-size":"auto","background-attachment":"scroll","background-type":"","background-media":"","overlay-type":"","overlay-color":"","overlay-opacity":"","overlay-gradient":""}},"footnotes":""},"class_list":["post-4197","page","type-page","status-publish","hentry"],"aioseo_notices":[],"jetpack_sharing_enabled":true,"_links":{"self":[{"href":"https:\/\/codexvirtualis.fr\/codex\/wp-json\/wp\/v2\/pages\/4197","targetHints":{"allow":["GET"]}}],"collection":[{"href":"https:\/\/codexvirtualis.fr\/codex\/wp-json\/wp\/v2\/pages"}],"about":[{"href":"https:\/\/codexvirtualis.fr\/codex\/wp-json\/wp\/v2\/types\/page"}],"author":[{"embeddable":true,"href":"https:\/\/codexvirtualis.fr\/codex\/wp-json\/wp\/v2\/users\/2"}],"replies":[{"embeddable":true,"href":"https:\/\/codexvirtualis.fr\/codex\/wp-json\/wp\/v2\/comments?post=4197"}],"version-history":[{"count":10,"href":"https:\/\/codexvirtualis.fr\/codex\/wp-json\/wp\/v2\/pages\/4197\/revisions"}],"predecessor-version":[{"id":4263,"href":"https:\/\/codexvirtualis.fr\/codex\/wp-json\/wp\/v2\/pages\/4197\/revisions\/4263"}],"up":[{"embeddable":true,"href":"https:\/\/codexvirtualis.fr\/codex\/wp-json\/wp\/v2\/pages\/4165"}],"wp:attachment":[{"href":"https:\/\/codexvirtualis.fr\/codex\/wp-json\/wp\/v2\/media?parent=4197"}],"curies":[{"name":"wp","href":"https:\/\/api.w.org\/{rel}","templated":true}]}}