{"id":3939,"date":"2012-07-15T15:31:54","date_gmt":"2012-07-15T13:31:54","guid":{"rendered":"http:\/\/codexvirtualis.fr\/codex\/?page_id=3939"},"modified":"2012-07-15T15:54:33","modified_gmt":"2012-07-15T13:54:33","slug":"epithelium-revetement-image","status":"publish","type":"page","link":"https:\/\/codexvirtualis.fr\/codex\/de-lorganisation-interne\/premiers-pas-histologiques\/le-tissu-epithelial\/epithelium-revetement-image","title":{"rendered":"La diversit\u00e9 des tissus \u00e9pith\u00e9liaux de rev\u00eatement"},"content":{"rendered":"<p> &nbsp; <\/p>\n<p><a name=\"poumon_rat\"><\/a><\/p>\n<h2>\u00c9pith\u00e9lium simple pavimenteux<\/h2>\n<figure style=\"width: 300px\" class=\"wp-caption alignnone\"><a rel=\"lightbox\" href=\"\/documents\/images\/histologie\/alveole_poumon_rat13-WEB.jpg\" target=\"_blank\"><img decoding=\"async\" alt=\"Alv\u00e9ole de poumon de Rat\" src=\"\/documents\/images\/histologie\/alveole_poumon_rat13-WEB.jpg\" title=\"Alv\u00e9ole de poumon de Rat\" width=\"300\" \/><\/a><figcaption class=\"wp-caption-text\">Alv\u00e9ole de poumon de Rat en coupe transversale<\/figcaption><\/figure>\n<p style=\"text-align: right;\"><a rel=\"lightbox\" href=\"\/documents\/images\/histologie\/alveole_poumon_rat13_legende-WEB.jpg\" target=\"_blank\">Voir l&rsquo;image l\u00e9gend\u00e9e<\/a><\/p>\n<p> &nbsp; <\/p>\n<p><a name=\"tube_malpighi_criquet\"><\/a><\/p>\n<h2>\u00c9pith\u00e9lium simple cubique \u00e0 bordure en brosse<\/h2>\n<figure style=\"width: 300px\" class=\"wp-caption alignnone\"><a rel=\"lightbox\" href=\"\/documents\/images\/histologie\/tubes_malpighi_82-WEB.jpg\" target=\"_blank\"><img decoding=\"async\" alt=\"Tube de Malpighi de Criquet\" src=\"\/documents\/images\/histologie\/tubes_malpighi_82-WEB.jpg\" title=\"Tube de Malpighi de Criquet\" width=\"300\" \/><\/a><figcaption class=\"wp-caption-text\">Tube de Malpighi de Criquet en coupe transversale<\/figcaption><\/figure>\n<p style=\"text-align: right;\"><a rel=\"lightbox\" href=\"\/documents\/images\/histologie\/tubes_malpighi_82_legende-WEB.jpg\" target=\"_blank\">Voir l&rsquo;image l\u00e9gend\u00e9e<\/a><\/p>\n<p> &nbsp; <\/p>\n<p><a name=\"epididyme_souris\"><\/a><\/p>\n<h2>\u00c9pith\u00e9lium simple prismatique \u00e0 st\u00e9r\u00e9ocils<\/h2>\n<figure style=\"width: 300px\" class=\"wp-caption alignnone\"><a rel=\"lightbox\" href=\"\/documents\/images\/histologie\/epididyme_mammifere_2008_40-WEB.jpg\" target=\"_blank\"><img decoding=\"async\" alt=\"\u00c9pididyme de Souris\" src=\"\/documents\/images\/histologie\/epididyme_mammifere_2008_40-WEB.jpg\" title=\"\u00c9pididyme de Souris\" width=\"300\" \/><\/a><figcaption class=\"wp-caption-text\">\u00c9pididyme de Souris en coupe transversale (H.-G. Dupuy)<\/figcaption><\/figure>\n<p style=\"text-align: right;\"><a rel=\"lightbox\" href=\"\/documents\/images\/histologie\/epididyme_mammifere_2008_40_legende-WEB.jpg\" target=\"_blank\">Voir l&rsquo;image l\u00e9gend\u00e9e<\/a><\/p>\n<p> &nbsp; <\/p>\n<p><a name=\"intestin_triton\"><\/a><\/p>\n<h2>\u00c9pith\u00e9lium simple prismatique \u00e0 bordure en brosse<\/h2>\n<figure style=\"width: 300px\" class=\"wp-caption alignnone\"><a rel=\"lightbox\" href=\"\/documents\/images\/histologie\/intestin_triton_82-WEB.jpg\" target=\"_blank\"><img decoding=\"async\" alt=\"Intestin de Triton\" src=\"\/documents\/images\/histologie\/intestin_triton_82-WEB.jpg\" title=\"Intestin de Triton\" width=\"300\" \/><\/a><figcaption class=\"wp-caption-text\">Intestin de Triton en coupe transversale<\/figcaption><\/figure>\n<p style=\"text-align: right;\"><a rel=\"lightbox\" href=\"\/documents\/images\/histologie\/intestin_triton_82_legende-WEB.jpg\" target=\"_blank\">Voir l&rsquo;image l\u00e9gend\u00e9e<\/a><\/p>\n<p> &nbsp; <\/p>\n<p><a name=\"oesophage_mammifere\"><\/a><\/p>\n<h2>\u00c9pith\u00e9lium stratifi\u00e9 pavimenteux \u00e0 couche corn\u00e9e<\/h2>\n<figure style=\"width: 300px\" class=\"wp-caption alignnone\"><a rel=\"lightbox\" href=\"\/documents\/images\/histologie\/oesophage_17-WEB.jpg\" target=\"_blank\"><img decoding=\"async\" alt=\"\u0152sophage de Mammif\u00e8re\" src=\"\/documents\/images\/histologie\/oesophage_17-WEB.jpg\" title=\"\u0152sophage de Mammif\u00e8re\" width=\"300\" \/><\/a><figcaption class=\"wp-caption-text\">\u0152sophage de Mammif\u00e8re en coupe transversale<\/figcaption><\/figure>\n<p style=\"text-align: right;\"><a rel=\"lightbox\" href=\"\/documents\/images\/histologie\/oesophage_17_legende-WEB.jpg\" target=\"_blank\">Voir l&rsquo;image l\u00e9gend\u00e9e<\/a><\/p>\n<p> &nbsp; <\/p>\n<p><a name=\"trachee_mammifere\"><\/a><\/p>\n<h2>\u00c9pith\u00e9lium pseudostratifi\u00e9 prismatique cili\u00e9<\/h2>\n<figure style=\"width: 300px\" class=\"wp-caption alignnone\"><a rel=lightbox\" href=\"\/documents\/images\/histologie\/trachee_mammifere_13-WEB.jpg\" target=\"_blank\" rel=\"lightbox[3939]\"><img decoding=\"async\" alt=\"Trach\u00e9e de Mammif\u00e8re\" src=\"\/documents\/images\/histologie\/trachee_mammifere_13-WEB.jpg\" title=\"Trach\u00e9e de Mammif\u00e8re\" width=\"300\" \/><\/a><figcaption class=\"wp-caption-text\">Trach\u00e9e de Mammif\u00e8re en coupe transversale<\/figcaption><\/figure>\n<p style=\"text-align: right;\"><a rel=lightbox\" href=\"\/documents\/images\/histologie\/trachee_mammifere_13_legende-WEB.jpg\" target=\"_blank\" rel=\"lightbox[3939]\">Voir l&rsquo;image l\u00e9gend\u00e9e<\/a><\/p>\n<p> &nbsp; <\/p>\n","protected":false},"excerpt":{"rendered":"<p>&nbsp; \u00c9pith\u00e9lium simple pavimenteux Voir l&rsquo;image l\u00e9gend\u00e9e &nbsp; \u00c9pith\u00e9lium simple cubique \u00e0 bordure en brosse Voir l&rsquo;image l\u00e9gend\u00e9e &nbsp; \u00c9pith\u00e9lium simple prismatique \u00e0 st\u00e9r\u00e9ocils Voir l&rsquo;image l\u00e9gend\u00e9e &nbsp; \u00c9pith\u00e9lium simple prismatique \u00e0 bordure en brosse Voir l&rsquo;image l\u00e9gend\u00e9e &nbsp; \u00c9pith\u00e9lium stratifi\u00e9 pavimenteux \u00e0 couche corn\u00e9e Voir l&rsquo;image l\u00e9gend\u00e9e &nbsp; \u00c9pith\u00e9lium pseudostratifi\u00e9 prismatique cili\u00e9<\/p>\n","protected":false},"author":2,"featured_media":0,"parent":3912,"menu_order":1,"comment_status":"closed","ping_status":"closed","template":"","meta":{"site-sidebar-layout":"default","site-content-layout":"","ast-site-content-layout":"default","site-content-style":"default","site-sidebar-style":"default","ast-global-header-display":"","ast-banner-title-visibility":"","ast-main-header-display":"","ast-hfb-above-header-display":"","ast-hfb-below-header-display":"","ast-hfb-mobile-header-display":"","site-post-title":"","ast-breadcrumbs-content":"","ast-featured-img":"","footer-sml-layout":"","ast-disable-related-posts":"","theme-transparent-header-meta":"","adv-header-id-meta":"","stick-header-meta":"","header-above-stick-meta":"","header-main-stick-meta":"","header-below-stick-meta":"","astra-migrate-meta-layouts":"default","ast-page-background-enabled":"default","ast-page-background-meta":{"desktop":{"background-color":"var(--ast-global-color-4)","background-image":"","background-repeat":"repeat","background-position":"center center","background-size":"auto","background-attachment":"scroll","background-type":"","background-media":"","overlay-type":"","overlay-color":"","overlay-opacity":"","overlay-gradient":""},"tablet":{"background-color":"","background-image":"","background-repeat":"repeat","background-position":"center center","background-size":"auto","background-attachment":"scroll","background-type":"","background-media":"","overlay-type":"","overlay-color":"","overlay-opacity":"","overlay-gradient":""},"mobile":{"background-color":"","background-image":"","background-repeat":"repeat","background-position":"center center","background-size":"auto","background-attachment":"scroll","background-type":"","background-media":"","overlay-type":"","overlay-color":"","overlay-opacity":"","overlay-gradient":""}},"ast-content-background-meta":{"desktop":{"background-color":"var(--ast-global-color-5)","background-image":"","background-repeat":"repeat","background-position":"center center","background-size":"auto","background-attachment":"scroll","background-type":"","background-media":"","overlay-type":"","overlay-color":"","overlay-opacity":"","overlay-gradient":""},"tablet":{"background-color":"var(--ast-global-color-5)","background-image":"","background-repeat":"repeat","background-position":"center center","background-size":"auto","background-attachment":"scroll","background-type":"","background-media":"","overlay-type":"","overlay-color":"","overlay-opacity":"","overlay-gradient":""},"mobile":{"background-color":"var(--ast-global-color-5)","background-image":"","background-repeat":"repeat","background-position":"center center","background-size":"auto","background-attachment":"scroll","background-type":"","background-media":"","overlay-type":"","overlay-color":"","overlay-opacity":"","overlay-gradient":""}},"footnotes":""},"class_list":["post-3939","page","type-page","status-publish","hentry"],"aioseo_notices":[],"jetpack_sharing_enabled":true,"_links":{"self":[{"href":"https:\/\/codexvirtualis.fr\/codex\/wp-json\/wp\/v2\/pages\/3939","targetHints":{"allow":["GET"]}}],"collection":[{"href":"https:\/\/codexvirtualis.fr\/codex\/wp-json\/wp\/v2\/pages"}],"about":[{"href":"https:\/\/codexvirtualis.fr\/codex\/wp-json\/wp\/v2\/types\/page"}],"author":[{"embeddable":true,"href":"https:\/\/codexvirtualis.fr\/codex\/wp-json\/wp\/v2\/users\/2"}],"replies":[{"embeddable":true,"href":"https:\/\/codexvirtualis.fr\/codex\/wp-json\/wp\/v2\/comments?post=3939"}],"version-history":[{"count":18,"href":"https:\/\/codexvirtualis.fr\/codex\/wp-json\/wp\/v2\/pages\/3939\/revisions"}],"predecessor-version":[{"id":3965,"href":"https:\/\/codexvirtualis.fr\/codex\/wp-json\/wp\/v2\/pages\/3939\/revisions\/3965"}],"up":[{"embeddable":true,"href":"https:\/\/codexvirtualis.fr\/codex\/wp-json\/wp\/v2\/pages\/3912"}],"wp:attachment":[{"href":"https:\/\/codexvirtualis.fr\/codex\/wp-json\/wp\/v2\/media?parent=3939"}],"curies":[{"name":"wp","href":"https:\/\/api.w.org\/{rel}","templated":true}]}}