{"id":3894,"date":"2012-07-08T18:36:47","date_gmt":"2012-07-08T16:36:47","guid":{"rendered":"http:\/\/codexvirtualis.fr\/codex\/?page_id=3894"},"modified":"2022-06-06T17:41:44","modified_gmt":"2022-06-06T15:41:44","slug":"premiers-pas-histologiques","status":"publish","type":"page","link":"https:\/\/codexvirtualis.fr\/codex\/de-lorganisation-interne\/premiers-pas-histologiques","title":{"rendered":"Premiers pas histologiques"},"content":{"rendered":"\n<div class=\"wp-block-columns is-layout-flex wp-container-core-columns-is-layout-28f84493 wp-block-columns-is-layout-flex\">\n<div class=\"wp-block-column is-layout-flow wp-block-column-is-layout-flow\">\n<p>L&rsquo;organisation interne des organismes peut \u00eatre \u00e9tudi\u00e9e \u00e0 partir de pr\u00e9parations histologiques.<\/p>\n\n\n\n<p>Il s&rsquo;agit de fines sections dont l&rsquo;\u00e9paisseur varie de 5 \u00e0 10 \u00b5m, coll\u00e9es sur des lames de verre, g\u00e9n\u00e9ralement color\u00e9es, et observ\u00e9es au microscope optique.<\/p>\n<\/div>\n<\/div>\n\n\n\n<div class=\"wp-block-columns is-layout-flex wp-container-core-columns-is-layout-28f84493 wp-block-columns-is-layout-flex\">\n<div class=\"wp-block-column is-layout-flow wp-block-column-is-layout-flow\">\n<figure class=\"wp-block-image alignnone is-resized\"><a href=\"\/documents\/images\/histologie\/intestin_triton_20-WEB.jpg\" rel=\"lightbox noopener\"><img decoding=\"async\" src=\"\/documents\/images\/histologie\/intestin_triton_20-WEB.jpg\" alt=\"Intestin de Triton en coupe transversale\" width=\"300\"\/><\/a><figcaption>Intestin de Triton en coupe transversale<\/figcaption><\/figure>\n\n\n\n<p class=\"has-text-align-right\"><a href=\"\/documents\/images\/histologie\/intestin_triton_20_legende-WEB.jpg\" target=\"_blank\" rel=\"lightbox noopener\">Voir l&rsquo;image l\u00e9gend\u00e9e<\/a><\/p>\n\n\n\n<p>Sur cette pr\u00e9paration histologique d&rsquo;intestin de Triton, diverses structures sont visibles.<br \/>De gauche \u00e0 droite se succ\u00e8dent trois tuniques :<\/p>\n\n\n\n<p><span style=\"color: #999999;\">\u2022 <\/span>\u00e9pith\u00e9liale, dont la couleur dominante est le rouge, avec quelques taches bleu\u00e2tres ;<\/p>\n\n\n\n<p><span style=\"color: #999999;\">\u2022 <\/span>conjonctive, principalement color\u00e9e en bleu ;<\/p>\n\n\n\n<p><span style=\"color: #999999;\">\u2022 <\/span>musculaire, \u00e9galement de couleur rouge.<\/p>\n\n\n\n<p>Des \u00e9l\u00e9ments nerveux sont pr\u00e9sents au sein de la tunique musculaire. Ils forment les volumineuses taches rouges en bas de l&rsquo;image.<\/p>\n<\/div>\n<\/div>\n\n\n\n<div class=\"wp-block-columns is-layout-flex wp-container-core-columns-is-layout-28f84493 wp-block-columns-is-layout-flex\">\n<div class=\"wp-block-column is-layout-flow wp-block-column-is-layout-flow\">\n<p>Les coupes histologiques confectionn\u00e9es \u00e0 partir d&rsquo;organismes animaux apparaissent compos\u00e9es de quatre types de tissus :<\/p>\n\n\n\n<p><span style=\"color: #999999;\">\u2022 <\/span>le tissu \u00e9pith\u00e9lial ;<\/p>\n\n\n\n<p><span style=\"color: #999999;\">\u2022 <\/span>le tissu conjonctif ;<\/p>\n\n\n\n<p><span style=\"color: #999999;\">\u2022 <\/span>le tissu musculaire ;<\/p>\n\n\n\n<p><span style=\"color: #999999;\">\u2022 <\/span>le tissu nerveux.<\/p>\n<\/div>\n<\/div>\n\n\n\n<div class=\"wp-block-columns is-layout-flex wp-container-core-columns-is-layout-28f84493 wp-block-columns-is-layout-flex\">\n<div class=\"wp-block-column is-layout-flow wp-block-column-is-layout-flow\">\n<p>Litt\u00e9ralement, le terme \u00ab\u00a0histologie\u00a0\u00bb d\u00e9signe ainsi l&rsquo;\u00e9tude des tissus.<\/p>\n\n\n\n<p>Il n&rsquo;est cependant pas ais\u00e9 d&rsquo;\u00e9noncer une d\u00e9finition du terme \u00ab\u00a0tissu\u00a0\u00bb.<\/p>\n\n\n\n<p>En premi\u00e8re approximation, un tissu peut \u00eatre d\u00e9crit comme un ensemble fonctionnel pluricellulaire.<\/p>\n\n\n\n<p>Il correspond \u00e0 un ensemble de cellules pr\u00e9sentant des caract\u00e8res morphologiques accus\u00e9s, souvent de m\u00eame origine embryologique, et concourant \u00e0 la r\u00e9alisation d&rsquo;une fonction.<\/p>\n<\/div>\n<\/div>\n\n\n\n<div class=\"wp-block-columns is-layout-flex wp-container-core-columns-is-layout-28f84493 wp-block-columns-is-layout-flex\">\n<div class=\"wp-block-column is-layout-flow wp-block-column-is-layout-flow\">\n<p>La compr\u00e9hension et l&rsquo;interpr\u00e9tation de toute pr\u00e9paration histologique passe par le rep\u00e9rage et l&rsquo;identification des cellules qui la composent.<\/p>\n\n\n\n<figure class=\"wp-block-image alignnone is-resized\"><a href=\"\/documents\/images\/histologie\/foie02-WEB.jpg\" rel=\"lightbox noopener\"><img decoding=\"async\" src=\"\/documents\/images\/histologie\/foie02-WEB.jpg\" alt=\"Foie de Souris en coupe transversale\" width=\"300\"\/><\/a><figcaption>Foie de Souris en coupe transversale<\/figcaption><\/figure>\n\n\n\n<p class=\"has-text-align-right\"><a href=\"\/documents\/images\/histologie\/foie02_legende-WEB.jpg\" target=\"_blank\" rel=\"lightbox noopener\"> Voir l&rsquo;image l\u00e9gend\u00e9e<\/a><\/p>\n\n\n\n<p>Le grossissement et la r\u00e9solution du microscope optique permettent de distinguer :<\/p>\n\n\n\n<p><span style=\"color: #999999;\">\u2022 <\/span>le noyau, structure individualis\u00e9e contenant l&rsquo;essentiel du mat\u00e9riel g\u00e9n\u00e9tique, il est nettement d\u00e9limit\u00e9 du fait de la pr\u00e9sence d&rsquo;une enveloppe qui l&rsquo;entoure ;<\/p>\n\n\n\n<p><span style=\"color: #999999;\">\u2022 <\/span>le cytoplasme, form\u00e9 d&rsquo;une solution dans laquelle baignent les divers composants cellulaires (\u00e0 l&rsquo;exception du noyau, leur taille est trop faible pour qu&rsquo;ils puissent \u00eatre r\u00e9v\u00e9l\u00e9s par la technique utilis\u00e9e et l&rsquo;instrument employ\u00e9).<\/p>\n\n\n\n<p>La forme des cellules sugg\u00e8re l&#8217;emplacement de la membrane plasmique qui constitue la fronti\u00e8re entre la cellule et son environnement.<\/p>\n<\/div>\n<\/div>\n\n\n\n<div class=\"wp-block-columns is-layout-flex wp-container-core-columns-is-layout-28f84493 wp-block-columns-is-layout-flex\">\n<div class=\"wp-block-column is-layout-flow wp-block-column-is-layout-flow\">\n<p>Les liens ci-dessous conduisent aux pages consacr\u00e9es \u00e0 chaque cat\u00e9gorie de tissus animaux.<\/p>\n\n\n\n<p>Certaines pages sont en cours de construction. Encore un peu de patience !<\/p>\n<\/div>\n<\/div>\n\n\n\n<p><\/p>\n\n\n\n<p><\/p>\n\n\n\n<hr class=\"wp-block-separator has-css-opacity is-style-wide\"\/>\n\n\n\n<p><\/p>\n\n\n\n<div class=\"wp-block-media-text alignwide is-stacked-on-mobile\" style=\"grid-template-columns:30% auto\" id=\"container\"><figure class=\"wp-block-media-text__media\"><a href=\"\/codex\/de-lorganisation-interne\/premiers-pas-histologiques\/le-tissu-epithelial\"><img data-recalc-dims=\"1\" loading=\"lazy\" decoding=\"async\" width=\"300\" height=\"225\" data-attachment-id=\"14570\" data-permalink=\"https:\/\/codexvirtualis.fr\/codex\/de-lorganisation-interne\/premiers-pas-histologiques\/roussette_branchie57_300\" data-orig-file=\"https:\/\/i0.wp.com\/codexvirtualis.fr\/codex\/wp-content\/uploads\/roussette_branchie57_300.jpg?fit=300%2C225&amp;ssl=1\" data-orig-size=\"300,225\" data-comments-opened=\"0\" data-image-meta=\"{&quot;aperture&quot;:&quot;0&quot;,&quot;credit&quot;:&quot;&quot;,&quot;camera&quot;:&quot;&quot;,&quot;caption&quot;:&quot;&quot;,&quot;created_timestamp&quot;:&quot;0&quot;,&quot;copyright&quot;:&quot;&quot;,&quot;focal_length&quot;:&quot;0&quot;,&quot;iso&quot;:&quot;0&quot;,&quot;shutter_speed&quot;:&quot;0&quot;,&quot;title&quot;:&quot;&quot;,&quot;orientation&quot;:&quot;0&quot;}\" data-image-title=\"roussette_branchie57_300\" data-image-description=\"\" data-image-caption=\"\" data-medium-file=\"https:\/\/i0.wp.com\/codexvirtualis.fr\/codex\/wp-content\/uploads\/roussette_branchie57_300.jpg?fit=300%2C225&amp;ssl=1\" data-large-file=\"https:\/\/i0.wp.com\/codexvirtualis.fr\/codex\/wp-content\/uploads\/roussette_branchie57_300.jpg?fit=300%2C225&amp;ssl=1\" src=\"https:\/\/i0.wp.com\/codexvirtualis.fr\/codex\/wp-content\/uploads\/roussette_branchie57_300.jpg?resize=300%2C225&#038;ssl=1\" alt=\"\" class=\"wp-image-14570 size-full\"\/><\/a><\/figure><div class=\"wp-block-media-text__content\">\n<h2 class=\"wp-block-heading\">Le tissu \u00e9pith\u00e9lial<\/h2>\n\n\n\n<p><a href=\"\/codex\/de-lorganisation-interne\/premiers-pas-histologiques\/le-tissu-epithelial\">Une description illustr\u00e9e des caract\u00e9ristiques et de la diversit\u00e9 du tissu \u00e9pith\u00e9lial<\/a><\/p>\n<\/div><\/div>\n\n\n\n<p><\/p>\n\n\n\n<p><\/p>\n\n\n\n<hr class=\"wp-block-separator has-css-opacity is-style-wide\"\/>\n\n\n\n<p><\/p>\n\n\n\n<div class=\"wp-block-media-text alignwide is-stacked-on-mobile\" style=\"grid-template-columns:30% auto\" id=\"container\"><figure class=\"wp-block-media-text__media\"><a href=\"\/codex\/de-lorganisation-interne\/premiers-pas-histologiques\/le-tissu-conjonctif\"><img data-recalc-dims=\"1\" loading=\"lazy\" decoding=\"async\" width=\"300\" height=\"225\" data-attachment-id=\"14571\" data-permalink=\"https:\/\/codexvirtualis.fr\/codex\/de-lorganisation-interne\/premiers-pas-histologiques\/roussette_branchie53_300\" data-orig-file=\"https:\/\/i0.wp.com\/codexvirtualis.fr\/codex\/wp-content\/uploads\/roussette_branchie53_300.jpg?fit=300%2C225&amp;ssl=1\" data-orig-size=\"300,225\" data-comments-opened=\"0\" data-image-meta=\"{&quot;aperture&quot;:&quot;0&quot;,&quot;credit&quot;:&quot;&quot;,&quot;camera&quot;:&quot;&quot;,&quot;caption&quot;:&quot;&quot;,&quot;created_timestamp&quot;:&quot;0&quot;,&quot;copyright&quot;:&quot;&quot;,&quot;focal_length&quot;:&quot;0&quot;,&quot;iso&quot;:&quot;0&quot;,&quot;shutter_speed&quot;:&quot;0&quot;,&quot;title&quot;:&quot;&quot;,&quot;orientation&quot;:&quot;0&quot;}\" data-image-title=\"roussette_branchie53_300\" data-image-description=\"\" data-image-caption=\"\" data-medium-file=\"https:\/\/i0.wp.com\/codexvirtualis.fr\/codex\/wp-content\/uploads\/roussette_branchie53_300.jpg?fit=300%2C225&amp;ssl=1\" data-large-file=\"https:\/\/i0.wp.com\/codexvirtualis.fr\/codex\/wp-content\/uploads\/roussette_branchie53_300.jpg?fit=300%2C225&amp;ssl=1\" src=\"https:\/\/i0.wp.com\/codexvirtualis.fr\/codex\/wp-content\/uploads\/roussette_branchie53_300.jpg?resize=300%2C225&#038;ssl=1\" alt=\"\" class=\"wp-image-14571 size-full\"\/><\/a><\/figure><div class=\"wp-block-media-text__content\">\n<h2 class=\"wp-block-heading\">Le tissu conjonctif<\/h2>\n\n\n\n<p><a href=\"\/codex\/de-lorganisation-interne\/premiers-pas-histologiques\/le-tissu-conjonctif\">Une description illustr\u00e9e des caract\u00e9ristiques et de la diversit\u00e9 du tissu conjonctif<\/a><\/p>\n<\/div><\/div>\n\n\n\n<p><\/p>\n\n\n\n<p><\/p>\n\n\n\n<hr class=\"wp-block-separator has-css-opacity is-style-wide\"\/>\n\n\n\n<p><\/p>\n\n\n\n<div class=\"wp-block-media-text alignwide is-stacked-on-mobile\" style=\"grid-template-columns:30% auto\" id=\"container\"><figure class=\"wp-block-media-text__media\"><a href=\"\/codex\/de-lorganisation-interne\/premiers-pas-histologiques\/le-tissu-musculaire\"><img data-recalc-dims=\"1\" loading=\"lazy\" decoding=\"async\" width=\"300\" height=\"225\" data-attachment-id=\"14572\" data-permalink=\"https:\/\/codexvirtualis.fr\/codex\/de-lorganisation-interne\/premiers-pas-histologiques\/roussette_branchie28_300\" data-orig-file=\"https:\/\/i0.wp.com\/codexvirtualis.fr\/codex\/wp-content\/uploads\/roussette_branchie28_300.jpg?fit=300%2C225&amp;ssl=1\" data-orig-size=\"300,225\" data-comments-opened=\"0\" data-image-meta=\"{&quot;aperture&quot;:&quot;0&quot;,&quot;credit&quot;:&quot;&quot;,&quot;camera&quot;:&quot;&quot;,&quot;caption&quot;:&quot;&quot;,&quot;created_timestamp&quot;:&quot;0&quot;,&quot;copyright&quot;:&quot;&quot;,&quot;focal_length&quot;:&quot;0&quot;,&quot;iso&quot;:&quot;0&quot;,&quot;shutter_speed&quot;:&quot;0&quot;,&quot;title&quot;:&quot;&quot;,&quot;orientation&quot;:&quot;0&quot;}\" data-image-title=\"roussette_branchie28_300\" data-image-description=\"\" data-image-caption=\"\" data-medium-file=\"https:\/\/i0.wp.com\/codexvirtualis.fr\/codex\/wp-content\/uploads\/roussette_branchie28_300.jpg?fit=300%2C225&amp;ssl=1\" data-large-file=\"https:\/\/i0.wp.com\/codexvirtualis.fr\/codex\/wp-content\/uploads\/roussette_branchie28_300.jpg?fit=300%2C225&amp;ssl=1\" src=\"https:\/\/i0.wp.com\/codexvirtualis.fr\/codex\/wp-content\/uploads\/roussette_branchie28_300.jpg?resize=300%2C225&#038;ssl=1\" alt=\"\" class=\"wp-image-14572 size-full\"\/><\/a><\/figure><div class=\"wp-block-media-text__content\">\n<h2 class=\"wp-block-heading\">Le tissu musculaire<\/h2>\n\n\n\n<p><a href=\"\/codex\/de-lorganisation-interne\/premiers-pas-histologiques\/le-tissu-musculaire\">Une description illustr\u00e9e des caract\u00e9ristiques et de la diversit\u00e9 du tissu musculaire<\/a><\/p>\n<\/div><\/div>\n\n\n\n<p><\/p>\n\n\n\n<p><\/p>\n\n\n\n<hr class=\"wp-block-separator has-css-opacity is-style-wide\"\/>\n\n\n\n<p><\/p>\n\n\n\n<div class=\"wp-block-media-text alignwide is-stacked-on-mobile\" style=\"grid-template-columns:30% auto\" id=\"container\"><figure class=\"wp-block-media-text__media\"><a href=\"\/codex\/de-lorganisation-interne\/premiers-pas-histologiques\/le-tissu-nerveux\/\"><img data-recalc-dims=\"1\" loading=\"lazy\" decoding=\"async\" width=\"300\" height=\"225\" data-attachment-id=\"14573\" data-permalink=\"https:\/\/codexvirtualis.fr\/codex\/de-lorganisation-interne\/premiers-pas-histologiques\/roussette_branchie27_300\" data-orig-file=\"https:\/\/i0.wp.com\/codexvirtualis.fr\/codex\/wp-content\/uploads\/roussette_branchie27_300.jpg?fit=300%2C225&amp;ssl=1\" data-orig-size=\"300,225\" data-comments-opened=\"0\" data-image-meta=\"{&quot;aperture&quot;:&quot;0&quot;,&quot;credit&quot;:&quot;&quot;,&quot;camera&quot;:&quot;&quot;,&quot;caption&quot;:&quot;&quot;,&quot;created_timestamp&quot;:&quot;0&quot;,&quot;copyright&quot;:&quot;&quot;,&quot;focal_length&quot;:&quot;0&quot;,&quot;iso&quot;:&quot;0&quot;,&quot;shutter_speed&quot;:&quot;0&quot;,&quot;title&quot;:&quot;&quot;,&quot;orientation&quot;:&quot;0&quot;}\" data-image-title=\"roussette_branchie27_300\" data-image-description=\"\" data-image-caption=\"\" data-medium-file=\"https:\/\/i0.wp.com\/codexvirtualis.fr\/codex\/wp-content\/uploads\/roussette_branchie27_300.jpg?fit=300%2C225&amp;ssl=1\" data-large-file=\"https:\/\/i0.wp.com\/codexvirtualis.fr\/codex\/wp-content\/uploads\/roussette_branchie27_300.jpg?fit=300%2C225&amp;ssl=1\" src=\"https:\/\/i0.wp.com\/codexvirtualis.fr\/codex\/wp-content\/uploads\/roussette_branchie27_300.jpg?resize=300%2C225&#038;ssl=1\" alt=\"\" class=\"wp-image-14573 size-full\"\/><\/a><\/figure><div class=\"wp-block-media-text__content\">\n<h2 class=\"wp-block-heading\">Le tissu nerveux<\/h2>\n\n\n\n<p><a href=\"\/codex\/de-lorganisation-interne\/premiers-pas-histologiques\/le-tissu-nerveux\/\" title=\"Une description illustr\u00e9e des caract\u00e9ristiques et de la diversit\u00e9 du tissu nerveux\">Une description illustr\u00e9e des caract\u00e9ristiques et de la diversit\u00e9 du tissu nerveux<\/a><\/p>\n<\/div><\/div>\n\n\n\n<p><\/p>\n\n\n\n<p><\/p>\n\n\n\n<hr class=\"wp-block-separator has-css-opacity is-style-wide\"\/>\n\n\n\n<p><\/p>\n","protected":false},"excerpt":{"rendered":"<p>L&rsquo;organisation interne des organismes peut \u00eatre \u00e9tudi\u00e9e \u00e0 partir de pr\u00e9parations histologiques. Il s&rsquo;agit de fines sections dont l&rsquo;\u00e9paisseur varie de 5 \u00e0 10 \u00b5m, coll\u00e9es sur des lames de verre, g\u00e9n\u00e9ralement color\u00e9es, et observ\u00e9es au microscope optique. Voir l&rsquo;image l\u00e9gend\u00e9e Sur cette pr\u00e9paration histologique d&rsquo;intestin de Triton, diverses structures sont visibles.De gauche \u00e0 droite [&hellip;]<\/p>\n","protected":false},"author":2,"featured_media":0,"parent":22,"menu_order":1,"comment_status":"closed","ping_status":"closed","template":"","meta":{"site-sidebar-layout":"default","site-content-layout":"","ast-site-content-layout":"default","site-content-style":"default","site-sidebar-style":"default","ast-global-header-display":"","ast-banner-title-visibility":"","ast-main-header-display":"","ast-hfb-above-header-display":"","ast-hfb-below-header-display":"","ast-hfb-mobile-header-display":"","site-post-title":"","ast-breadcrumbs-content":"","ast-featured-img":"","footer-sml-layout":"","ast-disable-related-posts":"","theme-transparent-header-meta":"","adv-header-id-meta":"","stick-header-meta":"","header-above-stick-meta":"","header-main-stick-meta":"","header-below-stick-meta":"","astra-migrate-meta-layouts":"default","ast-page-background-enabled":"default","ast-page-background-meta":{"desktop":{"background-color":"var(--ast-global-color-4)","background-image":"","background-repeat":"repeat","background-position":"center center","background-size":"auto","background-attachment":"scroll","background-type":"","background-media":"","overlay-type":"","overlay-color":"","overlay-opacity":"","overlay-gradient":""},"tablet":{"background-color":"","background-image":"","background-repeat":"repeat","background-position":"center center","background-size":"auto","background-attachment":"scroll","background-type":"","background-media":"","overlay-type":"","overlay-color":"","overlay-opacity":"","overlay-gradient":""},"mobile":{"background-color":"","background-image":"","background-repeat":"repeat","background-position":"center center","background-size":"auto","background-attachment":"scroll","background-type":"","background-media":"","overlay-type":"","overlay-color":"","overlay-opacity":"","overlay-gradient":""}},"ast-content-background-meta":{"desktop":{"background-color":"var(--ast-global-color-5)","background-image":"","background-repeat":"repeat","background-position":"center center","background-size":"auto","background-attachment":"scroll","background-type":"","background-media":"","overlay-type":"","overlay-color":"","overlay-opacity":"","overlay-gradient":""},"tablet":{"background-color":"var(--ast-global-color-5)","background-image":"","background-repeat":"repeat","background-position":"center center","background-size":"auto","background-attachment":"scroll","background-type":"","background-media":"","overlay-type":"","overlay-color":"","overlay-opacity":"","overlay-gradient":""},"mobile":{"background-color":"var(--ast-global-color-5)","background-image":"","background-repeat":"repeat","background-position":"center center","background-size":"auto","background-attachment":"scroll","background-type":"","background-media":"","overlay-type":"","overlay-color":"","overlay-opacity":"","overlay-gradient":""}},"footnotes":""},"class_list":["post-3894","page","type-page","status-publish","hentry"],"aioseo_notices":[],"jetpack_sharing_enabled":true,"_links":{"self":[{"href":"https:\/\/codexvirtualis.fr\/codex\/wp-json\/wp\/v2\/pages\/3894","targetHints":{"allow":["GET"]}}],"collection":[{"href":"https:\/\/codexvirtualis.fr\/codex\/wp-json\/wp\/v2\/pages"}],"about":[{"href":"https:\/\/codexvirtualis.fr\/codex\/wp-json\/wp\/v2\/types\/page"}],"author":[{"embeddable":true,"href":"https:\/\/codexvirtualis.fr\/codex\/wp-json\/wp\/v2\/users\/2"}],"replies":[{"embeddable":true,"href":"https:\/\/codexvirtualis.fr\/codex\/wp-json\/wp\/v2\/comments?post=3894"}],"version-history":[{"count":25,"href":"https:\/\/codexvirtualis.fr\/codex\/wp-json\/wp\/v2\/pages\/3894\/revisions"}],"predecessor-version":[{"id":14577,"href":"https:\/\/codexvirtualis.fr\/codex\/wp-json\/wp\/v2\/pages\/3894\/revisions\/14577"}],"up":[{"embeddable":true,"href":"https:\/\/codexvirtualis.fr\/codex\/wp-json\/wp\/v2\/pages\/22"}],"wp:attachment":[{"href":"https:\/\/codexvirtualis.fr\/codex\/wp-json\/wp\/v2\/media?parent=3894"}],"curies":[{"name":"wp","href":"https:\/\/api.w.org\/{rel}","templated":true}]}}