{"id":3883,"date":"2012-07-08T17:23:57","date_gmt":"2012-07-08T15:23:57","guid":{"rendered":"http:\/\/codexvirtualis.fr\/codex\/?page_id=3883"},"modified":"2012-07-08T17:34:35","modified_gmt":"2012-07-08T15:34:35","slug":"qui-sont-ils","status":"publish","type":"page","link":"https:\/\/codexvirtualis.fr\/codex\/qui-sont-ils","title":{"rendered":"Qui sont ils ?"},"content":{"rendered":"<p> &nbsp; <\/p>\n<p>Ils ont accept\u00e9 de poser pour le p\u00eale-m\u00eale en en-t\u00eate de Codex virtualis.<\/p>\n<p> &nbsp; <\/p>\n<p>Ce sont, de gauche \u00e0 droite et de haut en bas :<\/p>\n<p> &nbsp; <\/p>\n<p><span style=\"color: #999999;\">\u2022 <\/span>une Araign\u00e9e lynx<\/p>\n<p><span style=\"color: #999999;\">\u2022 <\/span>un jeune Cygne<\/p>\n<p><span style=\"color: #999999;\">\u2022 <\/span>un Cuivr\u00e9 commun<\/p>\n<p><span style=\"color: #999999;\">\u2022 <\/span>une M\u00e9sange bleue<\/p>\n<p><span style=\"color: #999999;\">\u2022 <\/span>une Ambrette commune<\/p>\n<p><span style=\"color: #999999;\">\u2022 <\/span>un Criquet<\/p>\n<p><span style=\"color: #999999;\">\u2022 <\/span>une Grenouille<\/p>\n<p><span style=\"color: #999999;\">\u2022 <\/span>une Mouche<\/p>\n<p><span style=\"color: #999999;\">\u2022 <\/span>un Lapin<\/p>\n<p><span style=\"color: #999999;\">\u2022 <\/span>un Membracide bison<\/p>\n<p> &nbsp; <\/p>\n<p><span style=\"color: #999999;\">\u2022 <\/span>un Canard de barbarie<\/p>\n<p><span style=\"color: #999999;\">\u2022 <\/span>une Asilide<\/p>\n<p><span style=\"color: #999999;\">\u2022 <\/span>un L\u00e9zard des murailles<\/p>\n<p><span style=\"color: #999999;\">\u2022 <\/span>un Anax empereur<\/p>\n<p><span style=\"color: #999999;\">\u2022 <\/span>des Escargots des haies<\/p>\n<p><span style=\"color: #999999;\">\u2022 <\/span>une Cicadelle verte<\/p>\n<p><span style=\"color: #999999;\">\u2022 <\/span>un Grand Cormoran<\/p>\n<p><span style=\"color: #999999;\">\u2022 <\/span>un Agrion porte-coupe<\/p>\n<p><span style=\"color: #999999;\">\u2022 <\/span>un H\u00e9ron<\/p>\n<p><span style=\"color: #999999;\">\u2022 <\/span>une Galath\u00e9e rouge.<\/p>\n","protected":false},"excerpt":{"rendered":"<p>&nbsp; Ils ont accept\u00e9 de poser pour le p\u00eale-m\u00eale en en-t\u00eate de Codex virtualis. &nbsp; Ce sont, de gauche \u00e0 droite et de haut en bas : &nbsp; \u2022 une Araign\u00e9e lynx \u2022 un jeune Cygne \u2022 un Cuivr\u00e9 commun \u2022 une M\u00e9sange bleue \u2022 une Ambrette commune \u2022 un Criquet \u2022 une Grenouille \u2022 [&hellip;]<\/p>\n","protected":false},"author":2,"featured_media":0,"parent":0,"menu_order":10,"comment_status":"closed","ping_status":"closed","template":"","meta":{"site-sidebar-layout":"default","site-content-layout":"","ast-site-content-layout":"default","site-content-style":"default","site-sidebar-style":"default","ast-global-header-display":"","ast-banner-title-visibility":"","ast-main-header-display":"","ast-hfb-above-header-display":"","ast-hfb-below-header-display":"","ast-hfb-mobile-header-display":"","site-post-title":"","ast-breadcrumbs-content":"","ast-featured-img":"","footer-sml-layout":"","ast-disable-related-posts":"","theme-transparent-header-meta":"","adv-header-id-meta":"","stick-header-meta":"","header-above-stick-meta":"","header-main-stick-meta":"","header-below-stick-meta":"","astra-migrate-meta-layouts":"default","ast-page-background-enabled":"default","ast-page-background-meta":{"desktop":{"background-color":"var(--ast-global-color-4)","background-image":"","background-repeat":"repeat","background-position":"center center","background-size":"auto","background-attachment":"scroll","background-type":"","background-media":"","overlay-type":"","overlay-color":"","overlay-opacity":"","overlay-gradient":""},"tablet":{"background-color":"","background-image":"","background-repeat":"repeat","background-position":"center center","background-size":"auto","background-attachment":"scroll","background-type":"","background-media":"","overlay-type":"","overlay-color":"","overlay-opacity":"","overlay-gradient":""},"mobile":{"background-color":"","background-image":"","background-repeat":"repeat","background-position":"center center","background-size":"auto","background-attachment":"scroll","background-type":"","background-media":"","overlay-type":"","overlay-color":"","overlay-opacity":"","overlay-gradient":""}},"ast-content-background-meta":{"desktop":{"background-color":"var(--ast-global-color-5)","background-image":"","background-repeat":"repeat","background-position":"center center","background-size":"auto","background-attachment":"scroll","background-type":"","background-media":"","overlay-type":"","overlay-color":"","overlay-opacity":"","overlay-gradient":""},"tablet":{"background-color":"var(--ast-global-color-5)","background-image":"","background-repeat":"repeat","background-position":"center center","background-size":"auto","background-attachment":"scroll","background-type":"","background-media":"","overlay-type":"","overlay-color":"","overlay-opacity":"","overlay-gradient":""},"mobile":{"background-color":"var(--ast-global-color-5)","background-image":"","background-repeat":"repeat","background-position":"center center","background-size":"auto","background-attachment":"scroll","background-type":"","background-media":"","overlay-type":"","overlay-color":"","overlay-opacity":"","overlay-gradient":""}},"footnotes":""},"class_list":["post-3883","page","type-page","status-publish","hentry"],"aioseo_notices":[],"jetpack_sharing_enabled":true,"_links":{"self":[{"href":"https:\/\/codexvirtualis.fr\/codex\/wp-json\/wp\/v2\/pages\/3883","targetHints":{"allow":["GET"]}}],"collection":[{"href":"https:\/\/codexvirtualis.fr\/codex\/wp-json\/wp\/v2\/pages"}],"about":[{"href":"https:\/\/codexvirtualis.fr\/codex\/wp-json\/wp\/v2\/types\/page"}],"author":[{"embeddable":true,"href":"https:\/\/codexvirtualis.fr\/codex\/wp-json\/wp\/v2\/users\/2"}],"replies":[{"embeddable":true,"href":"https:\/\/codexvirtualis.fr\/codex\/wp-json\/wp\/v2\/comments?post=3883"}],"version-history":[{"count":8,"href":"https:\/\/codexvirtualis.fr\/codex\/wp-json\/wp\/v2\/pages\/3883\/revisions"}],"predecessor-version":[{"id":3897,"href":"https:\/\/codexvirtualis.fr\/codex\/wp-json\/wp\/v2\/pages\/3883\/revisions\/3897"}],"wp:attachment":[{"href":"https:\/\/codexvirtualis.fr\/codex\/wp-json\/wp\/v2\/media?parent=3883"}],"curies":[{"name":"wp","href":"https:\/\/api.w.org\/{rel}","templated":true}]}}