{"id":384,"date":"2011-04-28T11:48:55","date_gmt":"2011-04-28T09:48:55","guid":{"rendered":"http:\/\/codexvirtualis.fr\/codex"},"modified":"2021-07-20T17:04:15","modified_gmt":"2021-07-20T15:04:15","slug":"convention-de-bonn","status":"publish","type":"page","link":"https:\/\/codexvirtualis.fr\/codex\/de-la-biodiversite\/de-l-etude-a-la-preservation\/convention-de-bonn","title":{"rendered":"Convention de Bonn"},"content":{"rendered":"<p> &nbsp; <\/p>\n<p>La <a href=\"https:\/\/www.cms.int\/fr\" target=\"_blank\" rel=\"noopener noreferrer\">Convention de Bonn<\/a> (adresse https:\/\/www.cms.int\/fr), d\u00e9sign\u00e9e par l&rsquo;acronyme CMS (Convention on migratory species ou Conservation sur la conservation des esp\u00e8ces migratrices) est une convention-cadre \u00e0 vocation internationale.<br \/>\nElle fixe des objectifs g\u00e9n\u00e9raux pour les partenaires issus d&rsquo;Afrique, d&rsquo;Am\u00e9rique centrale et d&rsquo;Am\u00e9rique du Sud, d&rsquo;Asie, d&rsquo;Europe, d&rsquo;Australie et d&rsquo;Oc\u00e9anie.<br \/>\nAdopt\u00e9e en 1979, elle est entr\u00e9e en vigueur en 1983 et comporte aujourd&rsquo;hui 115 pays signataires.<\/p>\n<p> &nbsp; <\/p>\n<p>Elle a pour buts :<\/p>\n<p style=\"padding-left: 30px;\"><span style=\"color: #999999;\">\u2022 <\/span>d&rsquo;assurer la conservation des esp\u00e8ces migratrices terrestres, marines et a\u00e9riennes dans l&rsquo;ensemble de leur aire de r\u00e9partition ;<\/p>\n<p style=\"padding-left: 30px;\"><span style=\"color: #999999;\">\u2022 <\/span>d&rsquo;engager les partenaires \u00e0   entreprendre des activit\u00e9s de recherche en coop\u00e9ration avec d&rsquo;autres organismes.<\/p>\n<p> &nbsp; <\/p>\n<p style=\"text-align: right;\">Voir la rubrique \u00ab\u00a0Information g\u00e9n\u00e9rale\u00a0\u00bb, \u00ab\u00a0Introduction \u00e0 la CMS\u00a0\u00bb sur le site internet de la <a href=\"https:\/\/www.cms.int\/fr\" target=\"_blank\" rel=\"noopener noreferrer\">CMS<\/a><\/p>\n<p> &nbsp; <\/p>\n<p>La CMS classe les esp\u00e8ces migratrices dans deux annexes :<\/p>\n<p style=\"padding-left: 30px;\"><span style=\"color: #999999;\">\u2022 <\/span>l&rsquo;annexe I regroupant les esp\u00e8ces migratrices en danger, pour lesquelles des mesures de protection strictes sont d\u00e9finies ;<\/p>\n<p style=\"padding-left: 30px;\"><span style=\"color: #999999;\">\u2022 <\/span>l&rsquo;annexe II englobant des esp\u00e8ces migratrices dont la conservation et la gestion sont souhaitables, par des accords multilat\u00e9raux.<\/p>\n<p>Les mesures concernant les esp\u00e8ces inscrites dans les deux annexes sont distinctes, les premi\u00e8res b\u00e9n\u00e9ficiant de mesures de protection strictes et les secondes d&rsquo;accords coordonn\u00e9s.<\/p>\n<p> &nbsp; <\/p>\n<p>Dans le cas d&rsquo;une esp\u00e8ce migratrice en danger, les \u00e9tats de son aire de r\u00e9partition s&rsquo;efforcent, afin d&rsquo;\u00e9carter le danger d&rsquo;extinction :<\/p>\n<p style=\"padding-left: 30px;\"><span style=\"color: #999999;\">\u2022 <\/span>de conserver et restaurer les habitats importants pour cette esp\u00e8ce ;<\/p>\n<p style=\"padding-left: 30px;\"><span style=\"color: #999999;\">\u2022 <\/span>de limiter ou compenser les obstacles g\u00eanant la migration ;<\/p>\n<p style=\"padding-left: 30px;\"><span style=\"color: #999999;\">\u2022 <\/span>de ma\u00eetriser les facteurs susceptibles de mettre en danger l&rsquo;esp\u00e8ce, notamment les esp\u00e8ces exotiques introduites.<\/p>\n<p>En outre, ils interdisent le pr\u00e9l\u00e8vement d&rsquo;animaux appartenant \u00e0  cette esp\u00e8ce, sauf cas particulier (pr\u00e9l\u00e8vement \u00e0 des fins scientifiques, en vue d&rsquo;am\u00e9liorer la propagation ou la survie de l&rsquo;esp\u00e8ce, afin de satisfaire \u00e0 l&rsquo;utilisation de l&rsquo;esp\u00e8ce dans le cadre d&rsquo;une \u00e9conomie traditionnelle de subsistance, ou dans des circonstances exceptionnelles le rendant indispensable).<\/p>\n<p> &nbsp; <\/p>\n<p>Les esp\u00e8ces migratrice figurant dans l&rsquo;annexe II ont un \u00e9tat de conservation d\u00e9favorable et\/ou sont susceptibles de b\u00e9n\u00e9ficier d\u2019une mani\u00e8re significative d\u2019une coop\u00e9ration internationale. La mise en place  d&rsquo;accords plus ou moins contraignants est encourag\u00e9e, allant du trait\u00e9 au m\u00e9morandum d&rsquo;accord.<\/p>\n<p>Ces accords comportent :<\/p>\n<p style=\"padding-left: 30px;\"><span style=\"color: #999999;\">\u2022 <\/span>des plans de conservation et de gestion des esp\u00e8ces ;<\/p>\n<p style=\"padding-left: 30px;\"><span style=\"color: #999999;\">\u2022 <\/span>des plans de conservation et de restauration de leurs habitats ;<\/p>\n<p style=\"padding-left: 30px;\"><span style=\"color: #999999;\">\u2022 <\/span>des mesures de contr\u00f4le des facteurs faisant obstacle \u00e0 la migration ;<\/p>\n<p style=\"padding-left: 30px;\"><span style=\"color: #999999;\">\u2022 <\/span>des travaux de recherche et de surveillance coordonn\u00e9es ;<\/p>\n<p style=\"padding-left: 30px;\"><span style=\"color: #999999;\">\u2022 <\/span>des projets d&rsquo;\u00e9ducation du public ;<\/p>\n<p style=\"padding-left: 30px;\"><span style=\"color: #999999;\">\u2022 <\/span>des programmes d&rsquo;\u00e9change de renseignements entre les partenaires.<\/p>\n<p> &nbsp; <\/p>\n<p style=\"text-align: right;\">Voir la rubrique \u00ab\u00a0Information g\u00e9n\u00e9rale\u00a0\u00bb, \u00ab\u00a0Initiatives de la CMS pour les esp\u00e8ces inscrites aux annexes I et II\u00a0\u00bb sur le site internet de la <a href=\"https:\/\/www.cms.int\/fr\" target=\"_blank\" rel=\"noopener noreferrer\">CMS<\/a><\/p>\n<p> &nbsp; <\/p>\n<p>L&rsquo;ensemble des pays membres de la CMS constitue la Conf\u00e9rence des parties. Il s&rsquo;agit de l&rsquo;organe de prise de d\u00e9cision, qui adopte les r\u00e9solutions et amende les listes d&rsquo;esp\u00e8ces constituant les annexes. Il contr\u00f4le \u00e9galement l&rsquo;application de la convention et vote le budget.<\/p>\n<p>La Conf\u00e9rence des parties s&rsquo;appuie sur un comit\u00e9 permanent qui assure la direction op\u00e9rationnelle et financi\u00e8re de la convention, et \u00e9labore sa politique g\u00e9n\u00e9rale, tandis qu&rsquo;un secr\u00e9tariat a en charge l&rsquo;\u00e9laboration des accords et la diffusion des informations.<\/p>\n<p>Un conseil scientifique constitu\u00e9 d&rsquo;experts apporte son soutien ainsi que des groupes de travail.<\/p>\n<p> &nbsp; <\/p>\n<p style=\"text-align: right;\">Voir la rubrique \u00ab\u00a0Information g\u00e9n\u00e9rale\u00a0\u00bb, \u00ab\u00a0Organes de la Convention de Bonn\u00a0\u00bb sur le site internet de la <a href=\"https:\/\/www.cms.int\/fr\" target=\"_blank\" rel=\"noopener noreferrer\">CMS<\/a><\/p>\n<p> &nbsp; <\/p>\n<p>Le site internet de la <a href=\"https:\/\/www.cms.int\/fr\" target=\"_blank\" rel=\"noopener noreferrer\">CMS<\/a> donne acc\u00e8s \u00e0 de nombreux documents officiels (texte de la convention, annexes, textes des accords) ainsi qu&rsquo;\u00e0 diverses publications.<\/p>\n<p> &nbsp; <\/p>\n<p>Acc\u00e8s au site internet international de la <a href=\"http:\/\/www.cms.int\" target=\"_blank\" rel=\"noopener noreferrer\">CMS<\/a><\/p>\n<p> &nbsp; <\/p>\n","protected":false},"excerpt":{"rendered":"<p>&nbsp; La Convention de Bonn (adresse https:\/\/www.cms.int\/fr), d\u00e9sign\u00e9e par l&rsquo;acronyme CMS (Convention on migratory species ou Conservation sur la conservation des esp\u00e8ces migratrices) est une convention-cadre \u00e0 vocation internationale. Elle fixe des objectifs g\u00e9n\u00e9raux pour les partenaires issus d&rsquo;Afrique, d&rsquo;Am\u00e9rique centrale et d&rsquo;Am\u00e9rique du Sud, d&rsquo;Asie, d&rsquo;Europe, d&rsquo;Australie et d&rsquo;Oc\u00e9anie. Adopt\u00e9e en 1979, elle est [&hellip;]<\/p>\n","protected":false},"author":2,"featured_media":0,"parent":315,"menu_order":0,"comment_status":"closed","ping_status":"closed","template":"","meta":{"site-sidebar-layout":"default","site-content-layout":"","ast-site-content-layout":"default","site-content-style":"default","site-sidebar-style":"default","ast-global-header-display":"","ast-banner-title-visibility":"","ast-main-header-display":"","ast-hfb-above-header-display":"","ast-hfb-below-header-display":"","ast-hfb-mobile-header-display":"","site-post-title":"","ast-breadcrumbs-content":"","ast-featured-img":"","footer-sml-layout":"","ast-disable-related-posts":"","theme-transparent-header-meta":"","adv-header-id-meta":"","stick-header-meta":"","header-above-stick-meta":"","header-main-stick-meta":"","header-below-stick-meta":"","astra-migrate-meta-layouts":"default","ast-page-background-enabled":"default","ast-page-background-meta":{"desktop":{"background-color":"var(--ast-global-color-4)","background-image":"","background-repeat":"repeat","background-position":"center center","background-size":"auto","background-attachment":"scroll","background-type":"","background-media":"","overlay-type":"","overlay-color":"","overlay-opacity":"","overlay-gradient":""},"tablet":{"background-color":"","background-image":"","background-repeat":"repeat","background-position":"center center","background-size":"auto","background-attachment":"scroll","background-type":"","background-media":"","overlay-type":"","overlay-color":"","overlay-opacity":"","overlay-gradient":""},"mobile":{"background-color":"","background-image":"","background-repeat":"repeat","background-position":"center center","background-size":"auto","background-attachment":"scroll","background-type":"","background-media":"","overlay-type":"","overlay-color":"","overlay-opacity":"","overlay-gradient":""}},"ast-content-background-meta":{"desktop":{"background-color":"var(--ast-global-color-5)","background-image":"","background-repeat":"repeat","background-position":"center center","background-size":"auto","background-attachment":"scroll","background-type":"","background-media":"","overlay-type":"","overlay-color":"","overlay-opacity":"","overlay-gradient":""},"tablet":{"background-color":"var(--ast-global-color-5)","background-image":"","background-repeat":"repeat","background-position":"center center","background-size":"auto","background-attachment":"scroll","background-type":"","background-media":"","overlay-type":"","overlay-color":"","overlay-opacity":"","overlay-gradient":""},"mobile":{"background-color":"var(--ast-global-color-5)","background-image":"","background-repeat":"repeat","background-position":"center center","background-size":"auto","background-attachment":"scroll","background-type":"","background-media":"","overlay-type":"","overlay-color":"","overlay-opacity":"","overlay-gradient":""}},"footnotes":""},"class_list":["post-384","page","type-page","status-publish","hentry"],"aioseo_notices":[],"jetpack_sharing_enabled":true,"_links":{"self":[{"href":"https:\/\/codexvirtualis.fr\/codex\/wp-json\/wp\/v2\/pages\/384","targetHints":{"allow":["GET"]}}],"collection":[{"href":"https:\/\/codexvirtualis.fr\/codex\/wp-json\/wp\/v2\/pages"}],"about":[{"href":"https:\/\/codexvirtualis.fr\/codex\/wp-json\/wp\/v2\/types\/page"}],"author":[{"embeddable":true,"href":"https:\/\/codexvirtualis.fr\/codex\/wp-json\/wp\/v2\/users\/2"}],"replies":[{"embeddable":true,"href":"https:\/\/codexvirtualis.fr\/codex\/wp-json\/wp\/v2\/comments?post=384"}],"version-history":[{"count":32,"href":"https:\/\/codexvirtualis.fr\/codex\/wp-json\/wp\/v2\/pages\/384\/revisions"}],"predecessor-version":[{"id":1656,"href":"https:\/\/codexvirtualis.fr\/codex\/wp-json\/wp\/v2\/pages\/384\/revisions\/1656"}],"up":[{"embeddable":true,"href":"https:\/\/codexvirtualis.fr\/codex\/wp-json\/wp\/v2\/pages\/315"}],"wp:attachment":[{"href":"https:\/\/codexvirtualis.fr\/codex\/wp-json\/wp\/v2\/media?parent=384"}],"curies":[{"name":"wp","href":"https:\/\/api.w.org\/{rel}","templated":true}]}}