{"id":359,"date":"2011-04-28T11:41:38","date_gmt":"2011-04-28T09:41:38","guid":{"rendered":"http:\/\/codexvirtualis.fr\/codex"},"modified":"2011-06-18T14:55:43","modified_gmt":"2011-06-18T12:55:43","slug":"convention-de-berne","status":"publish","type":"page","link":"https:\/\/codexvirtualis.fr\/codex\/de-la-biodiversite\/de-l-etude-a-la-preservation\/convention-de-berne","title":{"rendered":"Convention de Berne"},"content":{"rendered":"<p>&nbsp;<\/p>\n<p>La <a href=\"http:\/\/www.coe.int\/BernConvention\/fr\" target=\"_blank\">Convention de Berne relative \u00e0 la conservation de la vie sauvage et du milieu naturel de l\u2019Europe<\/a> (adresse http:\/\/www.coe.int\/BernConvention\/fr) a \u00e9t\u00e9 \u00e9labor\u00e9e en 1979 et ratifi\u00e9e par la France en 1990.<\/p>\n<p>&nbsp;<\/p>\n<p>Il s&rsquo;agit d&rsquo;un instrument juridique europ\u00e9en contraignant qui concerne la conservation de la nature. Elle a pour objectifs :<\/p>\n<p style=\"padding-left: 30px;\"><span style=\"color: #999999;\">\u2022<\/span> de conserver la flore et la faune sauvages et les habitats naturels ;<\/p>\n<p style=\"padding-left: 30px;\"><span style=\"color: #999999;\">\u2022<\/span> de promouvoir la coop\u00e9ration europ\u00e9enne dans ce domaine.<\/p>\n<p>&nbsp;<\/p>\n<p>Elle d\u00e9finit des esp\u00e8ces strictement prot\u00e9g\u00e9es dont les listes sont r\u00e9guli\u00e8rement mises \u00e0 jour (annexe I pour la flore et annexe II pour la faune) et des esp\u00e8ces prot\u00e9g\u00e9es (annexe III).<br \/>\n&nbsp;<\/p>\n<p style=\"text-align: right;\">Voir la page d&rsquo;accueil \u00ab\u00a0<a href=\"http:\/\/www.coe.int\/BernConvention\/fr\" target=\"_blank\">Convention de Berne<\/a>\u00a0\u00bb (rubrique \u00ab\u00a0\u00c9ducation, culture et patrimoine, jeunesse et sport\u00a0\u00bb, pages \u00ab\u00a0Culture et patrimoine culturel et naturel\u00a0\u00bb, \u00ab\u00a0Nature\u00a0\u00bb) du site internet du Conseil de l&rsquo;Europe<\/p>\n<p>&nbsp;<br \/>\nLes mesures de protection varient en fonction de l&rsquo;annexe dans laquelle les esp\u00e8ces sont inscrites :<br \/>\n&nbsp;<\/p>\n<p style=\"padding-left: 30px;\"><span style=\"color: #999999;\">\u2022<\/span> pour les esp\u00e8ces de la flore inscrites dans l&rsquo;annexe I<\/p>\n<p>la cueillette, le ramassage, la coupe ou le d\u00e9racinage intentionnels sont interdits ;<br \/>\nle cas \u00e9ch\u00e9ant, la d\u00e9tention et la commercialisation de ces esp\u00e8ces le sont \u00e9galement ;<br \/>\n&nbsp;<\/p>\n<p style=\"padding-left: 30px;\"><span style=\"color: #999999;\">\u2022<\/span> pour les esp\u00e8ces animales inscrites dans l&rsquo;annexe II, sont interdits<\/p>\n<p>la capture, la d\u00e9tention et la mise \u00e0\u00a0 mort ;<br \/>\nla d\u00e9t\u00e9rioration et la destruction des sites de reproduction ou des aires de repos ;<br \/>\nla perturbation notamment durant les p\u00e9riodes de reproduction, de d\u00e9pendance et d&rsquo;hibernation ;<br \/>\nla destruction et le ramassage des \u0153ufs dans la nature ou leur d\u00e9tention ;<br \/>\nla d\u00e9tention et le commerce y compris \u00e0\u00a0 l&rsquo;\u00e9tat naturalis\u00e9, de l&rsquo;animal entier, de ses parties ou de produits qui en sont issus ;<br \/>\n&nbsp;<\/p>\n<p style=\"padding-left: 30px;\"><span style=\"color: #999999;\">\u2022<\/span> dans le cas d&rsquo;esp\u00e8ces figurant dans l&rsquo;annexe III, les mesures sont moins contraignantes ; leur exploitation est r\u00e9glement\u00e9e de mani\u00e8re \u00e0\u00a0 pr\u00e9server l&rsquo;existence des populations, en particulier par le biais de :<\/p>\n<p>l&rsquo;institution de p\u00e9riodes de fermeture et\/ou d&rsquo;autres mesures de limitation d&rsquo;exploitation ;<br \/>\nl&rsquo;interdiction temporaire ou locale de l&rsquo;exploitation afin de permettre aux populations existantes de retrouver un niveau satisfaisant ;<br \/>\nla r\u00e9glementation de la vente, de la d\u00e9tention, du transport ou de l&rsquo;offre aux fins de vente des animaux sauvages, vivants ou morts.<\/p>\n<p>&nbsp;<\/p>\n<p>La protection des habitats des esp\u00e8ces sauvages, en particulier de celles inscrites dans les annexes I et II, est \u00e9galement envisag\u00e9e afin de sauvegarder les habitats naturels menac\u00e9s de disparition et les esp\u00e8ces vuln\u00e9rables qui les occupent.<\/p>\n<p>Les politiques d&rsquo;am\u00e9nagement et de d\u00e9veloppement des partenaires de la Convention doivent prendre en compte les besoins de la conservation des zones prot\u00e9g\u00e9es pour \u00e9viter ou r\u00e9duire leur d\u00e9t\u00e9rioration. Les zones importantes pour les esp\u00e8ces migratrices figurant dans les annexes II et III (voies de migration, aires d&rsquo;hivernage, de rassemblement, d&rsquo;alimentation, de reproduction ou de mue) sont les cibles d&rsquo;une attention particuli\u00e8re.<\/p>\n<p>&nbsp;<\/p>\n<p>Les pays ayant sign\u00e9 la Convention de Berne doivent ainsi prendre les mesures n\u00e9cessaires pour :<\/p>\n<p style=\"padding-left: 30px;\"><span style=\"color: #999999;\">\u2022<\/span> mettre en \u0153uvre des politiques nationales de conservation de la flore et de la faune sauvages et des habitats naturels ;<\/p>\n<p style=\"padding-left: 30px;\"><span style=\"color: #999999;\">\u2022<\/span> prendre en consid\u00e9ration la conservation de la flore et de la faune sauvages dans leurs politiques d&rsquo;am\u00e9nagement et de d\u00e9veloppement et dans leurs mesures de lutte contre la pollution ;<\/p>\n<p style=\"padding-left: 30px;\"><span style=\"color: #999999;\">\u2022<\/span> encourager l&rsquo;\u00e9ducation et la diffusion d&rsquo;informations g\u00e9n\u00e9rales concernant la n\u00e9cessit\u00e9 de conserver des esp\u00e8ces de la flore et de la faune sauvages ainsi que leurs habitats ;<\/p>\n<p style=\"padding-left: 30px;\"><span style=\"color: #999999;\">\u2022<\/span> encourager et coordonner les travaux de recherche en rapport avec les finalit\u00e9s de la Convention ;<\/p>\n<p>ainsi que coop\u00e9rer pour renforcer l&rsquo;efficacit\u00e9 des mesures prises par :<\/p>\n<p style=\"padding-left: 30px;\"><span style=\"color: #999999;\">\u2022<\/span> la coordination des efforts de protection des esp\u00e8ces migratrices ;<\/p>\n<p style=\"padding-left: 30px;\"><span style=\"color: #999999;\">\u2022<\/span> les \u00e9changes d&rsquo;informations et le partage de l&rsquo;exp\u00e9rience et du savoir-faire.<\/p>\n<p>&nbsp;<\/p>\n<p style=\"text-align: right;\">Voir l&rsquo;encadr\u00e9 \u00ab\u00a0La Convention\u00a0\u00bb sur la page d&rsquo;accueil \u00ab\u00a0<a href=\"http:\/\/www.coe.int\/BernConvention\/fr\" target=\"_blank\">Convention de Berne<\/a>\u00a0\u00bb (rubrique \u00ab\u00a0\u00c9ducation, culture et patrimoine, jeunesse et sport\u00a0\u00bb, pages \u00ab\u00a0Culture et patrimoine culturel et naturel\u00a0\u00bb, \u00ab\u00a0Nature\u00a0\u00bb) du site internet du Conseil de l&rsquo;Europe<\/p>\n<p>&nbsp;<\/p>\n<p>Un comit\u00e9 permanent, regroupant partenaires, observateurs et organisations nationales et internationales:<\/p>\n<p style=\"padding-left: 30px;\"><span style=\"color: #999999;\">\u2022<\/span> assure le suivi de l&rsquo;application de la Convention ;<\/p>\n<p style=\"padding-left: 30px;\"><span style=\"color: #999999;\">\u2022<\/span> \u00e9met des recommandations pour en am\u00e9liorer l&rsquo;efficacit\u00e9 ;<\/p>\n<p style=\"padding-left: 30px;\"><span style=\"color: #999999;\">\u2022<\/span> travaille \u00e0\u00a0 son \u00e9volution.<\/p>\n<p>Il est entour\u00e9 de multiples groupes d&rsquo;experts \u00e9tudiant les menaces et besoins de conservation des divers groupes d&rsquo;esp\u00e8ces.<\/p>\n<p>&nbsp;<\/p>\n<p style=\"text-align: right;\">Voir l&rsquo;encadr\u00e9 \u00ab\u00a0La Convention\u00a0\u00bb sur la page d&rsquo;accueil \u00ab\u00a0<a href=\"http:\/\/www.coe.int\/BernConvention\/fr\" target=\"_blank\">Convention de Berne<\/a>\u00a0\u00bb (rubrique \u00ab\u00a0\u00c9ducation, culture et patrimoine, jeunesse et sport\u00a0\u00bb, pages \u00ab\u00a0Culture et patrimoine culturel et naturel\u00a0\u00bb, \u00ab\u00a0Nature\u00a0\u00bb) du site internet du Conseil de l&rsquo;Europe<\/p>\n<p>&nbsp;<\/p>\n<p>Les pages consacr\u00e9es \u00e0\u00a0 la convention de Berne sont situ\u00e9es dans la rubrique \u00ab\u00a0\u00c9ducation, culture et patrimoine, jeunesse et sport\u00a0\u00bb, pages \u00ab\u00a0Culture et patrimoine culturel et naturel\u00a0\u00bb du site du <a title=\"Site du Conseil de l'Europe, version fran\u00e7aise\" href=\"http:\/\/www.coe.int\/defaultfr.asp\" target=\"_blank\">Conseil de l&rsquo;Europe<\/a> (adresse : http:\/\/www.coe.int\/defaultfr.asp).<br \/>\nElles donnent acc\u00e8s aux documents officiels (texte de la Convention, annexes) et de travail (d\u00e9clarations, recommandations, r\u00e9solutions etc.) ainsi qu&rsquo;aux pages des divers groupes d&rsquo;experts, s&rsquo;int\u00e9ressant aux grands groupes d&rsquo;esp\u00e8ces. <\/p>\n<p>&nbsp;<\/p>\n<p>La l\u00e9gislation europ\u00e9enne relative \u00e0\u00a0 la protection de la nature et de la biodiversit\u00e9 est accessible sur le <a title=\"Site de l'Union europ\u00e9enne, version fran\u00e7aise\" href=\"http:\/\/europa.eu\/index_fr.htm\" target=\"_blank\">Portail de l&rsquo;Union europ\u00e9enne<\/a> (Europa) dans la rubrique \u00ab\u00a0Synth\u00e8ses de la l\u00e9gislation de l&rsquo;UE\u00a0\u00bb, pages \u00ab\u00a0Environnement\u00a0\u00bb, \u00ab\u00a0Protection de la nature et de la biodiversit\u00e9 (adresse : http:\/\/europa.eu\/index_fr.htm).<\/p>\n<p> &nbsp; <\/p>\n<p style=\"text-align: right;\">[print_link]<\/p>\n","protected":false},"excerpt":{"rendered":"<p>&nbsp; La Convention de Berne relative \u00e0 la conservation de la vie sauvage et du milieu naturel de l\u2019Europe (adresse http:\/\/www.coe.int\/BernConvention\/fr) a \u00e9t\u00e9 \u00e9labor\u00e9e en 1979 et ratifi\u00e9e par la France en 1990. &nbsp; Il s&rsquo;agit d&rsquo;un instrument juridique europ\u00e9en contraignant qui concerne la conservation de la nature. Elle a pour objectifs : \u2022 de [&hellip;]<\/p>\n","protected":false},"author":2,"featured_media":0,"parent":315,"menu_order":0,"comment_status":"closed","ping_status":"closed","template":"","meta":{"site-sidebar-layout":"default","site-content-layout":"","ast-site-content-layout":"default","site-content-style":"default","site-sidebar-style":"default","ast-global-header-display":"","ast-banner-title-visibility":"","ast-main-header-display":"","ast-hfb-above-header-display":"","ast-hfb-below-header-display":"","ast-hfb-mobile-header-display":"","site-post-title":"","ast-breadcrumbs-content":"","ast-featured-img":"","footer-sml-layout":"","ast-disable-related-posts":"","theme-transparent-header-meta":"","adv-header-id-meta":"","stick-header-meta":"","header-above-stick-meta":"","header-main-stick-meta":"","header-below-stick-meta":"","astra-migrate-meta-layouts":"default","ast-page-background-enabled":"default","ast-page-background-meta":{"desktop":{"background-color":"var(--ast-global-color-4)","background-image":"","background-repeat":"repeat","background-position":"center center","background-size":"auto","background-attachment":"scroll","background-type":"","background-media":"","overlay-type":"","overlay-color":"","overlay-opacity":"","overlay-gradient":""},"tablet":{"background-color":"","background-image":"","background-repeat":"repeat","background-position":"center center","background-size":"auto","background-attachment":"scroll","background-type":"","background-media":"","overlay-type":"","overlay-color":"","overlay-opacity":"","overlay-gradient":""},"mobile":{"background-color":"","background-image":"","background-repeat":"repeat","background-position":"center center","background-size":"auto","background-attachment":"scroll","background-type":"","background-media":"","overlay-type":"","overlay-color":"","overlay-opacity":"","overlay-gradient":""}},"ast-content-background-meta":{"desktop":{"background-color":"var(--ast-global-color-5)","background-image":"","background-repeat":"repeat","background-position":"center center","background-size":"auto","background-attachment":"scroll","background-type":"","background-media":"","overlay-type":"","overlay-color":"","overlay-opacity":"","overlay-gradient":""},"tablet":{"background-color":"var(--ast-global-color-5)","background-image":"","background-repeat":"repeat","background-position":"center center","background-size":"auto","background-attachment":"scroll","background-type":"","background-media":"","overlay-type":"","overlay-color":"","overlay-opacity":"","overlay-gradient":""},"mobile":{"background-color":"var(--ast-global-color-5)","background-image":"","background-repeat":"repeat","background-position":"center center","background-size":"auto","background-attachment":"scroll","background-type":"","background-media":"","overlay-type":"","overlay-color":"","overlay-opacity":"","overlay-gradient":""}},"footnotes":""},"class_list":["post-359","page","type-page","status-publish","hentry"],"aioseo_notices":[],"jetpack_sharing_enabled":true,"_links":{"self":[{"href":"https:\/\/codexvirtualis.fr\/codex\/wp-json\/wp\/v2\/pages\/359","targetHints":{"allow":["GET"]}}],"collection":[{"href":"https:\/\/codexvirtualis.fr\/codex\/wp-json\/wp\/v2\/pages"}],"about":[{"href":"https:\/\/codexvirtualis.fr\/codex\/wp-json\/wp\/v2\/types\/page"}],"author":[{"embeddable":true,"href":"https:\/\/codexvirtualis.fr\/codex\/wp-json\/wp\/v2\/users\/2"}],"replies":[{"embeddable":true,"href":"https:\/\/codexvirtualis.fr\/codex\/wp-json\/wp\/v2\/comments?post=359"}],"version-history":[{"count":50,"href":"https:\/\/codexvirtualis.fr\/codex\/wp-json\/wp\/v2\/pages\/359\/revisions"}],"predecessor-version":[{"id":2497,"href":"https:\/\/codexvirtualis.fr\/codex\/wp-json\/wp\/v2\/pages\/359\/revisions\/2497"}],"up":[{"embeddable":true,"href":"https:\/\/codexvirtualis.fr\/codex\/wp-json\/wp\/v2\/pages\/315"}],"wp:attachment":[{"href":"https:\/\/codexvirtualis.fr\/codex\/wp-json\/wp\/v2\/media?parent=359"}],"curies":[{"name":"wp","href":"https:\/\/api.w.org\/{rel}","templated":true}]}}