{"id":320,"date":"2011-04-28T11:36:29","date_gmt":"2011-04-28T09:36:29","guid":{"rendered":"http:\/\/codexvirtualis.fr\/codex"},"modified":"2011-06-18T14:53:45","modified_gmt":"2011-06-18T12:53:45","slug":"comite-francais-de-liucn","status":"publish","type":"page","link":"https:\/\/codexvirtualis.fr\/codex\/de-la-biodiversite\/de-l-etude-a-la-preservation\/comite-francais-de-liucn","title":{"rendered":"Comit\u00e9 fran\u00e7ais de l&rsquo;IUCN"},"content":{"rendered":"<p>&nbsp;<\/p>\n<p>Le <a title=\"Site du Comit\u00e9 fran\u00e7ais de l'IUCN\" href=\"http:\/\/www.uicn.fr\/\" target=\"_blank\">Comit\u00e9 fran\u00e7ais de l\u2019UICN<\/a> (adresse : http:\/\/www.uicn.fr\/) est un r\u00e9seau d&rsquo;organismes et d&rsquo;experts.<\/p>\n<p>Il associe, dans le cadre d&rsquo;un partenariat :<\/p>\n<p style=\"padding-left: 30px;\"><span style=\"color: #999999;\">\u2022<\/span> deux minist\u00e8res ;<\/p>\n<p style=\"padding-left: 30px;\"><span style=\"color: #999999;\">\u2022<\/span> huit organismes publics ;<\/p>\n<p style=\"padding-left: 30px;\"><span style=\"color: #999999;\">\u2022<\/span> trente six organisations non gouvernementales ;<\/p>\n<p style=\"padding-left: 30px;\"><span style=\"color: #999999;\">\u2022<\/span> plus de deux cent cinquante experts.<\/p>\n<p>Il est organis\u00e9 en commissions d&rsquo;experts et groupes de travail.<\/p>\n<p> &nbsp; <\/p>\n<p style=\"text-align: right;\">Voir la rubrique \u00ab\u00a0Le r\u00e9seau\u00a0\u00bb du site du <a title=\"Site du Comit\u00e9 fran\u00e7ais de l'UICN\" href=\"http:\/\/www.uicn.fr\/\" target=\"_blank\">Comit\u00e9 fran\u00e7ais de l&rsquo;IUCN<\/a><\/p>\n<p>&nbsp;<\/p>\n<p>Repr\u00e9sentant de l\u2019Union internationale pour la conservation de la nature en France, il d\u00e9veloppe des programmes avec deux missions principales :<\/p>\n<p style=\"padding-left: 30px;\"><span style=\"color: #999999;\">\u2022<\/span> r\u00e9pondre aux enjeux de la biodiversit\u00e9 en France ;<\/p>\n<p style=\"padding-left: 30px;\"><span style=\"color: #999999;\">\u2022<\/span> valoriser l\u2019expertise fran\u00e7aise \u00e0\u00a0 l\u2019international.<\/p>\n<p> &nbsp; <\/p>\n<p style=\"text-align: right;\">Voir la rubrique \u00ab\u00a0Le programme\u00a0\u00bb du site du <a title=\"Site du Comit\u00e9 fran\u00e7ais de l'UICN\" href=\"http:\/\/www.uicn.fr\/\" target=\"_blank\">Comit\u00e9 fran\u00e7ais de l&rsquo;IUCN<\/a><\/p>\n<p>&nbsp;<\/p>\n<p>Le site internet du comit\u00e9 fran\u00e7ais de l&rsquo;UICN permet d&rsquo;acc\u00e9der aux listes rouges des esp\u00e8ces menac\u00e9es en France et dans le monde.<\/p>\n<p>Organis\u00e9es selon la classification zoologique, elles sont le reflet du degr\u00e9 de menace pesant sur les esp\u00e8ces.<br \/>\nLe syst\u00e8me de la liste rouge est le fruit d\u2019un processus de concertation, d\u2019\u00e9laboration et de validation, men\u00e9 par les experts de la Commission de sauvegarde des esp\u00e8ces de l\u2019UICN. Il comporte neuf cat\u00e9gories d&rsquo;esp\u00e8ces ou de sous-esp\u00e8ces :<\/p>\n<p style=\"padding-left: 30px;\"><span style=\"color: #999999;\">\u2022<\/span> \u00e9teinte (EX) ;<\/p>\n<p style=\"padding-left: 30px;\"><span style=\"color: #999999;\">\u2022<\/span> \u00e9teinte \u00e0\u00a0 l\u2019\u00e9tat sauvage (EW) ;<\/p>\n<p style=\"padding-left: 30px;\"><span style=\"color: #999999;\">\u2022<\/span> en danger critique d\u2019extinction (CR) ;<\/p>\n<p style=\"padding-left: 30px;\"><span style=\"color: #999999;\">\u2022<\/span> en danger (EN) ;<\/p>\n<p style=\"padding-left: 30px;\"><span style=\"color: #999999;\">\u2022<\/span> vuln\u00e9rable (VU) ;<\/p>\n<p style=\"padding-left: 30px;\"><span style=\"color: #999999;\">\u2022<\/span> quasi menac\u00e9e (NT) ;<\/p>\n<p style=\"padding-left: 30px;\"><span style=\"color: #999999;\">\u2022<\/span> pr\u00e9occupation mineure (LC) ;<\/p>\n<p style=\"padding-left: 30px;\"><span style=\"color: #999999;\">\u2022<\/span> donn\u00e9es insuffisantes (DD) ;<\/p>\n<p style=\"padding-left: 30px;\"><span style=\"color: #999999;\">\u2022<\/span> non \u00e9valu\u00e9e (NE).<\/p>\n<p>Divers crit\u00e8res quantitatifs permettent\u00a0 de classer une esp\u00e8ce ou une sous-esp\u00e8ce dans l\u2019une des trois cat\u00e9gories d\u2019esp\u00e8ces menac\u00e9es d\u2019extinction (CR, EN ou VU). Ils prennent en compte diff\u00e9rents facteurs associ\u00e9s au risque d\u2019extinction (taux de d\u00e9clin, population totale, zone d\u2019occurrence, zone d\u2019occupation, degr\u00e9 de peuplement et fragmentation de la r\u00e9partition).<\/p>\n<p>La liste rouge nationale est un outil permettant d&rsquo;identifier les actions \u00e0\u00a0 mener prioritairement, de surveiller l\u2019\u00e9volution des menaces et d&rsquo;inciter les divers acteurs \u00e0\u00a0 agir pour limiter l\u2019extinction des esp\u00e8ces. Elle contribue \u00e0 mesurer l\u2019ampleur des enjeux, les progr\u00e8s accomplis et les d\u00e9fis \u00e0 relever.<\/p>\n<p> &nbsp; <\/p>\n<p style=\"text-align: right;\">Voir la rubrique \u00ab\u00a0Outils et documents\u00a0\u00bb du site internet du <a title=\"Site du Comit\u00e9 fran\u00e7ais de l'IUCN\" href=\"http:\/\/www.uicn.fr\/\" target=\"_blank\">Comit\u00e9 fran\u00e7ais de l&rsquo;IUCN<\/a><\/p>\n<p>&nbsp;<\/p>\n<p style=\"text-align: left;\">Acc\u00e9der au site internet de l&rsquo;<a title=\"Site de l'IUCN\" href=\"http:\/\/www.iucn.org\/fr\/\" target=\"_blank\">Union internationale pour la conservation de la nature<\/a> (UICN), en version fran\u00e7aise (adresse : http:\/\/www.iucn.org\/fr\/)<\/p>\n<p>&nbsp;<\/p>\n<p style=\"text-align: right;\">[print_link]<\/p>\n","protected":false},"excerpt":{"rendered":"<p>&nbsp; Le Comit\u00e9 fran\u00e7ais de l\u2019UICN (adresse : http:\/\/www.uicn.fr\/) est un r\u00e9seau d&rsquo;organismes et d&rsquo;experts. Il associe, dans le cadre d&rsquo;un partenariat : \u2022 deux minist\u00e8res ; \u2022 huit organismes publics ; \u2022 trente six organisations non gouvernementales ; \u2022 plus de deux cent cinquante experts. Il est organis\u00e9 en commissions d&rsquo;experts et groupes de [&hellip;]<\/p>\n","protected":false},"author":2,"featured_media":0,"parent":315,"menu_order":0,"comment_status":"closed","ping_status":"closed","template":"","meta":{"site-sidebar-layout":"default","site-content-layout":"","ast-site-content-layout":"default","site-content-style":"default","site-sidebar-style":"default","ast-global-header-display":"","ast-banner-title-visibility":"","ast-main-header-display":"","ast-hfb-above-header-display":"","ast-hfb-below-header-display":"","ast-hfb-mobile-header-display":"","site-post-title":"","ast-breadcrumbs-content":"","ast-featured-img":"","footer-sml-layout":"","ast-disable-related-posts":"","theme-transparent-header-meta":"","adv-header-id-meta":"","stick-header-meta":"","header-above-stick-meta":"","header-main-stick-meta":"","header-below-stick-meta":"","astra-migrate-meta-layouts":"default","ast-page-background-enabled":"default","ast-page-background-meta":{"desktop":{"background-color":"var(--ast-global-color-4)","background-image":"","background-repeat":"repeat","background-position":"center center","background-size":"auto","background-attachment":"scroll","background-type":"","background-media":"","overlay-type":"","overlay-color":"","overlay-opacity":"","overlay-gradient":""},"tablet":{"background-color":"","background-image":"","background-repeat":"repeat","background-position":"center center","background-size":"auto","background-attachment":"scroll","background-type":"","background-media":"","overlay-type":"","overlay-color":"","overlay-opacity":"","overlay-gradient":""},"mobile":{"background-color":"","background-image":"","background-repeat":"repeat","background-position":"center center","background-size":"auto","background-attachment":"scroll","background-type":"","background-media":"","overlay-type":"","overlay-color":"","overlay-opacity":"","overlay-gradient":""}},"ast-content-background-meta":{"desktop":{"background-color":"var(--ast-global-color-5)","background-image":"","background-repeat":"repeat","background-position":"center center","background-size":"auto","background-attachment":"scroll","background-type":"","background-media":"","overlay-type":"","overlay-color":"","overlay-opacity":"","overlay-gradient":""},"tablet":{"background-color":"var(--ast-global-color-5)","background-image":"","background-repeat":"repeat","background-position":"center center","background-size":"auto","background-attachment":"scroll","background-type":"","background-media":"","overlay-type":"","overlay-color":"","overlay-opacity":"","overlay-gradient":""},"mobile":{"background-color":"var(--ast-global-color-5)","background-image":"","background-repeat":"repeat","background-position":"center center","background-size":"auto","background-attachment":"scroll","background-type":"","background-media":"","overlay-type":"","overlay-color":"","overlay-opacity":"","overlay-gradient":""}},"footnotes":""},"class_list":["post-320","page","type-page","status-publish","hentry"],"aioseo_notices":[],"jetpack_sharing_enabled":true,"_links":{"self":[{"href":"https:\/\/codexvirtualis.fr\/codex\/wp-json\/wp\/v2\/pages\/320","targetHints":{"allow":["GET"]}}],"collection":[{"href":"https:\/\/codexvirtualis.fr\/codex\/wp-json\/wp\/v2\/pages"}],"about":[{"href":"https:\/\/codexvirtualis.fr\/codex\/wp-json\/wp\/v2\/types\/page"}],"author":[{"embeddable":true,"href":"https:\/\/codexvirtualis.fr\/codex\/wp-json\/wp\/v2\/users\/2"}],"replies":[{"embeddable":true,"href":"https:\/\/codexvirtualis.fr\/codex\/wp-json\/wp\/v2\/comments?post=320"}],"version-history":[{"count":52,"href":"https:\/\/codexvirtualis.fr\/codex\/wp-json\/wp\/v2\/pages\/320\/revisions"}],"predecessor-version":[{"id":2496,"href":"https:\/\/codexvirtualis.fr\/codex\/wp-json\/wp\/v2\/pages\/320\/revisions\/2496"}],"up":[{"embeddable":true,"href":"https:\/\/codexvirtualis.fr\/codex\/wp-json\/wp\/v2\/pages\/315"}],"wp:attachment":[{"href":"https:\/\/codexvirtualis.fr\/codex\/wp-json\/wp\/v2\/media?parent=320"}],"curies":[{"name":"wp","href":"https:\/\/api.w.org\/{rel}","templated":true}]}}