{"id":315,"date":"2011-04-28T11:35:03","date_gmt":"2011-04-28T09:35:03","guid":{"rendered":"http:\/\/codexvirtualis.fr\/codex"},"modified":"2022-06-06T17:13:00","modified_gmt":"2022-06-06T15:13:00","slug":"de-l-etude-a-la-preservation","status":"publish","type":"page","link":"https:\/\/codexvirtualis.fr\/codex\/de-la-biodiversite\/de-l-etude-a-la-preservation","title":{"rendered":"De l&rsquo;\u00e9tude \u00e0 la pr\u00e9servation"},"content":{"rendered":"\n<div class=\"wp-block-columns is-layout-flex wp-container-core-columns-is-layout-28f84493 wp-block-columns-is-layout-flex\">\n<div class=\"wp-block-column is-layout-flow wp-block-column-is-layout-flow\">\n<p>La biodiversit\u00e9 est aujourd&rsquo;hui l&rsquo;objet de toutes les attentions. Elle est une richesse, elle est menac\u00e9e, elle est prot\u00e9g\u00e9e&#8230; De multiples initiatives voient le jour \u00e0&nbsp; son propos, les sites internet fleurissent et il est parfois difficile de naviguer dans le flot des donn\u00e9es.<\/p>\n\n\n\n<p>Cette rubrique propose quelques r\u00e9f\u00e9rences et morceaux choisis qui peuvent constituer un point de d\u00e9part pour son exploration.<\/p>\n\n\n\n<p>La prise en compte de la biodiversit\u00e9 implique :<\/p>\n\n\n\n<p><span style=\"color: #999999;\">\u2022<\/span> le d\u00e9veloppement des connaissances et leur partage ;<\/p>\n\n\n\n<p><span style=\"color: #999999;\">\u2022<\/span> la constitution d&rsquo;inventaires et leur suivi ;<\/p>\n\n\n\n<p><span style=\"color: #999999;\">\u2022<\/span> l&rsquo;estimation de sa fragilit\u00e9 et des risques ;<\/p>\n\n\n\n<p><span style=\"color: #999999;\">\u2022<\/span> l&rsquo;\u00e9laboration de mesures de pr\u00e9servation ;<\/p>\n\n\n\n<p><span style=\"color: #999999;\">\u2022<\/span> l&rsquo;\u00e9valuation des effets des dispositions adopt\u00e9es.<\/p>\n<\/div>\n<\/div>\n\n\n\n<div class=\"wp-block-columns is-layout-flex wp-container-core-columns-is-layout-28f84493 wp-block-columns-is-layout-flex\">\n<div class=\"wp-block-column is-layout-flow wp-block-column-is-layout-flow\">\n<p>Diverses institutions et instances \u0153uvrent dans ces perspectives. Parmi elles, citons :<\/p>\n<\/div>\n<\/div>\n\n\n\n<p><\/p>\n\n\n\n<p><\/p>\n\n\n\n<hr class=\"wp-block-separator has-css-opacity is-style-wide\"\/>\n\n\n\n<p><\/p>\n\n\n\n<div class=\"wp-block-media-text alignwide is-stacked-on-mobile\" style=\"grid-template-columns:30% auto\" id=\"container\"><figure class=\"wp-block-media-text__media\"><a href=\"http:\/\/www.uicn.fr\/\"><img data-recalc-dims=\"1\" loading=\"lazy\" decoding=\"async\" width=\"1024\" height=\"744\" data-attachment-id=\"14539\" data-permalink=\"https:\/\/codexvirtualis.fr\/codex\/de-la-biodiversite\/de-l-etude-a-la-preservation\/logo_uicn\" data-orig-file=\"https:\/\/i0.wp.com\/codexvirtualis.fr\/codex\/wp-content\/uploads\/logo_uicn.png?fit=2150%2C1563&amp;ssl=1\" data-orig-size=\"2150,1563\" data-comments-opened=\"0\" data-image-meta=\"{&quot;aperture&quot;:&quot;0&quot;,&quot;credit&quot;:&quot;&quot;,&quot;camera&quot;:&quot;&quot;,&quot;caption&quot;:&quot;&quot;,&quot;created_timestamp&quot;:&quot;0&quot;,&quot;copyright&quot;:&quot;&quot;,&quot;focal_length&quot;:&quot;0&quot;,&quot;iso&quot;:&quot;0&quot;,&quot;shutter_speed&quot;:&quot;0&quot;,&quot;title&quot;:&quot;&quot;,&quot;orientation&quot;:&quot;0&quot;}\" data-image-title=\"logo_uicn\" data-image-description=\"\" data-image-caption=\"\" data-medium-file=\"https:\/\/i0.wp.com\/codexvirtualis.fr\/codex\/wp-content\/uploads\/logo_uicn.png?fit=300%2C218&amp;ssl=1\" data-large-file=\"https:\/\/i0.wp.com\/codexvirtualis.fr\/codex\/wp-content\/uploads\/logo_uicn.png?fit=1024%2C744&amp;ssl=1\" src=\"https:\/\/i0.wp.com\/codexvirtualis.fr\/codex\/wp-content\/uploads\/logo_uicn.png?resize=1024%2C744&#038;ssl=1\" alt=\"\" class=\"wp-image-14539 size-full\" srcset=\"https:\/\/i0.wp.com\/codexvirtualis.fr\/codex\/wp-content\/uploads\/logo_uicn.png?resize=1024%2C744&amp;ssl=1 1024w, https:\/\/i0.wp.com\/codexvirtualis.fr\/codex\/wp-content\/uploads\/logo_uicn.png?resize=300%2C218&amp;ssl=1 300w, https:\/\/i0.wp.com\/codexvirtualis.fr\/codex\/wp-content\/uploads\/logo_uicn.png?resize=768%2C558&amp;ssl=1 768w, https:\/\/i0.wp.com\/codexvirtualis.fr\/codex\/wp-content\/uploads\/logo_uicn.png?resize=1536%2C1117&amp;ssl=1 1536w, https:\/\/i0.wp.com\/codexvirtualis.fr\/codex\/wp-content\/uploads\/logo_uicn.png?resize=2048%2C1489&amp;ssl=1 2048w\" sizes=\"auto, (max-width: 1000px) 100vw, 1000px\" \/><\/a><\/figure><div class=\"wp-block-media-text__content\">\n<h3 class=\"wp-block-heading\">le <a href=\"\/codex\/de-la-biodiversite\/de-l-etude-a-la-preservation\/comite-francais-de-liucn\">Comit\u00e9 fran\u00e7ais de l&rsquo;Union internationale pour la conservation de la nature<\/a> (UICN)<\/h3>\n\n\n\n<p>il \u00e9tablit notamment la liste rouge des esp\u00e8ces menac\u00e9es<\/p>\n\n\n\n<p><a href=\"http:\/\/www.uicn.fr\/\" target=\"_blank\" rel=\"noopener noreferrer\">site internet<\/a> (adresse http:\/\/www.uicn.fr)<\/p>\n<\/div><\/div>\n\n\n\n<p><\/p>\n\n\n\n<p><\/p>\n\n\n\n<hr class=\"wp-block-separator has-css-opacity is-style-wide\"\/>\n\n\n\n<p><\/p>\n\n\n\n<div class=\"wp-block-media-text alignwide is-stacked-on-mobile\" style=\"grid-template-columns:30% auto\" id=\"container\"><figure class=\"wp-block-media-text__media\"><a href=\"http:\/\/www.coe.int\/BernConvention\/fr\"><img data-recalc-dims=\"1\" loading=\"lazy\" decoding=\"async\" width=\"709\" height=\"540\" data-attachment-id=\"14540\" data-permalink=\"https:\/\/codexvirtualis.fr\/codex\/de-la-biodiversite\/de-l-etude-a-la-preservation\/logo_bern\" data-orig-file=\"https:\/\/i0.wp.com\/codexvirtualis.fr\/codex\/wp-content\/uploads\/logo_bern.png?fit=709%2C540&amp;ssl=1\" data-orig-size=\"709,540\" data-comments-opened=\"0\" data-image-meta=\"{&quot;aperture&quot;:&quot;0&quot;,&quot;credit&quot;:&quot;&quot;,&quot;camera&quot;:&quot;&quot;,&quot;caption&quot;:&quot;&quot;,&quot;created_timestamp&quot;:&quot;0&quot;,&quot;copyright&quot;:&quot;&quot;,&quot;focal_length&quot;:&quot;0&quot;,&quot;iso&quot;:&quot;0&quot;,&quot;shutter_speed&quot;:&quot;0&quot;,&quot;title&quot;:&quot;&quot;,&quot;orientation&quot;:&quot;0&quot;}\" data-image-title=\"logo_bern\" data-image-description=\"\" data-image-caption=\"\" data-medium-file=\"https:\/\/i0.wp.com\/codexvirtualis.fr\/codex\/wp-content\/uploads\/logo_bern.png?fit=300%2C228&amp;ssl=1\" data-large-file=\"https:\/\/i0.wp.com\/codexvirtualis.fr\/codex\/wp-content\/uploads\/logo_bern.png?fit=709%2C540&amp;ssl=1\" src=\"https:\/\/i0.wp.com\/codexvirtualis.fr\/codex\/wp-content\/uploads\/logo_bern.png?resize=709%2C540&#038;ssl=1\" alt=\"\" class=\"wp-image-14540 size-full\" srcset=\"https:\/\/i0.wp.com\/codexvirtualis.fr\/codex\/wp-content\/uploads\/logo_bern.png?w=709&amp;ssl=1 709w, https:\/\/i0.wp.com\/codexvirtualis.fr\/codex\/wp-content\/uploads\/logo_bern.png?resize=300%2C228&amp;ssl=1 300w\" sizes=\"auto, (max-width: 709px) 100vw, 709px\" \/><\/a><\/figure><div class=\"wp-block-media-text__content\">\n<h3 class=\"wp-block-heading\"><span style=\"color: #999999;\"><\/span>la <a href=\"\/codex\/de-la-biodiversite\/de-l-etude-a-la-preservation\/convention-de-berne\">Convention de Berne relative \u00e0 la conservation de la vie sauvage et du milieu naturel de l\u2019Europe<\/a><\/h3>\n\n\n\n<p>elle \u00e9labore la liste des esp\u00e8ces prot\u00e9g\u00e9es dans le cadre europ\u00e9en et d\u00e9finit les mesures aff\u00e9rentes<\/p>\n\n\n\n<p><a href=\"http:\/\/www.coe.int\/BernConvention\/fr\" target=\"_blank\" rel=\"noopener noreferrer\">site internet<\/a> (adresse http:\/\/www.coe.int\/BernConvention\/fr)<\/p>\n<\/div><\/div>\n\n\n\n<p><\/p>\n\n\n\n<p><\/p>\n\n\n\n<hr class=\"wp-block-separator has-css-opacity is-style-wide\"\/>\n\n\n\n<p><\/p>\n\n\n\n<div class=\"wp-block-media-text alignwide is-stacked-on-mobile\" style=\"grid-template-columns:30% auto\" id=\"container\"><figure class=\"wp-block-media-text__media\"><a href=\"https:\/\/www.cms.int\/fr\"><img data-recalc-dims=\"1\" loading=\"lazy\" decoding=\"async\" width=\"148\" height=\"148\" data-attachment-id=\"14542\" data-permalink=\"https:\/\/codexvirtualis.fr\/codex\/de-la-biodiversite\/de-l-etude-a-la-preservation\/logo_cms\" data-orig-file=\"https:\/\/i0.wp.com\/codexvirtualis.fr\/codex\/wp-content\/uploads\/logo_cms.jpg?fit=148%2C148&amp;ssl=1\" data-orig-size=\"148,148\" data-comments-opened=\"0\" data-image-meta=\"{&quot;aperture&quot;:&quot;0&quot;,&quot;credit&quot;:&quot;&quot;,&quot;camera&quot;:&quot;&quot;,&quot;caption&quot;:&quot;&quot;,&quot;created_timestamp&quot;:&quot;0&quot;,&quot;copyright&quot;:&quot;&quot;,&quot;focal_length&quot;:&quot;0&quot;,&quot;iso&quot;:&quot;0&quot;,&quot;shutter_speed&quot;:&quot;0&quot;,&quot;title&quot;:&quot;&quot;,&quot;orientation&quot;:&quot;0&quot;}\" data-image-title=\"logo_cms\" data-image-description=\"\" data-image-caption=\"\" data-medium-file=\"https:\/\/i0.wp.com\/codexvirtualis.fr\/codex\/wp-content\/uploads\/logo_cms.jpg?fit=148%2C148&amp;ssl=1\" data-large-file=\"https:\/\/i0.wp.com\/codexvirtualis.fr\/codex\/wp-content\/uploads\/logo_cms.jpg?fit=148%2C148&amp;ssl=1\" src=\"https:\/\/i0.wp.com\/codexvirtualis.fr\/codex\/wp-content\/uploads\/logo_cms.jpg?resize=148%2C148&#038;ssl=1\" alt=\"\" class=\"wp-image-14542 size-full\" srcset=\"https:\/\/i0.wp.com\/codexvirtualis.fr\/codex\/wp-content\/uploads\/logo_cms.jpg?w=148&amp;ssl=1 148w, https:\/\/i0.wp.com\/codexvirtualis.fr\/codex\/wp-content\/uploads\/logo_cms.jpg?resize=50%2C50&amp;ssl=1 50w\" sizes=\"auto, (max-width: 148px) 100vw, 148px\" \/><\/a><\/figure><div class=\"wp-block-media-text__content\">\n<h3 class=\"wp-block-heading\"><span style=\"color: #999999;\"><\/span>la <a href=\"\/codex\/de-la-biodiversite\/de-l-etude-a-la-preservation\/convention-de-bonn\">Convention de Bonn sur la conservation des esp\u00e8ces migratrices<\/a> (CMS)<\/h3>\n\n\n\n<p>elle dresse la liste des esp\u00e8ces migratrices en danger et propose des mesures \u00e0 l&rsquo;\u00e9chelle mondiale<\/p>\n\n\n\n<p><a href=\"https:\/\/www.cms.int\/fr\" target=\"_blank\" rel=\"noopener noreferrer\">site internet<\/a> (adresse https:\/\/www.cms.int\/fr)<\/p>\n<\/div><\/div>\n\n\n\n<p><\/p>\n\n\n\n<p><\/p>\n\n\n\n<hr class=\"wp-block-separator has-css-opacity is-style-wide\"\/>\n\n\n\n<p><\/p>\n\n\n\n<div class=\"wp-block-media-text alignwide is-stacked-on-mobile\" style=\"grid-template-columns:30% auto\" id=\"container\"><figure class=\"wp-block-media-text__media\"><a href=\"http:\/\/www.cites.org\/fra\"><img data-recalc-dims=\"1\" loading=\"lazy\" decoding=\"async\" width=\"1024\" height=\"586\" data-attachment-id=\"14541\" data-permalink=\"https:\/\/codexvirtualis.fr\/codex\/de-la-biodiversite\/de-l-etude-a-la-preservation\/logo_cites\" data-orig-file=\"https:\/\/i0.wp.com\/codexvirtualis.fr\/codex\/wp-content\/uploads\/logo_cites.png?fit=2390%2C1368&amp;ssl=1\" data-orig-size=\"2390,1368\" data-comments-opened=\"0\" data-image-meta=\"{&quot;aperture&quot;:&quot;0&quot;,&quot;credit&quot;:&quot;&quot;,&quot;camera&quot;:&quot;&quot;,&quot;caption&quot;:&quot;&quot;,&quot;created_timestamp&quot;:&quot;0&quot;,&quot;copyright&quot;:&quot;&quot;,&quot;focal_length&quot;:&quot;0&quot;,&quot;iso&quot;:&quot;0&quot;,&quot;shutter_speed&quot;:&quot;0&quot;,&quot;title&quot;:&quot;&quot;,&quot;orientation&quot;:&quot;0&quot;}\" data-image-title=\"logo_cites\" data-image-description=\"\" data-image-caption=\"\" data-medium-file=\"https:\/\/i0.wp.com\/codexvirtualis.fr\/codex\/wp-content\/uploads\/logo_cites.png?fit=300%2C172&amp;ssl=1\" data-large-file=\"https:\/\/i0.wp.com\/codexvirtualis.fr\/codex\/wp-content\/uploads\/logo_cites.png?fit=1024%2C586&amp;ssl=1\" src=\"https:\/\/i0.wp.com\/codexvirtualis.fr\/codex\/wp-content\/uploads\/logo_cites.png?resize=1024%2C586&#038;ssl=1\" alt=\"\" class=\"wp-image-14541 size-full\" srcset=\"https:\/\/i0.wp.com\/codexvirtualis.fr\/codex\/wp-content\/uploads\/logo_cites.png?resize=1024%2C586&amp;ssl=1 1024w, https:\/\/i0.wp.com\/codexvirtualis.fr\/codex\/wp-content\/uploads\/logo_cites.png?resize=300%2C172&amp;ssl=1 300w, https:\/\/i0.wp.com\/codexvirtualis.fr\/codex\/wp-content\/uploads\/logo_cites.png?resize=768%2C440&amp;ssl=1 768w, https:\/\/i0.wp.com\/codexvirtualis.fr\/codex\/wp-content\/uploads\/logo_cites.png?resize=1536%2C879&amp;ssl=1 1536w, https:\/\/i0.wp.com\/codexvirtualis.fr\/codex\/wp-content\/uploads\/logo_cites.png?resize=2048%2C1172&amp;ssl=1 2048w\" sizes=\"auto, (max-width: 1000px) 100vw, 1000px\" \/><\/a><\/figure><div class=\"wp-block-media-text__content\">\n<h3 class=\"wp-block-heading\">la <a href=\"\/codex\/de-la-biodiversite\/de-l-etude-a-la-preservation\/convention-de-washington\">Convention de Washington<\/a> (CITES)<\/h3>\n\n\n\n<p>elle r\u00e9git le commerce international des esp\u00e8ces de faune et de flore sauvages menac\u00e9es d&rsquo;extinction dans un contexte mondial<\/p>\n\n\n\n<p><a href=\"http:\/\/www.cites.org\/fra\" target=\"_blank\" rel=\"noreferrer noopener\">site internet<\/a> (adresse http:\/\/www.cites.org\/fra)<\/p>\n<\/div><\/div>\n\n\n\n<p><\/p>\n\n\n\n<p><\/p>\n\n\n\n<hr class=\"wp-block-separator has-css-opacity is-style-wide\"\/>\n\n\n\n<p><\/p>\n","protected":false},"excerpt":{"rendered":"<p>La biodiversit\u00e9 est aujourd&rsquo;hui l&rsquo;objet de toutes les attentions. Elle est une richesse, elle est menac\u00e9e, elle est prot\u00e9g\u00e9e&#8230; De multiples initiatives voient le jour \u00e0&nbsp; son propos, les sites internet fleurissent et il est parfois difficile de naviguer dans le flot des donn\u00e9es. Cette rubrique propose quelques r\u00e9f\u00e9rences et morceaux choisis qui peuvent constituer [&hellip;]<\/p>\n","protected":false},"author":2,"featured_media":0,"parent":15,"menu_order":2,"comment_status":"closed","ping_status":"closed","template":"","meta":{"site-sidebar-layout":"default","site-content-layout":"","ast-site-content-layout":"default","site-content-style":"default","site-sidebar-style":"default","ast-global-header-display":"","ast-banner-title-visibility":"","ast-main-header-display":"","ast-hfb-above-header-display":"","ast-hfb-below-header-display":"","ast-hfb-mobile-header-display":"","site-post-title":"","ast-breadcrumbs-content":"","ast-featured-img":"","footer-sml-layout":"","ast-disable-related-posts":"","theme-transparent-header-meta":"","adv-header-id-meta":"","stick-header-meta":"","header-above-stick-meta":"","header-main-stick-meta":"","header-below-stick-meta":"","astra-migrate-meta-layouts":"default","ast-page-background-enabled":"default","ast-page-background-meta":{"desktop":{"background-color":"var(--ast-global-color-4)","background-image":"","background-repeat":"repeat","background-position":"center center","background-size":"auto","background-attachment":"scroll","background-type":"","background-media":"","overlay-type":"","overlay-color":"","overlay-opacity":"","overlay-gradient":""},"tablet":{"background-color":"","background-image":"","background-repeat":"repeat","background-position":"center center","background-size":"auto","background-attachment":"scroll","background-type":"","background-media":"","overlay-type":"","overlay-color":"","overlay-opacity":"","overlay-gradient":""},"mobile":{"background-color":"","background-image":"","background-repeat":"repeat","background-position":"center center","background-size":"auto","background-attachment":"scroll","background-type":"","background-media":"","overlay-type":"","overlay-color":"","overlay-opacity":"","overlay-gradient":""}},"ast-content-background-meta":{"desktop":{"background-color":"var(--ast-global-color-5)","background-image":"","background-repeat":"repeat","background-position":"center center","background-size":"auto","background-attachment":"scroll","background-type":"","background-media":"","overlay-type":"","overlay-color":"","overlay-opacity":"","overlay-gradient":""},"tablet":{"background-color":"var(--ast-global-color-5)","background-image":"","background-repeat":"repeat","background-position":"center center","background-size":"auto","background-attachment":"scroll","background-type":"","background-media":"","overlay-type":"","overlay-color":"","overlay-opacity":"","overlay-gradient":""},"mobile":{"background-color":"var(--ast-global-color-5)","background-image":"","background-repeat":"repeat","background-position":"center center","background-size":"auto","background-attachment":"scroll","background-type":"","background-media":"","overlay-type":"","overlay-color":"","overlay-opacity":"","overlay-gradient":""}},"footnotes":""},"class_list":["post-315","page","type-page","status-publish","hentry"],"aioseo_notices":[],"jetpack_sharing_enabled":true,"_links":{"self":[{"href":"https:\/\/codexvirtualis.fr\/codex\/wp-json\/wp\/v2\/pages\/315","targetHints":{"allow":["GET"]}}],"collection":[{"href":"https:\/\/codexvirtualis.fr\/codex\/wp-json\/wp\/v2\/pages"}],"about":[{"href":"https:\/\/codexvirtualis.fr\/codex\/wp-json\/wp\/v2\/types\/page"}],"author":[{"embeddable":true,"href":"https:\/\/codexvirtualis.fr\/codex\/wp-json\/wp\/v2\/users\/2"}],"replies":[{"embeddable":true,"href":"https:\/\/codexvirtualis.fr\/codex\/wp-json\/wp\/v2\/comments?post=315"}],"version-history":[{"count":41,"href":"https:\/\/codexvirtualis.fr\/codex\/wp-json\/wp\/v2\/pages\/315\/revisions"}],"predecessor-version":[{"id":14544,"href":"https:\/\/codexvirtualis.fr\/codex\/wp-json\/wp\/v2\/pages\/315\/revisions\/14544"}],"up":[{"embeddable":true,"href":"https:\/\/codexvirtualis.fr\/codex\/wp-json\/wp\/v2\/pages\/15"}],"wp:attachment":[{"href":"https:\/\/codexvirtualis.fr\/codex\/wp-json\/wp\/v2\/media?parent=315"}],"curies":[{"name":"wp","href":"https:\/\/api.w.org\/{rel}","templated":true}]}}