{"id":2932,"date":"2011-10-15T17:19:49","date_gmt":"2011-10-15T15:19:49","guid":{"rendered":"http:\/\/codexvirtualis.fr\/codex\/?page_id=2932"},"modified":"2011-10-15T17:26:05","modified_gmt":"2011-10-15T15:26:05","slug":"dans-lintimite-des-coccinelles","status":"publish","type":"page","link":"https:\/\/codexvirtualis.fr\/codex\/cabinet-de-curiosites-virtuel\/dans-lintimite-des-animaux\/dans-lintimite-des-coccinelles","title":{"rendered":"Dans l&rsquo;intimit\u00e9 des Coccinelles"},"content":{"rendered":"<p> &nbsp; <\/p>\n<h2>Le cycle de d\u00e9veloppement de la Coccinelle asiatique<\/h2>\n<p> &nbsp; <\/p>\n<p>La Coccinelle asiatique (<em>Harmonia axyridis<\/em>) est une esp\u00e8ce originaire du sud-est de l&rsquo;Asie, introduite en Europe dans le cadre de la lutte biologique contre les pucerons.<\/p>\n<p>Les adultes de cette esp\u00e8ce pr\u00e9sentent des colorations et ornementations tr\u00e8s vari\u00e9es : points rouges sur fond noir, points noirs sur fond orange ou rouge, couleur orange sans points etc.<br \/>\nL&rsquo;esp\u00e8ce est tr\u00e8s <a href=\"\/codex\/glossaire\/glossaire-de-p-a-s#polymorphisme\" target=\"_blank\">polymorphe<\/a> mais seule la taille distingue m\u00e2les et femelles, les premiers \u00e9tant l\u00e9g\u00e8rement plus petits que les secondes.<\/p>\n<p>D\u00e9sormais abondante dans les parcs et jardins, la Coccinelle asiatique peut ais\u00e9ment \u00eatre observ\u00e9e et servir de mod\u00e8le pour la description des diff\u00e9rentes phases du cycle de d\u00e9veloppement des Coccinelles.<\/p>\n<p> &nbsp; <\/p>\n<figure style=\"width: 300px\" class=\"wp-caption alignnone\"><a rel=\"lightbox\" href=\"\/documents\/images\/Harmonia_axyridis\/Harmonia_axyridis44_11accouplement-WEB.jpg\" target=\"_blank\"><img decoding=\"async\" alt=\"Accouplement\" src=\"\/documents\/images\/Harmonia_axyridis\/Harmonia_axyridis44_11accouplement-WEB.jpg\" title=\"Accouplement\" width=\"300\" \/><\/a><figcaption class=\"wp-caption-text\">Accouplement de Coccinelles asiatiques<\/figcaption><\/figure>\n<p>De la m\u00eame mani\u00e8re que chez les autres Insectes, c&rsquo;est \u00e0 la faveur d&rsquo;un accouplement que la Coccinelle asiatique m\u00e2le transf\u00e8re \u00e0 la femelle ses gam\u00e8tes, les spermatozo\u00efdes.<br \/>\nIl intervient g\u00e9n\u00e9ralement au printemps ou au d\u00e9but de l&rsquo;\u00e9t\u00e9.<\/p>\n<p> &nbsp; <\/p>\n<figure style=\"width: 300px\" class=\"wp-caption alignnone\"><a rel=\"lightbox\" href=\"\/documents\/images\/Harmonia_axyridis\/Harmonia_axyridis49_11accouplement-WEB.jpg\" target=\"_blank\"><img decoding=\"async\" alt=\"Accouplement\" src=\"\/documents\/images\/Harmonia_axyridis\/Harmonia_axyridis49_11accouplement-WEB.jpg\" title=\"Accouplement\" width=\"300\" \/><\/a><figcaption class=\"wp-caption-text\">Accouplement de Coccinelles asiatiques<\/figcaption><\/figure>\n<p>La f\u00e9condation des ovules par les spermatozo\u00efdes se d\u00e9roule \u00e0 l&rsquo;int\u00e9rieur de l&rsquo;organisme femelle.<br \/>\nIl s&rsquo;agit d&rsquo;une f\u00e9condation interne.<\/p>\n<p> &nbsp; <\/p>\n<figure style=\"width: 300px\" class=\"wp-caption alignnone\"><a rel=\"lightbox\" href=\"\/documents\/images\/Harmonia_axyridis\/Harmonia_axyridis19_11ponte-WEB.jpg\" target=\"_blank\"><img decoding=\"async\" alt=\"Oviposition\" src=\"\/documents\/images\/Harmonia_axyridis\/Harmonia_axyridis19_11ponte-WEB.jpg\" title=\"Oviposition\" width=\"300\" \/><\/a><figcaption class=\"wp-caption-text\">D\u00e9p\u00f4t des \u0153ufs par la Coccinelle asiatique femelle<\/figcaption><\/figure>\n<p>Peu apr\u00e8s, la femelle d\u00e9pose ses \u0153ufs sur la face inf\u00e9rieure d&rsquo;une feuille, souvent \u00e0 proximit\u00e9 d&rsquo;une colonie de pucerons.<\/p>\n<p> &nbsp; <\/p>\n<figure style=\"width: 300px\" class=\"wp-caption alignnone\"><a rel=\"lightbox\" href=\"\/documents\/images\/Harmonia_axyridis\/Harmonia_axyridis20_11ponte-WEB.jpg\" target=\"_blank\"><img decoding=\"async\" alt=\"Ponte\" src=\"\/documents\/images\/Harmonia_axyridis\/Harmonia_axyridis20_11ponte-WEB.jpg\" title=\"Ponte\" width=\"300\" \/><\/a><figcaption class=\"wp-caption-text\">\u0152ufs de Coccinelle asiatique<\/figcaption><\/figure>\n<p>La nouvelle g\u00e9n\u00e9ration se d\u00e9veloppe au sein des \u0153ufs, prot\u00e9g\u00e9e par les enveloppes de ces derniers.<br \/>\nCette phase du d\u00e9veloppement, appel\u00e9e <a href=\"\/codex\/glossaire\/glossaire-de-d-a-h#developpement_embryonnaire\" target=\"_blank\">d\u00e9veloppement embryonnaire<\/a>, dure en moyenne 3 \u00e0 5 jours.<br \/>\nLes \u0153ufs \u00e9closent alors, lib\u00e9rant chacun un nouvel individu.<\/p>\n<p> &nbsp; <\/p>\n<figure style=\"width: 300px\" class=\"wp-caption alignnone\"><a rel=\"lightbox\" href=\"\/documents\/images\/Harmonia_axyridis\/Harmonia_axyridis06_10larve-WEB.jpg\" target=\"_blank\"><img decoding=\"async\" alt=\"Larve\" src=\"\/documents\/images\/Harmonia_axyridis\/Harmonia_axyridis06_10larve-WEB.jpg\" title=\"Larve\" width=\"300\" \/><\/a><figcaption class=\"wp-caption-text\">Larve de Coccinelle asiatique<\/figcaption><\/figure>\n<figure style=\"width: 300px\" class=\"wp-caption alignnone\"><a rel=\"lightbox\" href=\"\/documents\/images\/Harmonia_axyridis\/Harmonia_axyridis38_11-WEB.jpg\" target=\"_blank\"><img decoding=\"async\" alt=\"Adulte\" src=\"\/documents\/images\/Harmonia_axyridis\/Harmonia_axyridis38_11-WEB.jpg\" title=\"Adulte\" width=\"300\" \/><\/a><figcaption class=\"wp-caption-text\">Coccinelle asiatique adulte<\/figcaption><\/figure>\n<p>\u00c0 l&rsquo;\u00e9closion, il est difficile de reconna\u00eetre une Coccinelle asiatique dans l&rsquo;individu \u00e9mergeant.<br \/>\nCe dernier poss\u00e8de un corps allong\u00e9 et aplati selon l&rsquo;axe dos-ventre. Il est form\u00e9 d&rsquo;une t\u00eate, d&rsquo;un thorax muni de 3 paires de pattes ventrales et d&rsquo;un abdomen mais ne porte pas d&rsquo;ailes.<br \/>\nPar comparaison, le corps de l&rsquo;adulte est plut\u00f4t court et globuleux. Il est \u00e9galement caract\u00e9ris\u00e9 par la pr\u00e9sence de 2 paires d&rsquo;ailes ins\u00e9r\u00e9es sur le thorax.<\/p>\n<p>L&rsquo;individu issu du d\u00e9veloppement embryonnaire est une <a href=\"\/codex\/glossaire\/glossaire-de-i-a-o#larve\" target=\"_blank\">larve<\/a>, diff\u00e9rant de l&rsquo;adulte par sa morphologie, son anatomie et certains aspects de son mode de vie.<\/p>\n<p> &nbsp; <\/p>\n<figure style=\"width: 300px\" class=\"wp-caption alignnone\"><a rel=\"lightbox\" href=\"\/documents\/images\/Harmonia_axyridis\/Harmonia_axyridis19_10larve_repas-WEB.jpg\" target=\"_blank\"><img decoding=\"async\" alt=\"Larve\" src=\"\/documents\/images\/Harmonia_axyridis\/Harmonia_axyridis19_10larve_repas-WEB.jpg\" title=\"Larve\" width=\"300\" \/><\/a><figcaption class=\"wp-caption-text\">Repas de la larve de Coccinelle asiatique<\/figcaption><\/figure>\n<p>La larve est carnivore et se nourrit activement, en particulier de pucerons mais \u00e9galement d&rsquo;autres proies.<br \/>\nElle subit trois <a href=\"\/codex\/glossaire\/glossaire-de-i-a-o#mue\" target=\"_blank\">mues<\/a>, qualifi\u00e9es de larvaires, au cours desquelles elle grandit et acquiert des \u00ab\u00a0\u00e9pines\u00a0\u00bb ainsi que des taches oranges.<\/p>\n<p> &nbsp; <\/p>\n<figure style=\"width: 300px\" class=\"wp-caption alignnone\"><a rel=\"lightbox\" href=\"\/documents\/images\/Harmonia_axyridis\/Harmonia_axyridis30_11larve-WEB.jpg\" target=\"_blank\"><img decoding=\"async\" alt=\"Nymphose\" src=\"\/documents\/images\/Harmonia_axyridis\/Harmonia_axyridis30_11larve-WEB.jpg\" title=\"Nymphose\" width=\"300\" \/><\/a><figcaption class=\"wp-caption-text\">Dernier stade larvaire de la Coccinelle asiatique<\/figcaption><\/figure>\n<p>Apr\u00e8s 15 jours de vie larvaire, l&rsquo;individu se fixe sur la face inf\u00e9rieure d&rsquo;une feuille \u00e0 l&rsquo;aide de l&rsquo;extr\u00e9mit\u00e9 post\u00e9rieure de son abdomen.<\/p>\n<p> &nbsp; <\/p>\n<figure style=\"width: 300px\" class=\"wp-caption alignnone\"><a rel=\"lightbox\" href=\"\/documents\/images\/Harmonia_axyridis\/Harmonia_axyridis15_11larve-WEB.jpg\" target=\"_blank\"><img decoding=\"async\" alt=\"Nymphose\" src=\"\/documents\/images\/Harmonia_axyridis\/Harmonia_axyridis15_11larve-WEB.jpg\" title=\"Nymphose\" width=\"300\" \/><\/a><figcaption class=\"wp-caption-text\">Transformation de la larve de Coccinelle asiatique en nymphe<\/figcaption><\/figure>\n<figure style=\"width: 300px\" class=\"wp-caption alignnone\"><a rel=\"lightbox\" href=\"\/documents\/images\/Harmonia_axyridis\/Harmonia_axyridis29_10nymphe-WEB.jpg\" target=\"_blank\"><img decoding=\"async\" alt=\"Nymphe\" src=\"\/documents\/images\/Harmonia_axyridis\/Harmonia_axyridis29_10nymphe-WEB.jpg\" title=\"Nymphe\" width=\"300\" \/><\/a><figcaption class=\"wp-caption-text\">Nymphe de Coccinelle asiatique<\/figcaption><\/figure>\n<p>La larve se transforme alors en une <a href=\"\/codex\/glossaire\/glossaire-de-i-a-o#nymphe\" target=\"_blank\">nymphe<\/a> immobile \u00e0 la faveur d&rsquo;une nouvelle mue dite larvo-nymphale, se recroquevillant et acqu\u00e9rant une cuticule rigide, color\u00e9e en orange et ponctu\u00e9e de noir.<\/p>\n<p>L&rsquo;adulte \u00e9galement appel\u00e9 <a href=\"\/codex\/glossaire\/glossaire-de-i-a-o#imago\" target=\"_blank\">imago<\/a> \u00e9merge de la nymphe apr\u00e8s environ 1 semaine, lors d&rsquo;une mue nympho-imaginale qui met un terme au <a href=\"\/codex\/glossaire\/glossaire-de-d-a-h#developpement_post-embryonnaire\" target=\"_blank\">d\u00e9veloppement post-embryonnaire<\/a> d\u00e9but\u00e9 au moment de l&rsquo;\u00e9closion.<\/p>\n<p>La formation de l&rsquo;adulte est r\u00e9alis\u00e9e au sein de l&rsquo;enveloppe de la nymphe. Elle est marqu\u00e9e par l&rsquo;acquisition de la forme du corps, des ailes, de la maturit\u00e9 sexuelle.<br \/>\nIl s&rsquo;agit d&rsquo;une <a href=\"\/codex\/glossaire\/glossaire-de-i-a-o#metamorphose\" target=\"_blank\">m\u00e9tamorphose<\/a> qui transforme la larve en imago.<\/p>\n<p> &nbsp; <\/p>\n<p>Les caract\u00e9ristiques du cycle de d\u00e9veloppement de la Coccinelle asiatique (pr\u00e9sence d&rsquo;une larve et d&rsquo;une nymphe, m\u00e9tamorphose) font de cette esp\u00e8ce un Insecte <a href=\"\/codex\/glossaire\/glossaire-de-d-a-h#holometabole\" target=\"_blank\">holom\u00e9tabole<\/a>.<\/p>\n<p>Du fait du d\u00e9veloppement interne des \u00e9bauches d&rsquo;ailes chez la larve et la nymphe, elle est qualifi\u00e9e d&rsquo;<a href=\"\/codex\/glossaire\/glossaire-de-d-a-h#endopterygote\" target=\"_blank\">endopt\u00e9rygote<\/a>.<\/p>\n<p> &nbsp; <\/p>\n<p>Le cycle de d\u00e9veloppement de la Coccinelle asiatique dure \u00e0 peu pr\u00e8s 35 jours et plusieurs g\u00e9n\u00e9rations peuvent \u00eatre produites chaque ann\u00e9e, ce qui explique l&rsquo;expansion de l&rsquo;esp\u00e8ce en Europe et son caract\u00e8re invasif.<\/p>\n<p>De m\u00eame que les autres esp\u00e8ces de Coccinelles, la Coccinelle asiatique passe l&rsquo;hiver \u00e0 l&rsquo;\u00e9tat adulte.<br \/>\nDe nombreux individus se regroupent en automne et se mettent fr\u00e9quemment \u00e0 l&rsquo;abri dans les constructions humaines. <\/p>\n<p> &nbsp; <\/p>\n<p>Pour en savoir plus sur la Coccinelle asiatique<\/p>\n<p><span style=\"color: #999999;\">\u2022 <\/span>consulter l&rsquo;<a href=\"http:\/\/www2.ville.montreal.qc.ca\/insectarium\/\" target=\"_blank\">insectarium du portail de la ville de Montr\u00e9al<\/a> (adresse http:\/\/www2.ville.montreal.qc.ca\/insectarium)<\/p>\n<p><span style=\"color: #999999;\">\u2022 <\/span>t\u00e9l\u00e9charger l&rsquo;article <a href=\"\/documents\/telechargement\/complements_images\/la-coccinelle-asiatique.pdf\" target=\"_blank\">\u00ab\u00a0La Coccinelle asiatique\u00a0\u00bb<\/a> de Gilles San Martin, Tim Adriaens, Louis Hautier et Nicolas Ottart paru dans la revue Insectes n\u00b0136<\/p>\n<p>Retrouvez la revue Insectes en ligne, sur le site de l\u2019<a href=\"http:\/\/www.insectes.org\/\" target=\"_blank\">Office pour les Insectes et leur environnement<\/a> (OPIE, adresse : http:\/\/www.insectes.org\/).<\/p>\n<p> &nbsp; <\/p>\n<p>Pour acc\u00e9der aux images des <a href=\"\/images\/index.php?album=parcs-de-gerland-et-des-berges-du-rhone\/les-coccinelles-et-insectes-apparentes\" target=\"_blank\">Coccinelles et Insectes apparent\u00e9s des parcs de Gerland et des berges du Rh\u00f4ne<\/a><\/p>\n<p> &nbsp; <\/p>\n<p style=\"text-align: right;\">[print_link]<\/p>\n","protected":false},"excerpt":{"rendered":"<p>&nbsp; Le cycle de d\u00e9veloppement de la Coccinelle asiatique &nbsp; La Coccinelle asiatique (Harmonia axyridis) est une esp\u00e8ce originaire du sud-est de l&rsquo;Asie, introduite en Europe dans le cadre de la lutte biologique contre les pucerons. Les adultes de cette esp\u00e8ce pr\u00e9sentent des colorations et ornementations tr\u00e8s vari\u00e9es : points rouges sur fond noir, points [&hellip;]<\/p>\n","protected":false},"author":2,"featured_media":0,"parent":1747,"menu_order":4,"comment_status":"closed","ping_status":"closed","template":"","meta":{"site-sidebar-layout":"default","site-content-layout":"","ast-site-content-layout":"default","site-content-style":"default","site-sidebar-style":"default","ast-global-header-display":"","ast-banner-title-visibility":"","ast-main-header-display":"","ast-hfb-above-header-display":"","ast-hfb-below-header-display":"","ast-hfb-mobile-header-display":"","site-post-title":"","ast-breadcrumbs-content":"","ast-featured-img":"","footer-sml-layout":"","ast-disable-related-posts":"","theme-transparent-header-meta":"","adv-header-id-meta":"","stick-header-meta":"","header-above-stick-meta":"","header-main-stick-meta":"","header-below-stick-meta":"","astra-migrate-meta-layouts":"default","ast-page-background-enabled":"default","ast-page-background-meta":{"desktop":{"background-color":"var(--ast-global-color-4)","background-image":"","background-repeat":"repeat","background-position":"center center","background-size":"auto","background-attachment":"scroll","background-type":"","background-media":"","overlay-type":"","overlay-color":"","overlay-opacity":"","overlay-gradient":""},"tablet":{"background-color":"","background-image":"","background-repeat":"repeat","background-position":"center center","background-size":"auto","background-attachment":"scroll","background-type":"","background-media":"","overlay-type":"","overlay-color":"","overlay-opacity":"","overlay-gradient":""},"mobile":{"background-color":"","background-image":"","background-repeat":"repeat","background-position":"center center","background-size":"auto","background-attachment":"scroll","background-type":"","background-media":"","overlay-type":"","overlay-color":"","overlay-opacity":"","overlay-gradient":""}},"ast-content-background-meta":{"desktop":{"background-color":"var(--ast-global-color-5)","background-image":"","background-repeat":"repeat","background-position":"center center","background-size":"auto","background-attachment":"scroll","background-type":"","background-media":"","overlay-type":"","overlay-color":"","overlay-opacity":"","overlay-gradient":""},"tablet":{"background-color":"var(--ast-global-color-5)","background-image":"","background-repeat":"repeat","background-position":"center center","background-size":"auto","background-attachment":"scroll","background-type":"","background-media":"","overlay-type":"","overlay-color":"","overlay-opacity":"","overlay-gradient":""},"mobile":{"background-color":"var(--ast-global-color-5)","background-image":"","background-repeat":"repeat","background-position":"center center","background-size":"auto","background-attachment":"scroll","background-type":"","background-media":"","overlay-type":"","overlay-color":"","overlay-opacity":"","overlay-gradient":""}},"footnotes":""},"class_list":["post-2932","page","type-page","status-publish","hentry"],"aioseo_notices":[],"jetpack_sharing_enabled":true,"_links":{"self":[{"href":"https:\/\/codexvirtualis.fr\/codex\/wp-json\/wp\/v2\/pages\/2932","targetHints":{"allow":["GET"]}}],"collection":[{"href":"https:\/\/codexvirtualis.fr\/codex\/wp-json\/wp\/v2\/pages"}],"about":[{"href":"https:\/\/codexvirtualis.fr\/codex\/wp-json\/wp\/v2\/types\/page"}],"author":[{"embeddable":true,"href":"https:\/\/codexvirtualis.fr\/codex\/wp-json\/wp\/v2\/users\/2"}],"replies":[{"embeddable":true,"href":"https:\/\/codexvirtualis.fr\/codex\/wp-json\/wp\/v2\/comments?post=2932"}],"version-history":[{"count":41,"href":"https:\/\/codexvirtualis.fr\/codex\/wp-json\/wp\/v2\/pages\/2932\/revisions"}],"predecessor-version":[{"id":2976,"href":"https:\/\/codexvirtualis.fr\/codex\/wp-json\/wp\/v2\/pages\/2932\/revisions\/2976"}],"up":[{"embeddable":true,"href":"https:\/\/codexvirtualis.fr\/codex\/wp-json\/wp\/v2\/pages\/1747"}],"wp:attachment":[{"href":"https:\/\/codexvirtualis.fr\/codex\/wp-json\/wp\/v2\/media?parent=2932"}],"curies":[{"name":"wp","href":"https:\/\/api.w.org\/{rel}","templated":true}]}}