{"id":2762,"date":"2011-08-26T16:42:13","date_gmt":"2011-08-26T14:42:13","guid":{"rendered":"http:\/\/codexvirtualis.fr\/codex\/?page_id=2762"},"modified":"2023-01-27T11:01:26","modified_gmt":"2023-01-27T10:01:26","slug":"insectes-trois-paires-ailes","status":"publish","type":"page","link":"https:\/\/codexvirtualis.fr\/codex\/cabinet-de-curiosites-virtuel\/images-insolites-instructives\/insectes-trois-paires-ailes","title":{"rendered":"Des Insectes \u00e0 trois paires d&rsquo;ailes"},"content":{"rendered":"<h2>Le casque des Membracides<\/h2>\n<figure style=\"width: 300px\" class=\"wp-caption alignnone\"><a href=\"\/documents\/images\/Stictocephala_bisonia\/membracidebison02_10-WEB.jpg\" target=\"_blank\" rel=\"lightbox&quot; noopener\"><img decoding=\"async\" title=\"Membracide bison adulte\" src=\"\/documents\/images\/Stictocephala_bisonia\/membracidebison02_10-WEB.jpg\" alt=\"Membracide bison adulte\" width=\"300\" \/><\/a><figcaption class=\"wp-caption-text\">Membracide bison adulte (Lyon, ao\u00fbt 2010)<\/figcaption><\/figure>\n<p>Les Membracides constituent une famille d&rsquo;Insectes dont les repr\u00e9sentants sont caract\u00e9ris\u00e9s par la possession d&rsquo;un casque situ\u00e9 en position dorsale et pouvant recouvrir la totalit\u00e9 du corps. Il est observ\u00e9 chez tous les membres de la famille et eux seuls.<\/p>\n<p>Chez le Membracide bison (<em>Stictocephala bisonia<\/em>) ci-dessus, le casque porte deux expansions lat\u00e9rales rappelant les cornes d&rsquo;un Bison, d&rsquo;o\u00f9 le nom de l&rsquo;esp\u00e8ce.<\/p>\n<p>Cette structure est tr\u00e8s diversifi\u00e9e d&rsquo;une esp\u00e8ce \u00e0 l&rsquo;autre du point de vue de la forme, de la couleur et de la texture.<\/p>\n<p>La possession de ce casque original soul\u00e8ve de nombreuses questions.<\/p>\n<p><span style=\"color: #999999;\">\u2022 <\/span>Quelle est la nature exacte de cette structure ?<\/p>\n<p><span style=\"color: #999999;\">\u2022 <\/span>Comment est elle mise en place au cours du d\u00e9veloppement ?<\/p>\n<p><span style=\"color: #999999;\">\u2022 <\/span>Quelle peut \u00eatre son origine \u00e9volutive ?<\/p>\n<p>Les \u00e9tudes men\u00e9es par l&rsquo;\u00e9quipe de l&rsquo;Institut de biologie du d\u00e9veloppement de Marseille-Luminy notamment apportent des \u00e9l\u00e9ments de r\u00e9ponse.<\/p>\n<figure style=\"width: 300px\" class=\"wp-caption alignnone\"><a href=\"\/documents\/images\/Stictocephala_bisonia\/membracidebison07_10-WEB.jpg\" target=\"_blank\" rel=\"lightbox&quot; noopener\"><img decoding=\"async\" title=\"Membracide bison adulte\" src=\"\/documents\/images\/Stictocephala_bisonia\/membracidebison07_10-WEB.jpg\" alt=\"Membracide bison adulte\" width=\"300\" \/><\/a><figcaption class=\"wp-caption-text\">Membracide bison adulte (Lyon, ao\u00fbt 2010)<\/figcaption><\/figure>\n<p>L&rsquo;examen de la morphologie et de l&rsquo;anatomie des Membracides montre que :<\/p>\n<p><span style=\"color: #999999;\">\u2022 <\/span> le casque est reli\u00e9 au premier segment du thorax par l&rsquo;interm\u00e9diaire d&rsquo;une zone souple, semblable aux membranes articulaires connectant les ailes aux deuxi\u00e8me et troisi\u00e8me segments thoraciques et permettant le mouvement des pi\u00e8ces articul\u00e9es l&rsquo;une par rapport \u00e0 l&rsquo;autre ;<\/p>\n<p><span style=\"color: #999999;\">\u2022 <\/span>le casque est compos\u00e9 de deux \u00e9pith\u00e9liums reli\u00e9s par des colonnes de cuticule, de la m\u00eame mani\u00e8re que les ailes port\u00e9es par les deuxi\u00e8me et troisi\u00e8me segments thoraciques ;<\/p>\n<p><span style=\"color: #999999;\">\u2022 <\/span>un r\u00e9seau complexe de nervures parcourt le casque, tout comme les ailes ant\u00e9rieures et post\u00e9rieures.<\/p>\n<p>Ces observations sugg\u00e8rent que le casque des Membracides pourrait \u00eatre issu de la transformation d&rsquo;une paire d&rsquo;appendices dorsaux, ces derniers \u00e9tant eux-m\u00eames susceptibles de d\u00e9river d&rsquo;expansions dorsales de la cuticule du premier segment thoracique.<\/p>\n<p>L&rsquo;\u00e9tude du d\u00e9veloppement du casque r\u00e9v\u00e8le pour sa part qu&rsquo;il est form\u00e9 \u00e0 partir de deux \u00e9bauches sym\u00e9triques, pr\u00e9sentes d\u00e8s le premier stade juv\u00e9nile. Elles se d\u00e9plient de la m\u00eame mani\u00e8re que les ailes des deuxi\u00e8me et troisi\u00e8me segments thoraciques.<\/p>\n<p>Au cours des phases ult\u00e9rieures du d\u00e9veloppement les deux \u00e9bauches fusionnent dorsalement dans le plan de sym\u00e9trie, donnant naissance \u00e0 la structure impaire observ\u00e9e chez l&rsquo;adulte.<\/p>\n<p>Le casque des Membracides semble donc r\u00e9sulter de l&rsquo;\u00e9volution d&rsquo;appendices dorsaux pairs, associ\u00e9s au premier segment thoracique.<\/p>\n<p>Les seuls appendices \u00e9quivalents connus chez les Insectes \u00e9tant les ailes, la question de l&rsquo;homologie du casque avec une hypoth\u00e9tique paire d&rsquo;ailes prothoraciques est pos\u00e9e.<\/p>\n<p>L&rsquo;identification des g\u00e8nes impliqu\u00e9s dans le contr\u00f4le du d\u00e9veloppement du casque apporte des indications \u00e0 ce propos.<\/p>\n<p>Le g\u00e8ne <em>nubbin<\/em> est un marqueur sp\u00e9cifique de la formation des ailes.<br \/>\nLa prot\u00e9ine correspondante est d\u00e9cel\u00e9e dans le casque en cours de d\u00e9veloppement, comme dans les ailes des stades juv\u00e9niles.<\/p>\n<p>Deux g\u00e8nes d\u00e9terminent la polarit\u00e9 proximo-distale des appendices, <em>homothorax<\/em> et <em>distal-less<\/em>.<br \/>\nIls sont \u00e9galement exprim\u00e9s dans le casque en formation et sont contribuent \u00e0 l&rsquo;\u00e9tablissement de son axe proximo-distal.<\/p>\n<p>Les similitudes existant entre le contr\u00f4le du d\u00e9veloppement du casque et celui des ailes laissent \u00e0 penser que ces deux structures pourraient \u00eatre homologues.<\/p>\n<p>Comment expliquer alors l&rsquo;apparition d&rsquo;ailes port\u00e9es par le premier segment thoracique, \u00e0 partir desquelles le casque se serait d\u00e9velopp\u00e9 ?<\/p>\n<p>Les Insectes ont \u00e9volu\u00e9 \u00e0 partir d&rsquo;anc\u00eatres dont tous les segments corporels portaient des expansions susceptibles de former des ailes.<\/p>\n<p>Chez les Insectes, le d\u00e9veloppement des ailes est restreint aux deuxi\u00e8me et troisi\u00e8me segments thoraciques, en relation avec l&rsquo;expression du g\u00e8ne <em>sex combs reduced<\/em> (g\u00e8ne hox) dont le produit inhibe l&rsquo;expression du g\u00e8ne <em>nubbin<\/em>.<br \/>\nAinsi, pr\u00e9sente dans le premier segment thoracique, la prot\u00e9ine Sex comb reduced r\u00e9prime la formation des ailes.<\/p>\n<p>Au cours du d\u00e9veloppement du casque, le g\u00e8ne <em>sex combs reduced<\/em> est exprim\u00e9 de m\u00eame que dans les segments corporels ne formant pas d&rsquo;ailes.<\/p>\n<p>Plus encore, l&rsquo;expression du g\u00e8ne <em>sex combs reduced<\/em> de Membracide dans les \u00e9bauches d&rsquo;ailes de Drosophile conduit \u00e0 l&rsquo;inhibition de leur d\u00e9veloppement, de la m\u00eame mani\u00e8re que l&rsquo;expression du g\u00e8ne <em>sex combs reduced<\/em> de Drosophile.<\/p>\n<p>Le g\u00e8ne <em>sex combs reduced<\/em> est exprim\u00e9 dans le premier segment thoracique des Membracides comme chez les autres Insectes et la prot\u00e9ine produite poss\u00e8de la propri\u00e9t\u00e9 d&rsquo;inhiber la formation des ailes de m\u00eame que chez les autres Insectes.<\/p>\n<p>Il est vraisemblable que le d\u00e9veloppement des ailes prothoraciques des Membracides soit d\u00fb \u00e0 une modification de la cascade g\u00e9n\u00e9tique en aval du g\u00e8ne <em>sex combs reduced<\/em>, impliquant par exemple l&rsquo;acquisition d&rsquo;une insensibilit\u00e9 \u00e0 la prot\u00e9ine Sex combs reduced.<\/p>\n<p>R\u00e9f\u00e9rence :<\/p>\n<p><span style=\"color: #999999;\">\u2022 <\/span>Prud\u2019homme B., Minervino C., Hocine M., Cande J.D., Aouane A., Dufour H.D., Kassner V.A., Gompel N., 2011 &#8211; Body plan innovation in treehoppers through the evolution of an extra wing-like appendage. Nature, vol. 473, 83-86.<\/p>\n<p><a href=\"http:\/\/dx.doi.org\/10.1038\/nature09977\" target=\"_blank\" rel=\"noopener\">DOI:10.1038\/nature09977<\/a><\/p>\n<p>Pour en savoir plus :<\/p>\n<p><span style=\"color: #999999;\">\u2022 <\/span>consulter les pages du cabinet de curiosit\u00e9s virtuel consacr\u00e9es<\/p>\n<p style=\"padding-left: 30px;\"><span style=\"color: #999999;\">\u2022 <\/span>au <a href=\"\/codex\/cabinet-de-curiosites-virtuel\/des-animaux-meconnus\/le-membracide-bison\">Membracide bison<\/a><\/p>\n<p style=\"padding-left: 30px;\"><span style=\"color: #999999;\">\u2022 <\/span>au <a href=\"\/codex\/cabinet-de-curiosites-virtuel\/dans-lintimite-des-animaux\/dans-lintimite-des-punaises\">d\u00e9veloppement des H\u00e9mipt\u00e8res \u00e0 partir de l&rsquo;exemple de la Punaise verte ponctu\u00e9e<\/a><\/p>\n<p><span style=\"color: #999999;\">\u2022 <\/span> acc\u00e9der aux images des <a href=\"\/images\/index.php?album=parcs-de-gerland-et-des-berges-du-rhone\/les-punaises-et-insectes-apparentes\" target=\"_blank\" rel=\"noopener\">Punaises et Insectes apparent\u00e9s des parcs de Gerland et des berges du Rh\u00f4ne<\/a><\/p>\n<p style=\"text-align: right;\">[print_link]<\/p>\n","protected":false},"excerpt":{"rendered":"<p>Le casque des Membracides Les Membracides constituent une famille d&rsquo;Insectes dont les repr\u00e9sentants sont caract\u00e9ris\u00e9s par la possession d&rsquo;un casque situ\u00e9 en position dorsale et pouvant recouvrir la totalit\u00e9 du corps. Il est observ\u00e9 chez tous les membres de la famille et eux seuls. Chez le Membracide bison (Stictocephala bisonia) ci-dessus, le casque porte deux [&hellip;]<\/p>\n","protected":false},"author":2,"featured_media":0,"parent":1788,"menu_order":4,"comment_status":"closed","ping_status":"closed","template":"","meta":{"site-sidebar-layout":"default","site-content-layout":"","ast-site-content-layout":"default","site-content-style":"default","site-sidebar-style":"default","ast-global-header-display":"","ast-banner-title-visibility":"","ast-main-header-display":"","ast-hfb-above-header-display":"","ast-hfb-below-header-display":"","ast-hfb-mobile-header-display":"","site-post-title":"","ast-breadcrumbs-content":"","ast-featured-img":"","footer-sml-layout":"","ast-disable-related-posts":"","theme-transparent-header-meta":"","adv-header-id-meta":"","stick-header-meta":"","header-above-stick-meta":"","header-main-stick-meta":"","header-below-stick-meta":"","astra-migrate-meta-layouts":"default","ast-page-background-enabled":"default","ast-page-background-meta":{"desktop":{"background-color":"var(--ast-global-color-4)","background-image":"","background-repeat":"repeat","background-position":"center center","background-size":"auto","background-attachment":"scroll","background-type":"","background-media":"","overlay-type":"","overlay-color":"","overlay-opacity":"","overlay-gradient":""},"tablet":{"background-color":"","background-image":"","background-repeat":"repeat","background-position":"center center","background-size":"auto","background-attachment":"scroll","background-type":"","background-media":"","overlay-type":"","overlay-color":"","overlay-opacity":"","overlay-gradient":""},"mobile":{"background-color":"","background-image":"","background-repeat":"repeat","background-position":"center center","background-size":"auto","background-attachment":"scroll","background-type":"","background-media":"","overlay-type":"","overlay-color":"","overlay-opacity":"","overlay-gradient":""}},"ast-content-background-meta":{"desktop":{"background-color":"var(--ast-global-color-5)","background-image":"","background-repeat":"repeat","background-position":"center center","background-size":"auto","background-attachment":"scroll","background-type":"","background-media":"","overlay-type":"","overlay-color":"","overlay-opacity":"","overlay-gradient":""},"tablet":{"background-color":"var(--ast-global-color-5)","background-image":"","background-repeat":"repeat","background-position":"center center","background-size":"auto","background-attachment":"scroll","background-type":"","background-media":"","overlay-type":"","overlay-color":"","overlay-opacity":"","overlay-gradient":""},"mobile":{"background-color":"var(--ast-global-color-5)","background-image":"","background-repeat":"repeat","background-position":"center center","background-size":"auto","background-attachment":"scroll","background-type":"","background-media":"","overlay-type":"","overlay-color":"","overlay-opacity":"","overlay-gradient":""}},"footnotes":""},"class_list":["post-2762","page","type-page","status-publish","hentry"],"aioseo_notices":[],"jetpack_sharing_enabled":true,"_links":{"self":[{"href":"https:\/\/codexvirtualis.fr\/codex\/wp-json\/wp\/v2\/pages\/2762","targetHints":{"allow":["GET"]}}],"collection":[{"href":"https:\/\/codexvirtualis.fr\/codex\/wp-json\/wp\/v2\/pages"}],"about":[{"href":"https:\/\/codexvirtualis.fr\/codex\/wp-json\/wp\/v2\/types\/page"}],"author":[{"embeddable":true,"href":"https:\/\/codexvirtualis.fr\/codex\/wp-json\/wp\/v2\/users\/2"}],"replies":[{"embeddable":true,"href":"https:\/\/codexvirtualis.fr\/codex\/wp-json\/wp\/v2\/comments?post=2762"}],"version-history":[{"count":23,"href":"https:\/\/codexvirtualis.fr\/codex\/wp-json\/wp\/v2\/pages\/2762\/revisions"}],"predecessor-version":[{"id":14752,"href":"https:\/\/codexvirtualis.fr\/codex\/wp-json\/wp\/v2\/pages\/2762\/revisions\/14752"}],"up":[{"embeddable":true,"href":"https:\/\/codexvirtualis.fr\/codex\/wp-json\/wp\/v2\/pages\/1788"}],"wp:attachment":[{"href":"https:\/\/codexvirtualis.fr\/codex\/wp-json\/wp\/v2\/media?parent=2762"}],"curies":[{"name":"wp","href":"https:\/\/api.w.org\/{rel}","templated":true}]}}