{"id":2645,"date":"2011-07-12T09:58:25","date_gmt":"2011-07-12T07:58:25","guid":{"rendered":"http:\/\/codexvirtualis.fr\/codex\/?page_id=2645"},"modified":"2015-07-14T15:11:44","modified_gmt":"2015-07-14T13:11:44","slug":"organe-byssogene-moule","status":"publish","type":"page","link":"https:\/\/codexvirtualis.fr\/codex\/de-lorganisation-interne\/organe-byssogene-moule","title":{"rendered":"L&rsquo;organe byssog\u00e8ne et l&rsquo;\u00e9laboration du byssus"},"content":{"rendered":"<p>&nbsp;<\/p>\n<p>La Moule (<em>Mytilus edulis<\/em>) est un animal vivant fix\u00e9 sur un support, g\u00e9n\u00e9ralement un rocher.<br \/>\nUn ensemble de filaments rigides assure la fixation. Ils constituent le byssus, \u00e9labor\u00e9 par un organe byssog\u00e8ne.<\/p>\n<p>&nbsp;<\/p>\n<figure style=\"width: 300px\" class=\"wp-caption alignnone\"><a rel=\"lightbox\" href=\"\/documents\/images\/Mytilus_glande_byssus\/glande_byssus-WEB.jpg\" target=\"_blank\"><img decoding=\"async\" title=\"Glande du byssus\" src=\"\/documents\/images\/Mytilus_glande_byssus\/glande_byssus-WEB.jpg\" alt=\"Glande du byssus\" width=\"300\" \/><\/a><figcaption class=\"wp-caption-text\">Localisation de l'organe byssog\u00e8ne de la Moule (vue ventrale)<\/figcaption><\/figure>\n<p>&nbsp;<\/p>\n<p>L&rsquo;organe byssog\u00e8ne est situ\u00e9 \u00e0 la base du pied. Il est ouvert sur l&rsquo;ext\u00e9rieur par un pore d&rsquo;o\u00f9 \u00e9mergent les filaments composant le byssus.<\/p>\n<p>&nbsp;<\/p>\n<p><figure style=\"width: 130px\" class=\"wp-caption alignnone\"><a rel=\"lightbox\" href=\"\/documents\/images\/Mytilus_glande_byssus\/byssus-WEB.jpg\" target=\"_blank\"><img loading=\"lazy\" decoding=\"async\" class=\" \" title=\"Glande byssus\" src=\"\/documents\/images\/Mytilus_glande_byssus\/byssus-WEB.jpg\" alt=\"Glande byssus\" width=\"130\" height=\"300\" \/><\/a><figcaption class=\"wp-caption-text\">Coupe transversale de l'organe byssog\u00e8ne de Moule<\/figcaption><\/figure><br \/>\n&nbsp;<br \/>\nSur cette image, les filaments libres du byssus apparaissent color\u00e9s en rouge. Une fois pass\u00e9 le pore de la glande, ils courent dans la cavit\u00e9 pall\u00e9ale.<\/p>\n<p>Le pore est l&rsquo;ouverture sur l&rsquo;ext\u00e9rieur d&rsquo;une cavit\u00e9 allong\u00e9e, comprenant de multiples cloisons. Elles d\u00e9limitent des espaces dans lesquels les filaments du byssus sont form\u00e9s individuellement.<\/p>\n<p>L&rsquo;ensemble est entour\u00e9 de cellules glandulaires \u00e0 l&rsquo;origine de la synth\u00e8se et la s\u00e9cr\u00e9tion des substances constituant les filaments du byssus. Elles composent la glande byssog\u00e8ne.<br \/>\n&nbsp;<br \/>\n<figure style=\"width: 300px\" class=\"wp-caption alignnone\"><a rel=\"lightbox\" href=\"\/documents\/images\/Mytilus_glande_byssus\/byssus_106-WEB.jpg\" target=\"_blank\"><img decoding=\"async\" alt=\"Glande byssus\" src=\"\/documents\/images\/Mytilus_glande_byssus\/byssus_106-WEB.jpg\" title=\"Glande byssus\" width=\"300\" \/><\/a><figcaption class=\"wp-caption-text\">\u00c9pith\u00e9lium s\u00e9cr\u00e9teur et cloisons de l'organe byssog\u00e8ne (coupe transversale)<\/figcaption><\/figure><br \/>\n&nbsp;<br \/>\nDans la partie inf\u00e9rieure de l&rsquo;image ci-dessus, sous l&rsquo;\u00e9pith\u00e9lium bordant le pore de l&rsquo;organe byssog\u00e8ne, de volumineuses cellules glandulaires sont visibles, color\u00e9es en bleu.<\/p>\n<p>\u00c0 droite, des replis de l&rsquo;\u00e9pith\u00e9lium bordant la glande byssog\u00e8ne forment des cloisons, soutenues par du tissu conjonctif. Entre les cloisons, les substances composant le byssus sont assembl\u00e9es en filaments. <\/p>\n<p>&nbsp;<br \/>\n<figure style=\"width: 300px\" class=\"wp-caption alignnone\"><a rel=\"lightbox\" href=\"\/documents\/images\/Mytilus_glande_byssus\/byssus_108-WEB.jpg\" target=\"_blank\"><img decoding=\"async\" alt=\"Glande byssus\" src=\"\/documents\/images\/Mytilus_glande_byssus\/byssus_108-WEB.jpg\" title=\"Glande byssus\" width=\"300\" \/><\/a><figcaption class=\"wp-caption-text\">\u00c9pith\u00e9lium s\u00e9cr\u00e9teur, cloisons de l'organe byssog\u00e8ne et musculature associ\u00e9e (coupe transversale)<\/figcaption><\/figure><br \/>\n&nbsp;<br \/>\nDe la m\u00eame mani\u00e8re dans la partie dorsale de l&rsquo;organe byssog\u00e8ne (\u00e0 droite sur l&rsquo;image ci-dessus), l&rsquo;\u00e9pith\u00e9lium de rev\u00eatement forme des cloisons soutenues par du tissu conjonctif entre lesquelles les produits de s\u00e9cr\u00e9tion des cellules glandulaires sont agenc\u00e9s en filaments.<\/p>\n<p>Des fibres musculaires lisses color\u00e9es en violet sont \u00e0 ce niveau associ\u00e9es au pied et \u00e0 l&rsquo;organe byssog\u00e8ne.<\/p>\n<p>&nbsp;<br \/>\n<figure style=\"width: 300px\" class=\"wp-caption alignnone\"><a rel=\"lightbox\" href=\"\/documents\/images\/Mytilus_glande_byssus\/byssus_114-WEB.jpg\" target=\"_blank\"><img decoding=\"async\" alt=\"Glande byssus\" src=\"\/documents\/images\/Mytilus_glande_byssus\/byssus_114-WEB.jpg\" title=\"Glande byssus\" width=\"300\" \/><\/a><figcaption class=\"wp-caption-text\">\u00c9pith\u00e9lium s\u00e9cr\u00e9teur et cloisons de l'organe byssog\u00e8ne (coupe transversale)<\/figcaption><\/figure><br \/>\n&nbsp;<br \/>\n\u00c0 plus fort grossissement, l&rsquo;\u00e9pith\u00e9lium des cloisons appara\u00eet form\u00e9 d&rsquo;une seule assise de cellules prismatiques. Elles pr\u00e9sentent une ciliature apicale, qui serait impliqu\u00e9e dans l&rsquo;acheminement des produits s\u00e9cr\u00e9t\u00e9s par les cellules glandulaires.<\/p>\n<p>Ces derni\u00e8res sont de type s\u00e9reux. Certaines sont ins\u00e9r\u00e9es \u00e0 la base des cloisons.<\/p>\n<p>&nbsp;<br \/>\n<figure style=\"width: 300px\" class=\"wp-caption alignnone\"><a rel=\"lightbox\" href=\"\/documents\/images\/Mytilus_glande_byssus\/byssus_111-WEB.jpg\" target=\"_blank\"><img decoding=\"async\" alt=\"Glande byssus\" src=\"\/documents\/images\/Mytilus_glande_byssus\/byssus_111-WEB.jpg\" title=\"Glande byssus\" width=\"300\" \/><\/a><figcaption class=\"wp-caption-text\">\u00c9pith\u00e9lium s\u00e9cr\u00e9teur de la glande byssog\u00e8ne (coupe transversale)<\/figcaption><\/figure><br \/>\n&nbsp;<br \/>\nLes cellules glandulaires sont \u00e9galement pr\u00e9sentes de part et d&rsquo;autre de la cavit\u00e9 de l&rsquo;organe byssog\u00e8ne. Elles forment des amas et apparaissent de couleurs diverses (bleu, rouge et rose ici).<\/p>\n<p>&nbsp;<br \/>\n<figure style=\"width: 300px\" class=\"wp-caption alignnone\"><a rel=\"lightbox\" href=\"\/documents\/images\/Mytilus_glande_byssus\/byssus_115muscle-WEB.jpg\" target=\"_blank\"><img decoding=\"async\" alt=\"Glande byssus\" src=\"\/documents\/images\/Mytilus_glande_byssus\/byssus_115muscle-WEB.jpg\" title=\"Glande byssus\" width=\"300\" \/><\/a><figcaption class=\"wp-caption-text\">Cloisons de l'organe byssog\u00e8ne et musculature associ\u00e9e (coupe transversale)<\/figcaption><\/figure><br \/>\n&nbsp;<br \/>\nDans la r\u00e9gion dorsale, des fibres musculaires lisses sont pr\u00e9sentes entre les amas de cellules glandulaires. Elles sont entour\u00e9es de tissu conjonctif qui est par ailleurs associ\u00e9 \u00e0 l&rsquo;\u00e9pith\u00e9lium de rev\u00eatement de l&rsquo;organe byssog\u00e8ne.<\/p>\n<p>&nbsp;<br \/>\nAu-del\u00e0 du pore de l&rsquo;organe byssog\u00e8ne, dans la cavit\u00e9 pall\u00e9ale, les filaments de byssus courent dans un sillon creus\u00e9 sur la face inf\u00e9rieure du le pied. Des cellules glandulaires sont \u00e9galement pr\u00e9sentes \u00e0 ce niveau et leurs produits de s\u00e9cr\u00e9tion contribuent \u00e0 la composition du byssus.<\/p>\n<p>Le pied est responsable de la mise en place des filaments du byssus : ils sont guid\u00e9s dans le sillon et leur site de fixation au substrat est d\u00e9fini par l&rsquo;extr\u00e9mit\u00e9 du pied.<br \/>\nPeu apr\u00e8s leur production, les filaments sont solidifi\u00e9s par tannage et ils adh\u00e8rent au substrat.<br \/>\nLe pied se retire et l&rsquo;animal est fix\u00e9.<\/p>\n<p>La r\u00e9sistance des filaments est importante, en particulier en raison de leur composition.<br \/>\nLa fixation est solide du fait de la forte adh\u00e9rence de l&rsquo;extr\u00e9mit\u00e9 des filaments au substrat, mais aussi de l&rsquo;insertion des racines des filaments du byssus dans les replis de l&rsquo;\u00e9pith\u00e9lium de l&rsquo;organe byssog\u00e8ne et de l&rsquo;action de la musculature associ\u00e9e.<\/p>\n<p>La fixation au substrat n&rsquo;est toutefois pas d\u00e9finitive. La Moule peut rompre les filaments de son byssus un \u00e0 un, en positionnant son pied entre eux avant de le mouvoir. Elle se d\u00e9tache ainsi progressivement et peut se d\u00e9placer pour se fixer ailleurs.<\/p>\n<p>&nbsp;<\/p>\n<h3>R\u00e9f\u00e9rence :<\/h3>\n<p><span style=\"color: #999999;\">\u2022 <\/span>Grass\u00e9 P.P. (sous la direction de), 1960 \u2013 Trait\u00e9 de zoologie. Tome V. Bryozoaires, Brachiopodes, Ch\u00e9tognathes, Pogonophores, Mollusques (deuxi\u00e8me fascicule). Masson, \t1054-2219p. Paris<br \/>\n&nbsp;<br \/>\nPour en savoir plus sur les propri\u00e9t\u00e9s du byssus, consulter la page <a href=\"\/codex\/cabinet-de-curiosites-virtuel\/images-insolites-instructives\/la-moule-et-son-rocher\">La Moule et son rocher<\/a> du cabinet de curiosit\u00e9s virtuel<br \/>\n&nbsp;<\/p>\n","protected":false},"excerpt":{"rendered":"<p>&nbsp; La Moule (Mytilus edulis) est un animal vivant fix\u00e9 sur un support, g\u00e9n\u00e9ralement un rocher. Un ensemble de filaments rigides assure la fixation. Ils constituent le byssus, \u00e9labor\u00e9 par un organe byssog\u00e8ne. &nbsp; &nbsp; L&rsquo;organe byssog\u00e8ne est situ\u00e9 \u00e0 la base du pied. Il est ouvert sur l&rsquo;ext\u00e9rieur par un pore d&rsquo;o\u00f9 \u00e9mergent les [&hellip;]<\/p>\n","protected":false},"author":2,"featured_media":0,"parent":22,"menu_order":2,"comment_status":"closed","ping_status":"closed","template":"","meta":{"site-sidebar-layout":"default","site-content-layout":"","ast-site-content-layout":"default","site-content-style":"default","site-sidebar-style":"default","ast-global-header-display":"","ast-banner-title-visibility":"","ast-main-header-display":"","ast-hfb-above-header-display":"","ast-hfb-below-header-display":"","ast-hfb-mobile-header-display":"","site-post-title":"","ast-breadcrumbs-content":"","ast-featured-img":"","footer-sml-layout":"","ast-disable-related-posts":"","theme-transparent-header-meta":"","adv-header-id-meta":"","stick-header-meta":"","header-above-stick-meta":"","header-main-stick-meta":"","header-below-stick-meta":"","astra-migrate-meta-layouts":"default","ast-page-background-enabled":"default","ast-page-background-meta":{"desktop":{"background-color":"var(--ast-global-color-4)","background-image":"","background-repeat":"repeat","background-position":"center center","background-size":"auto","background-attachment":"scroll","background-type":"","background-media":"","overlay-type":"","overlay-color":"","overlay-opacity":"","overlay-gradient":""},"tablet":{"background-color":"","background-image":"","background-repeat":"repeat","background-position":"center center","background-size":"auto","background-attachment":"scroll","background-type":"","background-media":"","overlay-type":"","overlay-color":"","overlay-opacity":"","overlay-gradient":""},"mobile":{"background-color":"","background-image":"","background-repeat":"repeat","background-position":"center center","background-size":"auto","background-attachment":"scroll","background-type":"","background-media":"","overlay-type":"","overlay-color":"","overlay-opacity":"","overlay-gradient":""}},"ast-content-background-meta":{"desktop":{"background-color":"var(--ast-global-color-5)","background-image":"","background-repeat":"repeat","background-position":"center center","background-size":"auto","background-attachment":"scroll","background-type":"","background-media":"","overlay-type":"","overlay-color":"","overlay-opacity":"","overlay-gradient":""},"tablet":{"background-color":"var(--ast-global-color-5)","background-image":"","background-repeat":"repeat","background-position":"center center","background-size":"auto","background-attachment":"scroll","background-type":"","background-media":"","overlay-type":"","overlay-color":"","overlay-opacity":"","overlay-gradient":""},"mobile":{"background-color":"var(--ast-global-color-5)","background-image":"","background-repeat":"repeat","background-position":"center center","background-size":"auto","background-attachment":"scroll","background-type":"","background-media":"","overlay-type":"","overlay-color":"","overlay-opacity":"","overlay-gradient":""}},"footnotes":""},"class_list":["post-2645","page","type-page","status-publish","hentry"],"aioseo_notices":[],"jetpack_sharing_enabled":true,"_links":{"self":[{"href":"https:\/\/codexvirtualis.fr\/codex\/wp-json\/wp\/v2\/pages\/2645","targetHints":{"allow":["GET"]}}],"collection":[{"href":"https:\/\/codexvirtualis.fr\/codex\/wp-json\/wp\/v2\/pages"}],"about":[{"href":"https:\/\/codexvirtualis.fr\/codex\/wp-json\/wp\/v2\/types\/page"}],"author":[{"embeddable":true,"href":"https:\/\/codexvirtualis.fr\/codex\/wp-json\/wp\/v2\/users\/2"}],"replies":[{"embeddable":true,"href":"https:\/\/codexvirtualis.fr\/codex\/wp-json\/wp\/v2\/comments?post=2645"}],"version-history":[{"count":39,"href":"https:\/\/codexvirtualis.fr\/codex\/wp-json\/wp\/v2\/pages\/2645\/revisions"}],"predecessor-version":[{"id":7707,"href":"https:\/\/codexvirtualis.fr\/codex\/wp-json\/wp\/v2\/pages\/2645\/revisions\/7707"}],"up":[{"embeddable":true,"href":"https:\/\/codexvirtualis.fr\/codex\/wp-json\/wp\/v2\/pages\/22"}],"wp:attachment":[{"href":"https:\/\/codexvirtualis.fr\/codex\/wp-json\/wp\/v2\/media?parent=2645"}],"curies":[{"name":"wp","href":"https:\/\/api.w.org\/{rel}","templated":true}]}}