{"id":26,"date":"2011-01-30T14:47:44","date_gmt":"2011-01-30T14:47:44","guid":{"rendered":"http:\/\/codexvirtualis.fr\/codex"},"modified":"2020-03-21T17:33:26","modified_gmt":"2020-03-21T16:33:26","slug":"glossaire","status":"publish","type":"page","link":"https:\/\/codexvirtualis.fr\/codex\/glossaire","title":{"rendered":"Glossaire"},"content":{"rendered":"<p><head>   <meta content=\"text\/html; charset=ISO-8859-1\" http-equiv=\"X-UA-Compatible\" content=\"IE=8\" \/>   <\/head><\/p>\n<p> &nbsp; <\/p>\n<p>Le vocabulaire de la biologie est sp\u00e9cifique et fr\u00e9quemment complexe. Il semble souvent incompr\u00e9hensible au n\u00e9ophyte.<br \/>\nPourtant, il est essentiel de le conna\u00eetre pour comprendre les descriptions et explications donn\u00e9es par les biologistes.<\/p>\n<p> &nbsp; <\/p>\n<p>Ce glossaire, compos\u00e9 d&rsquo;une page par lettre parmi lesquelles les menus permettent de naviguer, propose des d\u00e9finitions simples des termes employ\u00e9s dans ce site afin que chacun puisse se les approprier.<br \/>\nDes indications \u00e9tymologiques et des discussions plus pr\u00e9cises et sp\u00e9cialis\u00e9es sont fournies en italique, permettant d&rsquo;aller plus loin dans le d\u00e9cryptage des termes.<\/p>\n<p>Pour les substantifs, le genre et le pluriel sont indiqu\u00e9s.<br \/>\nPour les adjectifs, le masculin singulier, le f\u00e9minin singulier, le masculin pluriel et le f\u00e9minin pluriel sont successivement donn\u00e9s.<\/p>\n<p> &nbsp; <\/p>\n<p>Pour acc\u00e9der aux pages :<\/p>\n<p><span style=\"color: #999999;\">&bull; <\/span><a href=\"\/codex\/glossaire\/glossaire-a\">A<\/a> ;<\/p>\n<p><span style=\"color: #999999;\">&bull; <\/span><a href=\"\/codex\/glossaire\/glossaire-b\">B<\/a> ;<\/p>\n<p><span style=\"color: #999999;\">&bull; <\/span><a href=\"\/codex\/glossaire\/glossaire-c\">C<\/a> ;<\/p>\n<p><span style=\"color: #999999;\">&bull; <\/span><a href=\"\/codex\/glossaire\/glossaire-d\">D<\/a> ;<\/p>\n<p><span style=\"color: #999999;\">&bull; <\/span><a href=\"\/codex\/glossaire\/glossaire-e\">E<\/a> ;<\/p>\n<p><span style=\"color: #999999;\">&bull; <\/span><a href=\"\/codex\/glossaire\/glossaire-f\">F<\/a> ;<\/p>\n<p><span style=\"color: #999999;\">&bull; <\/span><a href=\"\/codex\/glossaire\/glossaire-g\">G<\/a> ;<\/p>\n<p><span style=\"color: #999999;\">&bull; <\/span><a href=\"\/codex\/glossaire\/glossaire-h\">H<\/a> ;<\/p>\n<p><span style=\"color: #999999;\">&bull; <\/span><a href=\"\/codex\/glossaire\/glossaire-i\">I<\/a> ;<\/p>\n<p><span style=\"color: #999999;\">&bull; <\/span><a href=\"\/codex\/glossaire\/glossaire-j\">J<\/a> ;<\/p>\n<p><span style=\"color: #999999;\">&bull; <\/span><a href=\"\/codex\/glossaire\/glossaire-k\">K<\/a> ;<\/p>\n<p><span style=\"color: #999999;\">&bull; <\/span><a href=\"\/codex\/glossaire\/glossaire-l\">L<\/a> ;<\/p>\n<p><span style=\"color: #999999;\">&bull; <\/span><a href=\"\/codex\/glossaire\/glossaire-m\">M<\/a> ;<\/p>\n<p><span style=\"color: #999999;\">&bull; <\/span><a href=\"\/codex\/glossaire\/glossaire-n\">N<\/a> ;<\/p>\n<p><span style=\"color: #999999;\">&bull; <\/span><a href=\"\/codex\/glossaire\/glossaire-o\">O<\/a> ;<\/p>\n<p><span style=\"color: #999999;\">&bull; <\/span><a href=\"\/codex\/glossaire\/glossaire-p\">P<\/a> ;<\/p>\n<p><span style=\"color: #999999;\">&bull; <\/span><a href=\"\/codex\/glossaire\/glossaire-q\">Q<\/a> ;<\/p>\n<p><span style=\"color: #999999;\">&bull; <\/span><a href=\"\/codex\/glossaire\/glossaire-r\">R<\/a> ;<\/p>\n<p><span style=\"color: #999999;\">&bull; <\/span><a href=\"\/codex\/glossaire\/glossaire-s\">S<\/a> ;<\/p>\n<p><span style=\"color: #999999;\">&bull; <\/span><a href=\"\/codex\/glossaire\/glossaire-t\">T<\/a> ;<\/p>\n<p><span style=\"color: #999999;\">&bull; <\/span><a href=\"\/codex\/glossaire\/glossaire-u\">U<\/a> ;<\/p>\n<p><span style=\"color: #999999;\">&bull; <\/span><a href=\"\/codex\/glossaire\/glossaire-v\">V<\/a> ;<\/p>\n<p><span style=\"color: #999999;\">&bull; <\/span>W ;<\/p>\n<p><span style=\"color: #999999;\">&bull; <\/span><a href=\"\/codex\/glossaire\/glossaire-x\">X<\/a> ;<\/p>\n<p><span style=\"color: #999999;\">&bull; <\/span>Y ;<\/p>\n<p><span style=\"color: #999999;\">&bull; <\/span><a href=\"\/codex\/glossaire\/glossaire-z\">Z<\/a>. <\/p>\n<p> &nbsp; <\/p>\n<p>Pour en savoir plus, consulter :<\/p>\n<p><span style=\"color: #999999;\">&bull; <\/span>Cottez H., 1980 &#8211; Dictionnaire des structures du vocabulaire savant. \u00c9ditions Le Robert, 515p., Paris<\/p>\n<p><span style=\"color: #999999;\">&bull; <\/span>Picoche J., 2009 &#8211; Dictionnaire \u00e9tymologique du fran\u00e7ais. \u00c9ditions Le Robert, 844p., Paris<\/p>\n<p><span style=\"color: #999999;\">&bull; <\/span>Centre national de ressources textuelles et lexicales [en ligne]. ATILF\/CNRS\/Nancy Universit\u00e9 &#8211; disponible sur <a href=\"https:\/\/www.cnrtl.fr\" target=\"_blank\" rel=\"noopener noreferrer\">https:\/\/www.cnrtl.fr<\/a><\/p>\n<p><span style=\"color: #999999;\">&bull; <\/span>Le Petit Robert de la langue fran\u00e7aise [en ligne]. \u00c9ditions Le Robert &#8211; disponible sur <a href=\"https:\/\/www.lerobert.com\" target=\"_blank\" rel=\"noopener noreferrer\">https:\/\/www.lerobert.com<\/a><\/p>\n<p> &nbsp; <\/p>\n<p style=\"text-align: right;\">S. Heusser<\/p>\n","protected":false},"excerpt":{"rendered":"<p>&nbsp; Le vocabulaire de la biologie est sp\u00e9cifique et fr\u00e9quemment complexe. Il semble souvent incompr\u00e9hensible au n\u00e9ophyte. Pourtant, il est essentiel de le conna\u00eetre pour comprendre les descriptions et explications donn\u00e9es par les biologistes. &nbsp; Ce glossaire, compos\u00e9 d&rsquo;une page par lettre parmi lesquelles les menus permettent de naviguer, propose des d\u00e9finitions simples des termes [&hellip;]<\/p>\n","protected":false},"author":2,"featured_media":0,"parent":0,"menu_order":6,"comment_status":"closed","ping_status":"closed","template":"","meta":{"site-sidebar-layout":"default","site-content-layout":"","ast-site-content-layout":"default","site-content-style":"default","site-sidebar-style":"default","ast-global-header-display":"","ast-banner-title-visibility":"","ast-main-header-display":"","ast-hfb-above-header-display":"","ast-hfb-below-header-display":"","ast-hfb-mobile-header-display":"","site-post-title":"","ast-breadcrumbs-content":"","ast-featured-img":"","footer-sml-layout":"","ast-disable-related-posts":"","theme-transparent-header-meta":"","adv-header-id-meta":"","stick-header-meta":"","header-above-stick-meta":"","header-main-stick-meta":"","header-below-stick-meta":"","astra-migrate-meta-layouts":"default","ast-page-background-enabled":"default","ast-page-background-meta":{"desktop":{"background-color":"var(--ast-global-color-4)","background-image":"","background-repeat":"repeat","background-position":"center center","background-size":"auto","background-attachment":"scroll","background-type":"","background-media":"","overlay-type":"","overlay-color":"","overlay-opacity":"","overlay-gradient":""},"tablet":{"background-color":"","background-image":"","background-repeat":"repeat","background-position":"center center","background-size":"auto","background-attachment":"scroll","background-type":"","background-media":"","overlay-type":"","overlay-color":"","overlay-opacity":"","overlay-gradient":""},"mobile":{"background-color":"","background-image":"","background-repeat":"repeat","background-position":"center center","background-size":"auto","background-attachment":"scroll","background-type":"","background-media":"","overlay-type":"","overlay-color":"","overlay-opacity":"","overlay-gradient":""}},"ast-content-background-meta":{"desktop":{"background-color":"var(--ast-global-color-5)","background-image":"","background-repeat":"repeat","background-position":"center center","background-size":"auto","background-attachment":"scroll","background-type":"","background-media":"","overlay-type":"","overlay-color":"","overlay-opacity":"","overlay-gradient":""},"tablet":{"background-color":"var(--ast-global-color-5)","background-image":"","background-repeat":"repeat","background-position":"center center","background-size":"auto","background-attachment":"scroll","background-type":"","background-media":"","overlay-type":"","overlay-color":"","overlay-opacity":"","overlay-gradient":""},"mobile":{"background-color":"var(--ast-global-color-5)","background-image":"","background-repeat":"repeat","background-position":"center center","background-size":"auto","background-attachment":"scroll","background-type":"","background-media":"","overlay-type":"","overlay-color":"","overlay-opacity":"","overlay-gradient":""}},"footnotes":""},"class_list":["post-26","page","type-page","status-publish","hentry"],"aioseo_notices":[],"jetpack_sharing_enabled":true,"_links":{"self":[{"href":"https:\/\/codexvirtualis.fr\/codex\/wp-json\/wp\/v2\/pages\/26","targetHints":{"allow":["GET"]}}],"collection":[{"href":"https:\/\/codexvirtualis.fr\/codex\/wp-json\/wp\/v2\/pages"}],"about":[{"href":"https:\/\/codexvirtualis.fr\/codex\/wp-json\/wp\/v2\/types\/page"}],"author":[{"embeddable":true,"href":"https:\/\/codexvirtualis.fr\/codex\/wp-json\/wp\/v2\/users\/2"}],"replies":[{"embeddable":true,"href":"https:\/\/codexvirtualis.fr\/codex\/wp-json\/wp\/v2\/comments?post=26"}],"version-history":[{"count":41,"href":"https:\/\/codexvirtualis.fr\/codex\/wp-json\/wp\/v2\/pages\/26\/revisions"}],"predecessor-version":[{"id":12634,"href":"https:\/\/codexvirtualis.fr\/codex\/wp-json\/wp\/v2\/pages\/26\/revisions\/12634"}],"wp:attachment":[{"href":"https:\/\/codexvirtualis.fr\/codex\/wp-json\/wp\/v2\/media?parent=26"}],"curies":[{"name":"wp","href":"https:\/\/api.w.org\/{rel}","templated":true}]}}