{"id":2333,"date":"2014-03-04T20:56:20","date_gmt":"2014-03-04T19:56:20","guid":{"rendered":"http:\/\/codexvirtualis.fr\/codex\/?page_id=2333"},"modified":"2014-12-13T20:44:23","modified_gmt":"2014-12-13T19:44:23","slug":"portraits","status":"publish","type":"page","link":"https:\/\/codexvirtualis.fr\/codex\/portraits","title":{"rendered":"Portraits"},"content":{"rendered":"<p> &nbsp; <\/p>\n<p>Des pages \u00e0 la fronti\u00e8re de la biologie et de l&rsquo;art : de belles images du monde vivant associ\u00e9es \u00e0 des po\u00e8mes, pour se laisser transporter dans la nature et sa po\u00e9sie&#8230;<\/p>\n<p> &nbsp; <\/p>\n<h2>L&rsquo;An\u00e9mone de mer<\/h2>\n<p><a href=\"\/codex\/portraits\/lanemone-de-mer\" target=\"_blank\">L&rsquo;Actinie commune (Nathana\u00ebl Prunet) et \u00ab\u00a0L\u2019an\u00e9mone qui r\u00e9gnait sur la mer\u00a0\u00bb (Robert Desnos)<\/a><\/p>\n<p> &nbsp; <\/p>\n<h2>L&rsquo;Araign\u00e9e<\/h2>\n<p><a href=\"\/codex\/portraits\/laraignee-1\" target=\"_blank\">L&rsquo;Araign\u00e9e (Nathana\u00ebl Prunet) et \u00ab\u00a0J&rsquo;aime l&rsquo;araign\u00e9e\u00a0\u00bb (Victor Hugo)<\/a><\/p>\n<p><a href=\"\/codex\/portraits\/laraignee-2\" target=\"_blank\">L&rsquo;Araign\u00e9e (Nathana\u00ebl Prunet) et \u00ab\u00a0Spleen\u00a0\u00bb (Charles Baudelaire)<\/a><\/p>\n<p> &nbsp; <\/p>\n","protected":false},"excerpt":{"rendered":"<p>&nbsp; Des pages \u00e0 la fronti\u00e8re de la biologie et de l&rsquo;art : de belles images du monde vivant associ\u00e9es \u00e0 des po\u00e8mes, pour se laisser transporter dans la nature et sa po\u00e9sie&#8230; &nbsp; L&rsquo;An\u00e9mone de mer L&rsquo;Actinie commune (Nathana\u00ebl Prunet) et \u00ab\u00a0L\u2019an\u00e9mone qui r\u00e9gnait sur la mer\u00a0\u00bb (Robert Desnos) &nbsp; L&rsquo;Araign\u00e9e L&rsquo;Araign\u00e9e (Nathana\u00ebl Prunet) [&hellip;]<\/p>\n","protected":false},"author":2,"featured_media":0,"parent":0,"menu_order":4,"comment_status":"closed","ping_status":"closed","template":"","meta":{"site-sidebar-layout":"default","site-content-layout":"","ast-site-content-layout":"default","site-content-style":"default","site-sidebar-style":"default","ast-global-header-display":"","ast-banner-title-visibility":"","ast-main-header-display":"","ast-hfb-above-header-display":"","ast-hfb-below-header-display":"","ast-hfb-mobile-header-display":"","site-post-title":"","ast-breadcrumbs-content":"","ast-featured-img":"","footer-sml-layout":"","ast-disable-related-posts":"","theme-transparent-header-meta":"","adv-header-id-meta":"","stick-header-meta":"","header-above-stick-meta":"","header-main-stick-meta":"","header-below-stick-meta":"","astra-migrate-meta-layouts":"default","ast-page-background-enabled":"default","ast-page-background-meta":{"desktop":{"background-color":"var(--ast-global-color-4)","background-image":"","background-repeat":"repeat","background-position":"center center","background-size":"auto","background-attachment":"scroll","background-type":"","background-media":"","overlay-type":"","overlay-color":"","overlay-opacity":"","overlay-gradient":""},"tablet":{"background-color":"","background-image":"","background-repeat":"repeat","background-position":"center center","background-size":"auto","background-attachment":"scroll","background-type":"","background-media":"","overlay-type":"","overlay-color":"","overlay-opacity":"","overlay-gradient":""},"mobile":{"background-color":"","background-image":"","background-repeat":"repeat","background-position":"center center","background-size":"auto","background-attachment":"scroll","background-type":"","background-media":"","overlay-type":"","overlay-color":"","overlay-opacity":"","overlay-gradient":""}},"ast-content-background-meta":{"desktop":{"background-color":"var(--ast-global-color-5)","background-image":"","background-repeat":"repeat","background-position":"center center","background-size":"auto","background-attachment":"scroll","background-type":"","background-media":"","overlay-type":"","overlay-color":"","overlay-opacity":"","overlay-gradient":""},"tablet":{"background-color":"var(--ast-global-color-5)","background-image":"","background-repeat":"repeat","background-position":"center center","background-size":"auto","background-attachment":"scroll","background-type":"","background-media":"","overlay-type":"","overlay-color":"","overlay-opacity":"","overlay-gradient":""},"mobile":{"background-color":"var(--ast-global-color-5)","background-image":"","background-repeat":"repeat","background-position":"center center","background-size":"auto","background-attachment":"scroll","background-type":"","background-media":"","overlay-type":"","overlay-color":"","overlay-opacity":"","overlay-gradient":""}},"footnotes":""},"class_list":["post-2333","page","type-page","status-publish","hentry"],"aioseo_notices":[],"jetpack_sharing_enabled":true,"_links":{"self":[{"href":"https:\/\/codexvirtualis.fr\/codex\/wp-json\/wp\/v2\/pages\/2333","targetHints":{"allow":["GET"]}}],"collection":[{"href":"https:\/\/codexvirtualis.fr\/codex\/wp-json\/wp\/v2\/pages"}],"about":[{"href":"https:\/\/codexvirtualis.fr\/codex\/wp-json\/wp\/v2\/types\/page"}],"author":[{"embeddable":true,"href":"https:\/\/codexvirtualis.fr\/codex\/wp-json\/wp\/v2\/users\/2"}],"replies":[{"embeddable":true,"href":"https:\/\/codexvirtualis.fr\/codex\/wp-json\/wp\/v2\/comments?post=2333"}],"version-history":[{"count":12,"href":"https:\/\/codexvirtualis.fr\/codex\/wp-json\/wp\/v2\/pages\/2333\/revisions"}],"predecessor-version":[{"id":6973,"href":"https:\/\/codexvirtualis.fr\/codex\/wp-json\/wp\/v2\/pages\/2333\/revisions\/6973"}],"wp:attachment":[{"href":"https:\/\/codexvirtualis.fr\/codex\/wp-json\/wp\/v2\/media?parent=2333"}],"curies":[{"name":"wp","href":"https:\/\/api.w.org\/{rel}","templated":true}]}}