{"id":2218,"date":"2011-05-30T16:41:29","date_gmt":"2011-05-30T14:41:29","guid":{"rendered":"http:\/\/codexvirtualis.fr\/codex\/?page_id=2218"},"modified":"2016-06-19T20:26:16","modified_gmt":"2016-06-19T18:26:16","slug":"dans-lintimite-des-grenouilles","status":"publish","type":"page","link":"https:\/\/codexvirtualis.fr\/codex\/cabinet-de-curiosites-virtuel\/dans-lintimite-des-animaux\/dans-lintimite-des-grenouilles","title":{"rendered":"Dans l&rsquo;intimit\u00e9 des Grenouilles"},"content":{"rendered":"<p> &nbsp; <\/p>\n<h2>Le cycle de d\u00e9veloppement de la Grenouille verte<\/h2>\n<p> &nbsp; <\/p>\n<p>Dans nos r\u00e9gions, la reproduction de la Grenouille verte (<em>Pelophylax esculenta<\/em>) intervient au printemps.<br \/>\nApr\u00e8s avoir pass\u00e9 l&rsquo;hiver en vie ralentie, enfouies dans la vase ou dans la terre meuble, m\u00e2les et femelles redeviennent actifs lorsque la temp\u00e9rature s&rsquo;adoucit.<\/p>\n<p> &nbsp; <\/p>\n<p>Le chant des m\u00e2les se fait alors entendre, coassement attirant les femelles et pr\u00e9c\u00e9dant l&rsquo;accouplement.<\/p>\n<p> &nbsp; <\/p>\n<figure style=\"width: 200px\" class=\"wp-caption alignnone\"><a rel=\"lightbox\" href=\"\/documents\/images\/Pelophylax_esculenta\/grenouille51_10chant-WEB.jpg\" target=\"_blank\"><img decoding=\"async\" alt=\"M\u00e2le coassant\" src=\"\/documents\/images\/Pelophylax_esculenta\/grenouille51_10chant-WEB.jpg\" title=\"M\u00e2le coassant\" width=\"200\" \/><\/a><figcaption class=\"wp-caption-text\">Coassement du m\u00e2le au printemps (Lyon, 2010)<\/figcaption><\/figure>\n<p> &nbsp; <\/p>\n<p>Le son est produit par les l\u00e8vres du larynx, jouant le r\u00f4le de cordes vocales.<br \/>\nL&rsquo;air expuls\u00e9 des poumons p\u00e9n\u00e8tre dans deux sacs vocaux, replis t\u00e9gumentaires invagin\u00e9s sous le plancher buccal. Ces derniers sont gonfl\u00e9s et se d\u00e9vaginent \u00e0 l&rsquo;ext\u00e9rieur au niveau des fentes vocales, qui prolongent la commissure buccale. Les sacs vocaux ont une fonction de r\u00e9sonateur et amplifient les sons produits par le larynx.<br \/>\nLe chant est produit bouche ferm\u00e9e, ce qui rend le possible sous l&rsquo;eau.<br \/>\nLes coassements obtenus sont particuli\u00e8rement sonores et impossibles \u00e0 ignorer !<\/p>\n<p> &nbsp; <\/p>\n<figure style=\"width: 200px\" class=\"wp-caption alignnone\"><a rel=\"lightbox\" href=\"\/documents\/images\/Pelophylax_esculenta\/grenouille50_10chant-WEB.jpg\" target=\"_blank\"><img decoding=\"async\" alt=\"M\u00e2le coassant\" src=\"\/documents\/images\/Pelophylax_esculenta\/grenouille50_10chant-WEB.jpg\" title=\"M\u00e2le coassant\" width=\"200\" \/><\/a><figcaption class=\"wp-caption-text\">Coassement du m\u00e2le au printemps (Lyon, 2010)<\/figcaption><\/figure>\n<p> &nbsp; <\/p>\n<p>L&rsquo;accouplement (ou amplexus) se d\u00e9roule dans l&rsquo;eau.<br \/>\nLe m\u00e2le est agripp\u00e9 sur le dos de la femelle. Il la saisit sous les aisselles \u00e0 l&rsquo;aide de ses pattes ant\u00e9rieures et se maintient gr\u00e2ce \u00e0 des callosit\u00e9s rugueuses pr\u00e9sentes au niveau de ses mains.<br \/>\nLa femelle pond alors ses ovules (quelques milliers), entour\u00e9s d&rsquo;une enveloppe de consistance g\u00e9latineuse, et dont le diam\u00e8tre total est de l&rsquo;ordre de 8 mm.<br \/>\nLe m\u00e2le les arrose de sperme et la f\u00e9condation a lieu dans le milieu aquatique.<br \/>\nLa f\u00e9condation est qualifi\u00e9e d&rsquo;externe dans le groupe des Grenouilles.<\/p>\n<p> &nbsp; <\/p>\n<figure style=\"width: 300px\" class=\"wp-caption alignnone\"><a rel=\"lightbox\" href=\"\/documents\/images\/Pelophylax_esculenta\/grenouille62_11oeufs-WEB.jpg\" target=\"_blank\"><img decoding=\"async\" alt=\"Ponte de Grenouille\" src=\"\/documents\/images\/Pelophylax_esculenta\/grenouille62_11oeufs-WEB.jpg\" title=\"Ponte de Grenouille\" width=\"300\"\/><\/a><figcaption class=\"wp-caption-text\">\u0152ufs de Grenouille verte (Lyon, juin 2011)<\/figcaption><\/figure>\n<p> &nbsp; <\/p>\n<p>Le <a href=\"\/codex\/glossaire\/glossaire-de-d-a-h#developpement-embryonnaire\" target=\"_blank\">d\u00e9veloppement embryonnaire<\/a> est accompli au sein de la gangue g\u00e9latineuse, dans l&rsquo;eau. Il dure une semaine \u00e0 une dizaine de jours.<\/p>\n<p> &nbsp; <\/p>\n<figure style=\"width: 200px\" class=\"wp-caption alignnone\"><a rel=\"lightbox\" href=\"\/documents\/images\/Pelophylax_esculenta\/grenouille66_10tetard-WEB.jpg\" target=\"_blank\"><img decoding=\"async\" alt=\"Premetamorphose\" src=\"\/documents\/images\/Pelophylax_esculenta\/grenouille66_10tetard-WEB.jpg\" title=\"Premetamorphose\" width=\"200\" \/><\/a><figcaption class=\"wp-caption-text\">T\u00eatard en pr\u00e9m\u00e9tamorphose (Lyon, 2010)<\/figcaption><\/figure>\n<p> &nbsp; <\/p>\n<p>L&rsquo;individu lib\u00e9r\u00e9 \u00e0 l&rsquo;\u00e9closion se fixe sur un v\u00e9g\u00e9tal aquatique gr\u00e2ce \u00e0 une ventouse. En quelques jours, sa bouche se perce, des branchies externes apparaissent, une queue munie d&rsquo;une nageoire caudale se d\u00e9veloppe. L&rsquo;animal est d\u00e8s lors mobile et s&rsquo;alimente \u00e0 partir de v\u00e9g\u00e9taux aquatiques dont il d\u00e9tache des particules \u00e0 l&rsquo;aide du bec et des dents associ\u00e9s \u00e0 sa bouche.<br \/>\nRapidement, des branchies internes remplacent les branchies externes, et la forme du corps devient globuleuse.<\/p>\n<p>Le d\u00e9veloppement embryonnaire donne naissance \u00e0 un individu diff\u00e9rent de l&rsquo;adulte en termes de morphologie, d&rsquo;anatomie, de physiologie, de mode et de milieu de vie. Il s&rsquo;agit d&rsquo;une <a href=\"\/codex\/glossaire\/glossaire-de-i-a-o#larve\" target=\"_blank\">larve<\/a>, le t\u00eatard.<\/p>\n<p> &nbsp; <\/p>\n<figure style=\"width: 300px\" class=\"wp-caption alignnone\"><a rel=\"lightbox\" href=\"\/documents\/images\/Pelophylax_esculenta\/grenouille81_10tetard-WEB.jpg\" target=\"_blank\"><img decoding=\"async\" alt=\"Premetamorphose\" src=\"\/documents\/images\/Pelophylax_esculenta\/grenouille81_10tetard-WEB.jpg\" title=\"Premetamorphose\" width=\"300\" \/><\/a><figcaption class=\"wp-caption-text\">T\u00eatard en pr\u00e9m\u00e9tamorphose (Lyon, 2010)<\/figcaption><\/figure>\n<p> &nbsp; <\/p>\n<p>Le t\u00eatard s&rsquo;alimente activement. Sa taille et sa masse augmentent r\u00e9guli\u00e8rement et de mani\u00e8re importante pendant les 3 premiers mois de sa vie. Il atteint ainsi une longueur de 40 \u00e0 45 mm.<br \/>\nPendant cette p\u00e9riode, \u00e0 la jonction entre le corps et la queue apparaissent des renflements (bourgeons) \u00e0 l&rsquo;origine des membres post\u00e9rieurs.<br \/>\nCette phase du <a href=\"\/codex\/glossaire\/glossaire-de-d-a-h#developpement-post-embryonnaire\" target=\"_blank\">d\u00e9veloppement post-embryonnaire<\/a> est appel\u00e9e pr\u00e9m\u00e9tamorphose.<\/p>\n<p> &nbsp; <\/p>\n<figure style=\"width: 300px\" class=\"wp-caption alignnone\"><a rel=\"lightbox\" href=\"\/documents\/images\/Pelophylax_esculenta\/grenouille75_10tetard-WEB.jpg\" target=\"_blank\"><img decoding=\"async\" alt=\"Prometamorphose\" src=\"\/documents\/images\/Pelophylax_esculenta\/grenouille75_10tetard-WEB.jpg\" title=\"Prometamorphose\" width=\"300\" \/><\/a><figcaption class=\"wp-caption-text\">T\u00eatard en d\u00e9but de prom\u00e9tamorphose (Lyon, 2010)<\/figcaption><\/figure>\n<p> &nbsp; <\/p>\n<p>D\u00e9butent alors l&rsquo;allongement et la structuration des bourgeons des membres post\u00e9rieurs : pied, jambe et cuisse deviennent distincts.<br \/>\nLa croissance ralentit alors que sont amorc\u00e9es des modifications morphologiques et anatomiques.<\/p>\n<p> &nbsp; <\/p>\n<figure style=\"width: 200px\" class=\"wp-caption alignnone\"><a rel=\"lightbox\" href=\"\/documents\/images\/Pelophylax_esculenta\/grenouille69_10tetard-WEB.jpg\" target=\"_blank\"><img decoding=\"async\" alt=\"Prometamorphose\" src=\"\/documents\/images\/Pelophylax_esculenta\/grenouille69_10tetard-WEB.jpg\" title=\"Prometamorphose\" width=\"200\" \/><\/a><figcaption class=\"wp-caption-text\">T\u00eatard en prom\u00e9tamorphose (Lyon, 2010)<\/figcaption><\/figure>\n<p> &nbsp; <\/p>\n<p>Ces premi\u00e8res transformations d\u00e9finissent la prom\u00e9tamorphose, dont la dur\u00e9e varie de 2 \u00e0 8 semaines selon les esp\u00e8ces et les conditions de temp\u00e9rature et d&rsquo;\u00e9clairement.<\/p>\n<p> &nbsp; <\/p>\n<figure style=\"width: 300px\" class=\"wp-caption alignnone\"><a rel=\"lightbox\" href=\"\/documents\/images\/Pelophylax_esculenta\/grenouille71_10climax-WEB.jpg\" target=\"_blank\"><img decoding=\"async\" alt=\"Climax\" src=\"\/documents\/images\/Pelophylax_esculenta\/grenouille71_10climax-WEB.jpg\" title=\"Climax\" width=\"300\" \/><\/a><figcaption class=\"wp-caption-text\">T\u00eatard au d\u00e9but du climax de la m\u00e9tamorphose (Lyon, 2010)<\/figcaption><\/figure>\n<p> &nbsp; <\/p>\n<p>Le d\u00e9veloppement post-embryonnaire se poursuit avec l&rsquo;\u00e9mergence des membres ant\u00e9rieurs, qui se sont form\u00e9s dans les cavit\u00e9s branchiales, invisibles initialement. La queue r\u00e9gresse progressivement. La locomotion par sauts devient alors possible s&rsquo;ajoutant \u00e0 la nage, d\u00e9sormais r\u00e9alis\u00e9e gr\u00e2ce aux pattes.<\/p>\n<p>Les modifications morphologiques ais\u00e9ment observ\u00e9es sont accompagn\u00e9es de modifications anatomiques et physiologiques plus discr\u00e8tes : les poumons deviennent fonctionnels alors que les branchies d\u00e9g\u00e9n\u00e8rent et la respiration devient a\u00e9rienne, la bouche s&rsquo;\u00e9largit alors que dents et langue se d\u00e9veloppent et le r\u00e9gime alimentaire devient carnivore, les yeux migrent sur le dessus de la t\u00eate et des paupi\u00e8res protectrices apparaissent, le tube digestif raccourcit etc.<\/p>\n<p> &nbsp; <\/p>\n<figure style=\"width: 200px\" class=\"wp-caption alignnone\"><a rel=\"lightbox\" href=\"\/documents\/images\/Pelophylax_esculenta\/grenouille73_10climax-WEB.jpg\" target=\"_blank\"><img decoding=\"async\" alt=\"Climax\" src=\"\/documents\/images\/Pelophylax_esculenta\/grenouille73_10climax-WEB.jpg\" title=\"Climax\" width=\"200\" \/><\/a><figcaption class=\"wp-caption-text\">T\u00eatard au d\u00e9but du climax de la m\u00e9tamorphose (Lyon, 2010)<\/figcaption><\/figure>\n<p> &nbsp; <\/p>\n<p>Cette phase de profond changement du plan d&rsquo;organisation, du mode et du milieu de vie, prend le nom de climax de la m\u00e9tamorphose. Elle a une dur\u00e9e d&rsquo;environ 2 semaines, pendant lesquelles l&rsquo;individu ne s&rsquo;alimente pas.<\/p>\n<p>Le t\u00eatard se transforme ainsi en jeune grenouille, ou juv\u00e9nile, \u00e0 la faveur d&rsquo;une <a href=\"\/codex\/glossaire\/glossaire-de-i-a-o#metamorphose\" target=\"_blank\">m\u00e9tamorphose<\/a>.<br \/>\nCette derni\u00e8re est compos\u00e9e de la prom\u00e9tamorphose et du climax.<\/p>\n<p> &nbsp; <\/p>\n<figure style=\"width: 300px\" class=\"wp-caption alignnone\"><a rel=\"lightbox\" href=\"\/documents\/images\/Pelophylax_esculenta\/grenouille85_10juvenile-WEB.jpg\" target=\"_blank\"><img decoding=\"async\" alt=\"Climax\" src=\"\/documents\/images\/Pelophylax_esculenta\/grenouille85_10juvenile-WEB.jpg\" title=\"Climax\" width=\"300\" \/><\/a><figcaption class=\"wp-caption-text\">T\u00eatard en fin de climax de la m\u00e9tamorphose (Lyon, 2010)<\/figcaption><\/figure>\n<p> &nbsp; <\/p>\n<p>Si le <a href=\"\/codex\/glossaire\/glossaire-de-i-a-o#juvenile\" target=\"-blank\">juv\u00e9nile<\/a> ressemble \u00e0 l&rsquo;adulte en termes de morphologie, d&rsquo;anatomie, de physiologie, de mode et de milieu de vie, il en diff\u00e8re par l&rsquo;absence de maturit\u00e9 sexuelle.<\/p>\n<p> &nbsp; <\/p>\n<figure style=\"width: 300px\" class=\"wp-caption alignnone\"><a rel=\"lightbox\" href=\"\/documents\/images\/Pelophylax_esculenta\/grenouille88_10juvenile-WEB.jpg\" target=\"_blank\"><img decoding=\"async\" alt=\"Juvenile\" src=\"\/documents\/images\/Pelophylax_esculenta\/grenouille88_10juvenile-WEB.jpg\" title=\"Juvenile\" width=\"300\" \/><\/a><figcaption class=\"wp-caption-text\">Grenouille juv\u00e9nile (Lyon, 2010)<\/figcaption><\/figure>\n<p> &nbsp; <\/p>\n<p>Ce n&rsquo;est qu&rsquo;\u00e0 l&rsquo;\u00e2ge de 3 ans que celle-ci est acquise, le d\u00e9veloppement post-embryonnaire se poursuit donc pendant 2,5 ans environ apr\u00e8s la m\u00e9tamorphose.<\/p>\n<p>Dans le cas d&rsquo;accouplements et de pontes tardifs, intervenant en d\u00e9but d&rsquo;automne, les t\u00eatards passent g\u00e9n\u00e9ralement l&rsquo;hiver au stade pr\u00e9m\u00e9tamorphose. Ils atteignent fr\u00e9quemment des tailles et masses plus importantes que celles des t\u00eatards issus des pontes de printemps. Le d\u00e9veloppement post-embryonnaire est alors allong\u00e9, la m\u00e9tamorphose intervenant au printemps de l&rsquo;ann\u00e9e suivant la ponte.<\/p>\n<p> &nbsp; <\/p>\n<p>Pour en savoir plus, consulter le site <a href=\"http:\/\/doris.ffessm.fr\" target=\"_blank\">Doris<\/a> (Donn\u00e9es d&rsquo;observations pour la reconnaissance et l&rsquo;identification de la faune et de la flore subaquatique), rubrique \u00ab\u00a0Faune et flore dulcicoles de France m\u00e9tropolitaine\u00a0\u00bb, chapitre \u00ab\u00a0Amphibiens\u00a0\u00bb  <\/p>\n<p> &nbsp; <\/p>\n<p>Pour acc\u00e9der aux images des <a href=\"\/images\/index.php?album=parcs-de-gerland-et-des-berges-du-rhone&#038;page=2\" target=\"_blank\">Vert\u00e9br\u00e9s des parcs de Gerland et des berges du Rh\u00f4ne<\/a><\/p>\n<p> &nbsp; <\/p>\n","protected":false},"excerpt":{"rendered":"<p>&nbsp; Le cycle de d\u00e9veloppement de la Grenouille verte &nbsp; Dans nos r\u00e9gions, la reproduction de la Grenouille verte (Pelophylax esculenta) intervient au printemps. Apr\u00e8s avoir pass\u00e9 l&rsquo;hiver en vie ralentie, enfouies dans la vase ou dans la terre meuble, m\u00e2les et femelles redeviennent actifs lorsque la temp\u00e9rature s&rsquo;adoucit. &nbsp; Le chant des m\u00e2les se [&hellip;]<\/p>\n","protected":false},"author":2,"featured_media":0,"parent":1747,"menu_order":5,"comment_status":"closed","ping_status":"closed","template":"","meta":{"site-sidebar-layout":"default","site-content-layout":"","ast-site-content-layout":"default","site-content-style":"default","site-sidebar-style":"default","ast-global-header-display":"","ast-banner-title-visibility":"","ast-main-header-display":"","ast-hfb-above-header-display":"","ast-hfb-below-header-display":"","ast-hfb-mobile-header-display":"","site-post-title":"","ast-breadcrumbs-content":"","ast-featured-img":"","footer-sml-layout":"","ast-disable-related-posts":"","theme-transparent-header-meta":"","adv-header-id-meta":"","stick-header-meta":"","header-above-stick-meta":"","header-main-stick-meta":"","header-below-stick-meta":"","astra-migrate-meta-layouts":"default","ast-page-background-enabled":"default","ast-page-background-meta":{"desktop":{"background-color":"var(--ast-global-color-4)","background-image":"","background-repeat":"repeat","background-position":"center center","background-size":"auto","background-attachment":"scroll","background-type":"","background-media":"","overlay-type":"","overlay-color":"","overlay-opacity":"","overlay-gradient":""},"tablet":{"background-color":"","background-image":"","background-repeat":"repeat","background-position":"center center","background-size":"auto","background-attachment":"scroll","background-type":"","background-media":"","overlay-type":"","overlay-color":"","overlay-opacity":"","overlay-gradient":""},"mobile":{"background-color":"","background-image":"","background-repeat":"repeat","background-position":"center center","background-size":"auto","background-attachment":"scroll","background-type":"","background-media":"","overlay-type":"","overlay-color":"","overlay-opacity":"","overlay-gradient":""}},"ast-content-background-meta":{"desktop":{"background-color":"var(--ast-global-color-5)","background-image":"","background-repeat":"repeat","background-position":"center center","background-size":"auto","background-attachment":"scroll","background-type":"","background-media":"","overlay-type":"","overlay-color":"","overlay-opacity":"","overlay-gradient":""},"tablet":{"background-color":"var(--ast-global-color-5)","background-image":"","background-repeat":"repeat","background-position":"center center","background-size":"auto","background-attachment":"scroll","background-type":"","background-media":"","overlay-type":"","overlay-color":"","overlay-opacity":"","overlay-gradient":""},"mobile":{"background-color":"var(--ast-global-color-5)","background-image":"","background-repeat":"repeat","background-position":"center center","background-size":"auto","background-attachment":"scroll","background-type":"","background-media":"","overlay-type":"","overlay-color":"","overlay-opacity":"","overlay-gradient":""}},"footnotes":""},"class_list":["post-2218","page","type-page","status-publish","hentry"],"aioseo_notices":[],"jetpack_sharing_enabled":true,"_links":{"self":[{"href":"https:\/\/codexvirtualis.fr\/codex\/wp-json\/wp\/v2\/pages\/2218","targetHints":{"allow":["GET"]}}],"collection":[{"href":"https:\/\/codexvirtualis.fr\/codex\/wp-json\/wp\/v2\/pages"}],"about":[{"href":"https:\/\/codexvirtualis.fr\/codex\/wp-json\/wp\/v2\/types\/page"}],"author":[{"embeddable":true,"href":"https:\/\/codexvirtualis.fr\/codex\/wp-json\/wp\/v2\/users\/2"}],"replies":[{"embeddable":true,"href":"https:\/\/codexvirtualis.fr\/codex\/wp-json\/wp\/v2\/comments?post=2218"}],"version-history":[{"count":26,"href":"https:\/\/codexvirtualis.fr\/codex\/wp-json\/wp\/v2\/pages\/2218\/revisions"}],"predecessor-version":[{"id":8791,"href":"https:\/\/codexvirtualis.fr\/codex\/wp-json\/wp\/v2\/pages\/2218\/revisions\/8791"}],"up":[{"embeddable":true,"href":"https:\/\/codexvirtualis.fr\/codex\/wp-json\/wp\/v2\/pages\/1747"}],"wp:attachment":[{"href":"https:\/\/codexvirtualis.fr\/codex\/wp-json\/wp\/v2\/media?parent=2218"}],"curies":[{"name":"wp","href":"https:\/\/api.w.org\/{rel}","templated":true}]}}