{"id":2108,"date":"2011-05-25T15:28:54","date_gmt":"2011-05-25T13:28:54","guid":{"rendered":"http:\/\/codexvirtualis.fr\/codex\/?page_id=2108"},"modified":"2016-02-28T14:30:38","modified_gmt":"2016-02-28T13:30:38","slug":"cycles-de-vie-des-insectes","status":"publish","type":"page","link":"https:\/\/codexvirtualis.fr\/codex\/cabinet-de-curiosites-virtuel\/syntheses\/cycles-de-vie-des-insectes","title":{"rendered":"Les cycles de vie des Insectes"},"content":{"rendered":"<p> &nbsp; <\/p>\n<p>Chez les Insectes, le cycle de vie ou cycle de d\u00e9veloppement, comme chez les autres animaux en cas de reproduction sexu\u00e9e, comporte plusieurs phases :<\/p>\n<p><span style=\"color: #999999;\">\u2022 <\/span>le <a href=\"\/codex\/glossaire\/glossaire-de-d-a-h#developpement-embryonnaire\" target=\"_blank\">d\u00e9veloppement embryonnaire<\/a>, p\u00e9riode menant du <a href=\"\/codex\/glossaire\/glossaire-de-t-a-z#zygote\" target=\"_blank\">zygote<\/a> \u00e0 l&rsquo;\u00e9closion de l&rsquo;\u0153uf ou la naissance, respectivement en cas d&rsquo;<a href=\"\/codex\/glossaire\/glossaire-de-i-a-o#oviparite\" target=\"_blank\">oviparit\u00e9<\/a> et en cas de <a href=\"\/codex\/glossaire\/glossaire-de-t-a-z#viviparite\" target=\"_blank\">viviparit\u00e9<\/a> ;<\/p>\n<p><span style=\"color: #999999;\">\u2022 <\/span>le <a href=\"\/codex\/glossaire\/glossaire-de-d-a-h#developpement-post-embryonnaire\" target=\"_blank\">d\u00e9veloppement post-embryonnaire<\/a>, transition entre l&rsquo;\u00e9closion de l&rsquo;\u0153uf ou la naissance et l&rsquo;<a href=\"\/codex\/glossaire\/glossaire-de-i-a-o#imago\" target=\"_blank\">imago<\/a>.<\/p>\n<p>Chez les Insectes, le d\u00e9veloppement embryonnaire se d\u00e9roule le plus souvent au sein d&rsquo;un \u0153uf, dans des conditions d&rsquo;oviparit\u00e9.<\/p>\n<p> &nbsp; <\/p>\n<p>L&rsquo;individu issu du d\u00e9veloppement embryonnaire et lib\u00e9r\u00e9 \u00e0 l&rsquo;\u00e9closion varie en fonction des groupes :<\/p>\n<p><span style=\"color: #999999;\">\u2022 <\/span>il est parfois tr\u00e8s diff\u00e9rent de l&rsquo;adulte en termes de morpho-anatomie, de physiologie, de mode et de milieu de vie, et constitue alors une <a href=\"\/codex\/glossaire\/glossaire-de-i-a-o#larve\" target=\"_blank\">larve<\/a> ;<\/p>\n<p><span style=\"color: #999999;\">\u2022 <\/span>il est d&rsquo;autres fois tr\u00e8s semblable \u00e0 l&rsquo;adulte en termes de morpho-anatomie, de physiologie, de mode et de milieu de vie, et est alors d\u00e9sign\u00e9 par le terme de <a href=\"\/codex\/glossaire\/glossaire-de-i-a-o#juvenile\" target=\"_blank\">juv\u00e9nile<\/a>.<\/p>\n<p>Selon le type d&rsquo;individu issu du d\u00e9veloppement embryonnaire, les caract\u00e9ristiques du d\u00e9veloppement post-embryonnaire varient.<\/p>\n<p> &nbsp; <\/p>\n<h2>D\u00e9veloppement post-embryonnaire des Insectes holom\u00e9taboles<\/h2>\n<p> &nbsp; <\/p>\n<p>Cette premi\u00e8re cat\u00e9gorie de d\u00e9veloppement peut \u00eatre illustr\u00e9e avec l&rsquo;exemple des Papillons, groupe dans lequel le d\u00e9veloppement embryonnaire conduit \u00e0 la formation d&rsquo;une <a href=\"\/codex\/glossaire\/glossaire-de-a-a-c#chenille\" target=\"_blank\">chenille<\/a>, larve \u00e9ruciforme<\/p>\n<p> &nbsp; <\/p>\n<p style=\"text-align: right;\">Voir le <a href=\"\/codex\/cabinet-de-curiosites-virtuel\/dans-lintimite-des-animaux\/dans-lintimite-des-papillons\" target=\"_blank\">cycle de d\u00e9veloppement de la Pi\u00e9ride du chou<\/a><\/p>\n<p> &nbsp; <\/p>\n<p>ou avec l&rsquo;exemple des Coccinelles, groupe dans lequel le d\u00e9veloppement embryonnaire conduit \u00e0 la formation d&rsquo;une larve campod\u00e9iforme.<\/p>\n<p> &nbsp; <\/p>\n<p style=\"text-align: right;\">Voir le <a href=\"\/codex\/cabinet-de-curiosites-virtuel\/dans-lintimite-des-animaux\/dans-lintimite-des-coccinelles\" target=\"_blank\">cycle de d\u00e9veloppement de la Coccinelle asiatique<\/a><\/p>\n<p> &nbsp; <\/p>\n<p>Le cycle de vie peut \u00eatre repr\u00e9sent\u00e9 sch\u00e9matiquement comme dans la figure ci-dessous (le nombre de stades larvaires est variable avec les esp\u00e8ces, de m\u00eame que la dur\u00e9e des diff\u00e9rentes phases du cycle) :<\/p>\n<p> &nbsp; <\/p>\n<figure style=\"width: 300px\" class=\"wp-caption alignnone\"><a rel=\"lightbox\" href=\"\/documents\/images\/cycles_insectes\/cycle_holometabole_bis-WEB.jpg\" target=\"_blank\"><img decoding=\"async\" alt=\"Insectes holom\u00e9taboles\" src=\"\/documents\/images\/cycles_insectes\/cycle_holometabole_bis-WEB.jpg\" title=\"Insectes holom\u00e9taboles\" width=\"300\" \/><\/a><figcaption class=\"wp-caption-text\">Cycle de d\u00e9veloppement des Insectes holom\u00e9taboles<\/figcaption><\/figure>\n<p> &nbsp; <\/p>\n<p>Le d\u00e9veloppement post-embryonnaire est compos\u00e9 d&rsquo;une succession de <a href=\"\/codex\/glossaire\/glossaire-de-i-a-o#mue\" target=\"_blank\">mues<\/a> larvaires assurant la transition entre les phases larvaires. Ces derni\u00e8res sont des p\u00e9riodes pendant lesquelles l&rsquo;individu s&rsquo;alimente activement.<\/p>\n<p>Les mues consistent en un renouvellement de la <a href=\"\/codex\/glossaire\/glossaire-de-a-a-c#cuticule\" target=\"_blank\">cuticule<\/a>, avec \u00e9limination de l\u2019ancienne cuticule rigide (<a href=\"\/codex\/glossaire\/glossaire-de-d-a-h#exuviation\" target=\"_blank\">exuviation<\/a>) et remplacement par une nouvelle, sous-jacente et souple. Elles permettent la croissance de l&rsquo;individu, chaque larve \u00e9tant ainsi plus grande que celle qui la pr\u00e9c\u00e8de dans le cycle.<\/p>\n<p> &nbsp; <\/p>\n<p>Au terme de la vie larvaire intervient une mue qualifi\u00e9e de larvo-nymphale, transformant la larve en une <a href=\"\/codex\/glossaire\/glossaire-de-i-a-o#nymphe\" target=\"_blank\">nymphe<\/a>. Elle est pr\u00e9c\u00e9d\u00e9e d&rsquo;une modification du comportement de la larve, qui cesse de s&rsquo;alimenter et change d&rsquo;habitat.<\/p>\n<p>La nymphe est g\u00e9n\u00e9ralement peu mobile et ne se nourrit pas.<br \/>\nEn revanche, la vie nymphale est la p\u00e9riode du cycle pendant laquelle l&rsquo;individu acquiert les traits caract\u00e9ristiques de l&rsquo;imago (ailes, pattes, yeux, antennes pour la morphologie et l&rsquo;anatomie, maturit\u00e9 sexuelle pour la physiologie  par exemple).<\/p>\n<p>L&rsquo;ensemble des modifications se produisant pendant la vie nymphale constitue une <a href=\"\/codex\/glossaire\/glossaire-de-i-a-o#metamorphose\" target=\"_blank\">m\u00e9tamorphose<\/a>, qui transforme la larve en imago.<\/p>\n<p>L&rsquo;imago \u00e9merge de la nymphe \u00e0 la faveur d&rsquo;une derni\u00e8re mue, qualifi\u00e9e de nympho-imaginale.<\/p>\n<p> &nbsp; <\/p>\n<p>Le cycle de d\u00e9veloppement ainsi d\u00e9crit, incluant une m\u00e9tamorphose, est caract\u00e9ristique des Insectes <a href=\"\/codex\/glossaire\/glossaire-de-d-a-h#holometabole\" target=\"_blank\">holom\u00e9taboles<\/a>.<\/p>\n<p>Outre les <a href=\"\/codex\/glossaire\/glossaire-de-i-a-o#lepidoptere\" target=\"_blank\">L\u00e9pidopt\u00e8res<\/a> (Papillons) et les <a href=\"\/codex\/glossaire\/glossaire-de-a-a-c#coleoptere\" target=\"_blank\">Col\u00e9opt\u00e8res<\/a> (Coccinelles et Hannetons), il est \u00e9galement observ\u00e9 chez les <a href=\"\/codex\/glossaire\/glossaire-de-d-a-h#diptere\" target=\"_blank\">Dipt\u00e8res<\/a> (Mouches et Moustiques), les <a href=\"\/codex\/glossaire\/glossaire-de-d-a-h#hymenoptere\" target=\"_blank\">Hym\u00e9nopt\u00e8res<\/a> (Abeilles, Gu\u00eapes et Fourmis) et les N\u00e9vropt\u00e8res (Phryganes et Fourmilion).<\/p>\n<p>Dans ces groupes, les \u00e9bauches des ailes sont internes pendant le d\u00e9veloppement post-embryonnaire. Ils sont qualifi\u00e9s d&rsquo;Insectes <a href=\"\/codex\/glossaire\/glossaire-de-d-a-h#endopterygote\" target=\"_blank\">endopt\u00e9rygotes<\/a>.<\/p>\n<p> &nbsp; <\/p>\n<h2>D\u00e9veloppement post-embryonnaire des Insectes h\u00e9t\u00e9rom\u00e9taboles<\/h2>\n<p> &nbsp; <\/p>\n<h3>Cycle des Insectes paurom\u00e9taboles<\/h3>\n<p> &nbsp; <\/p>\n<p>Cette deuxi\u00e8me cat\u00e9gorie de d\u00e9veloppement peut \u00eatre illustr\u00e9e avec l&rsquo;exemple des Punaises, groupe dans lequel le d\u00e9veloppement embryonnaire conduit \u00e0 l&rsquo;\u00e9closion d&rsquo;un juv\u00e9nile.<\/p>\n<p> &nbsp; <\/p>\n<p style=\"text-align: right;\">Voir le <a href=\"\/codex\/cabinet-de-curiosites-virtuel\/dans-lintimite-des-animaux\/dans-lintimite-des-punaises\" target=\"_blank\">cycle de d\u00e9veloppement de la Punaise verte ponctu\u00e9e<\/a><\/p>\n<p> &nbsp; <\/p>\n<p>Le cycle de vie peut \u00eatre repr\u00e9sent\u00e9 sch\u00e9matiquement comme dans la figure ci-dessous (le nombre de stades juv\u00e9niles est variable avec les esp\u00e8ces, de m\u00eame que la dur\u00e9e des diff\u00e9rentes phases du cycle) :<\/p>\n<p> &nbsp; <\/p>\n<figure style=\"width: 300px\" class=\"wp-caption alignnone\"><a rel=\"lightbox\" href=\"\/documents\/images\/cycles_insectes\/cycle_paurometabole_bis-WEB.jpg\" target=\"_blank\"><img decoding=\"async\" alt=\"Insectes paurom\u00e9taboles\" src=\"\/documents\/images\/cycles_insectes\/cycle_paurometabole_bis-WEB.jpg\" title=\"Insectes paurom\u00e9taboles\" width=\"300\" \/><\/a><figcaption class=\"wp-caption-text\">Cycle de d\u00e9veloppement des Insectes h\u00e9t\u00e9rom\u00e9taboles paurom\u00e9taboles<\/figcaption><\/figure>\n<p> &nbsp; <\/p>\n<p>Le d\u00e9veloppement post-embryonnaire est compos\u00e9 d&rsquo;une succession de mues, r\u00e9alisant la transition entre les diff\u00e9rentes phases juv\u00e9niles.<\/p>\n<p>De la m\u00eame mani\u00e8re que dans le cas pr\u00e9c\u00e9dent, les individus juv\u00e9niles se nourrissent activement et les mues permettent leur croissance, gr\u00e2ce \u00e0 l&rsquo;\u00e9limination de la cuticule externe rigide et \u00e0 son remplacement par une nouvelle cuticule souple.<\/p>\n<p>Les traits caract\u00e9ristiques de l&rsquo;imago apparaissent progressivement \u00e0 la faveur des mues successives.<br \/>\nC&rsquo;est en particulier le cas des ailes, qui se forment \u00e0 partir d&rsquo;\u00e9bauches externes, les fourreaux alaires, croissant au fur et \u00e0 mesure du d\u00e9veloppement post-embryonnaire.<\/p>\n<p> &nbsp; <\/p>\n<p>La fin du d\u00e9veloppement post-embryonnaire est marqu\u00e9e par la mue imaginale, transformant le juv\u00e9nile en imago.<br \/>\nElle implique notamment l&rsquo;acquisition de la maturit\u00e9 sexuelle.<\/p>\n<p> &nbsp; <\/p>\n<p>Le cycle de d\u00e9veloppement ainsi d\u00e9crit est caract\u00e9ris\u00e9 par l&rsquo;absence de m\u00e9tamorphose et la r\u00e9alisation progressive des transformations conduisant du juv\u00e9nile \u00e0 l&rsquo;imago.<br \/>\nIl est propre aux Insectes <a href=\"\/codex\/glossaire\/glossaire-de-d-a-h#heterometabole\" target=\"_blank\">h\u00e9t\u00e9rom\u00e9taboles<\/a> <a href=\"\/codex\/glossaire\/glossaire-de-p-a-s#paurometabole\" target=\"_blank\">paurom\u00e9taboles<\/a>.<\/p>\n<p>Outre la plupart des <a href=\"\/codex\/glossaire\/glossaire-de-d-a-h#hemiptere\" target=\"_blank\">H\u00e9mipt\u00e8res<\/a> (Punaises, Cicadelles, Pucerons), il est observ\u00e9 chez les <a href=\"\/codex\/glossaire\/glossaire-de-i-a-o#orthoptere\" target=\"_blank\">Orthopt\u00e8res<\/a> (Criquets, Sauterelles, Grillons), les Phasmopt\u00e8res (Phasmes), les Blattopt\u00e8res (Blattes), les Mantopt\u00e8res (Mantes) et les Dermapt\u00e8res (Forficules).<\/p>\n<p>Dans ces groupes, les \u00e9bauches des ailes sont externes pendant le d\u00e9veloppement post-embryonnaire. Ils sont qualifi\u00e9s d&rsquo;Insectes <a href=\"\/codex\/glossaire\/glossaire-de-d-a-h#exopterygote\" target=\"_blank\">exopt\u00e9rygotes<\/a>.<\/p>\n<p> &nbsp; <\/p>\n<h3>Cycle des Insectes h\u00e9mim\u00e9taboles<\/h3>\n<p> &nbsp; <\/p>\n<p>L&rsquo;exemple des Agrions permet \u00e9galement d&rsquo;illustrer les cycles de d\u00e9veloppement des Insectes h\u00e9t\u00e9rom\u00e9taboles. Dans ce groupe toutefois, l&rsquo;individu issu du d\u00e9veloppement embryonnaire est une larve, distincte de l&rsquo;imago par sa morphologie, son anatomie, ses mode et milieu de vie.<\/p>\n<p> &nbsp; <\/p>\n<p style=\"text-align: right;\">Voir le <a href=\"\/codex\/cabinet-de-curiosites-virtuel\/dans-lintimite-des-animaux\/dans-lintimite-des-demoiselles\" target=\"_blank\">cycle de d\u00e9veloppement de l&rsquo;Agrion \u00e9l\u00e9gant<\/a><\/p>\n<p> &nbsp; <\/p>\n<p>Le cycle de vie peut \u00eatre repr\u00e9sent\u00e9 sch\u00e9matiquement comme dans la figure ci-dessous (le nombre de stades larvaires est variable avec les esp\u00e8ces, de m\u00eame que la dur\u00e9e des diff\u00e9rentes phases du cycle) :<\/p>\n<p> &nbsp; <\/p>\n<figure style=\"width: 300px\" class=\"wp-caption alignnone\"><a rel=\"lightbox\" href=\"\/documents\/images\/cycles_insectes\/cycle_hemimetabole_bis-WEB.jpg\" target=\"_blank\"><img decoding=\"async\" alt=\"Insectes h\u00e9mim\u00e9taboles\" src=\"\/documents\/images\/cycles_insectes\/cycle_hemimetabole_bis-WEB.jpg\" title=\"Insectes h\u00e9mim\u00e9taboles\" width=\"300\" \/><\/a><figcaption class=\"wp-caption-text\">Cycle de d\u00e9veloppement des Insectes h\u00e9t\u00e9rom\u00e9taboles h\u00e9mim\u00e9taboles<\/figcaption><\/figure>\n<p> &nbsp; <\/p>\n<p>Comme dans le cas des autres Insectes, le d\u00e9veloppement post-embryonnaire est compos\u00e9 d&rsquo;une s\u00e9rie de mues larvaires, s\u00e9parant les diff\u00e9rentes phases larvaires.<\/p>\n<p>Les larves s&rsquo;alimentent activement et leur croissance est rendue possible par les mues, au cours desquelles elles abandonnent leur cuticule durcie et en reforment une nouvelle, temporairement souple.<\/p>\n<p>Les caract\u00e8res imaginaux sont progressivement mis en place au cours du d\u00e9veloppement post-embryonnaire. Les ailes apparaissent notamment sous forme de fourreaux alaires, \u00e9bauches externes.<\/p>\n<p> &nbsp; <\/p>\n<p>La vie larvaire prend fin avec une derni\u00e8re mue qualifi\u00e9e de larvo-imaginale.<br \/>\nCo\u00efncidant avec un changement de mode et de milieu de vie, ainsi qu&rsquo;avec l&rsquo;acquisition de la maturit\u00e9 sexuelle, elle transforme la larve en imago.<\/p>\n<p> &nbsp; <\/p>\n<p>Le cycle de d\u00e9veloppement ainsi d\u00e9crit est caract\u00e9ris\u00e9 par une transformation progressive de l&rsquo;individu issu du d\u00e9veloppement embryonnaire en imago. Bien qu&rsquo;il n&rsquo;existe pas de m\u00e9tamorphose, cet individu est une larve dont le milieu et le mode de vie notamment diff\u00e8rent de ceux de l&rsquo;imago.<br \/>\nIl est sp\u00e9cifique des Insectes h\u00e9t\u00e9rom\u00e9taboles <a href=\"\/codex\/glossaire\/glossaire-de-d-a-h#hemimetabole\" target=\"_blank\">h\u00e9mim\u00e9taboles<\/a>. <\/p>\n<p>Outre les <a href=\"\/codex\/glossaire\/glossaire-de-i-a-o#odonate\" target=\"_blank\">Odonates<\/a> (Demoiselles et Libellules), les \u00c9ph\u00e9m\u00e9ropt\u00e8res (\u00c9ph\u00e9m\u00e8res), les Pl\u00e9copt\u00e8res (Perles) et certains H\u00e9mipt\u00e8res (Cigales) pr\u00e9sentent un tel cycle.<\/p>\n<p>Les \u00e9bauches des ailes \u00e9tant externes dans ces groupes, ils sont class\u00e9s parmi les Insectes exopt\u00e9rygotes.<\/p>\n<p> &nbsp; <\/p>\n<h2>D\u00e9veloppement post-embryonnaire des Insectes am\u00e9taboles<\/h2>\n<p> &nbsp; <\/p>\n<p>Une troisi\u00e8me cat\u00e9gorie de d\u00e9veloppement post-embryonnaire existe chez les Insectes.<\/p>\n<p>Elle concerne par exemple le L\u00e9pisme, ou Poisson d&rsquo;argent du langage courant.<br \/>\nDans cette esp\u00e8ce, l\u2019individu lib\u00e9r\u00e9 par l\u2019\u00e9closion de l\u2019\u0153uf ressemble en tout point \u00e0 l\u2019adulte, hormis pour ce qui concerne la taille et la maturit\u00e9 sexuelle.<br \/>\nIl s&rsquo;agit d&rsquo;un juv\u00e9nile.<\/p>\n<p> &nbsp; <\/p>\n<p>Le d\u00e9veloppement post-embryonnaire est compos\u00e9 d\u2019une succession de stades juv\u00e9niles s\u00e9par\u00e9s par des mues qui permettent la croissance et notamment l\u2019augmentation du nombre de segments corporels, l&rsquo;allongement des antennes, le d\u00e9veloppement des pi\u00e8ces g\u00e9nitales.<\/p>\n<p>Il prend fin avec une mue imaginale au cours de laquelle la maturit\u00e9 sexuelle est acquise.<\/p>\n<p> &nbsp; <\/p>\n<p>Le d\u00e9veloppement post-embryonnaire est dans ce cas progressif, sans transformation notable. Il est le fait d&rsquo;Insectes dits am\u00e9taboles (\u00e9tymologiquement, \u00ab\u00a0m\u00e9tabole\u00a0\u00bb signifie \u00ab\u00a0changement\u00a0\u00bb et le pr\u00e9fixe \u00ab\u00a0a\u00a0\u00bb est privatif).<\/p>\n<p>Il est observ\u00e9 chez les Thysanoures (Poissons d&rsquo;argent) et les Arch\u00e9ognathes (Machilides).<\/p>\n<p> &nbsp; <\/p>\n<h2>Bilan<\/h2>\n<p> &nbsp; <\/p>\n<p>Selon le type d&rsquo;individu issu du d\u00e9veloppement embryonnaire, le d\u00e9veloppement post-embryonnaire des Insectes rev\u00eat des formes diff\u00e9rentes.<\/p>\n<p>Elles peuvent \u00eatre r\u00e9capitul\u00e9es en un tableau :<\/p>\n<p> &nbsp; <\/p>\n<figure style=\"width: 300px\" class=\"wp-caption alignnone\"><a rel=\"lightbox\" href=\"\/documents\/images\/cycles_insectes\/tableau_developpement-WEB.jpg\" target=\"_blank\"><img decoding=\"async\" alt=\"Caract\u00e9ristiques du d\u00e9veloppement des Insectes\" src=\"\/documents\/images\/cycles_insectes\/tableau_developpement-WEB.jpg\" title=\"Caract\u00e9ristiques du d\u00e9veloppement des Insectes\" width=\"300\" \/><\/a><figcaption class=\"wp-caption-text\">Diversit\u00e9 des d\u00e9veloppements post-embryonnaires chez les Insectes<\/figcaption><\/figure>\n<p> &nbsp; <\/p>\n<p>Les transformations caract\u00e9risant le d\u00e9veloppement post-embryonnaire peuvent \u00eatre progressives, touchant des juv\u00e9niles ou parfois des larves. Dans ce cas, il n&rsquo;existe pas de forme nymphale.<br \/>\nLe d\u00e9veloppement ne comportant pas de m\u00e9tamorphose est qualifi\u00e9 de direct.<\/p>\n<p>Les modifications du d\u00e9veloppement post-embryonnaire peuvent par ailleurs \u00eatre profondes et intenses, et constituer une vraie m\u00e9tamorphose, concernant des larves. Il existe alors de mani\u00e8re g\u00e9n\u00e9rale une forme nymphale.<br \/>\nLe d\u00e9veloppement est dans ce cas dit indirect.<\/p>\n<p> &nbsp; <\/p>\n<p>Pour acc\u00e9der aux images des <a href=\"\/images\/index.php?album=parcs-de-gerland-et-des-berges-du-rhone\" target=\"_blank\">Insectes des parcs de Gerland et des berges du Rh\u00f4ne<\/a><\/p>\n<p> &nbsp; <\/p>\n","protected":false},"excerpt":{"rendered":"<p>&nbsp; Chez les Insectes, le cycle de vie ou cycle de d\u00e9veloppement, comme chez les autres animaux en cas de reproduction sexu\u00e9e, comporte plusieurs phases : \u2022 le d\u00e9veloppement embryonnaire, p\u00e9riode menant du zygote \u00e0 l&rsquo;\u00e9closion de l&rsquo;\u0153uf ou la naissance, respectivement en cas d&rsquo;oviparit\u00e9 et en cas de viviparit\u00e9 ; \u2022 le d\u00e9veloppement post-embryonnaire, [&hellip;]<\/p>\n","protected":false},"author":2,"featured_media":0,"parent":1762,"menu_order":1,"comment_status":"closed","ping_status":"closed","template":"","meta":{"site-sidebar-layout":"default","site-content-layout":"","ast-site-content-layout":"default","site-content-style":"default","site-sidebar-style":"default","ast-global-header-display":"","ast-banner-title-visibility":"","ast-main-header-display":"","ast-hfb-above-header-display":"","ast-hfb-below-header-display":"","ast-hfb-mobile-header-display":"","site-post-title":"","ast-breadcrumbs-content":"","ast-featured-img":"","footer-sml-layout":"","ast-disable-related-posts":"","theme-transparent-header-meta":"","adv-header-id-meta":"","stick-header-meta":"","header-above-stick-meta":"","header-main-stick-meta":"","header-below-stick-meta":"","astra-migrate-meta-layouts":"default","ast-page-background-enabled":"default","ast-page-background-meta":{"desktop":{"background-color":"var(--ast-global-color-4)","background-image":"","background-repeat":"repeat","background-position":"center center","background-size":"auto","background-attachment":"scroll","background-type":"","background-media":"","overlay-type":"","overlay-color":"","overlay-opacity":"","overlay-gradient":""},"tablet":{"background-color":"","background-image":"","background-repeat":"repeat","background-position":"center center","background-size":"auto","background-attachment":"scroll","background-type":"","background-media":"","overlay-type":"","overlay-color":"","overlay-opacity":"","overlay-gradient":""},"mobile":{"background-color":"","background-image":"","background-repeat":"repeat","background-position":"center center","background-size":"auto","background-attachment":"scroll","background-type":"","background-media":"","overlay-type":"","overlay-color":"","overlay-opacity":"","overlay-gradient":""}},"ast-content-background-meta":{"desktop":{"background-color":"var(--ast-global-color-5)","background-image":"","background-repeat":"repeat","background-position":"center center","background-size":"auto","background-attachment":"scroll","background-type":"","background-media":"","overlay-type":"","overlay-color":"","overlay-opacity":"","overlay-gradient":""},"tablet":{"background-color":"var(--ast-global-color-5)","background-image":"","background-repeat":"repeat","background-position":"center center","background-size":"auto","background-attachment":"scroll","background-type":"","background-media":"","overlay-type":"","overlay-color":"","overlay-opacity":"","overlay-gradient":""},"mobile":{"background-color":"var(--ast-global-color-5)","background-image":"","background-repeat":"repeat","background-position":"center center","background-size":"auto","background-attachment":"scroll","background-type":"","background-media":"","overlay-type":"","overlay-color":"","overlay-opacity":"","overlay-gradient":""}},"footnotes":""},"class_list":["post-2108","page","type-page","status-publish","hentry"],"aioseo_notices":[],"jetpack_sharing_enabled":true,"_links":{"self":[{"href":"https:\/\/codexvirtualis.fr\/codex\/wp-json\/wp\/v2\/pages\/2108","targetHints":{"allow":["GET"]}}],"collection":[{"href":"https:\/\/codexvirtualis.fr\/codex\/wp-json\/wp\/v2\/pages"}],"about":[{"href":"https:\/\/codexvirtualis.fr\/codex\/wp-json\/wp\/v2\/types\/page"}],"author":[{"embeddable":true,"href":"https:\/\/codexvirtualis.fr\/codex\/wp-json\/wp\/v2\/users\/2"}],"replies":[{"embeddable":true,"href":"https:\/\/codexvirtualis.fr\/codex\/wp-json\/wp\/v2\/comments?post=2108"}],"version-history":[{"count":71,"href":"https:\/\/codexvirtualis.fr\/codex\/wp-json\/wp\/v2\/pages\/2108\/revisions"}],"predecessor-version":[{"id":8452,"href":"https:\/\/codexvirtualis.fr\/codex\/wp-json\/wp\/v2\/pages\/2108\/revisions\/8452"}],"up":[{"embeddable":true,"href":"https:\/\/codexvirtualis.fr\/codex\/wp-json\/wp\/v2\/pages\/1762"}],"wp:attachment":[{"href":"https:\/\/codexvirtualis.fr\/codex\/wp-json\/wp\/v2\/media?parent=2108"}],"curies":[{"name":"wp","href":"https:\/\/api.w.org\/{rel}","templated":true}]}}