{"id":1939,"date":"2011-05-16T14:58:19","date_gmt":"2011-05-16T12:58:19","guid":{"rendered":"http:\/\/codexvirtualis.fr\/codex\/?page_id=1939"},"modified":"2015-06-27T18:37:26","modified_gmt":"2015-06-27T16:37:26","slug":"tous-differents-une-espece","status":"publish","type":"page","link":"https:\/\/codexvirtualis.fr\/codex\/cabinet-de-curiosites-virtuel\/des-animaux-et-des-milieux\/tous-differents-une-espece","title":{"rendered":"Tous diff\u00e9rents&#8230; mais une seule esp\u00e8ce"},"content":{"rendered":"<p>&nbsp;<\/p>\n<h2>Le polymorphisme des coquilles chez l&rsquo;Escargot des haies<\/h2>\n<p>&nbsp;<br \/>\nSur un m\u00eame site, il est fr\u00e9quent d&rsquo;observer des escargots de tailles et de formes semblables, mais diff\u00e9rant par les caract\u00e9ristiques de leurs coquilles. Leurs couleurs de m\u00eame que les bandes qui les ornent peuvent pr\u00e9senter d&rsquo;importantes variations.<br \/>\n&nbsp;<\/p>\n<h3>Des couleurs&#8230;<\/h3>\n<p>&nbsp;<\/p>\n<figure style=\"width: 300px\" class=\"wp-caption alignnone\"><a rel=\"lightbox\" href=\"\/documents\/images\/Cepaea_nemoralis\/cepaea05-09-WEB.jpg\" target=\"_blank\"><img decoding=\"async\" class=\" \" title=\"Couleurs des coquilles\" src=\"\/documents\/images\/Cepaea_nemoralis\/cepaea05-09-WEB.jpg\" alt=\"Couleurs des coquilles\" width=\"300\" \/><\/a><figcaption class=\"wp-caption-text\">Individus \u00e0 coquille jaune et \u00e0 coquille rose (Lyon, avril 2009)<\/figcaption><\/figure>\n<p>&nbsp;<\/p>\n<p>L&rsquo;Escargot des haies (ou des bois,\u00a0<em>Ceapea nemoralis<\/em>) est une esp\u00e8ce qui comporte ainsi des individus dont la coquille est de couleur jaune (elle peut parfois \u00eatre tr\u00e8s fonc\u00e9e et aller jusqu&rsquo;au brun) et d&rsquo;autres dont la coquille est de couleur rose (susceptible de d\u00e9river jusqu&rsquo;au violet).<\/p>\n<p>&nbsp;<\/p>\n<p>Sch\u00e9matiquement, la couleur de la coquille est contr\u00f4l\u00e9e par un <a href=\"\/codex\/glossaire\/glossaire-de-d-a-h#gene\" target=\"_blank\">g\u00e8ne<\/a> pr\u00e9sentant deux <a href=\"\/codex\/glossaire\/glossaire-de-a-a-c#allele\" target=\"_blank\">all\u00e8les<\/a>, not\u00e9s j et j+, j+ \u00e9tant dominant et j r\u00e9cessif.<br \/>\nLes individus poss\u00e9dant deux all\u00e8les j (j\/j) ont une coquille jaune, les individus poss\u00e9dant deux all\u00e8les j+ (j+\/j+) ou un all\u00e8le j et un all\u00e8le j+ (j+\/j) ont une coquille de couleur rose.<\/p>\n<p>&nbsp;<\/p>\n<h3>&#8230; et des bandes<\/h3>\n<p>&nbsp;<br \/>\nCertaines coquilles sont d\u00e9pourvues de bandes, alors que d&rsquo;autres sont d\u00e9cor\u00e9es de bandes brunes longitudinales.<\/p>\n<p>&nbsp;<\/p>\n<figure style=\"width: 300px\" class=\"wp-caption alignnone\"><a rel=\"lightbox\" href=\"\/documents\/images\/Cepaea_nemoralis\/cepaea_nemoralis126_10-WEB\" target=\"_blank\"><img loading=\"lazy\" decoding=\"async\" class=\"   \" title=\"Coquille jaune\" src=\"\/documents\/images\/Cepaea_nemoralis\/cepaea_nemoralis126_10-WEB\" alt=\"Coquille jaune\" width=\"300\" height=\"201\" \/><\/a><figcaption class=\"wp-caption-text\">Individu \u00e0 coquille jaune sans bande (00000 - Lyon, mai 2010)<\/figcaption><\/figure>\n<p>&nbsp;<\/p>\n<figure style=\"width: 300px\" class=\"wp-caption alignnone\"><a rel=\"lightbox\" href=\"\/documents\/images\/Cepaea_nemoralis\/cepaea_nemoralis129_10-WEB.jpg\" target=\"_blank\"><img decoding=\"async\" class=\"  \" title=\"Coquille rose\" src=\"\/documents\/images\/Cepaea_nemoralis\/cepaea_nemoralis129_10-WEB.jpg\" alt=\"Coquille rose\" width=\"300\" \/><\/a><figcaption class=\"wp-caption-text\">Individu \u00e0 coquille rose sans bande (00000 - Lyon, ao\u00fbt 2010)<\/figcaption><\/figure>\n<p>&nbsp;<\/p>\n<figure style=\"width: 300px\" class=\"wp-caption alignnone\"><a rel=\"lightbox\" href=\"\/documents\/images\/Cepaea_nemoralis\/Cepaea_nemoralis142_10-WEB.jpg\" target=\"_blank\"><img decoding=\"async\" class=\" \" title=\"Coquille jaune \u00e0 5 bandes\" src=\"\/documents\/images\/Cepaea_nemoralis\/Cepaea_nemoralis142_10-WEB.jpg\" alt=\"Coquille jaune \u00e0 5 bandes\" width=\"300\" \/><\/a><figcaption class=\"wp-caption-text\">Individu \u00e0 coquille jaune et 5 bandes (12345 - Lyon, septembre 2010)<\/figcaption><\/figure>\n<p>&nbsp;<\/p>\n<p>Lorsqu&rsquo;elles sont pr\u00e9sentes, les bandes brunes sont au maximum au nombre de 5. Elles sont identifi\u00e9es par l&rsquo;attribution des num\u00e9ros 1 \u00e0 5, la bande 1 \u00e9tant situ\u00e9e sur le bord sup\u00e9rieur des tours de spire et la bande 5 sur le bord inf\u00e9rieur, le sommet de la coquille \u00e9tant orient\u00e9 vers le haut.<\/p>\n<p>L&rsquo;ornementation de la coquille est ainsi d\u00e9crite par 5 chiffres correspondant aux num\u00e9ros des bandes, l&rsquo;absence d&rsquo;une bande \u00e9tant indiqu\u00e9e par le chiffre 0.<\/p>\n<p>&nbsp;<\/p>\n<figure style=\"width: 300px\" class=\"wp-caption alignnone\"><a rel=\"lightbox\" href=\"\/documents\/images\/Cepaea_nemoralis\/cepaea_nemoralis30_10-WEB.jpg\" target=\"_blank\"><img decoding=\"async\" class=\" \" title=\"Coquille jaune \u00e0 1 bande\" src=\"\/documents\/images\/Cepaea_nemoralis\/cepaea_nemoralis30_10-WEB.jpg\" alt=\"Coquille jaune \u00e0 1 bande\" width=\"300\" \/><\/a><figcaption class=\"wp-caption-text\">Individu \u00e0 coquille jaune et une bande (00300 - Lyon, mars 2010)<\/figcaption><\/figure>\n<p>&nbsp;<\/p>\n<figure style=\"width: 300px\" class=\"wp-caption alignnone\"><a rel=\"lightbox\" href=\"\/documents\/images\/Cepaea_nemoralis\/Cepaea_nemoralis45_11-WEB.jpg\" target=\"_blank\"><img decoding=\"async\" class=\" \" title=\"Coquille jaune \u00e0 3 bandes\" src=\"\/documents\/images\/Cepaea_nemoralis\/Cepaea_nemoralis45_11-WEB.jpg\" alt=\"Coquille jaune \u00e0 3 bandes\" width=\"300\" \/><\/a><figcaption class=\"wp-caption-text\">Individu \u00e0 coquille jaune et \u00e0 3 bandes (00345 - Lyon, avril 2011)<\/figcaption><\/figure>\n<p>&nbsp;<\/p>\n<figure style=\"width: 300px\" class=\"wp-caption alignnone\"><a rel=\"lightbox\" href=\"\/documents\/images\/Cepaea_nemoralis\/Cepaea_nemoralis39_11-WEB.jpg\" target=\"_blank\"><img decoding=\"async\" class=\" \" title=\"Coquille jaune et 3 bandes\" src=\"\/documents\/images\/Cepaea_nemoralis\/Cepaea_nemoralis39_11-WEB.jpg\" alt=\"Coquille jaune et 3 bandes\" width=\"300\" \/><\/a><figcaption class=\"wp-caption-text\">Individu \u00e0 coquille jaune et 3 bandes (02340 - Lyon, avril 2011)<\/figcaption><\/figure>\n<p>&nbsp;<\/p>\n<p>L&rsquo;absence et la pr\u00e9sence de bandes sont d\u00e9termin\u00e9es par un <a href=\"\/codex\/glossaire\/glossaire-de-d-a-h#gene\" target=\"_blank\">g\u00e8ne<\/a> poss\u00e9dant deux <a href=\"\/codex\/glossaire\/glossaire-de-a-a-c#allele\" target=\"_blank\">all\u00e8les<\/a>, b et b+. L&rsquo;all\u00e8le b+ responsable de l&rsquo;absence de bandes est dominant par rapport \u00e0 l&rsquo;all\u00e8le b responsable de la pr\u00e9sence de bandes.<\/p>\n<p>Les individus d\u00e9pourvus de bandes poss\u00e8dent deux all\u00e8les b+ (b+\/b+) ou un all\u00e8le b+ et un all\u00e8le b (b+\/b) et les individus \u00e0 5 bandes poss\u00e8dent deux all\u00e8les b (b\/b).<\/p>\n<p>Tenant compte de la couleur d&rsquo;une part et de la pr\u00e9sence de bandes d&rsquo;autres part, il existe 32 combinaisons dont certaines sont fr\u00e9quentes et d&rsquo;autres tr\u00e8s rares.<\/p>\n<p>Les possibilit\u00e9s sont en r\u00e9alit\u00e9 plus nombreuses, les bandes ornant la coquille \u00e9tant parfois fusionn\u00e9es, discontinues, faiblement pigment\u00e9es&#8230;<\/p>\n<p>&nbsp;<\/p>\n<p>Les <a href=\"\/codex\/glossaire\/glossaire-de-p-a-s#population\" target=\"_blank\">populations<\/a> d&rsquo;Escargots des haies apparaissent donc <a href=\"\/codex\/glossaire\/glossaire-de-p-a-s#polymorphisme\" target=\"_blank\">polymorphes<\/a>, divers types morphologiques coexistant sur un m\u00eame site.<\/p>\n<p>D&rsquo;un site d&rsquo;observation \u00e0 l&rsquo;autre, les proportions des diff\u00e9rents <a href=\"\/codex\/glossaire\/glossaire-de-p-a-s#phenotype\" target=\"_blank\">ph\u00e9notypes<\/a> sont variables, sugg\u00e9rant des variations des fr\u00e9quences all\u00e9liques.<br \/>\nComment sont-elles d\u00e9termin\u00e9es ?<\/p>\n<p>&nbsp;<\/p>\n<h2>L&rsquo;origine et le maintien des variations<\/h2>\n<p>&nbsp;<br \/>\n<figure style=\"width: 300px\" class=\"wp-caption alignnone\"><a rel=\"lightbox\" href=\"\/documents\/images\/Cepaea_nemoralis\/cepaea_bandes-WEB.jpg\" target=\"_blank\"><img decoding=\"async\" class=\" \" title=\"Quelques types de coquilles\" src=\"\/documents\/images\/Cepaea_nemoralis\/cepaea_bandes-WEB.jpg\" alt=\"Quelques types de coquilles\" width=\"300\" \/><\/a><figcaption class=\"wp-caption-text\">Quelques types de coquilles dans le genre Cepaea (d'apr\u00e8s Jones J.S., Leith B.H. and Rawlings P., 1977 - Polymorphism in Cepaea, a problem with too many solutions ? Annual revue of ecology and systematics, 8, pp109-143)<\/figcaption><\/figure><br \/>\n&nbsp;<\/p>\n<h3>La pr\u00e9dation<\/h3>\n<p>&nbsp;<br \/>\nDans les bois, la fr\u00e9quence des individus \u00e0 coquille rose ou marron, paraissant d\u00e9pourvue de bandes, est importante dans les populations d&rsquo;Escargots des haies.<br \/>\nL&rsquo;environnement dans lequel ils \u00e9voluent \u00e9tant relativement uniforme et sombre, compos\u00e9 en particulier de feuilles mortes, ces caract\u00e9ristiques leur assurent un camouflage.<br \/>\nInversement, dans les milieux herbac\u00e9s et pr\u00e9sentant des couleurs panach\u00e9es, les individus les plus abondants poss\u00e8dent une coquille jaune et des bandes.<br \/>\nDans les haies, transitions entre l&rsquo;environnement forestier et le milieu herbac\u00e9, les proportions des diff\u00e9rents types d&rsquo;individus sont interm\u00e9diaires entre celles observ\u00e9es dans les deux habitats.<\/p>\n<p>Visiblement, les aspects des coquilles les plus fr\u00e9quents dans un milieu sont ceux qui  autorisent une dissimulation efficace.<br \/>\nIl est vraisemblable que le camouflage permette aux individus d&rsquo;\u00e9chapper \u00e0 leurs pr\u00e9dateurs.<\/p>\n<p>Dans le cas de l&rsquo;Escargot des haies, les pr\u00e9dateurs sont principalement des Oiseaux comme la Grive musicienne, de petits Mammif\u00e8res, quelques Insectes et Mollusques.<\/p>\n<p>La Grive, tr\u00e8s friande d&rsquo;escargots, a pour habitude de briser leur coquille sur des rochers, au pied desquels il est possible de retrouver des fragments utiles pour identifier les caract\u00e9ristiques des coquilles des animaux captur\u00e9s.<br \/>\nL&rsquo;examen de tels d\u00e9bris a r\u00e9v\u00e9l\u00e9 que les Grives consomment principalement des individus \u00e0 coquille jaune lorsqu&rsquo;elles se nourrissent aux d\u00e9pens de populations \u00e9voluant dans un milieu sombre, par exemple.<\/p>\n<p>La fr\u00e9quence des types de coquilles dans les diff\u00e9rents milieux pourrait ainsi \u00eatre li\u00e9e \u00e0 un ph\u00e9nom\u00e8ne de s\u00e9lection visuelle, les pr\u00e9dateurs responsables de cette s\u00e9lection pr\u00e9levant les individus dont ils se nourrissent en s&rsquo;aidant de la vue.<br \/>\nLa pr\u00e9dation s\u00e9lective jouerait ainsi un r\u00f4le important dans la distribution spatiale et temporelle des all\u00e8les dans un certain nombre de populations d&rsquo;Escargots des haies.<\/p>\n<p>&nbsp;<\/p>\n<h3>Le climat <\/h3>\n<p>&nbsp;<br \/>\nDans les r\u00e9gions les plus chaudes de l&rsquo;aire de r\u00e9partition de l&rsquo;Escargot des haies, la fr\u00e9quence des coquilles de couleur jaune est particuli\u00e8rement \u00e9lev\u00e9e.<br \/>\nInversement, les formes roses et fonc\u00e9es sont plus abondantes dans les zones au climat froid.<\/p>\n<p>L&rsquo;absorption de l&rsquo;\u00e9nergie lumineuse par une surface varie avec sa couleur : elle est bien plus importante dans le cas des couleurs sombres que dans celui des couleurs claires. Chacun peut en faire l&rsquo;exp\u00e9rience en portant des v\u00eatements sombres ou clairs au soleil : dans la premi\u00e8re situation, l&rsquo;augmentation de temp\u00e9rature li\u00e9e \u00e0 l&rsquo;absorption de chaleur est plus substantielle que dans la seconde.<\/p>\n<p>Des exp\u00e9riences de mesure de temp\u00e9rature \u00e0 l&rsquo;int\u00e9rieur de la coquille d&rsquo;Escargots des haies vivants expos\u00e9s au soleil ont ainsi r\u00e9v\u00e9l\u00e9 que la temp\u00e9rature atteinte est plus \u00e9lev\u00e9e dans le cas des coquilles sombres que celui des coquilles jaunes. De m\u00eame des coquilles munies de bandes atteignent des temp\u00e9ratures plus importantes que des coquilles qui en sont d\u00e9pourvues.<br \/>\nIl est probable qu&rsquo;en relation avec la couleur et l&rsquo;ornementation de la coquille, les Escargots des haies pr\u00e9sentent des r\u00e9actions diff\u00e9rentes \u00e0 l&rsquo;\u00e9clairement solaire.<\/p>\n<p>Lorsqu&rsquo;ils sont plac\u00e9s dans un environnement ensoleill\u00e9 apr\u00e8s avoir \u00e9t\u00e9 refroidis, les individus poss\u00e9dant une coquille de couleur rose ou fonc\u00e9e deviennent actifs plus rapidement que les individus dont la coquille est jaune ou claire.<\/p>\n<p>Par ailleurs, une temp\u00e9rature \u00e9lev\u00e9e peut conduire \u00e0 la mort de l&rsquo;individu, lorsqu&rsquo;elle d\u00e9passe une valeur qualifi\u00e9e de l\u00e9tale.<br \/>\nDans les milieux ouverts, \u00e0 l&rsquo;occasion de journ\u00e9es o\u00f9 l&rsquo;ensoleillement est tel qu&rsquo;il g\u00e9n\u00e8re des temp\u00e9ratures proches des valeurs l\u00e9tales, il appara\u00eet que parmi les individus morts suite \u00e0 un choc thermique, les fr\u00e9quences des coquilles roses et des coquilles sombres est plus \u00e9lev\u00e9e que celles des jaunes et claires.<\/p>\n<p>Les temp\u00e9ratures optimales ont pu \u00eatre d\u00e9termin\u00e9es en laboratoire pour les diff\u00e9rentes formes d&rsquo;Escargots des haies. Les individus \u00e0 coquille rose ont un optimum de 14\u00b0C alors que celui des individus \u00e0 coquille jaune est de 20\u00b0C. De la m\u00eame mani\u00e8re, les individus dont la coquille porte des bandes ont un optimum thermique de 17\u00b0C alors que ceux dont la coquille n&rsquo;en est pas orn\u00e9e ont un optimum de 20\u00b0C.<\/p>\n<p>Les conditions climatiques semblent donc \u00eatre des facteurs essentiels pour la d\u00e9termination des fr\u00e9quences all\u00e9liques au sein des populations d&rsquo;Escargots des haies ; ils sont \u00e0 l&rsquo;origine d&rsquo;une s\u00e9lection climatique.<br \/>\n&nbsp;<\/p>\n<h3>De multiples facteurs de variation<\/h3>\n<p>&nbsp;<br \/>\nLa s\u00e9lection visuelle et la s\u00e9lection climatique expliquent les diff\u00e9rences observ\u00e9es entre les populations d&rsquo;Escargots des haies occupant des milieux distincts. Ces deux processus tendent \u00e0 uniformiser les caract\u00e8res au sein d&rsquo;une population.<br \/>\nToutefois les populations d&rsquo;Escargots des haies sont le plus souvent polymorphes.<br \/>\nD&rsquo;autres facteurs interviennent vraisemblablement.<br \/>\n&nbsp;<br \/>\nLes ph\u00e9notypes rares peuvent b\u00e9n\u00e9ficier d&rsquo;un avantage vis \u00e0 vis de la pr\u00e9dation.<br \/>\nLe pr\u00e9dateur chassant \u00e0 vue r\u00e9alise g\u00e9n\u00e9ralement un rep\u00e9rage initial \u00e0 partir duquel il compose une image de ses proies potentielles.<br \/>\nPeu fr\u00e9quentes voire absentes au moment de l&rsquo;\u00e9chantillonnage, les formes rares ne sont pas identifi\u00e9es comme proies et peuvent ainsi \u00e9chapper \u00e0 la pr\u00e9dation.<br \/>\nLe maintien des all\u00e8les rares peut \u00eatre expliqu\u00e9 de cette mani\u00e8re, de m\u00eame que l&rsquo;augmentation de leur fr\u00e9quence.<br \/>\n&nbsp;<br \/>\nDes populations d&rsquo;Escargots des haies distinctes, pr\u00e9sentant des fr\u00e9quences all\u00e9liques sp\u00e9cifiques, occupent fr\u00e9quemment des habitats voisins.<br \/>\nDes accouplements peuvent intervenir entre des individus appartenant \u00e0 ces populations, en p\u00e9riph\u00e9rie de leurs zones d&rsquo;\u00e9volution respectives.<br \/>\nSources d&rsquo;\u00e9changes g\u00e9n\u00e9tiques, ces accouplements contribuent au maintien du polymorphisme au sein des  populations.<br \/>\nDe m\u00eame, des migrations peuvent se produire d&rsquo;une population \u00e0 l&rsquo;autre.<br \/>\n&nbsp;<br \/>\nEn outre, l&rsquo;Escargot des haies est une esp\u00e8ce opportuniste, capable de coloniser rapidement de nouveaux habitats disponibles. Elle occupe fr\u00e9quemment des milieux perturb\u00e9s, dans lesquels extinctions et re-colonisations se succ\u00e8dent.<br \/>\nLa colonisation d&rsquo;un nouveau milieu est g\u00e9n\u00e9ralement le fait d&rsquo;un nombre restreint d&rsquo;individus issus d&rsquo;une population-m\u00e8re. Le polymorphisme au sein de la nouvelle population d\u00e9pend des caract\u00e9ristiques g\u00e9n\u00e9tiques des individus fondateurs.<br \/>\nEn relation avec le petit nombre de ces individus, la structure g\u00e9n\u00e9tique de la population-fille n&rsquo;est pas forc\u00e9ment identique \u00e0 celle de la population-m\u00e8re.<br \/>\nLe polymorphisme de l&rsquo;Escargot des haies peut ainsi \u00eatre d\u00fb \u00e0 la fondation des populations, de m\u00eame que les diff\u00e9rences de fr\u00e9quences g\u00e9n\u00e9tiques observ\u00e9es d&rsquo;une population \u00e0 l&rsquo;autre.<br \/>\n&nbsp;<br \/>\nFinalement, le polymorphisme des coquilles chez l&rsquo;Escargot des haies r\u00e9sulte vraisemblablement de l&rsquo;action combin\u00e9e de divers facteurs, dont quelques uns seulement ont \u00e9t\u00e9 \u00e9voqu\u00e9s ci-dessus.<br \/>\n&nbsp;<\/p>\n<p>Pour en savoir plus consultez l&rsquo;article<br \/>\nJones J.S., Leith B.H. and Rawlings P., 1977 &#8211; Polymorphism in Cepaea, a problem with too many solutions ? Annual revue of ecology and systematics, n\u00b08 : 109-143.<\/p>\n<p>&nbsp;<br \/>\nPour acc\u00e9der aux images des <a href=\"\/images\/index.php?album=parcs-de-gerland-et-des-berges-du-rhone\/les-escargots-et-autres-mollusques\" target=\"_blank\">Escargots et autres Mollusques des parcs de Gerland et des berges du Rh\u00f4ne<\/a><\/p>\n<p>&nbsp;<\/p>\n","protected":false},"excerpt":{"rendered":"<p>&nbsp; Le polymorphisme des coquilles chez l&rsquo;Escargot des haies &nbsp; Sur un m\u00eame site, il est fr\u00e9quent d&rsquo;observer des escargots de tailles et de formes semblables, mais diff\u00e9rant par les caract\u00e9ristiques de leurs coquilles. Leurs couleurs de m\u00eame que les bandes qui les ornent peuvent pr\u00e9senter d&rsquo;importantes variations. &nbsp; Des couleurs&#8230; &nbsp; &nbsp; L&rsquo;Escargot des [&hellip;]<\/p>\n","protected":false},"author":2,"featured_media":0,"parent":1757,"menu_order":0,"comment_status":"closed","ping_status":"closed","template":"","meta":{"site-sidebar-layout":"default","site-content-layout":"","ast-site-content-layout":"default","site-content-style":"default","site-sidebar-style":"default","ast-global-header-display":"","ast-banner-title-visibility":"","ast-main-header-display":"","ast-hfb-above-header-display":"","ast-hfb-below-header-display":"","ast-hfb-mobile-header-display":"","site-post-title":"","ast-breadcrumbs-content":"","ast-featured-img":"","footer-sml-layout":"","ast-disable-related-posts":"","theme-transparent-header-meta":"","adv-header-id-meta":"","stick-header-meta":"","header-above-stick-meta":"","header-main-stick-meta":"","header-below-stick-meta":"","astra-migrate-meta-layouts":"default","ast-page-background-enabled":"default","ast-page-background-meta":{"desktop":{"background-color":"var(--ast-global-color-4)","background-image":"","background-repeat":"repeat","background-position":"center center","background-size":"auto","background-attachment":"scroll","background-type":"","background-media":"","overlay-type":"","overlay-color":"","overlay-opacity":"","overlay-gradient":""},"tablet":{"background-color":"","background-image":"","background-repeat":"repeat","background-position":"center center","background-size":"auto","background-attachment":"scroll","background-type":"","background-media":"","overlay-type":"","overlay-color":"","overlay-opacity":"","overlay-gradient":""},"mobile":{"background-color":"","background-image":"","background-repeat":"repeat","background-position":"center center","background-size":"auto","background-attachment":"scroll","background-type":"","background-media":"","overlay-type":"","overlay-color":"","overlay-opacity":"","overlay-gradient":""}},"ast-content-background-meta":{"desktop":{"background-color":"var(--ast-global-color-5)","background-image":"","background-repeat":"repeat","background-position":"center center","background-size":"auto","background-attachment":"scroll","background-type":"","background-media":"","overlay-type":"","overlay-color":"","overlay-opacity":"","overlay-gradient":""},"tablet":{"background-color":"var(--ast-global-color-5)","background-image":"","background-repeat":"repeat","background-position":"center center","background-size":"auto","background-attachment":"scroll","background-type":"","background-media":"","overlay-type":"","overlay-color":"","overlay-opacity":"","overlay-gradient":""},"mobile":{"background-color":"var(--ast-global-color-5)","background-image":"","background-repeat":"repeat","background-position":"center center","background-size":"auto","background-attachment":"scroll","background-type":"","background-media":"","overlay-type":"","overlay-color":"","overlay-opacity":"","overlay-gradient":""}},"footnotes":""},"class_list":["post-1939","page","type-page","status-publish","hentry"],"aioseo_notices":[],"jetpack_sharing_enabled":true,"_links":{"self":[{"href":"https:\/\/codexvirtualis.fr\/codex\/wp-json\/wp\/v2\/pages\/1939","targetHints":{"allow":["GET"]}}],"collection":[{"href":"https:\/\/codexvirtualis.fr\/codex\/wp-json\/wp\/v2\/pages"}],"about":[{"href":"https:\/\/codexvirtualis.fr\/codex\/wp-json\/wp\/v2\/types\/page"}],"author":[{"embeddable":true,"href":"https:\/\/codexvirtualis.fr\/codex\/wp-json\/wp\/v2\/users\/2"}],"replies":[{"embeddable":true,"href":"https:\/\/codexvirtualis.fr\/codex\/wp-json\/wp\/v2\/comments?post=1939"}],"version-history":[{"count":71,"href":"https:\/\/codexvirtualis.fr\/codex\/wp-json\/wp\/v2\/pages\/1939\/revisions"}],"predecessor-version":[{"id":7579,"href":"https:\/\/codexvirtualis.fr\/codex\/wp-json\/wp\/v2\/pages\/1939\/revisions\/7579"}],"up":[{"embeddable":true,"href":"https:\/\/codexvirtualis.fr\/codex\/wp-json\/wp\/v2\/pages\/1757"}],"wp:attachment":[{"href":"https:\/\/codexvirtualis.fr\/codex\/wp-json\/wp\/v2\/media?parent=1939"}],"curies":[{"name":"wp","href":"https:\/\/api.w.org\/{rel}","templated":true}]}}