{"id":1762,"date":"2011-04-29T15:54:31","date_gmt":"2011-04-29T13:54:31","guid":{"rendered":"http:\/\/codexvirtualis.fr\/codex\/?page_id=1762"},"modified":"2022-06-06T16:39:58","modified_gmt":"2022-06-06T14:39:58","slug":"syntheses","status":"publish","type":"page","link":"https:\/\/codexvirtualis.fr\/codex\/cabinet-de-curiosites-virtuel\/syntheses","title":{"rendered":"Synth\u00e8ses"},"content":{"rendered":"\n<div class=\"wp-block-columns is-layout-flex wp-container-core-columns-is-layout-28f84493 wp-block-columns-is-layout-flex\">\n<div class=\"wp-block-column is-layout-flow wp-block-column-is-layout-flow\">\n<p>Cette rubrique du cabinet de curiosit\u00e9s virtuel pr\u00e9sente des documents synth\u00e9tiques concernant l&rsquo;organisation, la reproduction et le d\u00e9veloppement, l&rsquo;adaptation et l&rsquo;\u00e9volution des animaux de la nature ordinaire.<\/p>\n\n\n\n<p>Bas\u00e9es sur les cas ayant fait l&rsquo;objet de pages dans les autres rubriques de ce site, elles seront progressivement mises en ligne.<\/p>\n<\/div>\n<\/div>\n\n\n\n<p><\/p>\n\n\n\n<hr class=\"wp-block-separator has-css-opacity is-style-wide\"\/>\n\n\n\n<p><\/p>\n\n\n\n<div class=\"wp-block-media-text alignwide is-stacked-on-mobile\" style=\"grid-template-columns:30% auto\" id=\"container\"><figure class=\"wp-block-media-text__media\"><a href=\"\/codex\/cabinet-de-curiosites-virtuel\/syntheses\/cycles-de-vie-des-insectes\"><img data-recalc-dims=\"1\" loading=\"lazy\" decoding=\"async\" width=\"300\" height=\"255\" data-attachment-id=\"14517\" data-permalink=\"https:\/\/codexvirtualis.fr\/codex\/cabinet-de-curiosites-virtuel\/syntheses\/cycle_holometabole_300\" data-orig-file=\"https:\/\/i0.wp.com\/codexvirtualis.fr\/codex\/wp-content\/uploads\/cycle_holometabole_300.jpg?fit=300%2C255&amp;ssl=1\" data-orig-size=\"300,255\" data-comments-opened=\"0\" data-image-meta=\"{&quot;aperture&quot;:&quot;0&quot;,&quot;credit&quot;:&quot;&quot;,&quot;camera&quot;:&quot;&quot;,&quot;caption&quot;:&quot;&quot;,&quot;created_timestamp&quot;:&quot;0&quot;,&quot;copyright&quot;:&quot;&quot;,&quot;focal_length&quot;:&quot;0&quot;,&quot;iso&quot;:&quot;0&quot;,&quot;shutter_speed&quot;:&quot;0&quot;,&quot;title&quot;:&quot;&quot;,&quot;orientation&quot;:&quot;0&quot;}\" data-image-title=\"cycle_holometabole_300\" data-image-description=\"\" data-image-caption=\"\" data-medium-file=\"https:\/\/i0.wp.com\/codexvirtualis.fr\/codex\/wp-content\/uploads\/cycle_holometabole_300.jpg?fit=300%2C255&amp;ssl=1\" data-large-file=\"https:\/\/i0.wp.com\/codexvirtualis.fr\/codex\/wp-content\/uploads\/cycle_holometabole_300.jpg?fit=300%2C255&amp;ssl=1\" src=\"https:\/\/i0.wp.com\/codexvirtualis.fr\/codex\/wp-content\/uploads\/cycle_holometabole_300.jpg?resize=300%2C255&#038;ssl=1\" alt=\"\" class=\"wp-image-14517 size-full\"\/><\/a><\/figure><div class=\"wp-block-media-text__content\">\n<h3 class=\"wp-block-heading\">Les cycles de vie des Insectes<\/h3>\n\n\n\n<p><a href=\"\/codex\/cabinet-de-curiosites-virtuel\/syntheses\/cycles-de-vie-des-insectes\">Un bilan sur les cycles de d\u00e9veloppement des Insectes<\/a>, \u00e0 partir des pages \u00ab\u00a0Dans l&rsquo;intimit\u00e9 des&#8230;\u00a0\u00bb<\/p>\n<\/div><\/div>\n\n\n\n<p><\/p>\n\n\n\n<p><\/p>\n\n\n\n<hr class=\"wp-block-separator has-css-opacity is-style-wide\"\/>\n\n\n\n<p><\/p>\n","protected":false},"excerpt":{"rendered":"<p>Cette rubrique du cabinet de curiosit\u00e9s virtuel pr\u00e9sente des documents synth\u00e9tiques concernant l&rsquo;organisation, la reproduction et le d\u00e9veloppement, l&rsquo;adaptation et l&rsquo;\u00e9volution des animaux de la nature ordinaire. Bas\u00e9es sur les cas ayant fait l&rsquo;objet de pages dans les autres rubriques de ce site, elles seront progressivement mises en ligne. Les cycles de vie des Insectes [&hellip;]<\/p>\n","protected":false},"author":2,"featured_media":0,"parent":10,"menu_order":6,"comment_status":"closed","ping_status":"closed","template":"","meta":{"site-sidebar-layout":"default","site-content-layout":"","ast-site-content-layout":"default","site-content-style":"default","site-sidebar-style":"default","ast-global-header-display":"","ast-banner-title-visibility":"","ast-main-header-display":"","ast-hfb-above-header-display":"","ast-hfb-below-header-display":"","ast-hfb-mobile-header-display":"","site-post-title":"","ast-breadcrumbs-content":"","ast-featured-img":"","footer-sml-layout":"","ast-disable-related-posts":"","theme-transparent-header-meta":"","adv-header-id-meta":"","stick-header-meta":"","header-above-stick-meta":"","header-main-stick-meta":"","header-below-stick-meta":"","astra-migrate-meta-layouts":"default","ast-page-background-enabled":"default","ast-page-background-meta":{"desktop":{"background-color":"var(--ast-global-color-4)","background-image":"","background-repeat":"repeat","background-position":"center center","background-size":"auto","background-attachment":"scroll","background-type":"","background-media":"","overlay-type":"","overlay-color":"","overlay-opacity":"","overlay-gradient":""},"tablet":{"background-color":"","background-image":"","background-repeat":"repeat","background-position":"center center","background-size":"auto","background-attachment":"scroll","background-type":"","background-media":"","overlay-type":"","overlay-color":"","overlay-opacity":"","overlay-gradient":""},"mobile":{"background-color":"","background-image":"","background-repeat":"repeat","background-position":"center center","background-size":"auto","background-attachment":"scroll","background-type":"","background-media":"","overlay-type":"","overlay-color":"","overlay-opacity":"","overlay-gradient":""}},"ast-content-background-meta":{"desktop":{"background-color":"var(--ast-global-color-5)","background-image":"","background-repeat":"repeat","background-position":"center center","background-size":"auto","background-attachment":"scroll","background-type":"","background-media":"","overlay-type":"","overlay-color":"","overlay-opacity":"","overlay-gradient":""},"tablet":{"background-color":"var(--ast-global-color-5)","background-image":"","background-repeat":"repeat","background-position":"center center","background-size":"auto","background-attachment":"scroll","background-type":"","background-media":"","overlay-type":"","overlay-color":"","overlay-opacity":"","overlay-gradient":""},"mobile":{"background-color":"var(--ast-global-color-5)","background-image":"","background-repeat":"repeat","background-position":"center center","background-size":"auto","background-attachment":"scroll","background-type":"","background-media":"","overlay-type":"","overlay-color":"","overlay-opacity":"","overlay-gradient":""}},"footnotes":""},"class_list":["post-1762","page","type-page","status-publish","hentry"],"aioseo_notices":[],"jetpack_sharing_enabled":true,"_links":{"self":[{"href":"https:\/\/codexvirtualis.fr\/codex\/wp-json\/wp\/v2\/pages\/1762","targetHints":{"allow":["GET"]}}],"collection":[{"href":"https:\/\/codexvirtualis.fr\/codex\/wp-json\/wp\/v2\/pages"}],"about":[{"href":"https:\/\/codexvirtualis.fr\/codex\/wp-json\/wp\/v2\/types\/page"}],"author":[{"embeddable":true,"href":"https:\/\/codexvirtualis.fr\/codex\/wp-json\/wp\/v2\/users\/2"}],"replies":[{"embeddable":true,"href":"https:\/\/codexvirtualis.fr\/codex\/wp-json\/wp\/v2\/comments?post=1762"}],"version-history":[{"count":12,"href":"https:\/\/codexvirtualis.fr\/codex\/wp-json\/wp\/v2\/pages\/1762\/revisions"}],"predecessor-version":[{"id":14519,"href":"https:\/\/codexvirtualis.fr\/codex\/wp-json\/wp\/v2\/pages\/1762\/revisions\/14519"}],"up":[{"embeddable":true,"href":"https:\/\/codexvirtualis.fr\/codex\/wp-json\/wp\/v2\/pages\/10"}],"wp:attachment":[{"href":"https:\/\/codexvirtualis.fr\/codex\/wp-json\/wp\/v2\/media?parent=1762"}],"curies":[{"name":"wp","href":"https:\/\/api.w.org\/{rel}","templated":true}]}}