{"id":1757,"date":"2011-04-29T15:53:51","date_gmt":"2011-04-29T13:53:51","guid":{"rendered":"http:\/\/codexvirtualis.fr\/codex\/?page_id=1757"},"modified":"2023-12-25T18:00:54","modified_gmt":"2023-12-25T17:00:54","slug":"des-animaux-et-des-milieux","status":"publish","type":"page","link":"https:\/\/codexvirtualis.fr\/codex\/cabinet-de-curiosites-virtuel\/des-animaux-et-des-milieux","title":{"rendered":"Des animaux et des milieux"},"content":{"rendered":"\n<div class=\"wp-block-columns is-layout-flex wp-container-core-columns-is-layout-28f84493 wp-block-columns-is-layout-flex\">\n<div class=\"wp-block-column is-layout-flow wp-block-column-is-layout-flow\">\n<p>Cette rubrique du cabinet de curiosit\u00e9s virtuel s\u2019int\u00e9resse aux relations entre la faune et son milieu, du d\u00e9placement \u00e0 la nutrition, de la r\u00e9partition \u00e0 l\u2019\u00e9volution, dans le cas de la nature ordinaire.<\/p>\n\n\n\n<p>Elle regroupe des descriptions illustr\u00e9es d&rsquo;images et de sch\u00e9mas, comportant des renvois vers le glossaire et les pages traitant de l&rsquo;organisation interne.<\/p>\n\n\n\n<p>Des r\u00e9f\u00e9rences sitographiques et bibliographiques sont propos\u00e9es le cas \u00e9ch\u00e9ant.<\/p>\n\n\n\n<p>Progressivement des documents synth\u00e9tiques seront construits et consultables dans la rubrique Synth\u00e8ses du cabinet de curiosit\u00e9s virtuel.<\/p>\n<\/div>\n<\/div>\n\n\n\n<hr class=\"wp-block-separator has-css-opacity is-style-wide\"\/>\n\n\n\n<p><\/p>\n\n\n\n<div class=\"wp-block-media-text alignwide is-stacked-on-mobile\" style=\"grid-template-columns:30% auto\" id=\"container\"><figure class=\"wp-block-media-text__media\"><a href=\"\/codex\/cabinet-de-curiosites-virtuel\/des-animaux-et-des-milieux\/tous-differents-une-espece\"><img data-recalc-dims=\"1\" loading=\"lazy\" decoding=\"async\" width=\"300\" height=\"225\" data-attachment-id=\"14490\" data-permalink=\"https:\/\/codexvirtualis.fr\/codex\/cabinet-de-curiosites-virtuel\/des-animaux-et-des-milieux\/cepaea_nemoralis81_11rose_bandes_300\" data-orig-file=\"https:\/\/i0.wp.com\/codexvirtualis.fr\/codex\/wp-content\/uploads\/Cepaea_nemoralis81_11rose_bandes_300.jpg?fit=300%2C225&amp;ssl=1\" data-orig-size=\"300,225\" data-comments-opened=\"0\" data-image-meta=\"{&quot;aperture&quot;:&quot;0&quot;,&quot;credit&quot;:&quot;&quot;,&quot;camera&quot;:&quot;&quot;,&quot;caption&quot;:&quot;&quot;,&quot;created_timestamp&quot;:&quot;0&quot;,&quot;copyright&quot;:&quot;&quot;,&quot;focal_length&quot;:&quot;0&quot;,&quot;iso&quot;:&quot;0&quot;,&quot;shutter_speed&quot;:&quot;0&quot;,&quot;title&quot;:&quot;&quot;,&quot;orientation&quot;:&quot;0&quot;}\" data-image-title=\"Cepaea_nemoralis81_11rose_bandes_300\" data-image-description=\"\" data-image-caption=\"\" data-medium-file=\"https:\/\/i0.wp.com\/codexvirtualis.fr\/codex\/wp-content\/uploads\/Cepaea_nemoralis81_11rose_bandes_300.jpg?fit=300%2C225&amp;ssl=1\" data-large-file=\"https:\/\/i0.wp.com\/codexvirtualis.fr\/codex\/wp-content\/uploads\/Cepaea_nemoralis81_11rose_bandes_300.jpg?fit=300%2C225&amp;ssl=1\" src=\"https:\/\/i0.wp.com\/codexvirtualis.fr\/codex\/wp-content\/uploads\/Cepaea_nemoralis81_11rose_bandes_300.jpg?resize=300%2C225&#038;ssl=1\" alt=\"\" class=\"wp-image-14490 size-full\"\/><\/a><\/figure><div class=\"wp-block-media-text__content\">\n<h3 class=\"wp-block-heading\">Tous diff\u00e9rents&#8230; mais une seule esp\u00e8ce<\/h3>\n\n\n\n<p><a href=\"\/codex\/cabinet-de-curiosites-virtuel\/des-animaux-et-des-milieux\/tous-differents-une-espece\">Des variations de la couleur et de l&rsquo;ornementation des coquilles chez l&rsquo;Escargot des haies<\/a><\/p>\n<\/div><\/div>\n\n\n\n<p><\/p>\n\n\n\n<p><\/p>\n\n\n\n<hr class=\"wp-block-separator has-css-opacity is-style-wide\"\/>\n\n\n\n<p><\/p>\n\n\n\n<div class=\"wp-block-media-text alignwide is-stacked-on-mobile\" style=\"grid-template-columns:30% auto\" id=\"container\"><figure class=\"wp-block-media-text__media\"><a href=\"\/codex\/cabinet-de-curiosites-virtuel\/des-animaux-et-des-milieux\/alimentation-sabelle\"><img data-recalc-dims=\"1\" loading=\"lazy\" decoding=\"async\" width=\"300\" height=\"225\" data-attachment-id=\"14491\" data-permalink=\"https:\/\/codexvirtualis.fr\/codex\/cabinet-de-curiosites-virtuel\/des-animaux-et-des-milieux\/sabella03-07_300\" data-orig-file=\"https:\/\/i0.wp.com\/codexvirtualis.fr\/codex\/wp-content\/uploads\/sabella03-07_300.jpg?fit=300%2C225&amp;ssl=1\" data-orig-size=\"300,225\" data-comments-opened=\"0\" data-image-meta=\"{&quot;aperture&quot;:&quot;0&quot;,&quot;credit&quot;:&quot;&quot;,&quot;camera&quot;:&quot;&quot;,&quot;caption&quot;:&quot;&quot;,&quot;created_timestamp&quot;:&quot;0&quot;,&quot;copyright&quot;:&quot;&quot;,&quot;focal_length&quot;:&quot;0&quot;,&quot;iso&quot;:&quot;0&quot;,&quot;shutter_speed&quot;:&quot;0&quot;,&quot;title&quot;:&quot;&quot;,&quot;orientation&quot;:&quot;0&quot;}\" data-image-title=\"sabella03-07_300\" data-image-description=\"\" data-image-caption=\"\" data-medium-file=\"https:\/\/i0.wp.com\/codexvirtualis.fr\/codex\/wp-content\/uploads\/sabella03-07_300.jpg?fit=300%2C225&amp;ssl=1\" data-large-file=\"https:\/\/i0.wp.com\/codexvirtualis.fr\/codex\/wp-content\/uploads\/sabella03-07_300.jpg?fit=300%2C225&amp;ssl=1\" src=\"https:\/\/i0.wp.com\/codexvirtualis.fr\/codex\/wp-content\/uploads\/sabella03-07_300.jpg?resize=300%2C225&#038;ssl=1\" alt=\"\" class=\"wp-image-14491 size-full\"\/><\/a><\/figure><div class=\"wp-block-media-text__content\">\n<h3 class=\"wp-block-heading\">Au menu de la Sabelle&#8230;<\/h3>\n\n\n\n<p><a href=\"\/codex\/cabinet-de-curiosites-virtuel\/des-animaux-et-des-milieux\/alimentation-sabelle\">Des particules alimentaires flottant dans l&rsquo;eau de mer capt\u00e9es par une couronne de tentacules<\/a><\/p>\n<\/div><\/div>\n\n\n\n<p><\/p>\n\n\n\n<p><\/p>\n\n\n\n<hr class=\"wp-block-separator has-css-opacity is-style-wide\"\/>\n\n\n\n<p><\/p>\n\n\n\n<div class=\"wp-block-media-text alignwide is-stacked-on-mobile\" style=\"grid-template-columns:30% auto\" id=\"container\"><figure class=\"wp-block-media-text__media\"><a href=\"\/codex\/cabinet-de-curiosites-virtuel\/des-animaux-et-des-milieux\/alimentation-criquet\"><img data-recalc-dims=\"1\" loading=\"lazy\" decoding=\"async\" width=\"300\" height=\"225\" data-attachment-id=\"14492\" data-permalink=\"https:\/\/codexvirtualis.fr\/codex\/cabinet-de-curiosites-virtuel\/des-animaux-et-des-milieux\/criquet608_10_300\" data-orig-file=\"https:\/\/i0.wp.com\/codexvirtualis.fr\/codex\/wp-content\/uploads\/criquet608_10_300.jpg?fit=300%2C225&amp;ssl=1\" data-orig-size=\"300,225\" data-comments-opened=\"0\" data-image-meta=\"{&quot;aperture&quot;:&quot;0&quot;,&quot;credit&quot;:&quot;&quot;,&quot;camera&quot;:&quot;&quot;,&quot;caption&quot;:&quot;&quot;,&quot;created_timestamp&quot;:&quot;0&quot;,&quot;copyright&quot;:&quot;&quot;,&quot;focal_length&quot;:&quot;0&quot;,&quot;iso&quot;:&quot;0&quot;,&quot;shutter_speed&quot;:&quot;0&quot;,&quot;title&quot;:&quot;&quot;,&quot;orientation&quot;:&quot;0&quot;}\" data-image-title=\"criquet608_10_300\" data-image-description=\"\" data-image-caption=\"\" data-medium-file=\"https:\/\/i0.wp.com\/codexvirtualis.fr\/codex\/wp-content\/uploads\/criquet608_10_300.jpg?fit=300%2C225&amp;ssl=1\" data-large-file=\"https:\/\/i0.wp.com\/codexvirtualis.fr\/codex\/wp-content\/uploads\/criquet608_10_300.jpg?fit=300%2C225&amp;ssl=1\" src=\"https:\/\/i0.wp.com\/codexvirtualis.fr\/codex\/wp-content\/uploads\/criquet608_10_300.jpg?resize=300%2C225&#038;ssl=1\" alt=\"\" class=\"wp-image-14492 size-full\"\/><\/a><\/figure><div class=\"wp-block-media-text__content\">\n<h3 class=\"wp-block-heading\">Au menu du Criquet&#8230;<\/h3>\n\n\n\n<p><a href=\"\/codex\/cabinet-de-curiosites-virtuel\/des-animaux-et-des-milieux\/alimentation-criquet\">Des feuilles de plantes pr\u00e9lev\u00e9es et trait\u00e9es par des pi\u00e8ces buccales<\/a><\/p>\n<\/div><\/div>\n\n\n\n<p><\/p>\n\n\n\n<p><\/p>\n\n\n\n<hr class=\"wp-block-separator has-css-opacity is-style-wide\"\/>\n\n\n\n<p><\/p>\n\n\n\n<div class=\"wp-block-media-text alignwide is-stacked-on-mobile\" style=\"grid-template-columns:30% auto\" id=\"container\"><figure class=\"wp-block-media-text__media\"><a href=\"\/codex\/cabinet-de-curiosites-virtuel\/des-animaux-et-des-milieux\/faune-sable-echinodermes\"><img data-recalc-dims=\"1\" loading=\"lazy\" decoding=\"async\" width=\"300\" height=\"225\" data-attachment-id=\"14493\" data-permalink=\"https:\/\/codexvirtualis.fr\/codex\/cabinet-de-curiosites-virtuel\/des-animaux-et-des-milieux\/oursin_sable_imgp7679_300\" data-orig-file=\"https:\/\/i0.wp.com\/codexvirtualis.fr\/codex\/wp-content\/uploads\/oursin_sable_IMGP7679_300.jpg?fit=300%2C225&amp;ssl=1\" data-orig-size=\"300,225\" data-comments-opened=\"0\" data-image-meta=\"{&quot;aperture&quot;:&quot;0&quot;,&quot;credit&quot;:&quot;&quot;,&quot;camera&quot;:&quot;&quot;,&quot;caption&quot;:&quot;&quot;,&quot;created_timestamp&quot;:&quot;0&quot;,&quot;copyright&quot;:&quot;&quot;,&quot;focal_length&quot;:&quot;0&quot;,&quot;iso&quot;:&quot;0&quot;,&quot;shutter_speed&quot;:&quot;0&quot;,&quot;title&quot;:&quot;&quot;,&quot;orientation&quot;:&quot;0&quot;}\" data-image-title=\"oursin_sable_IMGP7679_300\" data-image-description=\"\" data-image-caption=\"\" data-medium-file=\"https:\/\/i0.wp.com\/codexvirtualis.fr\/codex\/wp-content\/uploads\/oursin_sable_IMGP7679_300.jpg?fit=300%2C225&amp;ssl=1\" data-large-file=\"https:\/\/i0.wp.com\/codexvirtualis.fr\/codex\/wp-content\/uploads\/oursin_sable_IMGP7679_300.jpg?fit=300%2C225&amp;ssl=1\" src=\"https:\/\/i0.wp.com\/codexvirtualis.fr\/codex\/wp-content\/uploads\/oursin_sable_IMGP7679_300.jpg?resize=300%2C225&#038;ssl=1\" alt=\"\" class=\"wp-image-14493 size-full\"\/><\/a><\/figure><div class=\"wp-block-media-text__content\">\n<h3 class=\"wp-block-heading\">Sous le sable de la plage&#8230;<\/h3>\n\n\n\n<p><a href=\"\/codex\/cabinet-de-curiosites-virtuel\/des-animaux-et-des-milieux\/faune-sable-echinodermes\">Des \u00c9chinodermes (Oursins, \u00c9toiles de mer, Concombres de mer et Ophiures) vivent enfouis<\/a><\/p>\n<\/div><\/div>\n\n\n\n<p><\/p>\n\n\n\n<p><\/p>\n\n\n\n<hr class=\"wp-block-separator has-css-opacity is-style-wide\"\/>\n\n\n\n<p><\/p>\n\n\n\n<div class=\"wp-block-media-text alignwide is-stacked-on-mobile\" style=\"grid-template-columns:30% auto\" id=\"container\"><figure class=\"wp-block-media-text__media\"><a href=\"\/codex\/cabinet-de-curiosites-virtuel\/des-animaux-et-des-milieux\/la-coquille-dhuitre-et-ses-hotes\"><img data-recalc-dims=\"1\" loading=\"lazy\" decoding=\"async\" width=\"300\" height=\"223\" data-attachment-id=\"14847\" data-permalink=\"https:\/\/codexvirtualis.fr\/codex\/cabinet-de-curiosites-virtuel\/des-animaux-et-des-milieux\/coquille_huitre_serpule_1890-300\" data-orig-file=\"https:\/\/i0.wp.com\/codexvirtualis.fr\/codex\/wp-content\/uploads\/coquille_huitre_serpule_1890-300.jpg?fit=300%2C223&amp;ssl=1\" data-orig-size=\"300,223\" data-comments-opened=\"0\" data-image-meta=\"{&quot;aperture&quot;:&quot;0&quot;,&quot;credit&quot;:&quot;&quot;,&quot;camera&quot;:&quot;&quot;,&quot;caption&quot;:&quot;&quot;,&quot;created_timestamp&quot;:&quot;0&quot;,&quot;copyright&quot;:&quot;&quot;,&quot;focal_length&quot;:&quot;0&quot;,&quot;iso&quot;:&quot;0&quot;,&quot;shutter_speed&quot;:&quot;0&quot;,&quot;title&quot;:&quot;&quot;,&quot;orientation&quot;:&quot;0&quot;}\" data-image-title=\"Surface de coquille d&amp;rsquo;Hu\u00eetre (Saint-\u00c9tienne, 2020)\" data-image-description=\"\" data-image-caption=\"\" data-medium-file=\"https:\/\/i0.wp.com\/codexvirtualis.fr\/codex\/wp-content\/uploads\/coquille_huitre_serpule_1890-300.jpg?fit=300%2C223&amp;ssl=1\" data-large-file=\"https:\/\/i0.wp.com\/codexvirtualis.fr\/codex\/wp-content\/uploads\/coquille_huitre_serpule_1890-300.jpg?fit=300%2C223&amp;ssl=1\" src=\"https:\/\/i0.wp.com\/codexvirtualis.fr\/codex\/wp-content\/uploads\/coquille_huitre_serpule_1890-300.jpg?resize=300%2C223&#038;ssl=1\" alt=\"Serpule sur coquille d'Hu\u00eetre\" class=\"wp-image-14847 size-full\"\/><\/a><\/figure><div class=\"wp-block-media-text__content\">\n<h3 class=\"wp-block-heading\">Le monde de la coquille d&rsquo;Hu\u00eetre<\/h3>\n\n\n\n<p><a href=\"http:\/\/codexvirtualis.fr\/codex\/cabinet-de-curiosites-virtuel\/des-animaux-et-des-milieux\/la-coquille-dhuitre-et-ses-hotes\" title=\"Des Balanes, des Ann\u00e9lides, des Ascidies et des Hu\u00eetres, en surface et dans des galeries !\">Des Balanes, des Ann\u00e9lides, des Ascidies et des Hu\u00eetres, en surface et dans des galeries !<\/a><\/p>\n<\/div><\/div>\n\n\n\n<p><\/p>\n\n\n\n<p><\/p>\n\n\n\n<hr class=\"wp-block-separator has-css-opacity is-style-wide\"\/>\n\n\n\n<div class=\"wp-block-media-text alignwide is-stacked-on-mobile\" style=\"grid-template-columns:30% auto\" id=\"container\"><figure class=\"wp-block-media-text__media\"><a href=\"\/codex\/cabinet-de-curiosites-virtuel\/des-animaux-et-des-milieux\/cloture-attractive\"><img data-recalc-dims=\"1\" loading=\"lazy\" decoding=\"async\" width=\"300\" height=\"225\" data-attachment-id=\"14494\" data-permalink=\"https:\/\/codexvirtualis.fr\/codex\/cabinet-de-curiosites-virtuel\/des-animaux-et-des-milieux\/cloture_imgp6493_300\" data-orig-file=\"https:\/\/i0.wp.com\/codexvirtualis.fr\/codex\/wp-content\/uploads\/cloture_IMGP6493_300.jpg?fit=300%2C225&amp;ssl=1\" data-orig-size=\"300,225\" data-comments-opened=\"0\" data-image-meta=\"{&quot;aperture&quot;:&quot;0&quot;,&quot;credit&quot;:&quot;&quot;,&quot;camera&quot;:&quot;&quot;,&quot;caption&quot;:&quot;&quot;,&quot;created_timestamp&quot;:&quot;0&quot;,&quot;copyright&quot;:&quot;&quot;,&quot;focal_length&quot;:&quot;0&quot;,&quot;iso&quot;:&quot;0&quot;,&quot;shutter_speed&quot;:&quot;0&quot;,&quot;title&quot;:&quot;&quot;,&quot;orientation&quot;:&quot;0&quot;}\" data-image-title=\"cloture_IMGP6493_300\" data-image-description=\"\" data-image-caption=\"\" data-medium-file=\"https:\/\/i0.wp.com\/codexvirtualis.fr\/codex\/wp-content\/uploads\/cloture_IMGP6493_300.jpg?fit=300%2C225&amp;ssl=1\" data-large-file=\"https:\/\/i0.wp.com\/codexvirtualis.fr\/codex\/wp-content\/uploads\/cloture_IMGP6493_300.jpg?fit=300%2C225&amp;ssl=1\" src=\"https:\/\/i0.wp.com\/codexvirtualis.fr\/codex\/wp-content\/uploads\/cloture_IMGP6493_300.jpg?resize=300%2C225&#038;ssl=1\" alt=\"\" class=\"wp-image-14494 size-full\"\/><\/a><\/figure><div class=\"wp-block-media-text__content\">\n<h3 class=\"wp-block-heading\">Une cl\u00f4ture attractive<\/h3>\n\n\n\n<p><a href=\"\/codex\/cabinet-de-curiosites-virtuel\/des-animaux-et-des-milieux\/cloture-attractive\">Des Insectes et des Araign\u00e9es attir\u00e9s par une cl\u00f4ture de chantier<\/a><\/p>\n<\/div><\/div>\n\n\n\n<p><\/p>\n\n\n\n<p><\/p>\n\n\n\n<hr class=\"wp-block-separator has-css-opacity is-style-wide\"\/>\n\n\n\n<p><\/p>\n","protected":false},"excerpt":{"rendered":"<p>Cette rubrique du cabinet de curiosit\u00e9s virtuel s\u2019int\u00e9resse aux relations entre la faune et son milieu, du d\u00e9placement \u00e0 la nutrition, de la r\u00e9partition \u00e0 l\u2019\u00e9volution, dans le cas de la nature ordinaire. Elle regroupe des descriptions illustr\u00e9es d&rsquo;images et de sch\u00e9mas, comportant des renvois vers le glossaire et les pages traitant de l&rsquo;organisation interne. [&hellip;]<\/p>\n","protected":false},"author":2,"featured_media":0,"parent":10,"menu_order":3,"comment_status":"closed","ping_status":"closed","template":"","meta":{"site-sidebar-layout":"default","site-content-layout":"","ast-site-content-layout":"default","site-content-style":"default","site-sidebar-style":"default","ast-global-header-display":"","ast-banner-title-visibility":"","ast-main-header-display":"","ast-hfb-above-header-display":"","ast-hfb-below-header-display":"","ast-hfb-mobile-header-display":"","site-post-title":"","ast-breadcrumbs-content":"","ast-featured-img":"","footer-sml-layout":"","ast-disable-related-posts":"","theme-transparent-header-meta":"","adv-header-id-meta":"","stick-header-meta":"","header-above-stick-meta":"","header-main-stick-meta":"","header-below-stick-meta":"","astra-migrate-meta-layouts":"set","ast-page-background-enabled":"default","ast-page-background-meta":{"desktop":{"background-color":"var(--ast-global-color-4)","background-image":"","background-repeat":"repeat","background-position":"center center","background-size":"auto","background-attachment":"scroll","background-type":"","background-media":"","overlay-type":"","overlay-color":"","overlay-opacity":"","overlay-gradient":""},"tablet":{"background-color":"","background-image":"","background-repeat":"repeat","background-position":"center center","background-size":"auto","background-attachment":"scroll","background-type":"","background-media":"","overlay-type":"","overlay-color":"","overlay-opacity":"","overlay-gradient":""},"mobile":{"background-color":"","background-image":"","background-repeat":"repeat","background-position":"center center","background-size":"auto","background-attachment":"scroll","background-type":"","background-media":"","overlay-type":"","overlay-color":"","overlay-opacity":"","overlay-gradient":""}},"ast-content-background-meta":{"desktop":{"background-color":"var(--ast-global-color-5)","background-image":"","background-repeat":"repeat","background-position":"center center","background-size":"auto","background-attachment":"scroll","background-type":"","background-media":"","overlay-type":"","overlay-color":"","overlay-opacity":"","overlay-gradient":""},"tablet":{"background-color":"var(--ast-global-color-5)","background-image":"","background-repeat":"repeat","background-position":"center center","background-size":"auto","background-attachment":"scroll","background-type":"","background-media":"","overlay-type":"","overlay-color":"","overlay-opacity":"","overlay-gradient":""},"mobile":{"background-color":"var(--ast-global-color-5)","background-image":"","background-repeat":"repeat","background-position":"center center","background-size":"auto","background-attachment":"scroll","background-type":"","background-media":"","overlay-type":"","overlay-color":"","overlay-opacity":"","overlay-gradient":""}},"footnotes":""},"class_list":["post-1757","page","type-page","status-publish","hentry"],"aioseo_notices":[],"jetpack_sharing_enabled":true,"_links":{"self":[{"href":"https:\/\/codexvirtualis.fr\/codex\/wp-json\/wp\/v2\/pages\/1757","targetHints":{"allow":["GET"]}}],"collection":[{"href":"https:\/\/codexvirtualis.fr\/codex\/wp-json\/wp\/v2\/pages"}],"about":[{"href":"https:\/\/codexvirtualis.fr\/codex\/wp-json\/wp\/v2\/types\/page"}],"author":[{"embeddable":true,"href":"https:\/\/codexvirtualis.fr\/codex\/wp-json\/wp\/v2\/users\/2"}],"replies":[{"embeddable":true,"href":"https:\/\/codexvirtualis.fr\/codex\/wp-json\/wp\/v2\/comments?post=1757"}],"version-history":[{"count":20,"href":"https:\/\/codexvirtualis.fr\/codex\/wp-json\/wp\/v2\/pages\/1757\/revisions"}],"predecessor-version":[{"id":14852,"href":"https:\/\/codexvirtualis.fr\/codex\/wp-json\/wp\/v2\/pages\/1757\/revisions\/14852"}],"up":[{"embeddable":true,"href":"https:\/\/codexvirtualis.fr\/codex\/wp-json\/wp\/v2\/pages\/10"}],"wp:attachment":[{"href":"https:\/\/codexvirtualis.fr\/codex\/wp-json\/wp\/v2\/media?parent=1757"}],"curies":[{"name":"wp","href":"https:\/\/api.w.org\/{rel}","templated":true}]}}