{"id":1740,"date":"2011-04-29T15:53:14","date_gmt":"2011-04-29T13:53:14","guid":{"rendered":"http:\/\/codexvirtualis.fr\/codex\/?page_id=1740"},"modified":"2022-06-06T16:06:19","modified_gmt":"2022-06-06T14:06:19","slug":"des-animaux-meconnus","status":"publish","type":"page","link":"https:\/\/codexvirtualis.fr\/codex\/cabinet-de-curiosites-virtuel\/des-animaux-meconnus","title":{"rendered":"Des animaux m\u00e9connus"},"content":{"rendered":"\n<p>Cette rubrique du cabinet de curiosit\u00e9s virtuel est d\u00e9di\u00e9e \u00e0 la pr\u00e9sentation d\u2019animaux de la nature ordinaire, souvent crois\u00e9s, rarement observ\u00e9s avec attention.<\/p>\n\n\n\n<p>Elle regroupe des descriptions illustr\u00e9es d&rsquo;images et de sch\u00e9mas, comportant des renvois vers le glossaire et les pages traitant de l&rsquo;organisation interne.<\/p>\n\n\n\n<p>Des r\u00e9f\u00e9rences sitographiques et bibliographiques sont propos\u00e9es le cas \u00e9ch\u00e9ant.<\/p>\n\n\n\n<p>Progressivement des documents synth\u00e9tiques seront construits et consultables dans la rubrique Synth\u00e8ses du cabinet de curiosit\u00e9s virtuel.<\/p>\n\n\n\n<p><\/p>\n\n\n\n<hr class=\"wp-block-separator has-css-opacity is-style-wide\"\/>\n\n\n\n<p><\/p>\n\n\n\n<div class=\"wp-block-media-text alignwide is-stacked-on-mobile\" style=\"grid-template-columns:30% auto\" id=\"container\"><figure class=\"wp-block-media-text__media\"><a href=\"\/codex\/cabinet-de-curiosites-virtuel\/des-animaux-meconnus\/les-balanes\"><img data-recalc-dims=\"1\" loading=\"lazy\" decoding=\"async\" width=\"300\" height=\"223\" data-attachment-id=\"14461\" data-permalink=\"https:\/\/codexvirtualis.fr\/codex\/cabinet-de-curiosites-virtuel\/des-animaux-meconnus\/balane_surface_moule_image_1758-300\" data-orig-file=\"https:\/\/i0.wp.com\/codexvirtualis.fr\/codex\/wp-content\/uploads\/balane_surface_moule_Image_1758-300.jpg?fit=300%2C223&amp;ssl=1\" data-orig-size=\"300,223\" data-comments-opened=\"0\" data-image-meta=\"{&quot;aperture&quot;:&quot;0&quot;,&quot;credit&quot;:&quot;&quot;,&quot;camera&quot;:&quot;&quot;,&quot;caption&quot;:&quot;&quot;,&quot;created_timestamp&quot;:&quot;0&quot;,&quot;copyright&quot;:&quot;&quot;,&quot;focal_length&quot;:&quot;0&quot;,&quot;iso&quot;:&quot;0&quot;,&quot;shutter_speed&quot;:&quot;0&quot;,&quot;title&quot;:&quot;&quot;,&quot;orientation&quot;:&quot;0&quot;}\" data-image-title=\"balane_surface_moule_Image_1758-300\" data-image-description=\"\" data-image-caption=\"\" data-medium-file=\"https:\/\/i0.wp.com\/codexvirtualis.fr\/codex\/wp-content\/uploads\/balane_surface_moule_Image_1758-300.jpg?fit=300%2C223&amp;ssl=1\" data-large-file=\"https:\/\/i0.wp.com\/codexvirtualis.fr\/codex\/wp-content\/uploads\/balane_surface_moule_Image_1758-300.jpg?fit=300%2C223&amp;ssl=1\" src=\"https:\/\/i0.wp.com\/codexvirtualis.fr\/codex\/wp-content\/uploads\/balane_surface_moule_Image_1758-300.jpg?resize=300%2C223&#038;ssl=1\" alt=\"\" class=\"wp-image-14461 size-full\"\/><\/a><\/figure><div class=\"wp-block-media-text__content\">\n<h3 class=\"wp-block-heading\">Les Balanes, de surprenants h\u00f4tes du bord de mer<\/h3>\n\n\n\n<p><a href=\"\/codex\/cabinet-de-curiosites-virtuel\/des-animaux-meconnus\/les-balanes\">Une monographie en images des Balanes<\/a><\/p>\n<\/div><\/div>\n\n\n\n<p><\/p>\n\n\n\n<hr class=\"wp-block-separator has-css-opacity is-style-wide\"\/>\n\n\n\n<p><\/p>\n\n\n\n<div class=\"wp-block-media-text alignwide is-stacked-on-mobile\" style=\"grid-template-columns:30% auto\" id=\"container\"><figure class=\"wp-block-media-text__media\"><a href=\"\/codex\/cabinet-de-curiosites-virtuel\/des-animaux-meconnus\/un-insecte-remarquable\"><img data-recalc-dims=\"1\" loading=\"lazy\" decoding=\"async\" width=\"300\" height=\"225\" data-attachment-id=\"14460\" data-permalink=\"https:\/\/codexvirtualis.fr\/codex\/cabinet-de-curiosites-virtuel\/des-animaux-meconnus\/aromia_moschata01_10-webbis-300\" data-orig-file=\"https:\/\/i0.wp.com\/codexvirtualis.fr\/codex\/wp-content\/uploads\/Aromia_moschata01_10-WEBbis-300.jpg?fit=300%2C225&amp;ssl=1\" data-orig-size=\"300,225\" data-comments-opened=\"0\" data-image-meta=\"{&quot;aperture&quot;:&quot;0&quot;,&quot;credit&quot;:&quot;&quot;,&quot;camera&quot;:&quot;&quot;,&quot;caption&quot;:&quot;&quot;,&quot;created_timestamp&quot;:&quot;0&quot;,&quot;copyright&quot;:&quot;&quot;,&quot;focal_length&quot;:&quot;0&quot;,&quot;iso&quot;:&quot;0&quot;,&quot;shutter_speed&quot;:&quot;0&quot;,&quot;title&quot;:&quot;&quot;,&quot;orientation&quot;:&quot;0&quot;}\" data-image-title=\"Aromia_moschata01_10-WEBbis-300\" data-image-description=\"\" data-image-caption=\"\" data-medium-file=\"https:\/\/i0.wp.com\/codexvirtualis.fr\/codex\/wp-content\/uploads\/Aromia_moschata01_10-WEBbis-300.jpg?fit=300%2C225&amp;ssl=1\" data-large-file=\"https:\/\/i0.wp.com\/codexvirtualis.fr\/codex\/wp-content\/uploads\/Aromia_moschata01_10-WEBbis-300.jpg?fit=300%2C225&amp;ssl=1\" src=\"https:\/\/i0.wp.com\/codexvirtualis.fr\/codex\/wp-content\/uploads\/Aromia_moschata01_10-WEBbis-300.jpg?resize=300%2C225&#038;ssl=1\" alt=\"\" class=\"wp-image-14460 size-full\"\/><\/a><\/figure><div class=\"wp-block-media-text__content\">\n<h3 class=\"wp-block-heading\">Le Capricorne musqu\u00e9, un Insecte remarquable<\/h3>\n\n\n\n<p><a href=\"\/codex\/cabinet-de-curiosites-virtuel\/des-animaux-meconnus\/un-insecte-remarquable\">Une description en images du Capricorne musqu\u00e9<\/a><\/p>\n<\/div><\/div>\n\n\n\n<p><\/p>\n\n\n\n<hr class=\"wp-block-separator has-css-opacity is-style-wide\"\/>\n\n\n\n<p><\/p>\n\n\n\n<div class=\"wp-block-media-text alignwide is-stacked-on-mobile\" style=\"grid-template-columns:30% auto\" id=\"container\"><figure class=\"wp-block-media-text__media\"><a href=\"\/codex\/cabinet-de-curiosites-virtuel\/des-animaux-meconnus\/le-membracide-bison\"><img data-recalc-dims=\"1\" loading=\"lazy\" decoding=\"async\" width=\"300\" height=\"225\" data-attachment-id=\"14462\" data-permalink=\"https:\/\/codexvirtualis.fr\/codex\/cabinet-de-curiosites-virtuel\/des-animaux-meconnus\/membracidebison03_10-webb-300\" data-orig-file=\"https:\/\/i0.wp.com\/codexvirtualis.fr\/codex\/wp-content\/uploads\/membracidebison03_10-WEBb-300.jpg?fit=300%2C225&amp;ssl=1\" data-orig-size=\"300,225\" data-comments-opened=\"0\" data-image-meta=\"{&quot;aperture&quot;:&quot;0&quot;,&quot;credit&quot;:&quot;&quot;,&quot;camera&quot;:&quot;&quot;,&quot;caption&quot;:&quot;&quot;,&quot;created_timestamp&quot;:&quot;0&quot;,&quot;copyright&quot;:&quot;&quot;,&quot;focal_length&quot;:&quot;0&quot;,&quot;iso&quot;:&quot;0&quot;,&quot;shutter_speed&quot;:&quot;0&quot;,&quot;title&quot;:&quot;&quot;,&quot;orientation&quot;:&quot;0&quot;}\" data-image-title=\"membracidebison03_10-WEBb-300\" data-image-description=\"\" data-image-caption=\"\" data-medium-file=\"https:\/\/i0.wp.com\/codexvirtualis.fr\/codex\/wp-content\/uploads\/membracidebison03_10-WEBb-300.jpg?fit=300%2C225&amp;ssl=1\" data-large-file=\"https:\/\/i0.wp.com\/codexvirtualis.fr\/codex\/wp-content\/uploads\/membracidebison03_10-WEBb-300.jpg?fit=300%2C225&amp;ssl=1\" src=\"https:\/\/i0.wp.com\/codexvirtualis.fr\/codex\/wp-content\/uploads\/membracidebison03_10-WEBb-300.jpg?resize=300%2C225&#038;ssl=1\" alt=\"\" class=\"wp-image-14462 size-full\"\/><\/a><\/figure><div class=\"wp-block-media-text__content\">\n<h3 class=\"wp-block-heading\">Le Membracide bison, un Insecte original<\/h3>\n\n\n\n<p><a href=\"\/codex\/cabinet-de-curiosites-virtuel\/des-animaux-meconnus\/le-membracide-bison\">Une description en images du Membracide bison<\/a><\/p>\n<\/div><\/div>\n\n\n\n<p><\/p>\n\n\n\n<hr class=\"wp-block-separator has-css-opacity is-style-wide\"\/>\n\n\n\n<p><\/p>\n\n\n\n<div class=\"wp-block-media-text alignwide is-stacked-on-mobile\" style=\"grid-template-columns:30% auto\" id=\"container\"><figure class=\"wp-block-media-text__media\"><a href=\"\/codex\/cabinet-de-curiosites-virtuel\/des-animaux-meconnus\/le-nymphon-gracile\"><img data-recalc-dims=\"1\" loading=\"lazy\" decoding=\"async\" width=\"300\" height=\"225\" data-attachment-id=\"14463\" data-permalink=\"https:\/\/codexvirtualis.fr\/codex\/cabinet-de-curiosites-virtuel\/des-animaux-meconnus\/nymphon_gracile05-09-web-300\" data-orig-file=\"https:\/\/i0.wp.com\/codexvirtualis.fr\/codex\/wp-content\/uploads\/nymphon_gracile05-09-WEB-300.jpg?fit=300%2C225&amp;ssl=1\" data-orig-size=\"300,225\" data-comments-opened=\"0\" data-image-meta=\"{&quot;aperture&quot;:&quot;0&quot;,&quot;credit&quot;:&quot;&quot;,&quot;camera&quot;:&quot;&quot;,&quot;caption&quot;:&quot;&quot;,&quot;created_timestamp&quot;:&quot;0&quot;,&quot;copyright&quot;:&quot;&quot;,&quot;focal_length&quot;:&quot;0&quot;,&quot;iso&quot;:&quot;0&quot;,&quot;shutter_speed&quot;:&quot;0&quot;,&quot;title&quot;:&quot;&quot;,&quot;orientation&quot;:&quot;0&quot;}\" data-image-title=\"nymphon_gracile05-09-WEB-300\" data-image-description=\"\" data-image-caption=\"\" data-medium-file=\"https:\/\/i0.wp.com\/codexvirtualis.fr\/codex\/wp-content\/uploads\/nymphon_gracile05-09-WEB-300.jpg?fit=300%2C225&amp;ssl=1\" data-large-file=\"https:\/\/i0.wp.com\/codexvirtualis.fr\/codex\/wp-content\/uploads\/nymphon_gracile05-09-WEB-300.jpg?fit=300%2C225&amp;ssl=1\" src=\"https:\/\/i0.wp.com\/codexvirtualis.fr\/codex\/wp-content\/uploads\/nymphon_gracile05-09-WEB-300.jpg?resize=300%2C225&#038;ssl=1\" alt=\"\" class=\"wp-image-14463 size-full\"\/><\/a><\/figure><div class=\"wp-block-media-text__content\">\n<h3 class=\"wp-block-heading\">Le Nymphon gracile, un curieux animal<\/h3>\n\n\n\n<p><a href=\"\/codex\/cabinet-de-curiosites-virtuel\/des-animaux-meconnus\/le-nymphon-gracile\">Une monographie en images du Nymphon gracile<\/a><\/p>\n<\/div><\/div>\n\n\n\n<p><\/p>\n\n\n\n<hr class=\"wp-block-separator has-css-opacity is-style-wide\"\/>\n","protected":false},"excerpt":{"rendered":"<p>Cette rubrique du cabinet de curiosit\u00e9s virtuel est d\u00e9di\u00e9e \u00e0 la pr\u00e9sentation d\u2019animaux de la nature ordinaire, souvent crois\u00e9s, rarement observ\u00e9s avec attention. Elle regroupe des descriptions illustr\u00e9es d&rsquo;images et de sch\u00e9mas, comportant des renvois vers le glossaire et les pages traitant de l&rsquo;organisation interne. Des r\u00e9f\u00e9rences sitographiques et bibliographiques sont propos\u00e9es le cas \u00e9ch\u00e9ant. [&hellip;]<\/p>\n","protected":false},"author":2,"featured_media":0,"parent":10,"menu_order":1,"comment_status":"closed","ping_status":"closed","template":"","meta":{"site-sidebar-layout":"default","site-content-layout":"","ast-site-content-layout":"default","site-content-style":"default","site-sidebar-style":"default","ast-global-header-display":"","ast-banner-title-visibility":"","ast-main-header-display":"","ast-hfb-above-header-display":"","ast-hfb-below-header-display":"","ast-hfb-mobile-header-display":"","site-post-title":"","ast-breadcrumbs-content":"","ast-featured-img":"","footer-sml-layout":"","ast-disable-related-posts":"","theme-transparent-header-meta":"","adv-header-id-meta":"","stick-header-meta":"","header-above-stick-meta":"","header-main-stick-meta":"","header-below-stick-meta":"","astra-migrate-meta-layouts":"default","ast-page-background-enabled":"default","ast-page-background-meta":{"desktop":{"background-color":"var(--ast-global-color-4)","background-image":"","background-repeat":"repeat","background-position":"center center","background-size":"auto","background-attachment":"scroll","background-type":"","background-media":"","overlay-type":"","overlay-color":"","overlay-opacity":"","overlay-gradient":""},"tablet":{"background-color":"","background-image":"","background-repeat":"repeat","background-position":"center center","background-size":"auto","background-attachment":"scroll","background-type":"","background-media":"","overlay-type":"","overlay-color":"","overlay-opacity":"","overlay-gradient":""},"mobile":{"background-color":"","background-image":"","background-repeat":"repeat","background-position":"center center","background-size":"auto","background-attachment":"scroll","background-type":"","background-media":"","overlay-type":"","overlay-color":"","overlay-opacity":"","overlay-gradient":""}},"ast-content-background-meta":{"desktop":{"background-color":"var(--ast-global-color-5)","background-image":"","background-repeat":"repeat","background-position":"center center","background-size":"auto","background-attachment":"scroll","background-type":"","background-media":"","overlay-type":"","overlay-color":"","overlay-opacity":"","overlay-gradient":""},"tablet":{"background-color":"var(--ast-global-color-5)","background-image":"","background-repeat":"repeat","background-position":"center center","background-size":"auto","background-attachment":"scroll","background-type":"","background-media":"","overlay-type":"","overlay-color":"","overlay-opacity":"","overlay-gradient":""},"mobile":{"background-color":"var(--ast-global-color-5)","background-image":"","background-repeat":"repeat","background-position":"center center","background-size":"auto","background-attachment":"scroll","background-type":"","background-media":"","overlay-type":"","overlay-color":"","overlay-opacity":"","overlay-gradient":""}},"footnotes":""},"class_list":["post-1740","page","type-page","status-publish","hentry"],"aioseo_notices":[],"jetpack_sharing_enabled":true,"_links":{"self":[{"href":"https:\/\/codexvirtualis.fr\/codex\/wp-json\/wp\/v2\/pages\/1740","targetHints":{"allow":["GET"]}}],"collection":[{"href":"https:\/\/codexvirtualis.fr\/codex\/wp-json\/wp\/v2\/pages"}],"about":[{"href":"https:\/\/codexvirtualis.fr\/codex\/wp-json\/wp\/v2\/types\/page"}],"author":[{"embeddable":true,"href":"https:\/\/codexvirtualis.fr\/codex\/wp-json\/wp\/v2\/users\/2"}],"replies":[{"embeddable":true,"href":"https:\/\/codexvirtualis.fr\/codex\/wp-json\/wp\/v2\/comments?post=1740"}],"version-history":[{"count":21,"href":"https:\/\/codexvirtualis.fr\/codex\/wp-json\/wp\/v2\/pages\/1740\/revisions"}],"predecessor-version":[{"id":14467,"href":"https:\/\/codexvirtualis.fr\/codex\/wp-json\/wp\/v2\/pages\/1740\/revisions\/14467"}],"up":[{"embeddable":true,"href":"https:\/\/codexvirtualis.fr\/codex\/wp-json\/wp\/v2\/pages\/10"}],"wp:attachment":[{"href":"https:\/\/codexvirtualis.fr\/codex\/wp-json\/wp\/v2\/media?parent=1740"}],"curies":[{"name":"wp","href":"https:\/\/api.w.org\/{rel}","templated":true}]}}