{"id":1557,"date":"2011-04-28T11:57:21","date_gmt":"2011-04-28T09:57:21","guid":{"rendered":"http:\/\/codexvirtualis.fr\/codex\/?page_id=1557"},"modified":"2022-06-06T17:06:29","modified_gmt":"2022-06-06T15:06:29","slug":"convention-de-washington","status":"publish","type":"page","link":"https:\/\/codexvirtualis.fr\/codex\/de-la-biodiversite\/de-l-etude-a-la-preservation\/convention-de-washington","title":{"rendered":"Convention de Washington"},"content":{"rendered":"<p>La <a title=\"Site internet de la CITES\" href=\"https:\/\/cites.org\/fra\" target=\"_blank\" rel=\"noopener\">Convention de Washington<\/a> (adresse https:\/\/cites.org\/fra) est un accord entre \u00e9tats portant sur le commerce international des esp\u00e8ces de faune et de flore sauvages menac\u00e9es d&rsquo;extinction.<br \/>\nElle est aussi d\u00e9sign\u00e9e par l&rsquo;acronyme CITES (Convention on international trade in endangered species of wild fauna and flora ou Convention sur le commerce international des esp\u00e8ces de faune et de flore sauvages menac\u00e9es d&rsquo;extinction).<\/p>\n<p>Entr\u00e9e en vigueur en 1975 pour les 80 pays initialement signataires, elle compte aujourd&rsquo;hui 175 parties qui font \u00e9voluer leur l\u00e9gislation afin qu&rsquo;elle soit coh\u00e9rente avec le texte de la convention.<\/p>\n<p>La CITES \u00e9tablit 3 annexes, correspondant \u00e0 des listes d&rsquo;esp\u00e8ces concern\u00e9es par la Convention :<\/p>\n<p style=\"padding-left: 30px;\"><span style=\"color: #999999;\">\u2022 <\/span>l&rsquo;annexe I comprend toutes les esp\u00e8ces menac\u00e9es d&rsquo;extinction, le commerce de leurs sp\u00e9cimens n&rsquo;est autoris\u00e9 que dans des conditions exceptionnelles ;<\/p>\n<p style=\"padding-left: 30px;\"><span style=\"color: #999999;\">\u2022 <\/span>l&rsquo;annexe II comprend toutes les esp\u00e8ces qui ne sont pas n\u00e9cessairement menac\u00e9es d&rsquo;extinction mais dont le commerce des sp\u00e9cimens doit \u00eatre r\u00e9glement\u00e9 pour \u00e9viter une exploitation incompatible avec leur survie ;<\/p>\n<p style=\"padding-left: 30px;\"><span style=\"color: #999999;\">\u2022 <\/span>l&rsquo;annexe III comprend toutes les esp\u00e8ces prot\u00e9g\u00e9es dans un pays qui a demand\u00e9 \u00e0 la CITES son assistance pour en contr\u00f4ler le commerce.<\/p>\n<p>Les proc\u00e9dures de modification de ces annexes sont variables en fonction de la liste consid\u00e9r\u00e9e.<\/p>\n<p>Le commerce international (importation, exportation, r\u00e9-exportation, introduction en provenance de la mer) de sp\u00e9cimens inscrits dans les annexes \u00e9tablies par la CITES est contr\u00f4l\u00e9 par un syst\u00e8me de permis, dont les modalit\u00e9s diff\u00e8rent d&rsquo;une liste \u00e0 l&rsquo;autre.<\/p>\n<p>Des d\u00e9rogations sont pr\u00e9vues dans les cas des :<\/p>\n<p style=\"padding-left: 30px;\"><span style=\"color: #999999;\">\u2022 <\/span>sp\u00e9cimens en transit ;<\/p>\n<p style=\"padding-left: 30px;\"><span style=\"color: #999999;\">\u2022 <\/span>sp\u00e9cimens acquis avant que la convention ne leur soit applicable ;<\/p>\n<p style=\"padding-left: 30px;\"><span style=\"color: #999999;\">\u2022 <\/span>sp\u00e9cimens qui sont des objets personnels ou \u00e0 usage domestique ;<\/p>\n<p style=\"padding-left: 30px;\"><span style=\"color: #999999;\">\u2022 <\/span>animaux \u00e9lev\u00e9s en captivit\u00e9 ;<\/p>\n<p style=\"padding-left: 30px;\"><span style=\"color: #999999;\">\u2022 <\/span>plantes reproduites artificiellement ;<\/p>\n<p style=\"padding-left: 30px;\"><span style=\"color: #999999;\">\u2022 <\/span>sp\u00e9cimens destin\u00e9s \u00e0 la recherche scientifique ;<\/p>\n<p style=\"padding-left: 30px;\"><span style=\"color: #999999;\">\u2022 <\/span>animaux et plantes faisant partie de collections ou d&rsquo;expositions itin\u00e9rantes.<\/p>\n<p style=\"text-align: right;\">Voir la rubrique \u00ab\u00a0D\u00e9couvrez la CITES\u00a0\u00bb, \u00ab\u00a0Comment la CITES fonctionne-t-elle ?\u00a0\u00bb du site internet de la <a title=\"Site internet de la CITES\" href=\"https:\/\/cites.org\/fra\" target=\"_blank\" rel=\"noopener\">CITES<\/a><\/p>\n<p>L&rsquo;ensemble des pays membres de la CITES constitue la Conf\u00e9rence des parties. Elle est r\u00e9guli\u00e8rement r\u00e9unie en sessions, au cours desquelles :<\/p>\n<p style=\"padding-left: 30px;\"><span style=\"color: #999999;\">\u2022 <\/span>elle re\u00e7oit et examine les rapports qui lui sont propos\u00e9s ;<\/p>\n<p style=\"padding-left: 30px;\"><span style=\"color: #999999;\">\u2022 <\/span>elle modifie les annexes I et II ;<\/p>\n<p style=\"padding-left: 30px;\"><span style=\"color: #999999;\">\u2022 <\/span>elle prend les dispositions concernant l&rsquo;application de la Convention ;<\/p>\n<p style=\"padding-left: 30px;\"><span style=\"color: #999999;\">\u2022 <\/span>elle formule des recommandations.<\/p>\n<p>Un secr\u00e9tariat, administr\u00e9 par le Programme des Nations unies pour l&rsquo;environnement, est charg\u00e9 de la mise en \u0153uvre de la convention, avec :<\/p>\n<p style=\"padding-left: 30px;\"><span style=\"color: #999999;\">\u2022 <\/span>la publication des informations ;<\/p>\n<p style=\"padding-left: 30px;\"><span style=\"color: #999999;\">\u2022 <\/span>le suivi de l&rsquo;application de la convention dans les pays membres ;<\/p>\n<p style=\"padding-left: 30px;\"><span style=\"color: #999999;\">\u2022 <\/span>le pilotage d&rsquo;\u00e9tudes scientifiques et techniques ;<\/p>\n<p style=\"padding-left: 30px;\"><span style=\"color: #999999;\">\u2022 <\/span>la r\u00e9daction de rapports ;<\/p>\n<p style=\"padding-left: 30px;\"><span style=\"color: #999999;\">\u2022 <\/span>la formulation de propositions.<\/p>\n<p>Un comit\u00e9 permanent pilote le travail du secr\u00e9tariat, m\u00e8ne \u00e0 bien les t\u00e2ches que lui confie la conf\u00e9rence des parties et pr\u00e9pare les nouvelles r\u00e9solutions. Il coordonne \u00e9galement le travail des autres comit\u00e9s et groupes de travail. Il s&rsquo;agit en particulier :<\/p>\n<p style=\"padding-left: 30px;\"><span style=\"color: #999999;\">\u2022 <\/span>d&rsquo;un comit\u00e9 pour les animaux ;<\/p>\n<p style=\"padding-left: 30px;\"><span style=\"color: #999999;\">\u2022 <\/span>d&rsquo;un comit\u00e9 pour les plantes.<\/p>\n<p>Tous deux ont vocation \u00e0 apporter un soutien scientifique et technique \u00e0 la prise de d\u00e9cisions sur les esp\u00e8ces.<\/p>\n<p style=\"text-align: right;\">Voir la rubrique \u00ab\u00a0D\u00e9couvrez la CITES\u00a0\u00bb, \u00ab\u00a0Structure\u00a0\u00bb du site internet de la <a title=\"Site internet de la CITES\" href=\"https:\/\/cites.org\/fra\" target=\"_blank\" rel=\"noopener\">CITES<\/a><\/p>\n<p>Le site internet de la <a title=\"Site internet de la CITES\" href=\"https:\/\/cites.org\/fra\" target=\"_blank\" rel=\"noopener\">CITES<\/a> donne acc\u00e8s \u00e0 de nombreux documents officiels (texte de la convention, annexes, r\u00e9solutions, d\u00e9cisions etc.) et de multiples ressources (base de donn\u00e9es, fiches d&rsquo;identification, listes d&rsquo;esp\u00e8ces, rapports etc.) dans les rubriques correspondantes.<\/p>\n<p>Acc\u00e9der au site internet international de la <a title=\"Site internet de la CITES\" href=\"https:\/\/cites.org\/fra\">CITES<\/a><\/p>\n","protected":false},"excerpt":{"rendered":"<p>La Convention de Washington (adresse https:\/\/cites.org\/fra) est un accord entre \u00e9tats portant sur le commerce international des esp\u00e8ces de faune et de flore sauvages menac\u00e9es d&rsquo;extinction. Elle est aussi d\u00e9sign\u00e9e par l&rsquo;acronyme CITES (Convention on international trade in endangered species of wild fauna and flora ou Convention sur le commerce international des esp\u00e8ces de faune [&hellip;]<\/p>\n","protected":false},"author":2,"featured_media":0,"parent":315,"menu_order":0,"comment_status":"closed","ping_status":"closed","template":"","meta":{"site-sidebar-layout":"default","site-content-layout":"","ast-site-content-layout":"default","site-content-style":"default","site-sidebar-style":"default","ast-global-header-display":"","ast-banner-title-visibility":"","ast-main-header-display":"","ast-hfb-above-header-display":"","ast-hfb-below-header-display":"","ast-hfb-mobile-header-display":"","site-post-title":"","ast-breadcrumbs-content":"","ast-featured-img":"","footer-sml-layout":"","ast-disable-related-posts":"","theme-transparent-header-meta":"","adv-header-id-meta":"","stick-header-meta":"","header-above-stick-meta":"","header-main-stick-meta":"","header-below-stick-meta":"","astra-migrate-meta-layouts":"default","ast-page-background-enabled":"default","ast-page-background-meta":{"desktop":{"background-color":"var(--ast-global-color-4)","background-image":"","background-repeat":"repeat","background-position":"center center","background-size":"auto","background-attachment":"scroll","background-type":"","background-media":"","overlay-type":"","overlay-color":"","overlay-opacity":"","overlay-gradient":""},"tablet":{"background-color":"","background-image":"","background-repeat":"repeat","background-position":"center center","background-size":"auto","background-attachment":"scroll","background-type":"","background-media":"","overlay-type":"","overlay-color":"","overlay-opacity":"","overlay-gradient":""},"mobile":{"background-color":"","background-image":"","background-repeat":"repeat","background-position":"center center","background-size":"auto","background-attachment":"scroll","background-type":"","background-media":"","overlay-type":"","overlay-color":"","overlay-opacity":"","overlay-gradient":""}},"ast-content-background-meta":{"desktop":{"background-color":"var(--ast-global-color-5)","background-image":"","background-repeat":"repeat","background-position":"center center","background-size":"auto","background-attachment":"scroll","background-type":"","background-media":"","overlay-type":"","overlay-color":"","overlay-opacity":"","overlay-gradient":""},"tablet":{"background-color":"var(--ast-global-color-5)","background-image":"","background-repeat":"repeat","background-position":"center center","background-size":"auto","background-attachment":"scroll","background-type":"","background-media":"","overlay-type":"","overlay-color":"","overlay-opacity":"","overlay-gradient":""},"mobile":{"background-color":"var(--ast-global-color-5)","background-image":"","background-repeat":"repeat","background-position":"center center","background-size":"auto","background-attachment":"scroll","background-type":"","background-media":"","overlay-type":"","overlay-color":"","overlay-opacity":"","overlay-gradient":""}},"footnotes":""},"class_list":["post-1557","page","type-page","status-publish","hentry"],"aioseo_notices":[],"jetpack_sharing_enabled":true,"_links":{"self":[{"href":"https:\/\/codexvirtualis.fr\/codex\/wp-json\/wp\/v2\/pages\/1557","targetHints":{"allow":["GET"]}}],"collection":[{"href":"https:\/\/codexvirtualis.fr\/codex\/wp-json\/wp\/v2\/pages"}],"about":[{"href":"https:\/\/codexvirtualis.fr\/codex\/wp-json\/wp\/v2\/types\/page"}],"author":[{"embeddable":true,"href":"https:\/\/codexvirtualis.fr\/codex\/wp-json\/wp\/v2\/users\/2"}],"replies":[{"embeddable":true,"href":"https:\/\/codexvirtualis.fr\/codex\/wp-json\/wp\/v2\/comments?post=1557"}],"version-history":[{"count":30,"href":"https:\/\/codexvirtualis.fr\/codex\/wp-json\/wp\/v2\/pages\/1557\/revisions"}],"predecessor-version":[{"id":14547,"href":"https:\/\/codexvirtualis.fr\/codex\/wp-json\/wp\/v2\/pages\/1557\/revisions\/14547"}],"up":[{"embeddable":true,"href":"https:\/\/codexvirtualis.fr\/codex\/wp-json\/wp\/v2\/pages\/315"}],"wp:attachment":[{"href":"https:\/\/codexvirtualis.fr\/codex\/wp-json\/wp\/v2\/media?parent=1557"}],"curies":[{"name":"wp","href":"https:\/\/api.w.org\/{rel}","templated":true}]}}