{"id":15,"date":"2011-01-30T14:33:35","date_gmt":"2011-01-30T14:33:35","guid":{"rendered":"http:\/\/codexvirtualis.fr\/codex"},"modified":"2022-06-06T16:49:09","modified_gmt":"2022-06-06T14:49:09","slug":"de-la-biodiversite","status":"publish","type":"page","link":"https:\/\/codexvirtualis.fr\/codex\/de-la-biodiversite","title":{"rendered":"De la biodiversit\u00e9"},"content":{"rendered":"\n<div class=\"wp-block-columns is-layout-flex wp-container-core-columns-is-layout-28f84493 wp-block-columns-is-layout-flex\">\n<div class=\"wp-block-column is-layout-flow wp-block-column-is-layout-flow\">\n<p>C&rsquo;est au milieu des ann\u00e9es 80 que le terme biodiversit\u00e9 est employ\u00e9 pour la premi\u00e8re fois pour d\u00e9signer la diversit\u00e9 biologique. Nous le devons \u00e0 Edward O. Wilson et \u00e0 l&rsquo;\u00e9quipe d&rsquo;\u00e9dition l&rsquo;entourant, qui l&rsquo;utilis\u00e8rent comme titre pour le compte-rendu du premier forum am\u00e9ricain sur la diversit\u00e9 biologique organis\u00e9 par le National research council.<\/p>\n\n\n\n<p>Si la notion de biodiversit\u00e9 concerne les esp\u00e8ces vivantes, elle prend \u00e9galement en compte \u00e0 une plus grande \u00e9chelle les \u00e9cosyst\u00e8mes, et \u00e0 un niveau plus fin les g\u00e8nes. De fait, la diversit\u00e9 du vivant peut \u00eatre \u00e9tudi\u00e9e \u00e0 trois niveaux d&rsquo;int\u00e9gration :<br \/><span style=\"color: #999999;\">\u2022<\/span> l&rsquo;<a href=\"glossaire-de-d-a-h#ecosysteme\" target=\"_blank\" rel=\"noopener\">\u00e9cosyst\u00e8me<\/a> (biodiversit\u00e9 \u00e9cologique) ;<br \/><span style=\"color: #999999;\">\u2022<\/span> l&rsquo;<a href=\"glossaire-de-d-a-h#espece\" target=\"_blank\" rel=\"noopener\">esp\u00e8ce<\/a> (biodiversit\u00e9 sp\u00e9cifique) ;<br \/><span style=\"color: #999999;\">\u2022<\/span> le <a href=\"glossaire-de-d-a-h#gene\" target=\"_blank\" rel=\"noopener\">g\u00e8ne<\/a> (biodiversit\u00e9 g\u00e9n\u00e9tique).<\/p>\n\n\n\n<p>Explorer et analyser la biodiversit\u00e9 \u00e0 ces diff\u00e9rentes \u00e9chelles sont des op\u00e9rations complexes. Il faut en particulier parvenir \u00e0 la mesurer et la quantifier, pour pouvoir examiner ensuite son \u00e9volution dans le temps ou dans l&rsquo;espace. Des indicateurs relatifs aux peuplements, aux esp\u00e8ces ou g\u00e9n\u00e9tiques, sont d\u00e9velopp\u00e9s dans ce but. Ils permettent d\u2019estimer la biodiversit\u00e9 en nombre mais aussi en fr\u00e9quence.<\/p>\n\n\n\n<p>Cependant, observer les \u00eatres vivants est chose fr\u00e9quente et \u00e0 la port\u00e9e de tous, au moins pour certaines esp\u00e8ces. Il suffit d\u2019un peu d\u2019attention pour s\u2019apercevoir que nous vivons entour\u00e9s de multiples esp\u00e8ces v\u00e9g\u00e9tales et animales. Il nous est ainsi possible d&rsquo;appr\u00e9hender \u00e0 notre modeste \u00e9chelle, la biodiversit\u00e9 de la \u00ab nature ordinaire \u00bb.<\/p>\n\n\n\n<p>Le terme nature fait g\u00e9n\u00e9ralement r\u00e9f\u00e9rence \u00e0 des milieux assez peu investis par l\u2019Homme ou dans lesquels la densit\u00e9 de population humaine est plut\u00f4t peu \u00e9lev\u00e9e, comme les for\u00eats de feuillus ou de conif\u00e8res, les champs, prairies et bocages, les lacs, \u00e9tangs et cours d \u00bbeau, le littoral rocheux ou sableux, les vasi\u00e8res et estuaires, la montagne\u2026<br \/>L\u2019environnement urbain, dans lequel \u00e9voluent pr\u00e8s de la moiti\u00e9 de la population mondiale et 77% des fran\u00e7ais m\u00e9tropolitains (recensement de 1999), a longtemps \u00e9t\u00e9 exclu des consid\u00e9rations \u00e9cologiques.<\/p>\n\n\n\n<p>Aujourd\u2019hui, la ville est abord\u00e9e comme un \u00e9cosyst\u00e8me \u00e0 part enti\u00e8re, dont la biodiversit\u00e9 m\u00e9rite d\u2019\u00eatre d\u00e9couverte et explor\u00e9e. L\u2019\u00e9tude de la biodiversit\u00e9 urbaine ne rel\u00e8ve pas uniquement de la biologie et de l\u2019\u00e9cologie. Elle doit prendre en compte la dimension humaine ainsi que l\u2019am\u00e9nagement des villes. Pour ce faire, une approche pluridisciplinaire est indispensable, int\u00e9grant notamment sociologie et urbanisme.<\/p>\n\n\n\n<p>Quoi qu\u2019il en soit comme partout, chacun peut constater la pr\u00e9sence d\u2019une flore et d\u2019une faune diversifi\u00e9es en milieu urbain. Leur richesse varie selon les am\u00e9nagements, elle est sans doute plus importante dans les parcs et jardins que dans les rues.<\/p>\n\n\n\n<p>Les pages \u00ab Biodiversit\u00e9 urbaine \u00bb de ce site donnent un aper\u00e7u de la faune des villes \u00e0 travers l\u2019exemple du parc de Gerland et du parc des Berges du Rh\u00f4ne (Lyon). Elles pr\u00e9sentent diverses esp\u00e8ces animales sous forme de photographies comment\u00e9es et apportent quelques indications relatives \u00e0 leur biologie. Elles aideront peut \u00eatre les observateurs occasionnels des animaux des villes \u00e0 identifier les sp\u00e9cimens crois\u00e9s au d\u00e9tour d\u2019une rue et stimuleront, nous l\u2019esp\u00e9rons, la curiosit\u00e9 des internautes.<\/p>\n\n\n\n<h3 class=\"wp-block-heading\">Pour en savoir plus sur la biodiversit\u00e9&#8230;<\/h3>\n<\/div>\n<\/div>\n\n\n\n<p><\/p>\n\n\n\n<div class=\"wp-block-columns is-layout-flex wp-container-core-columns-is-layout-28f84493 wp-block-columns-is-layout-flex\">\n<div class=\"wp-block-column is-layout-flow wp-block-column-is-layout-flow\" id=\"border_div\">\n<h2 class=\"wp-block-heading\">La biodiversit\u00e9 s&rsquo;explique<\/h2>\n\n\n\n<hr class=\"wp-block-separator has-css-opacity\"\/>\n\n\n\n<figure class=\"wp-block-image size-large\"><a href=\"\/documents\/telechargement\/biodiversite-urbaine\/La_biodiversite_s_explique.pdf\"><img decoding=\"async\" src=\"\/documents\/images\/navigation\/biodiversite_s_explique_160.jpg\" alt=\"\"\/><\/a><\/figure>\n\n\n\n<p><\/p>\n\n\n\n<hr class=\"wp-block-separator has-css-opacity\"\/>\n\n\n\n<p><span style=\"color: #999999;\"><\/span>T\u00e9l\u00e9charger la brochure <a href=\"\/documents\/telechargement\/biodiversite-urbaine\/La_biodiversite_s_explique.pdf\" target=\"_blank\" rel=\"noopener\">\u00ab\u00a0La biodiversit\u00e9 s&rsquo;explique\u00a0\u00bb<\/a>, \u00e9dit\u00e9e par le <a href=\"http:\/\/www.developpement-durable.gouv.fr\/\" target=\"_blank\" rel=\"noopener\">Minist\u00e8re de la transition \u00e9cologique et de la coh\u00e9sion des territoires, de la transition \u00e9nerg\u00e9tique<\/a> (adresse http:\/\/www.ecologie.gouv.fr) \u00e0 l&rsquo;occasion de l&rsquo;ann\u00e9e internationale de la biodiversit\u00e9 (2010).<\/p>\n<\/div>\n\n\n\n<div class=\"wp-block-column is-layout-flow wp-block-column-is-layout-flow\" id=\"border_div\">\n<h2 class=\"wp-block-heading\">Biodiversit\u00e9 !<\/h2>\n\n\n\n<hr class=\"wp-block-separator has-css-opacity\"\/>\n\n\n\n<figure class=\"wp-block-image size-large\"><a href=\"https:\/\/www.cnrs.fr\/cw\/dossiers\/dosbiodiv\/index.php?pid=decouvrir\"><img decoding=\"async\" src=\"\/documents\/images\/navigation\/biodiversite_sagasciences_cnrs.jpg\" alt=\"\"\/><\/a><\/figure>\n\n\n\n<p><\/p>\n\n\n\n<hr class=\"wp-block-separator has-css-opacity\"\/>\n\n\n\n<p>Consulter le dossier <a href=\"https:\/\/www.cnrs.fr\/cw\/dossiers\/dosbiodiv\/index.php?pid=decouvrir\" target=\"_blank\" rel=\"noreferrer noopener\">Biodiversit\u00e9<\/a> du site Sagascience (CNRS ; adresse https:\/\/www.cnrs.fr\/cw\/dossiers\/dosbiodiv\/index.php?pid=plan-site)<\/p>\n<\/div>\n<\/div>\n\n\n\n<p><\/p>\n","protected":false},"excerpt":{"rendered":"<p>C&rsquo;est au milieu des ann\u00e9es 80 que le terme biodiversit\u00e9 est employ\u00e9 pour la premi\u00e8re fois pour d\u00e9signer la diversit\u00e9 biologique. Nous le devons \u00e0 Edward O. Wilson et \u00e0 l&rsquo;\u00e9quipe d&rsquo;\u00e9dition l&rsquo;entourant, qui l&rsquo;utilis\u00e8rent comme titre pour le compte-rendu du premier forum am\u00e9ricain sur la diversit\u00e9 biologique organis\u00e9 par le National research council. Si [&hellip;]<\/p>\n","protected":false},"author":2,"featured_media":0,"parent":0,"menu_order":3,"comment_status":"closed","ping_status":"closed","template":"","meta":{"site-sidebar-layout":"default","site-content-layout":"","ast-site-content-layout":"default","site-content-style":"default","site-sidebar-style":"default","ast-global-header-display":"","ast-banner-title-visibility":"","ast-main-header-display":"","ast-hfb-above-header-display":"","ast-hfb-below-header-display":"","ast-hfb-mobile-header-display":"","site-post-title":"","ast-breadcrumbs-content":"","ast-featured-img":"","footer-sml-layout":"","ast-disable-related-posts":"","theme-transparent-header-meta":"","adv-header-id-meta":"","stick-header-meta":"","header-above-stick-meta":"","header-main-stick-meta":"","header-below-stick-meta":"","astra-migrate-meta-layouts":"default","ast-page-background-enabled":"default","ast-page-background-meta":{"desktop":{"background-color":"var(--ast-global-color-4)","background-image":"","background-repeat":"repeat","background-position":"center center","background-size":"auto","background-attachment":"scroll","background-type":"","background-media":"","overlay-type":"","overlay-color":"","overlay-opacity":"","overlay-gradient":""},"tablet":{"background-color":"","background-image":"","background-repeat":"repeat","background-position":"center center","background-size":"auto","background-attachment":"scroll","background-type":"","background-media":"","overlay-type":"","overlay-color":"","overlay-opacity":"","overlay-gradient":""},"mobile":{"background-color":"","background-image":"","background-repeat":"repeat","background-position":"center center","background-size":"auto","background-attachment":"scroll","background-type":"","background-media":"","overlay-type":"","overlay-color":"","overlay-opacity":"","overlay-gradient":""}},"ast-content-background-meta":{"desktop":{"background-color":"var(--ast-global-color-5)","background-image":"","background-repeat":"repeat","background-position":"center center","background-size":"auto","background-attachment":"scroll","background-type":"","background-media":"","overlay-type":"","overlay-color":"","overlay-opacity":"","overlay-gradient":""},"tablet":{"background-color":"var(--ast-global-color-5)","background-image":"","background-repeat":"repeat","background-position":"center center","background-size":"auto","background-attachment":"scroll","background-type":"","background-media":"","overlay-type":"","overlay-color":"","overlay-opacity":"","overlay-gradient":""},"mobile":{"background-color":"var(--ast-global-color-5)","background-image":"","background-repeat":"repeat","background-position":"center center","background-size":"auto","background-attachment":"scroll","background-type":"","background-media":"","overlay-type":"","overlay-color":"","overlay-opacity":"","overlay-gradient":""}},"footnotes":""},"class_list":["post-15","page","type-page","status-publish","hentry"],"aioseo_notices":[],"jetpack_sharing_enabled":true,"_links":{"self":[{"href":"https:\/\/codexvirtualis.fr\/codex\/wp-json\/wp\/v2\/pages\/15","targetHints":{"allow":["GET"]}}],"collection":[{"href":"https:\/\/codexvirtualis.fr\/codex\/wp-json\/wp\/v2\/pages"}],"about":[{"href":"https:\/\/codexvirtualis.fr\/codex\/wp-json\/wp\/v2\/types\/page"}],"author":[{"embeddable":true,"href":"https:\/\/codexvirtualis.fr\/codex\/wp-json\/wp\/v2\/users\/2"}],"replies":[{"embeddable":true,"href":"https:\/\/codexvirtualis.fr\/codex\/wp-json\/wp\/v2\/comments?post=15"}],"version-history":[{"count":25,"href":"https:\/\/codexvirtualis.fr\/codex\/wp-json\/wp\/v2\/pages\/15\/revisions"}],"predecessor-version":[{"id":14523,"href":"https:\/\/codexvirtualis.fr\/codex\/wp-json\/wp\/v2\/pages\/15\/revisions\/14523"}],"wp:attachment":[{"href":"https:\/\/codexvirtualis.fr\/codex\/wp-json\/wp\/v2\/media?parent=15"}],"curies":[{"name":"wp","href":"https:\/\/api.w.org\/{rel}","templated":true}]}}