{"id":14578,"date":"2022-06-06T17:45:08","date_gmt":"2022-06-06T15:45:08","guid":{"rendered":"https:\/\/codexvirtualis.fr\/codex\/?page_id=14578"},"modified":"2022-06-06T17:55:03","modified_gmt":"2022-06-06T15:55:03","slug":"des-organes-des-tissus-et-des-cellules","status":"publish","type":"page","link":"https:\/\/codexvirtualis.fr\/codex\/de-lorganisation-interne\/des-organes-des-tissus-et-des-cellules","title":{"rendered":"Des organes, des tissus et des cellules"},"content":{"rendered":"\n<p>Cette rubrique de la section \u00ab De l&rsquo;organisation interne \u00bb est d\u00e9di\u00e9e \u00e0 la pr\u00e9sentation des organes des animaux de la nature ordinaire en relation avec leurs fonctions.<\/p>\n\n\n\n<p>Elle regroupe des descriptions illustr\u00e9es d\u2019images et de sch\u00e9mas, comportant des renvois vers le glossaire et les pages traitant de l\u2019organisation interne.<\/p>\n\n\n\n<p>Des r\u00e9f\u00e9rences sitographiques et bibliographiques sont propos\u00e9es le cas \u00e9ch\u00e9ant.<\/p>\n\n\n\n<p><\/p>\n\n\n\n<hr class=\"wp-block-separator has-css-opacity is-style-wide\"\/>\n\n\n\n<p><\/p>\n\n\n\n<div class=\"wp-block-media-text alignwide is-stacked-on-mobile\" style=\"grid-template-columns:30% auto\" id=\"container\"><figure class=\"wp-block-media-text__media\"><a href=\"\/codex\/de-lorganisation-interne\/organe-byssogene-moule\/\"><img data-recalc-dims=\"1\" loading=\"lazy\" decoding=\"async\" width=\"300\" height=\"223\" data-attachment-id=\"14582\" data-permalink=\"https:\/\/codexvirtualis.fr\/codex\/de-lorganisation-interne\/des-organes-des-tissus-et-des-cellules\/moule_ct_97_byssus_106-300\" data-orig-file=\"https:\/\/i0.wp.com\/codexvirtualis.fr\/codex\/wp-content\/uploads\/moule_CT_97_byssus_106-300.jpg?fit=300%2C223&amp;ssl=1\" data-orig-size=\"300,223\" data-comments-opened=\"0\" data-image-meta=\"{&quot;aperture&quot;:&quot;0&quot;,&quot;credit&quot;:&quot;&quot;,&quot;camera&quot;:&quot;&quot;,&quot;caption&quot;:&quot;&quot;,&quot;created_timestamp&quot;:&quot;0&quot;,&quot;copyright&quot;:&quot;&quot;,&quot;focal_length&quot;:&quot;0&quot;,&quot;iso&quot;:&quot;0&quot;,&quot;shutter_speed&quot;:&quot;0&quot;,&quot;title&quot;:&quot;&quot;,&quot;orientation&quot;:&quot;0&quot;}\" data-image-title=\"moule_CT_97_byssus_106-300\" data-image-description=\"\" data-image-caption=\"\" data-medium-file=\"https:\/\/i0.wp.com\/codexvirtualis.fr\/codex\/wp-content\/uploads\/moule_CT_97_byssus_106-300.jpg?fit=300%2C223&amp;ssl=1\" data-large-file=\"https:\/\/i0.wp.com\/codexvirtualis.fr\/codex\/wp-content\/uploads\/moule_CT_97_byssus_106-300.jpg?fit=300%2C223&amp;ssl=1\" src=\"https:\/\/i0.wp.com\/codexvirtualis.fr\/codex\/wp-content\/uploads\/moule_CT_97_byssus_106-300.jpg?resize=300%2C223&#038;ssl=1\" alt=\"\" class=\"wp-image-14582 size-full\"\/><\/a><\/figure><div class=\"wp-block-media-text__content\">\n<h3 class=\"wp-block-heading\"><a href=\"\/codex\/de-lorganisation-interne\/organe-byssogene-moule\/\">L&rsquo;organe byssog\u00e8ne et l&rsquo;\u00e9laboration du byssus<\/a><\/h3>\n\n\n\n<p>Une coupe histologique transversale de Moule donne lieu \u00e0 l&rsquo;\u00e9tude de l&rsquo;organe byssog\u00e8ne et de son r\u00f4le dans la production du byssus.<\/p>\n<\/div><\/div>\n\n\n\n<p><\/p>\n\n\n\n<p><\/p>\n\n\n\n<hr class=\"wp-block-separator has-css-opacity is-style-wide\"\/>\n\n\n\n<p><\/p>\n\n\n\n<div class=\"wp-block-media-text alignwide is-stacked-on-mobile\" style=\"grid-template-columns:30% auto\" id=\"container\"><figure class=\"wp-block-media-text__media\"><a href=\"\/codex\/de-lorganisation-interne\/manteau-protection-moule\/\"><img data-recalc-dims=\"1\" loading=\"lazy\" decoding=\"async\" width=\"300\" height=\"225\" data-attachment-id=\"14583\" data-permalink=\"https:\/\/codexvirtualis.fr\/codex\/de-lorganisation-interne\/des-organes-des-tissus-et-des-cellules\/moule_manteau_138sommet_cttp97-300\" data-orig-file=\"https:\/\/i0.wp.com\/codexvirtualis.fr\/codex\/wp-content\/uploads\/moule_manteau_138sommet_cttp97-300.jpg?fit=300%2C225&amp;ssl=1\" data-orig-size=\"300,225\" data-comments-opened=\"0\" data-image-meta=\"{&quot;aperture&quot;:&quot;0&quot;,&quot;credit&quot;:&quot;&quot;,&quot;camera&quot;:&quot;&quot;,&quot;caption&quot;:&quot;&quot;,&quot;created_timestamp&quot;:&quot;0&quot;,&quot;copyright&quot;:&quot;&quot;,&quot;focal_length&quot;:&quot;0&quot;,&quot;iso&quot;:&quot;0&quot;,&quot;shutter_speed&quot;:&quot;0&quot;,&quot;title&quot;:&quot;&quot;,&quot;orientation&quot;:&quot;0&quot;}\" data-image-title=\"moule_manteau_138sommet_cttp97-300\" data-image-description=\"\" data-image-caption=\"\" data-medium-file=\"https:\/\/i0.wp.com\/codexvirtualis.fr\/codex\/wp-content\/uploads\/moule_manteau_138sommet_cttp97-300.jpg?fit=300%2C225&amp;ssl=1\" data-large-file=\"https:\/\/i0.wp.com\/codexvirtualis.fr\/codex\/wp-content\/uploads\/moule_manteau_138sommet_cttp97-300.jpg?fit=300%2C225&amp;ssl=1\" src=\"https:\/\/i0.wp.com\/codexvirtualis.fr\/codex\/wp-content\/uploads\/moule_manteau_138sommet_cttp97-300.jpg?resize=300%2C225&#038;ssl=1\" alt=\"\" class=\"wp-image-14583 size-full\"\/><\/a><\/figure><div class=\"wp-block-media-text__content\">\n<h3 class=\"wp-block-heading\"><a href=\"\/codex\/de-lorganisation-interne\/manteau-protection-moule\/\">Le manteau et la protection<\/a><\/h3>\n\n\n\n<p>Elle permet \u00e9galement l&rsquo;\u00e9tude du manteau et de son importance dans la protection par la production de la coquille<\/p>\n<\/div><\/div>\n\n\n\n<p><\/p>\n\n\n\n<p><\/p>\n\n\n\n<hr class=\"wp-block-separator has-css-opacity is-style-wide\"\/>\n\n\n\n<p><\/p>\n\n\n\n<div class=\"wp-block-media-text alignwide is-stacked-on-mobile\" style=\"grid-template-columns:30% auto\" id=\"container\"><figure class=\"wp-block-media-text__media\"><a href=\"\/codex\/de-lorganisation-interne\/panache-filtration-sabelle\/\"><img data-recalc-dims=\"1\" loading=\"lazy\" decoding=\"async\" width=\"300\" height=\"225\" data-attachment-id=\"14584\" data-permalink=\"https:\/\/codexvirtualis.fr\/codex\/de-lorganisation-interne\/des-organes-des-tissus-et-des-cellules\/sabelle_base_m_44_ct_pinnule_1_150-300\" data-orig-file=\"https:\/\/i0.wp.com\/codexvirtualis.fr\/codex\/wp-content\/uploads\/sabelle_base_m_44_ct_pinnule_1_150-300.jpg?fit=300%2C225&amp;ssl=1\" data-orig-size=\"300,225\" data-comments-opened=\"0\" data-image-meta=\"{&quot;aperture&quot;:&quot;0&quot;,&quot;credit&quot;:&quot;&quot;,&quot;camera&quot;:&quot;&quot;,&quot;caption&quot;:&quot;&quot;,&quot;created_timestamp&quot;:&quot;0&quot;,&quot;copyright&quot;:&quot;&quot;,&quot;focal_length&quot;:&quot;0&quot;,&quot;iso&quot;:&quot;0&quot;,&quot;shutter_speed&quot;:&quot;0&quot;,&quot;title&quot;:&quot;&quot;,&quot;orientation&quot;:&quot;0&quot;}\" data-image-title=\"sabelle_base_m_44_ct_pinnule_1_150-300\" data-image-description=\"\" data-image-caption=\"\" data-medium-file=\"https:\/\/i0.wp.com\/codexvirtualis.fr\/codex\/wp-content\/uploads\/sabelle_base_m_44_ct_pinnule_1_150-300.jpg?fit=300%2C225&amp;ssl=1\" data-large-file=\"https:\/\/i0.wp.com\/codexvirtualis.fr\/codex\/wp-content\/uploads\/sabelle_base_m_44_ct_pinnule_1_150-300.jpg?fit=300%2C225&amp;ssl=1\" src=\"https:\/\/i0.wp.com\/codexvirtualis.fr\/codex\/wp-content\/uploads\/sabelle_base_m_44_ct_pinnule_1_150-300.jpg?resize=300%2C225&#038;ssl=1\" alt=\"\" class=\"wp-image-14584 size-full\"\/><\/a><\/figure><div class=\"wp-block-media-text__content\">\n<h3 class=\"wp-block-heading\"><a href=\"\/codex\/de-lorganisation-interne\/panache-filtration-sabelle\/\">Le panache et la filtration<\/a><\/h3>\n\n\n\n<p>Des coupes histologiques transversales du panache de la Sabelle, pratiqu\u00e9es \u00e0 diff\u00e9rents niveaux, permettent de comprendre l&rsquo;organisation des tentacules et leur r\u00f4le dans la prise de nourriture.<\/p>\n<\/div><\/div>\n\n\n\n<p><\/p>\n\n\n\n<p><\/p>\n\n\n\n<hr class=\"wp-block-separator has-css-opacity is-style-wide\"\/>\n\n\n\n<p><\/p>\n\n\n\n<div class=\"wp-block-media-text alignwide is-stacked-on-mobile\" style=\"grid-template-columns:30% auto\" id=\"container\"><figure class=\"wp-block-media-text__media\"><a href=\"\/codex\/de-lorganisation-interne\/rein-vertebres\/\"><img data-recalc-dims=\"1\" loading=\"lazy\" decoding=\"async\" width=\"300\" height=\"225\" data-attachment-id=\"14585\" data-permalink=\"https:\/\/codexvirtualis.fr\/codex\/de-lorganisation-interne\/des-organes-des-tissus-et-des-cellules\/rein_grenouille_08-300\" data-orig-file=\"https:\/\/i0.wp.com\/codexvirtualis.fr\/codex\/wp-content\/uploads\/rein_grenouille_08-300.jpg?fit=300%2C225&amp;ssl=1\" data-orig-size=\"300,225\" data-comments-opened=\"0\" data-image-meta=\"{&quot;aperture&quot;:&quot;0&quot;,&quot;credit&quot;:&quot;&quot;,&quot;camera&quot;:&quot;&quot;,&quot;caption&quot;:&quot;&quot;,&quot;created_timestamp&quot;:&quot;0&quot;,&quot;copyright&quot;:&quot;&quot;,&quot;focal_length&quot;:&quot;0&quot;,&quot;iso&quot;:&quot;0&quot;,&quot;shutter_speed&quot;:&quot;0&quot;,&quot;title&quot;:&quot;&quot;,&quot;orientation&quot;:&quot;0&quot;}\" data-image-title=\"rein_grenouille_08-300\" data-image-description=\"\" data-image-caption=\"\" data-medium-file=\"https:\/\/i0.wp.com\/codexvirtualis.fr\/codex\/wp-content\/uploads\/rein_grenouille_08-300.jpg?fit=300%2C225&amp;ssl=1\" data-large-file=\"https:\/\/i0.wp.com\/codexvirtualis.fr\/codex\/wp-content\/uploads\/rein_grenouille_08-300.jpg?fit=300%2C225&amp;ssl=1\" src=\"https:\/\/i0.wp.com\/codexvirtualis.fr\/codex\/wp-content\/uploads\/rein_grenouille_08-300.jpg?resize=300%2C225&#038;ssl=1\" alt=\"\" class=\"wp-image-14585 size-full\"\/><\/a><\/figure><div class=\"wp-block-media-text__content\">\n<h3 class=\"wp-block-heading\"><a href=\"\/codex\/de-lorganisation-interne\/rein-vertebres\/\">Le rein des Vert\u00e9br\u00e9s<\/a><\/h3>\n\n\n\n<p>Des coupes histologiques et des sch\u00e9mas pr\u00e9sentent les structures et le fonctionnement du rein, organe excr\u00e9teur, et du n\u00e9phron, unit\u00e9 structurale et fonctionnelle responsable de la production de l&rsquo;urine, dans les diff\u00e9rents groupes de Vert\u00e9br\u00e9s.<\/p>\n<\/div><\/div>\n\n\n\n<p><\/p>\n\n\n\n<p><\/p>\n\n\n\n<hr class=\"wp-block-separator has-css-opacity is-style-wide\"\/>\n\n\n\n<p><\/p>\n","protected":false},"excerpt":{"rendered":"<p>Cette rubrique de la section \u00ab De l&rsquo;organisation interne \u00bb est d\u00e9di\u00e9e \u00e0 la pr\u00e9sentation des organes des animaux de la nature ordinaire en relation avec leurs fonctions. Elle regroupe des descriptions illustr\u00e9es d\u2019images et de sch\u00e9mas, comportant des renvois vers le glossaire et les pages traitant de l\u2019organisation interne. Des r\u00e9f\u00e9rences sitographiques et bibliographiques [&hellip;]<\/p>\n","protected":false},"author":1,"featured_media":0,"parent":22,"menu_order":2,"comment_status":"closed","ping_status":"closed","template":"","meta":{"site-sidebar-layout":"default","site-content-layout":"","ast-site-content-layout":"default","site-content-style":"default","site-sidebar-style":"default","ast-global-header-display":"","ast-banner-title-visibility":"","ast-main-header-display":"","ast-hfb-above-header-display":"","ast-hfb-below-header-display":"","ast-hfb-mobile-header-display":"","site-post-title":"","ast-breadcrumbs-content":"","ast-featured-img":"","footer-sml-layout":"","ast-disable-related-posts":"","theme-transparent-header-meta":"","adv-header-id-meta":"","stick-header-meta":"","header-above-stick-meta":"","header-main-stick-meta":"","header-below-stick-meta":"","astra-migrate-meta-layouts":"default","ast-page-background-enabled":"default","ast-page-background-meta":{"desktop":{"background-color":"var(--ast-global-color-4)","background-image":"","background-repeat":"repeat","background-position":"center center","background-size":"auto","background-attachment":"scroll","background-type":"","background-media":"","overlay-type":"","overlay-color":"","overlay-opacity":"","overlay-gradient":""},"tablet":{"background-color":"","background-image":"","background-repeat":"repeat","background-position":"center center","background-size":"auto","background-attachment":"scroll","background-type":"","background-media":"","overlay-type":"","overlay-color":"","overlay-opacity":"","overlay-gradient":""},"mobile":{"background-color":"","background-image":"","background-repeat":"repeat","background-position":"center center","background-size":"auto","background-attachment":"scroll","background-type":"","background-media":"","overlay-type":"","overlay-color":"","overlay-opacity":"","overlay-gradient":""}},"ast-content-background-meta":{"desktop":{"background-color":"var(--ast-global-color-5)","background-image":"","background-repeat":"repeat","background-position":"center center","background-size":"auto","background-attachment":"scroll","background-type":"","background-media":"","overlay-type":"","overlay-color":"","overlay-opacity":"","overlay-gradient":""},"tablet":{"background-color":"var(--ast-global-color-5)","background-image":"","background-repeat":"repeat","background-position":"center center","background-size":"auto","background-attachment":"scroll","background-type":"","background-media":"","overlay-type":"","overlay-color":"","overlay-opacity":"","overlay-gradient":""},"mobile":{"background-color":"var(--ast-global-color-5)","background-image":"","background-repeat":"repeat","background-position":"center center","background-size":"auto","background-attachment":"scroll","background-type":"","background-media":"","overlay-type":"","overlay-color":"","overlay-opacity":"","overlay-gradient":""}},"footnotes":""},"class_list":["post-14578","page","type-page","status-publish","hentry"],"aioseo_notices":[],"jetpack_sharing_enabled":true,"_links":{"self":[{"href":"https:\/\/codexvirtualis.fr\/codex\/wp-json\/wp\/v2\/pages\/14578","targetHints":{"allow":["GET"]}}],"collection":[{"href":"https:\/\/codexvirtualis.fr\/codex\/wp-json\/wp\/v2\/pages"}],"about":[{"href":"https:\/\/codexvirtualis.fr\/codex\/wp-json\/wp\/v2\/types\/page"}],"author":[{"embeddable":true,"href":"https:\/\/codexvirtualis.fr\/codex\/wp-json\/wp\/v2\/users\/1"}],"replies":[{"embeddable":true,"href":"https:\/\/codexvirtualis.fr\/codex\/wp-json\/wp\/v2\/comments?post=14578"}],"version-history":[{"count":5,"href":"https:\/\/codexvirtualis.fr\/codex\/wp-json\/wp\/v2\/pages\/14578\/revisions"}],"predecessor-version":[{"id":14590,"href":"https:\/\/codexvirtualis.fr\/codex\/wp-json\/wp\/v2\/pages\/14578\/revisions\/14590"}],"up":[{"embeddable":true,"href":"https:\/\/codexvirtualis.fr\/codex\/wp-json\/wp\/v2\/pages\/22"}],"wp:attachment":[{"href":"https:\/\/codexvirtualis.fr\/codex\/wp-json\/wp\/v2\/media?parent=14578"}],"curies":[{"name":"wp","href":"https:\/\/api.w.org\/{rel}","templated":true}]}}