{"id":14435,"date":"2022-06-06T15:27:26","date_gmt":"2022-06-06T13:27:26","guid":{"rendered":"https:\/\/codexvirtualis.fr\/codex\/?page_id=14435"},"modified":"2022-06-06T15:27:27","modified_gmt":"2022-06-06T13:27:27","slug":"bienvenue-sur-le-site-codex-virtualis","status":"publish","type":"page","link":"https:\/\/codexvirtualis.fr\/codex\/bienvenue-sur-le-site-codex-virtualis","title":{"rendered":"Bienvenue sur le site Codex virtualis !"},"content":{"rendered":"\n<p>Le terme codex d\u00e9signe un livre compos\u00e9 de pages reli\u00e9es. Ce site est une forme virtuelle d\u2019ouvrage d\u00e9di\u00e9 \u00e0 quelques aspects de la biologie animale.<\/p>\n\n\n\n<p>Recueil d\u2019images associ\u00e9es \u00e0 des descriptions, des documents et des liens vers d\u2019autres sites, il a vocation \u00e0 faire d\u00e9couvrir la nature ordinaire \u00e0 tous. \u00c0 un second niveau de lecture, certaines donn\u00e9es sont d\u00e9velopp\u00e9es et approfondies, la structure fine et le fonctionnement des organismes pr\u00e9cis\u00e9s.<br \/>Les curieux de nature y trouveront des informations relatives \u00e0 leur centre d\u2019int\u00e9r\u00eat, les enseignants et \u00e9tudiants un ensemble de ressources p\u00e9dagogiques.<\/p>\n\n\n\n<p>Ce site est organis\u00e9 en quatre rubriques majeures, consacr\u00e9es \u00e0 :<\/p>\n\n\n\n<p>\u2022 des \u00ab curiosit\u00e9s \u00bb, tranches de vie de la nature ordinaire ;<br \/>\u2022 la biodiversit\u00e9 accessible, urbaine pour le moment et des bords de mer \u00e0 venir ;<br \/>\u2022 l\u2019organisation interne des animaux, compl\u00e9tant l\u2019\u00e9tude biologique et permettant de comprendre certaines de leurs particularit\u00e9s ;<br \/>\u2022 la physiologie, pr\u00e9sentant quelques aspects du fonctionnement des organismes animaux.<\/p>\n\n\n\n<p>Un glossaire a vocation \u00e0 expliciter la terminologie parfois complexe employ\u00e9e en biologie et \u00e0 rendre accessible un langage au premier abord abscons.<\/p>\n\n\n\n<p>Une liste de r\u00e9f\u00e9rences bibliographiques et sitographiques, sources utilis\u00e9es pour la construction de ce site, est propos\u00e9e. Elle permettra au visiteur qui le souhaite d\u2019approfondir un point ou un autre. Chaque page comporte en compl\u00e9ment de courtes bibliographie et sitographie sp\u00e9cifiques.<\/p>\n\n\n\n<p>Des nouvelles br\u00e8ves sont publi\u00e9es r\u00e9guli\u00e8rement, ayant trait :<\/p>\n\n\n\n<p>\u2022 \u00e0 l\u2019actualit\u00e9 de la biodiversit\u00e9 ;<br \/>\u2022 aux nouveaut\u00e9s mises en ligne sur le site.<\/p>\n\n\n\n<p>De nombreux articles hebdomadaires sont consacr\u00e9s au commentaire d&rsquo;une image pr\u00e9c\u00e9d\u00e9 par une citation.<\/p>\n\n\n\n<p>Pour me contacter, merci d\u2019utiliser le lien Contact du pied de page.<\/p>\n\n\n\n<p>Que votre visite soit agr\u00e9able !<\/p>\n","protected":false},"excerpt":{"rendered":"<p>Le terme codex d\u00e9signe un livre compos\u00e9 de pages reli\u00e9es. Ce site est une forme virtuelle d\u2019ouvrage d\u00e9di\u00e9 \u00e0 quelques aspects de la biologie animale. Recueil d\u2019images associ\u00e9es \u00e0 des descriptions, des documents et des liens vers d\u2019autres sites, il a vocation \u00e0 faire d\u00e9couvrir la nature ordinaire \u00e0 tous. \u00c0 un second niveau de [&hellip;]<\/p>\n","protected":false},"author":1,"featured_media":0,"parent":0,"menu_order":0,"comment_status":"closed","ping_status":"closed","template":"","meta":{"site-sidebar-layout":"default","site-content-layout":"","ast-site-content-layout":"default","site-content-style":"default","site-sidebar-style":"default","ast-global-header-display":"","ast-banner-title-visibility":"","ast-main-header-display":"","ast-hfb-above-header-display":"","ast-hfb-below-header-display":"","ast-hfb-mobile-header-display":"","site-post-title":"","ast-breadcrumbs-content":"","ast-featured-img":"","footer-sml-layout":"","ast-disable-related-posts":"","theme-transparent-header-meta":"","adv-header-id-meta":"","stick-header-meta":"","header-above-stick-meta":"","header-main-stick-meta":"","header-below-stick-meta":"","astra-migrate-meta-layouts":"default","ast-page-background-enabled":"default","ast-page-background-meta":{"desktop":{"background-color":"var(--ast-global-color-4)","background-image":"","background-repeat":"repeat","background-position":"center center","background-size":"auto","background-attachment":"scroll","background-type":"","background-media":"","overlay-type":"","overlay-color":"","overlay-opacity":"","overlay-gradient":""},"tablet":{"background-color":"","background-image":"","background-repeat":"repeat","background-position":"center center","background-size":"auto","background-attachment":"scroll","background-type":"","background-media":"","overlay-type":"","overlay-color":"","overlay-opacity":"","overlay-gradient":""},"mobile":{"background-color":"","background-image":"","background-repeat":"repeat","background-position":"center center","background-size":"auto","background-attachment":"scroll","background-type":"","background-media":"","overlay-type":"","overlay-color":"","overlay-opacity":"","overlay-gradient":""}},"ast-content-background-meta":{"desktop":{"background-color":"var(--ast-global-color-5)","background-image":"","background-repeat":"repeat","background-position":"center center","background-size":"auto","background-attachment":"scroll","background-type":"","background-media":"","overlay-type":"","overlay-color":"","overlay-opacity":"","overlay-gradient":""},"tablet":{"background-color":"var(--ast-global-color-5)","background-image":"","background-repeat":"repeat","background-position":"center center","background-size":"auto","background-attachment":"scroll","background-type":"","background-media":"","overlay-type":"","overlay-color":"","overlay-opacity":"","overlay-gradient":""},"mobile":{"background-color":"var(--ast-global-color-5)","background-image":"","background-repeat":"repeat","background-position":"center center","background-size":"auto","background-attachment":"scroll","background-type":"","background-media":"","overlay-type":"","overlay-color":"","overlay-opacity":"","overlay-gradient":""}},"footnotes":""},"class_list":["post-14435","page","type-page","status-publish","hentry"],"aioseo_notices":[],"jetpack_sharing_enabled":true,"_links":{"self":[{"href":"https:\/\/codexvirtualis.fr\/codex\/wp-json\/wp\/v2\/pages\/14435","targetHints":{"allow":["GET"]}}],"collection":[{"href":"https:\/\/codexvirtualis.fr\/codex\/wp-json\/wp\/v2\/pages"}],"about":[{"href":"https:\/\/codexvirtualis.fr\/codex\/wp-json\/wp\/v2\/types\/page"}],"author":[{"embeddable":true,"href":"https:\/\/codexvirtualis.fr\/codex\/wp-json\/wp\/v2\/users\/1"}],"replies":[{"embeddable":true,"href":"https:\/\/codexvirtualis.fr\/codex\/wp-json\/wp\/v2\/comments?post=14435"}],"version-history":[{"count":1,"href":"https:\/\/codexvirtualis.fr\/codex\/wp-json\/wp\/v2\/pages\/14435\/revisions"}],"predecessor-version":[{"id":14436,"href":"https:\/\/codexvirtualis.fr\/codex\/wp-json\/wp\/v2\/pages\/14435\/revisions\/14436"}],"wp:attachment":[{"href":"https:\/\/codexvirtualis.fr\/codex\/wp-json\/wp\/v2\/media?parent=14435"}],"curies":[{"name":"wp","href":"https:\/\/api.w.org\/{rel}","templated":true}]}}