{"id":14179,"date":"2021-08-03T16:04:23","date_gmt":"2021-08-03T14:04:23","guid":{"rendered":"https:\/\/codexvirtualis.fr\/codex\/?page_id=14179"},"modified":"2021-08-07T12:10:19","modified_gmt":"2021-08-07T10:10:19","slug":"le-complexe-hypothalamo-hypophysaire-des-mammiferes-et-son-fonctionnement-bibliographie-et-sitographie","status":"publish","type":"page","link":"https:\/\/codexvirtualis.fr\/codex\/petites-questions-de-physiologie\/petites-questions-de-physiologie-animale-2019-ouvrage\/le-complexe-hypothalamo-hypophysaire-des-mammiferes-et-son-fonctionnement-bibliographie-et-sitographie","title":{"rendered":"Le complexe hypothalamo-hypophysaire des Mammif\u00e8res et son fonctionnement : bibliographie et sitographie"},"content":{"rendered":"<header>\n<table style=\"width: 100%; \">\n<tr>\n<th style=\"text-align: center; \" colspan=\"3\">Bibliographie et sitographie<\/th>\n<\/tr>\n<tr>\n<td style=\"width: 20%; text-align: left; \">\n<a href=\"\/codex\/petites-questions-de-physiologie\/petites-questions-de-physiologie-animale-2019-ouvrage\/le-complexe-hypothalamo-hypophysaire-des-mammiferes-et-son-fonctionnement-conclusion\" title=\"Le complexe hypothalamo-hypophysaire des Mammif\u00e8res et son fonctionnement : conclusion\">Pr\u00e9c\u00e9dent<\/a>\n<\/td>\n<th style=\"width: 60%; text-align: center; \">Le complexe hypothalamo-hypophysaire des Mammif\u00e8res et son fonctionnement<\/th>\n<td style=\"width: 20%; text-align: right; \">\u00a0<\/td>\n<\/tr>\n<\/table>\n<hr \/>\n<\/header>\n<p> &nbsp; <\/p>\n<h3 class=\"title\">Livres<\/h3>\n<p>\n<span class=\"authorgroup\"> <span class=\"firstname\">Charles G.D<\/span> <span class=\"surname\">Brook<\/span> et <span class=\"firstname\">Nicholas J.<\/span> <span class=\"surname\">Marshall<\/span>. <\/span><br \/>\n<span class=\"title\"> <em>Endocrinologie<\/em>. <\/span><br \/>\n<span class=\"publisher\"> <span class=\"publishername\">DeBoeck Universit\u00e9. <\/span> <\/span> <span class=\"pubdate\">1998. <\/span> <span class=\"pagenums\">205 p. <\/span><br \/>\n[<span class=\"citebiblioid\">2-7445-0040-2<\/span>]<\/p>\n<p> &nbsp; <\/p>\n<p>\n<span class=\"authorgroup\"> <span class=\"firstname\">Simon<\/span> <span class=\"surname\">Idelman<\/span> et <span class=\"firstname\">Jean<\/span> <span class=\"surname\">Verdetti<\/span>. <\/span><br \/>\n<span class=\"title\"> <em>Endocrinologie et communications cellulaires<\/em>. <\/span><br \/>\n<span class=\"publisher\"> <span class=\"publishername\">EDP Sciences. <\/span> <\/span> <span class=\"pubdate\">2018. <\/span> <span class=\"pagenums\">584 p. <\/span><br \/>\n<span class=\"title\"> <em>Grenoble Sciences<\/em>. <\/span><br \/>\n[<span class=\"citebiblioid\">2-86883-476-0<\/span>]<\/p>\n<h3 class=\"title\">Sites internet<\/h3>\n<p><span class=\"title\"><em>Ocytocine. In Wikip\u00e9dia, l&rsquo;encyclop\u00e9die libre [en ligne]<\/em>. <\/span><br \/>\n<span class=\"publisher\"><span class=\"publishername\">Fondation Wikim\u00e9dia. <\/span><\/span><span class=\"pubdate\">25 f\u00e9vrier 2019 [27 mars 2019]. <\/span><br \/>\n<span class=\"address\"><code class=\"uri\">Disponible sur :<br \/>\n<a class=\"link\" href=\"https:\/\/fr.wikipedia.org\/wiki\/Ocytocine\" target=\"_top\" rel=\"noopener\">https:\/\/fr.wikipedia.org\/wiki\/Ocytocine<\/a> <\/code>. <\/span>\n<\/p>\n<p> &nbsp; <\/p>\n<p>\n<span class=\"title\"> <em>Prolactine. In Wikip\u00e9dia, l&rsquo;encyclop\u00e9die libre [en ligne] <\/em>. <\/span><br \/>\n<span class=\"publisher\"> <span class=\"publishername\">Fondation Wikim\u00e9dia. <\/span> <\/span> <span class=\"pubdate\">24 d\u00e9cembre 2018 [31 mars 2019]. <\/span><br \/>\n<span class=\"address\"> <code class=\"uri\">Disponible sur :<br \/>\n<a class=\"link\" href=\"https:\/\/fr.wikipedia.org\/wiki\/Prolactine\" target=\"_top\" rel=\"noopener\">https:\/\/fr.wikipedia.org\/wiki\/Prolactine<\/a> <\/code>. <\/span>\n<\/p>\n<p> &nbsp; <\/p>\n<p>\n<span class=\"title\"> <em>Hormone corticotrope. In Wikip\u00e9dia, l&rsquo;encyclop\u00e9die libre [en ligne]<\/em>. <\/span><br \/>\n<span class=\"publisher\"> <span class=\"publishername\">Fondation Wikim\u00e9dia. <\/span> <\/span> <span class=\"pubdate\">1 f\u00e9vrier 2019 [25 mars 2019]. <\/span><br \/>\n<span class=\"address\"> <code class=\"uri\">Disponible sur :<br \/>\n<a class=\"link\" href=\"https:\/\/fr.wikipedia.org\/wiki\/Hormone_corticotrope\" target=\"_top\" rel=\"noopener\">https:\/\/fr.wikipedia.org\/wiki\/Hormone_corticotrope<\/a><\/code>. <\/span>\n<\/p>\n<p> &nbsp; <\/p>\n<p>\n<span class=\"title\"> <em>Vasopressine. In Wikip\u00e9dia, l&rsquo;encyclop\u00e9die libre [en ligne] <\/em>. <\/span><br \/>\n<span class=\"publisher\"><span class=\"publishername\">Fondation Wikim\u00e9dia. <\/span><\/span> <span class=\"pubdate\">13 mars 2019 [23 mars 2019]. <\/span><br \/>\n<span class=\"address\"> <code class=\"uri\">Disponible sur :<br \/>\n<a class=\"link\" href=\"https:\/\/fr.wikipedia.org\/wiki\/Vasopressine\" target=\"_top\" rel=\"noopener\">https:\/\/fr.wikipedia.org\/wiki\/Vasopressine<\/a> <\/code>. <\/span>\n<\/p>\n<p> &nbsp; <\/p>\n<footer>\n<hr \/>\n<table style=\"width: 100%; \">\n<tr>\n<td style=\"width: 40%; text-align: left; \">\n<a href=\"\/codex\/petites-questions-de-physiologie\/petites-questions-de-physiologie-animale-2019-ouvrage\/le-complexe-hypothalamo-hypophysaire-des-mammiferes-et-son-fonctionnement-conclusion\" title=\"Le complexe hypothalamo-hypophysaire des Mammif\u00e8res et son fonctionnement : conclusion\">Pr\u00e9c\u00e9dent<\/a>\n<\/td>\n<td style=\"width: 20%; text-align: center; \">\n<a href=\"\/codex\/petites-questions-de-physiologie\/petites-questions-de-physiologie-animale-2019-ouvrage\/le-complexe-hypothalamo-hypophysaire-des-mammiferes-et-son-fonctionnement-introduction\" title=\"Le complexe hypothalamo-hypophysaire des Mammif\u00e8res et son fonctionnement : introduction\">Niveau sup\u00e9rieur<\/a>\n<\/td>\n<td style=\"width: 40%; text-align: right; \">\u00a0<\/td>\n<\/tr>\n<tr>\n<td style=\"width: 40%; text-align: left; vertical-align: top; \">Conclusion\u00a0<\/td>\n<td style=\"width: 20%; text-align: center; \">\n<a href=\"\/codex\/petites-questions-de-physiologie\/petites-questions-de-physiologie-animale-2019-ouvrage\" title=\"Petites questions de physiologie animale 2019 : ouvrage\">Sommaire<\/a>\n<\/td>\n<td style=\"width: 40%; text-align: right; vertical-align: top; \">\u00a0<\/td>\n<\/tr>\n<\/table>\n<\/footer>\n","protected":false},"excerpt":{"rendered":"<p>Bibliographie et sitographie Pr\u00e9c\u00e9dent Le complexe hypothalamo-hypophysaire des Mammif\u00e8res et son fonctionnement \u00a0 &nbsp; Livres Charles G.D Brook et Nicholas J. Marshall. Endocrinologie. DeBoeck Universit\u00e9. 1998. 205 p. [2-7445-0040-2] &nbsp; Simon Idelman et Jean Verdetti. Endocrinologie et communications cellulaires. EDP Sciences. 2018. 584 p. Grenoble Sciences. [2-86883-476-0] Sites internet Ocytocine. In Wikip\u00e9dia, l&rsquo;encyclop\u00e9die libre [en [&hellip;]<\/p>\n","protected":false},"author":2,"featured_media":0,"parent":13169,"menu_order":72,"comment_status":"closed","ping_status":"closed","template":"","meta":{"site-sidebar-layout":"default","site-content-layout":"","ast-site-content-layout":"default","site-content-style":"default","site-sidebar-style":"default","ast-global-header-display":"","ast-banner-title-visibility":"","ast-main-header-display":"","ast-hfb-above-header-display":"","ast-hfb-below-header-display":"","ast-hfb-mobile-header-display":"","site-post-title":"","ast-breadcrumbs-content":"","ast-featured-img":"","footer-sml-layout":"","ast-disable-related-posts":"","theme-transparent-header-meta":"","adv-header-id-meta":"","stick-header-meta":"","header-above-stick-meta":"","header-main-stick-meta":"","header-below-stick-meta":"","astra-migrate-meta-layouts":"default","ast-page-background-enabled":"default","ast-page-background-meta":{"desktop":{"background-color":"var(--ast-global-color-4)","background-image":"","background-repeat":"repeat","background-position":"center center","background-size":"auto","background-attachment":"scroll","background-type":"","background-media":"","overlay-type":"","overlay-color":"","overlay-opacity":"","overlay-gradient":""},"tablet":{"background-color":"","background-image":"","background-repeat":"repeat","background-position":"center center","background-size":"auto","background-attachment":"scroll","background-type":"","background-media":"","overlay-type":"","overlay-color":"","overlay-opacity":"","overlay-gradient":""},"mobile":{"background-color":"","background-image":"","background-repeat":"repeat","background-position":"center center","background-size":"auto","background-attachment":"scroll","background-type":"","background-media":"","overlay-type":"","overlay-color":"","overlay-opacity":"","overlay-gradient":""}},"ast-content-background-meta":{"desktop":{"background-color":"var(--ast-global-color-5)","background-image":"","background-repeat":"repeat","background-position":"center center","background-size":"auto","background-attachment":"scroll","background-type":"","background-media":"","overlay-type":"","overlay-color":"","overlay-opacity":"","overlay-gradient":""},"tablet":{"background-color":"var(--ast-global-color-5)","background-image":"","background-repeat":"repeat","background-position":"center center","background-size":"auto","background-attachment":"scroll","background-type":"","background-media":"","overlay-type":"","overlay-color":"","overlay-opacity":"","overlay-gradient":""},"mobile":{"background-color":"var(--ast-global-color-5)","background-image":"","background-repeat":"repeat","background-position":"center center","background-size":"auto","background-attachment":"scroll","background-type":"","background-media":"","overlay-type":"","overlay-color":"","overlay-opacity":"","overlay-gradient":""}},"footnotes":""},"class_list":["post-14179","page","type-page","status-publish","hentry"],"aioseo_notices":[],"jetpack_sharing_enabled":true,"_links":{"self":[{"href":"https:\/\/codexvirtualis.fr\/codex\/wp-json\/wp\/v2\/pages\/14179","targetHints":{"allow":["GET"]}}],"collection":[{"href":"https:\/\/codexvirtualis.fr\/codex\/wp-json\/wp\/v2\/pages"}],"about":[{"href":"https:\/\/codexvirtualis.fr\/codex\/wp-json\/wp\/v2\/types\/page"}],"author":[{"embeddable":true,"href":"https:\/\/codexvirtualis.fr\/codex\/wp-json\/wp\/v2\/users\/2"}],"replies":[{"embeddable":true,"href":"https:\/\/codexvirtualis.fr\/codex\/wp-json\/wp\/v2\/comments?post=14179"}],"version-history":[{"count":5,"href":"https:\/\/codexvirtualis.fr\/codex\/wp-json\/wp\/v2\/pages\/14179\/revisions"}],"predecessor-version":[{"id":14193,"href":"https:\/\/codexvirtualis.fr\/codex\/wp-json\/wp\/v2\/pages\/14179\/revisions\/14193"}],"up":[{"embeddable":true,"href":"https:\/\/codexvirtualis.fr\/codex\/wp-json\/wp\/v2\/pages\/13169"}],"wp:attachment":[{"href":"https:\/\/codexvirtualis.fr\/codex\/wp-json\/wp\/v2\/media?parent=14179"}],"curies":[{"name":"wp","href":"https:\/\/api.w.org\/{rel}","templated":true}]}}