{"id":14175,"date":"2021-08-03T16:04:19","date_gmt":"2021-08-03T14:04:19","guid":{"rendered":"https:\/\/codexvirtualis.fr\/codex\/?page_id=14175"},"modified":"2021-08-07T12:09:56","modified_gmt":"2021-08-07T10:09:56","slug":"le-complexe-hypothalamo-hypophysaire-des-mammiferes-et-son-fonctionnement-conclusion","status":"publish","type":"page","link":"https:\/\/codexvirtualis.fr\/codex\/petites-questions-de-physiologie\/petites-questions-de-physiologie-animale-2019-ouvrage\/le-complexe-hypothalamo-hypophysaire-des-mammiferes-et-son-fonctionnement-conclusion","title":{"rendered":"Le complexe hypothalamo-hypophysaire des Mammif\u00e8res et son fonctionnement : conclusion"},"content":{"rendered":"<header>\n<table style=\"width: 100%; \">\n<tr>\n<th style=\"text-align: center; \" colspan=\"3\">Conclusion<\/th>\n<\/tr>\n<tr>\n<td style=\"width: 20%; text-align: left; \">\n<a href=\"\/codex\/petites-questions-de-physiologie\/petites-questions-de-physiologie-animale-2019-ouvrage\/le-complexe-hypothalamo-adenohypophysaire-organes-cibles\" title=\"Le complexe hypothalamo-ad\u00e9nohypophysaire-organes cibles\">Pr\u00e9c\u00e9dent<\/a>\n<\/td>\n<th style=\"width: 60%; text-align: center; \">Le complexe hypothalamo-hypophysaire des Mammif\u00e8res et son fonctionnement<\/th>\n<td style=\"width: 20%; text-align: right; \">\n<a href=\"\/codex\/petites-questions-de-physiologie\/petites-questions-de-physiologie-animale-2019-ouvrage\/le-complexe-hypothalamo-hypophysaire-des-mammiferes-et-son-fonctionnement-bibliographie-et-sitographie\" title=\"Le complexe hypothalamo-hypophysaire des Mammif\u00e8res et son fonctionnement : bibliographie et sitographie\">Suivant<\/a>\n<\/td>\n<\/tr>\n<\/table>\n<hr \/>\n<\/header>\n<p> &nbsp; <\/p>\n<section class=\"sect1\" id=\"d0e11103\">\n<p>L&rsquo;hypothalamus et l&rsquo;hypophyse des Mammif\u00e8res forment donc un complexe structural et fonctionnel, carrefour des syst\u00e8mes nerveux et endocrinien.<\/p>\n<p>L&rsquo;hypophyse est constitu\u00e9e de deux r\u00e9gions, la neurohypophyse et l&rsquo;ad\u00e9nohypophyse, dont les relations avec l&rsquo;hypothalamus diff\u00e8rent. <\/p>\n<p>La neurohypophyse est form\u00e9e des axones et terminaisons des neurones hypothalamiques.<br \/>\nOrgane neuroh\u00e9mal, elle lib\u00e8re des neurohormones dans l&rsquo;appareil circulatoire, l&rsquo;ocytocine et la vasopressine. <\/p>\n<p>L&rsquo;ad\u00e9nohypophyse est constitu\u00e9e de cellules endocrines, et reli\u00e9e \u00e0 l&rsquo;hypothalamus par voie sanguine avec le syst\u00e8me porte hypothalamo-hypophysaire.<br \/>\nElle lib\u00e8re des hormones glandulotropes agissant sur des glandes endocrines p\u00e9riph\u00e9riques, la corticostimuline, les gonadostimulines, la somatostimuline et la thyr\u00e9ostimuline. Elle s\u00e9cr\u00e8te \u00e9galement des hormones agissant directement sur des organes effecteurs, la prolactine et la m\u00e9lanostimuline.<br \/>\nLa lib\u00e9ration des hormones ad\u00e9nohypophysaires est contr\u00f4l\u00e9e par des neurohormones hypothalamiques, lib\u00e9rines activatrices et statines inhibitrices.<br \/>\nDe mani\u00e8re g\u00e9n\u00e9rale, des r\u00e9trocontr\u00f4les n\u00e9gatifs sont exerc\u00e9s sur l&rsquo;hypothalamus et l&rsquo;ad\u00e9nohypophyse par les hormones des glandes endocrines p\u00e9riph\u00e9riques.<br \/>\nDe v\u00e9ritables axes hypothalamus-hypophyse-glande endocrine p\u00e9riph\u00e9rique sont ainsi constitu\u00e9s. <\/p>\n<p>Les neurohormones et hormones du complexe hypothalamo-hypophysaire sont fr\u00e9quemment de nature prot\u00e9ique et pr\u00e9sentes chez les Vert\u00e9br\u00e9s non mammaliens.<br \/>\nLa comparaison de leurs s\u00e9quences r\u00e9v\u00e8le que certaines d\u00e9rivent d&rsquo;un g\u00e8ne ancestral. Ainsi somatostimuline et prolactine pr\u00e9sentent des similitudes, de m\u00eame que thyr\u00e9ostimuline et gonadostimulines, ocytocine et vasopressine. Selon les groupes de Vert\u00e9br\u00e9s, en d\u00e9pit de leurs parent\u00e9s, les r\u00f4les des neurohormones et hormones du complexe hypothalamo-hypophysaire sont variables.<\/p>\n<\/section>\n<p> &nbsp; <\/p>\n<footer>\n<hr \/>\n<table style=\"width: 100%; \">\n<tr>\n<td style=\"width: 40%; text-align: left; \">\n<a href=\"\/codex\/petites-questions-de-physiologie\/petites-questions-de-physiologie-animale-2019-ouvrage\/le-complexe-hypothalamo-adenohypophysaire-organes-cibles\" title=\"Le complexe hypothalamo-ad\u00e9nohypophysaire-organes cibles\">Pr\u00e9c\u00e9dent<\/a>\n<\/td>\n<td style=\"width: 20%; text-align: center; \">\n<a href=\"\/codex\/petites-questions-de-physiologie\/petites-questions-de-physiologie-animale-2019-ouvrage\/le-complexe-hypothalamo-hypophysaire-des-mammiferes-et-son-fonctionnement-introduction\" title=\"Le complexe hypothalamo-hypophysaire des Mammif\u00e8res et son fonctionnement : introduction\">Niveau sup\u00e9rieur<\/a>\n<\/td>\n<td style=\"width: 40%; text-align: right; \">\n<a href=\"\/codex\/petites-questions-de-physiologie\/petites-questions-de-physiologie-animale-2019-ouvrage\/le-complexe-hypothalamo-hypophysaire-des-mammiferes-et-son-fonctionnement-bibliographie-et-sitographie\" title=\"Le complexe hypothalamo-hypophysaire des Mammif\u00e8res et son fonctionnement : bibliographie et sitographie\">Suivant<\/a>\n<\/td>\n<\/tr>\n<tr>\n<td style=\"width: 40%; text-align: left; vertical-align: top; \">Le complexe hypothalamo-ad\u00e9nohypophysaire-organes cibles \u00a0<\/td>\n<td style=\"width: 20%; text-align: center; \">\n<a href=\"\/codex\/petites-questions-de-physiologie\/petites-questions-de-physiologie-animale-2019-ouvrage\" title=\"Petites questions de physiologie animale 2019 : ouvrage\">Sommaire<\/a>\n<\/td>\n<td style=\"width: 40%; text-align: right; vertical-align: top; \">\u00a0Bibliographie et sitographie<\/td>\n<\/tr>\n<\/table>\n<\/footer>\n","protected":false},"excerpt":{"rendered":"<p>Conclusion Pr\u00e9c\u00e9dent Le complexe hypothalamo-hypophysaire des Mammif\u00e8res et son fonctionnement Suivant &nbsp; L&rsquo;hypothalamus et l&rsquo;hypophyse des Mammif\u00e8res forment donc un complexe structural et fonctionnel, carrefour des syst\u00e8mes nerveux et endocrinien. L&rsquo;hypophyse est constitu\u00e9e de deux r\u00e9gions, la neurohypophyse et l&rsquo;ad\u00e9nohypophyse, dont les relations avec l&rsquo;hypothalamus diff\u00e8rent. La neurohypophyse est form\u00e9e des axones et terminaisons des [&hellip;]<\/p>\n","protected":false},"author":2,"featured_media":0,"parent":13169,"menu_order":71,"comment_status":"closed","ping_status":"closed","template":"","meta":{"site-sidebar-layout":"default","site-content-layout":"","ast-site-content-layout":"default","site-content-style":"default","site-sidebar-style":"default","ast-global-header-display":"","ast-banner-title-visibility":"","ast-main-header-display":"","ast-hfb-above-header-display":"","ast-hfb-below-header-display":"","ast-hfb-mobile-header-display":"","site-post-title":"","ast-breadcrumbs-content":"","ast-featured-img":"","footer-sml-layout":"","ast-disable-related-posts":"","theme-transparent-header-meta":"","adv-header-id-meta":"","stick-header-meta":"","header-above-stick-meta":"","header-main-stick-meta":"","header-below-stick-meta":"","astra-migrate-meta-layouts":"default","ast-page-background-enabled":"default","ast-page-background-meta":{"desktop":{"background-color":"var(--ast-global-color-4)","background-image":"","background-repeat":"repeat","background-position":"center center","background-size":"auto","background-attachment":"scroll","background-type":"","background-media":"","overlay-type":"","overlay-color":"","overlay-opacity":"","overlay-gradient":""},"tablet":{"background-color":"","background-image":"","background-repeat":"repeat","background-position":"center center","background-size":"auto","background-attachment":"scroll","background-type":"","background-media":"","overlay-type":"","overlay-color":"","overlay-opacity":"","overlay-gradient":""},"mobile":{"background-color":"","background-image":"","background-repeat":"repeat","background-position":"center center","background-size":"auto","background-attachment":"scroll","background-type":"","background-media":"","overlay-type":"","overlay-color":"","overlay-opacity":"","overlay-gradient":""}},"ast-content-background-meta":{"desktop":{"background-color":"var(--ast-global-color-5)","background-image":"","background-repeat":"repeat","background-position":"center center","background-size":"auto","background-attachment":"scroll","background-type":"","background-media":"","overlay-type":"","overlay-color":"","overlay-opacity":"","overlay-gradient":""},"tablet":{"background-color":"var(--ast-global-color-5)","background-image":"","background-repeat":"repeat","background-position":"center center","background-size":"auto","background-attachment":"scroll","background-type":"","background-media":"","overlay-type":"","overlay-color":"","overlay-opacity":"","overlay-gradient":""},"mobile":{"background-color":"var(--ast-global-color-5)","background-image":"","background-repeat":"repeat","background-position":"center center","background-size":"auto","background-attachment":"scroll","background-type":"","background-media":"","overlay-type":"","overlay-color":"","overlay-opacity":"","overlay-gradient":""}},"footnotes":""},"class_list":["post-14175","page","type-page","status-publish","hentry"],"aioseo_notices":[],"jetpack_sharing_enabled":true,"_links":{"self":[{"href":"https:\/\/codexvirtualis.fr\/codex\/wp-json\/wp\/v2\/pages\/14175","targetHints":{"allow":["GET"]}}],"collection":[{"href":"https:\/\/codexvirtualis.fr\/codex\/wp-json\/wp\/v2\/pages"}],"about":[{"href":"https:\/\/codexvirtualis.fr\/codex\/wp-json\/wp\/v2\/types\/page"}],"author":[{"embeddable":true,"href":"https:\/\/codexvirtualis.fr\/codex\/wp-json\/wp\/v2\/users\/2"}],"replies":[{"embeddable":true,"href":"https:\/\/codexvirtualis.fr\/codex\/wp-json\/wp\/v2\/comments?post=14175"}],"version-history":[{"count":3,"href":"https:\/\/codexvirtualis.fr\/codex\/wp-json\/wp\/v2\/pages\/14175\/revisions"}],"predecessor-version":[{"id":14192,"href":"https:\/\/codexvirtualis.fr\/codex\/wp-json\/wp\/v2\/pages\/14175\/revisions\/14192"}],"up":[{"embeddable":true,"href":"https:\/\/codexvirtualis.fr\/codex\/wp-json\/wp\/v2\/pages\/13169"}],"wp:attachment":[{"href":"https:\/\/codexvirtualis.fr\/codex\/wp-json\/wp\/v2\/media?parent=14175"}],"curies":[{"name":"wp","href":"https:\/\/api.w.org\/{rel}","templated":true}]}}