{"id":14166,"date":"2021-08-03T16:04:08","date_gmt":"2021-08-03T14:04:08","guid":{"rendered":"https:\/\/codexvirtualis.fr\/codex\/?page_id=14166"},"modified":"2021-08-07T12:09:02","modified_gmt":"2021-08-07T10:09:02","slug":"le-complexe-hypothalamo-neurohypophysaire","status":"publish","type":"page","link":"https:\/\/codexvirtualis.fr\/codex\/petites-questions-de-physiologie\/petites-questions-de-physiologie-animale-2019-ouvrage\/le-complexe-hypothalamo-neurohypophysaire","title":{"rendered":"Le complexe hypothalamo-neurohypophysaire"},"content":{"rendered":"<header>\n<table style=\"width: 100%; \">\n<tr>\n<th style=\"text-align: center; \" colspan=\"3\">Le complexe hypothalamo-neurohypophysaire <\/th>\n<\/tr>\n<tr>\n<td style=\"width: 20%; text-align: left; \">\n<a href=\"\/codex\/petites-questions-de-physiologie\/petites-questions-de-physiologie-animale-2019-ouvrage\/lhypothalamus-et-lhypophyse-deux-organes-agences-en-un-complexe-structural\" title=\"L\u2019hypothalamus et l\u2019hypophyse : deux organes agenc\u00e9s en un complexe structural\">Pr\u00e9c\u00e9dent<\/a>\n<\/td>\n<th style=\"width: 60%; text-align: center; \">Le complexe hypothalamo-hypophysaire des Mammif\u00e8res et son fonctionnement<\/th>\n<td style=\"width: 20%; text-align: right; \">\u00a0<br \/>\n<a href=\"\/codex\/petites-questions-de-physiologie\/petites-questions-de-physiologie-animale-2019-ouvrage\/le-complexe-hypothalamo-adenohypophysaire-organes-cibles\" title=\"Le complexe hypothalamo-ad\u00e9nohypophysaire-organes cibles\">Suivant<\/a>\n<\/td>\n<\/tr>\n<\/table>\n<hr \/>\n<\/header>\n<p> &nbsp; <\/p>\n<section class=\"sect1\" id=\"d0e10747\">\n<p>La neurohypophyse est un prolongement de l&rsquo;hypothalamus, dans la mesure o\u00f9 elle contient les axones et les terminaisons de neurones dont les corps cellulaires sont localis\u00e9s dans l&rsquo;hypothalamus.<\/p>\n<p>Les terminaisons des neurones contiennent g\u00e9n\u00e9ralement les mol\u00e9cules informatives produites par leurs corps cellulaires.<\/p>\n<p>Qu&rsquo;en est-il des terminaisons nerveuses de la neurohypophyse ?<\/p>\n<\/section>\n<section class=\"sect2\" id=\"d0e10756\">\n<h3 class=\"title\">L&rsquo;ocytocine : une hormone neurohypophysaire contr\u00f4lant la fonction reproductrice <\/h3>\n<p> &nbsp; <\/p>\n<p>Certaines terminaisons nerveuses de la neurohypophyse contiennent une mol\u00e9cule appel\u00e9e ocytocine, de nature prot\u00e9ique et form\u00e9e de neuf acides amin\u00e9s. Elle est lib\u00e9r\u00e9e dans les vaisseaux capillaires fen\u00eatr\u00e9s issus de la ramification de l&rsquo;art\u00e8re hypophysaire inf\u00e9rieure et distribu\u00e9e dans l&rsquo;organisme par la veine hypophysaire.<\/p>\n<p>La lib\u00e9ration d\u2019ocytocine conduit \u00e0 :<\/p>\n<ul class=\"itemizedlist\" style=\"list-style-type: disc; \">\n<li class=\"listitem\">une acc\u00e9l\u00e9ration de la parturition, par augmentation des contractions ut\u00e9rines ;\n<\/li>\n<li class=\"listitem\">une \u00e9jection du lait produit par les glandes mammaires, dans les canaux galactophores.\n<\/li>\n<\/ul>\n<p>L&rsquo;ocytocine a pour cellules cibles les fibres musculaires lisses de l&rsquo;ut\u00e9rus et les cellules myo\u00e9pith\u00e9liales des unit\u00e9s s\u00e9cr\u00e9trices des glandes mammaires dont elle stimule les contractions.<\/p>\n<p>L&rsquo;ocytocine, de par les modalit\u00e9s de sa distribution et de son action, est une hormone. En raison de son origine nerveuse, elle est dite neurohormone.<\/p>\n<p>La lib\u00e9ration de l&rsquo;ocytocine est pulsatile.<br \/>\nDans le cas de la parturition, elle intervient en r\u00e9ponse \u00e0 la descente du f\u0153tus et \u00e0 la dilatation du col de l&rsquo;ut\u00e9rus.<br \/>\nDans le cas de la lactation, elle est la cons\u00e9quence de la succion du mamelon par le nouveau-n\u00e9.<\/p>\n<p>La stimulation m\u00e9canique de l&rsquo;ut\u00e9rus comme du mamelon est \u00e0 l&rsquo;origine de messages nerveux provoquant la lib\u00e9ration de l&rsquo;hormone. Ainsi le contr\u00f4le de la d\u00e9charge de l&rsquo;ocytocine est principalement nerveux.<\/p>\n<p>Par ailleurs, les \u0153strog\u00e8nes, augmentant le nombre de r\u00e9cepteurs \u00e0 l\u2019ocytocine, favorisent son action.<\/p>\n<\/section>\n<section class=\"sect2\" id=\"d0e10782\">\n<h3 class=\"title\">L&rsquo;hormone antidiur\u00e9tique : une hormone neurohypophysaire contr\u00f4lant l&rsquo;\u00e9quilibre hydrique et le diam\u00e8tre des vaisseaux sanguins<\/h3>\n<p> &nbsp; <\/p>\n<p>Certaines terminaisons nerveuses de la neurohypophyse contiennent une mol\u00e9cule appel\u00e9e hormone antidiur\u00e9tique (ADH) ou vasopressine. \u00c0 l&rsquo;instar de l&rsquo;ocytocine, elle est form\u00e9e de neuf acides amin\u00e9s et lib\u00e9r\u00e9e dans les vaisseaux capillaires issus de l&rsquo;art\u00e8re hypophysaire inf\u00e9rieure, le sang la distribuant dans l&rsquo;organisme.<\/p>\n<p>La lib\u00e9ration de l&rsquo;hormone antidiur\u00e9tique provoque :<\/p>\n<ul class=\"itemizedlist\" style=\"list-style-type: disc; \">\n<li class=\"listitem\">une diminution de la quantit\u00e9 d&rsquo;eau contenue dans l&rsquo;urine produite par le rein, appel\u00e9e diur\u00e8se ;\n<\/li>\n<li class=\"listitem\">une r\u00e9duction du diam\u00e8tre des vaisseaux sanguins, dite vasoconstriction, responsable d&rsquo;une augmentation de la pression art\u00e9rielle.<\/li>\n<\/ul>\n<p>Le rein des Mammif\u00e8res est constitu\u00e9 d&rsquo;unit\u00e9s structurales et fonctionnelles appel\u00e9es n\u00e9phrons.<br \/>\nLes n\u00e9phrons sont responsables de la production de l&rsquo;urine. Ils sont form\u00e9s d&rsquo;une capsule de Bowman associ\u00e9e \u00e0 un glom\u00e9rule, bouquet de vaisseaux capillaires, et d&rsquo;un tubule urinaire. Ils r\u00e9alisent l&rsquo;ultrafiltration du sang, conduisant \u00e0 l&rsquo;urine primitive, au niveau de la capsule de Bowman. La composition de l&rsquo;urine primitive est modifi\u00e9e dans le tubule urinaire par des processus de r\u00e9absorptions et de s\u00e9cr\u00e9tions. Il en va de m\u00eame dans le tube collecteur acheminant l&rsquo;urine vers l&rsquo;uret\u00e8re. L&rsquo;urine primitive est ainsi transform\u00e9e en urine d\u00e9finitive, qui quitte le rein.<br \/>\nLa diur\u00e8se d\u00e9pend de la r\u00e9absorption de l&rsquo;eau de l&rsquo;urine primitive r\u00e9alis\u00e9e dans la portion terminale du tubule urinaire et surtout dans le tube collecteur : plus la r\u00e9absorption est importante, plus la diur\u00e8se est r\u00e9duite.<\/p>\n<p>La r\u00e9absorption de l&rsquo;eau est un processus passif, le tube collecteur est situ\u00e9 dans un environnement dont la concentration osmotique est sup\u00e9rieure \u00e0 celle de l&rsquo;urine qu&rsquo;il contient. Son \u00e9pith\u00e9lium \u00e9tant perm\u00e9able l&rsquo;eau, en cons\u00e9quence elle quitte l&rsquo;urine et gagne le milieu environnant.<br \/>\nLa perm\u00e9abilit\u00e9 des cellules du tube collecteur \u00e0 l&rsquo;eau est due \u00e0 la pr\u00e9sence de prot\u00e9ines membranaires formant des pores dans la membrane plasmique, les aquaporines.<\/p>\n<p>L&rsquo;hormone antidiur\u00e9tique agit sur les tubes collecteurs r\u00e9naux, induisant leur perm\u00e9abilit\u00e9 \u00e0 l&rsquo;eau et ainsi favorise la r\u00e9absorption de l&rsquo;eau urinaire, r\u00e9duisant le volume d&rsquo;urine d\u00e9finitive. Elle se fixe sur des r\u00e9cepteurs membranaires dits V2 des cellules du tube collecteur et par l&rsquo;interm\u00e9diaire d&rsquo;un second messager, l&rsquo;AMPc (ad\u00e9nosine monophosphate cyclique), provoque l&rsquo;activation des aquaporines.<\/p>\n<p>Ainsi, l\u2019hormone antidiur\u00e9tique participe au contr\u00f4le de l\u2019\u00e9quilibre hydrique de l&rsquo;organisme.<\/p>\n<p>Par ailleurs, l&rsquo;hormone antidiur\u00e9tique provoque une vasoconstriction.<br \/>\nLa paroi des vaisseaux sanguins est form\u00e9e de trois tuniques concentriques. Au contact de la lumi\u00e8re, l&rsquo;intima comporte un endoth\u00e9lium, \u00e9pith\u00e9lium simple et pavimenteux, et une couche sous-endoth\u00e9liale, constitu\u00e9e de tissu conjonctif fibreux. Elle est entour\u00e9e de la m\u00e9dia comprenant du tissu conjonctif fibreux et des fibres musculaires lisses \u00e0 disposition circulaire, particuli\u00e8rement abondantes dans les art\u00e8res dites musculaires. L&rsquo;adventice, p\u00e9riph\u00e9rique, est quant \u00e0 elle form\u00e9e de tissu conjonctif fibreux.<\/p>\n<p>La vasoconstriction r\u00e9sulte de la contraction des fibres musculaires lisses de la m\u00e9dia. Il s&rsquo;agit de leur raccourcissement, d\u00fb au coulissement de prot\u00e9ines fibreuses pr\u00e9sentes dans le cytoplasme, l&rsquo;actine et la myosine.<br \/>\nL&rsquo;hormone antidiur\u00e9tique se fixe sur des r\u00e9cepteurs membranaires dits V1a des fibres musculaires et par l&rsquo;interm\u00e9diaire d&rsquo;un second messager, l&rsquo;IP3 (inositol triphosphate), provoque la lib\u00e9ration d&rsquo;ions calcium par le r\u00e9ticulum endoplasmique lisse. Les ions calcium permettent la fixation de la myosine sur l&rsquo;actine et autorisent leur coulissement.<\/p>\n<p>Ainsi l&rsquo;hormone antidiur\u00e9tique contribue au contr\u00f4le des param\u00e8tres cardiovasculaires, et notamment de la pression art\u00e9rielle.<\/p>\n<p>La lib\u00e9ration de l\u2019hormone antidiur\u00e9tique par les terminaisons nerveuses de la neurohypophyse intervient lorsque la concentration osmotique du milieu int\u00e9rieur s&rsquo;\u00e9l\u00e8ve, ainsi qu&rsquo;en cas de diminution du volume sanguin ou de la pression art\u00e9rielle.<br \/>\nL&rsquo;hypothalamus comporte des r\u00e9cepteurs sensibles \u00e0 la concentration osmotique du milieu int\u00e9rieur, appel\u00e9s osmor\u00e9cepteurs. Leur stimulation provoque la lib\u00e9ration de l&rsquo;hormone qui, favorisant la r\u00e9absorption d&rsquo;eau r\u00e9nale, conduit \u00e0 une diminution de la concentration osmotique du milieu int\u00e9rieur. De m\u00eame la paroi de l&rsquo;oreillette gauche poss\u00e8de des r\u00e9cepteurs sensibles au volume sanguin, les volor\u00e9cepteurs. Leur stimulation aboutit \u00e0 la lib\u00e9ration de l&rsquo;hormone dont l&rsquo;action r\u00e9nale permet \u00e9galement d&rsquo;augmenter le volume sanguin.<br \/>\nLa crosse de l&rsquo;art\u00e8re aorte comporte quant \u00e0 elle des r\u00e9cepteurs sensibles \u00e0 la pression art\u00e9rielle, les baror\u00e9cepteurs, dont la stimulation est \u00e0 l&rsquo;origine de la d\u00e9charge d&rsquo;hormone antidiur\u00e9tique. Son action vasculaire contribue \u00e0 augmenter la pression art\u00e9rielle. <\/p>\n<p>De m\u00eame que l&rsquo;ocytocine, l&rsquo;hormone antidiur\u00e9tique est une neurohormone dont la lib\u00e9ration est contr\u00f4l\u00e9e par voie nerveuse principalement.<\/p>\n<p>Ainsi l&rsquo;hormone antidiur\u00e9tique est impliqu\u00e9e dans la r\u00e9gulation de l&rsquo;\u00e9quilibre hydrique, du fait de son action r\u00e9nale limitant la diur\u00e8se, et la r\u00e9gulation de la circulation, en raison de son action sur les vaisseaux sanguins provoquant la vasoconstriction. <\/p>\n<figure id=\"d0e10818\"\nclass=\"img\"\ntitle=\"Figure\u00a05.\u00a0Axes hypothalamus-neurohypophyse \"><\/p>\n<div class=\"figure\">\n<figure style=\"width: 300px\" class=\"wp-caption alignnone\"><a rel=\"lightbox\" href=\"\/documents\/images\/PetitesQuestionsDePhysiologie\/2019\/media\/images\/26_figure_05.jpg\"><img decoding=\"async\" src=\"\/documents\/images\/PetitesQuestionsDePhysiologie\/2019\/media\/images\/26_figure_05.jpg\" width=\"300\" \" alt=\"Axes hypothalamus-neurohypophyse\" class=\"size-medium\" \/><figcaption class=\"wp-caption-text\">Figure\u00a05.\u00a0Axes hypothalamus-neurohypophyse  <\/a><\/figcaption><\/figure>\n<\/div>\n<div class=\"copyright\">\n<p>Copyright : 2019 &#8211; Eva Brunon ; Pauline Defour ; Justine Fayolle ; Ana\u00eblle Joassard<\/p>\n<\/div>\n<div class=\"legalnotice\" title=\"Note L\u00e9gale\">\n<p> Cette illustration est mise \u00e0 disposition selon les termes de la Licence Creative Commons Attribution &#8211; Pas d&rsquo;Utilisation Commerciale &#8211; Partage dans les m\u00eames conditions 4.0 International.<span class=\"inlinemediaobject\"><br \/>\n<img decoding=\"async\" class=\"ccimage\" src=\"\/documents\/images\/PetitesQuestionsDePhysiologie\/2019\/media\/images\/00_licence.png\" width=\"50\"\/> <\/span> <\/p>\n<\/div>\n<\/figure>\n<p><\/p>\n<p>Finalement, la neurohypophyse lib\u00e8re des neurohormones synth\u00e9tis\u00e9es dans les corps cellulaires des neurones hypothalamiques et achemin\u00e9es par transport axonal dans les terminaisons nerveuses o\u00f9 elles sont stock\u00e9es. Elles sont lib\u00e9r\u00e9es par exocytose dans les vaisseaux sanguins capillaires en r\u00e9ponse \u00e0 une stimulation nerveuse.<\/p>\n<p>Extension de l&rsquo;hypothalamus stockant et lib\u00e9rant dans le sang les neurohormones qu&rsquo;il produit la neurohypophyse est un organe neuroh\u00e9mal.<\/p>\n<p>Ainsi l\u2019hypothalamus et la neurohypophyse forment un complexe fonctionnel \u00e0 la fois nerveux et endocrinien. Il contribue \u00e0 la coordination du fonctionnement des deux syst\u00e8mes.<\/p>\n<p>Qu&rsquo;en est-il des relations fonctionnelles entre hypothalamus et ad\u00e9nohypophyse ?<\/p>\n<\/section>\n<p> &nbsp; <\/p>\n<footer>\n<hr \/>\n<table style=\"width: 100%; \">\n<tr>\n<td style=\"width: 40%; text-align: left; \">\n<a href=\"\/codex\/petites-questions-de-physiologie\/petites-questions-de-physiologie-animale-2019-ouvrage\/lhypothalamus-et-lhypophyse-deux-organes-agences-en-un-complexe-structural\" title=\"L\u2019hypothalamus et l\u2019hypophyse : deux organes agenc\u00e9s en un complexe structural\">Pr\u00e9c\u00e9dent<\/a>\n<\/td>\n<td style=\"width: 20%; text-align: center; \">\n<a href=\"\/codex\/petites-questions-de-physiologie\/petites-questions-de-physiologie-animale-2019-ouvrage\/le-complexe-hypothalamo-hypophysaire-des-mammiferes-et-son-fonctionnement-introduction\" title=\"Le complexe hypothalamo-hypophysaire des Mammif\u00e8res et son fonctionnement : introduction\">Niveau sup\u00e9rieur<\/a>\n<\/td>\n<td style=\"width: 40%; text-align: right; \">\n<a href=\"\/codex\/petites-questions-de-physiologie\/petites-questions-de-physiologie-animale-2019-ouvrage\/le-complexe-hypothalamo-adenohypophysaire-organes-cibles\" title=\"Le complexe hypothalamo-ad\u00e9nohypophysaire-organes cibles\">Suivant<\/a>\n<\/td>\n<\/tr>\n<tr>\n<td style=\"width: 40%; text-align: left; vertical-align: top; \">L&rsquo;hypothalamus et l&rsquo;hypophyse : deux organes agenc\u00e9s en un complexe structural \u00a0<\/td>\n<td style=\"width: 20%; text-align: center; \">\n<a href=\"\/codex\/petites-questions-de-physiologie\/petites-questions-de-physiologie-animale-2019-ouvrage\" title=\"Petites questions de physiologie animale 2019 : ouvrage\">Sommaire<\/a>\n<\/td>\n<td style=\"width: 40%; text-align: right; vertical-align: top; \">\u00a0Le complexe hypothalamo-ad\u00e9nohypophysaire-organes cibles <\/td>\n<\/tr>\n<\/table>\n<\/footer>\n","protected":false},"excerpt":{"rendered":"<p>Le complexe hypothalamo-neurohypophysaire Pr\u00e9c\u00e9dent Le complexe hypothalamo-hypophysaire des Mammif\u00e8res et son fonctionnement \u00a0 Suivant &nbsp; La neurohypophyse est un prolongement de l&rsquo;hypothalamus, dans la mesure o\u00f9 elle contient les axones et les terminaisons de neurones dont les corps cellulaires sont localis\u00e9s dans l&rsquo;hypothalamus. Les terminaisons des neurones contiennent g\u00e9n\u00e9ralement les mol\u00e9cules informatives produites par leurs [&hellip;]<\/p>\n","protected":false},"author":2,"featured_media":0,"parent":13169,"menu_order":69,"comment_status":"closed","ping_status":"closed","template":"","meta":{"site-sidebar-layout":"default","site-content-layout":"","ast-site-content-layout":"default","site-content-style":"default","site-sidebar-style":"default","ast-global-header-display":"","ast-banner-title-visibility":"","ast-main-header-display":"","ast-hfb-above-header-display":"","ast-hfb-below-header-display":"","ast-hfb-mobile-header-display":"","site-post-title":"","ast-breadcrumbs-content":"","ast-featured-img":"","footer-sml-layout":"","ast-disable-related-posts":"","theme-transparent-header-meta":"","adv-header-id-meta":"","stick-header-meta":"","header-above-stick-meta":"","header-main-stick-meta":"","header-below-stick-meta":"","astra-migrate-meta-layouts":"default","ast-page-background-enabled":"default","ast-page-background-meta":{"desktop":{"background-color":"var(--ast-global-color-4)","background-image":"","background-repeat":"repeat","background-position":"center center","background-size":"auto","background-attachment":"scroll","background-type":"","background-media":"","overlay-type":"","overlay-color":"","overlay-opacity":"","overlay-gradient":""},"tablet":{"background-color":"","background-image":"","background-repeat":"repeat","background-position":"center center","background-size":"auto","background-attachment":"scroll","background-type":"","background-media":"","overlay-type":"","overlay-color":"","overlay-opacity":"","overlay-gradient":""},"mobile":{"background-color":"","background-image":"","background-repeat":"repeat","background-position":"center center","background-size":"auto","background-attachment":"scroll","background-type":"","background-media":"","overlay-type":"","overlay-color":"","overlay-opacity":"","overlay-gradient":""}},"ast-content-background-meta":{"desktop":{"background-color":"var(--ast-global-color-5)","background-image":"","background-repeat":"repeat","background-position":"center center","background-size":"auto","background-attachment":"scroll","background-type":"","background-media":"","overlay-type":"","overlay-color":"","overlay-opacity":"","overlay-gradient":""},"tablet":{"background-color":"var(--ast-global-color-5)","background-image":"","background-repeat":"repeat","background-position":"center center","background-size":"auto","background-attachment":"scroll","background-type":"","background-media":"","overlay-type":"","overlay-color":"","overlay-opacity":"","overlay-gradient":""},"mobile":{"background-color":"var(--ast-global-color-5)","background-image":"","background-repeat":"repeat","background-position":"center center","background-size":"auto","background-attachment":"scroll","background-type":"","background-media":"","overlay-type":"","overlay-color":"","overlay-opacity":"","overlay-gradient":""}},"footnotes":""},"class_list":["post-14166","page","type-page","status-publish","hentry"],"aioseo_notices":[],"jetpack_sharing_enabled":true,"_links":{"self":[{"href":"https:\/\/codexvirtualis.fr\/codex\/wp-json\/wp\/v2\/pages\/14166","targetHints":{"allow":["GET"]}}],"collection":[{"href":"https:\/\/codexvirtualis.fr\/codex\/wp-json\/wp\/v2\/pages"}],"about":[{"href":"https:\/\/codexvirtualis.fr\/codex\/wp-json\/wp\/v2\/types\/page"}],"author":[{"embeddable":true,"href":"https:\/\/codexvirtualis.fr\/codex\/wp-json\/wp\/v2\/users\/2"}],"replies":[{"embeddable":true,"href":"https:\/\/codexvirtualis.fr\/codex\/wp-json\/wp\/v2\/comments?post=14166"}],"version-history":[{"count":3,"href":"https:\/\/codexvirtualis.fr\/codex\/wp-json\/wp\/v2\/pages\/14166\/revisions"}],"predecessor-version":[{"id":14189,"href":"https:\/\/codexvirtualis.fr\/codex\/wp-json\/wp\/v2\/pages\/14166\/revisions\/14189"}],"up":[{"embeddable":true,"href":"https:\/\/codexvirtualis.fr\/codex\/wp-json\/wp\/v2\/pages\/13169"}],"wp:attachment":[{"href":"https:\/\/codexvirtualis.fr\/codex\/wp-json\/wp\/v2\/media?parent=14166"}],"curies":[{"name":"wp","href":"https:\/\/api.w.org\/{rel}","templated":true}]}}