{"id":14161,"date":"2021-08-03T16:04:02","date_gmt":"2021-08-03T14:04:02","guid":{"rendered":"https:\/\/codexvirtualis.fr\/codex\/?page_id=14161"},"modified":"2021-08-07T12:08:30","modified_gmt":"2021-08-07T10:08:30","slug":"lhypothalamus-et-lhypophyse-deux-organes-agences-en-un-complexe-structural","status":"publish","type":"page","link":"https:\/\/codexvirtualis.fr\/codex\/petites-questions-de-physiologie\/petites-questions-de-physiologie-animale-2019-ouvrage\/lhypothalamus-et-lhypophyse-deux-organes-agences-en-un-complexe-structural","title":{"rendered":"L&rsquo;hypothalamus et l&rsquo;hypophyse : deux organes agenc\u00e9s en un complexe structural"},"content":{"rendered":"<header>\n<table style=\"width: 100%; \">\n<tr>\n<th style=\"text-align: center; \" colspan=\"3\">L&rsquo;hypothalamus et l&rsquo;hypophyse : deux organes agenc\u00e9s en un complexe structural <\/th>\n<\/tr>\n<tr>\n<td style=\"width: 20%; text-align: left; \">\n<a href=\"\/codex\/petites-questions-de-physiologie\/petites-questions-de-physiologie-animale-2019-ouvrage\/le-complexe-hypothalamo-hypophysaire-des-mammiferes-et-son-fonctionnement-introduction\" title=\"Le complexe hypothalamo-hypophysaire des Mammif\u00e8res et son fonctionnement : introduction\">Pr\u00e9c\u00e9dent<\/a>\u00a0\n<\/td>\n<th style=\"width: 60%; text-align: center; \">Le complexe hypothalamo-hypophysaire des Mammif\u00e8res et son fonctionnement<\/th>\n<td style=\"width: 20%; text-align: right; \">\n<a href=\"\/codex\/petites-questions-de-physiologie\/petites-questions-de-physiologie-animale-2019-ouvrage\/le-complexe-hypothalamo-neurohypophysaire\" title=\"Le complexe hypothalamo-neurohypophysaire\">Suivant<\/a>\n<\/td>\n<\/tr>\n<\/table>\n<hr \/>\n<\/header>\n<p> &nbsp; <\/p>\n<section class=\"sect1\" id=\"d0e10566\">\n<p>L&rsquo;enc\u00e9phale des Mammif\u00e8res, et plus g\u00e9n\u00e9ralement des Vert\u00e9br\u00e9s, est form\u00e9 de cinq v\u00e9sicules creuses. De la r\u00e9gion ant\u00e9rieure vers la r\u00e9gion post\u00e9rieure, ce sont :<\/p>\n<ul class=\"itemizedlist\" style=\"list-style-type: disc; \">\n<li class=\"listitem\">le t\u00e9lenc\u00e9phale repr\u00e9sent\u00e9 par les h\u00e9misph\u00e8res c\u00e9r\u00e9braux et les bulbes olfactifs ;\n<\/li>\n<li class=\"listitem\">le dienc\u00e9phale form\u00e9 de l&rsquo;\u00e9pithalamus, du thalamus et de l&rsquo;hypothalamus ;\n<\/li>\n<li class=\"listitem\">le m\u00e9senc\u00e9phale constitu\u00e9 des tubercules quadrijumeaux et des p\u00e9doncules c\u00e9r\u00e9braux ;\n<\/li>\n<li class=\"listitem\">le m\u00e9tenc\u00e9phale comprenant le cervelet et le pont ;\n<\/li>\n<li class=\"listitem\">le my\u00e9lenc\u00e9phale avec le bulbe rachidien.\n<\/li>\n<\/ul>\n<p>Les cavit\u00e9s creus\u00e9es dans les v\u00e9sicules sont appel\u00e9es ventricules.<\/p>\n<\/section>\n<section class=\"sect2\" id=\"d0e10589\">\n<h3 class=\"title\">L&rsquo;hypothalamus et l&rsquo;hypophyse : une association du plancher du dienc\u00e9phale et d\u2019une glande endocrine<\/h3>\n<p> &nbsp; <\/p>\n<figure id=\"d0e10592\"\nclass=\"img\"\ntitle=\"Figure\u00a01.\u00a0Enc\u00e9phale et hypophyse humains en coupe sagittale (Collection de l'Universt\u00e9 Jean Monnet)\"><\/p>\n<div class=\"figure\">\n<figure style=\"width: 300px\" class=\"wp-caption alignnone\"><a rel=\"lightbox\" href=\"\/documents\/images\/PetitesQuestionsDePhysiologie\/2019\/media\/images\/26_figure_01.jpg\"><img decoding=\"async\" src=\"\/documents\/images\/PetitesQuestionsDePhysiologie\/2019\/media\/images\/26_figure_01.jpg\" width=\"300\" \" alt=\"Enc\u00e9phale et hypophyse humains en coupe sagittale (Collection de l'Universt\u00e9 Jean Monnet)\" class=\"size-medium\" \/><figcaption class=\"wp-caption-text\">Figure\u00a01.\u00a0Enc\u00e9phale et hypophyse humains en coupe sagittale (Collection de l&rsquo;Universt\u00e9 Jean Monnet)  <\/a><\/figcaption><\/figure>\n<\/div>\n<div class=\"copyright\">\n<p>Copyright : 2019 &#8211; Eva Brunon ; Pauline Defour ; Justine Fayolle ; Ana\u00eblle Joassard ; Sandrine Heusser<\/p>\n<\/div>\n<div class=\"legalnotice\" title=\"Note L\u00e9gale\">\n<p> Cette illustration est mise \u00e0 disposition selon les termes de la Licence Creative Commons Attribution &#8211; Pas d&rsquo;Utilisation Commerciale &#8211; Partage dans les m\u00eames conditions 4.0 International.<span class=\"inlinemediaobject\"><br \/>\n<img decoding=\"async\" class=\"ccimage\" src=\"\/documents\/images\/PetitesQuestionsDePhysiologie\/2019\/media\/images\/00_licence.png\" width=\"50\"\/> <\/span> <\/p>\n<\/div>\n<\/figure>\n<p><\/p>\n<p>Chez les Mammif\u00e8res, les h\u00e9misph\u00e8res c\u00e9r\u00e9braux sont particuli\u00e8rement d\u00e9velopp\u00e9s et comportent plusieurs r\u00e9gions. Ils couvrent presque totalement le dienc\u00e9phale et le m\u00e9senc\u00e9phale. <\/p>\n<p>La r\u00e9gion ventrale du dienc\u00e9phale est repr\u00e9sent\u00e9e par l\u2019hypothalamus, qui forme les parois inf\u00e9rieure et lat\u00e9rales ainsi que le plancher du troisi\u00e8me ventricule. Il est constitu\u00e9 de neurones dont les corps cellulaires sont agenc\u00e9s en noyaux, d\u00e9finissant trois r\u00e9gions hypothalamiques : ant\u00e9rieure, m\u00e9diane et post\u00e9rieure.<\/p>\n<p>Sous l&rsquo;hypothalamus est localis\u00e9e l&rsquo;hypophyse, de forme approximativement sph\u00e9rique, log\u00e9e dans une cavit\u00e9 de l&rsquo;os sph\u00e9no\u00efde appel\u00e9e selle turcique ou fosse hypophysaire.<\/p>\n<p>Hypothalamus et hypophyse sont reli\u00e9es par un p\u00e9doncule, la tige pituitaire ou tige hypophysaire.<\/p>\n<figure id=\"d0e10632\"\nclass=\"img\"\ntitle=\"Figure\u00a02.\u00a0Hypophyse de Mammif\u00e8re en coupe longitudinale (Collection de l'ENS de Lyon)\"><\/p>\n<div class=\"figure\">\n<figure style=\"width: 300px\" class=\"wp-caption alignnone\"><a rel=\"lightbox\" href=\"\/documents\/images\/PetitesQuestionsDePhysiologie\/2019\/media\/images\/26_figure_02.jpg\"><img decoding=\"async\" src=\"\/documents\/images\/PetitesQuestionsDePhysiologie\/2019\/media\/images\/26_figure_02.jpg\" width=\"300\" \" alt=\"Hypophyse de Mammif\u00e8re en coupe longitudinale (Collection de l'ENS de Lyon)\" class=\"size-medium\" \/><figcaption class=\"wp-caption-text\">Figure\u00a02.\u00a0Hypophyse de Mammif\u00e8re en coupe longitudinale (Collection de l&rsquo;ENS de Lyon)  <\/a><\/figcaption><\/figure>\n<\/div>\n<div class=\"copyright\">\n<p>Copyright : 2019 &#8211; Eva Brunon ; Pauline Defour ; Justine Fayolle ; Ana\u00eblle Joassard ; Sandrine Heusser<\/p>\n<\/div>\n<div class=\"legalnotice\" title=\"Note L\u00e9gale\">\n<p> Cette illustration est mise \u00e0 disposition selon les termes de la Licence Creative Commons Attribution &#8211; Pas d&rsquo;Utilisation Commerciale &#8211; Partage dans les m\u00eames conditions 4.0 International.<span class=\"inlinemediaobject\"><br \/>\n<img decoding=\"async\" class=\"ccimage\" src=\"\/documents\/images\/PetitesQuestionsDePhysiologie\/2019\/media\/images\/00_licence.png\" width=\"50\"\/> <\/span> <\/p>\n<\/div>\n<\/figure>\n<p><\/p>\n<p>L&rsquo;hypophyse appara\u00eet constitu\u00e9e de deux r\u00e9gions principales : la neurohypophyse post\u00e9rieure et l&rsquo;ad\u00e9nohypophyse ant\u00e9rieure.<br \/>\nLa neurohypophyse est form\u00e9e d&rsquo;un unique lobe, en continuit\u00e9 avec la tige pituitaire et l&rsquo;infundibulum reli\u00e9 \u00e0 l&rsquo;hypothalamus.<br \/>\nL&rsquo;ad\u00e9nohypophyse comporte un lobe ant\u00e9rieur, un lobe interm\u00e9diaire accol\u00e9 \u00e0 la neurohypophyse et un lobe tub\u00e9ral, entourant la tige pituitaire. <\/p>\n<p>L&rsquo;hypophyse est donc un organe comportant deux r\u00e9gions accol\u00e9es, la neurohypophyse en continuit\u00e9 avec l&rsquo;hypothalamus et l&rsquo;ad\u00e9nohypophyse ind\u00e9pendante de l&rsquo;hypothalamus.<\/p>\n<p>Quelles sont les caract\u00e9ristiques de ces deux r\u00e9gions ?<\/p>\n<\/section>\n<section class=\"sect2\" id=\"d0e10670\">\n<h3 class=\"title\">L\u2019hypothalamus et l\u2019hypophyse : une association de tissu nerveux et de tissu endocrinien<\/h3>\n<p> &nbsp; <\/p>\n<figure id=\"d0e10673\"\nclass=\"img\"\ntitle=\"Figure\u00a03.\u00a0Neurohypophyse de Mammif\u00e8re en coupe transversale (Collection de l'ENS de Lyon)\"><\/p>\n<div class=\"figure\">\n<figure style=\"width: 300px\" class=\"wp-caption alignnone\"><a rel=\"lightbox\" href=\"\/documents\/images\/PetitesQuestionsDePhysiologie\/2019\/media\/images\/26_figure_03.jpg\"><img decoding=\"async\" src=\"\/documents\/images\/PetitesQuestionsDePhysiologie\/2019\/media\/images\/26_figure_03.jpg\" width=\"300\" \" alt=\"Neurohypophyse de Mammif\u00e8re en coupe transversale (Collection de l'ENS de Lyon)\" class=\"size-medium\" \/><figcaption class=\"wp-caption-text\">Figure\u00a03.\u00a0Neurohypophyse de Mammif\u00e8re en coupe transversale (Collection de l&rsquo;ENS de Lyon)  <\/a><\/figcaption><\/figure>\n<\/div>\n<div class=\"copyright\">\n<p>Copyright : 2019 &#8211; Eva Brunon ; Pauline Defour ; Justine Fayolle ; Ana\u00eblle Joassard ; Sandrine Heusser<\/p>\n<\/div>\n<div class=\"legalnotice\" title=\"Note L\u00e9gale\">\n<p> Cette illustration est mise \u00e0 disposition selon les termes de la Licence Creative Commons Attribution &#8211; Pas d&rsquo;Utilisation Commerciale &#8211; Partage dans les m\u00eames conditions 4.0 International.<span class=\"inlinemediaobject\"><br \/>\n<img decoding=\"async\" class=\"ccimage\" src=\"\/documents\/images\/PetitesQuestionsDePhysiologie\/2019\/media\/images\/00_licence.png\" width=\"50\"\/> <\/span> <\/p>\n<\/div>\n<\/figure>\n<p><\/p>\n<p>La neurohypophyse appara\u00eet constitu\u00e9e de fibres nerveuses correspondant \u00e0 des axones et des terminaisons de neurones, de cellules gliales appel\u00e9es pituitocytes et de vaisseaux sanguins capillaires. Elle est donc form\u00e9e de tissu nerveux. <\/p>\n<p>Reli\u00e9e \u00e0 l&rsquo;hypothalamus, la neurohypophyse r\u00e9sulte en fait de l&rsquo;association des axones de neurones dont les corps cellulaires sont situ\u00e9s dans l&rsquo;hypothalamus, en particulier dans les noyaux paraventriculaire, supra-optique et arqu\u00e9. <\/p>\n<figure id=\"d0e10709\"\nclass=\"img\"\ntitle=\"Figure\u00a04.\u00a0Ad\u00e9nohypophyse de Mammif\u00e8re en coupe transversale (Collection de l'universit\u00e9 Jean Monnet)\"><\/p>\n<div class=\"figure\">\n<figure style=\"width: 300px\" class=\"wp-caption alignnone\"><a rel=\"lightbox\" href=\"\/documents\/images\/PetitesQuestionsDePhysiologie\/2019\/media\/images\/26_figure_04.jpg\"><img decoding=\"async\" src=\"\/documents\/images\/PetitesQuestionsDePhysiologie\/2019\/media\/images\/26_figure_04.jpg\" width=\"300\" \" alt=\"Ad\u00e9nohypophyse de Mammif\u00e8re en coupe transversale (Collection de l'universit\u00e9 Jean Monnet)\" class=\"size-medium\" \/><figcaption class=\"wp-caption-text\">Figure\u00a04.\u00a0Ad\u00e9nohypophyse de Mammif\u00e8re en coupe transversale (Collection de l&rsquo;universit\u00e9 Jean Monnet)  <\/a><\/figcaption><\/figure>\n<\/div>\n<div class=\"copyright\">\n<p>Copyright : 2019 &#8211; Eva Brunon ; Pauline Defour ; Justine Fayolle ; Ana\u00eblle Joassard<\/p>\n<\/div>\n<div class=\"legalnotice\" title=\"Note L\u00e9gale\">\n<p> Cette illustration est mise \u00e0 disposition selon les termes de la Licence Creative Commons Attribution &#8211; Pas d&rsquo;Utilisation Commerciale &#8211; Partage dans les m\u00eames conditions 4.0 International.<span class=\"inlinemediaobject\"><br \/>\n<img decoding=\"async\" class=\"ccimage\" src=\"\/documents\/images\/PetitesQuestionsDePhysiologie\/2019\/media\/images\/00_licence.png\" width=\"50\"\/> <\/span> <\/p>\n<\/div>\n<\/figure>\n<p><\/p>\n<p>L&rsquo;ad\u00e9nohypophyse appara\u00eet form\u00e9e de cellules relativement volumineuses dont le cytoplasme est granuleux. Elles sont group\u00e9es en amas ou en cordons entrent lesquels cheminent des vaisseaux sanguins. Une telle organisation est caract\u00e9ristique des glandes endocrines.<\/p>\n<p>Finalement, l&rsquo;hypophyse est un organe mixte dans lequel coexistent du tissu nerveux, constituant la neurohypophyse, et du tissu \u00e9pith\u00e9lial glandulaire, constituant l&rsquo;ad\u00e9nohypophyse.<br \/>\nLes deux r\u00e9gions sont accol\u00e9es mais \u00e9galement reli\u00e9es par l&rsquo;appareil circulatoire. L&rsquo;art\u00e8re hypophysaire sup\u00e9rieure irrigue l&rsquo;hypothalamus, dans lequel elle se ramifie en vaisseaux capillaires. Ils convergent en une veine gagnant l&rsquo;ad\u00e9nohypophyse o\u00f9 elle se ramifie en vaisseaux capillaires, convergeant en une veine hypophysaire. En relation avec sa situation, intercal\u00e9e entre deux r\u00e9seaux de capillaires veineux, la veine provenant de l&rsquo;hypothalamus et irriguant l&rsquo;ad\u00e9nohypophyse est dite veine porte hypothalamo-hypophysaire.<br \/>\nLa neurohypophyse quant \u00e0 elle est irrigu\u00e9e par l&rsquo;art\u00e8re hypophysaire inf\u00e9rieure et le sang en est drain\u00e9 par la veine hypophysaire.<\/p>\n<p>Ainsi, hypothalamus et hypophyse forment un complexe du point de vue structural.<\/p>\n<p>Qu&rsquo;en est-il du point de vue fonctionnel ?<\/p>\n<\/section>\n<p> &nbsp; <\/p>\n<footer>\n<hr \/>\n<table style=\"width: 100%; \">\n<tr>\n<td style=\"width: 40%; text-align: left; \">\n<a href=\"\/codex\/petites-questions-de-physiologie\/petites-questions-de-physiologie-animale-2019-ouvrage\/le-complexe-hypothalamo-hypophysaire-des-mammiferes-et-son-fonctionnement-introduction\" title=\"Le complexe hypothalamo-hypophysaire des Mammif\u00e8res et son fonctionnement : introduction\">Pr\u00e9c\u00e9dent<\/a>\n<\/td>\n<td style=\"width: 20%; text-align: center; \">\n<a href=\"\/codex\/petites-questions-de-physiologie\/petites-questions-de-physiologie-animale-2019-ouvrage\/le-complexe-hypothalamo-hypophysaire-des-mammiferes-et-son-fonctionnement-introduction\" title=\"Le complexe hypothalamo-hypophysaire des Mammif\u00e8res et son fonctionnement : introduction\">Niveau sup\u00e9rieur<\/a>\n<\/td>\n<td style=\"width: 40%; text-align: right; \">\n<a href=\"\/codex\/petites-questions-de-physiologie\/petites-questions-de-physiologie-animale-2019-ouvrage\/le-complexe-hypothalamo-neurohypophysaire\" title=\"Le complexe hypothalamo-neurohypophysaire\">Suivant<\/a>\n<\/td>\n<\/tr>\n<tr>\n<td style=\"width: 40%; text-align: left; vertical-align: top; \">Le complexe hypothalamo-hypophysaire des Mammif\u00e8res et son fonctionnement\u00a0<\/td>\n<td style=\"width: 20%; text-align: center; \">\n<a href=\"\/codex\/petites-questions-de-physiologie\/petites-questions-de-physiologie-animale-2019-ouvrage\" title=\"Petites questions de physiologie animale 2019 : ouvrage\">Sommaire<\/a>\n<\/td>\n<td style=\"width: 40%; text-align: right; vertical-align: top; \">\u00a0Le complexe hypothalamo-neurohypophysaire <\/td>\n<\/tr>\n<\/table>\n<\/footer>\n","protected":false},"excerpt":{"rendered":"<p>L&rsquo;hypothalamus et l&rsquo;hypophyse : deux organes agenc\u00e9s en un complexe structural Pr\u00e9c\u00e9dent\u00a0 Le complexe hypothalamo-hypophysaire des Mammif\u00e8res et son fonctionnement Suivant &nbsp; L&rsquo;enc\u00e9phale des Mammif\u00e8res, et plus g\u00e9n\u00e9ralement des Vert\u00e9br\u00e9s, est form\u00e9 de cinq v\u00e9sicules creuses. De la r\u00e9gion ant\u00e9rieure vers la r\u00e9gion post\u00e9rieure, ce sont : le t\u00e9lenc\u00e9phale repr\u00e9sent\u00e9 par les h\u00e9misph\u00e8res c\u00e9r\u00e9braux et [&hellip;]<\/p>\n","protected":false},"author":2,"featured_media":0,"parent":13169,"menu_order":68,"comment_status":"closed","ping_status":"closed","template":"","meta":{"site-sidebar-layout":"default","site-content-layout":"","ast-site-content-layout":"default","site-content-style":"default","site-sidebar-style":"default","ast-global-header-display":"","ast-banner-title-visibility":"","ast-main-header-display":"","ast-hfb-above-header-display":"","ast-hfb-below-header-display":"","ast-hfb-mobile-header-display":"","site-post-title":"","ast-breadcrumbs-content":"","ast-featured-img":"","footer-sml-layout":"","ast-disable-related-posts":"","theme-transparent-header-meta":"","adv-header-id-meta":"","stick-header-meta":"","header-above-stick-meta":"","header-main-stick-meta":"","header-below-stick-meta":"","astra-migrate-meta-layouts":"default","ast-page-background-enabled":"default","ast-page-background-meta":{"desktop":{"background-color":"var(--ast-global-color-4)","background-image":"","background-repeat":"repeat","background-position":"center center","background-size":"auto","background-attachment":"scroll","background-type":"","background-media":"","overlay-type":"","overlay-color":"","overlay-opacity":"","overlay-gradient":""},"tablet":{"background-color":"","background-image":"","background-repeat":"repeat","background-position":"center center","background-size":"auto","background-attachment":"scroll","background-type":"","background-media":"","overlay-type":"","overlay-color":"","overlay-opacity":"","overlay-gradient":""},"mobile":{"background-color":"","background-image":"","background-repeat":"repeat","background-position":"center center","background-size":"auto","background-attachment":"scroll","background-type":"","background-media":"","overlay-type":"","overlay-color":"","overlay-opacity":"","overlay-gradient":""}},"ast-content-background-meta":{"desktop":{"background-color":"var(--ast-global-color-5)","background-image":"","background-repeat":"repeat","background-position":"center center","background-size":"auto","background-attachment":"scroll","background-type":"","background-media":"","overlay-type":"","overlay-color":"","overlay-opacity":"","overlay-gradient":""},"tablet":{"background-color":"var(--ast-global-color-5)","background-image":"","background-repeat":"repeat","background-position":"center center","background-size":"auto","background-attachment":"scroll","background-type":"","background-media":"","overlay-type":"","overlay-color":"","overlay-opacity":"","overlay-gradient":""},"mobile":{"background-color":"var(--ast-global-color-5)","background-image":"","background-repeat":"repeat","background-position":"center center","background-size":"auto","background-attachment":"scroll","background-type":"","background-media":"","overlay-type":"","overlay-color":"","overlay-opacity":"","overlay-gradient":""}},"footnotes":""},"class_list":["post-14161","page","type-page","status-publish","hentry"],"aioseo_notices":[],"jetpack_sharing_enabled":true,"_links":{"self":[{"href":"https:\/\/codexvirtualis.fr\/codex\/wp-json\/wp\/v2\/pages\/14161","targetHints":{"allow":["GET"]}}],"collection":[{"href":"https:\/\/codexvirtualis.fr\/codex\/wp-json\/wp\/v2\/pages"}],"about":[{"href":"https:\/\/codexvirtualis.fr\/codex\/wp-json\/wp\/v2\/types\/page"}],"author":[{"embeddable":true,"href":"https:\/\/codexvirtualis.fr\/codex\/wp-json\/wp\/v2\/users\/2"}],"replies":[{"embeddable":true,"href":"https:\/\/codexvirtualis.fr\/codex\/wp-json\/wp\/v2\/comments?post=14161"}],"version-history":[{"count":4,"href":"https:\/\/codexvirtualis.fr\/codex\/wp-json\/wp\/v2\/pages\/14161\/revisions"}],"predecessor-version":[{"id":14165,"href":"https:\/\/codexvirtualis.fr\/codex\/wp-json\/wp\/v2\/pages\/14161\/revisions\/14165"}],"up":[{"embeddable":true,"href":"https:\/\/codexvirtualis.fr\/codex\/wp-json\/wp\/v2\/pages\/13169"}],"wp:attachment":[{"href":"https:\/\/codexvirtualis.fr\/codex\/wp-json\/wp\/v2\/media?parent=14161"}],"curies":[{"name":"wp","href":"https:\/\/api.w.org\/{rel}","templated":true}]}}