{"id":14149,"date":"2021-08-03T16:03:57","date_gmt":"2021-08-03T14:03:57","guid":{"rendered":"https:\/\/codexvirtualis.fr\/codex\/?page_id=14149"},"modified":"2021-08-07T12:08:02","modified_gmt":"2021-08-07T10:08:02","slug":"le-complexe-hypothalamo-hypophysaire-des-mammiferes-et-son-fonctionnement-introduction","status":"publish","type":"page","link":"https:\/\/codexvirtualis.fr\/codex\/petites-questions-de-physiologie\/petites-questions-de-physiologie-animale-2019-ouvrage\/le-complexe-hypothalamo-hypophysaire-des-mammiferes-et-son-fonctionnement-introduction","title":{"rendered":"Le complexe hypothalamo-hypophysaire des Mammif\u00e8res et son fonctionnement : introduction"},"content":{"rendered":"<header>\n<table style=\"width: 100%; \">\n<tr>\n<th style=\"text-align: center; \" colspan=\"3\">Le complexe hypothalamo-hypophysaire des Mammif\u00e8res et son fonctionnement<\/th>\n<\/tr>\n<tr>\n<td style=\"width: 20%; text-align: left; \">\n<a href=\"\/codex\/petites-questions-de-physiologie\/petites-questions-de-physiologie-animale-2019-ouvrage\/vivre-fixe-a-partir-de-lexemple-des-eumollusques-bibliographie-et-sitographie\" title=\"Vivre fix\u00e9 \u00e0 partir de l\u2019exemple des Eumollusques : bibliographie et sitographie\">Pr\u00e9c\u00e9dent<\/a>\u00a0<\/td>\n<th style=\"width: 60%; text-align: center; \">\u00a0<\/th>\n<td style=\"width: 20%; text-align: right; \">\u00a0<a href=\"\/codex\/petites-questions-de-physiologie\/petites-questions-de-physiologie-animale-2019-ouvrage\/lhypothalamus-et-lhypophyse-deux-organes-agences-en-un-complexe-structural\" title=\"L\u2019hypothalamus et l\u2019hypophyse : deux organes agenc\u00e9s en un complexe structural\">Suivant<\/a>\n<\/td>\n<\/tr>\n<\/table>\n<hr \/>\n<\/header>\n<p> &nbsp; <\/p>\n<section class=\"article\" id=\"d0e10496\">\n<class=\"author\"><br \/>\n<span class=\"firstname\">Eva <span class=\"surname\">Brunon<\/span><br \/>\n<code class=\"email\">&lt;<a class=\"email\" href=\"mailto:eva.brunon@etu.univ-st-etienne.fr\">eva.brunon@etu.univ-st-etienne.fr<\/a>&gt;<\/code><\/p>\n<p><class=\"author\"><br \/>\n<span class=\"firstname\">Pauline<\/span> <span class=\"surname\">Defour<\/span><br \/>\n<code class=\"email\">&lt;<a class=\"email\" href=\"mailto:pauline.defour2@etu.univ-st-etienne.fr\">pauline.defour2@etu.univ-st-etienne.fr<\/a>&gt;<\/code><\/p>\n<p><class=\"author\"><br \/>\n<span class=\"firstname\">Justine<\/span> <span class=\"surname\">Fayolle<\/span><br \/>\n<code class=\"email\">&lt;<a class=\"email\" href=\"mailto: justine.fayolle2@etu.univ-st-etienne.fr\"> justine.fayolle2@etu.univ-st-etienne.fr<\/a>&gt;<\/code><\/p>\n<p><class=\"author\"><br \/>\n<span class=\"firstname\">Ana\u00eblle<\/span> <span class=\"surname\">Joassard<\/span><br \/>\n<code class=\"email\">&lt;<a class=\"email\" href=\"mailto:anaelle.joassard@etu.univ-st-etienne.fr\">anaelle.joassard@etu.univ-st-etienne.fr<\/a>&gt;<\/code><\/p>\n<hr \/>\n<p> &nbsp; <\/p>\n<h3>Table des mati\u00e8res<\/h3>\n<ul class=\"toc\">\n<li><span class=\"sect1\"><a href=\"\/codex\/petites-questions-de-physiologie\/petites-questions-de-physiologie-animale-2019-ouvrage\/le-complexe-hypothalamo-hypophysaire-des-mammiferes-et-son-fonctionnement-introduction#d0e10545\" title=\"Le complexe hypothalamo-hypophysaire des Mammif\u00e8res et son fonctionnement : introduction\">Introduction<\/a><\/span>\n<\/li>\n<li><span class=\"sect1\"><a href=\"\/codex\/petites-questions-de-physiologie\/petites-questions-de-physiologie-animale-2019-ouvrage\/lhypothalamus-et-lhypophyse-deux-organes-agences-en-un-complexe-structural\" title=\"L\u2019hypothalamus et l\u2019hypophyse : deux organes agenc\u00e9s en un complexe structural\">L&rsquo;hypothalamus et l&rsquo;hypophyse : deux organes agenc\u00e9s en un complexe structural<\/a> <\/span>\n<ul>\n<li>\n<span class=\"sect2\"><a href=\"\/codex\/petites-questions-de-physiologie\/petites-questions-de-physiologie-animale-2019-ouvrage\/lhypothalamus-et-lhypophyse-deux-organes-agences-en-un-complexe-structural#d0e10589\" title=\"L'hypothalamus et l'hypophyse : une association du plancher du dienc\u00e9phale et d\u2019une glande endocrine\">L&rsquo;hypothalamus et l&rsquo;hypophyse : une association du plancher du dienc\u00e9phale et d\u2019une glande endocrine<\/a><\/span>\n<\/li>\n<li><span class=\"sect2\"><a href=\"\/codex\/petites-questions-de-physiologie\/petites-questions-de-physiologie-animale-2019-ouvrage\/lhypothalamus-et-lhypophyse-deux-organes-agences-en-un-complexe-structural#d0e10670\" title=\"L\u2019hypothalamus et l\u2019hypophyse : une association de tissu nerveux et de tissu endocrinien\">L\u2019hypothalamus et l\u2019hypophyse : une association de tissu nerveux et de tissu endocrinien<\/a><\/span>\n<\/li>\n<\/ul>\n<\/li>\n<li><span class=\"sect1\"><a href=\"\/codex\/petites-questions-de-physiologie\/petites-questions-de-physiologie-animale-2019-ouvrage\/le-complexe-hypothalamo-neurohypophysaire\" title=\"Le complexe hypothalamo-neurohypophysaire\">Le complexe hypothalamo-neurohypophysaire<\/a><\/span>\n<ul>\n<li><span class=\"sect2\"><a href=\"\/codex\/petites-questions-de-physiologie\/petites-questions-de-physiologie-animale-2019-ouvrage\/le-complexe-hypothalamo-neurohypophysaire#d0e10756\" title=\"L'ocytocine : une hormone neurohypophysaire contr\u00f4lant la fonction reproductrice\">L&rsquo;ocytocine : une hormone neurohypophysaire contr\u00f4lant la fonction reproductrice<\/a><\/span>\n<\/li>\n<li><span class=\"sect2\"><a href=\"\/codex\/petites-questions-de-physiologie\/petites-questions-de-physiologie-animale-2019-ouvrage\/le-complexe-hypothalamo-neurohypophysaire#d0e10782\" title=\"L'hormone antidiur\u00e9tique : une hormone neurohypophysaire contr\u00f4lant l'\u00e9quilibre hydrique et le diam\u00e8tre des vaisseaux sanguins\">L&rsquo;hormone antidiur\u00e9tique : une hormone neurohypophysaire contr\u00f4lant l&rsquo;\u00e9quilibre hydrique et le diam\u00e8tre des vaisseaux sanguins<\/a><\/span>\n<\/li>\n<\/ul>\n<\/li>\n<li><span class=\"sect1\"><a href=\"\/codex\/petites-questions-de-physiologie\/petites-questions-de-physiologie-animale-2019-ouvrage\/le-complexe-hypothalamo-adenohypophysaire-organes-cibles\" title=\"Le complexe hypothalamo-ad\u00e9nohypophysaire-organes cibles\">Le complexe hypothalamo-ad\u00e9nohypophysaire-organes cibles<\/a><\/span>\n<ul>\n<li><span class=\"sect2\"><a href=\"\/codex\/petites-questions-de-physiologie\/petites-questions-de-physiologie-animale-2019-ouvrage\/le-complexe-hypothalamo-adenohypophysaire-organes-cibles#d0e10863\" title=\"La production d'hormones glandulotropes contr\u00f4lant le fonctionnement de glandes endocrines\">La production d&rsquo;hormones glandulotropes contr\u00f4lant le fonctionnement de glandes endocrines<\/a><\/span>\n<\/li>\n<li><span class=\"sect2\"><a href=\"\/codex\/petites-questions-de-physiologie\/petites-questions-de-physiologie-animale-2019-ouvrage\/le-complexe-hypothalamo-adenohypophysaire-organes-cibles#d0e11020\" title=\"La production d'hormones effectrices\">La production d&rsquo;hormones effectrices<\/a><\/span>\n<\/li>\n<\/ul>\n<\/li>\n<li><span class=\"sect1\"><a href=\"\/codex\/petites-questions-de-physiologie\/petites-questions-de-physiologie-animale-2019-ouvrage\/le-complexe-hypothalamo-hypophysaire-des-mammiferes-et-son-fonctionnement-conclusion\" title=\"Le complexe hypothalamo-hypophysaire des Mammif\u00e8res et son fonctionnement : conclusion\">Conclusion<\/a><\/span>\n<\/li>\n<li><span class=\"bibliography\"><a href=\"\/codex\/petites-questions-de-physiologie\/petites-questions-de-physiologie-animale-2019-ouvrage\/le-complexe-hypothalamo-hypophysaire-des-mammiferes-et-son-fonctionnement-bibliographie-et-sitographie\" title=\"Le complexe hypothalamo-hypophysaire des Mammif\u00e8res et son fonctionnement : bibliographie et sitographie\">Bibliographie et sitographie<\/a><\/span>\n<\/li>\n<\/ul>\n<p> &nbsp; <\/p>\n<p><\/span><\/section>\n<section class=\"sect1\" id=\"d0e10545\">\n<h2 class=\"title\" style=\"clear: both\">Introduction<\/h2>\n<p> &nbsp; <\/p>\n<p>Les animaux sont des \u00eatres vivants eucaryotes pluricellulaires, h\u00e9t\u00e9rotrophes et g\u00e9n\u00e9ralement mobiles.<br \/>\nIls sont class\u00e9s en groupes dont les membres partagent des caract\u00e8res communs et dont sont exclus les animaux d\u00e9pourvus de ces caract\u00e8res.<\/p>\n<p>Ainsi, les Vert\u00e9br\u00e9s regroupent des animaux dont le corps est form\u00e9 d&rsquo;une t\u00eate ant\u00e9rieure, d&rsquo;un tronc portant deux paires de membres et d&rsquo;une queue. Il est soutenu par un squelette interne, de nature cartilagineuse ou osseuse, agenc\u00e9 en squelette c\u00e9phalique situ\u00e9 dans la t\u00eate, squelette axial localis\u00e9 dans le tronc et la queue, squelette appendiculaire dans les membres et squelette zonal reliant le squelette appendiculaire au squelette axial. Le squelette axial est form\u00e9 de pi\u00e8ces se succ\u00e9dant le long de l&rsquo;axe ant\u00e9ropost\u00e9rieur, les vert\u00e8bres. Elles constituent une colonne vert\u00e9brale \u00e0 l&rsquo;origine du nom du groupe.<br \/>\nLes Vert\u00e9br\u00e9s sont pr\u00e9sents en milieu aquatique comme en milieu a\u00e9rien. Les Vert\u00e9br\u00e9s aquatiques sont repr\u00e9sent\u00e9s notamment par les T\u00e9l\u00e9ost\u00e9ens et les S\u00e9laciens, et les Vert\u00e9br\u00e9s a\u00e9riens par les Lissamphibiens, les L\u00e9pidosauriens, les Mammif\u00e8res et les Oiseaux entre autres.<\/p>\n<p>Les Mammif\u00e8res sont donc un sous-groupe de Vert\u00e9br\u00e9s \u00e9voluant en milieu a\u00e9rien, comprenant par exemple la Souris, le Rat et l&rsquo;esp\u00e8ce humaine.<br \/>\nIls sont caract\u00e9ris\u00e9s par la pr\u00e9sence de glandes mammaires chez les individus femelles, dont les produits composent un lait servant \u00e0 l&rsquo;alimentation des individus juv\u00e9niles. Le terme Mammif\u00e8re provient de \u00ab mamma \u00bb qui signifie mamelle et de \u00ab ferre \u00bb qui signifie porter. Les Mammif\u00e8res poss\u00e8dent par ailleurs des phan\u00e8res appel\u00e9s poils, un appareil respiratoire pulmonaire ainsi qu&rsquo;un c\u0153ur enti\u00e8rement cloisonn\u00e9 form\u00e9 de deux atriums et deux ventricules.<\/p>\n<p>L&rsquo;organisme des Mammif\u00e8res est constitu\u00e9 d&rsquo;appareils sp\u00e9cialis\u00e9s comme l&rsquo;appareil respiratoire r\u00e9alisant les \u00e9changes de gaz respiratoires avec le milieu, l&rsquo;appareil digestif responsable de la fonction d&rsquo;alimentation, l&rsquo;appareil excr\u00e9teur assurant l&rsquo;\u00e9limination d&rsquo;urine contenant une grande partie des d\u00e9chets du m\u00e9tabolisme, l&rsquo;appareil reproducteur impliqu\u00e9 dans la production d&rsquo;une descendance pour ne citer que quelques exemples.<br \/>\nLeurs activit\u00e9s sont contr\u00f4l\u00e9es et coordonn\u00e9es par deux dispositifs anatomiques compl\u00e9mentaires, supports des fonctions de relation, le syst\u00e8me nerveux et le syst\u00e8me endocrinien.<\/p>\n<p>Le syst\u00e8me nerveux est agenc\u00e9 en un syst\u00e8me nerveux central, repr\u00e9sent\u00e9 par l&rsquo;enc\u00e9phale, la moelle \u00e9pini\u00e8re et les organes sensoriels c\u00e9phaliques, et un syst\u00e8me nerveux p\u00e9riph\u00e9rique comportant les nerfs, les ganglions nerveux et les r\u00e9cepteurs sensoriels p\u00e9riph\u00e9riques.<br \/>\nIl est form\u00e9 de cellules nerveuses, les neurones, dont la propri\u00e9t\u00e9 fondamentale est l&rsquo;excitabilit\u00e9, capacit\u00e9 \u00e0 r\u00e9pondre \u00e0 une stimulation par la production d&rsquo;un influx nerveux.<br \/>\nLes neurones sont organis\u00e9s en un r\u00e9seau pr\u00e9sent dans tout l&rsquo;organisme, conduisant les influx nerveux de proche en proche des centres nerveux aux organes et inversement.<\/p>\n<p>Le syst\u00e8me endocrinien est constitu\u00e9 de cellules s\u00e9cr\u00e9trices group\u00e9es en glandes, en unit\u00e9s s\u00e9cr\u00e9trices, voire isol\u00e9es. Elles synth\u00e9tisent des mol\u00e9cules informatives, les hormones, d\u00e9vers\u00e9es dans l&rsquo;appareil circulatoire. Le sang en assure la distribution dans l&rsquo;organisme.<br \/>\nLes hormones modulent l&rsquo;activit\u00e9 des cellules qui y sont sensibles, appel\u00e9es cellules cibles.<\/p>\n<p>Syst\u00e8me nerveux et syst\u00e8me endocrinien assurent ainsi le transfert d&rsquo;informations dans l&rsquo;organisme, le premier par conduction de proche en proche, processus relativement rapide, et le second par voie circulatoire, processus plut\u00f4t lent. <\/p>\n<p>Quelles relations existent entre syst\u00e8me nerveux et syst\u00e8me endocrinien chez les Mammif\u00e8res ?<\/p>\n<p>Comment leurs fonctionnements sont-ils eux-m\u00eames coordonn\u00e9s ?<\/p>\n<\/section>\n<p> &nbsp; <\/p>\n<footer>\n<hr \/>\n<table style=\"width: 100%; \">\n<tr>\n<td style=\"width: 40%; text-align: left; \">\n<a href=\"\/codex\/petites-questions-de-physiologie\/petites-questions-de-physiologie-animale-2019-ouvrage\/vivre-fixe-a-partir-de-lexemple-des-eumollusques-bibliographie-et-sitographie\" title=\"Vivre fix\u00e9 \u00e0 partir de l\u2019exemple des Eumollusques : bibliographie et sitographie\">Pr\u00e9c\u00e9dent<\/a>\u00a0\n<\/td>\n<td style=\"width: 20%; text-align: center; \">\u00a0\n<\/td>\n<td style=\"width: 40%; text-align: right; \">\n<a href=\"\/codex\/petites-questions-de-physiologie\/petites-questions-de-physiologie-animale-2019-ouvrage\/lhypothalamus-et-lhypophyse-deux-organes-agences-en-un-complexe-structural\" title=\"L\u2019hypothalamus et l\u2019hypophyse : deux organes agenc\u00e9s en un complexe structural\">Suivant<\/a>\n<\/td>\n<\/tr>\n<tr>\n<td style=\"width: 40%; text-align: left; vertical-align: top; \">Bibliographie et sitographie\u00a0<\/td>\n<td style=\"width: 20%; text-align: center; \">\n<a href=\"https:\/\/codexvirtualis.fr\/codex\/petites-questions-de-physiologie\/petites-questions-de-physiologie-animale-2019-ouvrage\" title=\"Petites questions de physiologie animale 2019 : ouvrage\">Sommaire<\/a>\n<\/td>\n<td style=\"width: 40%; text-align: right; vertical-align: top; \">\u00a0L&rsquo;hypothalamus et l&rsquo;hypophyse : deux organes agenc\u00e9s en un complexe structural <\/td>\n<\/tr>\n<\/table>\n<\/footer>\n","protected":false},"excerpt":{"rendered":"<p>Le complexe hypothalamo-hypophysaire des Mammif\u00e8res et son fonctionnement Pr\u00e9c\u00e9dent\u00a0 \u00a0 \u00a0Suivant &nbsp; Eva Brunon &lt;eva.brunon@etu.univ-st-etienne.fr&gt; Pauline Defour &lt;pauline.defour2@etu.univ-st-etienne.fr&gt; Justine Fayolle &lt; justine.fayolle2@etu.univ-st-etienne.fr&gt; Ana\u00eblle Joassard &lt;anaelle.joassard@etu.univ-st-etienne.fr&gt; &nbsp; Table des mati\u00e8res Introduction L&rsquo;hypothalamus et l&rsquo;hypophyse : deux organes agenc\u00e9s en un complexe structural L&rsquo;hypothalamus et l&rsquo;hypophyse : une association du plancher du dienc\u00e9phale et d\u2019une glande endocrine [&hellip;]<\/p>\n","protected":false},"author":2,"featured_media":0,"parent":13169,"menu_order":67,"comment_status":"closed","ping_status":"closed","template":"","meta":{"site-sidebar-layout":"default","site-content-layout":"","ast-site-content-layout":"default","site-content-style":"default","site-sidebar-style":"default","ast-global-header-display":"","ast-banner-title-visibility":"","ast-main-header-display":"","ast-hfb-above-header-display":"","ast-hfb-below-header-display":"","ast-hfb-mobile-header-display":"","site-post-title":"","ast-breadcrumbs-content":"","ast-featured-img":"","footer-sml-layout":"","ast-disable-related-posts":"","theme-transparent-header-meta":"","adv-header-id-meta":"","stick-header-meta":"","header-above-stick-meta":"","header-main-stick-meta":"","header-below-stick-meta":"","astra-migrate-meta-layouts":"default","ast-page-background-enabled":"default","ast-page-background-meta":{"desktop":{"background-color":"var(--ast-global-color-4)","background-image":"","background-repeat":"repeat","background-position":"center center","background-size":"auto","background-attachment":"scroll","background-type":"","background-media":"","overlay-type":"","overlay-color":"","overlay-opacity":"","overlay-gradient":""},"tablet":{"background-color":"","background-image":"","background-repeat":"repeat","background-position":"center center","background-size":"auto","background-attachment":"scroll","background-type":"","background-media":"","overlay-type":"","overlay-color":"","overlay-opacity":"","overlay-gradient":""},"mobile":{"background-color":"","background-image":"","background-repeat":"repeat","background-position":"center center","background-size":"auto","background-attachment":"scroll","background-type":"","background-media":"","overlay-type":"","overlay-color":"","overlay-opacity":"","overlay-gradient":""}},"ast-content-background-meta":{"desktop":{"background-color":"var(--ast-global-color-5)","background-image":"","background-repeat":"repeat","background-position":"center center","background-size":"auto","background-attachment":"scroll","background-type":"","background-media":"","overlay-type":"","overlay-color":"","overlay-opacity":"","overlay-gradient":""},"tablet":{"background-color":"var(--ast-global-color-5)","background-image":"","background-repeat":"repeat","background-position":"center center","background-size":"auto","background-attachment":"scroll","background-type":"","background-media":"","overlay-type":"","overlay-color":"","overlay-opacity":"","overlay-gradient":""},"mobile":{"background-color":"var(--ast-global-color-5)","background-image":"","background-repeat":"repeat","background-position":"center center","background-size":"auto","background-attachment":"scroll","background-type":"","background-media":"","overlay-type":"","overlay-color":"","overlay-opacity":"","overlay-gradient":""}},"footnotes":""},"class_list":["post-14149","page","type-page","status-publish","hentry"],"aioseo_notices":[],"jetpack_sharing_enabled":true,"_links":{"self":[{"href":"https:\/\/codexvirtualis.fr\/codex\/wp-json\/wp\/v2\/pages\/14149","targetHints":{"allow":["GET"]}}],"collection":[{"href":"https:\/\/codexvirtualis.fr\/codex\/wp-json\/wp\/v2\/pages"}],"about":[{"href":"https:\/\/codexvirtualis.fr\/codex\/wp-json\/wp\/v2\/types\/page"}],"author":[{"embeddable":true,"href":"https:\/\/codexvirtualis.fr\/codex\/wp-json\/wp\/v2\/users\/2"}],"replies":[{"embeddable":true,"href":"https:\/\/codexvirtualis.fr\/codex\/wp-json\/wp\/v2\/comments?post=14149"}],"version-history":[{"count":6,"href":"https:\/\/codexvirtualis.fr\/codex\/wp-json\/wp\/v2\/pages\/14149\/revisions"}],"predecessor-version":[{"id":14186,"href":"https:\/\/codexvirtualis.fr\/codex\/wp-json\/wp\/v2\/pages\/14149\/revisions\/14186"}],"up":[{"embeddable":true,"href":"https:\/\/codexvirtualis.fr\/codex\/wp-json\/wp\/v2\/pages\/13169"}],"wp:attachment":[{"href":"https:\/\/codexvirtualis.fr\/codex\/wp-json\/wp\/v2\/media?parent=14149"}],"curies":[{"name":"wp","href":"https:\/\/api.w.org\/{rel}","templated":true}]}}